{"id":98,"date":"2025-06-08T16:00:01","date_gmt":"2025-06-08T16:00:01","guid":{"rendered":"https:\/\/merkim.com.tr\/merkim-maket\/?post_type=product&#038;p=98"},"modified":"2025-06-10T12:55:06","modified_gmt":"2025-06-10T12:55:06","slug":"two-person-minor-surgery-pack-kucuk-cerrahi-islemler-icin-cift-kisilik-egitim-seti","status":"publish","type":"product","link":"https:\/\/merkim.com.tr\/merkim-maket\/urun\/two-person-minor-surgery-pack-kucuk-cerrahi-islemler-icin-cift-kisilik-egitim-seti\/","title":{"rendered":"Two Person Minor Surgery Pack | K\u00fc\u00e7\u00fck Cerrahi \u0130\u015flemler \u0130\u00e7in \u00c7ift Ki\u015filik E\u011fitim Seti"},"content":{"rendered":"<p class=\"ds-markdown-paragraph\"><strong>Limbs &amp; Things Two Person Minor Surgery Pack<\/strong>, Royal College of General Practitioners (RCGP) i\u015fbirli\u011fiyle geli\u015ftirilmi\u015f,\u00a0<strong>k\u00fc\u00e7\u00fck cerrahi i\u015flemlerin \u00e7ift ki\u015filik e\u011fitimini<\/strong>\u00a0sa\u011flamak i\u00e7in \u00f6zel olarak tasarlanm\u0131\u015f premium bir e\u011fitim setidir. Bu kapsaml\u0131 set,\u00a0<strong>pratisyen hekimler, cerrahi asistanlar ve t\u0131p \u00f6\u011frencileri<\/strong>\u00a0i\u00e7in temel cerrahi becerilerin geli\u015ftirilmesinde ideal bir \u00e7\u00f6z\u00fcmd\u00fcr.<\/p>\n<h4><strong>\u00dcst\u00fcn \u00d6zellikler ve Avantajlar<\/strong><\/h4>\n<p class=\"ds-markdown-paragraph\">\u2714\u00a0<strong>RCGP Onayl\u0131 Profesyonel E\u011fitim:<\/strong><\/p>\n<ul>\n<li>\n<p class=\"ds-markdown-paragraph\"><strong>Royal College of General Practitioners<\/strong>\u00a0taraf\u0131ndan onaylanm\u0131\u015f i\u00e7erik ve e\u011fitim metodolojisi.<\/p>\n<\/li>\n<li>\n<p class=\"ds-markdown-paragraph\"><strong>\u00c7ift ki\u015filik \u00e7al\u0131\u015fma<\/strong>\u00a0imkan\u0131 ile ekip halinde cerrahi beceri geli\u015ftirme.<\/p>\n<\/li>\n<\/ul>\n<p class=\"ds-markdown-paragraph\">\u2714\u00a0<strong>Kapsaml\u0131 Cerrahi Sim\u00fclasyon:<\/strong><\/p>\n<ul>\n<li>\n<p class=\"ds-markdown-paragraph\"><strong>Skin Pad Jig Mk 3<\/strong>\u00a0ve\u00a0<strong>Toe Jig<\/strong>\u00a0ile uyumlu kullan\u0131m (\u00fcr\u00fcnlere ayr\u0131ca sat\u0131n al\u0131nabilir).<\/p>\n<\/li>\n<li>\n<p class=\"ds-markdown-paragraph\"><strong>Temel cerrahi pedler<\/strong>\u00a0i\u00e7erir:<\/p>\n<ul>\n<li>\n<p class=\"ds-markdown-paragraph\">Yara kapatma ve diki\u015f atma prati\u011fi<\/p>\n<\/li>\n<li>\n<p class=\"ds-markdown-paragraph\">K\u00fc\u00e7\u00fck cerrahi kesiler ve eksizyonlar<\/p>\n<\/li>\n<li>\n<p class=\"ds-markdown-paragraph\">Deri lezyonlar\u0131n\u0131n \u00e7\u0131kar\u0131lmas\u0131<\/p>\n<\/li>\n<\/ul>\n<\/li>\n<\/ul>\n<p class=\"ds-markdown-paragraph\">\u2714\u00a0<strong>Ger\u00e7ek\u00e7i ve G\u00fcvenli Tasar\u0131m:<\/strong><\/p>\n<ul>\n<li>\n<p class=\"ds-markdown-paragraph\"><strong>Latex i\u00e7ermeyen<\/strong>\u00a0malzemeler ile g\u00fcvenli e\u011fitim.<\/p>\n<\/li>\n<li>\n<p class=\"ds-markdown-paragraph\"><strong>Dayan\u0131kl\u0131 ve tekrar kullan\u0131labilir<\/strong>\u00a0pedler.<\/p>\n<\/li>\n<li>\n<p class=\"ds-markdown-paragraph\"><strong>Ger\u00e7ek doku direnci<\/strong>\u00a0sa\u011flayan yap\u0131.<\/p>\n<\/li>\n<\/ul>\n<p class=\"ds-markdown-paragraph\">\u2714\u00a0<strong>E\u011fitimde Verimlilik:<\/strong><\/p>\n<ul>\n<li>\n<p class=\"ds-markdown-paragraph\"><strong>Pratisyen hekimlerin<\/strong>\u00a0k\u00fc\u00e7\u00fck cerrahi i\u015flemlerde uzmanla\u015fmas\u0131n\u0131 sa\u011flar.<\/p>\n<\/li>\n<li>\n<p class=\"ds-markdown-paragraph\"><strong>T\u0131p \u00f6\u011frencilerinin<\/strong>\u00a0klinik becerilerini geli\u015ftirir.<\/p>\n<\/li>\n<li>\n<p class=\"ds-markdown-paragraph\"><strong>Ekip \u00e7al\u0131\u015fmas\u0131na uygun<\/strong>\u00a0tasar\u0131m ile ger\u00e7ek klinik ortam sim\u00fclasyonu.<\/p>\n<\/li>\n<\/ul>\n<h4><strong>Kazan\u0131lan Beceriler<\/strong><\/h4>\n<ul>\n<li>\n<p class=\"ds-markdown-paragraph\"><strong>Temel cerrahi kesi ve diki\u015f teknikleri.<\/strong><\/p>\n<\/li>\n<li>\n<p class=\"ds-markdown-paragraph\"><strong>Deri lezyonlar\u0131n\u0131n eksizyonu.<\/strong><\/p>\n<\/li>\n<li>\n<p class=\"ds-markdown-paragraph\"><strong>Yara kapatma ve pansuman uygulamalar\u0131.<\/strong><\/p>\n<\/li>\n<li>\n<p class=\"ds-markdown-paragraph\"><strong>Cerrahi ekipman kullan\u0131m\u0131 ve steril teknikler.<\/strong><\/p>\n<\/li>\n<\/ul>\n","protected":false},"excerpt":{"rendered":"<p><strong>Two Person Minor Surgery Pack<\/strong>, k\u00fc\u00e7\u00fck cerrahi i\u015flemlerin \u00e7ift ki\u015filik e\u011fitimi i\u00e7in RCGP onayl\u0131 premium bir set. Skin Pad Jig Mk 3 ve Toe Jig uyumlu, latex i\u00e7ermeyen pedlerle temel cerrahi becerilerinizi geli\u015ftirin.<\/p>\n","protected":false},"featured_media":99,"comment_status":"open","ping_status":"closed","template":"","meta":[],"product_brand":[129],"product_cat":[15,523,485,522,130,128],"product_tag":[324,321,297,320,301,323,268,322,325,270],"class_list":{"0":"post-98","1":"product","2":"type-product","3":"status-publish","4":"has-post-thumbnail","6":"product_brand-limbs-things","7":"product_cat-genel","8":"product_cat-acil-tip","9":"product_cat-anestezi","10":"product_cat-dermatoloji","11":"product_cat-nursing","12":"product_cat-limbs-things","13":"product_tag-cerrahi-beceri-gelistirme","14":"product_tag-cift-kisilik-cerrahi-simulator","15":"product_tag-dikis-atma-egitimi","16":"product_tag-kucuk-cerrahi-egitim-seti","17":"product_tag-latex-free-tip-malzemesi","18":"product_tag-lezyon-eksizyonu","19":"product_tag-limbs-things","20":"product_tag-rcgp-onayli","21":"product_tag-skin-pad-jig-uyumlu","22":"product_tag-tip-ogrenci-ekipmanlari","24":"first","25":"instock","26":"shipping-taxable","27":"product-type-simple"},"yoast_head":"<!-- This site is optimized with the Yoast SEO plugin v25.2 - https:\/\/yoast.com\/wordpress\/plugins\/seo\/ -->\n<title>Two Person Minor Surgery Pack | K\u00fc\u00e7\u00fck Cerrahi \u0130\u015flemler \u0130\u00e7in \u00c7ift Ki\u015filik E\u011fitim Seti - Merkim Maket<\/title>\n<meta name=\"description\" content=\"RCGP Onayl\u0131 Two Person Minor Surgery Pack ile \u00e7ift ki\u015filik cerrahi e\u011fitim! Skin Pad Jig Mk 3 ve Toe Jig uyumlu, latex i\u00e7ermeyen pedler. Hemen inceleyin.\" \/>\n<meta name=\"robots\" content=\"index, follow, max-snippet:-1, max-image-preview:large, max-video-preview:-1\" \/>\n<link rel=\"canonical\" href=\"https:\/\/merkim.com.tr\/merkim-maket\/urun\/two-person-minor-surgery-pack-kucuk-cerrahi-islemler-icin-cift-kisilik-egitim-seti\/\" \/>\n<meta property=\"og:locale\" content=\"tr_TR\" \/>\n<meta property=\"og:type\" content=\"article\" \/>\n<meta property=\"og:title\" content=\"Two Person Minor Surgery Pack | K\u00fc\u00e7\u00fck Cerrahi \u0130\u015flemler \u0130\u00e7in \u00c7ift Ki\u015filik E\u011fitim Seti - Merkim Maket\" \/>\n<meta property=\"og:description\" content=\"RCGP Onayl\u0131 Two Person Minor Surgery Pack ile \u00e7ift ki\u015filik cerrahi e\u011fitim! Skin Pad Jig Mk 3 ve Toe Jig uyumlu, latex i\u00e7ermeyen pedler. Hemen inceleyin.\" \/>\n<meta property=\"og:url\" content=\"https:\/\/merkim.com.tr\/merkim-maket\/urun\/two-person-minor-surgery-pack-kucuk-cerrahi-islemler-icin-cift-kisilik-egitim-seti\/\" \/>\n<meta property=\"og:site_name\" content=\"Merkim Maket\" \/>\n<meta property=\"article:modified_time\" content=\"2025-06-10T12:55:06+00:00\" \/>\n<meta property=\"og:image\" content=\"https:\/\/merkim.com.tr\/merkim-maket\/wp-content\/uploads\/2025\/06\/two-person-minor-surgery-pack-cift-kisilik-cerrahi-egitim-seti-limbs-and-things.png\" \/>\n\t<meta property=\"og:image:width\" content=\"800\" \/>\n\t<meta property=\"og:image:height\" content=\"800\" \/>\n\t<meta property=\"og:image:type\" content=\"image\/png\" \/>\n<meta name=\"twitter:card\" content=\"summary_large_image\" \/>\n<meta name=\"twitter:label1\" content=\"Tahmini okuma s\u00fcresi\" \/>\n\t<meta name=\"twitter:data1\" content=\"2 dakika\" \/>\n<script type=\"application\/ld+json\" class=\"yoast-schema-graph\">{\"@context\":\"https:\/\/schema.org\",\"@graph\":[{\"@type\":\"WebPage\",\"@id\":\"https:\/\/merkim.com.tr\/merkim-maket\/urun\/two-person-minor-surgery-pack-kucuk-cerrahi-islemler-icin-cift-kisilik-egitim-seti\/\",\"url\":\"https:\/\/merkim.com.tr\/merkim-maket\/urun\/two-person-minor-surgery-pack-kucuk-cerrahi-islemler-icin-cift-kisilik-egitim-seti\/\",\"name\":\"Two Person Minor Surgery Pack | K\u00fc\u00e7\u00fck Cerrahi \u0130\u015flemler \u0130\u00e7in \u00c7ift Ki\u015filik E\u011fitim Seti - Merkim Maket\",\"isPartOf\":{\"@id\":\"https:\/\/merkim.com.tr\/merkim-maket\/#website\"},\"primaryImageOfPage\":{\"@id\":\"https:\/\/merkim.com.tr\/merkim-maket\/urun\/two-person-minor-surgery-pack-kucuk-cerrahi-islemler-icin-cift-kisilik-egitim-seti\/#primaryimage\"},\"image\":{\"@id\":\"https:\/\/merkim.com.tr\/merkim-maket\/urun\/two-person-minor-surgery-pack-kucuk-cerrahi-islemler-icin-cift-kisilik-egitim-seti\/#primaryimage\"},\"thumbnailUrl\":\"https:\/\/merkim.com.tr\/merkim-maket\/wp-content\/uploads\/2025\/06\/two-person-minor-surgery-pack-cift-kisilik-cerrahi-egitim-seti-limbs-and-things.png\",\"datePublished\":\"2025-06-08T16:00:01+00:00\",\"dateModified\":\"2025-06-10T12:55:06+00:00\",\"description\":\"RCGP Onayl\u0131 Two Person Minor Surgery Pack ile \u00e7ift ki\u015filik cerrahi e\u011fitim! Skin Pad Jig Mk 3 ve Toe Jig uyumlu, latex i\u00e7ermeyen pedler. Hemen inceleyin.\",\"breadcrumb\":{\"@id\":\"https:\/\/merkim.com.tr\/merkim-maket\/urun\/two-person-minor-surgery-pack-kucuk-cerrahi-islemler-icin-cift-kisilik-egitim-seti\/#breadcrumb\"},\"inLanguage\":\"tr\",\"potentialAction\":[{\"@type\":\"ReadAction\",\"target\":[\"https:\/\/merkim.com.tr\/merkim-maket\/urun\/two-person-minor-surgery-pack-kucuk-cerrahi-islemler-icin-cift-kisilik-egitim-seti\/\"]}]},{\"@type\":\"ImageObject\",\"inLanguage\":\"tr\",\"@id\":\"https:\/\/merkim.com.tr\/merkim-maket\/urun\/two-person-minor-surgery-pack-kucuk-cerrahi-islemler-icin-cift-kisilik-egitim-seti\/#primaryimage\",\"url\":\"https:\/\/merkim.com.tr\/merkim-maket\/wp-content\/uploads\/2025\/06\/two-person-minor-surgery-pack-cift-kisilik-cerrahi-egitim-seti-limbs-and-things.png\",\"contentUrl\":\"https:\/\/merkim.com.tr\/merkim-maket\/wp-content\/uploads\/2025\/06\/two-person-minor-surgery-pack-cift-kisilik-cerrahi-egitim-seti-limbs-and-things.png\",\"width\":800,\"height\":800,\"caption\":\"Skin Pad Jig Mk 3 ve Toe Jig uyumlu, latex i\u00e7ermeyen pedler\"},{\"@type\":\"BreadcrumbList\",\"@id\":\"https:\/\/merkim.com.tr\/merkim-maket\/urun\/two-person-minor-surgery-pack-kucuk-cerrahi-islemler-icin-cift-kisilik-egitim-seti\/#breadcrumb\",\"itemListElement\":[{\"@type\":\"ListItem\",\"position\":1,\"name\":\"Anasayfa\",\"item\":\"https:\/\/merkim.com.tr\/merkim-maket\/\"},{\"@type\":\"ListItem\",\"position\":2,\"name\":\"Ma\u011faza\",\"item\":\"https:\/\/merkim.com.tr\/merkim-maket\/magaza\/\"},{\"@type\":\"ListItem\",\"position\":3,\"name\":\"Two Person Minor Surgery Pack | K\u00fc\u00e7\u00fck Cerrahi \u0130\u015flemler \u0130\u00e7in \u00c7ift Ki\u015filik E\u011fitim Seti\"}]},{\"@type\":\"WebSite\",\"@id\":\"https:\/\/merkim.com.tr\/merkim-maket\/#website\",\"url\":\"https:\/\/merkim.com.tr\/merkim-maket\/\",\"name\":\"Merkim Maket\",\"description\":\"\",\"potentialAction\":[{\"@type\":\"SearchAction\",\"target\":{\"@type\":\"EntryPoint\",\"urlTemplate\":\"https:\/\/merkim.com.tr\/merkim-maket\/?s={search_term_string}\"},\"query-input\":{\"@type\":\"PropertyValueSpecification\",\"valueRequired\":true,\"valueName\":\"search_term_string\"}}],\"inLanguage\":\"tr\"}]}<\/script>\n<!-- \/ Yoast SEO plugin. -->","yoast_head_json":{"title":"Two Person Minor Surgery Pack | K\u00fc\u00e7\u00fck Cerrahi \u0130\u015flemler \u0130\u00e7in \u00c7ift Ki\u015filik E\u011fitim Seti - Merkim Maket","description":"RCGP Onayl\u0131 Two Person Minor Surgery Pack ile \u00e7ift ki\u015filik cerrahi e\u011fitim! Skin Pad Jig Mk 3 ve Toe Jig uyumlu, latex i\u00e7ermeyen pedler. Hemen inceleyin.","robots":{"index":"index","follow":"follow","max-snippet":"max-snippet:-1","max-image-preview":"max-image-preview:large","max-video-preview":"max-video-preview:-1"},"canonical":"https:\/\/merkim.com.tr\/merkim-maket\/urun\/two-person-minor-surgery-pack-kucuk-cerrahi-islemler-icin-cift-kisilik-egitim-seti\/","og_locale":"tr_TR","og_type":"article","og_title":"Two Person Minor Surgery Pack | K\u00fc\u00e7\u00fck Cerrahi \u0130\u015flemler \u0130\u00e7in \u00c7ift Ki\u015filik E\u011fitim Seti - Merkim Maket","og_description":"RCGP Onayl\u0131 Two Person Minor Surgery Pack ile \u00e7ift ki\u015filik cerrahi e\u011fitim! Skin Pad Jig Mk 3 ve Toe Jig uyumlu, latex i\u00e7ermeyen pedler. Hemen inceleyin.","og_url":"https:\/\/merkim.com.tr\/merkim-maket\/urun\/two-person-minor-surgery-pack-kucuk-cerrahi-islemler-icin-cift-kisilik-egitim-seti\/","og_site_name":"Merkim Maket","article_modified_time":"2025-06-10T12:55:06+00:00","og_image":[{"width":800,"height":800,"url":"https:\/\/merkim.com.tr\/merkim-maket\/wp-content\/uploads\/2025\/06\/two-person-minor-surgery-pack-cift-kisilik-cerrahi-egitim-seti-limbs-and-things.png","type":"image\/png"}],"twitter_card":"summary_large_image","twitter_misc":{"Tahmini okuma s\u00fcresi":"2 dakika"},"schema":{"@context":"https:\/\/schema.org","@graph":[{"@type":"WebPage","@id":"https:\/\/merkim.com.tr\/merkim-maket\/urun\/two-person-minor-surgery-pack-kucuk-cerrahi-islemler-icin-cift-kisilik-egitim-seti\/","url":"https:\/\/merkim.com.tr\/merkim-maket\/urun\/two-person-minor-surgery-pack-kucuk-cerrahi-islemler-icin-cift-kisilik-egitim-seti\/","name":"Two Person Minor Surgery Pack | K\u00fc\u00e7\u00fck Cerrahi \u0130\u015flemler \u0130\u00e7in \u00c7ift Ki\u015filik E\u011fitim Seti - Merkim Maket","isPartOf":{"@id":"https:\/\/merkim.com.tr\/merkim-maket\/#website"},"primaryImageOfPage":{"@id":"https:\/\/merkim.com.tr\/merkim-maket\/urun\/two-person-minor-surgery-pack-kucuk-cerrahi-islemler-icin-cift-kisilik-egitim-seti\/#primaryimage"},"image":{"@id":"https:\/\/merkim.com.tr\/merkim-maket\/urun\/two-person-minor-surgery-pack-kucuk-cerrahi-islemler-icin-cift-kisilik-egitim-seti\/#primaryimage"},"thumbnailUrl":"https:\/\/merkim.com.tr\/merkim-maket\/wp-content\/uploads\/2025\/06\/two-person-minor-surgery-pack-cift-kisilik-cerrahi-egitim-seti-limbs-and-things.png","datePublished":"2025-06-08T16:00:01+00:00","dateModified":"2025-06-10T12:55:06+00:00","description":"RCGP Onayl\u0131 Two Person Minor Surgery Pack ile \u00e7ift ki\u015filik cerrahi e\u011fitim! Skin Pad Jig Mk 3 ve Toe Jig uyumlu, latex i\u00e7ermeyen pedler. Hemen inceleyin.","breadcrumb":{"@id":"https:\/\/merkim.com.tr\/merkim-maket\/urun\/two-person-minor-surgery-pack-kucuk-cerrahi-islemler-icin-cift-kisilik-egitim-seti\/#breadcrumb"},"inLanguage":"tr","potentialAction":[{"@type":"ReadAction","target":["https:\/\/merkim.com.tr\/merkim-maket\/urun\/two-person-minor-surgery-pack-kucuk-cerrahi-islemler-icin-cift-kisilik-egitim-seti\/"]}]},{"@type":"ImageObject","inLanguage":"tr","@id":"https:\/\/merkim.com.tr\/merkim-maket\/urun\/two-person-minor-surgery-pack-kucuk-cerrahi-islemler-icin-cift-kisilik-egitim-seti\/#primaryimage","url":"https:\/\/merkim.com.tr\/merkim-maket\/wp-content\/uploads\/2025\/06\/two-person-minor-surgery-pack-cift-kisilik-cerrahi-egitim-seti-limbs-and-things.png","contentUrl":"https:\/\/merkim.com.tr\/merkim-maket\/wp-content\/uploads\/2025\/06\/two-person-minor-surgery-pack-cift-kisilik-cerrahi-egitim-seti-limbs-and-things.png","width":800,"height":800,"caption":"Skin Pad Jig Mk 3 ve Toe Jig uyumlu, latex i\u00e7ermeyen pedler"},{"@type":"BreadcrumbList","@id":"https:\/\/merkim.com.tr\/merkim-maket\/urun\/two-person-minor-surgery-pack-kucuk-cerrahi-islemler-icin-cift-kisilik-egitim-seti\/#breadcrumb","itemListElement":[{"@type":"ListItem","position":1,"name":"Anasayfa","item":"https:\/\/merkim.com.tr\/merkim-maket\/"},{"@type":"ListItem","position":2,"name":"Ma\u011faza","item":"https:\/\/merkim.com.tr\/merkim-maket\/magaza\/"},{"@type":"ListItem","position":3,"name":"Two Person Minor Surgery Pack | K\u00fc\u00e7\u00fck Cerrahi \u0130\u015flemler \u0130\u00e7in \u00c7ift Ki\u015filik E\u011fitim Seti"}]},{"@type":"WebSite","@id":"https:\/\/merkim.com.tr\/merkim-maket\/#website","url":"https:\/\/merkim.com.tr\/merkim-maket\/","name":"Merkim Maket","description":"","potentialAction":[{"@type":"SearchAction","target":{"@type":"EntryPoint","urlTemplate":"https:\/\/merkim.com.tr\/merkim-maket\/?s={search_term_string}"},"query-input":{"@type":"PropertyValueSpecification","valueRequired":true,"valueName":"search_term_string"}}],"inLanguage":"tr"}]}},"_links":{"self":[{"href":"https:\/\/merkim.com.tr\/merkim-maket\/wp-json\/wp\/v2\/product\/98","targetHints":{"allow":["GET"]}}],"collection":[{"href":"https:\/\/merkim.com.tr\/merkim-maket\/wp-json\/wp\/v2\/product"}],"about":[{"href":"https:\/\/merkim.com.tr\/merkim-maket\/wp-json\/wp\/v2\/types\/product"}],"replies":[{"embeddable":true,"href":"https:\/\/merkim.com.tr\/merkim-maket\/wp-json\/wp\/v2\/comments?post=98"}],"wp:featuredmedia":[{"embeddable":true,"href":"https:\/\/merkim.com.tr\/merkim-maket\/wp-json\/wp\/v2\/media\/99"}],"wp:attachment":[{"href":"https:\/\/merkim.com.tr\/merkim-maket\/wp-json\/wp\/v2\/media?parent=98"}],"wp:term":[{"taxonomy":"product_brand","embeddable":true,"href":"https:\/\/merkim.com.tr\/merkim-maket\/wp-json\/wp\/v2\/product_brand?post=98"},{"taxonomy":"product_cat","embeddable":true,"href":"https:\/\/merkim.com.tr\/merkim-maket\/wp-json\/wp\/v2\/product_cat?post=98"},{"taxonomy":"product_tag","embeddable":true,"href":"https:\/\/merkim.com.tr\/merkim-maket\/wp-json\/wp\/v2\/product_tag?post=98"}],"curies":[{"name":"wp","href":"https:\/\/api.w.org\/{rel}","templated":true}]}}