{"id":91,"date":"2025-06-08T15:05:22","date_gmt":"2025-06-08T15:05:22","guid":{"rendered":"https:\/\/merkim.com.tr\/merkim-maket\/?post_type=product&#038;p=91"},"modified":"2025-06-10T12:54:26","modified_gmt":"2025-06-10T12:54:26","slug":"wound-closure-pad-small-pack-of-12-light-skin-tone-yara-kapatma-ve-dikis-atma-egitim-seti","status":"publish","type":"product","link":"https:\/\/merkim.com.tr\/merkim-maket\/urun\/wound-closure-pad-small-pack-of-12-light-skin-tone-yara-kapatma-ve-dikis-atma-egitim-seti\/","title":{"rendered":"Wound Closure Pad &#8211; Small (Pack of 12, Light Skin Tone) | Yara Kapatma ve Diki\u015f Atma E\u011fitim Seti"},"content":{"rendered":"<p class=\"ds-markdown-paragraph\"><strong>Limbs &amp; Things Wound Closure Pad<\/strong>, t\u0131p \u00f6\u011frencileri, cerrahi asistanlar ve sa\u011fl\u0131k profesyonelleri i\u00e7in\u00a0<strong>yara kapatma, diki\u015f atma ve cilt yap\u0131\u015ft\u0131r\u0131c\u0131 uygulama<\/strong>\u00a0becerilerini geli\u015ftirmek \u00fczere tasarlanm\u0131\u015f ekonomik ve kullan\u0131\u015fl\u0131 bir e\u011fitim sim\u00fclat\u00f6r\u00fcd\u00fcr. 12 adetlik paket halinde sunulan bu \u00fcr\u00fcn,\u00a0<strong>temel cerrahi becerilerin<\/strong>\u00a0\u00f6\u011fretilmesi i\u00e7in idealdir.<\/p>\n<h4><strong>\u00dcst\u00fcn \u00d6zellikler ve Avantajlar<\/strong><\/h4>\n<p class=\"ds-markdown-paragraph\">\u2714\u00a0<strong>Ger\u00e7ek\u00e7i Yara Kapatma Deneyimi:<\/strong><\/p>\n<ul>\n<li>\n<p class=\"ds-markdown-paragraph\"><strong>125mm x 72mm<\/strong>\u00a0boyutlar\u0131yla k\u00fc\u00e7\u00fck kesiler ve yaralar i\u00e7in uygundur.<\/p>\n<\/li>\n<li>\n<p class=\"ds-markdown-paragraph\"><strong>T\u00fcm major cilt yap\u0131\u015ft\u0131r\u0131c\u0131lar\u0131yla<\/strong>\u00a0uyumlu \u00e7al\u0131\u015f\u0131r.<\/p>\n<\/li>\n<li>\n<p class=\"ds-markdown-paragraph\"><strong>Latex i\u00e7ermeyen<\/strong>\u00a0g\u00fcvenli malzeme yap\u0131s\u0131.<\/p>\n<\/li>\n<\/ul>\n<p class=\"ds-markdown-paragraph\">\u2714\u00a0<strong>\u00c7ok Y\u00f6nl\u00fc Kullan\u0131m:<\/strong><\/p>\n<ul>\n<li>\n<p class=\"ds-markdown-paragraph\"><strong>Kesik a\u00e7ma, diki\u015f atma (interrupted suturing), d\u00fc\u011f\u00fcmleme ve z\u0131mbalama<\/strong>\u00a0tekniklerini \u00f6\u011fretir.<\/p>\n<\/li>\n<li>\n<p class=\"ds-markdown-paragraph\"><strong>Skin Pad Jig Mk 3<\/strong>\u00a0ile birlikte kullan\u0131labilir (\u00fcr\u00fcn pakete dahil de\u011fildir).<\/p>\n<\/li>\n<li>\n<p class=\"ds-markdown-paragraph\">Grup e\u011fitimleri ve istasyon \u00e7al\u0131\u015fmalar\u0131 i\u00e7in\u00a0<strong>12&#8217;li paket avantaj\u0131<\/strong>.<\/p>\n<\/li>\n<\/ul>\n<p class=\"ds-markdown-paragraph\">\u2714\u00a0<strong>Ekonomik ve Dayan\u0131kl\u0131:<\/strong><\/p>\n<ul>\n<li>\n<p class=\"ds-markdown-paragraph\"><strong>Tek katmanl\u0131 tasar\u0131m<\/strong>\u00a0ile uygun maliyetli e\u011fitim \u00e7\u00f6z\u00fcm\u00fc.<\/p>\n<\/li>\n<li>\n<p class=\"ds-markdown-paragraph\"><strong>Tekrar tekrar kullan\u0131labilir<\/strong>\u00a0yap\u0131da.<\/p>\n<\/li>\n<\/ul>\n<h4><strong>Kazan\u0131lan Beceriler<\/strong><\/h4>\n<ul>\n<li>\n<p class=\"ds-markdown-paragraph\"><strong>Yara kenarlar\u0131n\u0131 birle\u015ftirme ve kapatma teknikleri.<\/strong><\/p>\n<\/li>\n<li>\n<p class=\"ds-markdown-paragraph\"><strong>Cilt yap\u0131\u015ft\u0131r\u0131c\u0131 (skin adhesive) uygulama.<\/strong><\/p>\n<\/li>\n<li>\n<p class=\"ds-markdown-paragraph\"><strong>Kesikli diki\u015f (interrupted suture) atma ve d\u00fc\u011f\u00fcmleme.<\/strong><\/p>\n<\/li>\n<li>\n<p class=\"ds-markdown-paragraph\"><strong>Z\u0131mba ile yara kapatma (stapling).<\/strong><\/p>\n<\/li>\n<\/ul>\n","protected":false},"excerpt":{"rendered":"<p><strong>Wound Closure Pad<\/strong>, temel yara kapatma ve diki\u015f atma becerilerini \u00f6\u011freten 12&#8217;li paket bir e\u011fitim setidir. T\u00fcm cilt yap\u0131\u015ft\u0131r\u0131c\u0131lar\u0131yla uyumlu, latex i\u00e7ermeyen ve ekonomik bir sim\u00fclat\u00f6rd\u00fcr.<\/p>\n","protected":false},"featured_media":92,"comment_status":"open","ping_status":"closed","template":"","meta":[],"product_brand":[129],"product_cat":[15,523,485,130,128],"product_tag":[303,298,300,297,302,301,268,299,270,296],"class_list":{"0":"post-91","1":"product","2":"type-product","3":"status-publish","4":"has-post-thumbnail","6":"product_brand-limbs-things","7":"product_cat-genel","8":"product_cat-acil-tip","9":"product_cat-anestezi","10":"product_cat-nursing","11":"product_cat-limbs-things","12":"product_tag-12li-egitim-seti","13":"product_tag-cerrahi-beceri-egitim-seti","14":"product_tag-cilt-yapistirici-uygulama","15":"product_tag-dikis-atma-egitimi","16":"product_tag-kucuk-yara-simulatoru","17":"product_tag-latex-free-tip-malzemesi","18":"product_tag-limbs-things","19":"product_tag-sutur-pratigi","20":"product_tag-tip-ogrenci-ekipmanlari","21":"product_tag-yara-kapatma-simulatoru","23":"first","24":"instock","25":"shipping-taxable","26":"product-type-simple"},"yoast_head":"<!-- This site is optimized with the Yoast SEO plugin v25.2 - https:\/\/yoast.com\/wordpress\/plugins\/seo\/ -->\n<title>Wound Closure Pad - Small (Pack of 12, Light Skin Tone) | Yara Kapatma ve Diki\u015f Atma E\u011fitim Seti - Merkim Maket<\/title>\n<meta name=\"description\" content=\"Wound Closure Pad (12&#039;li Paket) ile temel yara kapatma ve diki\u015f atma e\u011fitimi! Cilt yap\u0131\u015ft\u0131r\u0131c\u0131, s\u00fct\u00fcr ve z\u0131mba teknikleri i\u00e7in ideal. Hemen inceleyin.\" \/>\n<meta name=\"robots\" content=\"index, follow, max-snippet:-1, max-image-preview:large, max-video-preview:-1\" \/>\n<link rel=\"canonical\" href=\"https:\/\/merkim.com.tr\/merkim-maket\/urun\/wound-closure-pad-small-pack-of-12-light-skin-tone-yara-kapatma-ve-dikis-atma-egitim-seti\/\" \/>\n<meta property=\"og:locale\" content=\"tr_TR\" \/>\n<meta property=\"og:type\" content=\"article\" \/>\n<meta property=\"og:title\" content=\"Wound Closure Pad - Small (Pack of 12, Light Skin Tone) | Yara Kapatma ve Diki\u015f Atma E\u011fitim Seti - Merkim Maket\" \/>\n<meta property=\"og:description\" content=\"Wound Closure Pad (12&#039;li Paket) ile temel yara kapatma ve diki\u015f atma e\u011fitimi! Cilt yap\u0131\u015ft\u0131r\u0131c\u0131, s\u00fct\u00fcr ve z\u0131mba teknikleri i\u00e7in ideal. Hemen inceleyin.\" \/>\n<meta property=\"og:url\" content=\"https:\/\/merkim.com.tr\/merkim-maket\/urun\/wound-closure-pad-small-pack-of-12-light-skin-tone-yara-kapatma-ve-dikis-atma-egitim-seti\/\" \/>\n<meta property=\"og:site_name\" content=\"Merkim Maket\" \/>\n<meta property=\"article:modified_time\" content=\"2025-06-10T12:54:26+00:00\" \/>\n<meta property=\"og:image\" content=\"https:\/\/merkim.com.tr\/merkim-maket\/wp-content\/uploads\/2025\/06\/wound-closure-pad-small-pack-of-12-light-skin-tone-yara-kapatma-egitim-seti-limbs-and-things.png\" \/>\n\t<meta property=\"og:image:width\" content=\"800\" \/>\n\t<meta property=\"og:image:height\" content=\"800\" \/>\n\t<meta property=\"og:image:type\" content=\"image\/png\" \/>\n<meta name=\"twitter:card\" content=\"summary_large_image\" \/>\n<meta name=\"twitter:label1\" content=\"Tahmini okuma s\u00fcresi\" \/>\n\t<meta name=\"twitter:data1\" content=\"2 dakika\" \/>\n<script type=\"application\/ld+json\" class=\"yoast-schema-graph\">{\"@context\":\"https:\/\/schema.org\",\"@graph\":[{\"@type\":\"WebPage\",\"@id\":\"https:\/\/merkim.com.tr\/merkim-maket\/urun\/wound-closure-pad-small-pack-of-12-light-skin-tone-yara-kapatma-ve-dikis-atma-egitim-seti\/\",\"url\":\"https:\/\/merkim.com.tr\/merkim-maket\/urun\/wound-closure-pad-small-pack-of-12-light-skin-tone-yara-kapatma-ve-dikis-atma-egitim-seti\/\",\"name\":\"Wound Closure Pad - Small (Pack of 12, Light Skin Tone) | Yara Kapatma ve Diki\u015f Atma E\u011fitim Seti - Merkim Maket\",\"isPartOf\":{\"@id\":\"https:\/\/merkim.com.tr\/merkim-maket\/#website\"},\"primaryImageOfPage\":{\"@id\":\"https:\/\/merkim.com.tr\/merkim-maket\/urun\/wound-closure-pad-small-pack-of-12-light-skin-tone-yara-kapatma-ve-dikis-atma-egitim-seti\/#primaryimage\"},\"image\":{\"@id\":\"https:\/\/merkim.com.tr\/merkim-maket\/urun\/wound-closure-pad-small-pack-of-12-light-skin-tone-yara-kapatma-ve-dikis-atma-egitim-seti\/#primaryimage\"},\"thumbnailUrl\":\"https:\/\/merkim.com.tr\/merkim-maket\/wp-content\/uploads\/2025\/06\/wound-closure-pad-small-pack-of-12-light-skin-tone-yara-kapatma-egitim-seti-limbs-and-things.png\",\"datePublished\":\"2025-06-08T15:05:22+00:00\",\"dateModified\":\"2025-06-10T12:54:26+00:00\",\"description\":\"Wound Closure Pad (12'li Paket) ile temel yara kapatma ve diki\u015f atma e\u011fitimi! Cilt yap\u0131\u015ft\u0131r\u0131c\u0131, s\u00fct\u00fcr ve z\u0131mba teknikleri i\u00e7in ideal. Hemen inceleyin.\",\"breadcrumb\":{\"@id\":\"https:\/\/merkim.com.tr\/merkim-maket\/urun\/wound-closure-pad-small-pack-of-12-light-skin-tone-yara-kapatma-ve-dikis-atma-egitim-seti\/#breadcrumb\"},\"inLanguage\":\"tr\",\"potentialAction\":[{\"@type\":\"ReadAction\",\"target\":[\"https:\/\/merkim.com.tr\/merkim-maket\/urun\/wound-closure-pad-small-pack-of-12-light-skin-tone-yara-kapatma-ve-dikis-atma-egitim-seti\/\"]}]},{\"@type\":\"ImageObject\",\"inLanguage\":\"tr\",\"@id\":\"https:\/\/merkim.com.tr\/merkim-maket\/urun\/wound-closure-pad-small-pack-of-12-light-skin-tone-yara-kapatma-ve-dikis-atma-egitim-seti\/#primaryimage\",\"url\":\"https:\/\/merkim.com.tr\/merkim-maket\/wp-content\/uploads\/2025\/06\/wound-closure-pad-small-pack-of-12-light-skin-tone-yara-kapatma-egitim-seti-limbs-and-things.png\",\"contentUrl\":\"https:\/\/merkim.com.tr\/merkim-maket\/wp-content\/uploads\/2025\/06\/wound-closure-pad-small-pack-of-12-light-skin-tone-yara-kapatma-egitim-seti-limbs-and-things.png\",\"width\":800,\"height\":800,\"caption\":\"Diki\u015f, z\u0131mba ve cilt yap\u0131\u015ft\u0131r\u0131c\u0131 uygulamalar\u0131 i\u00e7in ideal sim\u00fclat\u00f6r\"},{\"@type\":\"BreadcrumbList\",\"@id\":\"https:\/\/merkim.com.tr\/merkim-maket\/urun\/wound-closure-pad-small-pack-of-12-light-skin-tone-yara-kapatma-ve-dikis-atma-egitim-seti\/#breadcrumb\",\"itemListElement\":[{\"@type\":\"ListItem\",\"position\":1,\"name\":\"Anasayfa\",\"item\":\"https:\/\/merkim.com.tr\/merkim-maket\/\"},{\"@type\":\"ListItem\",\"position\":2,\"name\":\"Ma\u011faza\",\"item\":\"https:\/\/merkim.com.tr\/merkim-maket\/magaza\/\"},{\"@type\":\"ListItem\",\"position\":3,\"name\":\"Wound Closure Pad &#8211; Small (Pack of 12, Light Skin Tone) | Yara Kapatma ve Diki\u015f Atma E\u011fitim Seti\"}]},{\"@type\":\"WebSite\",\"@id\":\"https:\/\/merkim.com.tr\/merkim-maket\/#website\",\"url\":\"https:\/\/merkim.com.tr\/merkim-maket\/\",\"name\":\"Merkim Maket\",\"description\":\"\",\"potentialAction\":[{\"@type\":\"SearchAction\",\"target\":{\"@type\":\"EntryPoint\",\"urlTemplate\":\"https:\/\/merkim.com.tr\/merkim-maket\/?s={search_term_string}\"},\"query-input\":{\"@type\":\"PropertyValueSpecification\",\"valueRequired\":true,\"valueName\":\"search_term_string\"}}],\"inLanguage\":\"tr\"}]}<\/script>\n<!-- \/ Yoast SEO plugin. -->","yoast_head_json":{"title":"Wound Closure Pad - Small (Pack of 12, Light Skin Tone) | Yara Kapatma ve Diki\u015f Atma E\u011fitim Seti - Merkim Maket","description":"Wound Closure Pad (12'li Paket) ile temel yara kapatma ve diki\u015f atma e\u011fitimi! Cilt yap\u0131\u015ft\u0131r\u0131c\u0131, s\u00fct\u00fcr ve z\u0131mba teknikleri i\u00e7in ideal. Hemen inceleyin.","robots":{"index":"index","follow":"follow","max-snippet":"max-snippet:-1","max-image-preview":"max-image-preview:large","max-video-preview":"max-video-preview:-1"},"canonical":"https:\/\/merkim.com.tr\/merkim-maket\/urun\/wound-closure-pad-small-pack-of-12-light-skin-tone-yara-kapatma-ve-dikis-atma-egitim-seti\/","og_locale":"tr_TR","og_type":"article","og_title":"Wound Closure Pad - Small (Pack of 12, Light Skin Tone) | Yara Kapatma ve Diki\u015f Atma E\u011fitim Seti - Merkim Maket","og_description":"Wound Closure Pad (12'li Paket) ile temel yara kapatma ve diki\u015f atma e\u011fitimi! Cilt yap\u0131\u015ft\u0131r\u0131c\u0131, s\u00fct\u00fcr ve z\u0131mba teknikleri i\u00e7in ideal. Hemen inceleyin.","og_url":"https:\/\/merkim.com.tr\/merkim-maket\/urun\/wound-closure-pad-small-pack-of-12-light-skin-tone-yara-kapatma-ve-dikis-atma-egitim-seti\/","og_site_name":"Merkim Maket","article_modified_time":"2025-06-10T12:54:26+00:00","og_image":[{"width":800,"height":800,"url":"https:\/\/merkim.com.tr\/merkim-maket\/wp-content\/uploads\/2025\/06\/wound-closure-pad-small-pack-of-12-light-skin-tone-yara-kapatma-egitim-seti-limbs-and-things.png","type":"image\/png"}],"twitter_card":"summary_large_image","twitter_misc":{"Tahmini okuma s\u00fcresi":"2 dakika"},"schema":{"@context":"https:\/\/schema.org","@graph":[{"@type":"WebPage","@id":"https:\/\/merkim.com.tr\/merkim-maket\/urun\/wound-closure-pad-small-pack-of-12-light-skin-tone-yara-kapatma-ve-dikis-atma-egitim-seti\/","url":"https:\/\/merkim.com.tr\/merkim-maket\/urun\/wound-closure-pad-small-pack-of-12-light-skin-tone-yara-kapatma-ve-dikis-atma-egitim-seti\/","name":"Wound Closure Pad - Small (Pack of 12, Light Skin Tone) | Yara Kapatma ve Diki\u015f Atma E\u011fitim Seti - Merkim Maket","isPartOf":{"@id":"https:\/\/merkim.com.tr\/merkim-maket\/#website"},"primaryImageOfPage":{"@id":"https:\/\/merkim.com.tr\/merkim-maket\/urun\/wound-closure-pad-small-pack-of-12-light-skin-tone-yara-kapatma-ve-dikis-atma-egitim-seti\/#primaryimage"},"image":{"@id":"https:\/\/merkim.com.tr\/merkim-maket\/urun\/wound-closure-pad-small-pack-of-12-light-skin-tone-yara-kapatma-ve-dikis-atma-egitim-seti\/#primaryimage"},"thumbnailUrl":"https:\/\/merkim.com.tr\/merkim-maket\/wp-content\/uploads\/2025\/06\/wound-closure-pad-small-pack-of-12-light-skin-tone-yara-kapatma-egitim-seti-limbs-and-things.png","datePublished":"2025-06-08T15:05:22+00:00","dateModified":"2025-06-10T12:54:26+00:00","description":"Wound Closure Pad (12'li Paket) ile temel yara kapatma ve diki\u015f atma e\u011fitimi! Cilt yap\u0131\u015ft\u0131r\u0131c\u0131, s\u00fct\u00fcr ve z\u0131mba teknikleri i\u00e7in ideal. Hemen inceleyin.","breadcrumb":{"@id":"https:\/\/merkim.com.tr\/merkim-maket\/urun\/wound-closure-pad-small-pack-of-12-light-skin-tone-yara-kapatma-ve-dikis-atma-egitim-seti\/#breadcrumb"},"inLanguage":"tr","potentialAction":[{"@type":"ReadAction","target":["https:\/\/merkim.com.tr\/merkim-maket\/urun\/wound-closure-pad-small-pack-of-12-light-skin-tone-yara-kapatma-ve-dikis-atma-egitim-seti\/"]}]},{"@type":"ImageObject","inLanguage":"tr","@id":"https:\/\/merkim.com.tr\/merkim-maket\/urun\/wound-closure-pad-small-pack-of-12-light-skin-tone-yara-kapatma-ve-dikis-atma-egitim-seti\/#primaryimage","url":"https:\/\/merkim.com.tr\/merkim-maket\/wp-content\/uploads\/2025\/06\/wound-closure-pad-small-pack-of-12-light-skin-tone-yara-kapatma-egitim-seti-limbs-and-things.png","contentUrl":"https:\/\/merkim.com.tr\/merkim-maket\/wp-content\/uploads\/2025\/06\/wound-closure-pad-small-pack-of-12-light-skin-tone-yara-kapatma-egitim-seti-limbs-and-things.png","width":800,"height":800,"caption":"Diki\u015f, z\u0131mba ve cilt yap\u0131\u015ft\u0131r\u0131c\u0131 uygulamalar\u0131 i\u00e7in ideal sim\u00fclat\u00f6r"},{"@type":"BreadcrumbList","@id":"https:\/\/merkim.com.tr\/merkim-maket\/urun\/wound-closure-pad-small-pack-of-12-light-skin-tone-yara-kapatma-ve-dikis-atma-egitim-seti\/#breadcrumb","itemListElement":[{"@type":"ListItem","position":1,"name":"Anasayfa","item":"https:\/\/merkim.com.tr\/merkim-maket\/"},{"@type":"ListItem","position":2,"name":"Ma\u011faza","item":"https:\/\/merkim.com.tr\/merkim-maket\/magaza\/"},{"@type":"ListItem","position":3,"name":"Wound Closure Pad &#8211; Small (Pack of 12, Light Skin Tone) | Yara Kapatma ve Diki\u015f Atma E\u011fitim Seti"}]},{"@type":"WebSite","@id":"https:\/\/merkim.com.tr\/merkim-maket\/#website","url":"https:\/\/merkim.com.tr\/merkim-maket\/","name":"Merkim Maket","description":"","potentialAction":[{"@type":"SearchAction","target":{"@type":"EntryPoint","urlTemplate":"https:\/\/merkim.com.tr\/merkim-maket\/?s={search_term_string}"},"query-input":{"@type":"PropertyValueSpecification","valueRequired":true,"valueName":"search_term_string"}}],"inLanguage":"tr"}]}},"_links":{"self":[{"href":"https:\/\/merkim.com.tr\/merkim-maket\/wp-json\/wp\/v2\/product\/91","targetHints":{"allow":["GET"]}}],"collection":[{"href":"https:\/\/merkim.com.tr\/merkim-maket\/wp-json\/wp\/v2\/product"}],"about":[{"href":"https:\/\/merkim.com.tr\/merkim-maket\/wp-json\/wp\/v2\/types\/product"}],"replies":[{"embeddable":true,"href":"https:\/\/merkim.com.tr\/merkim-maket\/wp-json\/wp\/v2\/comments?post=91"}],"wp:featuredmedia":[{"embeddable":true,"href":"https:\/\/merkim.com.tr\/merkim-maket\/wp-json\/wp\/v2\/media\/92"}],"wp:attachment":[{"href":"https:\/\/merkim.com.tr\/merkim-maket\/wp-json\/wp\/v2\/media?parent=91"}],"wp:term":[{"taxonomy":"product_brand","embeddable":true,"href":"https:\/\/merkim.com.tr\/merkim-maket\/wp-json\/wp\/v2\/product_brand?post=91"},{"taxonomy":"product_cat","embeddable":true,"href":"https:\/\/merkim.com.tr\/merkim-maket\/wp-json\/wp\/v2\/product_cat?post=91"},{"taxonomy":"product_tag","embeddable":true,"href":"https:\/\/merkim.com.tr\/merkim-maket\/wp-json\/wp\/v2\/product_tag?post=91"}],"curies":[{"name":"wp","href":"https:\/\/api.w.org\/{rel}","templated":true}]}}