{"id":87,"date":"2025-06-08T14:22:57","date_gmt":"2025-06-08T14:22:57","guid":{"rendered":"https:\/\/merkim.com.tr\/merkim-maket\/?post_type=product&#038;p=87"},"modified":"2025-06-10T08:47:07","modified_gmt":"2025-06-10T08:47:07","slug":"injection-trainer-intradermal-subkutan-ve-intramuskuler-enjeksiyon-egitim-simulatoru","status":"publish","type":"product","link":"https:\/\/merkim.com.tr\/merkim-maket\/urun\/injection-trainer-intradermal-subkutan-ve-intramuskuler-enjeksiyon-egitim-simulatoru\/","title":{"rendered":"Injection Trainer | \u0130ntradermal, Subkutan ve \u0130ntram\u00fcsk\u00fcler Enjeksiyon E\u011fitim Sim\u00fclat\u00f6r\u00fc"},"content":{"rendered":"<p class=\"ds-markdown-paragraph\"><strong>Limbs &amp; Things Injection Trainer<\/strong>, sa\u011fl\u0131k profesyonelleri ve t\u0131p \u00f6\u011frencileri i\u00e7in\u00a0<strong>intradermal, subkutan ve intram\u00fcsk\u00fcler enjeksiyon tekniklerini<\/strong>\u00a0ger\u00e7ek\u00e7i bir \u015fekilde \u00f6\u011freten premium bir e\u011fitim sim\u00fclat\u00f6r\u00fcd\u00fcr.<\/p>\n<h4><strong>\u00dcst\u00fcn \u00d6zellikler ve Avantajlar<\/strong><\/h4>\n<p class=\"ds-markdown-paragraph\">\u2714\u00a0<strong>Ger\u00e7ek\u00e7i Doku Katmanlar\u0131:<\/strong><\/p>\n<ul>\n<li>\n<p class=\"ds-markdown-paragraph\"><strong>Epidermis, dermis, ya\u011f dokusu ve kas tabakas\u0131<\/strong>\u00a0gibi anatomik yap\u0131lar\u0131 birebir taklit eder.<\/p>\n<\/li>\n<li>\n<p class=\"ds-markdown-paragraph\">Enjeksiyon s\u0131ras\u0131nda\u00a0<strong>ger\u00e7ek i\u011fne direncini<\/strong>\u00a0hissettirerek klinik deneyimi art\u0131r\u0131r.<\/p>\n<\/li>\n<li>\n<p class=\"ds-markdown-paragraph\"><strong>Cilt elastikiyeti<\/strong>\u00a0ger\u00e7e\u011fe yak\u0131n \u015fekilde sim\u00fcle edilmi\u015ftir.<\/p>\n<\/li>\n<\/ul>\n<p class=\"ds-markdown-paragraph\">\u2714\u00a0<strong>\u00c7ok Y\u00f6nl\u00fc Kullan\u0131m:<\/strong><\/p>\n<ul>\n<li>\n<p class=\"ds-markdown-paragraph\"><strong>Kol veya uyluk b\u00f6lgesine tak\u0131labilir<\/strong>\u00a0(ayarlanabilir kay\u0131\u015f sistemi ile).<\/p>\n<\/li>\n<li>\n<p class=\"ds-markdown-paragraph\"><strong>Masa\u00fcst\u00fc e\u011fitimler<\/strong>\u00a0i\u00e7in uygundur.<\/p>\n<\/li>\n<li>\n<p class=\"ds-markdown-paragraph\">Senaryo bazl\u0131 hasta sim\u00fclasyonlar\u0131nda kullan\u0131labilir.<\/p>\n<\/li>\n<\/ul>\n<p class=\"ds-markdown-paragraph\">\u2714\u00a0<strong>Pratik ve Hijyenik:<\/strong><\/p>\n<ul>\n<li>\n<p class=\"ds-markdown-paragraph\"><strong>Epidermis katman\u0131 s\u0131v\u0131y\u0131 h\u0131zla serbest b\u0131rakacak \u015fekilde tasarlanm\u0131\u015ft\u0131r.<\/strong><\/p>\n<\/li>\n<li>\n<p class=\"ds-markdown-paragraph\"><strong>Yeniden kullan\u0131labilir k\u00f6p\u00fck blok<\/strong>\u00a0sayesinde enjeksiyon s\u0131v\u0131s\u0131n\u0131 emer.<\/p>\n<\/li>\n<li>\n<p class=\"ds-markdown-paragraph\"><strong>Latex i\u00e7ermez<\/strong>, su ve sabunla kolayca temizlenebilir.<\/p>\n<\/li>\n<\/ul>\n<p class=\"ds-markdown-paragraph\">\u2714\u00a0<strong>Dayan\u0131kl\u0131 Tasar\u0131m:<\/strong><\/p>\n<ul>\n<li>\n<p class=\"ds-markdown-paragraph\"><strong>De\u011fi\u015ftirilebilir epidermis<\/strong>\u00a0ile uzun \u00f6m\u00fcrl\u00fc kullan\u0131m.<\/p>\n<\/li>\n<li>\n<p class=\"ds-markdown-paragraph\"><strong>Tekrar tekrar enjeksiyon yapmaya uygun<\/strong>\u00a0yap\u0131dad\u0131r.<\/p>\n<\/li>\n<\/ul>\n<h4><strong>Kazan\u0131lan Beceriler<\/strong><\/h4>\n<ul>\n<li>\n<p class=\"ds-markdown-paragraph\"><strong>Subkutan enjeksiyon<\/strong>\u00a0teknikleri.<\/p>\n<\/li>\n<li>\n<p class=\"ds-markdown-paragraph\"><strong>\u0130ntradermal ve intram\u00fcsk\u00fcler enjeksiyon<\/strong>\u00a0uygulamalar\u0131.<\/p>\n<\/li>\n<li>\n<p class=\"ds-markdown-paragraph\"><strong>Doku y\u00f6netimi<\/strong>\u00a0ve enjeksiyon sonras\u0131 bak\u0131m.<\/p>\n<\/li>\n<li>\n<p class=\"ds-markdown-paragraph\"><strong>Hasta-hekim ileti\u015fimi<\/strong>\u00a0(sim\u00fcle hasta senaryolar\u0131 ile).<\/p>\n<\/li>\n<\/ul>\n","protected":false},"excerpt":{"rendered":"<p><strong>Injection Trainer<\/strong>, intradermal, subkutan ve intram\u00fcsk\u00fcler enjeksiyon tekniklerini \u00f6\u011freten ger\u00e7ek\u00e7i bir e\u011fitim sim\u00fclat\u00f6r\u00fcd\u00fcr. \u00c7ok katmanl\u0131 doku yap\u0131s\u0131 ve ayarlanabilir kay\u0131\u015f sistemi ile hem masa\u00fcst\u00fc hem de sim\u00fcle hasta e\u011fitimleri i\u00e7in idealdir.<\/p>\n","protected":false},"featured_media":88,"comment_status":"open","ping_status":"closed","template":"","meta":[],"product_brand":[129],"product_cat":[15,485,130,128],"product_tag":[287,283,289,280,286,284,288,268,285,115],"class_list":{"0":"post-87","1":"product","2":"type-product","3":"status-publish","4":"has-post-thumbnail","6":"product_brand-limbs-things","7":"product_cat-genel","8":"product_cat-anestezi","9":"product_cat-nursing","10":"product_cat-limbs-things","11":"product_tag-enjeksiyon-pratigi","12":"product_tag-enjeksiyon-simulatoru","13":"product_tag-hasta-simulasyonu","14":"product_tag-hemsirelik-becerileri","15":"product_tag-intradermal-enjeksiyon","16":"product_tag-intramuskuler-enjeksiyon-egitimi","17":"product_tag-latex-free-simulator","18":"product_tag-limbs-things","19":"product_tag-subkutan-enjeksiyon-modeli","20":"product_tag-tip-egitim-ekipmanlari","22":"first","23":"instock","24":"shipping-taxable","25":"product-type-simple"},"yoast_head":"<!-- This site is optimized with the Yoast SEO plugin v25.2 - https:\/\/yoast.com\/wordpress\/plugins\/seo\/ -->\n<title>Injection Trainer | \u0130ntradermal, Subkutan ve \u0130ntram\u00fcsk\u00fcler Enjeksiyon E\u011fitim Sim\u00fclat\u00f6r\u00fc - Merkim Maket<\/title>\n<meta name=\"description\" content=\"Injection Trainer ile ger\u00e7ek\u00e7i enjeksiyon e\u011fitimi! \u0130ntradermal, subkutan ve intram\u00fcsk\u00fcler teknikleri \u00f6\u011frenin. Latex i\u00e7ermeyen, \u00e7ok katmanl\u0131 doku yap\u0131s\u0131. Hemen inceleyin.\" \/>\n<meta name=\"robots\" content=\"index, follow, max-snippet:-1, max-image-preview:large, max-video-preview:-1\" \/>\n<link rel=\"canonical\" href=\"https:\/\/merkim.com.tr\/merkim-maket\/urun\/injection-trainer-intradermal-subkutan-ve-intramuskuler-enjeksiyon-egitim-simulatoru\/\" \/>\n<meta property=\"og:locale\" content=\"tr_TR\" \/>\n<meta property=\"og:type\" content=\"article\" \/>\n<meta property=\"og:title\" content=\"Injection Trainer | \u0130ntradermal, Subkutan ve \u0130ntram\u00fcsk\u00fcler Enjeksiyon E\u011fitim Sim\u00fclat\u00f6r\u00fc - Merkim Maket\" \/>\n<meta property=\"og:description\" content=\"Injection Trainer ile ger\u00e7ek\u00e7i enjeksiyon e\u011fitimi! \u0130ntradermal, subkutan ve intram\u00fcsk\u00fcler teknikleri \u00f6\u011frenin. Latex i\u00e7ermeyen, \u00e7ok katmanl\u0131 doku yap\u0131s\u0131. Hemen inceleyin.\" \/>\n<meta property=\"og:url\" content=\"https:\/\/merkim.com.tr\/merkim-maket\/urun\/injection-trainer-intradermal-subkutan-ve-intramuskuler-enjeksiyon-egitim-simulatoru\/\" \/>\n<meta property=\"og:site_name\" content=\"Merkim Maket\" \/>\n<meta property=\"article:modified_time\" content=\"2025-06-10T08:47:07+00:00\" \/>\n<meta property=\"og:image\" content=\"https:\/\/merkim.com.tr\/merkim-maket\/wp-content\/uploads\/2025\/06\/injection-trainer-intradermal-subkutan-intramuskuler-enjeksiyon-egitim-simulatoru-limbs-and-things.png\" \/>\n\t<meta property=\"og:image:width\" content=\"800\" \/>\n\t<meta property=\"og:image:height\" content=\"800\" \/>\n\t<meta property=\"og:image:type\" content=\"image\/png\" \/>\n<meta name=\"twitter:card\" content=\"summary_large_image\" \/>\n<meta name=\"twitter:label1\" content=\"Tahmini okuma s\u00fcresi\" \/>\n\t<meta name=\"twitter:data1\" content=\"2 dakika\" \/>\n<script type=\"application\/ld+json\" class=\"yoast-schema-graph\">{\"@context\":\"https:\/\/schema.org\",\"@graph\":[{\"@type\":\"WebPage\",\"@id\":\"https:\/\/merkim.com.tr\/merkim-maket\/urun\/injection-trainer-intradermal-subkutan-ve-intramuskuler-enjeksiyon-egitim-simulatoru\/\",\"url\":\"https:\/\/merkim.com.tr\/merkim-maket\/urun\/injection-trainer-intradermal-subkutan-ve-intramuskuler-enjeksiyon-egitim-simulatoru\/\",\"name\":\"Injection Trainer | \u0130ntradermal, Subkutan ve \u0130ntram\u00fcsk\u00fcler Enjeksiyon E\u011fitim Sim\u00fclat\u00f6r\u00fc - Merkim Maket\",\"isPartOf\":{\"@id\":\"https:\/\/merkim.com.tr\/merkim-maket\/#website\"},\"primaryImageOfPage\":{\"@id\":\"https:\/\/merkim.com.tr\/merkim-maket\/urun\/injection-trainer-intradermal-subkutan-ve-intramuskuler-enjeksiyon-egitim-simulatoru\/#primaryimage\"},\"image\":{\"@id\":\"https:\/\/merkim.com.tr\/merkim-maket\/urun\/injection-trainer-intradermal-subkutan-ve-intramuskuler-enjeksiyon-egitim-simulatoru\/#primaryimage\"},\"thumbnailUrl\":\"https:\/\/merkim.com.tr\/merkim-maket\/wp-content\/uploads\/2025\/06\/injection-trainer-intradermal-subkutan-intramuskuler-enjeksiyon-egitim-simulatoru-limbs-and-things.png\",\"datePublished\":\"2025-06-08T14:22:57+00:00\",\"dateModified\":\"2025-06-10T08:47:07+00:00\",\"description\":\"Injection Trainer ile ger\u00e7ek\u00e7i enjeksiyon e\u011fitimi! \u0130ntradermal, subkutan ve intram\u00fcsk\u00fcler teknikleri \u00f6\u011frenin. Latex i\u00e7ermeyen, \u00e7ok katmanl\u0131 doku yap\u0131s\u0131. Hemen inceleyin.\",\"breadcrumb\":{\"@id\":\"https:\/\/merkim.com.tr\/merkim-maket\/urun\/injection-trainer-intradermal-subkutan-ve-intramuskuler-enjeksiyon-egitim-simulatoru\/#breadcrumb\"},\"inLanguage\":\"tr\",\"potentialAction\":[{\"@type\":\"ReadAction\",\"target\":[\"https:\/\/merkim.com.tr\/merkim-maket\/urun\/injection-trainer-intradermal-subkutan-ve-intramuskuler-enjeksiyon-egitim-simulatoru\/\"]}]},{\"@type\":\"ImageObject\",\"inLanguage\":\"tr\",\"@id\":\"https:\/\/merkim.com.tr\/merkim-maket\/urun\/injection-trainer-intradermal-subkutan-ve-intramuskuler-enjeksiyon-egitim-simulatoru\/#primaryimage\",\"url\":\"https:\/\/merkim.com.tr\/merkim-maket\/wp-content\/uploads\/2025\/06\/injection-trainer-intradermal-subkutan-intramuskuler-enjeksiyon-egitim-simulatoru-limbs-and-things.png\",\"contentUrl\":\"https:\/\/merkim.com.tr\/merkim-maket\/wp-content\/uploads\/2025\/06\/injection-trainer-intradermal-subkutan-intramuskuler-enjeksiyon-egitim-simulatoru-limbs-and-things.png\",\"width\":800,\"height\":800,\"caption\":\"Epidermis, dermis, ya\u011f ve kas dokusu ile ger\u00e7ek\u00e7i enjeksiyon deneyimi\"},{\"@type\":\"BreadcrumbList\",\"@id\":\"https:\/\/merkim.com.tr\/merkim-maket\/urun\/injection-trainer-intradermal-subkutan-ve-intramuskuler-enjeksiyon-egitim-simulatoru\/#breadcrumb\",\"itemListElement\":[{\"@type\":\"ListItem\",\"position\":1,\"name\":\"Anasayfa\",\"item\":\"https:\/\/merkim.com.tr\/merkim-maket\/\"},{\"@type\":\"ListItem\",\"position\":2,\"name\":\"Ma\u011faza\",\"item\":\"https:\/\/merkim.com.tr\/merkim-maket\/magaza\/\"},{\"@type\":\"ListItem\",\"position\":3,\"name\":\"Injection Trainer | \u0130ntradermal, Subkutan ve \u0130ntram\u00fcsk\u00fcler Enjeksiyon E\u011fitim Sim\u00fclat\u00f6r\u00fc\"}]},{\"@type\":\"WebSite\",\"@id\":\"https:\/\/merkim.com.tr\/merkim-maket\/#website\",\"url\":\"https:\/\/merkim.com.tr\/merkim-maket\/\",\"name\":\"Merkim Maket\",\"description\":\"\",\"potentialAction\":[{\"@type\":\"SearchAction\",\"target\":{\"@type\":\"EntryPoint\",\"urlTemplate\":\"https:\/\/merkim.com.tr\/merkim-maket\/?s={search_term_string}\"},\"query-input\":{\"@type\":\"PropertyValueSpecification\",\"valueRequired\":true,\"valueName\":\"search_term_string\"}}],\"inLanguage\":\"tr\"}]}<\/script>\n<!-- \/ Yoast SEO plugin. -->","yoast_head_json":{"title":"Injection Trainer | \u0130ntradermal, Subkutan ve \u0130ntram\u00fcsk\u00fcler Enjeksiyon E\u011fitim Sim\u00fclat\u00f6r\u00fc - Merkim Maket","description":"Injection Trainer ile ger\u00e7ek\u00e7i enjeksiyon e\u011fitimi! \u0130ntradermal, subkutan ve intram\u00fcsk\u00fcler teknikleri \u00f6\u011frenin. Latex i\u00e7ermeyen, \u00e7ok katmanl\u0131 doku yap\u0131s\u0131. Hemen inceleyin.","robots":{"index":"index","follow":"follow","max-snippet":"max-snippet:-1","max-image-preview":"max-image-preview:large","max-video-preview":"max-video-preview:-1"},"canonical":"https:\/\/merkim.com.tr\/merkim-maket\/urun\/injection-trainer-intradermal-subkutan-ve-intramuskuler-enjeksiyon-egitim-simulatoru\/","og_locale":"tr_TR","og_type":"article","og_title":"Injection Trainer | \u0130ntradermal, Subkutan ve \u0130ntram\u00fcsk\u00fcler Enjeksiyon E\u011fitim Sim\u00fclat\u00f6r\u00fc - Merkim Maket","og_description":"Injection Trainer ile ger\u00e7ek\u00e7i enjeksiyon e\u011fitimi! \u0130ntradermal, subkutan ve intram\u00fcsk\u00fcler teknikleri \u00f6\u011frenin. Latex i\u00e7ermeyen, \u00e7ok katmanl\u0131 doku yap\u0131s\u0131. Hemen inceleyin.","og_url":"https:\/\/merkim.com.tr\/merkim-maket\/urun\/injection-trainer-intradermal-subkutan-ve-intramuskuler-enjeksiyon-egitim-simulatoru\/","og_site_name":"Merkim Maket","article_modified_time":"2025-06-10T08:47:07+00:00","og_image":[{"width":800,"height":800,"url":"https:\/\/merkim.com.tr\/merkim-maket\/wp-content\/uploads\/2025\/06\/injection-trainer-intradermal-subkutan-intramuskuler-enjeksiyon-egitim-simulatoru-limbs-and-things.png","type":"image\/png"}],"twitter_card":"summary_large_image","twitter_misc":{"Tahmini okuma s\u00fcresi":"2 dakika"},"schema":{"@context":"https:\/\/schema.org","@graph":[{"@type":"WebPage","@id":"https:\/\/merkim.com.tr\/merkim-maket\/urun\/injection-trainer-intradermal-subkutan-ve-intramuskuler-enjeksiyon-egitim-simulatoru\/","url":"https:\/\/merkim.com.tr\/merkim-maket\/urun\/injection-trainer-intradermal-subkutan-ve-intramuskuler-enjeksiyon-egitim-simulatoru\/","name":"Injection Trainer | \u0130ntradermal, Subkutan ve \u0130ntram\u00fcsk\u00fcler Enjeksiyon E\u011fitim Sim\u00fclat\u00f6r\u00fc - Merkim Maket","isPartOf":{"@id":"https:\/\/merkim.com.tr\/merkim-maket\/#website"},"primaryImageOfPage":{"@id":"https:\/\/merkim.com.tr\/merkim-maket\/urun\/injection-trainer-intradermal-subkutan-ve-intramuskuler-enjeksiyon-egitim-simulatoru\/#primaryimage"},"image":{"@id":"https:\/\/merkim.com.tr\/merkim-maket\/urun\/injection-trainer-intradermal-subkutan-ve-intramuskuler-enjeksiyon-egitim-simulatoru\/#primaryimage"},"thumbnailUrl":"https:\/\/merkim.com.tr\/merkim-maket\/wp-content\/uploads\/2025\/06\/injection-trainer-intradermal-subkutan-intramuskuler-enjeksiyon-egitim-simulatoru-limbs-and-things.png","datePublished":"2025-06-08T14:22:57+00:00","dateModified":"2025-06-10T08:47:07+00:00","description":"Injection Trainer ile ger\u00e7ek\u00e7i enjeksiyon e\u011fitimi! \u0130ntradermal, subkutan ve intram\u00fcsk\u00fcler teknikleri \u00f6\u011frenin. Latex i\u00e7ermeyen, \u00e7ok katmanl\u0131 doku yap\u0131s\u0131. Hemen inceleyin.","breadcrumb":{"@id":"https:\/\/merkim.com.tr\/merkim-maket\/urun\/injection-trainer-intradermal-subkutan-ve-intramuskuler-enjeksiyon-egitim-simulatoru\/#breadcrumb"},"inLanguage":"tr","potentialAction":[{"@type":"ReadAction","target":["https:\/\/merkim.com.tr\/merkim-maket\/urun\/injection-trainer-intradermal-subkutan-ve-intramuskuler-enjeksiyon-egitim-simulatoru\/"]}]},{"@type":"ImageObject","inLanguage":"tr","@id":"https:\/\/merkim.com.tr\/merkim-maket\/urun\/injection-trainer-intradermal-subkutan-ve-intramuskuler-enjeksiyon-egitim-simulatoru\/#primaryimage","url":"https:\/\/merkim.com.tr\/merkim-maket\/wp-content\/uploads\/2025\/06\/injection-trainer-intradermal-subkutan-intramuskuler-enjeksiyon-egitim-simulatoru-limbs-and-things.png","contentUrl":"https:\/\/merkim.com.tr\/merkim-maket\/wp-content\/uploads\/2025\/06\/injection-trainer-intradermal-subkutan-intramuskuler-enjeksiyon-egitim-simulatoru-limbs-and-things.png","width":800,"height":800,"caption":"Epidermis, dermis, ya\u011f ve kas dokusu ile ger\u00e7ek\u00e7i enjeksiyon deneyimi"},{"@type":"BreadcrumbList","@id":"https:\/\/merkim.com.tr\/merkim-maket\/urun\/injection-trainer-intradermal-subkutan-ve-intramuskuler-enjeksiyon-egitim-simulatoru\/#breadcrumb","itemListElement":[{"@type":"ListItem","position":1,"name":"Anasayfa","item":"https:\/\/merkim.com.tr\/merkim-maket\/"},{"@type":"ListItem","position":2,"name":"Ma\u011faza","item":"https:\/\/merkim.com.tr\/merkim-maket\/magaza\/"},{"@type":"ListItem","position":3,"name":"Injection Trainer | \u0130ntradermal, Subkutan ve \u0130ntram\u00fcsk\u00fcler Enjeksiyon E\u011fitim Sim\u00fclat\u00f6r\u00fc"}]},{"@type":"WebSite","@id":"https:\/\/merkim.com.tr\/merkim-maket\/#website","url":"https:\/\/merkim.com.tr\/merkim-maket\/","name":"Merkim Maket","description":"","potentialAction":[{"@type":"SearchAction","target":{"@type":"EntryPoint","urlTemplate":"https:\/\/merkim.com.tr\/merkim-maket\/?s={search_term_string}"},"query-input":{"@type":"PropertyValueSpecification","valueRequired":true,"valueName":"search_term_string"}}],"inLanguage":"tr"}]}},"_links":{"self":[{"href":"https:\/\/merkim.com.tr\/merkim-maket\/wp-json\/wp\/v2\/product\/87","targetHints":{"allow":["GET"]}}],"collection":[{"href":"https:\/\/merkim.com.tr\/merkim-maket\/wp-json\/wp\/v2\/product"}],"about":[{"href":"https:\/\/merkim.com.tr\/merkim-maket\/wp-json\/wp\/v2\/types\/product"}],"replies":[{"embeddable":true,"href":"https:\/\/merkim.com.tr\/merkim-maket\/wp-json\/wp\/v2\/comments?post=87"}],"wp:featuredmedia":[{"embeddable":true,"href":"https:\/\/merkim.com.tr\/merkim-maket\/wp-json\/wp\/v2\/media\/88"}],"wp:attachment":[{"href":"https:\/\/merkim.com.tr\/merkim-maket\/wp-json\/wp\/v2\/media?parent=87"}],"wp:term":[{"taxonomy":"product_brand","embeddable":true,"href":"https:\/\/merkim.com.tr\/merkim-maket\/wp-json\/wp\/v2\/product_brand?post=87"},{"taxonomy":"product_cat","embeddable":true,"href":"https:\/\/merkim.com.tr\/merkim-maket\/wp-json\/wp\/v2\/product_cat?post=87"},{"taxonomy":"product_tag","embeddable":true,"href":"https:\/\/merkim.com.tr\/merkim-maket\/wp-json\/wp\/v2\/product_tag?post=87"}],"curies":[{"name":"wp","href":"https:\/\/api.w.org\/{rel}","templated":true}]}}