{"id":85,"date":"2025-06-08T14:13:13","date_gmt":"2025-06-08T14:13:13","guid":{"rendered":"https:\/\/merkim.com.tr\/merkim-maket\/?post_type=product&#038;p=85"},"modified":"2025-06-10T11:14:37","modified_gmt":"2025-06-10T11:14:37","slug":"extended-acf-pad-venipuncture-antekubital-fossa-kanul-ve-igneleme-egitim-simulatoru","status":"publish","type":"product","link":"https:\/\/merkim.com.tr\/merkim-maket\/urun\/extended-acf-pad-venipuncture-antekubital-fossa-kanul-ve-igneleme-egitim-simulatoru\/","title":{"rendered":"Extended ACF Pad &#8211; Venipuncture | Antekubital Fossa Kan\u00fcl ve \u0130\u011fneleme E\u011fitim Sim\u00fclat\u00f6r\u00fc"},"content":{"rendered":"<p class=\"ds-markdown-paragraph\"><strong>Limbs &amp; Things Extended ACF Pad<\/strong>, sa\u011f kolun\u00a0<strong>antekubital fossa<\/strong>\u00a0b\u00f6lgesini temsil eden,\u00a0<strong>venipuncture (ven\u00f6z i\u011fneleme)<\/strong>\u00a0ve\u00a0<strong>kan\u00fcl takma<\/strong>\u00a0e\u011fitimleri i\u00e7in \u00f6zel olarak tasarlanm\u0131\u015f bir masa\u00fcst\u00fc sim\u00fclat\u00f6r\u00fcd\u00fcr. T\u0131p fak\u00fclteleri, hem\u015firelik e\u011fitimleri ve acil t\u0131p \u00e7al\u0131\u015fanlar\u0131 i\u00e7in ideal bir pratik e\u011fitim arac\u0131d\u0131r.<\/p>\n<h4><strong>\u00dcst\u00fcn \u00d6zellikler<\/strong><\/h4>\n<p class=\"ds-markdown-paragraph\">\u2714\u00a0<strong>Ger\u00e7ek\u00e7i Anatomik Yap\u0131:<\/strong><\/p>\n<ul>\n<li>\n<p class=\"ds-markdown-paragraph\"><strong>Antekubital fossa<\/strong>\u00a0b\u00f6lgesinin detayl\u0131 replikas\u0131 ile damar palpasyonu ve i\u011fneleme tekniklerini ger\u00e7e\u011fe yak\u0131n \u015fekilde \u00f6\u011fretir.<\/p>\n<\/li>\n<li>\n<p class=\"ds-markdown-paragraph\"><strong>Latex i\u00e7eren damarlar<\/strong>\u00a0sayesinde ger\u00e7ek damar elastikiyeti ve direnci sa\u011flan\u0131r.<\/p>\n<\/li>\n<\/ul>\n<p class=\"ds-markdown-paragraph\">\u2714\u00a0<strong>Kapsaml\u0131 E\u011fitim \u0130mkan\u0131:<\/strong><\/p>\n<ul>\n<li>\n<p class=\"ds-markdown-paragraph\"><strong>\u0130\u011fne bat\u0131rma<\/strong>,\u00a0<strong>kan\u00fcl yerle\u015ftirme<\/strong>,\u00a0<strong>mikropor bant kullan\u0131m\u0131<\/strong>\u00a0ve\u00a0<strong>kan\u00fcl \u00e7\u0131karma<\/strong>\u00a0prosed\u00fcrlerini uygulamal\u0131 olarak \u00f6\u011fretir.<\/p>\n<\/li>\n<li>\n<p class=\"ds-markdown-paragraph\"><strong>Kan ak\u0131\u015f\u0131 y\u00f6netimi<\/strong>\u00a0becerilerini geli\u015ftirmek i\u00e7in optimize edilmi\u015ftir.<\/p>\n<\/li>\n<\/ul>\n<p class=\"ds-markdown-paragraph\">\u2714\u00a0<strong>Dayan\u0131kl\u0131 ve Kullan\u0131\u015fl\u0131 Tasar\u0131m:<\/strong><\/p>\n<ul>\n<li>\n<p class=\"ds-markdown-paragraph\"><strong>Masa\u00fcst\u00fc kullan\u0131m\u0131na uygun sabit taban<\/strong>\u00a0ile stabil \u00e7al\u0131\u015fma imkan\u0131.<\/p>\n<\/li>\n<li>\n<p class=\"ds-markdown-paragraph\">Defalarca kullan\u0131ma dayan\u0131kl\u0131\u00a0<strong>self-sealing (kendini onaran) damar yap\u0131s\u0131<\/strong>.<\/p>\n<\/li>\n<\/ul>\n<h4><strong>Kazan\u0131lan Beceriler<\/strong><\/h4>\n<ul>\n<li>\n<p class=\"ds-markdown-paragraph\">Damar yolunu\u00a0<strong>palpasyonla do\u011fru \u015fekilde tan\u0131mlama<\/strong>.<\/p>\n<\/li>\n<li>\n<p class=\"ds-markdown-paragraph\"><strong>Steril i\u011fne bat\u0131rma ve kan\u00fcl takma<\/strong>\u00a0teknikleri.<\/p>\n<\/li>\n<li>\n<p class=\"ds-markdown-paragraph\"><strong>Kan\u00fcl sabitleme (mikropor bant kullan\u0131m\u0131)<\/strong>\u00a0ve \u00e7\u0131karma prosed\u00fcrleri.<\/p>\n<\/li>\n<li>\n<p class=\"ds-markdown-paragraph\"><strong>Kanama kontrol\u00fc ve kan ak\u0131\u015f\u0131 y\u00f6netimi<\/strong>.<\/p>\n<\/li>\n<\/ul>\n","protected":false},"excerpt":{"rendered":"<p><strong>Extended ACF Pad &#8211; Venipuncture<\/strong>, antekubital fossa b\u00f6lgesinde\u00a0<strong>kan\u00fcl takma ve venipuncture<\/strong>\u00a0e\u011fitimi i\u00e7in geli\u015ftirilmi\u015f, ger\u00e7ek\u00e7i bir masa\u00fcst\u00fc sim\u00fclat\u00f6r\u00fcd\u00fcr. Latex damarlar\u0131 ve kendini onaran yap\u0131s\u0131yla uzun s\u00fcreli kullan\u0131m sa\u011flar.<\/p>\n","protected":false},"featured_media":86,"comment_status":"open","ping_status":"closed","template":"","meta":[],"product_brand":[129],"product_cat":[15,523,485,130,128],"product_tag":[275,281,280,276,274,279,282,268,115,273],"class_list":{"0":"post-85","1":"product","2":"type-product","3":"status-publish","4":"has-post-thumbnail","6":"product_brand-limbs-things","7":"product_cat-genel","8":"product_cat-acil-tip","9":"product_cat-anestezi","10":"product_cat-nursing","11":"product_cat-limbs-things","12":"product_tag-antekubital-fossa-modeli","13":"product_tag-damar-palpasyonu","14":"product_tag-hemsirelik-becerileri","15":"product_tag-igneleme-simulasyonu","16":"product_tag-kanul-takma-egitimi","17":"product_tag-kendini-onaran-damar","18":"product_tag-latex-venoz-sistem","19":"product_tag-limbs-things","20":"product_tag-tip-egitim-ekipmanlari","21":"product_tag-venipuncture-simulatoru","23":"first","24":"instock","25":"shipping-taxable","26":"product-type-simple"},"yoast_head":"<!-- This site is optimized with the Yoast SEO plugin v25.2 - https:\/\/yoast.com\/wordpress\/plugins\/seo\/ -->\n<title>Extended ACF Pad - Venipuncture | Antekubital Fossa Kan\u00fcl ve \u0130\u011fneleme E\u011fitim Sim\u00fclat\u00f6r\u00fc - Merkim Maket<\/title>\n<meta name=\"description\" content=\"Extended ACF Pad - Venipuncture ile ger\u00e7ek\u00e7i kan\u00fcl ve i\u011fneleme e\u011fitimi! Latex damarlar, kendini onaran yap\u0131 ve masa\u00fcst\u00fc kullan\u0131m kolayl\u0131\u011f\u0131. Hemen inceleyin.\" \/>\n<meta name=\"robots\" content=\"index, follow, max-snippet:-1, max-image-preview:large, max-video-preview:-1\" \/>\n<link rel=\"canonical\" href=\"https:\/\/merkim.com.tr\/merkim-maket\/urun\/extended-acf-pad-venipuncture-antekubital-fossa-kanul-ve-igneleme-egitim-simulatoru\/\" \/>\n<meta property=\"og:locale\" content=\"tr_TR\" \/>\n<meta property=\"og:type\" content=\"article\" \/>\n<meta property=\"og:title\" content=\"Extended ACF Pad - Venipuncture | Antekubital Fossa Kan\u00fcl ve \u0130\u011fneleme E\u011fitim Sim\u00fclat\u00f6r\u00fc - Merkim Maket\" \/>\n<meta property=\"og:description\" content=\"Extended ACF Pad - Venipuncture ile ger\u00e7ek\u00e7i kan\u00fcl ve i\u011fneleme e\u011fitimi! Latex damarlar, kendini onaran yap\u0131 ve masa\u00fcst\u00fc kullan\u0131m kolayl\u0131\u011f\u0131. Hemen inceleyin.\" \/>\n<meta property=\"og:url\" content=\"https:\/\/merkim.com.tr\/merkim-maket\/urun\/extended-acf-pad-venipuncture-antekubital-fossa-kanul-ve-igneleme-egitim-simulatoru\/\" \/>\n<meta property=\"og:site_name\" content=\"Merkim Maket\" \/>\n<meta property=\"article:modified_time\" content=\"2025-06-10T11:14:37+00:00\" \/>\n<meta property=\"og:image\" content=\"https:\/\/merkim.com.tr\/merkim-maket\/wp-content\/uploads\/2025\/06\/extended-acf-pad-venipuncture-antekubital-fossa-egitim-simulatoru-limbs-and-things.png\" \/>\n\t<meta property=\"og:image:width\" content=\"800\" \/>\n\t<meta property=\"og:image:height\" content=\"800\" \/>\n\t<meta property=\"og:image:type\" content=\"image\/png\" \/>\n<meta name=\"twitter:card\" content=\"summary_large_image\" \/>\n<meta name=\"twitter:label1\" content=\"Tahmini okuma s\u00fcresi\" \/>\n\t<meta name=\"twitter:data1\" content=\"2 dakika\" \/>\n<script type=\"application\/ld+json\" class=\"yoast-schema-graph\">{\"@context\":\"https:\/\/schema.org\",\"@graph\":[{\"@type\":\"WebPage\",\"@id\":\"https:\/\/merkim.com.tr\/merkim-maket\/urun\/extended-acf-pad-venipuncture-antekubital-fossa-kanul-ve-igneleme-egitim-simulatoru\/\",\"url\":\"https:\/\/merkim.com.tr\/merkim-maket\/urun\/extended-acf-pad-venipuncture-antekubital-fossa-kanul-ve-igneleme-egitim-simulatoru\/\",\"name\":\"Extended ACF Pad - Venipuncture | Antekubital Fossa Kan\u00fcl ve \u0130\u011fneleme E\u011fitim Sim\u00fclat\u00f6r\u00fc - Merkim Maket\",\"isPartOf\":{\"@id\":\"https:\/\/merkim.com.tr\/merkim-maket\/#website\"},\"primaryImageOfPage\":{\"@id\":\"https:\/\/merkim.com.tr\/merkim-maket\/urun\/extended-acf-pad-venipuncture-antekubital-fossa-kanul-ve-igneleme-egitim-simulatoru\/#primaryimage\"},\"image\":{\"@id\":\"https:\/\/merkim.com.tr\/merkim-maket\/urun\/extended-acf-pad-venipuncture-antekubital-fossa-kanul-ve-igneleme-egitim-simulatoru\/#primaryimage\"},\"thumbnailUrl\":\"https:\/\/merkim.com.tr\/merkim-maket\/wp-content\/uploads\/2025\/06\/extended-acf-pad-venipuncture-antekubital-fossa-egitim-simulatoru-limbs-and-things.png\",\"datePublished\":\"2025-06-08T14:13:13+00:00\",\"dateModified\":\"2025-06-10T11:14:37+00:00\",\"description\":\"Extended ACF Pad - Venipuncture ile ger\u00e7ek\u00e7i kan\u00fcl ve i\u011fneleme e\u011fitimi! Latex damarlar, kendini onaran yap\u0131 ve masa\u00fcst\u00fc kullan\u0131m kolayl\u0131\u011f\u0131. Hemen inceleyin.\",\"breadcrumb\":{\"@id\":\"https:\/\/merkim.com.tr\/merkim-maket\/urun\/extended-acf-pad-venipuncture-antekubital-fossa-kanul-ve-igneleme-egitim-simulatoru\/#breadcrumb\"},\"inLanguage\":\"tr\",\"potentialAction\":[{\"@type\":\"ReadAction\",\"target\":[\"https:\/\/merkim.com.tr\/merkim-maket\/urun\/extended-acf-pad-venipuncture-antekubital-fossa-kanul-ve-igneleme-egitim-simulatoru\/\"]}]},{\"@type\":\"ImageObject\",\"inLanguage\":\"tr\",\"@id\":\"https:\/\/merkim.com.tr\/merkim-maket\/urun\/extended-acf-pad-venipuncture-antekubital-fossa-kanul-ve-igneleme-egitim-simulatoru\/#primaryimage\",\"url\":\"https:\/\/merkim.com.tr\/merkim-maket\/wp-content\/uploads\/2025\/06\/extended-acf-pad-venipuncture-antekubital-fossa-egitim-simulatoru-limbs-and-things.png\",\"contentUrl\":\"https:\/\/merkim.com.tr\/merkim-maket\/wp-content\/uploads\/2025\/06\/extended-acf-pad-venipuncture-antekubital-fossa-egitim-simulatoru-limbs-and-things.png\",\"width\":800,\"height\":800,\"caption\":\"Latex damarlar ve kendini onaran yap\u0131 ile defalarca kullan\u0131m\"},{\"@type\":\"BreadcrumbList\",\"@id\":\"https:\/\/merkim.com.tr\/merkim-maket\/urun\/extended-acf-pad-venipuncture-antekubital-fossa-kanul-ve-igneleme-egitim-simulatoru\/#breadcrumb\",\"itemListElement\":[{\"@type\":\"ListItem\",\"position\":1,\"name\":\"Anasayfa\",\"item\":\"https:\/\/merkim.com.tr\/merkim-maket\/\"},{\"@type\":\"ListItem\",\"position\":2,\"name\":\"Ma\u011faza\",\"item\":\"https:\/\/merkim.com.tr\/merkim-maket\/magaza\/\"},{\"@type\":\"ListItem\",\"position\":3,\"name\":\"Extended ACF Pad &#8211; Venipuncture | Antekubital Fossa Kan\u00fcl ve \u0130\u011fneleme E\u011fitim Sim\u00fclat\u00f6r\u00fc\"}]},{\"@type\":\"WebSite\",\"@id\":\"https:\/\/merkim.com.tr\/merkim-maket\/#website\",\"url\":\"https:\/\/merkim.com.tr\/merkim-maket\/\",\"name\":\"Merkim Maket\",\"description\":\"\",\"potentialAction\":[{\"@type\":\"SearchAction\",\"target\":{\"@type\":\"EntryPoint\",\"urlTemplate\":\"https:\/\/merkim.com.tr\/merkim-maket\/?s={search_term_string}\"},\"query-input\":{\"@type\":\"PropertyValueSpecification\",\"valueRequired\":true,\"valueName\":\"search_term_string\"}}],\"inLanguage\":\"tr\"}]}<\/script>\n<!-- \/ Yoast SEO plugin. -->","yoast_head_json":{"title":"Extended ACF Pad - Venipuncture | Antekubital Fossa Kan\u00fcl ve \u0130\u011fneleme E\u011fitim Sim\u00fclat\u00f6r\u00fc - Merkim Maket","description":"Extended ACF Pad - Venipuncture ile ger\u00e7ek\u00e7i kan\u00fcl ve i\u011fneleme e\u011fitimi! Latex damarlar, kendini onaran yap\u0131 ve masa\u00fcst\u00fc kullan\u0131m kolayl\u0131\u011f\u0131. Hemen inceleyin.","robots":{"index":"index","follow":"follow","max-snippet":"max-snippet:-1","max-image-preview":"max-image-preview:large","max-video-preview":"max-video-preview:-1"},"canonical":"https:\/\/merkim.com.tr\/merkim-maket\/urun\/extended-acf-pad-venipuncture-antekubital-fossa-kanul-ve-igneleme-egitim-simulatoru\/","og_locale":"tr_TR","og_type":"article","og_title":"Extended ACF Pad - Venipuncture | Antekubital Fossa Kan\u00fcl ve \u0130\u011fneleme E\u011fitim Sim\u00fclat\u00f6r\u00fc - Merkim Maket","og_description":"Extended ACF Pad - Venipuncture ile ger\u00e7ek\u00e7i kan\u00fcl ve i\u011fneleme e\u011fitimi! Latex damarlar, kendini onaran yap\u0131 ve masa\u00fcst\u00fc kullan\u0131m kolayl\u0131\u011f\u0131. Hemen inceleyin.","og_url":"https:\/\/merkim.com.tr\/merkim-maket\/urun\/extended-acf-pad-venipuncture-antekubital-fossa-kanul-ve-igneleme-egitim-simulatoru\/","og_site_name":"Merkim Maket","article_modified_time":"2025-06-10T11:14:37+00:00","og_image":[{"width":800,"height":800,"url":"https:\/\/merkim.com.tr\/merkim-maket\/wp-content\/uploads\/2025\/06\/extended-acf-pad-venipuncture-antekubital-fossa-egitim-simulatoru-limbs-and-things.png","type":"image\/png"}],"twitter_card":"summary_large_image","twitter_misc":{"Tahmini okuma s\u00fcresi":"2 dakika"},"schema":{"@context":"https:\/\/schema.org","@graph":[{"@type":"WebPage","@id":"https:\/\/merkim.com.tr\/merkim-maket\/urun\/extended-acf-pad-venipuncture-antekubital-fossa-kanul-ve-igneleme-egitim-simulatoru\/","url":"https:\/\/merkim.com.tr\/merkim-maket\/urun\/extended-acf-pad-venipuncture-antekubital-fossa-kanul-ve-igneleme-egitim-simulatoru\/","name":"Extended ACF Pad - Venipuncture | Antekubital Fossa Kan\u00fcl ve \u0130\u011fneleme E\u011fitim Sim\u00fclat\u00f6r\u00fc - Merkim Maket","isPartOf":{"@id":"https:\/\/merkim.com.tr\/merkim-maket\/#website"},"primaryImageOfPage":{"@id":"https:\/\/merkim.com.tr\/merkim-maket\/urun\/extended-acf-pad-venipuncture-antekubital-fossa-kanul-ve-igneleme-egitim-simulatoru\/#primaryimage"},"image":{"@id":"https:\/\/merkim.com.tr\/merkim-maket\/urun\/extended-acf-pad-venipuncture-antekubital-fossa-kanul-ve-igneleme-egitim-simulatoru\/#primaryimage"},"thumbnailUrl":"https:\/\/merkim.com.tr\/merkim-maket\/wp-content\/uploads\/2025\/06\/extended-acf-pad-venipuncture-antekubital-fossa-egitim-simulatoru-limbs-and-things.png","datePublished":"2025-06-08T14:13:13+00:00","dateModified":"2025-06-10T11:14:37+00:00","description":"Extended ACF Pad - Venipuncture ile ger\u00e7ek\u00e7i kan\u00fcl ve i\u011fneleme e\u011fitimi! Latex damarlar, kendini onaran yap\u0131 ve masa\u00fcst\u00fc kullan\u0131m kolayl\u0131\u011f\u0131. Hemen inceleyin.","breadcrumb":{"@id":"https:\/\/merkim.com.tr\/merkim-maket\/urun\/extended-acf-pad-venipuncture-antekubital-fossa-kanul-ve-igneleme-egitim-simulatoru\/#breadcrumb"},"inLanguage":"tr","potentialAction":[{"@type":"ReadAction","target":["https:\/\/merkim.com.tr\/merkim-maket\/urun\/extended-acf-pad-venipuncture-antekubital-fossa-kanul-ve-igneleme-egitim-simulatoru\/"]}]},{"@type":"ImageObject","inLanguage":"tr","@id":"https:\/\/merkim.com.tr\/merkim-maket\/urun\/extended-acf-pad-venipuncture-antekubital-fossa-kanul-ve-igneleme-egitim-simulatoru\/#primaryimage","url":"https:\/\/merkim.com.tr\/merkim-maket\/wp-content\/uploads\/2025\/06\/extended-acf-pad-venipuncture-antekubital-fossa-egitim-simulatoru-limbs-and-things.png","contentUrl":"https:\/\/merkim.com.tr\/merkim-maket\/wp-content\/uploads\/2025\/06\/extended-acf-pad-venipuncture-antekubital-fossa-egitim-simulatoru-limbs-and-things.png","width":800,"height":800,"caption":"Latex damarlar ve kendini onaran yap\u0131 ile defalarca kullan\u0131m"},{"@type":"BreadcrumbList","@id":"https:\/\/merkim.com.tr\/merkim-maket\/urun\/extended-acf-pad-venipuncture-antekubital-fossa-kanul-ve-igneleme-egitim-simulatoru\/#breadcrumb","itemListElement":[{"@type":"ListItem","position":1,"name":"Anasayfa","item":"https:\/\/merkim.com.tr\/merkim-maket\/"},{"@type":"ListItem","position":2,"name":"Ma\u011faza","item":"https:\/\/merkim.com.tr\/merkim-maket\/magaza\/"},{"@type":"ListItem","position":3,"name":"Extended ACF Pad &#8211; Venipuncture | Antekubital Fossa Kan\u00fcl ve \u0130\u011fneleme E\u011fitim Sim\u00fclat\u00f6r\u00fc"}]},{"@type":"WebSite","@id":"https:\/\/merkim.com.tr\/merkim-maket\/#website","url":"https:\/\/merkim.com.tr\/merkim-maket\/","name":"Merkim Maket","description":"","potentialAction":[{"@type":"SearchAction","target":{"@type":"EntryPoint","urlTemplate":"https:\/\/merkim.com.tr\/merkim-maket\/?s={search_term_string}"},"query-input":{"@type":"PropertyValueSpecification","valueRequired":true,"valueName":"search_term_string"}}],"inLanguage":"tr"}]}},"_links":{"self":[{"href":"https:\/\/merkim.com.tr\/merkim-maket\/wp-json\/wp\/v2\/product\/85","targetHints":{"allow":["GET"]}}],"collection":[{"href":"https:\/\/merkim.com.tr\/merkim-maket\/wp-json\/wp\/v2\/product"}],"about":[{"href":"https:\/\/merkim.com.tr\/merkim-maket\/wp-json\/wp\/v2\/types\/product"}],"replies":[{"embeddable":true,"href":"https:\/\/merkim.com.tr\/merkim-maket\/wp-json\/wp\/v2\/comments?post=85"}],"wp:featuredmedia":[{"embeddable":true,"href":"https:\/\/merkim.com.tr\/merkim-maket\/wp-json\/wp\/v2\/media\/86"}],"wp:attachment":[{"href":"https:\/\/merkim.com.tr\/merkim-maket\/wp-json\/wp\/v2\/media?parent=85"}],"wp:term":[{"taxonomy":"product_brand","embeddable":true,"href":"https:\/\/merkim.com.tr\/merkim-maket\/wp-json\/wp\/v2\/product_brand?post=85"},{"taxonomy":"product_cat","embeddable":true,"href":"https:\/\/merkim.com.tr\/merkim-maket\/wp-json\/wp\/v2\/product_cat?post=85"},{"taxonomy":"product_tag","embeddable":true,"href":"https:\/\/merkim.com.tr\/merkim-maket\/wp-json\/wp\/v2\/product_tag?post=85"}],"curies":[{"name":"wp","href":"https:\/\/api.w.org\/{rel}","templated":true}]}}