{"id":83,"date":"2025-06-08T14:02:33","date_gmt":"2025-06-08T14:02:33","guid":{"rendered":"https:\/\/merkim.com.tr\/merkim-maket\/?post_type=product&#038;p=83"},"modified":"2025-06-10T11:13:45","modified_gmt":"2025-06-10T11:13:45","slug":"acf-pad-venipuncture-antekubital-fossa-igneleme-egitim-simulatoru","status":"publish","type":"product","link":"https:\/\/merkim.com.tr\/merkim-maket\/urun\/acf-pad-venipuncture-antekubital-fossa-igneleme-egitim-simulatoru\/","title":{"rendered":"ACF Pad &#8211; Venipuncture | Antekubital Fossa \u0130\u011fneleme E\u011fitim Sim\u00fclat\u00f6r\u00fc"},"content":{"rendered":"<p class=\"ds-markdown-paragraph\"><strong>Limbs &amp; Things ACF Pad<\/strong>, sa\u011f kolun\u00a0<strong>antekubital fossa<\/strong>\u00a0b\u00f6lgesini temsil eden,\u00a0<strong>venipuncture (ven\u00f6z i\u011fneleme)<\/strong>\u00a0ve\u00a0<strong>kan\u00fcl takma<\/strong>\u00a0becerilerini ger\u00e7ek\u00e7i bir \u015fekilde \u00f6\u011freten profesyonel bir e\u011fitim sim\u00fclat\u00f6r\u00fcd\u00fcr. T\u0131p \u00f6\u011frencileri, hem\u015fireler ve sa\u011fl\u0131k profesyonelleri i\u00e7in ideal bir e\u011fitim arac\u0131d\u0131r.<\/p>\n<h4><strong>Ana \u00d6zellikler<\/strong><\/h4>\n<p class=\"ds-markdown-paragraph\">\u2714\u00a0<strong>Ger\u00e7ek\u00e7i Damar Yap\u0131s\u0131:<\/strong><\/p>\n<ul>\n<li>\n<p class=\"ds-markdown-paragraph\"><strong>Kendini onaran (self-sealing)<\/strong>\u00a0ve\u00a0<strong>tekrar doldurulabilir<\/strong>\u00a0damarlar ile defalarca kullan\u0131m.<\/p>\n<\/li>\n<li>\n<p class=\"ds-markdown-paragraph\"><strong>Tek y\u00f6nl\u00fc valf<\/strong>\u00a0sayesinde mock kan ile kolayca \u015farj edilebilir.<\/p>\n<\/li>\n<li>\n<p class=\"ds-markdown-paragraph\">Bas\u0131n\u00e7l\u0131 mock kan sistemi ile ger\u00e7ek\u00e7i kan ak\u0131\u015f\u0131 sim\u00fclasyonu.<\/p>\n<\/li>\n<\/ul>\n<p class=\"ds-markdown-paragraph\">\u2714\u00a0<strong>G\u00fcvenli ve Dayan\u0131kl\u0131 Tasar\u0131m:<\/strong><\/p>\n<ul>\n<li>\n<p class=\"ds-markdown-paragraph\"><strong>\u0130\u011fne batmas\u0131n\u0131 \u00f6nleyen sert arka plaka<\/strong>\u00a0sayesinde g\u00fcvenli e\u011fitim.<\/p>\n<\/li>\n<li>\n<p class=\"ds-markdown-paragraph\"><strong>Latex i\u00e7eren damarlar<\/strong>\u00a0(ger\u00e7ek\u00e7i elastikiyet sa\u011flar).<\/p>\n<\/li>\n<li>\n<p class=\"ds-markdown-paragraph\"><strong>Y\u0131kanabilir ve de\u011fi\u015ftirilebilir epidermis<\/strong>\u00a0(Limbs &amp; Things mock kan ile temizlik kolay).<\/p>\n<\/li>\n<\/ul>\n<p class=\"ds-markdown-paragraph\">\u2714\u00a0<strong>\u00c7ok Y\u00f6nl\u00fc Kullan\u0131m:<\/strong><\/p>\n<ul>\n<li>\n<p class=\"ds-markdown-paragraph\"><strong>Mock Blood Giving Set<\/strong>\u00a0ile entegre kullan\u0131m imk\u00e2n\u0131.<\/p>\n<\/li>\n<li>\n<p class=\"ds-markdown-paragraph\">Sim\u00fcle hasta ile\u00a0<strong>senaryo bazl\u0131 e\u011fitimler<\/strong>\u00a0i\u00e7in uygun.<\/p>\n<\/li>\n<li>\n<p class=\"ds-markdown-paragraph\">Kolayca tak\u0131labilen\u00a0<strong>kay\u0131\u015f sistemi<\/strong>\u00a0ile herhangi bir modele veya insan koluna adapte edilebilir.<\/p>\n<\/li>\n<\/ul>\n<h4><strong>Kazan\u0131lan Beceriler<\/strong><\/h4>\n<ul>\n<li>\n<p class=\"ds-markdown-paragraph\">Damar yap\u0131s\u0131n\u0131\u00a0<strong>palpasyonla tan\u0131ma<\/strong>.<\/p>\n<\/li>\n<li>\n<p class=\"ds-markdown-paragraph\"><strong>\u0130\u011fne bat\u0131rma ve kan\u00fcl takma<\/strong>\u00a0teknikleri.<\/p>\n<\/li>\n<li>\n<p class=\"ds-markdown-paragraph\">Kan ak\u0131\u015f\u0131n\u0131 kontrol etme ve\u00a0<strong>profesyonel-hasta ileti\u015fimi<\/strong>.<\/p>\n<\/li>\n<li>\n<p class=\"ds-markdown-paragraph\">Acil durum prosed\u00fcrlerinde pratik yapma.<\/p>\n<\/li>\n<\/ul>\n","protected":false},"excerpt":{"rendered":"<p><strong>ACF Pad &#8211; Venipuncture<\/strong>, antekubital fossa b\u00f6lgesinde ger\u00e7ek\u00e7i venipuncture e\u011fitimi sunar. Kendini onaran damarlar, mock kan deste\u011fi ve g\u00fcvenli tasar\u0131m\u0131 ile t\u0131p e\u011fitimlerinde vazge\u00e7ilmez bir sim\u00fclat\u00f6rd\u00fcr.<\/p>\n","protected":false},"featured_media":84,"comment_status":"open","ping_status":"closed","template":"","meta":[],"product_brand":[129],"product_cat":[15,523,485,130,128],"product_tag":[275,278,276,274,279,268,277,239,115,273],"class_list":{"0":"post-83","1":"product","2":"type-product","3":"status-publish","4":"has-post-thumbnail","6":"product_brand-limbs-things","7":"product_cat-genel","8":"product_cat-acil-tip","9":"product_cat-anestezi","10":"product_cat-nursing","11":"product_cat-limbs-things","12":"product_tag-antekubital-fossa-modeli","13":"product_tag-hemsire-egitim-simulatoru","14":"product_tag-igneleme-simulasyonu","15":"product_tag-kanul-takma-egitimi","16":"product_tag-kendini-onaran-damar","17":"product_tag-limbs-things","18":"product_tag-mock-kan-seti","19":"product_tag-palpasyon-egitimi","20":"product_tag-tip-egitim-ekipmanlari","21":"product_tag-venipuncture-simulatoru","23":"first","24":"instock","25":"shipping-taxable","26":"product-type-simple"},"yoast_head":"<!-- This site is optimized with the Yoast SEO plugin v25.2 - https:\/\/yoast.com\/wordpress\/plugins\/seo\/ -->\n<title>ACF Pad - Venipuncture | Antekubital Fossa \u0130\u011fneleme E\u011fitim Sim\u00fclat\u00f6r\u00fc - Merkim Maket<\/title>\n<meta name=\"description\" content=\"ACF Pad - Venipuncture ile ger\u00e7ek\u00e7i i\u011fneleme e\u011fitimi! Kendini onaran damarlar, mock kan deste\u011fi ve g\u00fcvenli tasar\u0131m. Hemen inceleyin.\" \/>\n<meta name=\"robots\" content=\"index, follow, max-snippet:-1, max-image-preview:large, max-video-preview:-1\" \/>\n<link rel=\"canonical\" href=\"https:\/\/merkim.com.tr\/merkim-maket\/urun\/acf-pad-venipuncture-antekubital-fossa-igneleme-egitim-simulatoru\/\" \/>\n<meta property=\"og:locale\" content=\"tr_TR\" \/>\n<meta property=\"og:type\" content=\"article\" \/>\n<meta property=\"og:title\" content=\"ACF Pad - Venipuncture | Antekubital Fossa \u0130\u011fneleme E\u011fitim Sim\u00fclat\u00f6r\u00fc - Merkim Maket\" \/>\n<meta property=\"og:description\" content=\"ACF Pad - Venipuncture ile ger\u00e7ek\u00e7i i\u011fneleme e\u011fitimi! Kendini onaran damarlar, mock kan deste\u011fi ve g\u00fcvenli tasar\u0131m. Hemen inceleyin.\" \/>\n<meta property=\"og:url\" content=\"https:\/\/merkim.com.tr\/merkim-maket\/urun\/acf-pad-venipuncture-antekubital-fossa-igneleme-egitim-simulatoru\/\" \/>\n<meta property=\"og:site_name\" content=\"Merkim Maket\" \/>\n<meta property=\"article:modified_time\" content=\"2025-06-10T11:13:45+00:00\" \/>\n<meta property=\"og:image\" content=\"https:\/\/merkim.com.tr\/merkim-maket\/wp-content\/uploads\/2025\/06\/acf-pad-venipuncture-antekubital-fossa-egitim-simulatoru-limbs-and-things.png\" \/>\n\t<meta property=\"og:image:width\" content=\"800\" \/>\n\t<meta property=\"og:image:height\" content=\"800\" \/>\n\t<meta property=\"og:image:type\" content=\"image\/png\" \/>\n<meta name=\"twitter:card\" content=\"summary_large_image\" \/>\n<meta name=\"twitter:label1\" content=\"Tahmini okuma s\u00fcresi\" \/>\n\t<meta name=\"twitter:data1\" content=\"2 dakika\" \/>\n<script type=\"application\/ld+json\" class=\"yoast-schema-graph\">{\"@context\":\"https:\/\/schema.org\",\"@graph\":[{\"@type\":\"WebPage\",\"@id\":\"https:\/\/merkim.com.tr\/merkim-maket\/urun\/acf-pad-venipuncture-antekubital-fossa-igneleme-egitim-simulatoru\/\",\"url\":\"https:\/\/merkim.com.tr\/merkim-maket\/urun\/acf-pad-venipuncture-antekubital-fossa-igneleme-egitim-simulatoru\/\",\"name\":\"ACF Pad - Venipuncture | Antekubital Fossa \u0130\u011fneleme E\u011fitim Sim\u00fclat\u00f6r\u00fc - Merkim Maket\",\"isPartOf\":{\"@id\":\"https:\/\/merkim.com.tr\/merkim-maket\/#website\"},\"primaryImageOfPage\":{\"@id\":\"https:\/\/merkim.com.tr\/merkim-maket\/urun\/acf-pad-venipuncture-antekubital-fossa-igneleme-egitim-simulatoru\/#primaryimage\"},\"image\":{\"@id\":\"https:\/\/merkim.com.tr\/merkim-maket\/urun\/acf-pad-venipuncture-antekubital-fossa-igneleme-egitim-simulatoru\/#primaryimage\"},\"thumbnailUrl\":\"https:\/\/merkim.com.tr\/merkim-maket\/wp-content\/uploads\/2025\/06\/acf-pad-venipuncture-antekubital-fossa-egitim-simulatoru-limbs-and-things.png\",\"datePublished\":\"2025-06-08T14:02:33+00:00\",\"dateModified\":\"2025-06-10T11:13:45+00:00\",\"description\":\"ACF Pad - Venipuncture ile ger\u00e7ek\u00e7i i\u011fneleme e\u011fitimi! Kendini onaran damarlar, mock kan deste\u011fi ve g\u00fcvenli tasar\u0131m. Hemen inceleyin.\",\"breadcrumb\":{\"@id\":\"https:\/\/merkim.com.tr\/merkim-maket\/urun\/acf-pad-venipuncture-antekubital-fossa-igneleme-egitim-simulatoru\/#breadcrumb\"},\"inLanguage\":\"tr\",\"potentialAction\":[{\"@type\":\"ReadAction\",\"target\":[\"https:\/\/merkim.com.tr\/merkim-maket\/urun\/acf-pad-venipuncture-antekubital-fossa-igneleme-egitim-simulatoru\/\"]}]},{\"@type\":\"ImageObject\",\"inLanguage\":\"tr\",\"@id\":\"https:\/\/merkim.com.tr\/merkim-maket\/urun\/acf-pad-venipuncture-antekubital-fossa-igneleme-egitim-simulatoru\/#primaryimage\",\"url\":\"https:\/\/merkim.com.tr\/merkim-maket\/wp-content\/uploads\/2025\/06\/acf-pad-venipuncture-antekubital-fossa-egitim-simulatoru-limbs-and-things.png\",\"contentUrl\":\"https:\/\/merkim.com.tr\/merkim-maket\/wp-content\/uploads\/2025\/06\/acf-pad-venipuncture-antekubital-fossa-egitim-simulatoru-limbs-and-things.png\",\"width\":800,\"height\":800,\"caption\":\"Kendini onaran damarlar ve mock kan deste\u011fi ile defalarca kullan\u0131m\"},{\"@type\":\"BreadcrumbList\",\"@id\":\"https:\/\/merkim.com.tr\/merkim-maket\/urun\/acf-pad-venipuncture-antekubital-fossa-igneleme-egitim-simulatoru\/#breadcrumb\",\"itemListElement\":[{\"@type\":\"ListItem\",\"position\":1,\"name\":\"Anasayfa\",\"item\":\"https:\/\/merkim.com.tr\/merkim-maket\/\"},{\"@type\":\"ListItem\",\"position\":2,\"name\":\"Ma\u011faza\",\"item\":\"https:\/\/merkim.com.tr\/merkim-maket\/magaza\/\"},{\"@type\":\"ListItem\",\"position\":3,\"name\":\"ACF Pad &#8211; Venipuncture | Antekubital Fossa \u0130\u011fneleme E\u011fitim Sim\u00fclat\u00f6r\u00fc\"}]},{\"@type\":\"WebSite\",\"@id\":\"https:\/\/merkim.com.tr\/merkim-maket\/#website\",\"url\":\"https:\/\/merkim.com.tr\/merkim-maket\/\",\"name\":\"Merkim Maket\",\"description\":\"\",\"potentialAction\":[{\"@type\":\"SearchAction\",\"target\":{\"@type\":\"EntryPoint\",\"urlTemplate\":\"https:\/\/merkim.com.tr\/merkim-maket\/?s={search_term_string}\"},\"query-input\":{\"@type\":\"PropertyValueSpecification\",\"valueRequired\":true,\"valueName\":\"search_term_string\"}}],\"inLanguage\":\"tr\"}]}<\/script>\n<!-- \/ Yoast SEO plugin. -->","yoast_head_json":{"title":"ACF Pad - Venipuncture | Antekubital Fossa \u0130\u011fneleme E\u011fitim Sim\u00fclat\u00f6r\u00fc - Merkim Maket","description":"ACF Pad - Venipuncture ile ger\u00e7ek\u00e7i i\u011fneleme e\u011fitimi! Kendini onaran damarlar, mock kan deste\u011fi ve g\u00fcvenli tasar\u0131m. Hemen inceleyin.","robots":{"index":"index","follow":"follow","max-snippet":"max-snippet:-1","max-image-preview":"max-image-preview:large","max-video-preview":"max-video-preview:-1"},"canonical":"https:\/\/merkim.com.tr\/merkim-maket\/urun\/acf-pad-venipuncture-antekubital-fossa-igneleme-egitim-simulatoru\/","og_locale":"tr_TR","og_type":"article","og_title":"ACF Pad - Venipuncture | Antekubital Fossa \u0130\u011fneleme E\u011fitim Sim\u00fclat\u00f6r\u00fc - Merkim Maket","og_description":"ACF Pad - Venipuncture ile ger\u00e7ek\u00e7i i\u011fneleme e\u011fitimi! Kendini onaran damarlar, mock kan deste\u011fi ve g\u00fcvenli tasar\u0131m. Hemen inceleyin.","og_url":"https:\/\/merkim.com.tr\/merkim-maket\/urun\/acf-pad-venipuncture-antekubital-fossa-igneleme-egitim-simulatoru\/","og_site_name":"Merkim Maket","article_modified_time":"2025-06-10T11:13:45+00:00","og_image":[{"width":800,"height":800,"url":"https:\/\/merkim.com.tr\/merkim-maket\/wp-content\/uploads\/2025\/06\/acf-pad-venipuncture-antekubital-fossa-egitim-simulatoru-limbs-and-things.png","type":"image\/png"}],"twitter_card":"summary_large_image","twitter_misc":{"Tahmini okuma s\u00fcresi":"2 dakika"},"schema":{"@context":"https:\/\/schema.org","@graph":[{"@type":"WebPage","@id":"https:\/\/merkim.com.tr\/merkim-maket\/urun\/acf-pad-venipuncture-antekubital-fossa-igneleme-egitim-simulatoru\/","url":"https:\/\/merkim.com.tr\/merkim-maket\/urun\/acf-pad-venipuncture-antekubital-fossa-igneleme-egitim-simulatoru\/","name":"ACF Pad - Venipuncture | Antekubital Fossa \u0130\u011fneleme E\u011fitim Sim\u00fclat\u00f6r\u00fc - Merkim Maket","isPartOf":{"@id":"https:\/\/merkim.com.tr\/merkim-maket\/#website"},"primaryImageOfPage":{"@id":"https:\/\/merkim.com.tr\/merkim-maket\/urun\/acf-pad-venipuncture-antekubital-fossa-igneleme-egitim-simulatoru\/#primaryimage"},"image":{"@id":"https:\/\/merkim.com.tr\/merkim-maket\/urun\/acf-pad-venipuncture-antekubital-fossa-igneleme-egitim-simulatoru\/#primaryimage"},"thumbnailUrl":"https:\/\/merkim.com.tr\/merkim-maket\/wp-content\/uploads\/2025\/06\/acf-pad-venipuncture-antekubital-fossa-egitim-simulatoru-limbs-and-things.png","datePublished":"2025-06-08T14:02:33+00:00","dateModified":"2025-06-10T11:13:45+00:00","description":"ACF Pad - Venipuncture ile ger\u00e7ek\u00e7i i\u011fneleme e\u011fitimi! Kendini onaran damarlar, mock kan deste\u011fi ve g\u00fcvenli tasar\u0131m. Hemen inceleyin.","breadcrumb":{"@id":"https:\/\/merkim.com.tr\/merkim-maket\/urun\/acf-pad-venipuncture-antekubital-fossa-igneleme-egitim-simulatoru\/#breadcrumb"},"inLanguage":"tr","potentialAction":[{"@type":"ReadAction","target":["https:\/\/merkim.com.tr\/merkim-maket\/urun\/acf-pad-venipuncture-antekubital-fossa-igneleme-egitim-simulatoru\/"]}]},{"@type":"ImageObject","inLanguage":"tr","@id":"https:\/\/merkim.com.tr\/merkim-maket\/urun\/acf-pad-venipuncture-antekubital-fossa-igneleme-egitim-simulatoru\/#primaryimage","url":"https:\/\/merkim.com.tr\/merkim-maket\/wp-content\/uploads\/2025\/06\/acf-pad-venipuncture-antekubital-fossa-egitim-simulatoru-limbs-and-things.png","contentUrl":"https:\/\/merkim.com.tr\/merkim-maket\/wp-content\/uploads\/2025\/06\/acf-pad-venipuncture-antekubital-fossa-egitim-simulatoru-limbs-and-things.png","width":800,"height":800,"caption":"Kendini onaran damarlar ve mock kan deste\u011fi ile defalarca kullan\u0131m"},{"@type":"BreadcrumbList","@id":"https:\/\/merkim.com.tr\/merkim-maket\/urun\/acf-pad-venipuncture-antekubital-fossa-igneleme-egitim-simulatoru\/#breadcrumb","itemListElement":[{"@type":"ListItem","position":1,"name":"Anasayfa","item":"https:\/\/merkim.com.tr\/merkim-maket\/"},{"@type":"ListItem","position":2,"name":"Ma\u011faza","item":"https:\/\/merkim.com.tr\/merkim-maket\/magaza\/"},{"@type":"ListItem","position":3,"name":"ACF Pad &#8211; Venipuncture | Antekubital Fossa \u0130\u011fneleme E\u011fitim Sim\u00fclat\u00f6r\u00fc"}]},{"@type":"WebSite","@id":"https:\/\/merkim.com.tr\/merkim-maket\/#website","url":"https:\/\/merkim.com.tr\/merkim-maket\/","name":"Merkim Maket","description":"","potentialAction":[{"@type":"SearchAction","target":{"@type":"EntryPoint","urlTemplate":"https:\/\/merkim.com.tr\/merkim-maket\/?s={search_term_string}"},"query-input":{"@type":"PropertyValueSpecification","valueRequired":true,"valueName":"search_term_string"}}],"inLanguage":"tr"}]}},"_links":{"self":[{"href":"https:\/\/merkim.com.tr\/merkim-maket\/wp-json\/wp\/v2\/product\/83","targetHints":{"allow":["GET"]}}],"collection":[{"href":"https:\/\/merkim.com.tr\/merkim-maket\/wp-json\/wp\/v2\/product"}],"about":[{"href":"https:\/\/merkim.com.tr\/merkim-maket\/wp-json\/wp\/v2\/types\/product"}],"replies":[{"embeddable":true,"href":"https:\/\/merkim.com.tr\/merkim-maket\/wp-json\/wp\/v2\/comments?post=83"}],"wp:featuredmedia":[{"embeddable":true,"href":"https:\/\/merkim.com.tr\/merkim-maket\/wp-json\/wp\/v2\/media\/84"}],"wp:attachment":[{"href":"https:\/\/merkim.com.tr\/merkim-maket\/wp-json\/wp\/v2\/media?parent=83"}],"wp:term":[{"taxonomy":"product_brand","embeddable":true,"href":"https:\/\/merkim.com.tr\/merkim-maket\/wp-json\/wp\/v2\/product_brand?post=83"},{"taxonomy":"product_cat","embeddable":true,"href":"https:\/\/merkim.com.tr\/merkim-maket\/wp-json\/wp\/v2\/product_cat?post=83"},{"taxonomy":"product_tag","embeddable":true,"href":"https:\/\/merkim.com.tr\/merkim-maket\/wp-json\/wp\/v2\/product_tag?post=83"}],"curies":[{"name":"wp","href":"https:\/\/api.w.org\/{rel}","templated":true}]}}