{"id":77,"date":"2025-06-08T13:20:42","date_gmt":"2025-06-08T13:20:42","guid":{"rendered":"https:\/\/merkim.com.tr\/merkim-maket\/?post_type=product&#038;p=77"},"modified":"2025-06-10T11:03:36","modified_gmt":"2025-06-10T11:03:36","slug":"clinical-male-pelvic-trainer-cmpt-mk-2-advanced-light-skin-tone-erkek-pelvik-muayene-simulatoru","status":"publish","type":"product","link":"https:\/\/merkim.com.tr\/merkim-maket\/urun\/clinical-male-pelvic-trainer-cmpt-mk-2-advanced-light-skin-tone-erkek-pelvik-muayene-simulatoru\/","title":{"rendered":"Clinical Male Pelvic Trainer (CMPT) Mk 2 &#8211; Advanced \u2013 Light Skin Tone | Erkek Pelvik Muayene Sim\u00fclat\u00f6r\u00fc"},"content":{"rendered":"<p data-start=\"412\" data-end=\"826\"><strong data-start=\"412\" data-end=\"486\">Geli\u015fmi\u015f Erkek Pelvik Muayene Sim\u00fclat\u00f6r\u00fc (CMPT Mk 2 \u2013 Light Skin Tone)<\/strong>, t\u0131bbi e\u011fitimde ger\u00e7ek\u00e7i, anatomik do\u011frulu\u011fu y\u00fcksek ve mod\u00fcler yap\u0131s\u0131 sayesinde erkek pelvik muayenesini t\u00fcm y\u00f6nleriyle \u00f6\u011fretmek i\u00e7in tasarlanm\u0131\u015f son teknoloji bir e\u011fitim platformudur. Bu \u00fcr\u00fcn, hem normal erkek anatomisini hem de 6 farkl\u0131 patolojik durumu kapsayan mod\u00fcler yap\u0131s\u0131yla klinik uygulamalarda kullan\u0131lmak \u00fczere geli\u015ftirilmi\u015ftir.<\/p>\n<p data-start=\"828\" data-end=\"849\"><strong data-start=\"828\" data-end=\"849\">\u00dcr\u00fcn \u00d6zellikleri:<\/strong><\/p>\n<ul data-start=\"850\" data-end=\"1834\">\n<li data-start=\"850\" data-end=\"997\">\n<p data-start=\"852\" data-end=\"997\"><strong data-start=\"852\" data-end=\"874\">Anatomik Do\u011fruluk:<\/strong> ASIS, pubik simfiz, penis, testis, epididim ve vas deferens dahil olmak \u00fczere t\u00fcm anatomik yap\u0131lar birebir modellenmi\u015ftir.<\/p>\n<\/li>\n<li data-start=\"998\" data-end=\"1374\">\n<p data-start=\"1000\" data-end=\"1054\"><strong data-start=\"1000\" data-end=\"1019\">Mod\u00fcler Sistem:<\/strong> 7 farkl\u0131 mod\u00fcl ile birlikte gelir:<\/p>\n<ul data-start=\"1057\" data-end=\"1374\">\n<li data-start=\"1057\" data-end=\"1090\">\n<p data-start=\"1059\" data-end=\"1090\">Mod\u00fcl 1: Normal erkek anatomisi<\/p>\n<\/li>\n<li data-start=\"1093\" data-end=\"1151\">\n<p data-start=\"1095\" data-end=\"1151\">Mod\u00fcl 2: Varikosel (Testisten \u00e7\u0131kan geni\u015flemi\u015f damarlar)<\/p>\n<\/li>\n<li data-start=\"1154\" data-end=\"1209\">\n<p data-start=\"1156\" data-end=\"1209\">Mod\u00fcl 3: Testik\u00fcler t\u00fcm\u00f6r (teratoma) ve penis kanseri<\/p>\n<\/li>\n<li data-start=\"1212\" data-end=\"1241\">\n<p data-start=\"1214\" data-end=\"1241\">Mod\u00fcl 4: Epididimal kistler<\/p>\n<\/li>\n<li data-start=\"1244\" data-end=\"1297\">\n<p data-start=\"1246\" data-end=\"1297\">Mod\u00fcl 5: Hidrosel (testis \u00e7evresinde s\u0131v\u0131 birikimi)<\/p>\n<\/li>\n<li data-start=\"1300\" data-end=\"1337\">\n<p data-start=\"1302\" data-end=\"1337\">Mod\u00fcl 6: Epididimit\/Epididimo-or\u015fit<\/p>\n<\/li>\n<li data-start=\"1340\" data-end=\"1374\">\n<p data-start=\"1342\" data-end=\"1374\">Mod\u00fcl 7: \u0130ndirekt inguinal herni<\/p>\n<\/li>\n<\/ul>\n<\/li>\n<li data-start=\"1375\" data-end=\"1471\">\n<p data-start=\"1377\" data-end=\"1471\"><strong data-start=\"1377\" data-end=\"1393\">Ger\u00e7ek\u00e7ilik:<\/strong> Penis, skrotum ve testisler dokunma ve palpasyona kar\u015f\u0131 ger\u00e7ek\u00e7i tepki verir.<\/p>\n<\/li>\n<li data-start=\"1472\" data-end=\"1629\">\n<p data-start=\"1474\" data-end=\"1629\"><strong data-start=\"1474\" data-end=\"1491\">\u00c7ok Y\u00f6nl\u00fcl\u00fck:<\/strong> Hem ayakta hem de s\u0131rt\u00fcst\u00fc pozisyonda muayene yap\u0131labilir. Farkl\u0131 \u00f6n derilerle s\u00fcnnetli ve s\u00fcnnetsiz anatomilerin uygulamas\u0131 yap\u0131labilir.<\/p>\n<\/li>\n<li data-start=\"1630\" data-end=\"1737\">\n<p data-start=\"1632\" data-end=\"1737\"><strong data-start=\"1632\" data-end=\"1654\">Temizlik ve Bak\u0131m:<\/strong> Y\u00fczeyler sabunlu su ile kolayca temizlenebilir. Mod\u00fcller kolayca de\u011fi\u015ftirilebilir.<\/p>\n<\/li>\n<li data-start=\"1738\" data-end=\"1834\">\n<p data-start=\"1740\" data-end=\"1834\"><strong data-start=\"1740\" data-end=\"1753\">G\u00fcvenlik:<\/strong> D\u0131\u015f y\u00fczey lateks i\u00e7ermez. Sadece su bazl\u0131 kayganla\u015ft\u0131r\u0131c\u0131 kullan\u0131lmas\u0131 \u00f6nerilir.<\/p>\n<\/li>\n<\/ul>\n<p data-start=\"1836\" data-end=\"1851\"><strong data-start=\"1836\" data-end=\"1851\">Kazan\u0131mlar:<\/strong><\/p>\n<ul data-start=\"1852\" data-end=\"2154\">\n<li data-start=\"1852\" data-end=\"1913\">\n<p data-start=\"1854\" data-end=\"1913\">Erkek genital ve pelvik muayene prosed\u00fcrlerinin \u00f6\u011frenilmesi<\/p>\n<\/li>\n<li data-start=\"1914\" data-end=\"2000\">\n<p data-start=\"1916\" data-end=\"2000\">Testis ve penis \u00fczerindeki t\u00fcm\u00f6r, kist, enfeksiyon gibi durumlar\u0131n de\u011ferlendirilmesi<\/p>\n<\/li>\n<li data-start=\"2001\" data-end=\"2064\">\n<p data-start=\"2003\" data-end=\"2064\">Profesyonel hekim-hasta ileti\u015fim tekniklerinin geli\u015ftirilmesi<\/p>\n<\/li>\n<li data-start=\"2065\" data-end=\"2096\">\n<p data-start=\"2067\" data-end=\"2096\">Kuru kateter uygulama prati\u011fi<\/p>\n<\/li>\n<li data-start=\"2097\" data-end=\"2154\">\n<p data-start=\"2099\" data-end=\"2154\">Klinik karar verme ve tan\u0131 becerilerinin geli\u015ftirilmesi<\/p>\n<\/li>\n<\/ul>\n<p data-start=\"2156\" data-end=\"2486\"><strong data-start=\"2156\" data-end=\"2189\">Kaynak ve Akademik \u0130\u015fbirli\u011fi:<\/strong><br \/>\nBu model, \u0130ngiltere\u2019deki \u00f6nde gelen t\u0131p fak\u00fclteleri (University of Liverpool, Imperial College London, Guy\u2019s Hospital vb.) ile i\u015f birli\u011fiyle geli\u015ftirilmi\u015ftir. <em data-start=\"2349\" data-end=\"2380\">Journal of Surgical Education<\/em> dergisinde yay\u0131nlanan bir \u00e7al\u0131\u015fmaya g\u00f6re bu sim\u00fclat\u00f6r, cerrahi e\u011fitimde y\u00fcksek y\u00fczeysel ge\u00e7erlilik ta\u015f\u0131r.<\/p>\n","protected":false},"excerpt":{"rendered":"<p data-start=\"2525\" data-end=\"2683\">Anatomik do\u011frulu\u011fa sahip, patolojik mod\u00fcllerle donat\u0131lm\u0131\u015f geli\u015fmi\u015f erkek pelvik muayene sim\u00fclat\u00f6r\u00fc. T\u0131bbi e\u011fitim i\u00e7in ideal ve ger\u00e7ek\u00e7i uygulama imkan\u0131 sunar.<\/p>\n","protected":false},"featured_media":78,"comment_status":"open","ping_status":"closed","template":"","meta":[],"product_brand":[129],"product_cat":[15,130,128,179],"product_tag":[252,240,250,248,245,241,253,244,251,247,242,249,243,246],"class_list":{"0":"post-77","1":"product","2":"type-product","3":"status-publish","4":"has-post-thumbnail","6":"product_brand-limbs-things","7":"product_cat-genel","8":"product_cat-nursing","9":"product_cat-limbs-things","10":"product_cat-simulasyon","11":"product_tag-epididimit-modeli","12":"product_tag-erkek-pelvik-egitici","13":"product_tag-foreskin-modeli","14":"product_tag-genital-muayene-egitimi","15":"product_tag-inguinal-herni-simulatoru","16":"product_tag-klinik-simulator","17":"product_tag-medikal-egitim","18":"product_tag-pelvik-muayene-modeli","19":"product_tag-sunnetli-sunnetsiz-egitim-modeli","20":"product_tag-testikuler-tumor-simulasyonu","21":"product_tag-testis-muayenesi","22":"product_tag-tibbi-egitim-simulatoru","23":"product_tag-uroloji-egitimi","24":"product_tag-varikosel-maketi","26":"first","27":"instock","28":"shipping-taxable","29":"product-type-simple"},"yoast_head":"<!-- This site is optimized with the Yoast SEO plugin v25.2 - https:\/\/yoast.com\/wordpress\/plugins\/seo\/ -->\n<title>Clinical Male Pelvic Trainer (CMPT) Mk 2 - Advanced \u2013 Light Skin Tone | Erkek Pelvik Muayene Sim\u00fclat\u00f6r\u00fc - Merkim Maket<\/title>\n<meta name=\"description\" content=\"Anatomik olarak do\u011fru, mod\u00fcler yap\u0131l\u0131 CMPT Mk 2 \u2013 Geli\u015fmi\u015f Erkek Pelvik Muayene Sim\u00fclat\u00f6r\u00fc ile erkek genital ve pelvik muayenelerini profesyonel d\u00fczeyde \u00f6\u011fretin. Klinik e\u011fitim i\u00e7in ideal \u00e7\u00f6z\u00fcm!\" \/>\n<meta name=\"robots\" content=\"index, follow, max-snippet:-1, max-image-preview:large, max-video-preview:-1\" \/>\n<link rel=\"canonical\" href=\"https:\/\/merkim.com.tr\/merkim-maket\/urun\/clinical-male-pelvic-trainer-cmpt-mk-2-advanced-light-skin-tone-erkek-pelvik-muayene-simulatoru\/\" \/>\n<meta property=\"og:locale\" content=\"tr_TR\" \/>\n<meta property=\"og:type\" content=\"article\" \/>\n<meta property=\"og:title\" content=\"Clinical Male Pelvic Trainer (CMPT) Mk 2 - Advanced \u2013 Light Skin Tone | Erkek Pelvik Muayene Sim\u00fclat\u00f6r\u00fc - Merkim Maket\" \/>\n<meta property=\"og:description\" content=\"Anatomik olarak do\u011fru, mod\u00fcler yap\u0131l\u0131 CMPT Mk 2 \u2013 Geli\u015fmi\u015f Erkek Pelvik Muayene Sim\u00fclat\u00f6r\u00fc ile erkek genital ve pelvik muayenelerini profesyonel d\u00fczeyde \u00f6\u011fretin. Klinik e\u011fitim i\u00e7in ideal \u00e7\u00f6z\u00fcm!\" \/>\n<meta property=\"og:url\" content=\"https:\/\/merkim.com.tr\/merkim-maket\/urun\/clinical-male-pelvic-trainer-cmpt-mk-2-advanced-light-skin-tone-erkek-pelvik-muayene-simulatoru\/\" \/>\n<meta property=\"og:site_name\" content=\"Merkim Maket\" \/>\n<meta property=\"article:modified_time\" content=\"2025-06-10T11:03:36+00:00\" \/>\n<meta property=\"og:image\" content=\"https:\/\/merkim.com.tr\/merkim-maket\/wp-content\/uploads\/2025\/06\/clinical-male-pelvic-trainer-mk2-egitim-simulator-lightskintone.png\" \/>\n\t<meta property=\"og:image:width\" content=\"800\" \/>\n\t<meta property=\"og:image:height\" content=\"800\" \/>\n\t<meta property=\"og:image:type\" content=\"image\/png\" \/>\n<meta name=\"twitter:card\" content=\"summary_large_image\" \/>\n<meta name=\"twitter:label1\" content=\"Tahmini okuma s\u00fcresi\" \/>\n\t<meta name=\"twitter:data1\" content=\"2 dakika\" \/>\n<script type=\"application\/ld+json\" class=\"yoast-schema-graph\">{\"@context\":\"https:\/\/schema.org\",\"@graph\":[{\"@type\":\"WebPage\",\"@id\":\"https:\/\/merkim.com.tr\/merkim-maket\/urun\/clinical-male-pelvic-trainer-cmpt-mk-2-advanced-light-skin-tone-erkek-pelvik-muayene-simulatoru\/\",\"url\":\"https:\/\/merkim.com.tr\/merkim-maket\/urun\/clinical-male-pelvic-trainer-cmpt-mk-2-advanced-light-skin-tone-erkek-pelvik-muayene-simulatoru\/\",\"name\":\"Clinical Male Pelvic Trainer (CMPT) Mk 2 - Advanced \u2013 Light Skin Tone | Erkek Pelvik Muayene Sim\u00fclat\u00f6r\u00fc - Merkim Maket\",\"isPartOf\":{\"@id\":\"https:\/\/merkim.com.tr\/merkim-maket\/#website\"},\"primaryImageOfPage\":{\"@id\":\"https:\/\/merkim.com.tr\/merkim-maket\/urun\/clinical-male-pelvic-trainer-cmpt-mk-2-advanced-light-skin-tone-erkek-pelvik-muayene-simulatoru\/#primaryimage\"},\"image\":{\"@id\":\"https:\/\/merkim.com.tr\/merkim-maket\/urun\/clinical-male-pelvic-trainer-cmpt-mk-2-advanced-light-skin-tone-erkek-pelvik-muayene-simulatoru\/#primaryimage\"},\"thumbnailUrl\":\"https:\/\/merkim.com.tr\/merkim-maket\/wp-content\/uploads\/2025\/06\/clinical-male-pelvic-trainer-mk2-egitim-simulator-lightskintone.png\",\"datePublished\":\"2025-06-08T13:20:42+00:00\",\"dateModified\":\"2025-06-10T11:03:36+00:00\",\"description\":\"Anatomik olarak do\u011fru, mod\u00fcler yap\u0131l\u0131 CMPT Mk 2 \u2013 Geli\u015fmi\u015f Erkek Pelvik Muayene Sim\u00fclat\u00f6r\u00fc ile erkek genital ve pelvik muayenelerini profesyonel d\u00fczeyde \u00f6\u011fretin. Klinik e\u011fitim i\u00e7in ideal \u00e7\u00f6z\u00fcm!\",\"breadcrumb\":{\"@id\":\"https:\/\/merkim.com.tr\/merkim-maket\/urun\/clinical-male-pelvic-trainer-cmpt-mk-2-advanced-light-skin-tone-erkek-pelvik-muayene-simulatoru\/#breadcrumb\"},\"inLanguage\":\"tr\",\"potentialAction\":[{\"@type\":\"ReadAction\",\"target\":[\"https:\/\/merkim.com.tr\/merkim-maket\/urun\/clinical-male-pelvic-trainer-cmpt-mk-2-advanced-light-skin-tone-erkek-pelvik-muayene-simulatoru\/\"]}]},{\"@type\":\"ImageObject\",\"inLanguage\":\"tr\",\"@id\":\"https:\/\/merkim.com.tr\/merkim-maket\/urun\/clinical-male-pelvic-trainer-cmpt-mk-2-advanced-light-skin-tone-erkek-pelvik-muayene-simulatoru\/#primaryimage\",\"url\":\"https:\/\/merkim.com.tr\/merkim-maket\/wp-content\/uploads\/2025\/06\/clinical-male-pelvic-trainer-mk2-egitim-simulator-lightskintone.png\",\"contentUrl\":\"https:\/\/merkim.com.tr\/merkim-maket\/wp-content\/uploads\/2025\/06\/clinical-male-pelvic-trainer-mk2-egitim-simulator-lightskintone.png\",\"width\":800,\"height\":800,\"caption\":\"Geli\u015fmi\u015f erkek genital muayene sim\u00fclat\u00f6r\u00fc \u2013 7 farkl\u0131 patoloji mod\u00fcl\u00fc i\u00e7erir.\"},{\"@type\":\"BreadcrumbList\",\"@id\":\"https:\/\/merkim.com.tr\/merkim-maket\/urun\/clinical-male-pelvic-trainer-cmpt-mk-2-advanced-light-skin-tone-erkek-pelvik-muayene-simulatoru\/#breadcrumb\",\"itemListElement\":[{\"@type\":\"ListItem\",\"position\":1,\"name\":\"Anasayfa\",\"item\":\"https:\/\/merkim.com.tr\/merkim-maket\/\"},{\"@type\":\"ListItem\",\"position\":2,\"name\":\"Ma\u011faza\",\"item\":\"https:\/\/merkim.com.tr\/merkim-maket\/magaza\/\"},{\"@type\":\"ListItem\",\"position\":3,\"name\":\"Clinical Male Pelvic Trainer (CMPT) Mk 2 &#8211; Advanced \u2013 Light Skin Tone | Erkek Pelvik Muayene Sim\u00fclat\u00f6r\u00fc\"}]},{\"@type\":\"WebSite\",\"@id\":\"https:\/\/merkim.com.tr\/merkim-maket\/#website\",\"url\":\"https:\/\/merkim.com.tr\/merkim-maket\/\",\"name\":\"Merkim Maket\",\"description\":\"\",\"potentialAction\":[{\"@type\":\"SearchAction\",\"target\":{\"@type\":\"EntryPoint\",\"urlTemplate\":\"https:\/\/merkim.com.tr\/merkim-maket\/?s={search_term_string}\"},\"query-input\":{\"@type\":\"PropertyValueSpecification\",\"valueRequired\":true,\"valueName\":\"search_term_string\"}}],\"inLanguage\":\"tr\"}]}<\/script>\n<!-- \/ Yoast SEO plugin. -->","yoast_head_json":{"title":"Clinical Male Pelvic Trainer (CMPT) Mk 2 - Advanced \u2013 Light Skin Tone | Erkek Pelvik Muayene Sim\u00fclat\u00f6r\u00fc - Merkim Maket","description":"Anatomik olarak do\u011fru, mod\u00fcler yap\u0131l\u0131 CMPT Mk 2 \u2013 Geli\u015fmi\u015f Erkek Pelvik Muayene Sim\u00fclat\u00f6r\u00fc ile erkek genital ve pelvik muayenelerini profesyonel d\u00fczeyde \u00f6\u011fretin. Klinik e\u011fitim i\u00e7in ideal \u00e7\u00f6z\u00fcm!","robots":{"index":"index","follow":"follow","max-snippet":"max-snippet:-1","max-image-preview":"max-image-preview:large","max-video-preview":"max-video-preview:-1"},"canonical":"https:\/\/merkim.com.tr\/merkim-maket\/urun\/clinical-male-pelvic-trainer-cmpt-mk-2-advanced-light-skin-tone-erkek-pelvik-muayene-simulatoru\/","og_locale":"tr_TR","og_type":"article","og_title":"Clinical Male Pelvic Trainer (CMPT) Mk 2 - Advanced \u2013 Light Skin Tone | Erkek Pelvik Muayene Sim\u00fclat\u00f6r\u00fc - Merkim Maket","og_description":"Anatomik olarak do\u011fru, mod\u00fcler yap\u0131l\u0131 CMPT Mk 2 \u2013 Geli\u015fmi\u015f Erkek Pelvik Muayene Sim\u00fclat\u00f6r\u00fc ile erkek genital ve pelvik muayenelerini profesyonel d\u00fczeyde \u00f6\u011fretin. Klinik e\u011fitim i\u00e7in ideal \u00e7\u00f6z\u00fcm!","og_url":"https:\/\/merkim.com.tr\/merkim-maket\/urun\/clinical-male-pelvic-trainer-cmpt-mk-2-advanced-light-skin-tone-erkek-pelvik-muayene-simulatoru\/","og_site_name":"Merkim Maket","article_modified_time":"2025-06-10T11:03:36+00:00","og_image":[{"width":800,"height":800,"url":"https:\/\/merkim.com.tr\/merkim-maket\/wp-content\/uploads\/2025\/06\/clinical-male-pelvic-trainer-mk2-egitim-simulator-lightskintone.png","type":"image\/png"}],"twitter_card":"summary_large_image","twitter_misc":{"Tahmini okuma s\u00fcresi":"2 dakika"},"schema":{"@context":"https:\/\/schema.org","@graph":[{"@type":"WebPage","@id":"https:\/\/merkim.com.tr\/merkim-maket\/urun\/clinical-male-pelvic-trainer-cmpt-mk-2-advanced-light-skin-tone-erkek-pelvik-muayene-simulatoru\/","url":"https:\/\/merkim.com.tr\/merkim-maket\/urun\/clinical-male-pelvic-trainer-cmpt-mk-2-advanced-light-skin-tone-erkek-pelvik-muayene-simulatoru\/","name":"Clinical Male Pelvic Trainer (CMPT) Mk 2 - Advanced \u2013 Light Skin Tone | Erkek Pelvik Muayene Sim\u00fclat\u00f6r\u00fc - Merkim Maket","isPartOf":{"@id":"https:\/\/merkim.com.tr\/merkim-maket\/#website"},"primaryImageOfPage":{"@id":"https:\/\/merkim.com.tr\/merkim-maket\/urun\/clinical-male-pelvic-trainer-cmpt-mk-2-advanced-light-skin-tone-erkek-pelvik-muayene-simulatoru\/#primaryimage"},"image":{"@id":"https:\/\/merkim.com.tr\/merkim-maket\/urun\/clinical-male-pelvic-trainer-cmpt-mk-2-advanced-light-skin-tone-erkek-pelvik-muayene-simulatoru\/#primaryimage"},"thumbnailUrl":"https:\/\/merkim.com.tr\/merkim-maket\/wp-content\/uploads\/2025\/06\/clinical-male-pelvic-trainer-mk2-egitim-simulator-lightskintone.png","datePublished":"2025-06-08T13:20:42+00:00","dateModified":"2025-06-10T11:03:36+00:00","description":"Anatomik olarak do\u011fru, mod\u00fcler yap\u0131l\u0131 CMPT Mk 2 \u2013 Geli\u015fmi\u015f Erkek Pelvik Muayene Sim\u00fclat\u00f6r\u00fc ile erkek genital ve pelvik muayenelerini profesyonel d\u00fczeyde \u00f6\u011fretin. Klinik e\u011fitim i\u00e7in ideal \u00e7\u00f6z\u00fcm!","breadcrumb":{"@id":"https:\/\/merkim.com.tr\/merkim-maket\/urun\/clinical-male-pelvic-trainer-cmpt-mk-2-advanced-light-skin-tone-erkek-pelvik-muayene-simulatoru\/#breadcrumb"},"inLanguage":"tr","potentialAction":[{"@type":"ReadAction","target":["https:\/\/merkim.com.tr\/merkim-maket\/urun\/clinical-male-pelvic-trainer-cmpt-mk-2-advanced-light-skin-tone-erkek-pelvik-muayene-simulatoru\/"]}]},{"@type":"ImageObject","inLanguage":"tr","@id":"https:\/\/merkim.com.tr\/merkim-maket\/urun\/clinical-male-pelvic-trainer-cmpt-mk-2-advanced-light-skin-tone-erkek-pelvik-muayene-simulatoru\/#primaryimage","url":"https:\/\/merkim.com.tr\/merkim-maket\/wp-content\/uploads\/2025\/06\/clinical-male-pelvic-trainer-mk2-egitim-simulator-lightskintone.png","contentUrl":"https:\/\/merkim.com.tr\/merkim-maket\/wp-content\/uploads\/2025\/06\/clinical-male-pelvic-trainer-mk2-egitim-simulator-lightskintone.png","width":800,"height":800,"caption":"Geli\u015fmi\u015f erkek genital muayene sim\u00fclat\u00f6r\u00fc \u2013 7 farkl\u0131 patoloji mod\u00fcl\u00fc i\u00e7erir."},{"@type":"BreadcrumbList","@id":"https:\/\/merkim.com.tr\/merkim-maket\/urun\/clinical-male-pelvic-trainer-cmpt-mk-2-advanced-light-skin-tone-erkek-pelvik-muayene-simulatoru\/#breadcrumb","itemListElement":[{"@type":"ListItem","position":1,"name":"Anasayfa","item":"https:\/\/merkim.com.tr\/merkim-maket\/"},{"@type":"ListItem","position":2,"name":"Ma\u011faza","item":"https:\/\/merkim.com.tr\/merkim-maket\/magaza\/"},{"@type":"ListItem","position":3,"name":"Clinical Male Pelvic Trainer (CMPT) Mk 2 &#8211; Advanced \u2013 Light Skin Tone | Erkek Pelvik Muayene Sim\u00fclat\u00f6r\u00fc"}]},{"@type":"WebSite","@id":"https:\/\/merkim.com.tr\/merkim-maket\/#website","url":"https:\/\/merkim.com.tr\/merkim-maket\/","name":"Merkim Maket","description":"","potentialAction":[{"@type":"SearchAction","target":{"@type":"EntryPoint","urlTemplate":"https:\/\/merkim.com.tr\/merkim-maket\/?s={search_term_string}"},"query-input":{"@type":"PropertyValueSpecification","valueRequired":true,"valueName":"search_term_string"}}],"inLanguage":"tr"}]}},"_links":{"self":[{"href":"https:\/\/merkim.com.tr\/merkim-maket\/wp-json\/wp\/v2\/product\/77","targetHints":{"allow":["GET"]}}],"collection":[{"href":"https:\/\/merkim.com.tr\/merkim-maket\/wp-json\/wp\/v2\/product"}],"about":[{"href":"https:\/\/merkim.com.tr\/merkim-maket\/wp-json\/wp\/v2\/types\/product"}],"replies":[{"embeddable":true,"href":"https:\/\/merkim.com.tr\/merkim-maket\/wp-json\/wp\/v2\/comments?post=77"}],"wp:featuredmedia":[{"embeddable":true,"href":"https:\/\/merkim.com.tr\/merkim-maket\/wp-json\/wp\/v2\/media\/78"}],"wp:attachment":[{"href":"https:\/\/merkim.com.tr\/merkim-maket\/wp-json\/wp\/v2\/media?parent=77"}],"wp:term":[{"taxonomy":"product_brand","embeddable":true,"href":"https:\/\/merkim.com.tr\/merkim-maket\/wp-json\/wp\/v2\/product_brand?post=77"},{"taxonomy":"product_cat","embeddable":true,"href":"https:\/\/merkim.com.tr\/merkim-maket\/wp-json\/wp\/v2\/product_cat?post=77"},{"taxonomy":"product_tag","embeddable":true,"href":"https:\/\/merkim.com.tr\/merkim-maket\/wp-json\/wp\/v2\/product_tag?post=77"}],"curies":[{"name":"wp","href":"https:\/\/api.w.org\/{rel}","templated":true}]}}