{"id":73,"date":"2025-06-08T12:46:41","date_gmt":"2025-06-08T12:46:41","guid":{"rendered":"https:\/\/merkim.com.tr\/merkim-maket\/?post_type=product&#038;p=73"},"modified":"2025-06-10T10:36:28","modified_gmt":"2025-06-10T10:36:28","slug":"clinical-female-pelvic-trainer-mk-3-cfpt-advanced-gelismis-kadin-pelvik-muayene-simulatoru","status":"publish","type":"product","link":"https:\/\/merkim.com.tr\/merkim-maket\/urun\/clinical-female-pelvic-trainer-mk-3-cfpt-advanced-gelismis-kadin-pelvik-muayene-simulatoru\/","title":{"rendered":"Clinical Female Pelvic Trainer Mk 3 (CFPT) \u2013 Advanced | Geli\u015fmi\u015f Kad\u0131n Pelvik Muayene Sim\u00fclat\u00f6r\u00fc"},"content":{"rendered":"<p data-start=\"376\" data-end=\"799\"><strong data-start=\"376\" data-end=\"438\">Geli\u015fmi\u015f Klinik Kad\u0131n Pelvik Muayene Sim\u00fclat\u00f6r\u00fc (CFPT Mk3)<\/strong>, kad\u0131n sa\u011fl\u0131\u011f\u0131 alan\u0131nda profesyonel e\u011fitim sunmak amac\u0131yla tasarlanm\u0131\u015f, anatomik olarak do\u011fru, mod\u00fcler yap\u0131ya sahip en g\u00fcncel pelvik muayene e\u011fitim mankenidir. Limbs &amp; Things taraf\u0131ndan geli\u015ftirilen bu \u00fc\u00e7\u00fcnc\u00fc nesil model, t\u0131p fak\u00fcltesi \u00f6\u011frencilerinden jinekoloji uzmanlar\u0131na kadar t\u00fcm sa\u011fl\u0131k profesyonellerine ger\u00e7ek hasta deneyimini sim\u00fcle etme f\u0131rsat\u0131 sunar.<\/p>\n<p data-start=\"801\" data-end=\"840\"><strong data-start=\"801\" data-end=\"840\">Y\u00fcksek Ger\u00e7eklikte E\u011fitim Deneyimi:<\/strong><\/p>\n<ul data-start=\"841\" data-end=\"1030\">\n<li data-start=\"841\" data-end=\"878\">\n<p data-start=\"843\" data-end=\"878\">Ger\u00e7ek insan anatomisine uygun yap\u0131<\/p>\n<\/li>\n<li data-start=\"879\" data-end=\"909\">\n<p data-start=\"881\" data-end=\"909\">Yumu\u015fak ve ayr\u0131labilir labia<\/p>\n<\/li>\n<li data-start=\"910\" data-end=\"946\">\n<p data-start=\"912\" data-end=\"946\">Palpasyon yap\u0131labilir kar\u0131n duvar\u0131<\/p>\n<\/li>\n<li data-start=\"947\" data-end=\"1030\">\n<p data-start=\"949\" data-end=\"1030\">Kad\u0131n genital sisteminin t\u00fcm temel yap\u0131lar\u0131 (vajina, serviks, uterus, rektum vb.)<\/p>\n<\/li>\n<\/ul>\n<p data-start=\"1032\" data-end=\"1080\"><strong data-start=\"1032\" data-end=\"1080\">Mod\u00fcler Tasar\u0131m\u0131yla 7 Farkl\u0131 Klinik Senaryo:<\/strong><\/p>\n<ol data-start=\"1081\" data-end=\"1368\">\n<li data-start=\"1081\" data-end=\"1117\">\n<p data-start=\"1084\" data-end=\"1117\"><strong data-start=\"1084\" data-end=\"1115\">Normal (Nulliparous Cervix)<\/strong><\/p>\n<\/li>\n<li data-start=\"1118\" data-end=\"1159\">\n<p data-start=\"1121\" data-end=\"1159\"><strong data-start=\"1121\" data-end=\"1157\">B\u00fcy\u00fck Miyom ve Ektropion Serviks<\/strong><\/p>\n<\/li>\n<li data-start=\"1160\" data-end=\"1198\">\n<p data-start=\"1163\" data-end=\"1198\"><strong data-start=\"1163\" data-end=\"1196\">K\u00fc\u00e7\u00fck Miyom ve Servikal Polip<\/strong><\/p>\n<\/li>\n<li data-start=\"1199\" data-end=\"1237\">\n<p data-start=\"1202\" data-end=\"1237\"><strong data-start=\"1202\" data-end=\"1235\">Over Kisti \u2013 Multipar Cerviks<\/strong><\/p>\n<\/li>\n<li data-start=\"1238\" data-end=\"1282\">\n<p data-start=\"1241\" data-end=\"1282\"><strong data-start=\"1241\" data-end=\"1280\">Retrovert Uterus \u2013 Multipar Cerviks<\/strong><\/p>\n<\/li>\n<li data-start=\"1283\" data-end=\"1326\">\n<p data-start=\"1286\" data-end=\"1326\"><strong data-start=\"1286\" data-end=\"1324\">10-12 Haftal\u0131k Gebelik Sim\u00fclasyonu<\/strong><\/p>\n<\/li>\n<li data-start=\"1327\" data-end=\"1368\">\n<p data-start=\"1330\" data-end=\"1368\"><strong data-start=\"1330\" data-end=\"1368\">14-16 Haftal\u0131k Gebelik Sim\u00fclasyonu<\/strong><\/p>\n<\/li>\n<\/ol>\n<p data-start=\"1370\" data-end=\"1403\"><strong data-start=\"1370\" data-end=\"1403\">Kazan\u0131lacak Klinik Beceriler:<\/strong><\/p>\n<ul data-start=\"1404\" data-end=\"1670\">\n<li data-start=\"1404\" data-end=\"1441\">\n<p data-start=\"1406\" data-end=\"1441\">Dijital vajinal ve rektal muayene<\/p>\n<\/li>\n<li data-start=\"1442\" data-end=\"1463\">\n<p data-start=\"1444\" data-end=\"1463\">Bi-manuel muayene<\/p>\n<\/li>\n<li data-start=\"1464\" data-end=\"1487\">\n<p data-start=\"1466\" data-end=\"1487\">Abdominal palpasyon<\/p>\n<\/li>\n<li data-start=\"1488\" data-end=\"1526\">\n<p data-start=\"1490\" data-end=\"1526\">Servikal ve uterin patoloji tan\u0131s\u0131<\/p>\n<\/li>\n<li data-start=\"1527\" data-end=\"1563\">\n<p data-start=\"1529\" data-end=\"1563\">Spekulum kullan\u0131m\u0131 ve smear alma<\/p>\n<\/li>\n<li data-start=\"1564\" data-end=\"1606\">\n<p data-start=\"1566\" data-end=\"1606\">Hasta-sim\u00fclasyonlu ileti\u015fim teknikleri<\/p>\n<\/li>\n<li data-start=\"1607\" data-end=\"1670\">\n<p data-start=\"1609\" data-end=\"1670\">Pelvik anatomik varyasyonlar\u0131 ve patolojilerinin tan\u0131mlanmas\u0131<\/p>\n<\/li>\n<\/ul>\n<p data-start=\"1672\" data-end=\"1707\"><strong data-start=\"1672\" data-end=\"1707\">Kullan\u0131m Kolayl\u0131\u011f\u0131 ve Temizlik:<\/strong><\/p>\n<ul data-start=\"1708\" data-end=\"1859\">\n<li data-start=\"1708\" data-end=\"1743\">\n<p data-start=\"1710\" data-end=\"1743\">Mod\u00fcller h\u0131zl\u0131ca de\u011fi\u015ftirilebilir<\/p>\n<\/li>\n<li data-start=\"1744\" data-end=\"1775\">\n<p data-start=\"1746\" data-end=\"1775\">Su bazl\u0131 lubrikanlarla uyumlu<\/p>\n<\/li>\n<li data-start=\"1776\" data-end=\"1822\">\n<p data-start=\"1778\" data-end=\"1822\">Y\u00fczeyi sabunlu su ile kolayca temizlenebilir<\/p>\n<\/li>\n<li data-start=\"1823\" data-end=\"1859\">\n<p data-start=\"1825\" data-end=\"1859\">Lateks i\u00e7ermez, kullan\u0131c\u0131 dostudur<\/p>\n<\/li>\n<\/ul>\n<p data-start=\"1861\" data-end=\"1883\"><strong data-start=\"1861\" data-end=\"1883\">Uygulama Alanlar\u0131:<\/strong><\/p>\n<ul data-start=\"1884\" data-end=\"2109\">\n<li data-start=\"1884\" data-end=\"1935\">\n<p data-start=\"1886\" data-end=\"1935\">T\u0131p fak\u00fclteleri ve sa\u011fl\u0131k bilimleri fak\u00fclteleri<\/p>\n<\/li>\n<li data-start=\"1936\" data-end=\"1976\">\n<p data-start=\"1938\" data-end=\"1976\">Kad\u0131n do\u011fum ve jinekoloji e\u011fitimleri<\/p>\n<\/li>\n<li data-start=\"1977\" data-end=\"2033\">\n<p data-start=\"1979\" data-end=\"2033\">Aile hekimli\u011fi ve birinci basamak muayene e\u011fitimleri<\/p>\n<\/li>\n<li data-start=\"2034\" data-end=\"2059\">\n<p data-start=\"2036\" data-end=\"2059\">Sim\u00fclasyon merkezleri<\/p>\n<\/li>\n<li data-start=\"2060\" data-end=\"2109\">\n<p data-start=\"2062\" data-end=\"2109\">Hasta g\u00fcvenli\u011fi ve ileti\u015fim e\u011fitimi programlar\u0131<\/p>\n<\/li>\n<\/ul>\n<p data-start=\"2111\" data-end=\"2249\">CFPT Mk3, kad\u0131n pelvik muayene prati\u011fini en ger\u00e7ek\u00e7i \u015fekilde sunan, e\u011fitim kalitesini art\u0131ran ve patoloji tan\u0131s\u0131n\u0131 peki\u015ftiren bir \u00fcr\u00fcnd\u00fcr.<\/p>\n","protected":false},"excerpt":{"rendered":"<p>Anatomik olarak do\u011fru, mod\u00fcler ve ileri seviye kad\u0131n pelvik muayene sim\u00fclat\u00f6r\u00fc. 7 farkl\u0131 rahim mod\u00fcl\u00fcyle jinekolojik muayene, palpasyon, smear alma gibi klinik becerilerin kazan\u0131lmas\u0131n\u0131 sa\u011flar.<\/p>\n","protected":false},"featured_media":74,"comment_status":"open","ping_status":"closed","template":"","meta":[],"product_brand":[129],"product_cat":[15,523,130,128,179],"product_tag":[228,219,229,227,222,220,218,137,230,217,221,224,223,226,225],"class_list":{"0":"post-73","1":"product","2":"type-product","3":"status-publish","4":"has-post-thumbnail","6":"product_brand-limbs-things","7":"product_cat-genel","8":"product_cat-acil-tip","9":"product_cat-nursing","10":"product_cat-limbs-things","11":"product_cat-simulasyon","12":"product_tag-anatomik-egitim-modeli","13":"product_tag-cfpt-mk3","14":"product_tag-fibroid-simulator","15":"product_tag-genital-muayene-modeli","16":"product_tag-jinekoloji-egitim-mankeni","17":"product_tag-jinekolojik-simulator","18":"product_tag-kadin-pelvik-egitim-modeli","19":"product_tag-limbs-and-things","20":"product_tag-over-kisti-modeli","21":"product_tag-pelvik-muayene-simulatoru","22":"product_tag-rahim-modulleri","23":"product_tag-simulasyon-egitimi","24":"product_tag-smear-testi-egitimi","25":"product_tag-tip-egitimi-mankeni","26":"product_tag-uterin-patoloji-modeli","28":"first","29":"instock","30":"shipping-taxable","31":"product-type-simple"},"yoast_head":"<!-- This site is optimized with the Yoast SEO plugin v25.2 - https:\/\/yoast.com\/wordpress\/plugins\/seo\/ -->\n<title>Clinical Female Pelvic Trainer Mk 3 (CFPT) \u2013 Advanced | Geli\u015fmi\u015f Kad\u0131n Pelvik Muayene Sim\u00fclat\u00f6r\u00fc - Merkim Maket<\/title>\n<meta name=\"description\" content=\"Geli\u015fmi\u015f Kad\u0131n Pelvik Muayene Sim\u00fclat\u00f6r\u00fc CFPT Mk3, 7 mod\u00fcll\u00fc tasar\u0131m\u0131yla jinekolojik muayene ve anatomi e\u011fitiminde profesyonel \u00e7\u00f6z\u00fcm sunar. T\u0131p fak\u00fclteleri ve e\u011fitim merkezleri i\u00e7in idealdir.\" \/>\n<meta name=\"robots\" content=\"index, follow, max-snippet:-1, max-image-preview:large, max-video-preview:-1\" \/>\n<link rel=\"canonical\" href=\"https:\/\/merkim.com.tr\/merkim-maket\/urun\/clinical-female-pelvic-trainer-mk-3-cfpt-advanced-gelismis-kadin-pelvik-muayene-simulatoru\/\" \/>\n<meta property=\"og:locale\" content=\"tr_TR\" \/>\n<meta property=\"og:type\" content=\"article\" \/>\n<meta property=\"og:title\" content=\"Clinical Female Pelvic Trainer Mk 3 (CFPT) \u2013 Advanced | Geli\u015fmi\u015f Kad\u0131n Pelvik Muayene Sim\u00fclat\u00f6r\u00fc - Merkim Maket\" \/>\n<meta property=\"og:description\" content=\"Geli\u015fmi\u015f Kad\u0131n Pelvik Muayene Sim\u00fclat\u00f6r\u00fc CFPT Mk3, 7 mod\u00fcll\u00fc tasar\u0131m\u0131yla jinekolojik muayene ve anatomi e\u011fitiminde profesyonel \u00e7\u00f6z\u00fcm sunar. T\u0131p fak\u00fclteleri ve e\u011fitim merkezleri i\u00e7in idealdir.\" \/>\n<meta property=\"og:url\" content=\"https:\/\/merkim.com.tr\/merkim-maket\/urun\/clinical-female-pelvic-trainer-mk-3-cfpt-advanced-gelismis-kadin-pelvik-muayene-simulatoru\/\" \/>\n<meta property=\"og:site_name\" content=\"Merkim Maket\" \/>\n<meta property=\"article:modified_time\" content=\"2025-06-10T10:36:28+00:00\" \/>\n<meta property=\"og:image\" content=\"https:\/\/merkim.com.tr\/merkim-maket\/wp-content\/uploads\/2025\/06\/clinical-female-pelvic-trainer-mk3-simulator-limbsandthings.png\" \/>\n\t<meta property=\"og:image:width\" content=\"800\" \/>\n\t<meta property=\"og:image:height\" content=\"800\" \/>\n\t<meta property=\"og:image:type\" content=\"image\/png\" \/>\n<meta name=\"twitter:card\" content=\"summary_large_image\" \/>\n<meta name=\"twitter:label1\" content=\"Tahmini okuma s\u00fcresi\" \/>\n\t<meta name=\"twitter:data1\" content=\"2 dakika\" \/>\n<script type=\"application\/ld+json\" class=\"yoast-schema-graph\">{\"@context\":\"https:\/\/schema.org\",\"@graph\":[{\"@type\":\"WebPage\",\"@id\":\"https:\/\/merkim.com.tr\/merkim-maket\/urun\/clinical-female-pelvic-trainer-mk-3-cfpt-advanced-gelismis-kadin-pelvik-muayene-simulatoru\/\",\"url\":\"https:\/\/merkim.com.tr\/merkim-maket\/urun\/clinical-female-pelvic-trainer-mk-3-cfpt-advanced-gelismis-kadin-pelvik-muayene-simulatoru\/\",\"name\":\"Clinical Female Pelvic Trainer Mk 3 (CFPT) \u2013 Advanced | Geli\u015fmi\u015f Kad\u0131n Pelvik Muayene Sim\u00fclat\u00f6r\u00fc - Merkim Maket\",\"isPartOf\":{\"@id\":\"https:\/\/merkim.com.tr\/merkim-maket\/#website\"},\"primaryImageOfPage\":{\"@id\":\"https:\/\/merkim.com.tr\/merkim-maket\/urun\/clinical-female-pelvic-trainer-mk-3-cfpt-advanced-gelismis-kadin-pelvik-muayene-simulatoru\/#primaryimage\"},\"image\":{\"@id\":\"https:\/\/merkim.com.tr\/merkim-maket\/urun\/clinical-female-pelvic-trainer-mk-3-cfpt-advanced-gelismis-kadin-pelvik-muayene-simulatoru\/#primaryimage\"},\"thumbnailUrl\":\"https:\/\/merkim.com.tr\/merkim-maket\/wp-content\/uploads\/2025\/06\/clinical-female-pelvic-trainer-mk3-simulator-limbsandthings.png\",\"datePublished\":\"2025-06-08T12:46:41+00:00\",\"dateModified\":\"2025-06-10T10:36:28+00:00\",\"description\":\"Geli\u015fmi\u015f Kad\u0131n Pelvik Muayene Sim\u00fclat\u00f6r\u00fc CFPT Mk3, 7 mod\u00fcll\u00fc tasar\u0131m\u0131yla jinekolojik muayene ve anatomi e\u011fitiminde profesyonel \u00e7\u00f6z\u00fcm sunar. T\u0131p fak\u00fclteleri ve e\u011fitim merkezleri i\u00e7in idealdir.\",\"breadcrumb\":{\"@id\":\"https:\/\/merkim.com.tr\/merkim-maket\/urun\/clinical-female-pelvic-trainer-mk-3-cfpt-advanced-gelismis-kadin-pelvik-muayene-simulatoru\/#breadcrumb\"},\"inLanguage\":\"tr\",\"potentialAction\":[{\"@type\":\"ReadAction\",\"target\":[\"https:\/\/merkim.com.tr\/merkim-maket\/urun\/clinical-female-pelvic-trainer-mk-3-cfpt-advanced-gelismis-kadin-pelvik-muayene-simulatoru\/\"]}]},{\"@type\":\"ImageObject\",\"inLanguage\":\"tr\",\"@id\":\"https:\/\/merkim.com.tr\/merkim-maket\/urun\/clinical-female-pelvic-trainer-mk-3-cfpt-advanced-gelismis-kadin-pelvik-muayene-simulatoru\/#primaryimage\",\"url\":\"https:\/\/merkim.com.tr\/merkim-maket\/wp-content\/uploads\/2025\/06\/clinical-female-pelvic-trainer-mk3-simulator-limbsandthings.png\",\"contentUrl\":\"https:\/\/merkim.com.tr\/merkim-maket\/wp-content\/uploads\/2025\/06\/clinical-female-pelvic-trainer-mk3-simulator-limbsandthings.png\",\"width\":800,\"height\":800,\"caption\":\"7 mod\u00fcll\u00fc geli\u015fmi\u015f kad\u0131n pelvik muayene sim\u00fclat\u00f6r\u00fc \u2013 t\u0131p e\u011fitimi i\u00e7in tasarlanm\u0131\u015ft\u0131r\"},{\"@type\":\"BreadcrumbList\",\"@id\":\"https:\/\/merkim.com.tr\/merkim-maket\/urun\/clinical-female-pelvic-trainer-mk-3-cfpt-advanced-gelismis-kadin-pelvik-muayene-simulatoru\/#breadcrumb\",\"itemListElement\":[{\"@type\":\"ListItem\",\"position\":1,\"name\":\"Anasayfa\",\"item\":\"https:\/\/merkim.com.tr\/merkim-maket\/\"},{\"@type\":\"ListItem\",\"position\":2,\"name\":\"Ma\u011faza\",\"item\":\"https:\/\/merkim.com.tr\/merkim-maket\/magaza\/\"},{\"@type\":\"ListItem\",\"position\":3,\"name\":\"Clinical Female Pelvic Trainer Mk 3 (CFPT) \u2013 Advanced | Geli\u015fmi\u015f Kad\u0131n Pelvik Muayene Sim\u00fclat\u00f6r\u00fc\"}]},{\"@type\":\"WebSite\",\"@id\":\"https:\/\/merkim.com.tr\/merkim-maket\/#website\",\"url\":\"https:\/\/merkim.com.tr\/merkim-maket\/\",\"name\":\"Merkim Maket\",\"description\":\"\",\"potentialAction\":[{\"@type\":\"SearchAction\",\"target\":{\"@type\":\"EntryPoint\",\"urlTemplate\":\"https:\/\/merkim.com.tr\/merkim-maket\/?s={search_term_string}\"},\"query-input\":{\"@type\":\"PropertyValueSpecification\",\"valueRequired\":true,\"valueName\":\"search_term_string\"}}],\"inLanguage\":\"tr\"}]}<\/script>\n<!-- \/ Yoast SEO plugin. -->","yoast_head_json":{"title":"Clinical Female Pelvic Trainer Mk 3 (CFPT) \u2013 Advanced | Geli\u015fmi\u015f Kad\u0131n Pelvik Muayene Sim\u00fclat\u00f6r\u00fc - Merkim Maket","description":"Geli\u015fmi\u015f Kad\u0131n Pelvik Muayene Sim\u00fclat\u00f6r\u00fc CFPT Mk3, 7 mod\u00fcll\u00fc tasar\u0131m\u0131yla jinekolojik muayene ve anatomi e\u011fitiminde profesyonel \u00e7\u00f6z\u00fcm sunar. T\u0131p fak\u00fclteleri ve e\u011fitim merkezleri i\u00e7in idealdir.","robots":{"index":"index","follow":"follow","max-snippet":"max-snippet:-1","max-image-preview":"max-image-preview:large","max-video-preview":"max-video-preview:-1"},"canonical":"https:\/\/merkim.com.tr\/merkim-maket\/urun\/clinical-female-pelvic-trainer-mk-3-cfpt-advanced-gelismis-kadin-pelvik-muayene-simulatoru\/","og_locale":"tr_TR","og_type":"article","og_title":"Clinical Female Pelvic Trainer Mk 3 (CFPT) \u2013 Advanced | Geli\u015fmi\u015f Kad\u0131n Pelvik Muayene Sim\u00fclat\u00f6r\u00fc - Merkim Maket","og_description":"Geli\u015fmi\u015f Kad\u0131n Pelvik Muayene Sim\u00fclat\u00f6r\u00fc CFPT Mk3, 7 mod\u00fcll\u00fc tasar\u0131m\u0131yla jinekolojik muayene ve anatomi e\u011fitiminde profesyonel \u00e7\u00f6z\u00fcm sunar. T\u0131p fak\u00fclteleri ve e\u011fitim merkezleri i\u00e7in idealdir.","og_url":"https:\/\/merkim.com.tr\/merkim-maket\/urun\/clinical-female-pelvic-trainer-mk-3-cfpt-advanced-gelismis-kadin-pelvik-muayene-simulatoru\/","og_site_name":"Merkim Maket","article_modified_time":"2025-06-10T10:36:28+00:00","og_image":[{"width":800,"height":800,"url":"https:\/\/merkim.com.tr\/merkim-maket\/wp-content\/uploads\/2025\/06\/clinical-female-pelvic-trainer-mk3-simulator-limbsandthings.png","type":"image\/png"}],"twitter_card":"summary_large_image","twitter_misc":{"Tahmini okuma s\u00fcresi":"2 dakika"},"schema":{"@context":"https:\/\/schema.org","@graph":[{"@type":"WebPage","@id":"https:\/\/merkim.com.tr\/merkim-maket\/urun\/clinical-female-pelvic-trainer-mk-3-cfpt-advanced-gelismis-kadin-pelvik-muayene-simulatoru\/","url":"https:\/\/merkim.com.tr\/merkim-maket\/urun\/clinical-female-pelvic-trainer-mk-3-cfpt-advanced-gelismis-kadin-pelvik-muayene-simulatoru\/","name":"Clinical Female Pelvic Trainer Mk 3 (CFPT) \u2013 Advanced | Geli\u015fmi\u015f Kad\u0131n Pelvik Muayene Sim\u00fclat\u00f6r\u00fc - Merkim Maket","isPartOf":{"@id":"https:\/\/merkim.com.tr\/merkim-maket\/#website"},"primaryImageOfPage":{"@id":"https:\/\/merkim.com.tr\/merkim-maket\/urun\/clinical-female-pelvic-trainer-mk-3-cfpt-advanced-gelismis-kadin-pelvik-muayene-simulatoru\/#primaryimage"},"image":{"@id":"https:\/\/merkim.com.tr\/merkim-maket\/urun\/clinical-female-pelvic-trainer-mk-3-cfpt-advanced-gelismis-kadin-pelvik-muayene-simulatoru\/#primaryimage"},"thumbnailUrl":"https:\/\/merkim.com.tr\/merkim-maket\/wp-content\/uploads\/2025\/06\/clinical-female-pelvic-trainer-mk3-simulator-limbsandthings.png","datePublished":"2025-06-08T12:46:41+00:00","dateModified":"2025-06-10T10:36:28+00:00","description":"Geli\u015fmi\u015f Kad\u0131n Pelvik Muayene Sim\u00fclat\u00f6r\u00fc CFPT Mk3, 7 mod\u00fcll\u00fc tasar\u0131m\u0131yla jinekolojik muayene ve anatomi e\u011fitiminde profesyonel \u00e7\u00f6z\u00fcm sunar. T\u0131p fak\u00fclteleri ve e\u011fitim merkezleri i\u00e7in idealdir.","breadcrumb":{"@id":"https:\/\/merkim.com.tr\/merkim-maket\/urun\/clinical-female-pelvic-trainer-mk-3-cfpt-advanced-gelismis-kadin-pelvik-muayene-simulatoru\/#breadcrumb"},"inLanguage":"tr","potentialAction":[{"@type":"ReadAction","target":["https:\/\/merkim.com.tr\/merkim-maket\/urun\/clinical-female-pelvic-trainer-mk-3-cfpt-advanced-gelismis-kadin-pelvik-muayene-simulatoru\/"]}]},{"@type":"ImageObject","inLanguage":"tr","@id":"https:\/\/merkim.com.tr\/merkim-maket\/urun\/clinical-female-pelvic-trainer-mk-3-cfpt-advanced-gelismis-kadin-pelvik-muayene-simulatoru\/#primaryimage","url":"https:\/\/merkim.com.tr\/merkim-maket\/wp-content\/uploads\/2025\/06\/clinical-female-pelvic-trainer-mk3-simulator-limbsandthings.png","contentUrl":"https:\/\/merkim.com.tr\/merkim-maket\/wp-content\/uploads\/2025\/06\/clinical-female-pelvic-trainer-mk3-simulator-limbsandthings.png","width":800,"height":800,"caption":"7 mod\u00fcll\u00fc geli\u015fmi\u015f kad\u0131n pelvik muayene sim\u00fclat\u00f6r\u00fc \u2013 t\u0131p e\u011fitimi i\u00e7in tasarlanm\u0131\u015ft\u0131r"},{"@type":"BreadcrumbList","@id":"https:\/\/merkim.com.tr\/merkim-maket\/urun\/clinical-female-pelvic-trainer-mk-3-cfpt-advanced-gelismis-kadin-pelvik-muayene-simulatoru\/#breadcrumb","itemListElement":[{"@type":"ListItem","position":1,"name":"Anasayfa","item":"https:\/\/merkim.com.tr\/merkim-maket\/"},{"@type":"ListItem","position":2,"name":"Ma\u011faza","item":"https:\/\/merkim.com.tr\/merkim-maket\/magaza\/"},{"@type":"ListItem","position":3,"name":"Clinical Female Pelvic Trainer Mk 3 (CFPT) \u2013 Advanced | Geli\u015fmi\u015f Kad\u0131n Pelvik Muayene Sim\u00fclat\u00f6r\u00fc"}]},{"@type":"WebSite","@id":"https:\/\/merkim.com.tr\/merkim-maket\/#website","url":"https:\/\/merkim.com.tr\/merkim-maket\/","name":"Merkim Maket","description":"","potentialAction":[{"@type":"SearchAction","target":{"@type":"EntryPoint","urlTemplate":"https:\/\/merkim.com.tr\/merkim-maket\/?s={search_term_string}"},"query-input":{"@type":"PropertyValueSpecification","valueRequired":true,"valueName":"search_term_string"}}],"inLanguage":"tr"}]}},"_links":{"self":[{"href":"https:\/\/merkim.com.tr\/merkim-maket\/wp-json\/wp\/v2\/product\/73","targetHints":{"allow":["GET"]}}],"collection":[{"href":"https:\/\/merkim.com.tr\/merkim-maket\/wp-json\/wp\/v2\/product"}],"about":[{"href":"https:\/\/merkim.com.tr\/merkim-maket\/wp-json\/wp\/v2\/types\/product"}],"replies":[{"embeddable":true,"href":"https:\/\/merkim.com.tr\/merkim-maket\/wp-json\/wp\/v2\/comments?post=73"}],"wp:featuredmedia":[{"embeddable":true,"href":"https:\/\/merkim.com.tr\/merkim-maket\/wp-json\/wp\/v2\/media\/74"}],"wp:attachment":[{"href":"https:\/\/merkim.com.tr\/merkim-maket\/wp-json\/wp\/v2\/media?parent=73"}],"wp:term":[{"taxonomy":"product_brand","embeddable":true,"href":"https:\/\/merkim.com.tr\/merkim-maket\/wp-json\/wp\/v2\/product_brand?post=73"},{"taxonomy":"product_cat","embeddable":true,"href":"https:\/\/merkim.com.tr\/merkim-maket\/wp-json\/wp\/v2\/product_cat?post=73"},{"taxonomy":"product_tag","embeddable":true,"href":"https:\/\/merkim.com.tr\/merkim-maket\/wp-json\/wp\/v2\/product_tag?post=73"}],"curies":[{"name":"wp","href":"https:\/\/api.w.org\/{rel}","templated":true}]}}