{"id":69,"date":"2025-06-08T12:23:34","date_gmt":"2025-06-08T12:23:34","guid":{"rendered":"https:\/\/merkim.com.tr\/merkim-maket\/?post_type=product&#038;p=69"},"modified":"2025-06-08T12:23:34","modified_gmt":"2025-06-08T12:23:34","slug":"pelvik-kabuk-ve-stand-acik-ten-renkli-limbs-things-kateterizasyon-serisi","status":"publish","type":"product","link":"https:\/\/merkim.com.tr\/merkim-maket\/urun\/pelvik-kabuk-ve-stand-acik-ten-renkli-limbs-things-kateterizasyon-serisi\/","title":{"rendered":"Pelvik Kabuk ve Stand \u2013 A\u00e7\u0131k Ten Renkli | Limbs &#038; Things Kateterizasyon Serisi"},"content":{"rendered":"<p data-start=\"355\" data-end=\"661\"><strong data-start=\"355\" data-end=\"398\">Pelvik Kabuk ve Stand \u2013 A\u00e7\u0131k Ten Renkli<\/strong>, <strong data-start=\"400\" data-end=\"450\">Limbs &amp; Things Kateterizasyon E\u011fitim Mod\u00fclleri<\/strong> ile uyumlu olarak tasarlanm\u0131\u015f yedek ve mod\u00fcler bir yap\u0131 eleman\u0131d\u0131r. T\u0131bbi sim\u00fclasyon uygulamalar\u0131nda, \u00f6zellikle kateterizasyon e\u011fitimine y\u00f6nelik manken ve mod\u00fcllerle birlikte kullan\u0131lmak \u00fczere geli\u015ftirilmi\u015ftir.<\/p>\n<p data-start=\"663\" data-end=\"875\">Bu temel yap\u0131, suprapubik ve \u00fcretral kateter uygulama senaryolar\u0131nda istikrar, do\u011fruluk ve dayan\u0131kl\u0131l\u0131k sunar. Sa\u011fl\u0131k profesyonelleri ve \u00f6\u011frencileri i\u00e7in klinik ortam \u00f6ncesinde etkili beceri kazan\u0131m\u0131n\u0131 destekler.<\/p>\n<h3 data-start=\"877\" data-end=\"904\">\u2705 <strong data-start=\"883\" data-end=\"904\">\u00dcr\u00fcn \u00d6zellikleri:<\/strong><\/h3>\n<ul data-start=\"905\" data-end=\"1719\">\n<li data-start=\"905\" data-end=\"1171\">\n<p data-start=\"907\" data-end=\"925\"><strong data-start=\"907\" data-end=\"923\">Uyumlu Yap\u0131:<\/strong><\/p>\n<ul data-start=\"928\" data-end=\"1171\">\n<li data-start=\"928\" data-end=\"979\">\n<p data-start=\"930\" data-end=\"979\"><em data-start=\"930\" data-end=\"977\">Suprapubik Kateterizasyon Mod\u00fcl\u00fc (Light\/Dark)<\/em><\/p>\n<\/li>\n<li data-start=\"982\" data-end=\"1035\">\n<p data-start=\"984\" data-end=\"1035\"><em data-start=\"984\" data-end=\"1033\">Kad\u0131n Kateterizasyon E\u011fitim Mod\u00fcl\u00fc (Light\/Dark)<\/em><\/p>\n<\/li>\n<li data-start=\"1038\" data-end=\"1091\">\n<p data-start=\"1040\" data-end=\"1091\"><em data-start=\"1040\" data-end=\"1089\">Erkek Kateterizasyon E\u011fitim Mod\u00fcl\u00fc (Light\/Dark)<\/em><\/p>\n<\/li>\n<li data-start=\"1094\" data-end=\"1171\">\n<p data-start=\"1096\" data-end=\"1171\"><em data-start=\"1096\" data-end=\"1152\">\u0130leri Seviye Kateterizasyon Setleri (Advanced Modules)<\/em> ile tam uyumludur.<\/p>\n<\/li>\n<\/ul>\n<\/li>\n<li data-start=\"1173\" data-end=\"1317\">\n<p data-start=\"1175\" data-end=\"1317\"><strong data-start=\"1175\" data-end=\"1197\">Anatomik Do\u011fruluk:<\/strong><br data-start=\"1197\" data-end=\"1200\" \/>\u0130nsan pelvisini referans alarak \u015fekillendirilmi\u015f dayan\u0131kl\u0131 kabuk yap\u0131s\u0131, ger\u00e7ek\u00e7i pozisyonlama ve stabilite sa\u011flar.<\/p>\n<\/li>\n<li data-start=\"1319\" data-end=\"1466\">\n<p data-start=\"1321\" data-end=\"1466\"><strong data-start=\"1321\" data-end=\"1341\">Mod\u00fcler Tasar\u0131m:<\/strong><br data-start=\"1341\" data-end=\"1344\" \/>Limbs &amp; Things taraf\u0131ndan sunulan t\u00fcm cilt tonlar\u0131ndaki kateterizasyon mod\u00fclleri ile kolay montaj\/demontaj imk\u00e2n\u0131 sunar.<\/p>\n<\/li>\n<li data-start=\"1468\" data-end=\"1620\">\n<p data-start=\"1470\" data-end=\"1620\"><strong data-start=\"1470\" data-end=\"1512\">Klinik E\u011fitim Uygulamalar\u0131 \u0130\u00e7in \u0130deal:<\/strong><br data-start=\"1512\" data-end=\"1515\" \/>T\u0131p, hem\u015firelik ve paramedik programlar\u0131nda; temel ve ileri d\u00fczey kateterizasyon e\u011fitimi i\u00e7in uygundur.<\/p>\n<\/li>\n<li data-start=\"1622\" data-end=\"1719\">\n<p data-start=\"1624\" data-end=\"1719\"><strong data-start=\"1624\" data-end=\"1646\">Hijyenik Kullan\u0131m:<\/strong><br data-start=\"1646\" data-end=\"1649\" \/>Temizli\u011fi kolayd\u0131r; sabun ve su ile silinerek dezenfekte edilebilir.<\/p>\n<\/li>\n<\/ul>\n<h3 data-start=\"1721\" data-end=\"1750\">\ud83c\udfaf <strong data-start=\"1728\" data-end=\"1750\">Kullan\u0131m Alanlar\u0131:<\/strong><\/h3>\n<ul data-start=\"1751\" data-end=\"1929\">\n<li data-start=\"1751\" data-end=\"1799\">\n<p data-start=\"1753\" data-end=\"1799\">Kateterizasyon e\u011fitimi (\u00fcretral ve suprapubik)<\/p>\n<\/li>\n<li data-start=\"1800\" data-end=\"1837\">\n<p data-start=\"1802\" data-end=\"1837\">Bireysel klinik beceri uygulamalar\u0131<\/p>\n<\/li>\n<li data-start=\"1838\" data-end=\"1871\">\n<p data-start=\"1840\" data-end=\"1871\">Grup temelli e\u011fitim senaryolar\u0131<\/p>\n<\/li>\n<li data-start=\"1872\" data-end=\"1929\">\n<p data-start=\"1874\" data-end=\"1929\">T\u0131p fak\u00fclteleri, hem\u015firelik okullar\u0131, acil t\u0131p kurslar\u0131<\/p>\n<\/li>\n<\/ul>\n","protected":false},"excerpt":{"rendered":"<p data-start=\"1971\" data-end=\"2144\">Limbs &amp; Things kateterizasyon e\u011fitim mod\u00fclleri ile uyumlu bu pelvik kabuk ve stand, ger\u00e7ek\u00e7i, dayan\u0131kl\u0131 ve mod\u00fcler tasar\u0131m\u0131 sayesinde etkili t\u0131bbi sim\u00fclasyon deneyimi sunar.<\/p>\n","protected":false},"featured_media":70,"comment_status":"open","ping_status":"closed","template":"","meta":[],"product_brand":[129],"product_cat":[15,130,128,179],"product_tag":[194,193,192,170,197,137,200,189,196,195,199,190,191,41,198],"class_list":{"0":"post-69","1":"product","2":"type-product","3":"status-publish","4":"has-post-thumbnail","6":"product_brand-limbs-things","7":"product_cat-genel","8":"product_cat-nursing","9":"product_cat-limbs-things","10":"product_cat-simulasyon","11":"product_tag-acik-ten-renkli-pelvik-yapi","12":"product_tag-erkek-kateter-egitimi","13":"product_tag-kadin-kateter-egitimi","14":"product_tag-kateterizasyon-simulatoru","15":"product_tag-klinik-beceri-mankeni","16":"product_tag-limbs-and-things","17":"product_tag-modul-uyumlu-stand","18":"product_tag-pelvik-kabuk","19":"product_tag-pelvik-simulasyon-kabugu","20":"product_tag-saglik-egitimi-ekipmani","21":"product_tag-simulasyon-tabani","22":"product_tag-stand","23":"product_tag-suprapubik-modul-uyumu","24":"product_tag-tibbi-simulasyon","25":"product_tag-yedek-pelvik-stand","27":"first","28":"instock","29":"shipping-taxable","30":"product-type-simple"},"yoast_head":"<!-- This site is optimized with the Yoast SEO plugin v25.2 - https:\/\/yoast.com\/wordpress\/plugins\/seo\/ -->\n<title>Pelvik Kabuk ve Stand \u2013 A\u00e7\u0131k Ten Renkli | Limbs &amp; Things Kateterizasyon Serisi - Merkim Maket<\/title>\n<meta name=\"description\" content=\"Kateterizasyon e\u011fitim mod\u00fclleriniz i\u00e7in ideal pelvik kabuk ve stand ile sim\u00fclasyon deneyiminizi bir \u00fcst seviyeye ta\u015f\u0131y\u0131n. Limbs &amp; Things kalitesiyle t\u0131bbi e\u011fitiminizi g\u00fc\u00e7lendirin.\" \/>\n<meta name=\"robots\" content=\"index, follow, max-snippet:-1, max-image-preview:large, max-video-preview:-1\" \/>\n<link rel=\"canonical\" href=\"https:\/\/merkim.com.tr\/merkim-maket\/urun\/pelvik-kabuk-ve-stand-acik-ten-renkli-limbs-things-kateterizasyon-serisi\/\" \/>\n<meta property=\"og:locale\" content=\"tr_TR\" \/>\n<meta property=\"og:type\" content=\"article\" \/>\n<meta property=\"og:title\" content=\"Pelvik Kabuk ve Stand \u2013 A\u00e7\u0131k Ten Renkli | Limbs &amp; Things Kateterizasyon Serisi - Merkim Maket\" \/>\n<meta property=\"og:description\" content=\"Kateterizasyon e\u011fitim mod\u00fclleriniz i\u00e7in ideal pelvik kabuk ve stand ile sim\u00fclasyon deneyiminizi bir \u00fcst seviyeye ta\u015f\u0131y\u0131n. Limbs &amp; Things kalitesiyle t\u0131bbi e\u011fitiminizi g\u00fc\u00e7lendirin.\" \/>\n<meta property=\"og:url\" content=\"https:\/\/merkim.com.tr\/merkim-maket\/urun\/pelvik-kabuk-ve-stand-acik-ten-renkli-limbs-things-kateterizasyon-serisi\/\" \/>\n<meta property=\"og:site_name\" content=\"Merkim Maket\" \/>\n<meta property=\"og:image\" content=\"https:\/\/merkim.com.tr\/merkim-maket\/wp-content\/uploads\/2025\/06\/pelvik-kabuk-stand-simulasyon-limbsandthings.png\" \/>\n\t<meta property=\"og:image:width\" content=\"800\" \/>\n\t<meta property=\"og:image:height\" content=\"800\" \/>\n\t<meta property=\"og:image:type\" content=\"image\/png\" \/>\n<meta name=\"twitter:card\" content=\"summary_large_image\" \/>\n<meta name=\"twitter:label1\" content=\"Tahmini okuma s\u00fcresi\" \/>\n\t<meta name=\"twitter:data1\" content=\"2 dakika\" \/>\n<script type=\"application\/ld+json\" class=\"yoast-schema-graph\">{\"@context\":\"https:\/\/schema.org\",\"@graph\":[{\"@type\":\"WebPage\",\"@id\":\"https:\/\/merkim.com.tr\/merkim-maket\/urun\/pelvik-kabuk-ve-stand-acik-ten-renkli-limbs-things-kateterizasyon-serisi\/\",\"url\":\"https:\/\/merkim.com.tr\/merkim-maket\/urun\/pelvik-kabuk-ve-stand-acik-ten-renkli-limbs-things-kateterizasyon-serisi\/\",\"name\":\"Pelvik Kabuk ve Stand \u2013 A\u00e7\u0131k Ten Renkli | Limbs & Things Kateterizasyon Serisi - Merkim Maket\",\"isPartOf\":{\"@id\":\"https:\/\/merkim.com.tr\/merkim-maket\/#website\"},\"primaryImageOfPage\":{\"@id\":\"https:\/\/merkim.com.tr\/merkim-maket\/urun\/pelvik-kabuk-ve-stand-acik-ten-renkli-limbs-things-kateterizasyon-serisi\/#primaryimage\"},\"image\":{\"@id\":\"https:\/\/merkim.com.tr\/merkim-maket\/urun\/pelvik-kabuk-ve-stand-acik-ten-renkli-limbs-things-kateterizasyon-serisi\/#primaryimage\"},\"thumbnailUrl\":\"https:\/\/merkim.com.tr\/merkim-maket\/wp-content\/uploads\/2025\/06\/pelvik-kabuk-stand-simulasyon-limbsandthings.png\",\"datePublished\":\"2025-06-08T12:23:34+00:00\",\"description\":\"Kateterizasyon e\u011fitim mod\u00fclleriniz i\u00e7in ideal pelvik kabuk ve stand ile sim\u00fclasyon deneyiminizi bir \u00fcst seviyeye ta\u015f\u0131y\u0131n. Limbs & Things kalitesiyle t\u0131bbi e\u011fitiminizi g\u00fc\u00e7lendirin.\",\"breadcrumb\":{\"@id\":\"https:\/\/merkim.com.tr\/merkim-maket\/urun\/pelvik-kabuk-ve-stand-acik-ten-renkli-limbs-things-kateterizasyon-serisi\/#breadcrumb\"},\"inLanguage\":\"tr\",\"potentialAction\":[{\"@type\":\"ReadAction\",\"target\":[\"https:\/\/merkim.com.tr\/merkim-maket\/urun\/pelvik-kabuk-ve-stand-acik-ten-renkli-limbs-things-kateterizasyon-serisi\/\"]}]},{\"@type\":\"ImageObject\",\"inLanguage\":\"tr\",\"@id\":\"https:\/\/merkim.com.tr\/merkim-maket\/urun\/pelvik-kabuk-ve-stand-acik-ten-renkli-limbs-things-kateterizasyon-serisi\/#primaryimage\",\"url\":\"https:\/\/merkim.com.tr\/merkim-maket\/wp-content\/uploads\/2025\/06\/pelvik-kabuk-stand-simulasyon-limbsandthings.png\",\"contentUrl\":\"https:\/\/merkim.com.tr\/merkim-maket\/wp-content\/uploads\/2025\/06\/pelvik-kabuk-stand-simulasyon-limbsandthings.png\",\"width\":800,\"height\":800,\"caption\":\"Kateterizasyon mod\u00fclleri ile uyumlu a\u00e7\u0131k tenli pelvik sim\u00fclasyon kabu\u011fu ve stand\u0131\"},{\"@type\":\"BreadcrumbList\",\"@id\":\"https:\/\/merkim.com.tr\/merkim-maket\/urun\/pelvik-kabuk-ve-stand-acik-ten-renkli-limbs-things-kateterizasyon-serisi\/#breadcrumb\",\"itemListElement\":[{\"@type\":\"ListItem\",\"position\":1,\"name\":\"Anasayfa\",\"item\":\"https:\/\/merkim.com.tr\/merkim-maket\/\"},{\"@type\":\"ListItem\",\"position\":2,\"name\":\"Ma\u011faza\",\"item\":\"https:\/\/merkim.com.tr\/merkim-maket\/magaza\/\"},{\"@type\":\"ListItem\",\"position\":3,\"name\":\"Pelvik Kabuk ve Stand \u2013 A\u00e7\u0131k Ten Renkli | Limbs &#038; Things Kateterizasyon Serisi\"}]},{\"@type\":\"WebSite\",\"@id\":\"https:\/\/merkim.com.tr\/merkim-maket\/#website\",\"url\":\"https:\/\/merkim.com.tr\/merkim-maket\/\",\"name\":\"Merkim Maket\",\"description\":\"\",\"potentialAction\":[{\"@type\":\"SearchAction\",\"target\":{\"@type\":\"EntryPoint\",\"urlTemplate\":\"https:\/\/merkim.com.tr\/merkim-maket\/?s={search_term_string}\"},\"query-input\":{\"@type\":\"PropertyValueSpecification\",\"valueRequired\":true,\"valueName\":\"search_term_string\"}}],\"inLanguage\":\"tr\"}]}<\/script>\n<!-- \/ Yoast SEO plugin. -->","yoast_head_json":{"title":"Pelvik Kabuk ve Stand \u2013 A\u00e7\u0131k Ten Renkli | Limbs & Things Kateterizasyon Serisi - Merkim Maket","description":"Kateterizasyon e\u011fitim mod\u00fclleriniz i\u00e7in ideal pelvik kabuk ve stand ile sim\u00fclasyon deneyiminizi bir \u00fcst seviyeye ta\u015f\u0131y\u0131n. Limbs & Things kalitesiyle t\u0131bbi e\u011fitiminizi g\u00fc\u00e7lendirin.","robots":{"index":"index","follow":"follow","max-snippet":"max-snippet:-1","max-image-preview":"max-image-preview:large","max-video-preview":"max-video-preview:-1"},"canonical":"https:\/\/merkim.com.tr\/merkim-maket\/urun\/pelvik-kabuk-ve-stand-acik-ten-renkli-limbs-things-kateterizasyon-serisi\/","og_locale":"tr_TR","og_type":"article","og_title":"Pelvik Kabuk ve Stand \u2013 A\u00e7\u0131k Ten Renkli | Limbs & Things Kateterizasyon Serisi - Merkim Maket","og_description":"Kateterizasyon e\u011fitim mod\u00fclleriniz i\u00e7in ideal pelvik kabuk ve stand ile sim\u00fclasyon deneyiminizi bir \u00fcst seviyeye ta\u015f\u0131y\u0131n. Limbs & Things kalitesiyle t\u0131bbi e\u011fitiminizi g\u00fc\u00e7lendirin.","og_url":"https:\/\/merkim.com.tr\/merkim-maket\/urun\/pelvik-kabuk-ve-stand-acik-ten-renkli-limbs-things-kateterizasyon-serisi\/","og_site_name":"Merkim Maket","og_image":[{"width":800,"height":800,"url":"https:\/\/merkim.com.tr\/merkim-maket\/wp-content\/uploads\/2025\/06\/pelvik-kabuk-stand-simulasyon-limbsandthings.png","type":"image\/png"}],"twitter_card":"summary_large_image","twitter_misc":{"Tahmini okuma s\u00fcresi":"2 dakika"},"schema":{"@context":"https:\/\/schema.org","@graph":[{"@type":"WebPage","@id":"https:\/\/merkim.com.tr\/merkim-maket\/urun\/pelvik-kabuk-ve-stand-acik-ten-renkli-limbs-things-kateterizasyon-serisi\/","url":"https:\/\/merkim.com.tr\/merkim-maket\/urun\/pelvik-kabuk-ve-stand-acik-ten-renkli-limbs-things-kateterizasyon-serisi\/","name":"Pelvik Kabuk ve Stand \u2013 A\u00e7\u0131k Ten Renkli | Limbs & Things Kateterizasyon Serisi - Merkim Maket","isPartOf":{"@id":"https:\/\/merkim.com.tr\/merkim-maket\/#website"},"primaryImageOfPage":{"@id":"https:\/\/merkim.com.tr\/merkim-maket\/urun\/pelvik-kabuk-ve-stand-acik-ten-renkli-limbs-things-kateterizasyon-serisi\/#primaryimage"},"image":{"@id":"https:\/\/merkim.com.tr\/merkim-maket\/urun\/pelvik-kabuk-ve-stand-acik-ten-renkli-limbs-things-kateterizasyon-serisi\/#primaryimage"},"thumbnailUrl":"https:\/\/merkim.com.tr\/merkim-maket\/wp-content\/uploads\/2025\/06\/pelvik-kabuk-stand-simulasyon-limbsandthings.png","datePublished":"2025-06-08T12:23:34+00:00","description":"Kateterizasyon e\u011fitim mod\u00fclleriniz i\u00e7in ideal pelvik kabuk ve stand ile sim\u00fclasyon deneyiminizi bir \u00fcst seviyeye ta\u015f\u0131y\u0131n. Limbs & Things kalitesiyle t\u0131bbi e\u011fitiminizi g\u00fc\u00e7lendirin.","breadcrumb":{"@id":"https:\/\/merkim.com.tr\/merkim-maket\/urun\/pelvik-kabuk-ve-stand-acik-ten-renkli-limbs-things-kateterizasyon-serisi\/#breadcrumb"},"inLanguage":"tr","potentialAction":[{"@type":"ReadAction","target":["https:\/\/merkim.com.tr\/merkim-maket\/urun\/pelvik-kabuk-ve-stand-acik-ten-renkli-limbs-things-kateterizasyon-serisi\/"]}]},{"@type":"ImageObject","inLanguage":"tr","@id":"https:\/\/merkim.com.tr\/merkim-maket\/urun\/pelvik-kabuk-ve-stand-acik-ten-renkli-limbs-things-kateterizasyon-serisi\/#primaryimage","url":"https:\/\/merkim.com.tr\/merkim-maket\/wp-content\/uploads\/2025\/06\/pelvik-kabuk-stand-simulasyon-limbsandthings.png","contentUrl":"https:\/\/merkim.com.tr\/merkim-maket\/wp-content\/uploads\/2025\/06\/pelvik-kabuk-stand-simulasyon-limbsandthings.png","width":800,"height":800,"caption":"Kateterizasyon mod\u00fclleri ile uyumlu a\u00e7\u0131k tenli pelvik sim\u00fclasyon kabu\u011fu ve stand\u0131"},{"@type":"BreadcrumbList","@id":"https:\/\/merkim.com.tr\/merkim-maket\/urun\/pelvik-kabuk-ve-stand-acik-ten-renkli-limbs-things-kateterizasyon-serisi\/#breadcrumb","itemListElement":[{"@type":"ListItem","position":1,"name":"Anasayfa","item":"https:\/\/merkim.com.tr\/merkim-maket\/"},{"@type":"ListItem","position":2,"name":"Ma\u011faza","item":"https:\/\/merkim.com.tr\/merkim-maket\/magaza\/"},{"@type":"ListItem","position":3,"name":"Pelvik Kabuk ve Stand \u2013 A\u00e7\u0131k Ten Renkli | Limbs &#038; Things Kateterizasyon Serisi"}]},{"@type":"WebSite","@id":"https:\/\/merkim.com.tr\/merkim-maket\/#website","url":"https:\/\/merkim.com.tr\/merkim-maket\/","name":"Merkim Maket","description":"","potentialAction":[{"@type":"SearchAction","target":{"@type":"EntryPoint","urlTemplate":"https:\/\/merkim.com.tr\/merkim-maket\/?s={search_term_string}"},"query-input":{"@type":"PropertyValueSpecification","valueRequired":true,"valueName":"search_term_string"}}],"inLanguage":"tr"}]}},"_links":{"self":[{"href":"https:\/\/merkim.com.tr\/merkim-maket\/wp-json\/wp\/v2\/product\/69","targetHints":{"allow":["GET"]}}],"collection":[{"href":"https:\/\/merkim.com.tr\/merkim-maket\/wp-json\/wp\/v2\/product"}],"about":[{"href":"https:\/\/merkim.com.tr\/merkim-maket\/wp-json\/wp\/v2\/types\/product"}],"replies":[{"embeddable":true,"href":"https:\/\/merkim.com.tr\/merkim-maket\/wp-json\/wp\/v2\/comments?post=69"}],"wp:featuredmedia":[{"embeddable":true,"href":"https:\/\/merkim.com.tr\/merkim-maket\/wp-json\/wp\/v2\/media\/70"}],"wp:attachment":[{"href":"https:\/\/merkim.com.tr\/merkim-maket\/wp-json\/wp\/v2\/media?parent=69"}],"wp:term":[{"taxonomy":"product_brand","embeddable":true,"href":"https:\/\/merkim.com.tr\/merkim-maket\/wp-json\/wp\/v2\/product_brand?post=69"},{"taxonomy":"product_cat","embeddable":true,"href":"https:\/\/merkim.com.tr\/merkim-maket\/wp-json\/wp\/v2\/product_cat?post=69"},{"taxonomy":"product_tag","embeddable":true,"href":"https:\/\/merkim.com.tr\/merkim-maket\/wp-json\/wp\/v2\/product_tag?post=69"}],"curies":[{"name":"wp","href":"https:\/\/api.w.org\/{rel}","templated":true}]}}