{"id":67,"date":"2025-06-08T12:14:25","date_gmt":"2025-06-08T12:14:25","guid":{"rendered":"https:\/\/merkim.com.tr\/merkim-maket\/?post_type=product&#038;p=67"},"modified":"2025-06-10T11:53:42","modified_gmt":"2025-06-10T11:53:42","slug":"suprapubik-ultrason-rehberli-kateterizasyon-modulu-acik-ten-renkli-limbs-things","status":"publish","type":"product","link":"https:\/\/merkim.com.tr\/merkim-maket\/urun\/suprapubik-ultrason-rehberli-kateterizasyon-modulu-acik-ten-renkli-limbs-things\/","title":{"rendered":"Suprapubik (Ultrason Rehberli) Kateterizasyon Mod\u00fcl\u00fc \u2013 A\u00e7\u0131k Ten Renkli | Limbs &#038; Things"},"content":{"rendered":"<p data-start=\"388\" data-end=\"791\"><strong data-start=\"388\" data-end=\"455\">Suprapubik (Ultrasound) Kateterizasyon Mod\u00fcl\u00fc \u2013 A\u00e7\u0131k Ten Renkli<\/strong>, ileri d\u00fczey t\u0131bbi e\u011fitim ve sim\u00fclasyon uygulamalar\u0131 i\u00e7in \u00f6zel olarak tasarlanm\u0131\u015f y\u00fcksek hassasiyetli bir e\u011fitim modelidir. <strong data-start=\"580\" data-end=\"598\">Limbs &amp; Things<\/strong> taraf\u0131ndan geli\u015ftirilen bu mod\u00fcl, suprapubik kateterizasyon prati\u011fi yapmak isteyen sa\u011fl\u0131k profesyonelleri ve \u00f6\u011frenciler i\u00e7in hem <strong data-start=\"728\" data-end=\"770\">k\u00f6r y\u00f6ntemle hem de ultrason e\u015fli\u011finde<\/strong> e\u011fitim imk\u00e2n\u0131 sunar.<\/p>\n<h3 data-start=\"793\" data-end=\"830\">\u2705 <strong data-start=\"799\" data-end=\"830\">Ger\u00e7ek\u00e7ili\u011fe Yak\u0131n Tasar\u0131m:<\/strong><\/h3>\n<ul data-start=\"831\" data-end=\"1164\">\n<li data-start=\"831\" data-end=\"943\">\n<p data-start=\"833\" data-end=\"943\"><strong data-start=\"833\" data-end=\"880\">Ultrason g\u00f6r\u00fcnt\u00fcs\u00fc al\u0131nabilen \u00f6zel materyal<\/strong>, insan cildi dokusunu son derece ger\u00e7ek\u00e7i \u015fekilde taklit eder.<\/p>\n<\/li>\n<li data-start=\"944\" data-end=\"1079\">\n<p data-start=\"946\" data-end=\"1079\"><strong data-start=\"946\" data-end=\"968\">Anatomik detaylar:<\/strong> Pubik kemik, rektus k\u0131l\u0131f\u0131 ve anatomik olarak do\u011fru tasarlanm\u0131\u015f mesane ile klinik senaryolara uygun yap\u0131dad\u0131r.<\/p>\n<\/li>\n<li data-start=\"1080\" data-end=\"1164\">\n<p data-start=\"1082\" data-end=\"1164\"><strong data-start=\"1082\" data-end=\"1111\">Tam dolu mesane g\u00f6r\u00fcnt\u00fcs\u00fc<\/strong> al\u0131nabilir, bu da karar verme s\u00fcrecine katk\u0131 sa\u011flar.<\/p>\n<\/li>\n<\/ul>\n<h3 data-start=\"1166\" data-end=\"1199\">\ud83d\udd04 <strong data-start=\"1173\" data-end=\"1199\">Uyumluluk ve Esneklik:<\/strong><\/h3>\n<ul data-start=\"1200\" data-end=\"1367\">\n<li data-start=\"1200\" data-end=\"1272\">\n<p data-start=\"1202\" data-end=\"1272\"><strong data-start=\"1202\" data-end=\"1249\">Limbs &amp; Things Kateterizasyon Temel \u00dcnitesi<\/strong> ile tamamen uyumludur.<\/p>\n<\/li>\n<li data-start=\"1273\" data-end=\"1367\">\n<p data-start=\"1275\" data-end=\"1367\">Mod\u00fcl kolayca de\u011fi\u015ftirilebilir yap\u0131dad\u0131r, b\u00f6ylece farkl\u0131 cilt tonlar\u0131yla pratik yap\u0131labilir.<\/p>\n<\/li>\n<\/ul>\n<h3 data-start=\"1369\" data-end=\"1398\">\ud83e\uddfc <strong data-start=\"1376\" data-end=\"1398\">Temizlik ve Bak\u0131m:<\/strong><\/h3>\n<ul data-start=\"1399\" data-end=\"1560\">\n<li data-start=\"1399\" data-end=\"1456\">\n<p data-start=\"1401\" data-end=\"1456\">\u00dcr\u00fcn y\u00fczeyi <strong data-start=\"1413\" data-end=\"1455\">sabun ve su ile kolayca temizlenebilir<\/strong>.<\/p>\n<\/li>\n<li data-start=\"1457\" data-end=\"1560\">\n<p data-start=\"1459\" data-end=\"1560\"><strong data-start=\"1459\" data-end=\"1477\">Lateks i\u00e7ermez<\/strong> (ancak i\u00e7indeki baz\u0131 kateterler lateks i\u00e7erebilir \u2013 dikkatle kontrol edilmelidir).<\/p>\n<\/li>\n<\/ul>\n<h3 data-start=\"1562\" data-end=\"1593\">\ud83c\udfaf <strong data-start=\"1569\" data-end=\"1593\">Kazan\u0131lan Beceriler:<\/strong><\/h3>\n<ul data-start=\"1594\" data-end=\"1731\">\n<li data-start=\"1594\" data-end=\"1650\">\n<p data-start=\"1596\" data-end=\"1650\">Suprapubik kateter uygulama (k\u00f6r ve ultrason rehberli)<\/p>\n<\/li>\n<li data-start=\"1651\" data-end=\"1696\">\n<p data-start=\"1653\" data-end=\"1696\">Transd\u00fcser (prob) kullan\u0131m\u0131 ve pozisyonlama<\/p>\n<\/li>\n<li data-start=\"1697\" data-end=\"1731\">\n<p data-start=\"1699\" data-end=\"1731\">Ultrason ile dolu mesane tespiti<\/p>\n<\/li>\n<\/ul>\n<p data-start=\"1733\" data-end=\"1836\"><strong data-start=\"1733\" data-end=\"1741\">Not:<\/strong> Bu mod\u00fcl, <em data-start=\"1752\" data-end=\"1792\">Pelvik Shell &amp; Stand (A\u00e7\u0131k Ten Renkli)<\/em> ile birlikte \u00e7al\u0131\u015fmak \u00fczere tasarlanm\u0131\u015ft\u0131r.<\/p>\n","protected":false},"excerpt":{"rendered":"<p>Ultrason rehberli suprapubik kateterizasyon e\u011fitimi i\u00e7in geli\u015ftirilen bu mod\u00fcl, ger\u00e7ek doku hissi, anatomik do\u011fruluk ve y\u00fcksek e\u011fitim verimlili\u011fi sunar. Limbs &amp; Things kalitesiyle \u00fcretilmi\u015f, ileri d\u00fczey t\u0131bbi sim\u00fclasyonlarda kullan\u0131lmak \u00fczere idealdir.<\/p>\n","protected":false},"featured_media":68,"comment_status":"open","ping_status":"closed","template":"","meta":[],"product_brand":[129],"product_cat":[15,523,130,128,179],"product_tag":[184,146,183,109,137,182,185,34,188,180,41,187,181,186],"class_list":{"0":"post-67","1":"product","2":"type-product","3":"status-publish","4":"has-post-thumbnail","6":"product_brand-limbs-things","7":"product_cat-genel","8":"product_cat-acil-tip","9":"product_cat-nursing","10":"product_cat-limbs-things","11":"product_cat-simulasyon","12":"product_tag-anatomi-modeli","13":"product_tag-hemsirelik-simulasyonu","14":"product_tag-kateter-uygulama","15":"product_tag-klinik-beceri-egitimi","16":"product_tag-limbs-and-things","17":"product_tag-mesane-simulatoru","18":"product_tag-pelvik-simulator","19":"product_tag-saglik-egitimi","20":"product_tag-suprapubic-ultrasound-module","21":"product_tag-suprapubik-kateterizasyon","22":"product_tag-tibbi-simulasyon","23":"product_tag-tip-ogrencisi-egitimi","24":"product_tag-ultrason-egitim-modeli","25":"product_tag-ultrason-rehberli-egitim","27":"first","28":"instock","29":"shipping-taxable","30":"product-type-simple"},"yoast_head":"<!-- This site is optimized with the Yoast SEO plugin v25.2 - https:\/\/yoast.com\/wordpress\/plugins\/seo\/ -->\n<title>Suprapubik (Ultrason Rehberli) Kateterizasyon Mod\u00fcl\u00fc \u2013 A\u00e7\u0131k Ten Renkli | Limbs &amp; Things - Merkim Maket<\/title>\n<meta name=\"description\" content=\"Suprapubik kateterizasyon e\u011fitim mod\u00fcl\u00fc ile ultrason rehberli kateter uygulamalar\u0131n\u0131 ger\u00e7e\u011fe en yak\u0131n \u015fekilde \u00f6\u011frenin. Limbs &amp; Things kalitesiyle, ileri d\u00fczey t\u0131bbi sim\u00fclasyon e\u011fitimi sizi bekliyor.\" \/>\n<meta name=\"robots\" content=\"index, follow, max-snippet:-1, max-image-preview:large, max-video-preview:-1\" \/>\n<link rel=\"canonical\" href=\"https:\/\/merkim.com.tr\/merkim-maket\/urun\/suprapubik-ultrason-rehberli-kateterizasyon-modulu-acik-ten-renkli-limbs-things\/\" \/>\n<meta property=\"og:locale\" content=\"tr_TR\" \/>\n<meta property=\"og:type\" content=\"article\" \/>\n<meta property=\"og:title\" content=\"Suprapubik (Ultrason Rehberli) Kateterizasyon Mod\u00fcl\u00fc \u2013 A\u00e7\u0131k Ten Renkli | Limbs &amp; Things - Merkim Maket\" \/>\n<meta property=\"og:description\" content=\"Suprapubik kateterizasyon e\u011fitim mod\u00fcl\u00fc ile ultrason rehberli kateter uygulamalar\u0131n\u0131 ger\u00e7e\u011fe en yak\u0131n \u015fekilde \u00f6\u011frenin. Limbs &amp; Things kalitesiyle, ileri d\u00fczey t\u0131bbi sim\u00fclasyon e\u011fitimi sizi bekliyor.\" \/>\n<meta property=\"og:url\" content=\"https:\/\/merkim.com.tr\/merkim-maket\/urun\/suprapubik-ultrason-rehberli-kateterizasyon-modulu-acik-ten-renkli-limbs-things\/\" \/>\n<meta property=\"og:site_name\" content=\"Merkim Maket\" \/>\n<meta property=\"article:modified_time\" content=\"2025-06-10T11:53:42+00:00\" \/>\n<meta property=\"og:image\" content=\"https:\/\/merkim.com.tr\/merkim-maket\/wp-content\/uploads\/2025\/06\/suprapubik-kateterizasyon-modulu-simulasyon-limbsandthings.png\" \/>\n\t<meta property=\"og:image:width\" content=\"800\" \/>\n\t<meta property=\"og:image:height\" content=\"800\" \/>\n\t<meta property=\"og:image:type\" content=\"image\/png\" \/>\n<meta name=\"twitter:card\" content=\"summary_large_image\" \/>\n<meta name=\"twitter:label1\" content=\"Tahmini okuma s\u00fcresi\" \/>\n\t<meta name=\"twitter:data1\" content=\"2 dakika\" \/>\n<script type=\"application\/ld+json\" class=\"yoast-schema-graph\">{\"@context\":\"https:\/\/schema.org\",\"@graph\":[{\"@type\":\"WebPage\",\"@id\":\"https:\/\/merkim.com.tr\/merkim-maket\/urun\/suprapubik-ultrason-rehberli-kateterizasyon-modulu-acik-ten-renkli-limbs-things\/\",\"url\":\"https:\/\/merkim.com.tr\/merkim-maket\/urun\/suprapubik-ultrason-rehberli-kateterizasyon-modulu-acik-ten-renkli-limbs-things\/\",\"name\":\"Suprapubik (Ultrason Rehberli) Kateterizasyon Mod\u00fcl\u00fc \u2013 A\u00e7\u0131k Ten Renkli | Limbs & Things - Merkim Maket\",\"isPartOf\":{\"@id\":\"https:\/\/merkim.com.tr\/merkim-maket\/#website\"},\"primaryImageOfPage\":{\"@id\":\"https:\/\/merkim.com.tr\/merkim-maket\/urun\/suprapubik-ultrason-rehberli-kateterizasyon-modulu-acik-ten-renkli-limbs-things\/#primaryimage\"},\"image\":{\"@id\":\"https:\/\/merkim.com.tr\/merkim-maket\/urun\/suprapubik-ultrason-rehberli-kateterizasyon-modulu-acik-ten-renkli-limbs-things\/#primaryimage\"},\"thumbnailUrl\":\"https:\/\/merkim.com.tr\/merkim-maket\/wp-content\/uploads\/2025\/06\/suprapubik-kateterizasyon-modulu-simulasyon-limbsandthings.png\",\"datePublished\":\"2025-06-08T12:14:25+00:00\",\"dateModified\":\"2025-06-10T11:53:42+00:00\",\"description\":\"Suprapubik kateterizasyon e\u011fitim mod\u00fcl\u00fc ile ultrason rehberli kateter uygulamalar\u0131n\u0131 ger\u00e7e\u011fe en yak\u0131n \u015fekilde \u00f6\u011frenin. Limbs & Things kalitesiyle, ileri d\u00fczey t\u0131bbi sim\u00fclasyon e\u011fitimi sizi bekliyor.\",\"breadcrumb\":{\"@id\":\"https:\/\/merkim.com.tr\/merkim-maket\/urun\/suprapubik-ultrason-rehberli-kateterizasyon-modulu-acik-ten-renkli-limbs-things\/#breadcrumb\"},\"inLanguage\":\"tr\",\"potentialAction\":[{\"@type\":\"ReadAction\",\"target\":[\"https:\/\/merkim.com.tr\/merkim-maket\/urun\/suprapubik-ultrason-rehberli-kateterizasyon-modulu-acik-ten-renkli-limbs-things\/\"]}]},{\"@type\":\"ImageObject\",\"inLanguage\":\"tr\",\"@id\":\"https:\/\/merkim.com.tr\/merkim-maket\/urun\/suprapubik-ultrason-rehberli-kateterizasyon-modulu-acik-ten-renkli-limbs-things\/#primaryimage\",\"url\":\"https:\/\/merkim.com.tr\/merkim-maket\/wp-content\/uploads\/2025\/06\/suprapubik-kateterizasyon-modulu-simulasyon-limbsandthings.png\",\"contentUrl\":\"https:\/\/merkim.com.tr\/merkim-maket\/wp-content\/uploads\/2025\/06\/suprapubik-kateterizasyon-modulu-simulasyon-limbsandthings.png\",\"width\":800,\"height\":800,\"caption\":\"Ultrason e\u015fli\u011finde kateterizasyon e\u011fitimi i\u00e7in ger\u00e7ek\u00e7i t\u0131bbi sim\u00fclasyon mod\u00fcl\u00fc\"},{\"@type\":\"BreadcrumbList\",\"@id\":\"https:\/\/merkim.com.tr\/merkim-maket\/urun\/suprapubik-ultrason-rehberli-kateterizasyon-modulu-acik-ten-renkli-limbs-things\/#breadcrumb\",\"itemListElement\":[{\"@type\":\"ListItem\",\"position\":1,\"name\":\"Anasayfa\",\"item\":\"https:\/\/merkim.com.tr\/merkim-maket\/\"},{\"@type\":\"ListItem\",\"position\":2,\"name\":\"Ma\u011faza\",\"item\":\"https:\/\/merkim.com.tr\/merkim-maket\/magaza\/\"},{\"@type\":\"ListItem\",\"position\":3,\"name\":\"Suprapubik (Ultrason Rehberli) Kateterizasyon Mod\u00fcl\u00fc \u2013 A\u00e7\u0131k Ten Renkli | Limbs &#038; Things\"}]},{\"@type\":\"WebSite\",\"@id\":\"https:\/\/merkim.com.tr\/merkim-maket\/#website\",\"url\":\"https:\/\/merkim.com.tr\/merkim-maket\/\",\"name\":\"Merkim Maket\",\"description\":\"\",\"potentialAction\":[{\"@type\":\"SearchAction\",\"target\":{\"@type\":\"EntryPoint\",\"urlTemplate\":\"https:\/\/merkim.com.tr\/merkim-maket\/?s={search_term_string}\"},\"query-input\":{\"@type\":\"PropertyValueSpecification\",\"valueRequired\":true,\"valueName\":\"search_term_string\"}}],\"inLanguage\":\"tr\"}]}<\/script>\n<!-- \/ Yoast SEO plugin. -->","yoast_head_json":{"title":"Suprapubik (Ultrason Rehberli) Kateterizasyon Mod\u00fcl\u00fc \u2013 A\u00e7\u0131k Ten Renkli | Limbs & Things - Merkim Maket","description":"Suprapubik kateterizasyon e\u011fitim mod\u00fcl\u00fc ile ultrason rehberli kateter uygulamalar\u0131n\u0131 ger\u00e7e\u011fe en yak\u0131n \u015fekilde \u00f6\u011frenin. Limbs & Things kalitesiyle, ileri d\u00fczey t\u0131bbi sim\u00fclasyon e\u011fitimi sizi bekliyor.","robots":{"index":"index","follow":"follow","max-snippet":"max-snippet:-1","max-image-preview":"max-image-preview:large","max-video-preview":"max-video-preview:-1"},"canonical":"https:\/\/merkim.com.tr\/merkim-maket\/urun\/suprapubik-ultrason-rehberli-kateterizasyon-modulu-acik-ten-renkli-limbs-things\/","og_locale":"tr_TR","og_type":"article","og_title":"Suprapubik (Ultrason Rehberli) Kateterizasyon Mod\u00fcl\u00fc \u2013 A\u00e7\u0131k Ten Renkli | Limbs & Things - Merkim Maket","og_description":"Suprapubik kateterizasyon e\u011fitim mod\u00fcl\u00fc ile ultrason rehberli kateter uygulamalar\u0131n\u0131 ger\u00e7e\u011fe en yak\u0131n \u015fekilde \u00f6\u011frenin. Limbs & Things kalitesiyle, ileri d\u00fczey t\u0131bbi sim\u00fclasyon e\u011fitimi sizi bekliyor.","og_url":"https:\/\/merkim.com.tr\/merkim-maket\/urun\/suprapubik-ultrason-rehberli-kateterizasyon-modulu-acik-ten-renkli-limbs-things\/","og_site_name":"Merkim Maket","article_modified_time":"2025-06-10T11:53:42+00:00","og_image":[{"width":800,"height":800,"url":"https:\/\/merkim.com.tr\/merkim-maket\/wp-content\/uploads\/2025\/06\/suprapubik-kateterizasyon-modulu-simulasyon-limbsandthings.png","type":"image\/png"}],"twitter_card":"summary_large_image","twitter_misc":{"Tahmini okuma s\u00fcresi":"2 dakika"},"schema":{"@context":"https:\/\/schema.org","@graph":[{"@type":"WebPage","@id":"https:\/\/merkim.com.tr\/merkim-maket\/urun\/suprapubik-ultrason-rehberli-kateterizasyon-modulu-acik-ten-renkli-limbs-things\/","url":"https:\/\/merkim.com.tr\/merkim-maket\/urun\/suprapubik-ultrason-rehberli-kateterizasyon-modulu-acik-ten-renkli-limbs-things\/","name":"Suprapubik (Ultrason Rehberli) Kateterizasyon Mod\u00fcl\u00fc \u2013 A\u00e7\u0131k Ten Renkli | Limbs & Things - Merkim Maket","isPartOf":{"@id":"https:\/\/merkim.com.tr\/merkim-maket\/#website"},"primaryImageOfPage":{"@id":"https:\/\/merkim.com.tr\/merkim-maket\/urun\/suprapubik-ultrason-rehberli-kateterizasyon-modulu-acik-ten-renkli-limbs-things\/#primaryimage"},"image":{"@id":"https:\/\/merkim.com.tr\/merkim-maket\/urun\/suprapubik-ultrason-rehberli-kateterizasyon-modulu-acik-ten-renkli-limbs-things\/#primaryimage"},"thumbnailUrl":"https:\/\/merkim.com.tr\/merkim-maket\/wp-content\/uploads\/2025\/06\/suprapubik-kateterizasyon-modulu-simulasyon-limbsandthings.png","datePublished":"2025-06-08T12:14:25+00:00","dateModified":"2025-06-10T11:53:42+00:00","description":"Suprapubik kateterizasyon e\u011fitim mod\u00fcl\u00fc ile ultrason rehberli kateter uygulamalar\u0131n\u0131 ger\u00e7e\u011fe en yak\u0131n \u015fekilde \u00f6\u011frenin. Limbs & Things kalitesiyle, ileri d\u00fczey t\u0131bbi sim\u00fclasyon e\u011fitimi sizi bekliyor.","breadcrumb":{"@id":"https:\/\/merkim.com.tr\/merkim-maket\/urun\/suprapubik-ultrason-rehberli-kateterizasyon-modulu-acik-ten-renkli-limbs-things\/#breadcrumb"},"inLanguage":"tr","potentialAction":[{"@type":"ReadAction","target":["https:\/\/merkim.com.tr\/merkim-maket\/urun\/suprapubik-ultrason-rehberli-kateterizasyon-modulu-acik-ten-renkli-limbs-things\/"]}]},{"@type":"ImageObject","inLanguage":"tr","@id":"https:\/\/merkim.com.tr\/merkim-maket\/urun\/suprapubik-ultrason-rehberli-kateterizasyon-modulu-acik-ten-renkli-limbs-things\/#primaryimage","url":"https:\/\/merkim.com.tr\/merkim-maket\/wp-content\/uploads\/2025\/06\/suprapubik-kateterizasyon-modulu-simulasyon-limbsandthings.png","contentUrl":"https:\/\/merkim.com.tr\/merkim-maket\/wp-content\/uploads\/2025\/06\/suprapubik-kateterizasyon-modulu-simulasyon-limbsandthings.png","width":800,"height":800,"caption":"Ultrason e\u015fli\u011finde kateterizasyon e\u011fitimi i\u00e7in ger\u00e7ek\u00e7i t\u0131bbi sim\u00fclasyon mod\u00fcl\u00fc"},{"@type":"BreadcrumbList","@id":"https:\/\/merkim.com.tr\/merkim-maket\/urun\/suprapubik-ultrason-rehberli-kateterizasyon-modulu-acik-ten-renkli-limbs-things\/#breadcrumb","itemListElement":[{"@type":"ListItem","position":1,"name":"Anasayfa","item":"https:\/\/merkim.com.tr\/merkim-maket\/"},{"@type":"ListItem","position":2,"name":"Ma\u011faza","item":"https:\/\/merkim.com.tr\/merkim-maket\/magaza\/"},{"@type":"ListItem","position":3,"name":"Suprapubik (Ultrason Rehberli) Kateterizasyon Mod\u00fcl\u00fc \u2013 A\u00e7\u0131k Ten Renkli | Limbs &#038; Things"}]},{"@type":"WebSite","@id":"https:\/\/merkim.com.tr\/merkim-maket\/#website","url":"https:\/\/merkim.com.tr\/merkim-maket\/","name":"Merkim Maket","description":"","potentialAction":[{"@type":"SearchAction","target":{"@type":"EntryPoint","urlTemplate":"https:\/\/merkim.com.tr\/merkim-maket\/?s={search_term_string}"},"query-input":{"@type":"PropertyValueSpecification","valueRequired":true,"valueName":"search_term_string"}}],"inLanguage":"tr"}]}},"_links":{"self":[{"href":"https:\/\/merkim.com.tr\/merkim-maket\/wp-json\/wp\/v2\/product\/67","targetHints":{"allow":["GET"]}}],"collection":[{"href":"https:\/\/merkim.com.tr\/merkim-maket\/wp-json\/wp\/v2\/product"}],"about":[{"href":"https:\/\/merkim.com.tr\/merkim-maket\/wp-json\/wp\/v2\/types\/product"}],"replies":[{"embeddable":true,"href":"https:\/\/merkim.com.tr\/merkim-maket\/wp-json\/wp\/v2\/comments?post=67"}],"wp:featuredmedia":[{"embeddable":true,"href":"https:\/\/merkim.com.tr\/merkim-maket\/wp-json\/wp\/v2\/media\/68"}],"wp:attachment":[{"href":"https:\/\/merkim.com.tr\/merkim-maket\/wp-json\/wp\/v2\/media?parent=67"}],"wp:term":[{"taxonomy":"product_brand","embeddable":true,"href":"https:\/\/merkim.com.tr\/merkim-maket\/wp-json\/wp\/v2\/product_brand?post=67"},{"taxonomy":"product_cat","embeddable":true,"href":"https:\/\/merkim.com.tr\/merkim-maket\/wp-json\/wp\/v2\/product_cat?post=67"},{"taxonomy":"product_tag","embeddable":true,"href":"https:\/\/merkim.com.tr\/merkim-maket\/wp-json\/wp\/v2\/product_tag?post=67"}],"curies":[{"name":"wp","href":"https:\/\/api.w.org\/{rel}","templated":true}]}}