{"id":65,"date":"2025-06-08T11:33:44","date_gmt":"2025-06-08T11:33:44","guid":{"rendered":"https:\/\/merkim.com.tr\/merkim-maket\/?post_type=product&#038;p=65"},"modified":"2025-06-10T11:16:51","modified_gmt":"2025-06-10T11:16:51","slug":"advanced-catheterization-trainer-set-light-skin-tone-male-female-simulators-limbs-things","status":"publish","type":"product","link":"https:\/\/merkim.com.tr\/merkim-maket\/urun\/advanced-catheterization-trainer-set-light-skin-tone-male-female-simulators-limbs-things\/","title":{"rendered":"Advanced Catheterization Trainer Set \u2013 Light Skin Tone | Male &#038; Female Simulators | Limbs &#038; Things"},"content":{"rendered":"<h4 data-start=\"367\" data-end=\"479\"><strong data-start=\"372\" data-end=\"479\">Advanced Catheterization Trainer Set \u2013 Profesyonel T\u0131bbi E\u011fitim \u0130\u00e7in Ger\u00e7ek\u00e7i Kateterizasyon Sim\u00fclat\u00f6r\u00fc<\/strong><\/h4>\n<p data-start=\"481\" data-end=\"914\"><strong data-start=\"481\" data-end=\"499\">Limbs &amp; Things<\/strong> taraf\u0131ndan geli\u015ftirilen <strong data-start=\"524\" data-end=\"564\">Advanced Catheterization Trainer Set<\/strong>, hem erkek hem de kad\u0131n anatomisine \u00f6zel iki ayr\u0131 sim\u00fclat\u00f6r i\u00e7ererek, idrar kateterizasyonu e\u011fitiminde ger\u00e7ek\u00e7ili\u011fi ve \u00e7ok y\u00f6nl\u00fcl\u00fc\u011f\u00fc bir araya getirir. T\u0131p \u00f6\u011frencileri, hem\u015fireler ve sa\u011fl\u0131k e\u011fitmenleri i\u00e7in tasarlanan bu ileri d\u00fczey e\u011fitim seti, modern sa\u011fl\u0131k hizmetlerinin gerektirdi\u011fi t\u00fcm aseptik teknikleri en do\u011fru \u015fekilde uygulama imk\u00e2n\u0131 sunar.<\/p>\n<h4 data-start=\"916\" data-end=\"984\"><strong data-start=\"921\" data-end=\"984\">Art\u0131r\u0131lm\u0131\u015f Ger\u00e7eklik (AR) ile E\u011fitim Deneyiminde Yeni D\u00f6nem<\/strong><\/h4>\n<p data-start=\"985\" data-end=\"1346\">Yeni nesil <strong data-start=\"996\" data-end=\"1007\">ART Mat<\/strong> teknolojisi ile geli\u015ftirilen sim\u00fclat\u00f6r, ger\u00e7ek MRI ve CT verileriyle olu\u015fturulmu\u015f dijital anatomi modelleriyle desteklenmi\u015ftir. L&amp;T ART mobil uygulamas\u0131 arac\u0131l\u0131\u011f\u0131yla kullan\u0131c\u0131lar; kas yap\u0131s\u0131, damarlar, iskelet ve organ katmanlar\u0131 aras\u0131nda ge\u00e7i\u015f yapabilir, prosed\u00fcrlerin hastan\u0131n anatomisi \u00fczerindeki etkilerini AR ortam\u0131nda inceleyebilir.<\/p>\n<h4 data-start=\"1348\" data-end=\"1372\"><strong data-start=\"1353\" data-end=\"1372\">Ana \u00d6zellikler:<\/strong><\/h4>\n<ul data-start=\"1373\" data-end=\"2076\">\n<li data-start=\"1373\" data-end=\"1443\">\n<p data-start=\"1375\" data-end=\"1443\"><strong data-start=\"1375\" data-end=\"1443\">Erkek ve kad\u0131n kateterizasyon sim\u00fclat\u00f6r\u00fc birlikte sunulmaktad\u0131r.<\/strong><\/p>\n<\/li>\n<li data-start=\"1444\" data-end=\"1535\">\n<p data-start=\"1446\" data-end=\"1535\">G\u00fcncellenmi\u015f <strong data-start=\"1459\" data-end=\"1476\">\u00fcretra yap\u0131s\u0131<\/strong>, kateter yerle\u015ftirme s\u0131ras\u0131nda daha ger\u00e7ek\u00e7i diren\u00e7 sunar.<\/p>\n<\/li>\n<li data-start=\"1536\" data-end=\"1720\">\n<p data-start=\"1538\" data-end=\"1720\"><strong data-start=\"1538\" data-end=\"1579\">Yumu\u015fak ve ger\u00e7ek\u00e7i d\u0131\u015f genital yap\u0131:<\/strong> Kad\u0131n anatomisinde daha az belirgin meatus ve erkek anatomisinde hareketli penis, \u00e7\u0131kar\u0131labilir\/retraktil s\u00fcnnet derisi ile detayl\u0131 anatomi.<\/p>\n<\/li>\n<li data-start=\"1721\" data-end=\"1828\">\n<p data-start=\"1723\" data-end=\"1828\"><strong data-start=\"1723\" data-end=\"1752\">Kateter yolunun izlenmesi<\/strong> m\u00fcmk\u00fcn hale gelir; bu sayede prosed\u00fcrler detayl\u0131 \u015fekilde analiz edilebilir.<\/p>\n<\/li>\n<li data-start=\"1829\" data-end=\"1934\">\n<p data-start=\"1831\" data-end=\"1934\"><strong data-start=\"1831\" data-end=\"1848\">Mod\u00fcler yap\u0131:<\/strong> E\u011fitim seviyesine g\u00f6re i\u00e7 yap\u0131n\u0131n a\u00e7\u0131k veya kapal\u0131 \u015fekilde \u00e7al\u0131\u015f\u0131lmas\u0131na imk\u00e2n tan\u0131r.<\/p>\n<\/li>\n<li data-start=\"1935\" data-end=\"2013\">\n<p data-start=\"1937\" data-end=\"2013\"><strong data-start=\"1937\" data-end=\"1966\">\u0130yile\u015ftirilmi\u015f su sistemi<\/strong> sayesinde s\u0131zd\u0131rmaz ve kolay kurulabilir yap\u0131.<\/p>\n<\/li>\n<li data-start=\"2014\" data-end=\"2076\">\n<p data-start=\"2016\" data-end=\"2076\"><strong data-start=\"2016\" data-end=\"2048\">Lateks i\u00e7ermeyen materyaller<\/strong> ile g\u00fcvenli kullan\u0131m sunar.<\/p>\n<\/li>\n<\/ul>\n<h4 data-start=\"2078\" data-end=\"2099\"><strong data-start=\"2083\" data-end=\"2099\">Ger\u00e7ek\u00e7ilik:<\/strong><\/h4>\n<ul data-start=\"2100\" data-end=\"2389\">\n<li data-start=\"2100\" data-end=\"2158\">\n<p data-start=\"2102\" data-end=\"2158\">Diren\u00e7li sfinkter ve anatomik mesane ile ger\u00e7ek hissiyat<\/p>\n<\/li>\n<li data-start=\"2159\" data-end=\"2286\">\n<p data-start=\"2161\" data-end=\"2286\">Kad\u0131n anatomisinde <strong data-start=\"2180\" data-end=\"2197\">vajinal kanal<\/strong> dahil edilmi\u015ftir; bu da olas\u0131 hatal\u0131 yerle\u015ftirme durumlar\u0131n\u0131 sim\u00fcle etmeyi m\u00fcmk\u00fcn k\u0131lar.<\/p>\n<\/li>\n<li data-start=\"2287\" data-end=\"2389\">\n<p data-start=\"2289\" data-end=\"2389\"><strong data-start=\"2289\" data-end=\"2305\">Flakid penis<\/strong>, <strong data-start=\"2307\" data-end=\"2338\">\u00e7\u0131kar\u0131labilir s\u00fcnnet derisi<\/strong> ve <strong data-start=\"2342\" data-end=\"2359\">yumu\u015fak labia<\/strong> detaylar\u0131yla birebir anatomi.<\/p>\n<\/li>\n<\/ul>\n<h4 data-start=\"2391\" data-end=\"2418\"><strong data-start=\"2396\" data-end=\"2418\">E\u011fitimde Esneklik:<\/strong><\/h4>\n<ul data-start=\"2419\" data-end=\"2625\">\n<li data-start=\"2419\" data-end=\"2487\">\n<p data-start=\"2421\" data-end=\"2487\"><strong data-start=\"2421\" data-end=\"2447\">\u00c7\u0131kar\u0131labilir mod\u00fcller<\/strong> sayesinde bir\u00e7ok senaryo \u00e7al\u0131\u015f\u0131labilir.<\/p>\n<\/li>\n<li data-start=\"2488\" data-end=\"2571\">\n<p data-start=\"2490\" data-end=\"2571\"><strong data-start=\"2490\" data-end=\"2516\">Aseptik teknik e\u011fitimi<\/strong> i\u00e7in \u00e7ift kollu tekrar kullan\u0131labilir kateter ambalaj\u0131<\/p>\n<\/li>\n<li data-start=\"2572\" data-end=\"2625\">\n<p data-start=\"2574\" data-end=\"2625\"><strong data-start=\"2574\" data-end=\"2603\">Lubrikant i\u00e7eren enjekt\u00f6r<\/strong> sim\u00fclasyona dahildir.<\/p>\n<\/li>\n<\/ul>\n<h4 data-start=\"2627\" data-end=\"2669\"><strong data-start=\"2632\" data-end=\"2669\">Temizlik ve G\u00fcvenlik Talimatlar\u0131:<\/strong><\/h4>\n<ul data-start=\"2670\" data-end=\"2935\">\n<li data-start=\"2670\" data-end=\"2746\">\n<p data-start=\"2672\" data-end=\"2746\">Kullan\u0131m sonras\u0131 t\u00fcm su bo\u015falt\u0131lmal\u0131 ve y\u00fczey nemli bezle temizlenmelidir.<\/p>\n<\/li>\n<li data-start=\"2747\" data-end=\"2856\">\n<p data-start=\"2749\" data-end=\"2856\">Balonlu kateter \u00e7\u0131kar\u0131lmadan \u00f6nce mutlaka balon indirilmeli ve sadece sim\u00fclat\u00f6re uygun jel kullan\u0131lmal\u0131d\u0131r.<\/p>\n<\/li>\n<li data-start=\"2857\" data-end=\"2935\">\n<p data-start=\"2859\" data-end=\"2935\">\u00dcr\u00fcn lateks i\u00e7ermez, ancak kullan\u0131lan Foley kateter silikon kapl\u0131 latekstir.<\/p>\n<\/li>\n<\/ul>\n<p data-start=\"2937\" data-end=\"3121\">Bu ileri d\u00fczey e\u011fitim seti, t\u0131bbi personelin becerilerini en \u00fcst d\u00fczeye \u00e7\u0131kar\u0131rken ayn\u0131 zamanda hasta g\u00fcvenli\u011fini sa\u011flamaya y\u00f6nelik modern t\u0131bbi e\u011fitimin standartlar\u0131n\u0131 yans\u0131tmaktad\u0131r.<\/p>\n","protected":false},"excerpt":{"rendered":"<p>Erkek ve kad\u0131n sim\u00fclat\u00f6rlerini i\u00e7eren, art\u0131r\u0131lm\u0131\u015f ger\u00e7eklik destekli, ger\u00e7ek\u00e7i anatomiye sahip ileri seviye kateterizasyon e\u011fitim seti. T\u0131bbi e\u011fitimde maksimum do\u011fruluk ve pratiklik sa\u011flar.<\/p>\n","protected":false},"featured_media":66,"comment_status":"open","ping_status":"closed","template":"","meta":[],"product_brand":[129],"product_cat":[15,523,130,128,179],"product_tag":[177,175,174,172,178,171,170,109,173,176,41],"class_list":{"0":"post-65","1":"product","2":"type-product","3":"status-publish","4":"has-post-thumbnail","6":"product_brand-limbs-things","7":"product_cat-genel","8":"product_cat-acil-tip","9":"product_cat-nursing","10":"product_cat-limbs-things","11":"product_cat-simulasyon","12":"product_tag-ar-tibbi-egitim","13":"product_tag-artirilmis-gerceklik-simulasyonu","14":"product_tag-aseptik-teknik","15":"product_tag-erkek-kadin-kateter-egitimi","16":"product_tag-foley-kateter-egitimi","17":"product_tag-idrar-sondasi-egitimi","18":"product_tag-kateterizasyon-simulatoru","19":"product_tag-klinik-beceri-egitimi","20":"product_tag-limbsthings","21":"product_tag-tibbi-egitim-maketi","22":"product_tag-tibbi-simulasyon","24":"first","25":"instock","26":"shipping-taxable","27":"product-type-simple"},"yoast_head":"<!-- This site is optimized with the Yoast SEO plugin v25.2 - https:\/\/yoast.com\/wordpress\/plugins\/seo\/ -->\n<title>Advanced Catheterization Trainer Set \u2013 Light Skin Tone | Male &amp; Female Simulators | Limbs &amp; Things - Merkim Maket<\/title>\n<meta name=\"robots\" content=\"index, follow, max-snippet:-1, max-image-preview:large, max-video-preview:-1\" \/>\n<link rel=\"canonical\" href=\"https:\/\/merkim.com.tr\/merkim-maket\/urun\/advanced-catheterization-trainer-set-light-skin-tone-male-female-simulators-limbs-things\/\" \/>\n<meta property=\"og:locale\" content=\"tr_TR\" \/>\n<meta property=\"og:type\" content=\"article\" \/>\n<meta property=\"og:title\" content=\"Advanced Catheterization Trainer Set \u2013 Light Skin Tone | Male &amp; Female Simulators | Limbs &amp; Things - Merkim Maket\" \/>\n<meta property=\"og:description\" content=\"Erkek ve kad\u0131n sim\u00fclat\u00f6rlerini i\u00e7eren, art\u0131r\u0131lm\u0131\u015f ger\u00e7eklik destekli, ger\u00e7ek\u00e7i anatomiye sahip ileri seviye kateterizasyon e\u011fitim seti. T\u0131bbi e\u011fitimde maksimum do\u011fruluk ve pratiklik sa\u011flar.\" \/>\n<meta property=\"og:url\" content=\"https:\/\/merkim.com.tr\/merkim-maket\/urun\/advanced-catheterization-trainer-set-light-skin-tone-male-female-simulators-limbs-things\/\" \/>\n<meta property=\"og:site_name\" content=\"Merkim Maket\" \/>\n<meta property=\"article:modified_time\" content=\"2025-06-10T11:16:51+00:00\" \/>\n<meta property=\"og:image\" content=\"https:\/\/merkim.com.tr\/merkim-maket\/wp-content\/uploads\/2025\/06\/advanced-catheterization-trainer-set-simulator-limbsthings.png\" \/>\n\t<meta property=\"og:image:width\" content=\"800\" \/>\n\t<meta property=\"og:image:height\" content=\"800\" \/>\n\t<meta property=\"og:image:type\" content=\"image\/png\" \/>\n<meta name=\"twitter:card\" content=\"summary_large_image\" \/>\n<meta name=\"twitter:label1\" content=\"Tahmini okuma s\u00fcresi\" \/>\n\t<meta name=\"twitter:data1\" content=\"3 dakika\" \/>\n<script type=\"application\/ld+json\" class=\"yoast-schema-graph\">{\"@context\":\"https:\/\/schema.org\",\"@graph\":[{\"@type\":\"WebPage\",\"@id\":\"https:\/\/merkim.com.tr\/merkim-maket\/urun\/advanced-catheterization-trainer-set-light-skin-tone-male-female-simulators-limbs-things\/\",\"url\":\"https:\/\/merkim.com.tr\/merkim-maket\/urun\/advanced-catheterization-trainer-set-light-skin-tone-male-female-simulators-limbs-things\/\",\"name\":\"Advanced Catheterization Trainer Set \u2013 Light Skin Tone | Male & Female Simulators | Limbs & Things - Merkim Maket\",\"isPartOf\":{\"@id\":\"https:\/\/merkim.com.tr\/merkim-maket\/#website\"},\"primaryImageOfPage\":{\"@id\":\"https:\/\/merkim.com.tr\/merkim-maket\/urun\/advanced-catheterization-trainer-set-light-skin-tone-male-female-simulators-limbs-things\/#primaryimage\"},\"image\":{\"@id\":\"https:\/\/merkim.com.tr\/merkim-maket\/urun\/advanced-catheterization-trainer-set-light-skin-tone-male-female-simulators-limbs-things\/#primaryimage\"},\"thumbnailUrl\":\"https:\/\/merkim.com.tr\/merkim-maket\/wp-content\/uploads\/2025\/06\/advanced-catheterization-trainer-set-simulator-limbsthings.png\",\"datePublished\":\"2025-06-08T11:33:44+00:00\",\"dateModified\":\"2025-06-10T11:16:51+00:00\",\"breadcrumb\":{\"@id\":\"https:\/\/merkim.com.tr\/merkim-maket\/urun\/advanced-catheterization-trainer-set-light-skin-tone-male-female-simulators-limbs-things\/#breadcrumb\"},\"inLanguage\":\"tr\",\"potentialAction\":[{\"@type\":\"ReadAction\",\"target\":[\"https:\/\/merkim.com.tr\/merkim-maket\/urun\/advanced-catheterization-trainer-set-light-skin-tone-male-female-simulators-limbs-things\/\"]}]},{\"@type\":\"ImageObject\",\"inLanguage\":\"tr\",\"@id\":\"https:\/\/merkim.com.tr\/merkim-maket\/urun\/advanced-catheterization-trainer-set-light-skin-tone-male-female-simulators-limbs-things\/#primaryimage\",\"url\":\"https:\/\/merkim.com.tr\/merkim-maket\/wp-content\/uploads\/2025\/06\/advanced-catheterization-trainer-set-simulator-limbsthings.png\",\"contentUrl\":\"https:\/\/merkim.com.tr\/merkim-maket\/wp-content\/uploads\/2025\/06\/advanced-catheterization-trainer-set-simulator-limbsthings.png\",\"width\":800,\"height\":800,\"caption\":\"Erkek ve kad\u0131n \u00fcrogenital anatomiye uygun geli\u015fmi\u015f kateterizasyon e\u011fitimi sim\u00fclat\u00f6r\u00fc\"},{\"@type\":\"BreadcrumbList\",\"@id\":\"https:\/\/merkim.com.tr\/merkim-maket\/urun\/advanced-catheterization-trainer-set-light-skin-tone-male-female-simulators-limbs-things\/#breadcrumb\",\"itemListElement\":[{\"@type\":\"ListItem\",\"position\":1,\"name\":\"Anasayfa\",\"item\":\"https:\/\/merkim.com.tr\/merkim-maket\/\"},{\"@type\":\"ListItem\",\"position\":2,\"name\":\"Ma\u011faza\",\"item\":\"https:\/\/merkim.com.tr\/merkim-maket\/magaza\/\"},{\"@type\":\"ListItem\",\"position\":3,\"name\":\"Advanced Catheterization Trainer Set \u2013 Light Skin Tone | Male &#038; Female Simulators | Limbs &#038; Things\"}]},{\"@type\":\"WebSite\",\"@id\":\"https:\/\/merkim.com.tr\/merkim-maket\/#website\",\"url\":\"https:\/\/merkim.com.tr\/merkim-maket\/\",\"name\":\"Merkim Maket\",\"description\":\"\",\"potentialAction\":[{\"@type\":\"SearchAction\",\"target\":{\"@type\":\"EntryPoint\",\"urlTemplate\":\"https:\/\/merkim.com.tr\/merkim-maket\/?s={search_term_string}\"},\"query-input\":{\"@type\":\"PropertyValueSpecification\",\"valueRequired\":true,\"valueName\":\"search_term_string\"}}],\"inLanguage\":\"tr\"}]}<\/script>\n<!-- \/ Yoast SEO plugin. -->","yoast_head_json":{"title":"Advanced Catheterization Trainer Set \u2013 Light Skin Tone | Male & Female Simulators | Limbs & Things - Merkim Maket","robots":{"index":"index","follow":"follow","max-snippet":"max-snippet:-1","max-image-preview":"max-image-preview:large","max-video-preview":"max-video-preview:-1"},"canonical":"https:\/\/merkim.com.tr\/merkim-maket\/urun\/advanced-catheterization-trainer-set-light-skin-tone-male-female-simulators-limbs-things\/","og_locale":"tr_TR","og_type":"article","og_title":"Advanced Catheterization Trainer Set \u2013 Light Skin Tone | Male & Female Simulators | Limbs & Things - Merkim Maket","og_description":"Erkek ve kad\u0131n sim\u00fclat\u00f6rlerini i\u00e7eren, art\u0131r\u0131lm\u0131\u015f ger\u00e7eklik destekli, ger\u00e7ek\u00e7i anatomiye sahip ileri seviye kateterizasyon e\u011fitim seti. T\u0131bbi e\u011fitimde maksimum do\u011fruluk ve pratiklik sa\u011flar.","og_url":"https:\/\/merkim.com.tr\/merkim-maket\/urun\/advanced-catheterization-trainer-set-light-skin-tone-male-female-simulators-limbs-things\/","og_site_name":"Merkim Maket","article_modified_time":"2025-06-10T11:16:51+00:00","og_image":[{"width":800,"height":800,"url":"https:\/\/merkim.com.tr\/merkim-maket\/wp-content\/uploads\/2025\/06\/advanced-catheterization-trainer-set-simulator-limbsthings.png","type":"image\/png"}],"twitter_card":"summary_large_image","twitter_misc":{"Tahmini okuma s\u00fcresi":"3 dakika"},"schema":{"@context":"https:\/\/schema.org","@graph":[{"@type":"WebPage","@id":"https:\/\/merkim.com.tr\/merkim-maket\/urun\/advanced-catheterization-trainer-set-light-skin-tone-male-female-simulators-limbs-things\/","url":"https:\/\/merkim.com.tr\/merkim-maket\/urun\/advanced-catheterization-trainer-set-light-skin-tone-male-female-simulators-limbs-things\/","name":"Advanced Catheterization Trainer Set \u2013 Light Skin Tone | Male & Female Simulators | Limbs & Things - Merkim Maket","isPartOf":{"@id":"https:\/\/merkim.com.tr\/merkim-maket\/#website"},"primaryImageOfPage":{"@id":"https:\/\/merkim.com.tr\/merkim-maket\/urun\/advanced-catheterization-trainer-set-light-skin-tone-male-female-simulators-limbs-things\/#primaryimage"},"image":{"@id":"https:\/\/merkim.com.tr\/merkim-maket\/urun\/advanced-catheterization-trainer-set-light-skin-tone-male-female-simulators-limbs-things\/#primaryimage"},"thumbnailUrl":"https:\/\/merkim.com.tr\/merkim-maket\/wp-content\/uploads\/2025\/06\/advanced-catheterization-trainer-set-simulator-limbsthings.png","datePublished":"2025-06-08T11:33:44+00:00","dateModified":"2025-06-10T11:16:51+00:00","breadcrumb":{"@id":"https:\/\/merkim.com.tr\/merkim-maket\/urun\/advanced-catheterization-trainer-set-light-skin-tone-male-female-simulators-limbs-things\/#breadcrumb"},"inLanguage":"tr","potentialAction":[{"@type":"ReadAction","target":["https:\/\/merkim.com.tr\/merkim-maket\/urun\/advanced-catheterization-trainer-set-light-skin-tone-male-female-simulators-limbs-things\/"]}]},{"@type":"ImageObject","inLanguage":"tr","@id":"https:\/\/merkim.com.tr\/merkim-maket\/urun\/advanced-catheterization-trainer-set-light-skin-tone-male-female-simulators-limbs-things\/#primaryimage","url":"https:\/\/merkim.com.tr\/merkim-maket\/wp-content\/uploads\/2025\/06\/advanced-catheterization-trainer-set-simulator-limbsthings.png","contentUrl":"https:\/\/merkim.com.tr\/merkim-maket\/wp-content\/uploads\/2025\/06\/advanced-catheterization-trainer-set-simulator-limbsthings.png","width":800,"height":800,"caption":"Erkek ve kad\u0131n \u00fcrogenital anatomiye uygun geli\u015fmi\u015f kateterizasyon e\u011fitimi sim\u00fclat\u00f6r\u00fc"},{"@type":"BreadcrumbList","@id":"https:\/\/merkim.com.tr\/merkim-maket\/urun\/advanced-catheterization-trainer-set-light-skin-tone-male-female-simulators-limbs-things\/#breadcrumb","itemListElement":[{"@type":"ListItem","position":1,"name":"Anasayfa","item":"https:\/\/merkim.com.tr\/merkim-maket\/"},{"@type":"ListItem","position":2,"name":"Ma\u011faza","item":"https:\/\/merkim.com.tr\/merkim-maket\/magaza\/"},{"@type":"ListItem","position":3,"name":"Advanced Catheterization Trainer Set \u2013 Light Skin Tone | Male &#038; Female Simulators | Limbs &#038; Things"}]},{"@type":"WebSite","@id":"https:\/\/merkim.com.tr\/merkim-maket\/#website","url":"https:\/\/merkim.com.tr\/merkim-maket\/","name":"Merkim Maket","description":"","potentialAction":[{"@type":"SearchAction","target":{"@type":"EntryPoint","urlTemplate":"https:\/\/merkim.com.tr\/merkim-maket\/?s={search_term_string}"},"query-input":{"@type":"PropertyValueSpecification","valueRequired":true,"valueName":"search_term_string"}}],"inLanguage":"tr"}]}},"_links":{"self":[{"href":"https:\/\/merkim.com.tr\/merkim-maket\/wp-json\/wp\/v2\/product\/65","targetHints":{"allow":["GET"]}}],"collection":[{"href":"https:\/\/merkim.com.tr\/merkim-maket\/wp-json\/wp\/v2\/product"}],"about":[{"href":"https:\/\/merkim.com.tr\/merkim-maket\/wp-json\/wp\/v2\/types\/product"}],"replies":[{"embeddable":true,"href":"https:\/\/merkim.com.tr\/merkim-maket\/wp-json\/wp\/v2\/comments?post=65"}],"wp:featuredmedia":[{"embeddable":true,"href":"https:\/\/merkim.com.tr\/merkim-maket\/wp-json\/wp\/v2\/media\/66"}],"wp:attachment":[{"href":"https:\/\/merkim.com.tr\/merkim-maket\/wp-json\/wp\/v2\/media?parent=65"}],"wp:term":[{"taxonomy":"product_brand","embeddable":true,"href":"https:\/\/merkim.com.tr\/merkim-maket\/wp-json\/wp\/v2\/product_brand?post=65"},{"taxonomy":"product_cat","embeddable":true,"href":"https:\/\/merkim.com.tr\/merkim-maket\/wp-json\/wp\/v2\/product_cat?post=65"},{"taxonomy":"product_tag","embeddable":true,"href":"https:\/\/merkim.com.tr\/merkim-maket\/wp-json\/wp\/v2\/product_tag?post=65"}],"curies":[{"name":"wp","href":"https:\/\/api.w.org\/{rel}","templated":true}]}}