{"id":63,"date":"2025-06-08T11:15:36","date_gmt":"2025-06-08T11:15:36","guid":{"rendered":"https:\/\/merkim.com.tr\/merkim-maket\/?post_type=product&#038;p=63"},"modified":"2025-06-10T11:16:18","modified_gmt":"2025-06-10T11:16:18","slug":"male-catheterization-trainer-light-skin-tone-erkek-kateterizasyon-simulatoru","status":"publish","type":"product","link":"https:\/\/merkim.com.tr\/merkim-maket\/urun\/male-catheterization-trainer-light-skin-tone-erkek-kateterizasyon-simulatoru\/","title":{"rendered":"Male Catheterization Trainer (Light Skin Tone) \u2013 Erkek Kateterizasyon Sim\u00fclat\u00f6r\u00fc"},"content":{"rendered":"<p data-start=\"458\" data-end=\"811\"><strong data-start=\"458\" data-end=\"508\">Male Catheterization Trainer (Light Skin Tone)<\/strong>, erkek anatomisine \u00f6zg\u00fc \u00fcretral kateterizasyon tekniklerinin g\u00fcvenli ve etkili \u015fekilde \u00f6\u011fretilmesini sa\u011flamak i\u00e7in geli\u015ftirilmi\u015f \u00fcst\u00fcn nitelikli bir e\u011fitim sim\u00fclat\u00f6r\u00fcd\u00fcr. Ger\u00e7ek\u00e7ilik, mod\u00fcler yap\u0131 ve art\u0131r\u0131lm\u0131\u015f ger\u00e7eklik (AR) entegrasyonu sayesinde hem pratik hem de teorik e\u011fitimi en \u00fcst d\u00fczeye ta\u015f\u0131r.<\/p>\n<h4 data-start=\"813\" data-end=\"845\">\ud83d\udd2c <strong data-start=\"821\" data-end=\"845\">Anatomik Ger\u00e7ek\u00e7ilik<\/strong><\/h4>\n<ul data-start=\"846\" data-end=\"1235\">\n<li data-start=\"846\" data-end=\"939\">\n<p data-start=\"848\" data-end=\"939\">Hareketli ve yumu\u015fak penis yap\u0131s\u0131, prosed\u00fcr s\u0131ras\u0131nda do\u011fal diren\u00e7 ve esneklik hissi verir.<\/p>\n<\/li>\n<li data-start=\"940\" data-end=\"1043\">\n<p data-start=\"942\" data-end=\"1043\">Geri \u00e7ekilebilir ve \u00e7\u0131kar\u0131labilir s\u00fcnnet derisi sayesinde farkl\u0131 klinik senaryolar sim\u00fcle edilebilir.<\/p>\n<\/li>\n<li data-start=\"1044\" data-end=\"1155\">\n<p data-start=\"1046\" data-end=\"1155\">Geli\u015ftirilmi\u015f \u00fcretra yap\u0131s\u0131, kateterin yerle\u015ftirilmesi s\u0131ras\u0131nda ger\u00e7ek hayattaki zorluk seviyesini yans\u0131t\u0131r.<\/p>\n<\/li>\n<li data-start=\"1156\" data-end=\"1235\">\n<p data-start=\"1158\" data-end=\"1235\">Anatomik olarak do\u011fru mesane ve sfinkter yap\u0131s\u0131, e\u011fitimin kalitesini art\u0131r\u0131r.<\/p>\n<\/li>\n<\/ul>\n<h4 data-start=\"1237\" data-end=\"1282\">\ud83c\udf10 <strong data-start=\"1245\" data-end=\"1282\">Art\u0131r\u0131lm\u0131\u015f Ger\u00e7eklik (AR) Deste\u011fi<\/strong><\/h4>\n<ul data-start=\"1283\" data-end=\"1552\">\n<li data-start=\"1283\" data-end=\"1436\">\n<p data-start=\"1285\" data-end=\"1436\">L&amp;T ART uygulamas\u0131 sayesinde kullan\u0131c\u0131lar; kaslar, damarlar, organlar ve iskelet sistemi dahil olmak \u00fczere i\u00e7 anatomiyi katman katman g\u00f6r\u00fcnt\u00fcleyebilir.<\/p>\n<\/li>\n<li data-start=\"1437\" data-end=\"1552\">\n<p data-start=\"1439\" data-end=\"1552\">Dijital prosed\u00fcr g\u00f6rselleriyle kateter yerle\u015ftirmenin v\u00fccut \u00fczerindeki etkileri interaktif olarak ke\u015ffedilebilir.<\/p>\n<\/li>\n<\/ul>\n<h4 data-start=\"1554\" data-end=\"1596\">\u2699\ufe0f <strong data-start=\"1562\" data-end=\"1596\">Teknik ve E\u011fitimsel \u00d6zellikler<\/strong><\/h4>\n<ul data-start=\"1597\" data-end=\"1941\">\n<li data-start=\"1597\" data-end=\"1682\">\n<p data-start=\"1599\" data-end=\"1682\">Mod\u00fcler sistem ile par\u00e7alar \u00e7\u0131kar\u0131l\u0131p de\u011fi\u015ftirilebilir; bak\u0131m ve temizlik kolayd\u0131r.<\/p>\n<\/li>\n<li data-start=\"1683\" data-end=\"1760\">\n<p data-start=\"1685\" data-end=\"1760\">AR \u00f6zellikli ART Mat deste\u011fi ile dijital ve fiziksel e\u011fitim entegre edilir.<\/p>\n<\/li>\n<li data-start=\"1761\" data-end=\"1813\">\n<p data-start=\"1763\" data-end=\"1813\">Su sistemi ve kateter yollar\u0131 optimize edilmi\u015ftir.<\/p>\n<\/li>\n<li data-start=\"1814\" data-end=\"1941\">\n<p data-start=\"1816\" data-end=\"1941\">\u00d6\u011frencilere aseptik teknik \u00f6\u011fretimi i\u00e7in \u00e7ift k\u0131l\u0131fl\u0131 yeniden kullan\u0131labilir kateter ambalaj\u0131 ve \u00f6zel jel ile birlikte gelir.<\/p>\n<\/li>\n<\/ul>\n<h4 data-start=\"1943\" data-end=\"1975\">\ud83e\uddfc <strong data-start=\"1951\" data-end=\"1975\">Temizlik ve G\u00fcvenlik<\/strong><\/h4>\n<ul data-start=\"1976\" data-end=\"2253\">\n<li data-start=\"1976\" data-end=\"2038\">\n<p data-start=\"1978\" data-end=\"2038\">Lateks i\u00e7ermeyen yap\u0131s\u0131yla alerjen riskini minimuma indirir.<\/p>\n<\/li>\n<li data-start=\"2039\" data-end=\"2112\">\n<p data-start=\"2041\" data-end=\"2112\">Kullan\u0131m sonras\u0131 su bo\u015falt\u0131larak ve y\u00fczey temizlenerek hijyen sa\u011flan\u0131r.<\/p>\n<\/li>\n<li data-start=\"2113\" data-end=\"2173\">\n<p data-start=\"2115\" data-end=\"2173\">Kateter \u00e7\u0131kar\u0131lmadan \u00f6nce balonun s\u00f6nd\u00fcr\u00fclmesi gereklidir.<\/p>\n<\/li>\n<li data-start=\"2174\" data-end=\"2253\">\n<p data-start=\"2176\" data-end=\"2253\">Sadece \u00fcr\u00fcnle birlikte gelen su bazl\u0131 kayganla\u015ft\u0131r\u0131c\u0131 ve jel kullan\u0131lmal\u0131d\u0131r.<\/p>\n<\/li>\n<\/ul>\n<p data-start=\"2255\" data-end=\"2514\"><strong data-start=\"2255\" data-end=\"2287\">Male Catheterization Trainer<\/strong>, hem akademik t\u0131p e\u011fitimi veren kurumlarda hem de klinik beceri laboratuvarlar\u0131nda standart hale gelmi\u015f, uzun \u00f6m\u00fcrl\u00fc ve etkili bir \u00fcr\u00fcnd\u00fcr. Art\u0131r\u0131lm\u0131\u015f ger\u00e7eklik teknolojisi ile gelece\u011fin e\u011fitim y\u00f6ntemlerine \u015fimdiden ad\u0131m at\u0131n.<\/p>\n","protected":false},"excerpt":{"rendered":"<p>Ger\u00e7ek\u00e7i anatomi, art\u0131r\u0131lm\u0131\u015f ger\u00e7eklik deste\u011fi ve mod\u00fcler yap\u0131s\u0131yla <strong data-start=\"2621\" data-end=\"2653\">Male Catheterization Trainer<\/strong>, erkek kateterizasyon e\u011fitiminde profesyonel \u00e7\u00f6z\u00fcm sunar. S\u00fcnnet derisi, hareketli penis ve do\u011fru \u00fcretra yap\u0131s\u0131yla maksimum ger\u00e7ek\u00e7ilik sa\u011flar.<\/p>\n","protected":false},"featured_media":64,"comment_status":"open","ping_status":"closed","template":"","meta":[],"product_brand":[129],"product_cat":[15,523,130,128],"product_tag":[169,161,163,158,168,159,166,167,164,160,165,162],"class_list":{"0":"post-63","1":"product","2":"type-product","3":"status-publish","4":"has-post-thumbnail","6":"product_brand-limbs-things","7":"product_cat-genel","8":"product_cat-acil-tip","9":"product_cat-nursing","10":"product_cat-limbs-things","11":"product_tag-ar-destekli-tip-egitimi","12":"product_tag-artirilmis-gerceklik-tip","13":"product_tag-aseptik-teknik-egitimi","14":"product_tag-erkek-kateterizasyon-simulatoru","15":"product_tag-foley-kateter-simulatoru","16":"product_tag-kateter-egitimi","17":"product_tag-kateterizasyon-egitimi","18":"product_tag-lt-urunleri","19":"product_tag-medikal-egitim-mankeni","20":"product_tag-tibbi-simulasyon-urunu","21":"product_tag-tip-fakultesi-simulatoru","22":"product_tag-uretral-kateter-uygulamasi","24":"first","25":"instock","26":"shipping-taxable","27":"product-type-simple"},"yoast_head":"<!-- This site is optimized with the Yoast SEO plugin v25.2 - https:\/\/yoast.com\/wordpress\/plugins\/seo\/ -->\n<title>Male Catheterization Trainer (Light Skin Tone) \u2013 Erkek Kateterizasyon Sim\u00fclat\u00f6r\u00fc - Merkim Maket<\/title>\n<meta name=\"robots\" content=\"index, follow, max-snippet:-1, max-image-preview:large, max-video-preview:-1\" \/>\n<link rel=\"canonical\" href=\"https:\/\/merkim.com.tr\/merkim-maket\/urun\/male-catheterization-trainer-light-skin-tone-erkek-kateterizasyon-simulatoru\/\" \/>\n<meta property=\"og:locale\" content=\"tr_TR\" \/>\n<meta property=\"og:type\" content=\"article\" \/>\n<meta property=\"og:title\" content=\"Male Catheterization Trainer (Light Skin Tone) \u2013 Erkek Kateterizasyon Sim\u00fclat\u00f6r\u00fc - Merkim Maket\" \/>\n<meta property=\"og:description\" content=\"Ger\u00e7ek\u00e7i anatomi, art\u0131r\u0131lm\u0131\u015f ger\u00e7eklik deste\u011fi ve mod\u00fcler yap\u0131s\u0131yla Male Catheterization Trainer, erkek kateterizasyon e\u011fitiminde profesyonel \u00e7\u00f6z\u00fcm sunar. S\u00fcnnet derisi, hareketli penis ve do\u011fru \u00fcretra yap\u0131s\u0131yla maksimum ger\u00e7ek\u00e7ilik sa\u011flar.\" \/>\n<meta property=\"og:url\" content=\"https:\/\/merkim.com.tr\/merkim-maket\/urun\/male-catheterization-trainer-light-skin-tone-erkek-kateterizasyon-simulatoru\/\" \/>\n<meta property=\"og:site_name\" content=\"Merkim Maket\" \/>\n<meta property=\"article:modified_time\" content=\"2025-06-10T11:16:18+00:00\" \/>\n<meta property=\"og:image\" content=\"https:\/\/merkim.com.tr\/merkim-maket\/wp-content\/uploads\/2025\/06\/male-catheterization-trainer-simulasyon-limbsandthings.png\" \/>\n\t<meta property=\"og:image:width\" content=\"800\" \/>\n\t<meta property=\"og:image:height\" content=\"800\" \/>\n\t<meta property=\"og:image:type\" content=\"image\/png\" \/>\n<meta name=\"twitter:card\" content=\"summary_large_image\" \/>\n<meta name=\"twitter:label1\" content=\"Tahmini okuma s\u00fcresi\" \/>\n\t<meta name=\"twitter:data1\" content=\"2 dakika\" \/>\n<script type=\"application\/ld+json\" class=\"yoast-schema-graph\">{\"@context\":\"https:\/\/schema.org\",\"@graph\":[{\"@type\":\"WebPage\",\"@id\":\"https:\/\/merkim.com.tr\/merkim-maket\/urun\/male-catheterization-trainer-light-skin-tone-erkek-kateterizasyon-simulatoru\/\",\"url\":\"https:\/\/merkim.com.tr\/merkim-maket\/urun\/male-catheterization-trainer-light-skin-tone-erkek-kateterizasyon-simulatoru\/\",\"name\":\"Male Catheterization Trainer (Light Skin Tone) \u2013 Erkek Kateterizasyon Sim\u00fclat\u00f6r\u00fc - Merkim Maket\",\"isPartOf\":{\"@id\":\"https:\/\/merkim.com.tr\/merkim-maket\/#website\"},\"primaryImageOfPage\":{\"@id\":\"https:\/\/merkim.com.tr\/merkim-maket\/urun\/male-catheterization-trainer-light-skin-tone-erkek-kateterizasyon-simulatoru\/#primaryimage\"},\"image\":{\"@id\":\"https:\/\/merkim.com.tr\/merkim-maket\/urun\/male-catheterization-trainer-light-skin-tone-erkek-kateterizasyon-simulatoru\/#primaryimage\"},\"thumbnailUrl\":\"https:\/\/merkim.com.tr\/merkim-maket\/wp-content\/uploads\/2025\/06\/male-catheterization-trainer-simulasyon-limbsandthings.png\",\"datePublished\":\"2025-06-08T11:15:36+00:00\",\"dateModified\":\"2025-06-10T11:16:18+00:00\",\"breadcrumb\":{\"@id\":\"https:\/\/merkim.com.tr\/merkim-maket\/urun\/male-catheterization-trainer-light-skin-tone-erkek-kateterizasyon-simulatoru\/#breadcrumb\"},\"inLanguage\":\"tr\",\"potentialAction\":[{\"@type\":\"ReadAction\",\"target\":[\"https:\/\/merkim.com.tr\/merkim-maket\/urun\/male-catheterization-trainer-light-skin-tone-erkek-kateterizasyon-simulatoru\/\"]}]},{\"@type\":\"ImageObject\",\"inLanguage\":\"tr\",\"@id\":\"https:\/\/merkim.com.tr\/merkim-maket\/urun\/male-catheterization-trainer-light-skin-tone-erkek-kateterizasyon-simulatoru\/#primaryimage\",\"url\":\"https:\/\/merkim.com.tr\/merkim-maket\/wp-content\/uploads\/2025\/06\/male-catheterization-trainer-simulasyon-limbsandthings.png\",\"contentUrl\":\"https:\/\/merkim.com.tr\/merkim-maket\/wp-content\/uploads\/2025\/06\/male-catheterization-trainer-simulasyon-limbsandthings.png\",\"width\":800,\"height\":800,\"caption\":\"Erkek anatomisine \u00f6zel kateterizasyon sim\u00fclat\u00f6r\u00fc \u2013 AR destekli, mod\u00fcler yap\u0131\"},{\"@type\":\"BreadcrumbList\",\"@id\":\"https:\/\/merkim.com.tr\/merkim-maket\/urun\/male-catheterization-trainer-light-skin-tone-erkek-kateterizasyon-simulatoru\/#breadcrumb\",\"itemListElement\":[{\"@type\":\"ListItem\",\"position\":1,\"name\":\"Anasayfa\",\"item\":\"https:\/\/merkim.com.tr\/merkim-maket\/\"},{\"@type\":\"ListItem\",\"position\":2,\"name\":\"Ma\u011faza\",\"item\":\"https:\/\/merkim.com.tr\/merkim-maket\/magaza\/\"},{\"@type\":\"ListItem\",\"position\":3,\"name\":\"Male Catheterization Trainer (Light Skin Tone) \u2013 Erkek Kateterizasyon Sim\u00fclat\u00f6r\u00fc\"}]},{\"@type\":\"WebSite\",\"@id\":\"https:\/\/merkim.com.tr\/merkim-maket\/#website\",\"url\":\"https:\/\/merkim.com.tr\/merkim-maket\/\",\"name\":\"Merkim Maket\",\"description\":\"\",\"potentialAction\":[{\"@type\":\"SearchAction\",\"target\":{\"@type\":\"EntryPoint\",\"urlTemplate\":\"https:\/\/merkim.com.tr\/merkim-maket\/?s={search_term_string}\"},\"query-input\":{\"@type\":\"PropertyValueSpecification\",\"valueRequired\":true,\"valueName\":\"search_term_string\"}}],\"inLanguage\":\"tr\"}]}<\/script>\n<!-- \/ Yoast SEO plugin. -->","yoast_head_json":{"title":"Male Catheterization Trainer (Light Skin Tone) \u2013 Erkek Kateterizasyon Sim\u00fclat\u00f6r\u00fc - Merkim Maket","robots":{"index":"index","follow":"follow","max-snippet":"max-snippet:-1","max-image-preview":"max-image-preview:large","max-video-preview":"max-video-preview:-1"},"canonical":"https:\/\/merkim.com.tr\/merkim-maket\/urun\/male-catheterization-trainer-light-skin-tone-erkek-kateterizasyon-simulatoru\/","og_locale":"tr_TR","og_type":"article","og_title":"Male Catheterization Trainer (Light Skin Tone) \u2013 Erkek Kateterizasyon Sim\u00fclat\u00f6r\u00fc - Merkim Maket","og_description":"Ger\u00e7ek\u00e7i anatomi, art\u0131r\u0131lm\u0131\u015f ger\u00e7eklik deste\u011fi ve mod\u00fcler yap\u0131s\u0131yla Male Catheterization Trainer, erkek kateterizasyon e\u011fitiminde profesyonel \u00e7\u00f6z\u00fcm sunar. S\u00fcnnet derisi, hareketli penis ve do\u011fru \u00fcretra yap\u0131s\u0131yla maksimum ger\u00e7ek\u00e7ilik sa\u011flar.","og_url":"https:\/\/merkim.com.tr\/merkim-maket\/urun\/male-catheterization-trainer-light-skin-tone-erkek-kateterizasyon-simulatoru\/","og_site_name":"Merkim Maket","article_modified_time":"2025-06-10T11:16:18+00:00","og_image":[{"width":800,"height":800,"url":"https:\/\/merkim.com.tr\/merkim-maket\/wp-content\/uploads\/2025\/06\/male-catheterization-trainer-simulasyon-limbsandthings.png","type":"image\/png"}],"twitter_card":"summary_large_image","twitter_misc":{"Tahmini okuma s\u00fcresi":"2 dakika"},"schema":{"@context":"https:\/\/schema.org","@graph":[{"@type":"WebPage","@id":"https:\/\/merkim.com.tr\/merkim-maket\/urun\/male-catheterization-trainer-light-skin-tone-erkek-kateterizasyon-simulatoru\/","url":"https:\/\/merkim.com.tr\/merkim-maket\/urun\/male-catheterization-trainer-light-skin-tone-erkek-kateterizasyon-simulatoru\/","name":"Male Catheterization Trainer (Light Skin Tone) \u2013 Erkek Kateterizasyon Sim\u00fclat\u00f6r\u00fc - Merkim Maket","isPartOf":{"@id":"https:\/\/merkim.com.tr\/merkim-maket\/#website"},"primaryImageOfPage":{"@id":"https:\/\/merkim.com.tr\/merkim-maket\/urun\/male-catheterization-trainer-light-skin-tone-erkek-kateterizasyon-simulatoru\/#primaryimage"},"image":{"@id":"https:\/\/merkim.com.tr\/merkim-maket\/urun\/male-catheterization-trainer-light-skin-tone-erkek-kateterizasyon-simulatoru\/#primaryimage"},"thumbnailUrl":"https:\/\/merkim.com.tr\/merkim-maket\/wp-content\/uploads\/2025\/06\/male-catheterization-trainer-simulasyon-limbsandthings.png","datePublished":"2025-06-08T11:15:36+00:00","dateModified":"2025-06-10T11:16:18+00:00","breadcrumb":{"@id":"https:\/\/merkim.com.tr\/merkim-maket\/urun\/male-catheterization-trainer-light-skin-tone-erkek-kateterizasyon-simulatoru\/#breadcrumb"},"inLanguage":"tr","potentialAction":[{"@type":"ReadAction","target":["https:\/\/merkim.com.tr\/merkim-maket\/urun\/male-catheterization-trainer-light-skin-tone-erkek-kateterizasyon-simulatoru\/"]}]},{"@type":"ImageObject","inLanguage":"tr","@id":"https:\/\/merkim.com.tr\/merkim-maket\/urun\/male-catheterization-trainer-light-skin-tone-erkek-kateterizasyon-simulatoru\/#primaryimage","url":"https:\/\/merkim.com.tr\/merkim-maket\/wp-content\/uploads\/2025\/06\/male-catheterization-trainer-simulasyon-limbsandthings.png","contentUrl":"https:\/\/merkim.com.tr\/merkim-maket\/wp-content\/uploads\/2025\/06\/male-catheterization-trainer-simulasyon-limbsandthings.png","width":800,"height":800,"caption":"Erkek anatomisine \u00f6zel kateterizasyon sim\u00fclat\u00f6r\u00fc \u2013 AR destekli, mod\u00fcler yap\u0131"},{"@type":"BreadcrumbList","@id":"https:\/\/merkim.com.tr\/merkim-maket\/urun\/male-catheterization-trainer-light-skin-tone-erkek-kateterizasyon-simulatoru\/#breadcrumb","itemListElement":[{"@type":"ListItem","position":1,"name":"Anasayfa","item":"https:\/\/merkim.com.tr\/merkim-maket\/"},{"@type":"ListItem","position":2,"name":"Ma\u011faza","item":"https:\/\/merkim.com.tr\/merkim-maket\/magaza\/"},{"@type":"ListItem","position":3,"name":"Male Catheterization Trainer (Light Skin Tone) \u2013 Erkek Kateterizasyon Sim\u00fclat\u00f6r\u00fc"}]},{"@type":"WebSite","@id":"https:\/\/merkim.com.tr\/merkim-maket\/#website","url":"https:\/\/merkim.com.tr\/merkim-maket\/","name":"Merkim Maket","description":"","potentialAction":[{"@type":"SearchAction","target":{"@type":"EntryPoint","urlTemplate":"https:\/\/merkim.com.tr\/merkim-maket\/?s={search_term_string}"},"query-input":{"@type":"PropertyValueSpecification","valueRequired":true,"valueName":"search_term_string"}}],"inLanguage":"tr"}]}},"_links":{"self":[{"href":"https:\/\/merkim.com.tr\/merkim-maket\/wp-json\/wp\/v2\/product\/63","targetHints":{"allow":["GET"]}}],"collection":[{"href":"https:\/\/merkim.com.tr\/merkim-maket\/wp-json\/wp\/v2\/product"}],"about":[{"href":"https:\/\/merkim.com.tr\/merkim-maket\/wp-json\/wp\/v2\/types\/product"}],"replies":[{"embeddable":true,"href":"https:\/\/merkim.com.tr\/merkim-maket\/wp-json\/wp\/v2\/comments?post=63"}],"wp:featuredmedia":[{"embeddable":true,"href":"https:\/\/merkim.com.tr\/merkim-maket\/wp-json\/wp\/v2\/media\/64"}],"wp:attachment":[{"href":"https:\/\/merkim.com.tr\/merkim-maket\/wp-json\/wp\/v2\/media?parent=63"}],"wp:term":[{"taxonomy":"product_brand","embeddable":true,"href":"https:\/\/merkim.com.tr\/merkim-maket\/wp-json\/wp\/v2\/product_brand?post=63"},{"taxonomy":"product_cat","embeddable":true,"href":"https:\/\/merkim.com.tr\/merkim-maket\/wp-json\/wp\/v2\/product_cat?post=63"},{"taxonomy":"product_tag","embeddable":true,"href":"https:\/\/merkim.com.tr\/merkim-maket\/wp-json\/wp\/v2\/product_tag?post=63"}],"curies":[{"name":"wp","href":"https:\/\/api.w.org\/{rel}","templated":true}]}}