{"id":59,"date":"2025-06-08T10:47:03","date_gmt":"2025-06-08T10:47:03","guid":{"rendered":"https:\/\/merkim.com.tr\/merkim-maket\/?post_type=product&#038;p=59"},"modified":"2025-06-10T10:32:00","modified_gmt":"2025-06-10T10:32:00","slug":"cardiovascular-and-respiratory-exam-trainer-care-light-skin-tone-limbs-things","status":"publish","type":"product","link":"https:\/\/merkim.com.tr\/merkim-maket\/urun\/cardiovascular-and-respiratory-exam-trainer-care-light-skin-tone-limbs-things\/","title":{"rendered":"Cardiovascular and Respiratory Exam Trainer (CaRE, Light Skin Tone) \u2013 Limbs &#038; Things"},"content":{"rendered":"<p data-start=\"346\" data-end=\"800\"><strong data-start=\"346\" data-end=\"417\">Cardiovascular and Respiratory Exam Trainer (CaRE, Light Skin Tone)<\/strong>, hem\u015firelik ve t\u0131p e\u011fitimi alan \u00f6\u011frencilerin klinik muayene becerilerini geli\u015ftirmeleri i\u00e7in geli\u015ftirilmi\u015f ileri d\u00fczey bir sim\u00fclasyon mankenidir. Limbs &amp; Things taraf\u0131ndan geli\u015ftirilen bu yenilik\u00e7i e\u011fitim arac\u0131, kalp ve akci\u011fer seslerinin ger\u00e7ek\u00e7i replikasyonlar\u0131yla; solunum hareketleri, nab\u0131z profilleri ve klinik bulgular\u0131 bir araya getirerek b\u00fct\u00fcnc\u00fcl bir \u00f6\u011frenme deneyimi sunar.<\/p>\n<p data-start=\"802\" data-end=\"1118\">CaRE Trainer, 10 farkl\u0131 akci\u011fer sesi ve 23 kalp sesiyle hem ba\u015flang\u0131\u00e7 hem de ileri d\u00fczeyde e\u011fitim alanlar i\u00e7in uygundur. Stetoskopla bire bir kullan\u0131m i\u00e7in geli\u015ftirilmi\u015f \u00f6zel <strong data-start=\"977\" data-end=\"988\">LimbPAD<\/strong> teknolojisi sayesinde kullan\u0131c\u0131lar, standart stetoskoplar\u0131 kullanarak anatomik olarak do\u011fru noktalarda osk\u00fcltasyon yapabilirler.<\/p>\n<p data-start=\"1120\" data-end=\"1457\">Cihaz \u00fczerinde tan\u0131ml\u0131 olan 31 klinik senaryo; \u00f6\u011frencilerin tan\u0131 koyma, de\u011ferlendirme, fizik muayene ve klinik karar verme becerilerini peki\u015ftirir. Asimetrik ve simetrik g\u00f6\u011f\u00fcs hareketleri, elle hissedilebilen nab\u0131z noktalar\u0131, displaced apex at\u0131mlar\u0131 ve trakea yer de\u011fi\u015fimleri gibi bulgular sim\u00fclasyon kalitesini bir \u00fcst seviyeye \u00e7\u0131kar\u0131r.<\/p>\n<p data-start=\"1459\" data-end=\"1762\">Ek olarak, \u00e7ift kullan\u0131c\u0131 deste\u011fi ve harici hoparl\u00f6r ba\u011flant\u0131s\u0131 ile s\u0131n\u0131f i\u00e7i uygulamalarda grup e\u011fitimi yap\u0131labilir. Kablosuz ba\u011flant\u0131 deste\u011fi sayesinde e\u011fitmenler t\u00fcm model parametrelerini kontrol edebilir; \u00f6\u011frencilere \u00f6zel senaryolar tan\u0131mlayabilir ve performans de\u011ferlendirmeleri ger\u00e7ekle\u015ftirebilir.<\/p>\n<p data-start=\"1764\" data-end=\"1944\"><strong data-start=\"1764\" data-end=\"1788\">Uluslararas\u0131 destek:<\/strong> CaRE yaz\u0131l\u0131m\u0131 11 farkl\u0131 dilde kullan\u0131labilir (\u0130ngilizce, Frans\u0131zca, Almanca, Hint\u00e7e, \u0130talyanca, Japonca, Malayca, Mandarin, Leh\u00e7e, Portekizce, \u0130spanyolca).<\/p>\n<p data-start=\"1946\" data-end=\"1970\"><strong data-start=\"1946\" data-end=\"1968\">Uygulama alanlar\u0131:<\/strong><\/p>\n<ul data-start=\"1971\" data-end=\"2151\">\n<li data-start=\"1971\" data-end=\"2000\">\n<p data-start=\"1973\" data-end=\"2000\">Kalp ve akci\u011fer muayenesi<\/p>\n<\/li>\n<li data-start=\"2001\" data-end=\"2024\">\n<p data-start=\"2003\" data-end=\"2024\">Osk\u00fcltasyon e\u011fitimi<\/p>\n<\/li>\n<li data-start=\"2025\" data-end=\"2048\">\n<p data-start=\"2027\" data-end=\"2048\">Nab\u0131z de\u011ferlendirme<\/p>\n<\/li>\n<li data-start=\"2049\" data-end=\"2069\">\n<p data-start=\"2051\" data-end=\"2069\">Trakea yerle\u015fimi<\/p>\n<\/li>\n<li data-start=\"2070\" data-end=\"2095\">\n<p data-start=\"2072\" data-end=\"2095\">Klinik vaka \u00e7\u00f6z\u00fcmleme<\/p>\n<\/li>\n<li data-start=\"2096\" data-end=\"2151\">\n<p data-start=\"2098\" data-end=\"2151\">Grup i\u00e7i de\u011ferlendirme ve bireysel \u00f6\u011frenme planlar\u0131<\/p>\n<\/li>\n<\/ul>\n","protected":false},"excerpt":{"rendered":"<p>Ger\u00e7ek kalp ve akci\u011fer bulgular\u0131n\u0131 i\u00e7eren, 31 klinik senaryo bar\u0131nd\u0131ran ve e\u011fitimde ileri d\u00fczey ger\u00e7ek\u00e7ilik sa\u011flayan CaRE Trainer; klinik beceri e\u011fitiminde fark yaratan sim\u00fclasyon mankenidir.<\/p>\n<p><a href=\"https:\/\/limbsandthings.com\/media\/cmppp3j2\/product_care_brochure_uk_v2_web.pdf\">Katalog \u0130ndir..!<\/a><\/p>\n","protected":false},"featured_media":60,"comment_status":"open","ping_status":"closed","template":"","meta":[],"product_brand":[129],"product_cat":[15,523,130,521,128],"product_tag":[143,133,144,131,136,134,146,140,145,137,135,141,138,142,132,139,45],"class_list":{"0":"post-59","1":"product","2":"type-product","3":"status-publish","4":"has-post-thumbnail","6":"product_brand-limbs-things","7":"product_cat-genel","8":"product_cat-acil-tip","9":"product_cat-nursing","10":"product_cat-kardiyoloji","11":"product_cat-limbs-things","12":"product_tag-apex-beat-trainer","13":"product_tag-auscultation-manikin","14":"product_tag-auscultation-simulator","15":"product_tag-cardiovascular-trainer","16":"product_tag-care","17":"product_tag-heart-sound-simulator","18":"product_tag-hemsirelik-simulasyonu","19":"product_tag-klinik-egitim","20":"product_tag-limbpad","21":"product_tag-limbs-and-things","22":"product_tag-lung-sound-trainer","23":"product_tag-medikal-simulasyon","24":"product_tag-nursing-education","25":"product_tag-palpasyon","26":"product_tag-respiratory-exam-trainer","27":"product_tag-stetoskop-egitimi","28":"product_tag-tip-egitimi","30":"first","31":"instock","32":"shipping-taxable","33":"product-type-simple"},"yoast_head":"<!-- This site is optimized with the Yoast SEO plugin v25.2 - https:\/\/yoast.com\/wordpress\/plugins\/seo\/ -->\n<title>Cardiovascular and Respiratory Exam Trainer (CaRE, Light Skin Tone) \u2013 Limbs &amp; Things - Merkim Maket<\/title>\n<meta name=\"robots\" content=\"index, follow, max-snippet:-1, max-image-preview:large, max-video-preview:-1\" \/>\n<link rel=\"canonical\" href=\"https:\/\/merkim.com.tr\/merkim-maket\/urun\/cardiovascular-and-respiratory-exam-trainer-care-light-skin-tone-limbs-things\/\" \/>\n<meta property=\"og:locale\" content=\"tr_TR\" \/>\n<meta property=\"og:type\" content=\"article\" \/>\n<meta property=\"og:title\" content=\"Cardiovascular and Respiratory Exam Trainer (CaRE, Light Skin Tone) \u2013 Limbs &amp; Things - Merkim Maket\" \/>\n<meta property=\"og:description\" content=\"Ger\u00e7ek kalp ve akci\u011fer bulgular\u0131n\u0131 i\u00e7eren, 31 klinik senaryo bar\u0131nd\u0131ran ve e\u011fitimde ileri d\u00fczey ger\u00e7ek\u00e7ilik sa\u011flayan CaRE Trainer; klinik beceri e\u011fitiminde fark yaratan sim\u00fclasyon mankenidir.  Katalog \u0130ndir..!\" \/>\n<meta property=\"og:url\" content=\"https:\/\/merkim.com.tr\/merkim-maket\/urun\/cardiovascular-and-respiratory-exam-trainer-care-light-skin-tone-limbs-things\/\" \/>\n<meta property=\"og:site_name\" content=\"Merkim Maket\" \/>\n<meta property=\"article:modified_time\" content=\"2025-06-10T10:32:00+00:00\" \/>\n<meta property=\"og:image\" content=\"https:\/\/merkim.com.tr\/merkim-maket\/wp-content\/uploads\/2025\/06\/cardiovascular-respiratory-exam-trainer-care-light-skin-limbs-things.png\" \/>\n\t<meta property=\"og:image:width\" content=\"800\" \/>\n\t<meta property=\"og:image:height\" content=\"800\" \/>\n\t<meta property=\"og:image:type\" content=\"image\/png\" \/>\n<meta name=\"twitter:card\" content=\"summary_large_image\" \/>\n<meta name=\"twitter:label1\" content=\"Tahmini okuma s\u00fcresi\" \/>\n\t<meta name=\"twitter:data1\" content=\"2 dakika\" \/>\n<script type=\"application\/ld+json\" class=\"yoast-schema-graph\">{\"@context\":\"https:\/\/schema.org\",\"@graph\":[{\"@type\":\"WebPage\",\"@id\":\"https:\/\/merkim.com.tr\/merkim-maket\/urun\/cardiovascular-and-respiratory-exam-trainer-care-light-skin-tone-limbs-things\/\",\"url\":\"https:\/\/merkim.com.tr\/merkim-maket\/urun\/cardiovascular-and-respiratory-exam-trainer-care-light-skin-tone-limbs-things\/\",\"name\":\"Cardiovascular and Respiratory Exam Trainer (CaRE, Light Skin Tone) \u2013 Limbs & Things - Merkim Maket\",\"isPartOf\":{\"@id\":\"https:\/\/merkim.com.tr\/merkim-maket\/#website\"},\"primaryImageOfPage\":{\"@id\":\"https:\/\/merkim.com.tr\/merkim-maket\/urun\/cardiovascular-and-respiratory-exam-trainer-care-light-skin-tone-limbs-things\/#primaryimage\"},\"image\":{\"@id\":\"https:\/\/merkim.com.tr\/merkim-maket\/urun\/cardiovascular-and-respiratory-exam-trainer-care-light-skin-tone-limbs-things\/#primaryimage\"},\"thumbnailUrl\":\"https:\/\/merkim.com.tr\/merkim-maket\/wp-content\/uploads\/2025\/06\/cardiovascular-respiratory-exam-trainer-care-light-skin-limbs-things.png\",\"datePublished\":\"2025-06-08T10:47:03+00:00\",\"dateModified\":\"2025-06-10T10:32:00+00:00\",\"breadcrumb\":{\"@id\":\"https:\/\/merkim.com.tr\/merkim-maket\/urun\/cardiovascular-and-respiratory-exam-trainer-care-light-skin-tone-limbs-things\/#breadcrumb\"},\"inLanguage\":\"tr\",\"potentialAction\":[{\"@type\":\"ReadAction\",\"target\":[\"https:\/\/merkim.com.tr\/merkim-maket\/urun\/cardiovascular-and-respiratory-exam-trainer-care-light-skin-tone-limbs-things\/\"]}]},{\"@type\":\"ImageObject\",\"inLanguage\":\"tr\",\"@id\":\"https:\/\/merkim.com.tr\/merkim-maket\/urun\/cardiovascular-and-respiratory-exam-trainer-care-light-skin-tone-limbs-things\/#primaryimage\",\"url\":\"https:\/\/merkim.com.tr\/merkim-maket\/wp-content\/uploads\/2025\/06\/cardiovascular-respiratory-exam-trainer-care-light-skin-limbs-things.png\",\"contentUrl\":\"https:\/\/merkim.com.tr\/merkim-maket\/wp-content\/uploads\/2025\/06\/cardiovascular-respiratory-exam-trainer-care-light-skin-limbs-things.png\",\"width\":800,\"height\":800,\"caption\":\"Ger\u00e7ek kalp ve akci\u011fer sesleriyle donat\u0131lm\u0131\u015f, y\u00fcksek realizmli e\u011fitim mankeni\"},{\"@type\":\"BreadcrumbList\",\"@id\":\"https:\/\/merkim.com.tr\/merkim-maket\/urun\/cardiovascular-and-respiratory-exam-trainer-care-light-skin-tone-limbs-things\/#breadcrumb\",\"itemListElement\":[{\"@type\":\"ListItem\",\"position\":1,\"name\":\"Anasayfa\",\"item\":\"https:\/\/merkim.com.tr\/merkim-maket\/\"},{\"@type\":\"ListItem\",\"position\":2,\"name\":\"Ma\u011faza\",\"item\":\"https:\/\/merkim.com.tr\/merkim-maket\/magaza\/\"},{\"@type\":\"ListItem\",\"position\":3,\"name\":\"Cardiovascular and Respiratory Exam Trainer (CaRE, Light Skin Tone) \u2013 Limbs &#038; Things\"}]},{\"@type\":\"WebSite\",\"@id\":\"https:\/\/merkim.com.tr\/merkim-maket\/#website\",\"url\":\"https:\/\/merkim.com.tr\/merkim-maket\/\",\"name\":\"Merkim Maket\",\"description\":\"\",\"potentialAction\":[{\"@type\":\"SearchAction\",\"target\":{\"@type\":\"EntryPoint\",\"urlTemplate\":\"https:\/\/merkim.com.tr\/merkim-maket\/?s={search_term_string}\"},\"query-input\":{\"@type\":\"PropertyValueSpecification\",\"valueRequired\":true,\"valueName\":\"search_term_string\"}}],\"inLanguage\":\"tr\"}]}<\/script>\n<!-- \/ Yoast SEO plugin. -->","yoast_head_json":{"title":"Cardiovascular and Respiratory Exam Trainer (CaRE, Light Skin Tone) \u2013 Limbs & Things - Merkim Maket","robots":{"index":"index","follow":"follow","max-snippet":"max-snippet:-1","max-image-preview":"max-image-preview:large","max-video-preview":"max-video-preview:-1"},"canonical":"https:\/\/merkim.com.tr\/merkim-maket\/urun\/cardiovascular-and-respiratory-exam-trainer-care-light-skin-tone-limbs-things\/","og_locale":"tr_TR","og_type":"article","og_title":"Cardiovascular and Respiratory Exam Trainer (CaRE, Light Skin Tone) \u2013 Limbs & Things - Merkim Maket","og_description":"Ger\u00e7ek kalp ve akci\u011fer bulgular\u0131n\u0131 i\u00e7eren, 31 klinik senaryo bar\u0131nd\u0131ran ve e\u011fitimde ileri d\u00fczey ger\u00e7ek\u00e7ilik sa\u011flayan CaRE Trainer; klinik beceri e\u011fitiminde fark yaratan sim\u00fclasyon mankenidir.  Katalog \u0130ndir..!","og_url":"https:\/\/merkim.com.tr\/merkim-maket\/urun\/cardiovascular-and-respiratory-exam-trainer-care-light-skin-tone-limbs-things\/","og_site_name":"Merkim Maket","article_modified_time":"2025-06-10T10:32:00+00:00","og_image":[{"width":800,"height":800,"url":"https:\/\/merkim.com.tr\/merkim-maket\/wp-content\/uploads\/2025\/06\/cardiovascular-respiratory-exam-trainer-care-light-skin-limbs-things.png","type":"image\/png"}],"twitter_card":"summary_large_image","twitter_misc":{"Tahmini okuma s\u00fcresi":"2 dakika"},"schema":{"@context":"https:\/\/schema.org","@graph":[{"@type":"WebPage","@id":"https:\/\/merkim.com.tr\/merkim-maket\/urun\/cardiovascular-and-respiratory-exam-trainer-care-light-skin-tone-limbs-things\/","url":"https:\/\/merkim.com.tr\/merkim-maket\/urun\/cardiovascular-and-respiratory-exam-trainer-care-light-skin-tone-limbs-things\/","name":"Cardiovascular and Respiratory Exam Trainer (CaRE, Light Skin Tone) \u2013 Limbs & Things - Merkim Maket","isPartOf":{"@id":"https:\/\/merkim.com.tr\/merkim-maket\/#website"},"primaryImageOfPage":{"@id":"https:\/\/merkim.com.tr\/merkim-maket\/urun\/cardiovascular-and-respiratory-exam-trainer-care-light-skin-tone-limbs-things\/#primaryimage"},"image":{"@id":"https:\/\/merkim.com.tr\/merkim-maket\/urun\/cardiovascular-and-respiratory-exam-trainer-care-light-skin-tone-limbs-things\/#primaryimage"},"thumbnailUrl":"https:\/\/merkim.com.tr\/merkim-maket\/wp-content\/uploads\/2025\/06\/cardiovascular-respiratory-exam-trainer-care-light-skin-limbs-things.png","datePublished":"2025-06-08T10:47:03+00:00","dateModified":"2025-06-10T10:32:00+00:00","breadcrumb":{"@id":"https:\/\/merkim.com.tr\/merkim-maket\/urun\/cardiovascular-and-respiratory-exam-trainer-care-light-skin-tone-limbs-things\/#breadcrumb"},"inLanguage":"tr","potentialAction":[{"@type":"ReadAction","target":["https:\/\/merkim.com.tr\/merkim-maket\/urun\/cardiovascular-and-respiratory-exam-trainer-care-light-skin-tone-limbs-things\/"]}]},{"@type":"ImageObject","inLanguage":"tr","@id":"https:\/\/merkim.com.tr\/merkim-maket\/urun\/cardiovascular-and-respiratory-exam-trainer-care-light-skin-tone-limbs-things\/#primaryimage","url":"https:\/\/merkim.com.tr\/merkim-maket\/wp-content\/uploads\/2025\/06\/cardiovascular-respiratory-exam-trainer-care-light-skin-limbs-things.png","contentUrl":"https:\/\/merkim.com.tr\/merkim-maket\/wp-content\/uploads\/2025\/06\/cardiovascular-respiratory-exam-trainer-care-light-skin-limbs-things.png","width":800,"height":800,"caption":"Ger\u00e7ek kalp ve akci\u011fer sesleriyle donat\u0131lm\u0131\u015f, y\u00fcksek realizmli e\u011fitim mankeni"},{"@type":"BreadcrumbList","@id":"https:\/\/merkim.com.tr\/merkim-maket\/urun\/cardiovascular-and-respiratory-exam-trainer-care-light-skin-tone-limbs-things\/#breadcrumb","itemListElement":[{"@type":"ListItem","position":1,"name":"Anasayfa","item":"https:\/\/merkim.com.tr\/merkim-maket\/"},{"@type":"ListItem","position":2,"name":"Ma\u011faza","item":"https:\/\/merkim.com.tr\/merkim-maket\/magaza\/"},{"@type":"ListItem","position":3,"name":"Cardiovascular and Respiratory Exam Trainer (CaRE, Light Skin Tone) \u2013 Limbs &#038; Things"}]},{"@type":"WebSite","@id":"https:\/\/merkim.com.tr\/merkim-maket\/#website","url":"https:\/\/merkim.com.tr\/merkim-maket\/","name":"Merkim Maket","description":"","potentialAction":[{"@type":"SearchAction","target":{"@type":"EntryPoint","urlTemplate":"https:\/\/merkim.com.tr\/merkim-maket\/?s={search_term_string}"},"query-input":{"@type":"PropertyValueSpecification","valueRequired":true,"valueName":"search_term_string"}}],"inLanguage":"tr"}]}},"_links":{"self":[{"href":"https:\/\/merkim.com.tr\/merkim-maket\/wp-json\/wp\/v2\/product\/59","targetHints":{"allow":["GET"]}}],"collection":[{"href":"https:\/\/merkim.com.tr\/merkim-maket\/wp-json\/wp\/v2\/product"}],"about":[{"href":"https:\/\/merkim.com.tr\/merkim-maket\/wp-json\/wp\/v2\/types\/product"}],"replies":[{"embeddable":true,"href":"https:\/\/merkim.com.tr\/merkim-maket\/wp-json\/wp\/v2\/comments?post=59"}],"wp:featuredmedia":[{"embeddable":true,"href":"https:\/\/merkim.com.tr\/merkim-maket\/wp-json\/wp\/v2\/media\/60"}],"wp:attachment":[{"href":"https:\/\/merkim.com.tr\/merkim-maket\/wp-json\/wp\/v2\/media?parent=59"}],"wp:term":[{"taxonomy":"product_brand","embeddable":true,"href":"https:\/\/merkim.com.tr\/merkim-maket\/wp-json\/wp\/v2\/product_brand?post=59"},{"taxonomy":"product_cat","embeddable":true,"href":"https:\/\/merkim.com.tr\/merkim-maket\/wp-json\/wp\/v2\/product_cat?post=59"},{"taxonomy":"product_tag","embeddable":true,"href":"https:\/\/merkim.com.tr\/merkim-maket\/wp-json\/wp\/v2\/product_tag?post=59"}],"curies":[{"name":"wp","href":"https:\/\/api.w.org\/{rel}","templated":true}]}}