{"id":560,"date":"2025-07-11T13:48:50","date_gmt":"2025-07-11T13:48:50","guid":{"rendered":"https:\/\/merkim.com.tr\/merkim-maket\/?post_type=product&#038;p=560"},"modified":"2025-07-11T13:48:50","modified_gmt":"2025-07-11T13:48:50","slug":"brad-cpr-mankeni-elektronik-konsol-ve-tasima-cantasi-dahil","status":"publish","type":"product","link":"https:\/\/merkim.com.tr\/merkim-maket\/urun\/brad-cpr-mankeni-elektronik-konsol-ve-tasima-cantasi-dahil\/","title":{"rendered":"Brad CPR Mankeni (Elektronik Konsol ve Ta\u015f\u0131ma \u00c7antas\u0131 Dahil)"},"content":{"rendered":"<p data-start=\"433\" data-end=\"526\"><strong data-start=\"433\" data-end=\"526\">Brad Elektronik CPR E\u011fitim Mankeni \u2013 Ger\u00e7ek\u00e7i, Dayan\u0131kl\u0131, Geri Bildirimli E\u011fitim Deneyimi<\/strong><\/p>\n<p data-start=\"528\" data-end=\"895\"><strong data-start=\"528\" data-end=\"548\">Nasco Healthcare<\/strong> imzas\u0131n\u0131 ta\u015f\u0131yan <strong data-start=\"566\" data-end=\"624\">Brad CPR Manikin with Electronic Console and Carry Bag<\/strong>, temel ya\u015fam deste\u011fi (BLS) ve CPR e\u011fitimi i\u00e7in profesyonel d\u00fczeyde geli\u015ftirilmi\u015f bir \u00e7\u00f6z\u00fcmd\u00fcr. Hafif yap\u0131s\u0131, kolay ta\u015f\u0131nabilirli\u011fi, elektronik geri bildirim \u00f6zellikleri ve \u00fcst\u00fcn dayan\u0131kl\u0131l\u0131\u011f\u0131yla s\u0131n\u0131f i\u00e7i ya da saha e\u011fitimi fark etmeksizin ideal bir e\u011fitim materyalidir.<\/p>\n<p data-start=\"897\" data-end=\"1243\">Yumu\u015fak vinil plastik kaplamaya sahip mankenin i\u00e7i poli\u00fcretan k\u00f6p\u00fckle doldurulmu\u015ftur. Bu yap\u0131 hem ger\u00e7ek\u00e7ilik hem de uzun \u00f6m\u00fcrl\u00fc kullan\u0131m sunar. \u00dcr\u00fcn, <strong data-start=\"1048\" data-end=\"1097\">AED (otomatik eksternal defibrilat\u00f6r) e\u011fitimi<\/strong> ile entegre \u00e7al\u0131\u015fmaya uygundur ve m\u00fcdahale reflekslerini g\u00fc\u00e7lendirmek i\u00e7in kullan\u0131c\u0131ya do\u011fru teknikleri \u0131\u015f\u0131kl\u0131 geri bildirim sistemi ile \u00f6\u011fretir.<\/p>\n<p data-start=\"1245\" data-end=\"1266\"><strong data-start=\"1245\" data-end=\"1266\">Temel \u00d6zellikler:<\/strong><\/p>\n<ul data-start=\"1267\" data-end=\"2088\">\n<li data-start=\"1267\" data-end=\"1420\">\n<p data-start=\"1269\" data-end=\"1420\"><strong data-start=\"1269\" data-end=\"1313\">Elektronik Konsol Geri Bildirim Sistemi:<\/strong> I\u015f\u0131k sinyalleriyle do\u011fru el yerle\u015fimi, yeterli bask\u0131 derinli\u011fi ve do\u011fru ventilasyon geri bildirimi sa\u011flar.<\/p>\n<\/li>\n<li data-start=\"1421\" data-end=\"1520\">\n<p data-start=\"1423\" data-end=\"1520\"><strong data-start=\"1423\" data-end=\"1447\">Uzun G\u00f6vde Tasar\u0131m\u0131:<\/strong> Ger\u00e7ek\u00e7i abdominal iti\u015f (Heimlich manevras\u0131) uygulamalar\u0131 i\u00e7in idealdir.<\/p>\n<\/li>\n<li data-start=\"1521\" data-end=\"1625\">\n<p data-start=\"1523\" data-end=\"1625\"><strong data-start=\"1523\" data-end=\"1564\">Ba\u015f Tilt \/ \u00c7ene Kald\u0131rma Mekanizmas\u0131:<\/strong> Solunum yolu a\u00e7ma teknikleri i\u00e7in birebir sim\u00fclasyon sa\u011flar.<\/p>\n<\/li>\n<li data-start=\"1626\" data-end=\"1740\">\n<p data-start=\"1628\" data-end=\"1740\"><strong data-start=\"1628\" data-end=\"1655\">Anatomik \u0130\u015faretlemeler:<\/strong> Sternum, kaburga kemikleri ve substernal \u00e7entik gibi alanlar elle tespit edilebilir.<\/p>\n<\/li>\n<li data-start=\"1741\" data-end=\"1831\">\n<p data-start=\"1743\" data-end=\"1831\"><strong data-start=\"1743\" data-end=\"1772\">Solunum Yolu Senaryolar\u0131:<\/strong> Hava yolunu t\u0131kayarak bo\u011fulma durumlar\u0131 sim\u00fcle edilebilir.<\/p>\n<\/li>\n<li data-start=\"1832\" data-end=\"1943\">\n<p data-start=\"1834\" data-end=\"1943\"><strong data-start=\"1834\" data-end=\"1864\">Hijyenik Kullan\u0131m \u0130\u00e7eri\u011fi:<\/strong> 3 adet tek kullan\u0131ml\u0131k akci\u011fer sistemi ve 3 kanall\u0131 a\u011f\u0131z\/burun aparat\u0131 i\u00e7erir.<\/p>\n<\/li>\n<li data-start=\"1944\" data-end=\"2029\">\n<p data-start=\"1946\" data-end=\"2029\"><strong data-start=\"1946\" data-end=\"1969\">A\u015f\u0131nmaya Dayan\u0131kl\u0131:<\/strong> 1 milyondan fazla kompresyon testinden ba\u015far\u0131yla ge\u00e7mi\u015ftir.<\/p>\n<\/li>\n<li data-start=\"2030\" data-end=\"2088\">\n<p data-start=\"2032\" data-end=\"2088\"><strong data-start=\"2032\" data-end=\"2051\">Lateks \u0130\u00e7ermez:<\/strong> Alerjen risklerini ortadan kald\u0131r\u0131r.<\/p>\n<\/li>\n<\/ul>\n<p data-start=\"2090\" data-end=\"2107\"><strong data-start=\"2090\" data-end=\"2107\">Kutu \u0130\u00e7eri\u011fi:<\/strong><\/p>\n<ul data-start=\"2108\" data-end=\"2266\">\n<li data-start=\"2108\" data-end=\"2135\">\n<p data-start=\"2110\" data-end=\"2135\">1 Adet Brad CPR Mankeni<\/p>\n<\/li>\n<li data-start=\"2136\" data-end=\"2164\">\n<p data-start=\"2138\" data-end=\"2164\">1 Adet Elektronik Konsol<\/p>\n<\/li>\n<li data-start=\"2165\" data-end=\"2190\">\n<p data-start=\"2167\" data-end=\"2190\">1 Adet Ta\u015f\u0131ma \u00c7antas\u0131<\/p>\n<\/li>\n<li data-start=\"2191\" data-end=\"2209\">\n<p data-start=\"2193\" data-end=\"2209\">Diz Destekleri<\/p>\n<\/li>\n<li data-start=\"2210\" data-end=\"2236\">\n<p data-start=\"2212\" data-end=\"2236\">3 Adet Akci\u011fer Sistemi<\/p>\n<\/li>\n<li data-start=\"2237\" data-end=\"2266\">\n<p data-start=\"2239\" data-end=\"2266\">3 Adet A\u011f\u0131z\/Burun Aparat\u0131<\/p>\n<\/li>\n<\/ul>\n<p data-start=\"2268\" data-end=\"2288\"><strong data-start=\"2268\" data-end=\"2288\">Teknik Bilgiler:<\/strong><\/p>\n<ul data-start=\"2289\" data-end=\"2436\">\n<li data-start=\"2289\" data-end=\"2340\">\n<p data-start=\"2291\" data-end=\"2340\"><strong data-start=\"2291\" data-end=\"2304\">Boyutlar:<\/strong> 28&#8243; x 17&#8243; x 10&#8243; (71 x 43 x 25 cm)<\/p>\n<\/li>\n<li data-start=\"2341\" data-end=\"2373\">\n<p data-start=\"2343\" data-end=\"2373\"><strong data-start=\"2343\" data-end=\"2355\">A\u011f\u0131rl\u0131k:<\/strong> 17 lbs (7.7 kg)<\/p>\n<\/li>\n<li data-start=\"2374\" data-end=\"2413\">\n<p data-start=\"2376\" data-end=\"2413\"><strong data-start=\"2376\" data-end=\"2388\">\u00dcretici:<\/strong> Nasco Healthcare \u2013 ABD<\/p>\n<\/li>\n<li data-start=\"2414\" data-end=\"2436\">\n<p data-start=\"2416\" data-end=\"2436\"><strong data-start=\"2416\" data-end=\"2428\">Garanti:<\/strong> 3 Y\u0131l<\/p>\n<\/li>\n<\/ul>\n<p data-start=\"2438\" data-end=\"2754\">Bu manken; sa\u011fl\u0131k meslek y\u00fcksekokullar\u0131, ilk yard\u0131m kurslar\u0131, askeri e\u011fitim birimleri ve acil m\u00fcdahale ekipleri i\u00e7in hem ba\u015flang\u0131\u00e7 hem de ileri seviye CPR e\u011fitimi ama\u00e7l\u0131 kullan\u0131labilir. Elektronik geri bildirim sistemi sayesinde e\u011fitim kalitesini art\u0131r\u0131r, \u00f6\u011frenme s\u00fcrecini h\u0131zland\u0131r\u0131r ve beceri tekrar\u0131n\u0131 peki\u015ftirir.<\/p>\n","protected":false},"excerpt":{"rendered":"<p>Brad CPR mankeni, elektronik konsolu, ta\u015f\u0131ma \u00e7antas\u0131 ve diz destekleri ile birlikte gelen, \u0131\u015f\u0131kl\u0131 geri bildirim \u00f6zellikli, ger\u00e7ek\u00e7i ve ta\u015f\u0131nabilir CPR e\u011fitim mankenidir.<\/p>\n","protected":false},"featured_media":561,"comment_status":"open","ping_status":"closed","template":"","meta":[],"product_brand":[16],"product_cat":[15,1489,78],"product_tag":[1556,1550,1553,1543,1557,1485,152,1551,1552,1554,1555,1124],"class_list":{"0":"post-560","1":"product","2":"type-product","3":"status-publish","4":"has-post-thumbnail","6":"product_brand-nasco-healthcare","7":"product_cat-genel","8":"product_cat-cpr-mankenleri","9":"product_cat-nasco-healthcare","10":"product_tag-bls-egitim-kiti","11":"product_tag-brad-mankeni","12":"product_tag-cpr-geri-bildirim-cihazi","13":"product_tag-cpr-mankeni","14":"product_tag-cpr-uygulama-maketi","15":"product_tag-defibrilator-egitimi","16":"product_tag-egitim-mankeni","17":"product_tag-elektronik-cpr-maketi","18":"product_tag-ilk-yardim-egitimi-ekipmani","19":"product_tag-nasco-cpr-mankeni","20":"product_tag-saglik-egitimi-malzemesi","21":"product_tag-temel-yasam-destegi","23":"first","24":"instock","25":"shipping-taxable","26":"product-type-simple"},"yoast_head":"<!-- This site is optimized with the Yoast SEO plugin v25.2 - https:\/\/yoast.com\/wordpress\/plugins\/seo\/ -->\n<title>Brad CPR Mankeni (Elektronik Konsol ve Ta\u015f\u0131ma \u00c7antas\u0131 Dahil) - Merkim Maket<\/title>\n<meta name=\"description\" content=\"Brad CPR Mankeni, elektronik konsolu ve ta\u015f\u0131ma \u00e7antas\u0131 ile birlikte gelen, \u0131\u015f\u0131kl\u0131 geri bildirim sistemiyle CPR e\u011fitiminde maksimum verim sunan profesyonel \u00e7\u00f6z\u00fcmd\u00fcr.\" \/>\n<meta name=\"robots\" content=\"index, follow, max-snippet:-1, max-image-preview:large, max-video-preview:-1\" \/>\n<link rel=\"canonical\" href=\"https:\/\/merkim.com.tr\/merkim-maket\/urun\/brad-cpr-mankeni-elektronik-konsol-ve-tasima-cantasi-dahil\/\" \/>\n<meta property=\"og:locale\" content=\"tr_TR\" \/>\n<meta property=\"og:type\" content=\"article\" \/>\n<meta property=\"og:title\" content=\"Brad CPR Mankeni (Elektronik Konsol ve Ta\u015f\u0131ma \u00c7antas\u0131 Dahil) - Merkim Maket\" \/>\n<meta property=\"og:description\" content=\"Brad CPR Mankeni, elektronik konsolu ve ta\u015f\u0131ma \u00e7antas\u0131 ile birlikte gelen, \u0131\u015f\u0131kl\u0131 geri bildirim sistemiyle CPR e\u011fitiminde maksimum verim sunan profesyonel \u00e7\u00f6z\u00fcmd\u00fcr.\" \/>\n<meta property=\"og:url\" content=\"https:\/\/merkim.com.tr\/merkim-maket\/urun\/brad-cpr-mankeni-elektronik-konsol-ve-tasima-cantasi-dahil\/\" \/>\n<meta property=\"og:site_name\" content=\"Merkim Maket\" \/>\n<meta property=\"og:image\" content=\"https:\/\/merkim.com.tr\/merkim-maket\/wp-content\/uploads\/2025\/07\/brad-cpr-mankeni-elektronik-canta-nasco.png\" \/>\n\t<meta property=\"og:image:width\" content=\"800\" \/>\n\t<meta property=\"og:image:height\" content=\"800\" \/>\n\t<meta property=\"og:image:type\" content=\"image\/png\" \/>\n<meta name=\"twitter:card\" content=\"summary_large_image\" \/>\n<meta name=\"twitter:label1\" content=\"Tahmini okuma s\u00fcresi\" \/>\n\t<meta name=\"twitter:data1\" content=\"2 dakika\" \/>\n<script type=\"application\/ld+json\" class=\"yoast-schema-graph\">{\"@context\":\"https:\/\/schema.org\",\"@graph\":[{\"@type\":\"WebPage\",\"@id\":\"https:\/\/merkim.com.tr\/merkim-maket\/urun\/brad-cpr-mankeni-elektronik-konsol-ve-tasima-cantasi-dahil\/\",\"url\":\"https:\/\/merkim.com.tr\/merkim-maket\/urun\/brad-cpr-mankeni-elektronik-konsol-ve-tasima-cantasi-dahil\/\",\"name\":\"Brad CPR Mankeni (Elektronik Konsol ve Ta\u015f\u0131ma \u00c7antas\u0131 Dahil) - Merkim Maket\",\"isPartOf\":{\"@id\":\"https:\/\/merkim.com.tr\/merkim-maket\/#website\"},\"primaryImageOfPage\":{\"@id\":\"https:\/\/merkim.com.tr\/merkim-maket\/urun\/brad-cpr-mankeni-elektronik-konsol-ve-tasima-cantasi-dahil\/#primaryimage\"},\"image\":{\"@id\":\"https:\/\/merkim.com.tr\/merkim-maket\/urun\/brad-cpr-mankeni-elektronik-konsol-ve-tasima-cantasi-dahil\/#primaryimage\"},\"thumbnailUrl\":\"https:\/\/merkim.com.tr\/merkim-maket\/wp-content\/uploads\/2025\/07\/brad-cpr-mankeni-elektronik-canta-nasco.png\",\"datePublished\":\"2025-07-11T13:48:50+00:00\",\"description\":\"Brad CPR Mankeni, elektronik konsolu ve ta\u015f\u0131ma \u00e7antas\u0131 ile birlikte gelen, \u0131\u015f\u0131kl\u0131 geri bildirim sistemiyle CPR e\u011fitiminde maksimum verim sunan profesyonel \u00e7\u00f6z\u00fcmd\u00fcr.\",\"breadcrumb\":{\"@id\":\"https:\/\/merkim.com.tr\/merkim-maket\/urun\/brad-cpr-mankeni-elektronik-konsol-ve-tasima-cantasi-dahil\/#breadcrumb\"},\"inLanguage\":\"tr\",\"potentialAction\":[{\"@type\":\"ReadAction\",\"target\":[\"https:\/\/merkim.com.tr\/merkim-maket\/urun\/brad-cpr-mankeni-elektronik-konsol-ve-tasima-cantasi-dahil\/\"]}]},{\"@type\":\"ImageObject\",\"inLanguage\":\"tr\",\"@id\":\"https:\/\/merkim.com.tr\/merkim-maket\/urun\/brad-cpr-mankeni-elektronik-konsol-ve-tasima-cantasi-dahil\/#primaryimage\",\"url\":\"https:\/\/merkim.com.tr\/merkim-maket\/wp-content\/uploads\/2025\/07\/brad-cpr-mankeni-elektronik-canta-nasco.png\",\"contentUrl\":\"https:\/\/merkim.com.tr\/merkim-maket\/wp-content\/uploads\/2025\/07\/brad-cpr-mankeni-elektronik-canta-nasco.png\",\"width\":800,\"height\":800,\"caption\":\"Elektronik geri bildirimli Brad CPR mankeni, ta\u015f\u0131ma \u00e7antas\u0131 ve diz destekleriyle birlikte\"},{\"@type\":\"BreadcrumbList\",\"@id\":\"https:\/\/merkim.com.tr\/merkim-maket\/urun\/brad-cpr-mankeni-elektronik-konsol-ve-tasima-cantasi-dahil\/#breadcrumb\",\"itemListElement\":[{\"@type\":\"ListItem\",\"position\":1,\"name\":\"Anasayfa\",\"item\":\"https:\/\/merkim.com.tr\/merkim-maket\/\"},{\"@type\":\"ListItem\",\"position\":2,\"name\":\"Ma\u011faza\",\"item\":\"https:\/\/merkim.com.tr\/merkim-maket\/magaza\/\"},{\"@type\":\"ListItem\",\"position\":3,\"name\":\"Brad CPR Mankeni (Elektronik Konsol ve Ta\u015f\u0131ma \u00c7antas\u0131 Dahil)\"}]},{\"@type\":\"WebSite\",\"@id\":\"https:\/\/merkim.com.tr\/merkim-maket\/#website\",\"url\":\"https:\/\/merkim.com.tr\/merkim-maket\/\",\"name\":\"Merkim Maket\",\"description\":\"\",\"potentialAction\":[{\"@type\":\"SearchAction\",\"target\":{\"@type\":\"EntryPoint\",\"urlTemplate\":\"https:\/\/merkim.com.tr\/merkim-maket\/?s={search_term_string}\"},\"query-input\":{\"@type\":\"PropertyValueSpecification\",\"valueRequired\":true,\"valueName\":\"search_term_string\"}}],\"inLanguage\":\"tr\"}]}<\/script>\n<!-- \/ Yoast SEO plugin. -->","yoast_head_json":{"title":"Brad CPR Mankeni (Elektronik Konsol ve Ta\u015f\u0131ma \u00c7antas\u0131 Dahil) - Merkim Maket","description":"Brad CPR Mankeni, elektronik konsolu ve ta\u015f\u0131ma \u00e7antas\u0131 ile birlikte gelen, \u0131\u015f\u0131kl\u0131 geri bildirim sistemiyle CPR e\u011fitiminde maksimum verim sunan profesyonel \u00e7\u00f6z\u00fcmd\u00fcr.","robots":{"index":"index","follow":"follow","max-snippet":"max-snippet:-1","max-image-preview":"max-image-preview:large","max-video-preview":"max-video-preview:-1"},"canonical":"https:\/\/merkim.com.tr\/merkim-maket\/urun\/brad-cpr-mankeni-elektronik-konsol-ve-tasima-cantasi-dahil\/","og_locale":"tr_TR","og_type":"article","og_title":"Brad CPR Mankeni (Elektronik Konsol ve Ta\u015f\u0131ma \u00c7antas\u0131 Dahil) - Merkim Maket","og_description":"Brad CPR Mankeni, elektronik konsolu ve ta\u015f\u0131ma \u00e7antas\u0131 ile birlikte gelen, \u0131\u015f\u0131kl\u0131 geri bildirim sistemiyle CPR e\u011fitiminde maksimum verim sunan profesyonel \u00e7\u00f6z\u00fcmd\u00fcr.","og_url":"https:\/\/merkim.com.tr\/merkim-maket\/urun\/brad-cpr-mankeni-elektronik-konsol-ve-tasima-cantasi-dahil\/","og_site_name":"Merkim Maket","og_image":[{"width":800,"height":800,"url":"https:\/\/merkim.com.tr\/merkim-maket\/wp-content\/uploads\/2025\/07\/brad-cpr-mankeni-elektronik-canta-nasco.png","type":"image\/png"}],"twitter_card":"summary_large_image","twitter_misc":{"Tahmini okuma s\u00fcresi":"2 dakika"},"schema":{"@context":"https:\/\/schema.org","@graph":[{"@type":"WebPage","@id":"https:\/\/merkim.com.tr\/merkim-maket\/urun\/brad-cpr-mankeni-elektronik-konsol-ve-tasima-cantasi-dahil\/","url":"https:\/\/merkim.com.tr\/merkim-maket\/urun\/brad-cpr-mankeni-elektronik-konsol-ve-tasima-cantasi-dahil\/","name":"Brad CPR Mankeni (Elektronik Konsol ve Ta\u015f\u0131ma \u00c7antas\u0131 Dahil) - Merkim Maket","isPartOf":{"@id":"https:\/\/merkim.com.tr\/merkim-maket\/#website"},"primaryImageOfPage":{"@id":"https:\/\/merkim.com.tr\/merkim-maket\/urun\/brad-cpr-mankeni-elektronik-konsol-ve-tasima-cantasi-dahil\/#primaryimage"},"image":{"@id":"https:\/\/merkim.com.tr\/merkim-maket\/urun\/brad-cpr-mankeni-elektronik-konsol-ve-tasima-cantasi-dahil\/#primaryimage"},"thumbnailUrl":"https:\/\/merkim.com.tr\/merkim-maket\/wp-content\/uploads\/2025\/07\/brad-cpr-mankeni-elektronik-canta-nasco.png","datePublished":"2025-07-11T13:48:50+00:00","description":"Brad CPR Mankeni, elektronik konsolu ve ta\u015f\u0131ma \u00e7antas\u0131 ile birlikte gelen, \u0131\u015f\u0131kl\u0131 geri bildirim sistemiyle CPR e\u011fitiminde maksimum verim sunan profesyonel \u00e7\u00f6z\u00fcmd\u00fcr.","breadcrumb":{"@id":"https:\/\/merkim.com.tr\/merkim-maket\/urun\/brad-cpr-mankeni-elektronik-konsol-ve-tasima-cantasi-dahil\/#breadcrumb"},"inLanguage":"tr","potentialAction":[{"@type":"ReadAction","target":["https:\/\/merkim.com.tr\/merkim-maket\/urun\/brad-cpr-mankeni-elektronik-konsol-ve-tasima-cantasi-dahil\/"]}]},{"@type":"ImageObject","inLanguage":"tr","@id":"https:\/\/merkim.com.tr\/merkim-maket\/urun\/brad-cpr-mankeni-elektronik-konsol-ve-tasima-cantasi-dahil\/#primaryimage","url":"https:\/\/merkim.com.tr\/merkim-maket\/wp-content\/uploads\/2025\/07\/brad-cpr-mankeni-elektronik-canta-nasco.png","contentUrl":"https:\/\/merkim.com.tr\/merkim-maket\/wp-content\/uploads\/2025\/07\/brad-cpr-mankeni-elektronik-canta-nasco.png","width":800,"height":800,"caption":"Elektronik geri bildirimli Brad CPR mankeni, ta\u015f\u0131ma \u00e7antas\u0131 ve diz destekleriyle birlikte"},{"@type":"BreadcrumbList","@id":"https:\/\/merkim.com.tr\/merkim-maket\/urun\/brad-cpr-mankeni-elektronik-konsol-ve-tasima-cantasi-dahil\/#breadcrumb","itemListElement":[{"@type":"ListItem","position":1,"name":"Anasayfa","item":"https:\/\/merkim.com.tr\/merkim-maket\/"},{"@type":"ListItem","position":2,"name":"Ma\u011faza","item":"https:\/\/merkim.com.tr\/merkim-maket\/magaza\/"},{"@type":"ListItem","position":3,"name":"Brad CPR Mankeni (Elektronik Konsol ve Ta\u015f\u0131ma \u00c7antas\u0131 Dahil)"}]},{"@type":"WebSite","@id":"https:\/\/merkim.com.tr\/merkim-maket\/#website","url":"https:\/\/merkim.com.tr\/merkim-maket\/","name":"Merkim Maket","description":"","potentialAction":[{"@type":"SearchAction","target":{"@type":"EntryPoint","urlTemplate":"https:\/\/merkim.com.tr\/merkim-maket\/?s={search_term_string}"},"query-input":{"@type":"PropertyValueSpecification","valueRequired":true,"valueName":"search_term_string"}}],"inLanguage":"tr"}]}},"_links":{"self":[{"href":"https:\/\/merkim.com.tr\/merkim-maket\/wp-json\/wp\/v2\/product\/560","targetHints":{"allow":["GET"]}}],"collection":[{"href":"https:\/\/merkim.com.tr\/merkim-maket\/wp-json\/wp\/v2\/product"}],"about":[{"href":"https:\/\/merkim.com.tr\/merkim-maket\/wp-json\/wp\/v2\/types\/product"}],"replies":[{"embeddable":true,"href":"https:\/\/merkim.com.tr\/merkim-maket\/wp-json\/wp\/v2\/comments?post=560"}],"wp:featuredmedia":[{"embeddable":true,"href":"https:\/\/merkim.com.tr\/merkim-maket\/wp-json\/wp\/v2\/media\/561"}],"wp:attachment":[{"href":"https:\/\/merkim.com.tr\/merkim-maket\/wp-json\/wp\/v2\/media?parent=560"}],"wp:term":[{"taxonomy":"product_brand","embeddable":true,"href":"https:\/\/merkim.com.tr\/merkim-maket\/wp-json\/wp\/v2\/product_brand?post=560"},{"taxonomy":"product_cat","embeddable":true,"href":"https:\/\/merkim.com.tr\/merkim-maket\/wp-json\/wp\/v2\/product_cat?post=560"},{"taxonomy":"product_tag","embeddable":true,"href":"https:\/\/merkim.com.tr\/merkim-maket\/wp-json\/wp\/v2\/product_tag?post=560"}],"curies":[{"name":"wp","href":"https:\/\/api.w.org\/{rel}","templated":true}]}}