{"id":558,"date":"2025-07-11T12:11:53","date_gmt":"2025-07-11T12:11:53","guid":{"rendered":"https:\/\/merkim.com.tr\/merkim-maket\/?post_type=product&#038;p=558"},"modified":"2025-07-11T12:11:54","modified_gmt":"2025-07-11T12:11:54","slug":"full-body-cpr-ve-travma-mankeni-elektronik-konsol-uniteli-acik-ten","status":"publish","type":"product","link":"https:\/\/merkim.com.tr\/merkim-maket\/urun\/full-body-cpr-ve-travma-mankeni-elektronik-konsol-uniteli-acik-ten\/","title":{"rendered":"Full Body CPR ve Travma Mankeni (Elektronik Konsol \u00dcniteli &#8211; A\u00e7\u0131k Ten)"},"content":{"rendered":"<p data-start=\"439\" data-end=\"505\"><strong data-start=\"439\" data-end=\"505\">Profesyonel CPR E\u011fitimi \u0130\u00e7in Geli\u015fmi\u015f Tam V\u00fccut Travma Mankeni<\/strong><\/p>\n<p data-start=\"507\" data-end=\"876\">Nasco Healthcare\u2019in sundu\u011fu <strong data-start=\"535\" data-end=\"603\">Full Body CPR\/Trauma Manikin with Electronic Console Box \u2013 Light<\/strong>, temel ya\u015fam deste\u011fi (BLS) ve ileri d\u00fczey travma e\u011fitimi uygulamalar\u0131 i\u00e7in profesyonel bir \u00e7\u00f6z\u00fcmd\u00fcr. 167 cm (5 ft. 5 in\u00e7) boyundaki bu manken, hafif yap\u0131s\u0131, tam eklem hareketlili\u011fi ve elektronik geribildirim \u00f6zelli\u011fi sayesinde ger\u00e7ek\u00e7i ve etkili bir e\u011fitim deneyimi sunar.<\/p>\n<p data-start=\"878\" data-end=\"897\"><strong data-start=\"878\" data-end=\"897\">Ana \u00d6zellikler:<\/strong><\/p>\n<ul data-start=\"898\" data-end=\"1766\">\n<li data-start=\"898\" data-end=\"1118\">\n<p data-start=\"900\" data-end=\"1118\"><strong data-start=\"900\" data-end=\"936\">Elektronik Geribildirim Sistemi:<\/strong> Dahil olan elektronik konsol kutusu sayesinde, g\u00f6\u011f\u00fcs kompresyonlar\u0131 s\u0131ras\u0131nda do\u011fru el yerle\u015fimi, yeterli bask\u0131 derinli\u011fi ve do\u011fru ventilasyon, \u0131\u015f\u0131kl\u0131 sinyallerle an\u0131nda g\u00f6sterilir.<\/p>\n<\/li>\n<li data-start=\"1119\" data-end=\"1261\">\n<p data-start=\"1121\" data-end=\"1261\"><strong data-start=\"1121\" data-end=\"1143\">Anatomik Do\u011fruluk:<\/strong> Kompresyon uygulama b\u00f6lgeleri, kaburga ve sternum gibi anatomik i\u015faretlemeler sayesinde kolayl\u0131kla tespit edilebilir.<\/p>\n<\/li>\n<li data-start=\"1262\" data-end=\"1399\">\n<p data-start=\"1264\" data-end=\"1399\"><strong data-start=\"1264\" data-end=\"1286\">Hijyenik Kullan\u0131m:<\/strong> De\u011fi\u015ftirilebilir y\u00fcz par\u00e7alar\u0131 ve akci\u011fer sistemleriyle \u00e7oklu kullan\u0131c\u0131lar i\u00e7in uygundur; \u00e7apraz bula\u015f\u0131 \u00f6nlenir.<\/p>\n<\/li>\n<li data-start=\"1400\" data-end=\"1497\">\n<p data-start=\"1402\" data-end=\"1497\"><strong data-start=\"1402\" data-end=\"1433\">Dayan\u0131kl\u0131 ve Hafif Tasar\u0131m:<\/strong> K\u00f6p\u00fck dolgulu, lateks i\u00e7ermeyen ve kolay ta\u015f\u0131nabilir yap\u0131dad\u0131r.<\/p>\n<\/li>\n<li data-start=\"1498\" data-end=\"1640\">\n<p data-start=\"1500\" data-end=\"1640\"><strong data-start=\"1500\" data-end=\"1525\">Sim\u00fclasyon Esnekli\u011fi:<\/strong> Her ortamda (s\u0131n\u0131f i\u00e7i, saha, arama-kurtarma) pozisyonland\u0131rmaya olanak tan\u0131yan tam eklem hareketlili\u011fi mevcuttur.<\/p>\n<\/li>\n<li data-start=\"1641\" data-end=\"1766\">\n<p data-start=\"1643\" data-end=\"1766\"><strong data-start=\"1643\" data-end=\"1669\">Opsiyonel Aksesuarlar:<\/strong> Alt IV kolu, travma moulage kiti, CPR ba\u015f koruma aparat\u0131 ve ta\u015f\u0131ma \u00e7antas\u0131 ile geni\u015fletilebilir.<\/p>\n<\/li>\n<\/ul>\n<p data-start=\"1768\" data-end=\"1785\"><strong data-start=\"1768\" data-end=\"1785\">Kutu \u0130\u00e7eri\u011fi:<\/strong><\/p>\n<ul data-start=\"1786\" data-end=\"1966\">\n<li data-start=\"1786\" data-end=\"1825\">\n<p data-start=\"1788\" data-end=\"1825\">1 adet Tam V\u00fccut CPR\/Travma Mankeni<\/p>\n<\/li>\n<li data-start=\"1826\" data-end=\"1861\">\n<p data-start=\"1828\" data-end=\"1861\">1 adet Elektronik Konsol Kutusu<\/p>\n<\/li>\n<li data-start=\"1862\" data-end=\"1888\">\n<p data-start=\"1864\" data-end=\"1888\">5 adet Akci\u011fer Sistemi<\/p>\n<\/li>\n<li data-start=\"1889\" data-end=\"1928\">\n<p data-start=\"1891\" data-end=\"1928\">5 adet De\u011fi\u015ftirilebilir Y\u00fcz Par\u00e7as\u0131<\/p>\n<\/li>\n<li data-start=\"1929\" data-end=\"1966\">\n<p data-start=\"1931\" data-end=\"1966\">1 adet Ta\u015f\u0131ma \u00c7antas\u0131 (opsiyonel)<\/p>\n<\/li>\n<\/ul>\n<p data-start=\"1968\" data-end=\"1988\"><strong data-start=\"1968\" data-end=\"1988\">Teknik Bilgiler:<\/strong><\/p>\n<ul data-start=\"1989\" data-end=\"2132\">\n<li data-start=\"1989\" data-end=\"2023\">\n<p data-start=\"1991\" data-end=\"2023\"><strong data-start=\"1991\" data-end=\"2004\">Boyutlar:<\/strong> 50 x 21 x 11 in\u00e7<\/p>\n<\/li>\n<li data-start=\"2024\" data-end=\"2064\">\n<p data-start=\"2026\" data-end=\"2064\"><strong data-start=\"2026\" data-end=\"2038\">A\u011f\u0131rl\u0131k:<\/strong> 51 lbs (yakla\u015f\u0131k 23 kg)<\/p>\n<\/li>\n<li data-start=\"2065\" data-end=\"2094\">\n<p data-start=\"2067\" data-end=\"2094\"><strong data-start=\"2067\" data-end=\"2086\">Garanti S\u00fcresi:<\/strong> 3 y\u0131l<\/p>\n<\/li>\n<li data-start=\"2095\" data-end=\"2132\">\n<p data-start=\"2097\" data-end=\"2132\"><strong data-start=\"2097\" data-end=\"2109\">\u00dcretici:<\/strong> Nasco Healthcare (ABD)<\/p>\n<\/li>\n<\/ul>\n<p data-start=\"2134\" data-end=\"2361\">Bu geli\u015fmi\u015f manken, sa\u011fl\u0131k e\u011fitimi kurumlar\u0131, askeri birlikler, sivil savunma ve acil m\u00fcdahale ekipleri i\u00e7in idealdir. E\u011fitim kalitesini art\u0131rmak ve kullan\u0131c\u0131ya anl\u0131k geri bildirim sa\u011flamak isteyen kurumlar i\u00e7in vazge\u00e7ilmezdir.<\/p>\n","protected":false},"excerpt":{"rendered":"<p>Tam v\u00fccut CPR ve travma mankeni; elektronik konsol kutusu, de\u011fi\u015ftirilebilir par\u00e7alar ve anatomik do\u011fruluk ile profesyonel ilk yard\u0131m ve ya\u015fam deste\u011fi e\u011fitimleri i\u00e7in tasarlanm\u0131\u015ft\u0131r.<\/p>\n","protected":false},"featured_media":559,"comment_status":"open","ping_status":"closed","template":"","meta":[],"product_brand":[16],"product_cat":[15,1489,78],"product_tag":[1548,1543,152,1546,1547,141,27,34,1545,1124,1549,1544],"class_list":{"0":"post-558","1":"product","2":"type-product","3":"status-publish","4":"has-post-thumbnail","6":"product_brand-nasco-healthcare","7":"product_cat-genel","8":"product_cat-cpr-mankenleri","9":"product_cat-nasco-healthcare","10":"product_tag-cpr-geribildirimli-manken","11":"product_tag-cpr-mankeni","12":"product_tag-egitim-mankeni","13":"product_tag-elektronik-cpr-simulatoru","14":"product_tag-ilk-yardim-egitim-mankeni","15":"product_tag-medikal-simulasyon","16":"product_tag-nasco-healthcare","17":"product_tag-saglik-egitimi","18":"product_tag-tam-vucut-cpr-maketi","19":"product_tag-temel-yasam-destegi","20":"product_tag-travma-egitimi-ekipmani","21":"product_tag-travma-mankeni","23":"first","24":"instock","25":"shipping-taxable","26":"product-type-simple"},"yoast_head":"<!-- This site is optimized with the Yoast SEO plugin v25.2 - https:\/\/yoast.com\/wordpress\/plugins\/seo\/ -->\n<title>Full Body CPR ve Travma Mankeni (Elektronik Konsol \u00dcniteli - A\u00e7\u0131k Ten) - Merkim Maket<\/title>\n<meta name=\"description\" content=\"Full body CPR ve travma mankeni, elektronik konsolu sayesinde kompresyon ve ventilasyon geri bildirimi sa\u011flar. \u0130lk yard\u0131m ve sa\u011fl\u0131k e\u011fitiminde profesyonel bir \u00e7\u00f6z\u00fcmd\u00fcr.\" \/>\n<meta name=\"robots\" content=\"index, follow, max-snippet:-1, max-image-preview:large, max-video-preview:-1\" \/>\n<link rel=\"canonical\" href=\"https:\/\/merkim.com.tr\/merkim-maket\/urun\/full-body-cpr-ve-travma-mankeni-elektronik-konsol-uniteli-acik-ten\/\" \/>\n<meta property=\"og:locale\" content=\"tr_TR\" \/>\n<meta property=\"og:type\" content=\"article\" \/>\n<meta property=\"og:title\" content=\"Full Body CPR ve Travma Mankeni (Elektronik Konsol \u00dcniteli - A\u00e7\u0131k Ten) - Merkim Maket\" \/>\n<meta property=\"og:description\" content=\"Full body CPR ve travma mankeni, elektronik konsolu sayesinde kompresyon ve ventilasyon geri bildirimi sa\u011flar. \u0130lk yard\u0131m ve sa\u011fl\u0131k e\u011fitiminde profesyonel bir \u00e7\u00f6z\u00fcmd\u00fcr.\" \/>\n<meta property=\"og:url\" content=\"https:\/\/merkim.com.tr\/merkim-maket\/urun\/full-body-cpr-ve-travma-mankeni-elektronik-konsol-uniteli-acik-ten\/\" \/>\n<meta property=\"og:site_name\" content=\"Merkim Maket\" \/>\n<meta property=\"article:modified_time\" content=\"2025-07-11T12:11:54+00:00\" \/>\n<meta property=\"og:image\" content=\"https:\/\/merkim.com.tr\/merkim-maket\/wp-content\/uploads\/2025\/07\/full-body-cpr-trauma-mankeni-elektronik-nasco.png\" \/>\n\t<meta property=\"og:image:width\" content=\"800\" \/>\n\t<meta property=\"og:image:height\" content=\"800\" \/>\n\t<meta property=\"og:image:type\" content=\"image\/png\" \/>\n<meta name=\"twitter:card\" content=\"summary_large_image\" \/>\n<meta name=\"twitter:label1\" content=\"Tahmini okuma s\u00fcresi\" \/>\n\t<meta name=\"twitter:data1\" content=\"2 dakika\" \/>\n<script type=\"application\/ld+json\" class=\"yoast-schema-graph\">{\"@context\":\"https:\/\/schema.org\",\"@graph\":[{\"@type\":\"WebPage\",\"@id\":\"https:\/\/merkim.com.tr\/merkim-maket\/urun\/full-body-cpr-ve-travma-mankeni-elektronik-konsol-uniteli-acik-ten\/\",\"url\":\"https:\/\/merkim.com.tr\/merkim-maket\/urun\/full-body-cpr-ve-travma-mankeni-elektronik-konsol-uniteli-acik-ten\/\",\"name\":\"Full Body CPR ve Travma Mankeni (Elektronik Konsol \u00dcniteli - A\u00e7\u0131k Ten) - Merkim Maket\",\"isPartOf\":{\"@id\":\"https:\/\/merkim.com.tr\/merkim-maket\/#website\"},\"primaryImageOfPage\":{\"@id\":\"https:\/\/merkim.com.tr\/merkim-maket\/urun\/full-body-cpr-ve-travma-mankeni-elektronik-konsol-uniteli-acik-ten\/#primaryimage\"},\"image\":{\"@id\":\"https:\/\/merkim.com.tr\/merkim-maket\/urun\/full-body-cpr-ve-travma-mankeni-elektronik-konsol-uniteli-acik-ten\/#primaryimage\"},\"thumbnailUrl\":\"https:\/\/merkim.com.tr\/merkim-maket\/wp-content\/uploads\/2025\/07\/full-body-cpr-trauma-mankeni-elektronik-nasco.png\",\"datePublished\":\"2025-07-11T12:11:53+00:00\",\"dateModified\":\"2025-07-11T12:11:54+00:00\",\"description\":\"Full body CPR ve travma mankeni, elektronik konsolu sayesinde kompresyon ve ventilasyon geri bildirimi sa\u011flar. \u0130lk yard\u0131m ve sa\u011fl\u0131k e\u011fitiminde profesyonel bir \u00e7\u00f6z\u00fcmd\u00fcr.\",\"breadcrumb\":{\"@id\":\"https:\/\/merkim.com.tr\/merkim-maket\/urun\/full-body-cpr-ve-travma-mankeni-elektronik-konsol-uniteli-acik-ten\/#breadcrumb\"},\"inLanguage\":\"tr\",\"potentialAction\":[{\"@type\":\"ReadAction\",\"target\":[\"https:\/\/merkim.com.tr\/merkim-maket\/urun\/full-body-cpr-ve-travma-mankeni-elektronik-konsol-uniteli-acik-ten\/\"]}]},{\"@type\":\"ImageObject\",\"inLanguage\":\"tr\",\"@id\":\"https:\/\/merkim.com.tr\/merkim-maket\/urun\/full-body-cpr-ve-travma-mankeni-elektronik-konsol-uniteli-acik-ten\/#primaryimage\",\"url\":\"https:\/\/merkim.com.tr\/merkim-maket\/wp-content\/uploads\/2025\/07\/full-body-cpr-trauma-mankeni-elektronik-nasco.png\",\"contentUrl\":\"https:\/\/merkim.com.tr\/merkim-maket\/wp-content\/uploads\/2025\/07\/full-body-cpr-trauma-mankeni-elektronik-nasco.png\",\"width\":800,\"height\":800,\"caption\":\"CPR ve travma e\u011fitimi i\u00e7in elektronik geribildirimli profesyonel manken \u2013 Nasco\"},{\"@type\":\"BreadcrumbList\",\"@id\":\"https:\/\/merkim.com.tr\/merkim-maket\/urun\/full-body-cpr-ve-travma-mankeni-elektronik-konsol-uniteli-acik-ten\/#breadcrumb\",\"itemListElement\":[{\"@type\":\"ListItem\",\"position\":1,\"name\":\"Anasayfa\",\"item\":\"https:\/\/merkim.com.tr\/merkim-maket\/\"},{\"@type\":\"ListItem\",\"position\":2,\"name\":\"Ma\u011faza\",\"item\":\"https:\/\/merkim.com.tr\/merkim-maket\/magaza\/\"},{\"@type\":\"ListItem\",\"position\":3,\"name\":\"Full Body CPR ve Travma Mankeni (Elektronik Konsol \u00dcniteli &#8211; A\u00e7\u0131k Ten)\"}]},{\"@type\":\"WebSite\",\"@id\":\"https:\/\/merkim.com.tr\/merkim-maket\/#website\",\"url\":\"https:\/\/merkim.com.tr\/merkim-maket\/\",\"name\":\"Merkim Maket\",\"description\":\"\",\"potentialAction\":[{\"@type\":\"SearchAction\",\"target\":{\"@type\":\"EntryPoint\",\"urlTemplate\":\"https:\/\/merkim.com.tr\/merkim-maket\/?s={search_term_string}\"},\"query-input\":{\"@type\":\"PropertyValueSpecification\",\"valueRequired\":true,\"valueName\":\"search_term_string\"}}],\"inLanguage\":\"tr\"}]}<\/script>\n<!-- \/ Yoast SEO plugin. -->","yoast_head_json":{"title":"Full Body CPR ve Travma Mankeni (Elektronik Konsol \u00dcniteli - A\u00e7\u0131k Ten) - Merkim Maket","description":"Full body CPR ve travma mankeni, elektronik konsolu sayesinde kompresyon ve ventilasyon geri bildirimi sa\u011flar. \u0130lk yard\u0131m ve sa\u011fl\u0131k e\u011fitiminde profesyonel bir \u00e7\u00f6z\u00fcmd\u00fcr.","robots":{"index":"index","follow":"follow","max-snippet":"max-snippet:-1","max-image-preview":"max-image-preview:large","max-video-preview":"max-video-preview:-1"},"canonical":"https:\/\/merkim.com.tr\/merkim-maket\/urun\/full-body-cpr-ve-travma-mankeni-elektronik-konsol-uniteli-acik-ten\/","og_locale":"tr_TR","og_type":"article","og_title":"Full Body CPR ve Travma Mankeni (Elektronik Konsol \u00dcniteli - A\u00e7\u0131k Ten) - Merkim Maket","og_description":"Full body CPR ve travma mankeni, elektronik konsolu sayesinde kompresyon ve ventilasyon geri bildirimi sa\u011flar. \u0130lk yard\u0131m ve sa\u011fl\u0131k e\u011fitiminde profesyonel bir \u00e7\u00f6z\u00fcmd\u00fcr.","og_url":"https:\/\/merkim.com.tr\/merkim-maket\/urun\/full-body-cpr-ve-travma-mankeni-elektronik-konsol-uniteli-acik-ten\/","og_site_name":"Merkim Maket","article_modified_time":"2025-07-11T12:11:54+00:00","og_image":[{"width":800,"height":800,"url":"https:\/\/merkim.com.tr\/merkim-maket\/wp-content\/uploads\/2025\/07\/full-body-cpr-trauma-mankeni-elektronik-nasco.png","type":"image\/png"}],"twitter_card":"summary_large_image","twitter_misc":{"Tahmini okuma s\u00fcresi":"2 dakika"},"schema":{"@context":"https:\/\/schema.org","@graph":[{"@type":"WebPage","@id":"https:\/\/merkim.com.tr\/merkim-maket\/urun\/full-body-cpr-ve-travma-mankeni-elektronik-konsol-uniteli-acik-ten\/","url":"https:\/\/merkim.com.tr\/merkim-maket\/urun\/full-body-cpr-ve-travma-mankeni-elektronik-konsol-uniteli-acik-ten\/","name":"Full Body CPR ve Travma Mankeni (Elektronik Konsol \u00dcniteli - A\u00e7\u0131k Ten) - Merkim Maket","isPartOf":{"@id":"https:\/\/merkim.com.tr\/merkim-maket\/#website"},"primaryImageOfPage":{"@id":"https:\/\/merkim.com.tr\/merkim-maket\/urun\/full-body-cpr-ve-travma-mankeni-elektronik-konsol-uniteli-acik-ten\/#primaryimage"},"image":{"@id":"https:\/\/merkim.com.tr\/merkim-maket\/urun\/full-body-cpr-ve-travma-mankeni-elektronik-konsol-uniteli-acik-ten\/#primaryimage"},"thumbnailUrl":"https:\/\/merkim.com.tr\/merkim-maket\/wp-content\/uploads\/2025\/07\/full-body-cpr-trauma-mankeni-elektronik-nasco.png","datePublished":"2025-07-11T12:11:53+00:00","dateModified":"2025-07-11T12:11:54+00:00","description":"Full body CPR ve travma mankeni, elektronik konsolu sayesinde kompresyon ve ventilasyon geri bildirimi sa\u011flar. \u0130lk yard\u0131m ve sa\u011fl\u0131k e\u011fitiminde profesyonel bir \u00e7\u00f6z\u00fcmd\u00fcr.","breadcrumb":{"@id":"https:\/\/merkim.com.tr\/merkim-maket\/urun\/full-body-cpr-ve-travma-mankeni-elektronik-konsol-uniteli-acik-ten\/#breadcrumb"},"inLanguage":"tr","potentialAction":[{"@type":"ReadAction","target":["https:\/\/merkim.com.tr\/merkim-maket\/urun\/full-body-cpr-ve-travma-mankeni-elektronik-konsol-uniteli-acik-ten\/"]}]},{"@type":"ImageObject","inLanguage":"tr","@id":"https:\/\/merkim.com.tr\/merkim-maket\/urun\/full-body-cpr-ve-travma-mankeni-elektronik-konsol-uniteli-acik-ten\/#primaryimage","url":"https:\/\/merkim.com.tr\/merkim-maket\/wp-content\/uploads\/2025\/07\/full-body-cpr-trauma-mankeni-elektronik-nasco.png","contentUrl":"https:\/\/merkim.com.tr\/merkim-maket\/wp-content\/uploads\/2025\/07\/full-body-cpr-trauma-mankeni-elektronik-nasco.png","width":800,"height":800,"caption":"CPR ve travma e\u011fitimi i\u00e7in elektronik geribildirimli profesyonel manken \u2013 Nasco"},{"@type":"BreadcrumbList","@id":"https:\/\/merkim.com.tr\/merkim-maket\/urun\/full-body-cpr-ve-travma-mankeni-elektronik-konsol-uniteli-acik-ten\/#breadcrumb","itemListElement":[{"@type":"ListItem","position":1,"name":"Anasayfa","item":"https:\/\/merkim.com.tr\/merkim-maket\/"},{"@type":"ListItem","position":2,"name":"Ma\u011faza","item":"https:\/\/merkim.com.tr\/merkim-maket\/magaza\/"},{"@type":"ListItem","position":3,"name":"Full Body CPR ve Travma Mankeni (Elektronik Konsol \u00dcniteli &#8211; A\u00e7\u0131k Ten)"}]},{"@type":"WebSite","@id":"https:\/\/merkim.com.tr\/merkim-maket\/#website","url":"https:\/\/merkim.com.tr\/merkim-maket\/","name":"Merkim Maket","description":"","potentialAction":[{"@type":"SearchAction","target":{"@type":"EntryPoint","urlTemplate":"https:\/\/merkim.com.tr\/merkim-maket\/?s={search_term_string}"},"query-input":{"@type":"PropertyValueSpecification","valueRequired":true,"valueName":"search_term_string"}}],"inLanguage":"tr"}]}},"_links":{"self":[{"href":"https:\/\/merkim.com.tr\/merkim-maket\/wp-json\/wp\/v2\/product\/558","targetHints":{"allow":["GET"]}}],"collection":[{"href":"https:\/\/merkim.com.tr\/merkim-maket\/wp-json\/wp\/v2\/product"}],"about":[{"href":"https:\/\/merkim.com.tr\/merkim-maket\/wp-json\/wp\/v2\/types\/product"}],"replies":[{"embeddable":true,"href":"https:\/\/merkim.com.tr\/merkim-maket\/wp-json\/wp\/v2\/comments?post=558"}],"wp:featuredmedia":[{"embeddable":true,"href":"https:\/\/merkim.com.tr\/merkim-maket\/wp-json\/wp\/v2\/media\/559"}],"wp:attachment":[{"href":"https:\/\/merkim.com.tr\/merkim-maket\/wp-json\/wp\/v2\/media?parent=558"}],"wp:term":[{"taxonomy":"product_brand","embeddable":true,"href":"https:\/\/merkim.com.tr\/merkim-maket\/wp-json\/wp\/v2\/product_brand?post=558"},{"taxonomy":"product_cat","embeddable":true,"href":"https:\/\/merkim.com.tr\/merkim-maket\/wp-json\/wp\/v2\/product_cat?post=558"},{"taxonomy":"product_tag","embeddable":true,"href":"https:\/\/merkim.com.tr\/merkim-maket\/wp-json\/wp\/v2\/product_tag?post=558"}],"curies":[{"name":"wp","href":"https:\/\/api.w.org\/{rel}","templated":true}]}}