{"id":548,"date":"2025-07-10T11:30:49","date_gmt":"2025-07-10T11:30:49","guid":{"rendered":"https:\/\/merkim.com.tr\/merkim-maket\/?post_type=product&#038;p=548"},"modified":"2025-07-10T11:30:50","modified_gmt":"2025-07-10T11:30:50","slug":"life-form-basic-buddy-tekli-cpr-manikeni","status":"publish","type":"product","link":"https:\/\/merkim.com.tr\/merkim-maket\/urun\/life-form-basic-buddy-tekli-cpr-manikeni\/","title":{"rendered":"Life\/form\u00ae Basic Buddy\u00ae Tekli CPR Manikeni"},"content":{"rendered":"<p dir=\"auto\"><strong>Life\/form\u00ae Basic Buddy\u00ae Tekli CPR Manikeni<\/strong> (SKU: LF03693), bireylere ve gruplara hayat kurtaran CPR tekniklerini \u00f6\u011fretmek i\u00e7in tasarlanm\u0131\u015f yenilik\u00e7i, uygun maliyetli ve son derece dayan\u0131kl\u0131 bir e\u011fitim arac\u0131d\u0131r. T\u0131bbi e\u011fitim ekipmanlar\u0131nda g\u00fcvenilir bir lider olan <strong>Nasco Healthcare<\/strong> taraf\u0131ndan \u00fcretilen bu son teknoloji maniken, uygun fiyat, ger\u00e7ek\u00e7ilik ve hijyenin e\u015fsiz bir kombinasyonunu sunarak CPR e\u011fitmenleri, sa\u011fl\u0131k e\u011fitimcileri ve e\u011fitim tesisleri i\u00e7in ideal bir se\u00e7imdir.<\/p>\n<p dir=\"auto\">Kullan\u0131m kolayl\u0131\u011f\u0131 i\u00e7in tasarlanan Basic Buddy\u00ae CPR Manikeni, hafif, ta\u015f\u0131nabilir ve kolayca monte edilebilir \u00f6zelliktedir; bu, e\u011fitmenlerin karma\u015f\u0131k kurulum veya bak\u0131m zahmetine girmeden y\u00fcksek kaliteli e\u011fitim vermelerine olanak tan\u0131r. <strong>Tek par\u00e7a, tek kullan\u0131ml\u0131k akci\u011fer\/a\u011f\u0131z koruma sistemi<\/strong>, tam hijyen sa\u011flar, da\u011f\u0131n\u0131k temizlik ihtiyac\u0131n\u0131 ortadan kald\u0131r\u0131r ve \u00f6\u011frenciler i\u00e7in g\u00fcvenli bir \u00f6\u011frenme ortam\u0131 sunar. Her \u00f6\u011frencinin kendi manikenine sahip olmas\u0131, uygulamal\u0131 pratik yapma imkan\u0131 sa\u011flar ve CPR\u2019yi do\u011fru bir \u015fekilde ger\u00e7ekle\u015ftirme konusunda g\u00fcven kazand\u0131r\u0131r.<\/p>\n<p dir=\"auto\">Maniken, <strong>anatomik olarak do\u011fru i\u015faret noktalar\u0131<\/strong> ile tasarlanm\u0131\u015ft\u0131r; \u00f6zellikle <strong>palpabl ksifoid \u00e7\u0131k\u0131nt\u0131<\/strong> sayesinde do\u011fru el yerle\u015ftirme ve s\u0131k\u0131\u015ft\u0131rma teknikleri y\u00f6nlendirilir. Hem <strong>yeti\u015fkin hem de \u00e7ocuk CPR yeteneklerini<\/strong> destekler, b\u00f6ylece farkl\u0131 ya\u015f gruplar\u0131 i\u00e7in e\u011fitimde \u00e7ok y\u00f6nl\u00fcl\u00fck sunar. Benzersiz hava yolu sistemi, <strong>ba\u015f e\u011fme\/\u00e7ene kald\u0131rma y\u00f6ntemi<\/strong> ile a\u00e7\u0131l\u0131r ve kapan\u0131r; do\u011fru ventilasyon yap\u0131ld\u0131\u011f\u0131nda <strong>g\u00f6r\u00fcn\u00fcr g\u00f6\u011f\u00fcs y\u00fckseli\u015fi<\/strong> ger\u00e7ek\u00e7i bir geri bildirim sa\u011flar.<\/p>\n<p dir=\"auto\">Yo\u011fun kullan\u0131ma dayanacak \u015fekilde \u00fcretilen Basic Buddy\u00ae, sa\u011flam, dayan\u0131kl\u0131 ve <strong>be\u015f y\u0131l garanti<\/strong> ile desteklenerek e\u011fitim programlar\u0131 i\u00e7in uzun vadeli g\u00fcvenilirlik sa\u011flar. \u0130ster k\u00fc\u00e7\u00fck bir s\u0131n\u0131f ister b\u00fcy\u00fck \u00f6l\u00e7ekli bir e\u011fitim seans\u0131 d\u00fczenliyor olun, bu maniken minimum bak\u0131m ile tutarl\u0131 performans sunar. Paket i\u00e7eri\u011finde <strong>10 adet akci\u011fer\/a\u011f\u0131z koruma torbas\u0131<\/strong>, bir <strong>yerle\u015ftirme arac\u0131<\/strong> ve detayl\u0131 bir <strong>kullan\u0131m k\u0131lavuzu<\/strong> bulunur, b\u00f6ylece e\u011fitim seanslar\u0131 sorunsuz bir \u015fekilde y\u00fcr\u00fct\u00fcl\u00fcr.<\/p>\n<h4 dir=\"auto\">Temel Avantajlar:<\/h4>\n<ul dir=\"auto\">\n<li><strong>Uygun Maliyet<\/strong>: Her \u00f6\u011frencinin kendi manikenine sahip olabilece\u011fi ekonomik fiyat.<\/li>\n<li><strong>Hijyenik<\/strong>: Tek par\u00e7a akci\u011fer\/a\u011f\u0131z koruma sistemi ile tamamen hijyenik.<\/li>\n<li><strong>Ta\u015f\u0131nabilir<\/strong>: Hafif ve kolay ta\u015f\u0131nabilir tasar\u0131m.<\/li>\n<li><strong>Ger\u00e7ek\u00e7i E\u011fitim<\/strong>: G\u00f6r\u00fcn\u00fcr g\u00f6\u011f\u00fcs y\u00fckseli\u015fi ve anatomik i\u015faret noktalar\u0131 ile ger\u00e7ek\u00e7i deneyim.<\/li>\n<li><strong>Dayan\u0131kl\u0131l\u0131k<\/strong>: Yo\u011fun kullan\u0131ma uygun, sa\u011flam yap\u0131 ve be\u015f y\u0131l garanti.<\/li>\n<li><strong>Kolay Kullan\u0131m<\/strong>: Basit montaj ve sorunsuz bak\u0131m.<\/li>\n<\/ul>\n<p dir=\"auto\"><strong>Not<\/strong>: AED e\u011fitimi i\u00e7in k\u00f6p\u00fck g\u00f6vdeli manikenler kullan\u0131ld\u0131\u011f\u0131nda, yaln\u0131zca k\u00f6p\u00fck g\u00f6vdeler i\u00e7in tasarlanm\u0131\u015f pedler kullan\u0131lmal\u0131d\u0131r.<\/p>\n","protected":false},"excerpt":{"rendered":"<p dir=\"auto\">Life\/form\u00ae Basic Buddy\u00ae Tekli CPR Manikeni, uygun maliyetli, hijyenik ve dayan\u0131kl\u0131 bir e\u011fitim arac\u0131d\u0131r. Yeti\u015fkin ve \u00e7ocuk CPR e\u011fitimleri i\u00e7in ger\u00e7ek\u00e7i \u00f6zellikler sunar. Hafif, ta\u015f\u0131nabilir ve kolay monte edilir; her \u00f6\u011frenci i\u00e7in ideal bir CPR \u00f6\u011frenme deneyimi sa\u011flar.<\/p>\n","protected":false},"featured_media":549,"comment_status":"open","ping_status":"closed","template":"","meta":[],"product_brand":[16],"product_cat":[15,1489,78],"product_tag":[1528,1525,872,1522,1529,1526,1523,27,34,1524,1527],"class_list":{"0":"post-548","1":"product","2":"type-product","3":"status-publish","4":"has-post-thumbnail","6":"product_brand-nasco-healthcare","7":"product_cat-genel","8":"product_cat-cpr-mankenleri","9":"product_cat-nasco-healthcare","10":"product_tag-cocuk-cpr","11":"product_tag-cpr-egitim-araci","12":"product_tag-cpr-egitimi","13":"product_tag-cpr-manikeni","14":"product_tag-egitim-ekipmanlari","15":"product_tag-hijyenik-maniken","16":"product_tag-life-form-basic-buddy","17":"product_tag-nasco-healthcare","18":"product_tag-saglik-egitimi","19":"product_tag-tibbi-maniken","20":"product_tag-yetiskin-cpr","22":"first","23":"instock","24":"shipping-taxable","25":"product-type-simple"},"yoast_head":"<!-- This site is optimized with the Yoast SEO plugin v25.2 - https:\/\/yoast.com\/wordpress\/plugins\/seo\/ -->\n<title>Life\/form\u00ae Basic Buddy\u00ae Tekli CPR Manikeni - Merkim Maket<\/title>\n<meta name=\"robots\" content=\"index, follow, max-snippet:-1, max-image-preview:large, max-video-preview:-1\" \/>\n<link rel=\"canonical\" href=\"https:\/\/merkim.com.tr\/merkim-maket\/urun\/life-form-basic-buddy-tekli-cpr-manikeni\/\" \/>\n<meta property=\"og:locale\" content=\"tr_TR\" \/>\n<meta property=\"og:type\" content=\"article\" \/>\n<meta property=\"og:title\" content=\"Life\/form\u00ae Basic Buddy\u00ae Tekli CPR Manikeni - Merkim Maket\" \/>\n<meta property=\"og:description\" content=\"Life\/form\u00ae Basic Buddy\u00ae Tekli CPR Manikeni, uygun maliyetli, hijyenik ve dayan\u0131kl\u0131 bir e\u011fitim arac\u0131d\u0131r. Yeti\u015fkin ve \u00e7ocuk CPR e\u011fitimleri i\u00e7in ger\u00e7ek\u00e7i \u00f6zellikler sunar. Hafif, ta\u015f\u0131nabilir ve kolay monte edilir; her \u00f6\u011frenci i\u00e7in ideal bir CPR \u00f6\u011frenme deneyimi sa\u011flar.\" \/>\n<meta property=\"og:url\" content=\"https:\/\/merkim.com.tr\/merkim-maket\/urun\/life-form-basic-buddy-tekli-cpr-manikeni\/\" \/>\n<meta property=\"og:site_name\" content=\"Merkim Maket\" \/>\n<meta property=\"article:modified_time\" content=\"2025-07-10T11:30:50+00:00\" \/>\n<meta property=\"og:image\" content=\"https:\/\/merkim.com.tr\/merkim-maket\/wp-content\/uploads\/2025\/07\/lifeform-basic-buddy-tekli-cpr-manikeni-nasco-healthcare.png\" \/>\n\t<meta property=\"og:image:width\" content=\"800\" \/>\n\t<meta property=\"og:image:height\" content=\"800\" \/>\n\t<meta property=\"og:image:type\" content=\"image\/png\" \/>\n<meta name=\"twitter:card\" content=\"summary_large_image\" \/>\n<meta name=\"twitter:label1\" content=\"Tahmini okuma s\u00fcresi\" \/>\n\t<meta name=\"twitter:data1\" content=\"3 dakika\" \/>\n<script type=\"application\/ld+json\" class=\"yoast-schema-graph\">{\"@context\":\"https:\/\/schema.org\",\"@graph\":[{\"@type\":\"WebPage\",\"@id\":\"https:\/\/merkim.com.tr\/merkim-maket\/urun\/life-form-basic-buddy-tekli-cpr-manikeni\/\",\"url\":\"https:\/\/merkim.com.tr\/merkim-maket\/urun\/life-form-basic-buddy-tekli-cpr-manikeni\/\",\"name\":\"Life\/form\u00ae Basic Buddy\u00ae Tekli CPR Manikeni - Merkim Maket\",\"isPartOf\":{\"@id\":\"https:\/\/merkim.com.tr\/merkim-maket\/#website\"},\"primaryImageOfPage\":{\"@id\":\"https:\/\/merkim.com.tr\/merkim-maket\/urun\/life-form-basic-buddy-tekli-cpr-manikeni\/#primaryimage\"},\"image\":{\"@id\":\"https:\/\/merkim.com.tr\/merkim-maket\/urun\/life-form-basic-buddy-tekli-cpr-manikeni\/#primaryimage\"},\"thumbnailUrl\":\"https:\/\/merkim.com.tr\/merkim-maket\/wp-content\/uploads\/2025\/07\/lifeform-basic-buddy-tekli-cpr-manikeni-nasco-healthcare.png\",\"datePublished\":\"2025-07-10T11:30:49+00:00\",\"dateModified\":\"2025-07-10T11:30:50+00:00\",\"breadcrumb\":{\"@id\":\"https:\/\/merkim.com.tr\/merkim-maket\/urun\/life-form-basic-buddy-tekli-cpr-manikeni\/#breadcrumb\"},\"inLanguage\":\"tr\",\"potentialAction\":[{\"@type\":\"ReadAction\",\"target\":[\"https:\/\/merkim.com.tr\/merkim-maket\/urun\/life-form-basic-buddy-tekli-cpr-manikeni\/\"]}]},{\"@type\":\"ImageObject\",\"inLanguage\":\"tr\",\"@id\":\"https:\/\/merkim.com.tr\/merkim-maket\/urun\/life-form-basic-buddy-tekli-cpr-manikeni\/#primaryimage\",\"url\":\"https:\/\/merkim.com.tr\/merkim-maket\/wp-content\/uploads\/2025\/07\/lifeform-basic-buddy-tekli-cpr-manikeni-nasco-healthcare.png\",\"contentUrl\":\"https:\/\/merkim.com.tr\/merkim-maket\/wp-content\/uploads\/2025\/07\/lifeform-basic-buddy-tekli-cpr-manikeni-nasco-healthcare.png\",\"width\":800,\"height\":800,\"caption\":\"Nasco Healthcare taraf\u0131ndan \u00fcretilen Basic Buddy CPR Manikeni ile profesyonel CPR e\u011fitimi\"},{\"@type\":\"BreadcrumbList\",\"@id\":\"https:\/\/merkim.com.tr\/merkim-maket\/urun\/life-form-basic-buddy-tekli-cpr-manikeni\/#breadcrumb\",\"itemListElement\":[{\"@type\":\"ListItem\",\"position\":1,\"name\":\"Anasayfa\",\"item\":\"https:\/\/merkim.com.tr\/merkim-maket\/\"},{\"@type\":\"ListItem\",\"position\":2,\"name\":\"Ma\u011faza\",\"item\":\"https:\/\/merkim.com.tr\/merkim-maket\/magaza\/\"},{\"@type\":\"ListItem\",\"position\":3,\"name\":\"Life\/form\u00ae Basic Buddy\u00ae Tekli CPR Manikeni\"}]},{\"@type\":\"WebSite\",\"@id\":\"https:\/\/merkim.com.tr\/merkim-maket\/#website\",\"url\":\"https:\/\/merkim.com.tr\/merkim-maket\/\",\"name\":\"Merkim Maket\",\"description\":\"\",\"potentialAction\":[{\"@type\":\"SearchAction\",\"target\":{\"@type\":\"EntryPoint\",\"urlTemplate\":\"https:\/\/merkim.com.tr\/merkim-maket\/?s={search_term_string}\"},\"query-input\":{\"@type\":\"PropertyValueSpecification\",\"valueRequired\":true,\"valueName\":\"search_term_string\"}}],\"inLanguage\":\"tr\"}]}<\/script>\n<!-- \/ Yoast SEO plugin. -->","yoast_head_json":{"title":"Life\/form\u00ae Basic Buddy\u00ae Tekli CPR Manikeni - Merkim Maket","robots":{"index":"index","follow":"follow","max-snippet":"max-snippet:-1","max-image-preview":"max-image-preview:large","max-video-preview":"max-video-preview:-1"},"canonical":"https:\/\/merkim.com.tr\/merkim-maket\/urun\/life-form-basic-buddy-tekli-cpr-manikeni\/","og_locale":"tr_TR","og_type":"article","og_title":"Life\/form\u00ae Basic Buddy\u00ae Tekli CPR Manikeni - Merkim Maket","og_description":"Life\/form\u00ae Basic Buddy\u00ae Tekli CPR Manikeni, uygun maliyetli, hijyenik ve dayan\u0131kl\u0131 bir e\u011fitim arac\u0131d\u0131r. Yeti\u015fkin ve \u00e7ocuk CPR e\u011fitimleri i\u00e7in ger\u00e7ek\u00e7i \u00f6zellikler sunar. Hafif, ta\u015f\u0131nabilir ve kolay monte edilir; her \u00f6\u011frenci i\u00e7in ideal bir CPR \u00f6\u011frenme deneyimi sa\u011flar.","og_url":"https:\/\/merkim.com.tr\/merkim-maket\/urun\/life-form-basic-buddy-tekli-cpr-manikeni\/","og_site_name":"Merkim Maket","article_modified_time":"2025-07-10T11:30:50+00:00","og_image":[{"width":800,"height":800,"url":"https:\/\/merkim.com.tr\/merkim-maket\/wp-content\/uploads\/2025\/07\/lifeform-basic-buddy-tekli-cpr-manikeni-nasco-healthcare.png","type":"image\/png"}],"twitter_card":"summary_large_image","twitter_misc":{"Tahmini okuma s\u00fcresi":"3 dakika"},"schema":{"@context":"https:\/\/schema.org","@graph":[{"@type":"WebPage","@id":"https:\/\/merkim.com.tr\/merkim-maket\/urun\/life-form-basic-buddy-tekli-cpr-manikeni\/","url":"https:\/\/merkim.com.tr\/merkim-maket\/urun\/life-form-basic-buddy-tekli-cpr-manikeni\/","name":"Life\/form\u00ae Basic Buddy\u00ae Tekli CPR Manikeni - Merkim Maket","isPartOf":{"@id":"https:\/\/merkim.com.tr\/merkim-maket\/#website"},"primaryImageOfPage":{"@id":"https:\/\/merkim.com.tr\/merkim-maket\/urun\/life-form-basic-buddy-tekli-cpr-manikeni\/#primaryimage"},"image":{"@id":"https:\/\/merkim.com.tr\/merkim-maket\/urun\/life-form-basic-buddy-tekli-cpr-manikeni\/#primaryimage"},"thumbnailUrl":"https:\/\/merkim.com.tr\/merkim-maket\/wp-content\/uploads\/2025\/07\/lifeform-basic-buddy-tekli-cpr-manikeni-nasco-healthcare.png","datePublished":"2025-07-10T11:30:49+00:00","dateModified":"2025-07-10T11:30:50+00:00","breadcrumb":{"@id":"https:\/\/merkim.com.tr\/merkim-maket\/urun\/life-form-basic-buddy-tekli-cpr-manikeni\/#breadcrumb"},"inLanguage":"tr","potentialAction":[{"@type":"ReadAction","target":["https:\/\/merkim.com.tr\/merkim-maket\/urun\/life-form-basic-buddy-tekli-cpr-manikeni\/"]}]},{"@type":"ImageObject","inLanguage":"tr","@id":"https:\/\/merkim.com.tr\/merkim-maket\/urun\/life-form-basic-buddy-tekli-cpr-manikeni\/#primaryimage","url":"https:\/\/merkim.com.tr\/merkim-maket\/wp-content\/uploads\/2025\/07\/lifeform-basic-buddy-tekli-cpr-manikeni-nasco-healthcare.png","contentUrl":"https:\/\/merkim.com.tr\/merkim-maket\/wp-content\/uploads\/2025\/07\/lifeform-basic-buddy-tekli-cpr-manikeni-nasco-healthcare.png","width":800,"height":800,"caption":"Nasco Healthcare taraf\u0131ndan \u00fcretilen Basic Buddy CPR Manikeni ile profesyonel CPR e\u011fitimi"},{"@type":"BreadcrumbList","@id":"https:\/\/merkim.com.tr\/merkim-maket\/urun\/life-form-basic-buddy-tekli-cpr-manikeni\/#breadcrumb","itemListElement":[{"@type":"ListItem","position":1,"name":"Anasayfa","item":"https:\/\/merkim.com.tr\/merkim-maket\/"},{"@type":"ListItem","position":2,"name":"Ma\u011faza","item":"https:\/\/merkim.com.tr\/merkim-maket\/magaza\/"},{"@type":"ListItem","position":3,"name":"Life\/form\u00ae Basic Buddy\u00ae Tekli CPR Manikeni"}]},{"@type":"WebSite","@id":"https:\/\/merkim.com.tr\/merkim-maket\/#website","url":"https:\/\/merkim.com.tr\/merkim-maket\/","name":"Merkim Maket","description":"","potentialAction":[{"@type":"SearchAction","target":{"@type":"EntryPoint","urlTemplate":"https:\/\/merkim.com.tr\/merkim-maket\/?s={search_term_string}"},"query-input":{"@type":"PropertyValueSpecification","valueRequired":true,"valueName":"search_term_string"}}],"inLanguage":"tr"}]}},"_links":{"self":[{"href":"https:\/\/merkim.com.tr\/merkim-maket\/wp-json\/wp\/v2\/product\/548","targetHints":{"allow":["GET"]}}],"collection":[{"href":"https:\/\/merkim.com.tr\/merkim-maket\/wp-json\/wp\/v2\/product"}],"about":[{"href":"https:\/\/merkim.com.tr\/merkim-maket\/wp-json\/wp\/v2\/types\/product"}],"replies":[{"embeddable":true,"href":"https:\/\/merkim.com.tr\/merkim-maket\/wp-json\/wp\/v2\/comments?post=548"}],"wp:featuredmedia":[{"embeddable":true,"href":"https:\/\/merkim.com.tr\/merkim-maket\/wp-json\/wp\/v2\/media\/549"}],"wp:attachment":[{"href":"https:\/\/merkim.com.tr\/merkim-maket\/wp-json\/wp\/v2\/media?parent=548"}],"wp:term":[{"taxonomy":"product_brand","embeddable":true,"href":"https:\/\/merkim.com.tr\/merkim-maket\/wp-json\/wp\/v2\/product_brand?post=548"},{"taxonomy":"product_cat","embeddable":true,"href":"https:\/\/merkim.com.tr\/merkim-maket\/wp-json\/wp\/v2\/product_cat?post=548"},{"taxonomy":"product_tag","embeddable":true,"href":"https:\/\/merkim.com.tr\/merkim-maket\/wp-json\/wp\/v2\/product_tag?post=548"}],"curies":[{"name":"wp","href":"https:\/\/api.w.org\/{rel}","templated":true}]}}