{"id":544,"date":"2025-07-10T11:07:32","date_gmt":"2025-07-10T11:07:32","guid":{"rendered":"https:\/\/merkim.com.tr\/merkim-maket\/?post_type=product&#038;p=544"},"modified":"2025-07-10T11:07:32","modified_gmt":"2025-07-10T11:07:32","slug":"baby-buddy-bebek-cpr-manikin-seti-10lu-paket-lf03722a-nasco-healthcare","status":"publish","type":"product","link":"https:\/\/merkim.com.tr\/merkim-maket\/urun\/baby-buddy-bebek-cpr-manikin-seti-10lu-paket-lf03722a-nasco-healthcare\/","title":{"rendered":"Baby Buddy\u00ae Bebek CPR Manikin Seti \u2013 10&#8217;lu Paket (LF03722A) | Nasco Healthcare"},"content":{"rendered":"<p data-start=\"400\" data-end=\"735\"><strong data-start=\"400\" data-end=\"440\">Baby Buddy\u00ae 10&#8217;lu Bebek Manikin Seti<\/strong>, bebeklerde temel ya\u015fam deste\u011fi ve CPR e\u011fitimi sunan kurumlar i\u00e7in y\u00fcksek kalite ve hijyen standartlar\u0131n\u0131 bir arada sunan ideal \u00e7\u00f6z\u00fcmd\u00fcr. <strong data-start=\"579\" data-end=\"599\">Nasco Healthcare<\/strong> g\u00fcvencesiyle \u00fcretilen bu set, CPR e\u011fitimi s\u0131ras\u0131nda hem e\u011fitmenlerin hem de kat\u0131l\u0131mc\u0131lar\u0131n do\u011fru teknikleri uygulamas\u0131n\u0131 kolayla\u015ft\u0131r\u0131r.<\/p>\n<p data-start=\"737\" data-end=\"1077\">Her bir manikin, tam v\u00fccut formuna sahiptir ve do\u011fal g\u00f6\u011f\u00fcs y\u00fckselmesi ile <strong data-start=\"811\" data-end=\"844\">ger\u00e7ek\u00e7i ventilasyon deneyimi<\/strong> sa\u011flar. <strong data-start=\"853\" data-end=\"881\">S\u00f6k\u00fclebilir g\u00f6\u011f\u00fcs yap\u0131s\u0131<\/strong>, a\u011f\u0131z\/akci\u011fer torbas\u0131n\u0131n kolay ve hijyenik \u015fekilde yerle\u015ftirilmesini m\u00fcmk\u00fcn k\u0131lar. \u00dcr\u00fcnde kullan\u0131lan <strong data-start=\"983\" data-end=\"1033\">tek par\u00e7a hijyenik akci\u011fer-a\u011f\u0131z koruma sistemi<\/strong>, toplu e\u011fitimlerde g\u00fcvenli kullan\u0131m sa\u011flar.<\/p>\n<p data-start=\"1079\" data-end=\"1353\">10\u2019lu set ile birlikte gelen sa\u011flam ta\u015f\u0131ma \u00e7antalar\u0131 sayesinde manikinler e\u011fitim alan\u0131na rahat\u00e7a ta\u015f\u0131nabilir. E\u011fitim kurumlar\u0131, sa\u011fl\u0131k okullar\u0131, ilk yard\u0131m e\u011fitmenleri ve afet e\u011fitimi birimleri i\u00e7in <strong data-start=\"1278\" data-end=\"1293\">uzun \u00f6m\u00fcrl\u00fc<\/strong>, <strong data-start=\"1295\" data-end=\"1316\">be\u015f y\u0131l garantili<\/strong> ve <strong data-start=\"1320\" data-end=\"1339\">kullan\u0131c\u0131 dostu<\/strong> bir \u00e7\u00f6z\u00fcmd\u00fcr.<\/p>\n<p data-start=\"1355\" data-end=\"1376\"><strong data-start=\"1355\" data-end=\"1376\">\u00dcr\u00fcn \u00d6zellikleri:<\/strong><\/p>\n<ul data-start=\"1377\" data-end=\"1725\">\n<li data-start=\"1377\" data-end=\"1415\">\n<p data-start=\"1379\" data-end=\"1415\">10 adet tam v\u00fccut bebek CPR manikini<\/p>\n<\/li>\n<li data-start=\"1416\" data-end=\"1481\">\n<p data-start=\"1418\" data-end=\"1481\">G\u00f6rsel g\u00f6\u011f\u00fcs y\u00fckselmesi ile ger\u00e7ek\u00e7i ventilasyon geri bildirimi<\/p>\n<\/li>\n<li data-start=\"1482\" data-end=\"1552\">\n<p data-start=\"1484\" data-end=\"1552\">S\u00f6k\u00fclebilir g\u00f6\u011f\u00fcs paneli sayesinde kolay akci\u011fer torbas\u0131 yerle\u015ftirme<\/p>\n<\/li>\n<li data-start=\"1553\" data-end=\"1594\">\n<p data-start=\"1555\" data-end=\"1594\">Tek par\u00e7a hijyenik akci\u011fer-a\u011f\u0131z sistemi<\/p>\n<\/li>\n<li data-start=\"1595\" data-end=\"1653\">\n<p data-start=\"1597\" data-end=\"1653\">2 adet dayan\u0131kl\u0131 ta\u015f\u0131ma \u00e7antas\u0131 (5\u2019erli gruplar halinde)<\/p>\n<\/li>\n<li data-start=\"1654\" data-end=\"1679\">\n<p data-start=\"1656\" data-end=\"1679\">5 y\u0131l \u00fcretici garantisi<\/p>\n<\/li>\n<li data-start=\"1680\" data-end=\"1725\">\n<p data-start=\"1682\" data-end=\"1725\">Yo\u011fun e\u011fitimlerde dahi uzun \u00f6m\u00fcrl\u00fc kullan\u0131m<\/p>\n<\/li>\n<\/ul>\n<p data-start=\"1727\" data-end=\"1747\"><strong data-start=\"1727\" data-end=\"1747\">Teknik Bilgiler:<\/strong><\/p>\n<ul data-start=\"1748\" data-end=\"1870\">\n<li data-start=\"1748\" data-end=\"1798\">\n<p data-start=\"1750\" data-end=\"1798\"><strong data-start=\"1750\" data-end=\"1780\">Boyutlar (her \u00e7anta i\u00e7in):<\/strong> 36 x 20 x 7 in\u00e7<\/p>\n<\/li>\n<li data-start=\"1799\" data-end=\"1870\">\n<p data-start=\"1801\" data-end=\"1870\"><strong data-start=\"1801\" data-end=\"1820\">Toplam A\u011f\u0131rl\u0131k:<\/strong> E\u011fitim \u00e7antalar\u0131 ile birlikte yakla\u015f\u0131k 12-14 kg<\/p>\n<\/li>\n<\/ul>\n<p data-start=\"1872\" data-end=\"1894\"><strong data-start=\"1872\" data-end=\"1894\">Kullan\u0131m Alanlar\u0131:<\/strong><\/p>\n<ul data-start=\"1895\" data-end=\"2056\">\n<li data-start=\"1895\" data-end=\"1938\">\n<p data-start=\"1897\" data-end=\"1938\">Sa\u011fl\u0131k Meslek Liseleri ve \u00dcniversiteler<\/p>\n<\/li>\n<li data-start=\"1939\" data-end=\"1977\">\n<p data-start=\"1941\" data-end=\"1977\">\u0130lk Yard\u0131m ve CPR E\u011fitim Kurumlar\u0131<\/p>\n<\/li>\n<li data-start=\"1978\" data-end=\"2012\">\n<p data-start=\"1980\" data-end=\"2012\">Hastane i\u00e7i e\u011fitim programlar\u0131<\/p>\n<\/li>\n<li data-start=\"2013\" data-end=\"2056\">\n<p data-start=\"2015\" data-end=\"2056\">Sivil Savunma ve Afet E\u011fitim Merkezleri<\/p>\n<\/li>\n<\/ul>\n","protected":false},"excerpt":{"rendered":"<p data-start=\"2097\" data-end=\"2241\">Baby Buddy\u00ae 10\u2019lu CPR bebek manikin seti, ger\u00e7ek\u00e7i g\u00f6\u011f\u00fcs y\u00fckselmesi ve hijyenik kullan\u0131m sunar. E\u011fitim kurumlar\u0131 i\u00e7in ideal toplu e\u011fitim \u00e7\u00f6z\u00fcm\u00fc.<\/p>\n","protected":false},"featured_media":545,"comment_status":"open","ping_status":"closed","template":"","meta":[],"product_brand":[16],"product_cat":[15,1489,78],"product_tag":[],"class_list":{"0":"post-544","1":"product","2":"type-product","3":"status-publish","4":"has-post-thumbnail","6":"product_brand-nasco-healthcare","7":"product_cat-genel","8":"product_cat-cpr-mankenleri","9":"product_cat-nasco-healthcare","11":"first","12":"instock","13":"shipping-taxable","14":"product-type-simple"},"yoast_head":"<!-- This site is optimized with the Yoast SEO plugin v25.2 - https:\/\/yoast.com\/wordpress\/plugins\/seo\/ -->\n<title>Baby Buddy\u00ae Bebek CPR Manikin Seti \u2013 10&#039;lu Paket (LF03722A) | Nasco Healthcare - Merkim Maket<\/title>\n<meta name=\"description\" content=\"Baby Buddy\u00ae 10\u2019lu CPR bebek manikin seti, hijyenik yap\u0131s\u0131, ger\u00e7ek\u00e7i g\u00f6\u011f\u00fcs hareketi ve kolay ta\u015f\u0131nabilirli\u011fi ile profesyonel CPR e\u011fitimleri i\u00e7in ideal \u00e7\u00f6z\u00fcmd\u00fcr.\" \/>\n<meta name=\"robots\" content=\"index, follow, max-snippet:-1, max-image-preview:large, max-video-preview:-1\" \/>\n<link rel=\"canonical\" href=\"https:\/\/merkim.com.tr\/merkim-maket\/urun\/baby-buddy-bebek-cpr-manikin-seti-10lu-paket-lf03722a-nasco-healthcare\/\" \/>\n<meta property=\"og:locale\" content=\"tr_TR\" \/>\n<meta property=\"og:type\" content=\"article\" \/>\n<meta property=\"og:title\" content=\"Baby Buddy\u00ae Bebek CPR Manikin Seti \u2013 10&#039;lu Paket (LF03722A) | Nasco Healthcare - Merkim Maket\" \/>\n<meta property=\"og:description\" content=\"Baby Buddy\u00ae 10\u2019lu CPR bebek manikin seti, hijyenik yap\u0131s\u0131, ger\u00e7ek\u00e7i g\u00f6\u011f\u00fcs hareketi ve kolay ta\u015f\u0131nabilirli\u011fi ile profesyonel CPR e\u011fitimleri i\u00e7in ideal \u00e7\u00f6z\u00fcmd\u00fcr.\" \/>\n<meta property=\"og:url\" content=\"https:\/\/merkim.com.tr\/merkim-maket\/urun\/baby-buddy-bebek-cpr-manikin-seti-10lu-paket-lf03722a-nasco-healthcare\/\" \/>\n<meta property=\"og:site_name\" content=\"Merkim Maket\" \/>\n<meta property=\"og:image\" content=\"https:\/\/merkim.com.tr\/merkim-maket\/wp-content\/uploads\/2025\/07\/baby-buddy-10lu-bebek-cpr-manikin-nasco.png\" \/>\n\t<meta property=\"og:image:width\" content=\"800\" \/>\n\t<meta property=\"og:image:height\" content=\"800\" \/>\n\t<meta property=\"og:image:type\" content=\"image\/png\" \/>\n<meta name=\"twitter:card\" content=\"summary_large_image\" \/>\n<meta name=\"twitter:label1\" content=\"Tahmini okuma s\u00fcresi\" \/>\n\t<meta name=\"twitter:data1\" content=\"2 dakika\" \/>\n<script type=\"application\/ld+json\" class=\"yoast-schema-graph\">{\"@context\":\"https:\/\/schema.org\",\"@graph\":[{\"@type\":\"WebPage\",\"@id\":\"https:\/\/merkim.com.tr\/merkim-maket\/urun\/baby-buddy-bebek-cpr-manikin-seti-10lu-paket-lf03722a-nasco-healthcare\/\",\"url\":\"https:\/\/merkim.com.tr\/merkim-maket\/urun\/baby-buddy-bebek-cpr-manikin-seti-10lu-paket-lf03722a-nasco-healthcare\/\",\"name\":\"Baby Buddy\u00ae Bebek CPR Manikin Seti \u2013 10'lu Paket (LF03722A) | Nasco Healthcare - Merkim Maket\",\"isPartOf\":{\"@id\":\"https:\/\/merkim.com.tr\/merkim-maket\/#website\"},\"primaryImageOfPage\":{\"@id\":\"https:\/\/merkim.com.tr\/merkim-maket\/urun\/baby-buddy-bebek-cpr-manikin-seti-10lu-paket-lf03722a-nasco-healthcare\/#primaryimage\"},\"image\":{\"@id\":\"https:\/\/merkim.com.tr\/merkim-maket\/urun\/baby-buddy-bebek-cpr-manikin-seti-10lu-paket-lf03722a-nasco-healthcare\/#primaryimage\"},\"thumbnailUrl\":\"https:\/\/merkim.com.tr\/merkim-maket\/wp-content\/uploads\/2025\/07\/baby-buddy-10lu-bebek-cpr-manikin-nasco.png\",\"datePublished\":\"2025-07-10T11:07:32+00:00\",\"description\":\"Baby Buddy\u00ae 10\u2019lu CPR bebek manikin seti, hijyenik yap\u0131s\u0131, ger\u00e7ek\u00e7i g\u00f6\u011f\u00fcs hareketi ve kolay ta\u015f\u0131nabilirli\u011fi ile profesyonel CPR e\u011fitimleri i\u00e7in ideal \u00e7\u00f6z\u00fcmd\u00fcr.\",\"breadcrumb\":{\"@id\":\"https:\/\/merkim.com.tr\/merkim-maket\/urun\/baby-buddy-bebek-cpr-manikin-seti-10lu-paket-lf03722a-nasco-healthcare\/#breadcrumb\"},\"inLanguage\":\"tr\",\"potentialAction\":[{\"@type\":\"ReadAction\",\"target\":[\"https:\/\/merkim.com.tr\/merkim-maket\/urun\/baby-buddy-bebek-cpr-manikin-seti-10lu-paket-lf03722a-nasco-healthcare\/\"]}]},{\"@type\":\"ImageObject\",\"inLanguage\":\"tr\",\"@id\":\"https:\/\/merkim.com.tr\/merkim-maket\/urun\/baby-buddy-bebek-cpr-manikin-seti-10lu-paket-lf03722a-nasco-healthcare\/#primaryimage\",\"url\":\"https:\/\/merkim.com.tr\/merkim-maket\/wp-content\/uploads\/2025\/07\/baby-buddy-10lu-bebek-cpr-manikin-nasco.png\",\"contentUrl\":\"https:\/\/merkim.com.tr\/merkim-maket\/wp-content\/uploads\/2025\/07\/baby-buddy-10lu-bebek-cpr-manikin-nasco.png\",\"width\":800,\"height\":800,\"caption\":\"Baby Buddy tam v\u00fccut CPR manikinleri \u2013 10\u2019lu e\u011fitim seti\"},{\"@type\":\"BreadcrumbList\",\"@id\":\"https:\/\/merkim.com.tr\/merkim-maket\/urun\/baby-buddy-bebek-cpr-manikin-seti-10lu-paket-lf03722a-nasco-healthcare\/#breadcrumb\",\"itemListElement\":[{\"@type\":\"ListItem\",\"position\":1,\"name\":\"Anasayfa\",\"item\":\"https:\/\/merkim.com.tr\/merkim-maket\/\"},{\"@type\":\"ListItem\",\"position\":2,\"name\":\"Ma\u011faza\",\"item\":\"https:\/\/merkim.com.tr\/merkim-maket\/magaza\/\"},{\"@type\":\"ListItem\",\"position\":3,\"name\":\"Baby Buddy\u00ae Bebek CPR Manikin Seti \u2013 10&#8217;lu Paket (LF03722A) | Nasco Healthcare\"}]},{\"@type\":\"WebSite\",\"@id\":\"https:\/\/merkim.com.tr\/merkim-maket\/#website\",\"url\":\"https:\/\/merkim.com.tr\/merkim-maket\/\",\"name\":\"Merkim Maket\",\"description\":\"\",\"potentialAction\":[{\"@type\":\"SearchAction\",\"target\":{\"@type\":\"EntryPoint\",\"urlTemplate\":\"https:\/\/merkim.com.tr\/merkim-maket\/?s={search_term_string}\"},\"query-input\":{\"@type\":\"PropertyValueSpecification\",\"valueRequired\":true,\"valueName\":\"search_term_string\"}}],\"inLanguage\":\"tr\"}]}<\/script>\n<!-- \/ Yoast SEO plugin. -->","yoast_head_json":{"title":"Baby Buddy\u00ae Bebek CPR Manikin Seti \u2013 10'lu Paket (LF03722A) | Nasco Healthcare - Merkim Maket","description":"Baby Buddy\u00ae 10\u2019lu CPR bebek manikin seti, hijyenik yap\u0131s\u0131, ger\u00e7ek\u00e7i g\u00f6\u011f\u00fcs hareketi ve kolay ta\u015f\u0131nabilirli\u011fi ile profesyonel CPR e\u011fitimleri i\u00e7in ideal \u00e7\u00f6z\u00fcmd\u00fcr.","robots":{"index":"index","follow":"follow","max-snippet":"max-snippet:-1","max-image-preview":"max-image-preview:large","max-video-preview":"max-video-preview:-1"},"canonical":"https:\/\/merkim.com.tr\/merkim-maket\/urun\/baby-buddy-bebek-cpr-manikin-seti-10lu-paket-lf03722a-nasco-healthcare\/","og_locale":"tr_TR","og_type":"article","og_title":"Baby Buddy\u00ae Bebek CPR Manikin Seti \u2013 10'lu Paket (LF03722A) | Nasco Healthcare - Merkim Maket","og_description":"Baby Buddy\u00ae 10\u2019lu CPR bebek manikin seti, hijyenik yap\u0131s\u0131, ger\u00e7ek\u00e7i g\u00f6\u011f\u00fcs hareketi ve kolay ta\u015f\u0131nabilirli\u011fi ile profesyonel CPR e\u011fitimleri i\u00e7in ideal \u00e7\u00f6z\u00fcmd\u00fcr.","og_url":"https:\/\/merkim.com.tr\/merkim-maket\/urun\/baby-buddy-bebek-cpr-manikin-seti-10lu-paket-lf03722a-nasco-healthcare\/","og_site_name":"Merkim Maket","og_image":[{"width":800,"height":800,"url":"https:\/\/merkim.com.tr\/merkim-maket\/wp-content\/uploads\/2025\/07\/baby-buddy-10lu-bebek-cpr-manikin-nasco.png","type":"image\/png"}],"twitter_card":"summary_large_image","twitter_misc":{"Tahmini okuma s\u00fcresi":"2 dakika"},"schema":{"@context":"https:\/\/schema.org","@graph":[{"@type":"WebPage","@id":"https:\/\/merkim.com.tr\/merkim-maket\/urun\/baby-buddy-bebek-cpr-manikin-seti-10lu-paket-lf03722a-nasco-healthcare\/","url":"https:\/\/merkim.com.tr\/merkim-maket\/urun\/baby-buddy-bebek-cpr-manikin-seti-10lu-paket-lf03722a-nasco-healthcare\/","name":"Baby Buddy\u00ae Bebek CPR Manikin Seti \u2013 10'lu Paket (LF03722A) | Nasco Healthcare - Merkim Maket","isPartOf":{"@id":"https:\/\/merkim.com.tr\/merkim-maket\/#website"},"primaryImageOfPage":{"@id":"https:\/\/merkim.com.tr\/merkim-maket\/urun\/baby-buddy-bebek-cpr-manikin-seti-10lu-paket-lf03722a-nasco-healthcare\/#primaryimage"},"image":{"@id":"https:\/\/merkim.com.tr\/merkim-maket\/urun\/baby-buddy-bebek-cpr-manikin-seti-10lu-paket-lf03722a-nasco-healthcare\/#primaryimage"},"thumbnailUrl":"https:\/\/merkim.com.tr\/merkim-maket\/wp-content\/uploads\/2025\/07\/baby-buddy-10lu-bebek-cpr-manikin-nasco.png","datePublished":"2025-07-10T11:07:32+00:00","description":"Baby Buddy\u00ae 10\u2019lu CPR bebek manikin seti, hijyenik yap\u0131s\u0131, ger\u00e7ek\u00e7i g\u00f6\u011f\u00fcs hareketi ve kolay ta\u015f\u0131nabilirli\u011fi ile profesyonel CPR e\u011fitimleri i\u00e7in ideal \u00e7\u00f6z\u00fcmd\u00fcr.","breadcrumb":{"@id":"https:\/\/merkim.com.tr\/merkim-maket\/urun\/baby-buddy-bebek-cpr-manikin-seti-10lu-paket-lf03722a-nasco-healthcare\/#breadcrumb"},"inLanguage":"tr","potentialAction":[{"@type":"ReadAction","target":["https:\/\/merkim.com.tr\/merkim-maket\/urun\/baby-buddy-bebek-cpr-manikin-seti-10lu-paket-lf03722a-nasco-healthcare\/"]}]},{"@type":"ImageObject","inLanguage":"tr","@id":"https:\/\/merkim.com.tr\/merkim-maket\/urun\/baby-buddy-bebek-cpr-manikin-seti-10lu-paket-lf03722a-nasco-healthcare\/#primaryimage","url":"https:\/\/merkim.com.tr\/merkim-maket\/wp-content\/uploads\/2025\/07\/baby-buddy-10lu-bebek-cpr-manikin-nasco.png","contentUrl":"https:\/\/merkim.com.tr\/merkim-maket\/wp-content\/uploads\/2025\/07\/baby-buddy-10lu-bebek-cpr-manikin-nasco.png","width":800,"height":800,"caption":"Baby Buddy tam v\u00fccut CPR manikinleri \u2013 10\u2019lu e\u011fitim seti"},{"@type":"BreadcrumbList","@id":"https:\/\/merkim.com.tr\/merkim-maket\/urun\/baby-buddy-bebek-cpr-manikin-seti-10lu-paket-lf03722a-nasco-healthcare\/#breadcrumb","itemListElement":[{"@type":"ListItem","position":1,"name":"Anasayfa","item":"https:\/\/merkim.com.tr\/merkim-maket\/"},{"@type":"ListItem","position":2,"name":"Ma\u011faza","item":"https:\/\/merkim.com.tr\/merkim-maket\/magaza\/"},{"@type":"ListItem","position":3,"name":"Baby Buddy\u00ae Bebek CPR Manikin Seti \u2013 10&#8217;lu Paket (LF03722A) | Nasco Healthcare"}]},{"@type":"WebSite","@id":"https:\/\/merkim.com.tr\/merkim-maket\/#website","url":"https:\/\/merkim.com.tr\/merkim-maket\/","name":"Merkim Maket","description":"","potentialAction":[{"@type":"SearchAction","target":{"@type":"EntryPoint","urlTemplate":"https:\/\/merkim.com.tr\/merkim-maket\/?s={search_term_string}"},"query-input":{"@type":"PropertyValueSpecification","valueRequired":true,"valueName":"search_term_string"}}],"inLanguage":"tr"}]}},"_links":{"self":[{"href":"https:\/\/merkim.com.tr\/merkim-maket\/wp-json\/wp\/v2\/product\/544","targetHints":{"allow":["GET"]}}],"collection":[{"href":"https:\/\/merkim.com.tr\/merkim-maket\/wp-json\/wp\/v2\/product"}],"about":[{"href":"https:\/\/merkim.com.tr\/merkim-maket\/wp-json\/wp\/v2\/types\/product"}],"replies":[{"embeddable":true,"href":"https:\/\/merkim.com.tr\/merkim-maket\/wp-json\/wp\/v2\/comments?post=544"}],"wp:featuredmedia":[{"embeddable":true,"href":"https:\/\/merkim.com.tr\/merkim-maket\/wp-json\/wp\/v2\/media\/545"}],"wp:attachment":[{"href":"https:\/\/merkim.com.tr\/merkim-maket\/wp-json\/wp\/v2\/media?parent=544"}],"wp:term":[{"taxonomy":"product_brand","embeddable":true,"href":"https:\/\/merkim.com.tr\/merkim-maket\/wp-json\/wp\/v2\/product_brand?post=544"},{"taxonomy":"product_cat","embeddable":true,"href":"https:\/\/merkim.com.tr\/merkim-maket\/wp-json\/wp\/v2\/product_cat?post=544"},{"taxonomy":"product_tag","embeddable":true,"href":"https:\/\/merkim.com.tr\/merkim-maket\/wp-json\/wp\/v2\/product_tag?post=544"}],"curies":[{"name":"wp","href":"https:\/\/api.w.org\/{rel}","templated":true}]}}