{"id":542,"date":"2025-07-10T09:49:28","date_gmt":"2025-07-10T09:49:28","guid":{"rendered":"https:\/\/merkim.com.tr\/merkim-maket\/?post_type=product&#038;p=542"},"modified":"2025-07-10T09:49:28","modified_gmt":"2025-07-10T09:49:28","slug":"prestan-profesyonel-bebek-cpr-manikini-geri-bildirimli-orta-ten-renkli-pr00021m","status":"publish","type":"product","link":"https:\/\/merkim.com.tr\/merkim-maket\/urun\/prestan-profesyonel-bebek-cpr-manikini-geri-bildirimli-orta-ten-renkli-pr00021m\/","title":{"rendered":"Prestan Profesyonel Bebek CPR Manikini \u2013 Geri Bildirimli (Orta Ten Renkli) [PR00021M]"},"content":{"rendered":"<p data-start=\"406\" data-end=\"851\"><strong data-start=\"406\" data-end=\"444\">Prestan Profesyonel Bebek Manikini<\/strong>, CPR e\u011fitimi veren sa\u011fl\u0131k profesyonelleri, e\u011fitim kurumlar\u0131 ve ilk yard\u0131m e\u011fitmenleri i\u00e7in \u00f6zel olarak tasarlanm\u0131\u015f, y\u00fcksek kaliteli ve ger\u00e7ek\u00e7ili\u011fi \u00f6n planda tutan bir e\u011fitim mankenidir. Ger\u00e7ek bebek g\u00f6r\u00fcn\u00fcm\u00fcne sahip bu manikin; <strong data-start=\"674\" data-end=\"708\">\u015fekillendirilmi\u015f v\u00fccut hatlar\u0131<\/strong>, <strong data-start=\"710\" data-end=\"730\">do\u011fal cilt hissi<\/strong> ve <strong data-start=\"734\" data-end=\"758\">hareketli ba\u015f yap\u0131s\u0131<\/strong> ile son derece etkileyicidir. Bebeklerin anatomi ve hareketlerini do\u011fru \u015fekilde temsil eder.<\/p>\n<p data-start=\"853\" data-end=\"1214\">Bu manikin, <strong data-start=\"865\" data-end=\"953\">Prestan\u2019in yeti\u015fkin ve \u00e7ocuk modellerinde bulunan geli\u015fmi\u015f CPR geri bildirim sistemi<\/strong> ile donat\u0131lm\u0131\u015ft\u0131r. Bu sistem sayesinde e\u011fitmenler, g\u00f6\u011f\u00fcs bas\u0131lar\u0131n\u0131n <strong data-start=\"1023\" data-end=\"1050\">do\u011fru derinlik ve h\u0131zda<\/strong> yap\u0131l\u0131p yap\u0131lmad\u0131\u011f\u0131n\u0131 anl\u0131k olarak g\u00f6zlemleyebilirler. Ayr\u0131ca, <strong data-start=\"1114\" data-end=\"1149\">Amerikan Kalp Derne\u011fi\u2019nin (AHA)<\/strong> en g\u00fcncel <strong data-start=\"1160\" data-end=\"1198\">Entegre Geri Bildirim Y\u00f6nergesi\u2019ne<\/strong> %100 uyumludur.<\/p>\n<p data-start=\"1216\" data-end=\"1237\"><strong data-start=\"1216\" data-end=\"1237\">\u00dcr\u00fcn \u00d6zellikleri:<\/strong><\/p>\n<ul data-start=\"1238\" data-end=\"1626\">\n<li data-start=\"1238\" data-end=\"1300\">\n<p data-start=\"1240\" data-end=\"1300\">CPR s\u0131ras\u0131nda ger\u00e7ek zamanl\u0131 g\u00f6rsel ve i\u015fitsel geri bildirim<\/p>\n<\/li>\n<li data-start=\"1301\" data-end=\"1342\">\n<p data-start=\"1303\" data-end=\"1342\">Orta ten rengine sahip ger\u00e7ek\u00e7i tasar\u0131m<\/p>\n<\/li>\n<li data-start=\"1343\" data-end=\"1404\">\n<p data-start=\"1345\" data-end=\"1404\">Bebek ba\u015f\u0131n\u0131n do\u011fal hareketini sim\u00fcle eden esnek ba\u015f yap\u0131s\u0131<\/p>\n<\/li>\n<li data-start=\"1405\" data-end=\"1481\">\n<p data-start=\"1407\" data-end=\"1481\">Y\u00fcz e\u011fme (head tilt) \u00f6zelli\u011fi ile hava yolunu a\u00e7ma e\u011fitimi i\u00e7in uygun yap\u0131<\/p>\n<\/li>\n<li data-start=\"1482\" data-end=\"1540\">\n<p data-start=\"1484\" data-end=\"1540\">10 adet y\u00fcz siperi\/akci\u011fer torbas\u0131 ile hijyenik kullan\u0131m<\/p>\n<\/li>\n<li data-start=\"1541\" data-end=\"1597\">\n<p data-start=\"1543\" data-end=\"1597\">Dayan\u0131kl\u0131 ta\u015f\u0131ma \u00e7antas\u0131 ve kullan\u0131m k\u0131lavuzu d\u00e2hildir<\/p>\n<\/li>\n<li data-start=\"1598\" data-end=\"1626\">\n<p data-start=\"1600\" data-end=\"1626\">ABD \u00fcretimi, 3 y\u0131l garanti<\/p>\n<\/li>\n<\/ul>\n<p data-start=\"1628\" data-end=\"1695\"><strong data-start=\"1628\" data-end=\"1641\">Boyutlar:<\/strong> 22 x 6.5 x 9 in\u00e7<br data-start=\"1658\" data-end=\"1661\" \/><strong data-start=\"1661\" data-end=\"1680\">Kargo A\u011f\u0131rl\u0131\u011f\u0131:<\/strong> 2.7 kg (6 lbs)<\/p>\n<p data-start=\"1697\" data-end=\"1714\"><strong data-start=\"1697\" data-end=\"1714\">Kutu \u0130\u00e7eri\u011fi:<\/strong><\/p>\n<ul data-start=\"1715\" data-end=\"1825\">\n<li data-start=\"1715\" data-end=\"1747\">\n<p data-start=\"1717\" data-end=\"1747\">1 Adet Prestan bebek manikin<\/p>\n<\/li>\n<li data-start=\"1748\" data-end=\"1786\">\n<p data-start=\"1750\" data-end=\"1786\">10 adet y\u00fcz siperi\/akci\u011fer torbas\u0131<\/p>\n<\/li>\n<li data-start=\"1787\" data-end=\"1805\">\n<p data-start=\"1789\" data-end=\"1805\">Ta\u015f\u0131ma \u00e7antas\u0131<\/p>\n<\/li>\n<li data-start=\"1806\" data-end=\"1825\">\n<p data-start=\"1808\" data-end=\"1825\">Kullan\u0131m k\u0131lavuzu<\/p>\n<\/li>\n<\/ul>\n<p data-start=\"1827\" data-end=\"1849\"><strong data-start=\"1827\" data-end=\"1849\">Kullan\u0131m Alanlar\u0131:<\/strong><\/p>\n<ul data-start=\"1850\" data-end=\"2021\">\n<li data-start=\"1850\" data-end=\"1894\">\n<p data-start=\"1852\" data-end=\"1894\">Sa\u011fl\u0131k meslek liseleri ve \u00fcniversiteleri<\/p>\n<\/li>\n<li data-start=\"1895\" data-end=\"1948\">\n<p data-start=\"1897\" data-end=\"1948\">Acil t\u0131p teknisyeni (ATT) ve paramedik e\u011fitimleri<\/p>\n<\/li>\n<li data-start=\"1949\" data-end=\"1987\">\n<p data-start=\"1951\" data-end=\"1987\">\u0130lk yard\u0131m kurslar\u0131 ve seminerleri<\/p>\n<\/li>\n<li data-start=\"1988\" data-end=\"2021\">\n<p data-start=\"1990\" data-end=\"2021\">Kurumsal CPR e\u011fitim programlar\u0131<\/p>\n<\/li>\n<\/ul>\n","protected":false},"excerpt":{"rendered":"<p>Ger\u00e7ek\u00e7i tasar\u0131ma ve CPR geri bildirim sistemine sahip Prestan bebek manikini. AHA uyumlu, e\u011fitim i\u00e7in profesyonel d\u00fczeyde performans sunar.<\/p>\n","protected":false},"featured_media":543,"comment_status":"open","ping_status":"closed","template":"","meta":[],"product_brand":[16],"product_cat":[15,1489,78],"product_tag":[1501,1507,1510,1506,1479,1509,1508,1505,1511,195],"class_list":{"0":"post-542","1":"product","2":"type-product","3":"status-publish","4":"has-post-thumbnail","6":"product_brand-nasco-healthcare","7":"product_cat-genel","8":"product_cat-cpr-mankenleri","9":"product_cat-nasco-healthcare","10":"product_tag-aha-uyumlu-cpr","11":"product_tag-bebek-cpr-egitimi","12":"product_tag-bebek-ilk-yardim-mankeni","13":"product_tag-cpr-bebek-mankini","14":"product_tag-cpr-egitim-mankeni","15":"product_tag-geri-bildirimli-manikin","16":"product_tag-prestan-bebek-manikin","17":"product_tag-prestan-turkiye","18":"product_tag-profesyonel-cpr-mankeni","19":"product_tag-saglik-egitimi-ekipmani","21":"first","22":"instock","23":"shipping-taxable","24":"product-type-simple"},"yoast_head":"<!-- This site is optimized with the Yoast SEO plugin v25.2 - https:\/\/yoast.com\/wordpress\/plugins\/seo\/ -->\n<title>Prestan Profesyonel Bebek CPR Manikini \u2013 Geri Bildirimli (Orta Ten Renkli) [PR00021M] - Merkim Maket<\/title>\n<meta name=\"description\" content=\"Prestan profesyonel bebek CPR mankini; ger\u00e7ek\u00e7i tasar\u0131m\u0131, geri bildirim sistemi ve AHA standartlar\u0131na uyumu sayesinde e\u011fitimlerde g\u00fcvenli ve etkili kullan\u0131m sa\u011flar.\" \/>\n<meta name=\"robots\" content=\"index, follow, max-snippet:-1, max-image-preview:large, max-video-preview:-1\" \/>\n<link rel=\"canonical\" href=\"https:\/\/merkim.com.tr\/merkim-maket\/urun\/prestan-profesyonel-bebek-cpr-manikini-geri-bildirimli-orta-ten-renkli-pr00021m\/\" \/>\n<meta property=\"og:locale\" content=\"tr_TR\" \/>\n<meta property=\"og:type\" content=\"article\" \/>\n<meta property=\"og:title\" content=\"Prestan Profesyonel Bebek CPR Manikini \u2013 Geri Bildirimli (Orta Ten Renkli) [PR00021M] - Merkim Maket\" \/>\n<meta property=\"og:description\" content=\"Prestan profesyonel bebek CPR mankini; ger\u00e7ek\u00e7i tasar\u0131m\u0131, geri bildirim sistemi ve AHA standartlar\u0131na uyumu sayesinde e\u011fitimlerde g\u00fcvenli ve etkili kullan\u0131m sa\u011flar.\" \/>\n<meta property=\"og:url\" content=\"https:\/\/merkim.com.tr\/merkim-maket\/urun\/prestan-profesyonel-bebek-cpr-manikini-geri-bildirimli-orta-ten-renkli-pr00021m\/\" \/>\n<meta property=\"og:site_name\" content=\"Merkim Maket\" \/>\n<meta property=\"og:image\" content=\"https:\/\/merkim.com.tr\/merkim-maket\/wp-content\/uploads\/2025\/07\/prestan-bebek-cpr-manikin-egitim-prestan.png\" \/>\n\t<meta property=\"og:image:width\" content=\"800\" \/>\n\t<meta property=\"og:image:height\" content=\"800\" \/>\n\t<meta property=\"og:image:type\" content=\"image\/png\" \/>\n<meta name=\"twitter:card\" content=\"summary_large_image\" \/>\n<meta name=\"twitter:label1\" content=\"Tahmini okuma s\u00fcresi\" \/>\n\t<meta name=\"twitter:data1\" content=\"2 dakika\" \/>\n<script type=\"application\/ld+json\" class=\"yoast-schema-graph\">{\"@context\":\"https:\/\/schema.org\",\"@graph\":[{\"@type\":\"WebPage\",\"@id\":\"https:\/\/merkim.com.tr\/merkim-maket\/urun\/prestan-profesyonel-bebek-cpr-manikini-geri-bildirimli-orta-ten-renkli-pr00021m\/\",\"url\":\"https:\/\/merkim.com.tr\/merkim-maket\/urun\/prestan-profesyonel-bebek-cpr-manikini-geri-bildirimli-orta-ten-renkli-pr00021m\/\",\"name\":\"Prestan Profesyonel Bebek CPR Manikini \u2013 Geri Bildirimli (Orta Ten Renkli) [PR00021M] - Merkim Maket\",\"isPartOf\":{\"@id\":\"https:\/\/merkim.com.tr\/merkim-maket\/#website\"},\"primaryImageOfPage\":{\"@id\":\"https:\/\/merkim.com.tr\/merkim-maket\/urun\/prestan-profesyonel-bebek-cpr-manikini-geri-bildirimli-orta-ten-renkli-pr00021m\/#primaryimage\"},\"image\":{\"@id\":\"https:\/\/merkim.com.tr\/merkim-maket\/urun\/prestan-profesyonel-bebek-cpr-manikini-geri-bildirimli-orta-ten-renkli-pr00021m\/#primaryimage\"},\"thumbnailUrl\":\"https:\/\/merkim.com.tr\/merkim-maket\/wp-content\/uploads\/2025\/07\/prestan-bebek-cpr-manikin-egitim-prestan.png\",\"datePublished\":\"2025-07-10T09:49:28+00:00\",\"description\":\"Prestan profesyonel bebek CPR mankini; ger\u00e7ek\u00e7i tasar\u0131m\u0131, geri bildirim sistemi ve AHA standartlar\u0131na uyumu sayesinde e\u011fitimlerde g\u00fcvenli ve etkili kullan\u0131m sa\u011flar.\",\"breadcrumb\":{\"@id\":\"https:\/\/merkim.com.tr\/merkim-maket\/urun\/prestan-profesyonel-bebek-cpr-manikini-geri-bildirimli-orta-ten-renkli-pr00021m\/#breadcrumb\"},\"inLanguage\":\"tr\",\"potentialAction\":[{\"@type\":\"ReadAction\",\"target\":[\"https:\/\/merkim.com.tr\/merkim-maket\/urun\/prestan-profesyonel-bebek-cpr-manikini-geri-bildirimli-orta-ten-renkli-pr00021m\/\"]}]},{\"@type\":\"ImageObject\",\"inLanguage\":\"tr\",\"@id\":\"https:\/\/merkim.com.tr\/merkim-maket\/urun\/prestan-profesyonel-bebek-cpr-manikini-geri-bildirimli-orta-ten-renkli-pr00021m\/#primaryimage\",\"url\":\"https:\/\/merkim.com.tr\/merkim-maket\/wp-content\/uploads\/2025\/07\/prestan-bebek-cpr-manikin-egitim-prestan.png\",\"contentUrl\":\"https:\/\/merkim.com.tr\/merkim-maket\/wp-content\/uploads\/2025\/07\/prestan-bebek-cpr-manikin-egitim-prestan.png\",\"width\":800,\"height\":800,\"caption\":\"Orta ten rengine sahip Prestan bebek CPR mankeni\"},{\"@type\":\"BreadcrumbList\",\"@id\":\"https:\/\/merkim.com.tr\/merkim-maket\/urun\/prestan-profesyonel-bebek-cpr-manikini-geri-bildirimli-orta-ten-renkli-pr00021m\/#breadcrumb\",\"itemListElement\":[{\"@type\":\"ListItem\",\"position\":1,\"name\":\"Anasayfa\",\"item\":\"https:\/\/merkim.com.tr\/merkim-maket\/\"},{\"@type\":\"ListItem\",\"position\":2,\"name\":\"Ma\u011faza\",\"item\":\"https:\/\/merkim.com.tr\/merkim-maket\/magaza\/\"},{\"@type\":\"ListItem\",\"position\":3,\"name\":\"Prestan Profesyonel Bebek CPR Manikini \u2013 Geri Bildirimli (Orta Ten Renkli) [PR00021M]\"}]},{\"@type\":\"WebSite\",\"@id\":\"https:\/\/merkim.com.tr\/merkim-maket\/#website\",\"url\":\"https:\/\/merkim.com.tr\/merkim-maket\/\",\"name\":\"Merkim Maket\",\"description\":\"\",\"potentialAction\":[{\"@type\":\"SearchAction\",\"target\":{\"@type\":\"EntryPoint\",\"urlTemplate\":\"https:\/\/merkim.com.tr\/merkim-maket\/?s={search_term_string}\"},\"query-input\":{\"@type\":\"PropertyValueSpecification\",\"valueRequired\":true,\"valueName\":\"search_term_string\"}}],\"inLanguage\":\"tr\"}]}<\/script>\n<!-- \/ Yoast SEO plugin. -->","yoast_head_json":{"title":"Prestan Profesyonel Bebek CPR Manikini \u2013 Geri Bildirimli (Orta Ten Renkli) [PR00021M] - Merkim Maket","description":"Prestan profesyonel bebek CPR mankini; ger\u00e7ek\u00e7i tasar\u0131m\u0131, geri bildirim sistemi ve AHA standartlar\u0131na uyumu sayesinde e\u011fitimlerde g\u00fcvenli ve etkili kullan\u0131m sa\u011flar.","robots":{"index":"index","follow":"follow","max-snippet":"max-snippet:-1","max-image-preview":"max-image-preview:large","max-video-preview":"max-video-preview:-1"},"canonical":"https:\/\/merkim.com.tr\/merkim-maket\/urun\/prestan-profesyonel-bebek-cpr-manikini-geri-bildirimli-orta-ten-renkli-pr00021m\/","og_locale":"tr_TR","og_type":"article","og_title":"Prestan Profesyonel Bebek CPR Manikini \u2013 Geri Bildirimli (Orta Ten Renkli) [PR00021M] - Merkim Maket","og_description":"Prestan profesyonel bebek CPR mankini; ger\u00e7ek\u00e7i tasar\u0131m\u0131, geri bildirim sistemi ve AHA standartlar\u0131na uyumu sayesinde e\u011fitimlerde g\u00fcvenli ve etkili kullan\u0131m sa\u011flar.","og_url":"https:\/\/merkim.com.tr\/merkim-maket\/urun\/prestan-profesyonel-bebek-cpr-manikini-geri-bildirimli-orta-ten-renkli-pr00021m\/","og_site_name":"Merkim Maket","og_image":[{"width":800,"height":800,"url":"https:\/\/merkim.com.tr\/merkim-maket\/wp-content\/uploads\/2025\/07\/prestan-bebek-cpr-manikin-egitim-prestan.png","type":"image\/png"}],"twitter_card":"summary_large_image","twitter_misc":{"Tahmini okuma s\u00fcresi":"2 dakika"},"schema":{"@context":"https:\/\/schema.org","@graph":[{"@type":"WebPage","@id":"https:\/\/merkim.com.tr\/merkim-maket\/urun\/prestan-profesyonel-bebek-cpr-manikini-geri-bildirimli-orta-ten-renkli-pr00021m\/","url":"https:\/\/merkim.com.tr\/merkim-maket\/urun\/prestan-profesyonel-bebek-cpr-manikini-geri-bildirimli-orta-ten-renkli-pr00021m\/","name":"Prestan Profesyonel Bebek CPR Manikini \u2013 Geri Bildirimli (Orta Ten Renkli) [PR00021M] - Merkim Maket","isPartOf":{"@id":"https:\/\/merkim.com.tr\/merkim-maket\/#website"},"primaryImageOfPage":{"@id":"https:\/\/merkim.com.tr\/merkim-maket\/urun\/prestan-profesyonel-bebek-cpr-manikini-geri-bildirimli-orta-ten-renkli-pr00021m\/#primaryimage"},"image":{"@id":"https:\/\/merkim.com.tr\/merkim-maket\/urun\/prestan-profesyonel-bebek-cpr-manikini-geri-bildirimli-orta-ten-renkli-pr00021m\/#primaryimage"},"thumbnailUrl":"https:\/\/merkim.com.tr\/merkim-maket\/wp-content\/uploads\/2025\/07\/prestan-bebek-cpr-manikin-egitim-prestan.png","datePublished":"2025-07-10T09:49:28+00:00","description":"Prestan profesyonel bebek CPR mankini; ger\u00e7ek\u00e7i tasar\u0131m\u0131, geri bildirim sistemi ve AHA standartlar\u0131na uyumu sayesinde e\u011fitimlerde g\u00fcvenli ve etkili kullan\u0131m sa\u011flar.","breadcrumb":{"@id":"https:\/\/merkim.com.tr\/merkim-maket\/urun\/prestan-profesyonel-bebek-cpr-manikini-geri-bildirimli-orta-ten-renkli-pr00021m\/#breadcrumb"},"inLanguage":"tr","potentialAction":[{"@type":"ReadAction","target":["https:\/\/merkim.com.tr\/merkim-maket\/urun\/prestan-profesyonel-bebek-cpr-manikini-geri-bildirimli-orta-ten-renkli-pr00021m\/"]}]},{"@type":"ImageObject","inLanguage":"tr","@id":"https:\/\/merkim.com.tr\/merkim-maket\/urun\/prestan-profesyonel-bebek-cpr-manikini-geri-bildirimli-orta-ten-renkli-pr00021m\/#primaryimage","url":"https:\/\/merkim.com.tr\/merkim-maket\/wp-content\/uploads\/2025\/07\/prestan-bebek-cpr-manikin-egitim-prestan.png","contentUrl":"https:\/\/merkim.com.tr\/merkim-maket\/wp-content\/uploads\/2025\/07\/prestan-bebek-cpr-manikin-egitim-prestan.png","width":800,"height":800,"caption":"Orta ten rengine sahip Prestan bebek CPR mankeni"},{"@type":"BreadcrumbList","@id":"https:\/\/merkim.com.tr\/merkim-maket\/urun\/prestan-profesyonel-bebek-cpr-manikini-geri-bildirimli-orta-ten-renkli-pr00021m\/#breadcrumb","itemListElement":[{"@type":"ListItem","position":1,"name":"Anasayfa","item":"https:\/\/merkim.com.tr\/merkim-maket\/"},{"@type":"ListItem","position":2,"name":"Ma\u011faza","item":"https:\/\/merkim.com.tr\/merkim-maket\/magaza\/"},{"@type":"ListItem","position":3,"name":"Prestan Profesyonel Bebek CPR Manikini \u2013 Geri Bildirimli (Orta Ten Renkli) [PR00021M]"}]},{"@type":"WebSite","@id":"https:\/\/merkim.com.tr\/merkim-maket\/#website","url":"https:\/\/merkim.com.tr\/merkim-maket\/","name":"Merkim Maket","description":"","potentialAction":[{"@type":"SearchAction","target":{"@type":"EntryPoint","urlTemplate":"https:\/\/merkim.com.tr\/merkim-maket\/?s={search_term_string}"},"query-input":{"@type":"PropertyValueSpecification","valueRequired":true,"valueName":"search_term_string"}}],"inLanguage":"tr"}]}},"_links":{"self":[{"href":"https:\/\/merkim.com.tr\/merkim-maket\/wp-json\/wp\/v2\/product\/542","targetHints":{"allow":["GET"]}}],"collection":[{"href":"https:\/\/merkim.com.tr\/merkim-maket\/wp-json\/wp\/v2\/product"}],"about":[{"href":"https:\/\/merkim.com.tr\/merkim-maket\/wp-json\/wp\/v2\/types\/product"}],"replies":[{"embeddable":true,"href":"https:\/\/merkim.com.tr\/merkim-maket\/wp-json\/wp\/v2\/comments?post=542"}],"wp:featuredmedia":[{"embeddable":true,"href":"https:\/\/merkim.com.tr\/merkim-maket\/wp-json\/wp\/v2\/media\/543"}],"wp:attachment":[{"href":"https:\/\/merkim.com.tr\/merkim-maket\/wp-json\/wp\/v2\/media?parent=542"}],"wp:term":[{"taxonomy":"product_brand","embeddable":true,"href":"https:\/\/merkim.com.tr\/merkim-maket\/wp-json\/wp\/v2\/product_brand?post=542"},{"taxonomy":"product_cat","embeddable":true,"href":"https:\/\/merkim.com.tr\/merkim-maket\/wp-json\/wp\/v2\/product_cat?post=542"},{"taxonomy":"product_tag","embeddable":true,"href":"https:\/\/merkim.com.tr\/merkim-maket\/wp-json\/wp\/v2\/product_tag?post=542"}],"curies":[{"name":"wp","href":"https:\/\/api.w.org\/{rel}","templated":true}]}}