{"id":540,"date":"2025-07-10T09:19:33","date_gmt":"2025-07-10T09:19:33","guid":{"rendered":"https:\/\/merkim.com.tr\/merkim-maket\/?post_type=product&#038;p=540"},"modified":"2025-07-10T09:19:34","modified_gmt":"2025-07-10T09:19:34","slug":"prestan-profesyonel-geri-bildirimli-cpr-manken-seti-orta-ten-renkli-yetiskin-cocuk-ve-bebek-pr00016m","status":"publish","type":"product","link":"https:\/\/merkim.com.tr\/merkim-maket\/urun\/prestan-profesyonel-geri-bildirimli-cpr-manken-seti-orta-ten-renkli-yetiskin-cocuk-ve-bebek-pr00016m\/","title":{"rendered":"Prestan Profesyonel Geri Bildirimli CPR Manken Seti (Orta Ten Renkli) \u2013 Yeti\u015fkin, \u00c7ocuk ve Bebek [PR00016M]"},"content":{"rendered":"<p data-start=\"441\" data-end=\"774\"><strong data-start=\"441\" data-end=\"484\">Prestan Profesyonel Manikin Koleksiyonu<\/strong>; CPR (kardiyopulmoner res\u00fcsitasyon) e\u011fitimlerinde m\u00fckemmeliyeti hedefleyen e\u011fitmenler i\u00e7in \u00f6zel olarak tasarlanm\u0131\u015f, tam donan\u0131ml\u0131 bir e\u011fitim setidir. Bu set; <strong data-start=\"643\" data-end=\"688\">1 yeti\u015fkin, 1 \u00e7ocuk ve 1 bebek manikinden<\/strong> olu\u015fur ve en g\u00fcncel <strong data-start=\"709\" data-end=\"751\">AHA Entegre Geri Bildirim Direktifleri<\/strong> ile tamamen uyumludur.<\/p>\n<p data-start=\"776\" data-end=\"1095\">Orta ten rengine sahip manikinler, ger\u00e7e\u011fe en yak\u0131n deri dokusunu ve v\u00fccut yap\u0131s\u0131n\u0131 taklit eder. Her manikin, CPR uygulamalar\u0131nda <strong data-start=\"906\" data-end=\"946\">do\u011fru h\u0131z ve derinlik geri bildirimi<\/strong> sa\u011flayarak e\u011fitim s\u00fcrecini hem etkili hem de \u00f6l\u00e7\u00fclebilir hale getirir. Bu da kat\u0131l\u0131mc\u0131lar\u0131n pratik yaparken ger\u00e7ek zamanl\u0131 d\u00fczeltme almas\u0131n\u0131 sa\u011flar.<\/p>\n<p data-start=\"1097\" data-end=\"1118\"><strong data-start=\"1097\" data-end=\"1118\">\u00dcr\u00fcn \u00d6zellikleri:<\/strong><\/p>\n<ul data-start=\"1119\" data-end=\"1547\">\n<li data-start=\"1119\" data-end=\"1166\">\n<p data-start=\"1121\" data-end=\"1166\">1 Yeti\u015fkin + 1 \u00c7ocuk + 1 Bebek manikin i\u00e7erir<\/p>\n<\/li>\n<li data-start=\"1167\" data-end=\"1240\">\n<p data-start=\"1169\" data-end=\"1240\">CPR geri bildirim sistemi sayesinde bas\u0131 h\u0131z\u0131n\u0131 ve derinli\u011fini g\u00f6sterir<\/p>\n<\/li>\n<li data-start=\"1241\" data-end=\"1307\">\n<p data-start=\"1243\" data-end=\"1307\">Orta veya koyu ten renkleri opsiyonludur (bu \u00fcr\u00fcn orta tenlidir)<\/p>\n<\/li>\n<li data-start=\"1308\" data-end=\"1368\">\n<p data-start=\"1310\" data-end=\"1368\">Her manikin i\u00e7in 10 adet y\u00fcz siperi\/akci\u011fer torbas\u0131 i\u00e7erir<\/p>\n<\/li>\n<li data-start=\"1369\" data-end=\"1425\">\n<p data-start=\"1371\" data-end=\"1425\">Dayan\u0131kl\u0131 ta\u015f\u0131ma \u00e7antas\u0131 ve kullan\u0131m k\u0131lavuzu d\u00e2hildir<\/p>\n<\/li>\n<li data-start=\"1426\" data-end=\"1478\">\n<p data-start=\"1428\" data-end=\"1478\">\u00dcr\u00fcn Amerika\u2019da \u00fcretilmi\u015ftir ve 3 y\u0131l garantilidir<\/p>\n<\/li>\n<li data-start=\"1479\" data-end=\"1547\">\n<p data-start=\"1481\" data-end=\"1547\">E\u011fitim merkezleri, okullar ve sa\u011fl\u0131k kurumlar\u0131 i\u00e7in ideal \u00e7\u00f6z\u00fcmd\u00fcr<\/p>\n<\/li>\n<\/ul>\n<p data-start=\"1549\" data-end=\"1624\"><strong data-start=\"1549\" data-end=\"1562\">Boyutlar:<\/strong> 22.5 x 13.5 x 16.75 in\u00e7<br data-start=\"1586\" data-end=\"1589\" \/><strong data-start=\"1589\" data-end=\"1608\">Kargo A\u011f\u0131rl\u0131\u011f\u0131:<\/strong> 7.7 kg (17 lbs)<\/p>\n<p data-start=\"1626\" data-end=\"1643\"><strong data-start=\"1626\" data-end=\"1643\">Kutu \u0130\u00e7eri\u011fi:<\/strong><\/p>\n<ul data-start=\"1644\" data-end=\"1812\">\n<li data-start=\"1644\" data-end=\"1664\">\n<p data-start=\"1646\" data-end=\"1664\">1 Yeti\u015fkin manikin<\/p>\n<\/li>\n<li data-start=\"1665\" data-end=\"1682\">\n<p data-start=\"1667\" data-end=\"1682\">1 \u00c7ocuk manikin<\/p>\n<\/li>\n<li data-start=\"1683\" data-end=\"1702\">\n<p data-start=\"1685\" data-end=\"1702\">1 Bebek manikin<\/p>\n<\/li>\n<li data-start=\"1703\" data-end=\"1773\">\n<p data-start=\"1705\" data-end=\"1773\">30 adet y\u00fcz siperi\/akci\u011fer torbas\u0131 (her ya\u015f grubu i\u00e7in 10\u2019ar adet)<\/p>\n<\/li>\n<li data-start=\"1774\" data-end=\"1792\">\n<p data-start=\"1776\" data-end=\"1792\">Ta\u015f\u0131ma \u00e7antas\u0131<\/p>\n<\/li>\n<li data-start=\"1793\" data-end=\"1812\">\n<p data-start=\"1795\" data-end=\"1812\">Kullan\u0131m k\u0131lavuzu<\/p>\n<\/li>\n<\/ul>\n","protected":false},"excerpt":{"rendered":"<p>Yeti\u015fkin, \u00e7ocuk ve bebek manikinlerinden olu\u015fan, CPR geri bildirimi sa\u011flayan profesyonel e\u011fitim seti. AHA standartlar\u0131yla uyumlu, orta ten rengine sahip, y\u00fcksek kaliteli Amerikan \u00fcretimi.<\/p>\n","protected":false},"featured_media":541,"comment_status":"open","ping_status":"closed","template":"","meta":[],"product_brand":[16],"product_cat":[15,1489,78],"product_tag":[1501,1498,1497,1504,1479,1500,1496,1502,1499,1505,1503,1495],"class_list":{"0":"post-540","1":"product","2":"type-product","3":"status-publish","4":"has-post-thumbnail","6":"product_brand-nasco-healthcare","7":"product_cat-genel","8":"product_cat-cpr-mankenleri","9":"product_cat-nasco-healthcare","10":"product_tag-aha-uyumlu-cpr","11":"product_tag-bebek-cpr-mankeni","12":"product_tag-cocuk-cpr-mankeni","13":"product_tag-cpr-egitim-ekipmani","14":"product_tag-cpr-egitim-mankeni","15":"product_tag-cpr-geri-bildirim","16":"product_tag-cpr-manikin-seti","17":"product_tag-ilk-yardim-egitimi","18":"product_tag-prestan-manikin","19":"product_tag-prestan-turkiye","20":"product_tag-profesyonel-manikin-seti","21":"product_tag-yetiskin-cpr-mankeni","23":"first","24":"instock","25":"shipping-taxable","26":"product-type-simple"},"yoast_head":"<!-- This site is optimized with the Yoast SEO plugin v25.2 - https:\/\/yoast.com\/wordpress\/plugins\/seo\/ -->\n<title>Prestan Profesyonel Geri Bildirimli CPR Manken Seti (Orta Ten Renkli) \u2013 Yeti\u015fkin, \u00c7ocuk ve Bebek [PR00016M] - Merkim Maket<\/title>\n<meta name=\"description\" content=\"Prestan CPR manikin seti; yeti\u015fkin, \u00e7ocuk ve bebek mankenlerinden olu\u015fur, CPR geri bildirimi sunar ve AHA standartlar\u0131na tam uyumludur. Profesyonel e\u011fitim i\u00e7in ideal \u00e7\u00f6z\u00fcmd\u00fcr.\" \/>\n<meta name=\"robots\" content=\"index, follow, max-snippet:-1, max-image-preview:large, max-video-preview:-1\" \/>\n<link rel=\"canonical\" href=\"https:\/\/merkim.com.tr\/merkim-maket\/urun\/prestan-profesyonel-geri-bildirimli-cpr-manken-seti-orta-ten-renkli-yetiskin-cocuk-ve-bebek-pr00016m\/\" \/>\n<meta property=\"og:locale\" content=\"tr_TR\" \/>\n<meta property=\"og:type\" content=\"article\" \/>\n<meta property=\"og:title\" content=\"Prestan Profesyonel Geri Bildirimli CPR Manken Seti (Orta Ten Renkli) \u2013 Yeti\u015fkin, \u00c7ocuk ve Bebek [PR00016M] - Merkim Maket\" \/>\n<meta property=\"og:description\" content=\"Prestan CPR manikin seti; yeti\u015fkin, \u00e7ocuk ve bebek mankenlerinden olu\u015fur, CPR geri bildirimi sunar ve AHA standartlar\u0131na tam uyumludur. Profesyonel e\u011fitim i\u00e7in ideal \u00e7\u00f6z\u00fcmd\u00fcr.\" \/>\n<meta property=\"og:url\" content=\"https:\/\/merkim.com.tr\/merkim-maket\/urun\/prestan-profesyonel-geri-bildirimli-cpr-manken-seti-orta-ten-renkli-yetiskin-cocuk-ve-bebek-pr00016m\/\" \/>\n<meta property=\"og:site_name\" content=\"Merkim Maket\" \/>\n<meta property=\"article:modified_time\" content=\"2025-07-10T09:19:34+00:00\" \/>\n<meta property=\"og:image\" content=\"https:\/\/merkim.com.tr\/merkim-maket\/wp-content\/uploads\/2025\/07\/prestan-profesyonel-cpr-manikin-seti-egitim-prestan.png\" \/>\n\t<meta property=\"og:image:width\" content=\"800\" \/>\n\t<meta property=\"og:image:height\" content=\"800\" \/>\n\t<meta property=\"og:image:type\" content=\"image\/png\" \/>\n<meta name=\"twitter:card\" content=\"summary_large_image\" \/>\n<meta name=\"twitter:label1\" content=\"Tahmini okuma s\u00fcresi\" \/>\n\t<meta name=\"twitter:data1\" content=\"2 dakika\" \/>\n<script type=\"application\/ld+json\" class=\"yoast-schema-graph\">{\"@context\":\"https:\/\/schema.org\",\"@graph\":[{\"@type\":\"WebPage\",\"@id\":\"https:\/\/merkim.com.tr\/merkim-maket\/urun\/prestan-profesyonel-geri-bildirimli-cpr-manken-seti-orta-ten-renkli-yetiskin-cocuk-ve-bebek-pr00016m\/\",\"url\":\"https:\/\/merkim.com.tr\/merkim-maket\/urun\/prestan-profesyonel-geri-bildirimli-cpr-manken-seti-orta-ten-renkli-yetiskin-cocuk-ve-bebek-pr00016m\/\",\"name\":\"Prestan Profesyonel Geri Bildirimli CPR Manken Seti (Orta Ten Renkli) \u2013 Yeti\u015fkin, \u00c7ocuk ve Bebek [PR00016M] - Merkim Maket\",\"isPartOf\":{\"@id\":\"https:\/\/merkim.com.tr\/merkim-maket\/#website\"},\"primaryImageOfPage\":{\"@id\":\"https:\/\/merkim.com.tr\/merkim-maket\/urun\/prestan-profesyonel-geri-bildirimli-cpr-manken-seti-orta-ten-renkli-yetiskin-cocuk-ve-bebek-pr00016m\/#primaryimage\"},\"image\":{\"@id\":\"https:\/\/merkim.com.tr\/merkim-maket\/urun\/prestan-profesyonel-geri-bildirimli-cpr-manken-seti-orta-ten-renkli-yetiskin-cocuk-ve-bebek-pr00016m\/#primaryimage\"},\"thumbnailUrl\":\"https:\/\/merkim.com.tr\/merkim-maket\/wp-content\/uploads\/2025\/07\/prestan-profesyonel-cpr-manikin-seti-egitim-prestan.png\",\"datePublished\":\"2025-07-10T09:19:33+00:00\",\"dateModified\":\"2025-07-10T09:19:34+00:00\",\"description\":\"Prestan CPR manikin seti; yeti\u015fkin, \u00e7ocuk ve bebek mankenlerinden olu\u015fur, CPR geri bildirimi sunar ve AHA standartlar\u0131na tam uyumludur. Profesyonel e\u011fitim i\u00e7in ideal \u00e7\u00f6z\u00fcmd\u00fcr.\",\"breadcrumb\":{\"@id\":\"https:\/\/merkim.com.tr\/merkim-maket\/urun\/prestan-profesyonel-geri-bildirimli-cpr-manken-seti-orta-ten-renkli-yetiskin-cocuk-ve-bebek-pr00016m\/#breadcrumb\"},\"inLanguage\":\"tr\",\"potentialAction\":[{\"@type\":\"ReadAction\",\"target\":[\"https:\/\/merkim.com.tr\/merkim-maket\/urun\/prestan-profesyonel-geri-bildirimli-cpr-manken-seti-orta-ten-renkli-yetiskin-cocuk-ve-bebek-pr00016m\/\"]}]},{\"@type\":\"ImageObject\",\"inLanguage\":\"tr\",\"@id\":\"https:\/\/merkim.com.tr\/merkim-maket\/urun\/prestan-profesyonel-geri-bildirimli-cpr-manken-seti-orta-ten-renkli-yetiskin-cocuk-ve-bebek-pr00016m\/#primaryimage\",\"url\":\"https:\/\/merkim.com.tr\/merkim-maket\/wp-content\/uploads\/2025\/07\/prestan-profesyonel-cpr-manikin-seti-egitim-prestan.png\",\"contentUrl\":\"https:\/\/merkim.com.tr\/merkim-maket\/wp-content\/uploads\/2025\/07\/prestan-profesyonel-cpr-manikin-seti-egitim-prestan.png\",\"width\":800,\"height\":800,\"caption\":\"Prestan CPR manken seti \u2013 3\u2019l\u00fc koleksiyon (orta tenli)\"},{\"@type\":\"BreadcrumbList\",\"@id\":\"https:\/\/merkim.com.tr\/merkim-maket\/urun\/prestan-profesyonel-geri-bildirimli-cpr-manken-seti-orta-ten-renkli-yetiskin-cocuk-ve-bebek-pr00016m\/#breadcrumb\",\"itemListElement\":[{\"@type\":\"ListItem\",\"position\":1,\"name\":\"Anasayfa\",\"item\":\"https:\/\/merkim.com.tr\/merkim-maket\/\"},{\"@type\":\"ListItem\",\"position\":2,\"name\":\"Ma\u011faza\",\"item\":\"https:\/\/merkim.com.tr\/merkim-maket\/magaza\/\"},{\"@type\":\"ListItem\",\"position\":3,\"name\":\"Prestan Profesyonel Geri Bildirimli CPR Manken Seti (Orta Ten Renkli) \u2013 Yeti\u015fkin, \u00c7ocuk ve Bebek [PR00016M]\"}]},{\"@type\":\"WebSite\",\"@id\":\"https:\/\/merkim.com.tr\/merkim-maket\/#website\",\"url\":\"https:\/\/merkim.com.tr\/merkim-maket\/\",\"name\":\"Merkim Maket\",\"description\":\"\",\"potentialAction\":[{\"@type\":\"SearchAction\",\"target\":{\"@type\":\"EntryPoint\",\"urlTemplate\":\"https:\/\/merkim.com.tr\/merkim-maket\/?s={search_term_string}\"},\"query-input\":{\"@type\":\"PropertyValueSpecification\",\"valueRequired\":true,\"valueName\":\"search_term_string\"}}],\"inLanguage\":\"tr\"}]}<\/script>\n<!-- \/ Yoast SEO plugin. -->","yoast_head_json":{"title":"Prestan Profesyonel Geri Bildirimli CPR Manken Seti (Orta Ten Renkli) \u2013 Yeti\u015fkin, \u00c7ocuk ve Bebek [PR00016M] - Merkim Maket","description":"Prestan CPR manikin seti; yeti\u015fkin, \u00e7ocuk ve bebek mankenlerinden olu\u015fur, CPR geri bildirimi sunar ve AHA standartlar\u0131na tam uyumludur. Profesyonel e\u011fitim i\u00e7in ideal \u00e7\u00f6z\u00fcmd\u00fcr.","robots":{"index":"index","follow":"follow","max-snippet":"max-snippet:-1","max-image-preview":"max-image-preview:large","max-video-preview":"max-video-preview:-1"},"canonical":"https:\/\/merkim.com.tr\/merkim-maket\/urun\/prestan-profesyonel-geri-bildirimli-cpr-manken-seti-orta-ten-renkli-yetiskin-cocuk-ve-bebek-pr00016m\/","og_locale":"tr_TR","og_type":"article","og_title":"Prestan Profesyonel Geri Bildirimli CPR Manken Seti (Orta Ten Renkli) \u2013 Yeti\u015fkin, \u00c7ocuk ve Bebek [PR00016M] - Merkim Maket","og_description":"Prestan CPR manikin seti; yeti\u015fkin, \u00e7ocuk ve bebek mankenlerinden olu\u015fur, CPR geri bildirimi sunar ve AHA standartlar\u0131na tam uyumludur. Profesyonel e\u011fitim i\u00e7in ideal \u00e7\u00f6z\u00fcmd\u00fcr.","og_url":"https:\/\/merkim.com.tr\/merkim-maket\/urun\/prestan-profesyonel-geri-bildirimli-cpr-manken-seti-orta-ten-renkli-yetiskin-cocuk-ve-bebek-pr00016m\/","og_site_name":"Merkim Maket","article_modified_time":"2025-07-10T09:19:34+00:00","og_image":[{"width":800,"height":800,"url":"https:\/\/merkim.com.tr\/merkim-maket\/wp-content\/uploads\/2025\/07\/prestan-profesyonel-cpr-manikin-seti-egitim-prestan.png","type":"image\/png"}],"twitter_card":"summary_large_image","twitter_misc":{"Tahmini okuma s\u00fcresi":"2 dakika"},"schema":{"@context":"https:\/\/schema.org","@graph":[{"@type":"WebPage","@id":"https:\/\/merkim.com.tr\/merkim-maket\/urun\/prestan-profesyonel-geri-bildirimli-cpr-manken-seti-orta-ten-renkli-yetiskin-cocuk-ve-bebek-pr00016m\/","url":"https:\/\/merkim.com.tr\/merkim-maket\/urun\/prestan-profesyonel-geri-bildirimli-cpr-manken-seti-orta-ten-renkli-yetiskin-cocuk-ve-bebek-pr00016m\/","name":"Prestan Profesyonel Geri Bildirimli CPR Manken Seti (Orta Ten Renkli) \u2013 Yeti\u015fkin, \u00c7ocuk ve Bebek [PR00016M] - Merkim Maket","isPartOf":{"@id":"https:\/\/merkim.com.tr\/merkim-maket\/#website"},"primaryImageOfPage":{"@id":"https:\/\/merkim.com.tr\/merkim-maket\/urun\/prestan-profesyonel-geri-bildirimli-cpr-manken-seti-orta-ten-renkli-yetiskin-cocuk-ve-bebek-pr00016m\/#primaryimage"},"image":{"@id":"https:\/\/merkim.com.tr\/merkim-maket\/urun\/prestan-profesyonel-geri-bildirimli-cpr-manken-seti-orta-ten-renkli-yetiskin-cocuk-ve-bebek-pr00016m\/#primaryimage"},"thumbnailUrl":"https:\/\/merkim.com.tr\/merkim-maket\/wp-content\/uploads\/2025\/07\/prestan-profesyonel-cpr-manikin-seti-egitim-prestan.png","datePublished":"2025-07-10T09:19:33+00:00","dateModified":"2025-07-10T09:19:34+00:00","description":"Prestan CPR manikin seti; yeti\u015fkin, \u00e7ocuk ve bebek mankenlerinden olu\u015fur, CPR geri bildirimi sunar ve AHA standartlar\u0131na tam uyumludur. Profesyonel e\u011fitim i\u00e7in ideal \u00e7\u00f6z\u00fcmd\u00fcr.","breadcrumb":{"@id":"https:\/\/merkim.com.tr\/merkim-maket\/urun\/prestan-profesyonel-geri-bildirimli-cpr-manken-seti-orta-ten-renkli-yetiskin-cocuk-ve-bebek-pr00016m\/#breadcrumb"},"inLanguage":"tr","potentialAction":[{"@type":"ReadAction","target":["https:\/\/merkim.com.tr\/merkim-maket\/urun\/prestan-profesyonel-geri-bildirimli-cpr-manken-seti-orta-ten-renkli-yetiskin-cocuk-ve-bebek-pr00016m\/"]}]},{"@type":"ImageObject","inLanguage":"tr","@id":"https:\/\/merkim.com.tr\/merkim-maket\/urun\/prestan-profesyonel-geri-bildirimli-cpr-manken-seti-orta-ten-renkli-yetiskin-cocuk-ve-bebek-pr00016m\/#primaryimage","url":"https:\/\/merkim.com.tr\/merkim-maket\/wp-content\/uploads\/2025\/07\/prestan-profesyonel-cpr-manikin-seti-egitim-prestan.png","contentUrl":"https:\/\/merkim.com.tr\/merkim-maket\/wp-content\/uploads\/2025\/07\/prestan-profesyonel-cpr-manikin-seti-egitim-prestan.png","width":800,"height":800,"caption":"Prestan CPR manken seti \u2013 3\u2019l\u00fc koleksiyon (orta tenli)"},{"@type":"BreadcrumbList","@id":"https:\/\/merkim.com.tr\/merkim-maket\/urun\/prestan-profesyonel-geri-bildirimli-cpr-manken-seti-orta-ten-renkli-yetiskin-cocuk-ve-bebek-pr00016m\/#breadcrumb","itemListElement":[{"@type":"ListItem","position":1,"name":"Anasayfa","item":"https:\/\/merkim.com.tr\/merkim-maket\/"},{"@type":"ListItem","position":2,"name":"Ma\u011faza","item":"https:\/\/merkim.com.tr\/merkim-maket\/magaza\/"},{"@type":"ListItem","position":3,"name":"Prestan Profesyonel Geri Bildirimli CPR Manken Seti (Orta Ten Renkli) \u2013 Yeti\u015fkin, \u00c7ocuk ve Bebek [PR00016M]"}]},{"@type":"WebSite","@id":"https:\/\/merkim.com.tr\/merkim-maket\/#website","url":"https:\/\/merkim.com.tr\/merkim-maket\/","name":"Merkim Maket","description":"","potentialAction":[{"@type":"SearchAction","target":{"@type":"EntryPoint","urlTemplate":"https:\/\/merkim.com.tr\/merkim-maket\/?s={search_term_string}"},"query-input":{"@type":"PropertyValueSpecification","valueRequired":true,"valueName":"search_term_string"}}],"inLanguage":"tr"}]}},"_links":{"self":[{"href":"https:\/\/merkim.com.tr\/merkim-maket\/wp-json\/wp\/v2\/product\/540","targetHints":{"allow":["GET"]}}],"collection":[{"href":"https:\/\/merkim.com.tr\/merkim-maket\/wp-json\/wp\/v2\/product"}],"about":[{"href":"https:\/\/merkim.com.tr\/merkim-maket\/wp-json\/wp\/v2\/types\/product"}],"replies":[{"embeddable":true,"href":"https:\/\/merkim.com.tr\/merkim-maket\/wp-json\/wp\/v2\/comments?post=540"}],"wp:featuredmedia":[{"embeddable":true,"href":"https:\/\/merkim.com.tr\/merkim-maket\/wp-json\/wp\/v2\/media\/541"}],"wp:attachment":[{"href":"https:\/\/merkim.com.tr\/merkim-maket\/wp-json\/wp\/v2\/media?parent=540"}],"wp:term":[{"taxonomy":"product_brand","embeddable":true,"href":"https:\/\/merkim.com.tr\/merkim-maket\/wp-json\/wp\/v2\/product_brand?post=540"},{"taxonomy":"product_cat","embeddable":true,"href":"https:\/\/merkim.com.tr\/merkim-maket\/wp-json\/wp\/v2\/product_cat?post=540"},{"taxonomy":"product_tag","embeddable":true,"href":"https:\/\/merkim.com.tr\/merkim-maket\/wp-json\/wp\/v2\/product_tag?post=540"}],"curies":[{"name":"wp","href":"https:\/\/api.w.org\/{rel}","templated":true}]}}