{"id":536,"date":"2025-07-09T13:43:36","date_gmt":"2025-07-09T13:43:36","guid":{"rendered":"https:\/\/merkim.com.tr\/merkim-maket\/?post_type=product&#038;p=536"},"modified":"2025-07-09T13:50:44","modified_gmt":"2025-07-09T13:50:44","slug":"nasco-healthcare-aed-practi-trainer-bilingual-english-spanish-cpr-egitim-seti-4lu-paket-sku-sb52283","status":"publish","type":"product","link":"https:\/\/merkim.com.tr\/merkim-maket\/urun\/nasco-healthcare-aed-practi-trainer-bilingual-english-spanish-cpr-egitim-seti-4lu-paket-sku-sb52283\/","title":{"rendered":"Nasco Healthcare AED Practi-Trainer &#8211; Bilingual (English\/Spanish) CPR E\u011fitim Seti &#8211; 4&#8217;l\u00fc Paket [SKU: SB52283]"},"content":{"rendered":"<p class=\"ds-markdown-paragraph\"><strong>Profesyonel AED ve CPR E\u011fitimi \u0130\u00e7in Kapsaml\u0131 \u00c7\u00f6z\u00fcm!<\/strong><\/p>\n<p class=\"ds-markdown-paragraph\"><strong>Nasco Healthcare AED Practi-Trainer<\/strong>, sa\u011fl\u0131k profesyonelleri, ilk yard\u0131m e\u011fitmenleri ve acil m\u00fcdahale ekipleri i\u00e7in tasarlanm\u0131\u015f\u00a0<strong>ileri d\u00fczey bir AED (Otomatik Eksternal Defibrilat\u00f6r) sim\u00fclasyon sistemidir<\/strong>. Bu set, ger\u00e7ek\u00e7i senaryolarla\u00a0<strong>CPR ve defibrilasyon e\u011fitimini<\/strong>\u00a0en etkili \u015fekilde vermek i\u00e7in \u00f6zel olarak geli\u015ftirilmi\u015ftir.<\/p>\n<h4><strong>\u00d6ne \u00c7\u0131kan \u00d6zellikler:<\/strong><\/h4>\n<p class=\"ds-markdown-paragraph\">\u2714\u00a0<strong>\u00c7ift Dilli E\u011fitim:<\/strong>\u00a0\u0130ngilizce ve \u0130spanyolca olarak programlanm\u0131\u015f 8 farkl\u0131 kardiyak arrest senaryosu<br \/>\n\u2714\u00a0<strong>Ger\u00e7ek\u00e7i Uygulama:<\/strong>\u00a0Tam fonksiyonel uzaktan kumanda ile senaryo kontrol\u00fc ve ses ayar\u0131<br \/>\n\u2714\u00a0<strong>Kapsaml\u0131 E\u011fitim:<\/strong>\u00a0Yeti\u015fkin ve \u00e7ocuk ba\u011flant\u0131 pedleri ile farkl\u0131 ya\u015f gruplar\u0131na uygun e\u011fitim imkan\u0131<br \/>\n\u2714\u00a0<strong>Sesli Y\u00f6nlendirme:<\/strong>\u00a0CPR g\u00f6\u011f\u00fcs kompresyonlar\u0131 i\u00e7in metronom deste\u011fi<br \/>\n\u2714\u00a0<strong>S\u0131n\u0131f Ortam\u0131na Uygun:<\/strong>\u00a0Harici hoparl\u00f6r ba\u011flant\u0131s\u0131 ile t\u00fcm s\u0131n\u0131f\u0131n senaryolar\u0131 duymas\u0131n\u0131 sa\u011flar<br \/>\n\u2714\u00a0<strong>Kolay Kullan\u0131m:<\/strong>\u00a0Tak-\u00e7al\u0131\u015ft\u0131r tasar\u0131m\u0131 ve kompakt ta\u015f\u0131ma \u00e7antas\u0131<\/p>\n<p class=\"ds-markdown-paragraph\"><strong>Teknik \u00d6zellikler:<\/strong><\/p>\n<ul>\n<li>\n<p class=\"ds-markdown-paragraph\"><strong>Pil Gereksinimi:<\/strong>\u00a0Baz istasyon i\u00e7in 3 adet AA pil (dahil de\u011fil), kumanda i\u00e7in 2 adet AAA pil (dahil de\u011fil)<\/p>\n<\/li>\n<li>\n<p class=\"ds-markdown-paragraph\"><strong>Ta\u015f\u0131ma \u00c7antas\u0131 Boyutlar\u0131:<\/strong>\u00a010.5&#8243; x 8&#8243; x 2.75&#8243; (26.7 x 20.3 x 7 cm)<\/p>\n<\/li>\n<li>\n<p class=\"ds-markdown-paragraph\"><strong>Set \u0130\u00e7eri\u011fi:<\/strong>\u00a04 adet e\u011fitim cihaz\u0131, ta\u015f\u0131ma \u00e7antalar\u0131 ve t\u00fcm aksesuarlar<\/p>\n<\/li>\n<li>\n<p class=\"ds-markdown-paragraph\"><strong>Garanti:<\/strong>\u00a01 y\u0131l<\/p>\n<\/li>\n<\/ul>\n<p class=\"ds-markdown-paragraph\"><strong>Neden Bu \u00dcr\u00fcn\u00fc Tercih Etmelisiniz?<\/strong><\/p>\n<ul>\n<li>\n<p class=\"ds-markdown-paragraph\"><strong>Ger\u00e7ek Vakalar\u0131 Sim\u00fcle Eder:<\/strong>\u00a08 farkl\u0131 senaryo ile \u00e7e\u015fitli kalp durmas\u0131 durumlar\u0131n\u0131 canland\u0131r\u0131r<\/p>\n<\/li>\n<li>\n<p class=\"ds-markdown-paragraph\"><strong>E\u011fitim Verimlili\u011fini Art\u0131r\u0131r:<\/strong>\u00a0Metronom deste\u011fi ile do\u011fru CPR ritmini \u00f6\u011fretir<\/p>\n<\/li>\n<li>\n<p class=\"ds-markdown-paragraph\"><strong>Esnek Kullan\u0131m:<\/strong>\u00a0Dil se\u00e7enekleri ve kolay g\u00fcncelleme \u00f6zelli\u011fi<\/p>\n<\/li>\n<li>\n<p class=\"ds-markdown-paragraph\"><strong>Standartlara Uygun:<\/strong>\u00a02005 ECC k\u0131lavuzlar\u0131na uyumlu<\/p>\n<\/li>\n<\/ul>\n","protected":false},"excerpt":{"rendered":"<p><strong>Nasco Healthcare AED Practi-Trainer<\/strong>, \u0130ngilizce ve \u0130spanyolca olarak programlanm\u0131\u015f 8 farkl\u0131 senaryo ile profesyonel AED ve CPR e\u011fitimi sunar. Uzaktan kumanda, sesli metronom ve harici hoparl\u00f6r ba\u011flant\u0131s\u0131 \u00f6zellikleriyle etkili bir e\u011fitim deneyimi sa\u011flar. 4&#8217;l\u00fc paket halinde sunulan bu set, ilk yard\u0131m e\u011fitim merkezleri i\u00e7in idealdir.<\/p>\n","protected":false},"featured_media":537,"comment_status":"open","ping_status":"closed","template":"","meta":[],"product_brand":[16],"product_cat":[15,1489,78],"product_tag":[38,1483,1488,920,1485,1484,1486,27,1487],"class_list":{"0":"post-536","1":"product","2":"type-product","3":"status-publish","4":"has-post-thumbnail","6":"product_brand-nasco-healthcare","7":"product_cat-genel","8":"product_cat-cpr-mankenleri","9":"product_cat-nasco-healthcare","10":"product_tag-acil-tip-egitimi","11":"product_tag-aed-egitim-seti","12":"product_tag-cift-dilli-aed-trainer","13":"product_tag-cpr-simulatoru","14":"product_tag-defibrilator-egitimi","15":"product_tag-ilk-yardim-egitim-ekipmanlari","16":"product_tag-kardiyak-arrest-simulasyonu","17":"product_tag-nasco-healthcare","18":"product_tag-saglik-profesyonelleri-icin-egitim-seti","20":"first","21":"instock","22":"shipping-taxable","23":"product-type-simple"},"yoast_head":"<!-- This site is optimized with the Yoast SEO plugin v25.2 - https:\/\/yoast.com\/wordpress\/plugins\/seo\/ -->\n<title>Nasco Healthcare AED Practi-Trainer - Bilingual (English\/Spanish) CPR E\u011fitim Seti - 4&#039;l\u00fc Paket [SKU: SB52283] - Merkim Maket<\/title>\n<meta name=\"description\" content=\"Nasco Healthcare AED Practi-Trainer - \u00c7ift Dilli (\u0130ngilizce\/\u0130spanyolca) CPR ve Defibrilasyon E\u011fitim Seti [SKU: SB52283]. 8 farkl\u0131 senaryo, uzaktan kumanda ve sesli metronom \u00f6zellikleriyle profesyonel AED e\u011fitimi sunan bu 4&#039;l\u00fc set, ilk yard\u0131m e\u011fitim merkezleri i\u00e7in ideal \u00e7\u00f6z\u00fcmd\u00fcr. 1 y\u0131l garantili.\" \/>\n<meta name=\"robots\" content=\"index, follow, max-snippet:-1, max-image-preview:large, max-video-preview:-1\" \/>\n<link rel=\"canonical\" href=\"https:\/\/merkim.com.tr\/merkim-maket\/urun\/nasco-healthcare-aed-practi-trainer-bilingual-english-spanish-cpr-egitim-seti-4lu-paket-sku-sb52283\/\" \/>\n<meta property=\"og:locale\" content=\"tr_TR\" \/>\n<meta property=\"og:type\" content=\"article\" \/>\n<meta property=\"og:title\" content=\"Nasco Healthcare AED Practi-Trainer - Bilingual (English\/Spanish) CPR E\u011fitim Seti - 4&#039;l\u00fc Paket [SKU: SB52283] - Merkim Maket\" \/>\n<meta property=\"og:description\" content=\"Nasco Healthcare AED Practi-Trainer - \u00c7ift Dilli (\u0130ngilizce\/\u0130spanyolca) CPR ve Defibrilasyon E\u011fitim Seti [SKU: SB52283]. 8 farkl\u0131 senaryo, uzaktan kumanda ve sesli metronom \u00f6zellikleriyle profesyonel AED e\u011fitimi sunan bu 4&#039;l\u00fc set, ilk yard\u0131m e\u011fitim merkezleri i\u00e7in ideal \u00e7\u00f6z\u00fcmd\u00fcr. 1 y\u0131l garantili.\" \/>\n<meta property=\"og:url\" content=\"https:\/\/merkim.com.tr\/merkim-maket\/urun\/nasco-healthcare-aed-practi-trainer-bilingual-english-spanish-cpr-egitim-seti-4lu-paket-sku-sb52283\/\" \/>\n<meta property=\"og:site_name\" content=\"Merkim Maket\" \/>\n<meta property=\"article:modified_time\" content=\"2025-07-09T13:50:44+00:00\" \/>\n<meta property=\"og:image\" content=\"https:\/\/merkim.com.tr\/merkim-maket\/wp-content\/uploads\/2025\/07\/aed-practi-trainer-bilingual-nasco-healthcare-sb52283.png\" \/>\n\t<meta property=\"og:image:width\" content=\"800\" \/>\n\t<meta property=\"og:image:height\" content=\"800\" \/>\n\t<meta property=\"og:image:type\" content=\"image\/png\" \/>\n<meta name=\"twitter:card\" content=\"summary_large_image\" \/>\n<meta name=\"twitter:label1\" content=\"Tahmini okuma s\u00fcresi\" \/>\n\t<meta name=\"twitter:data1\" content=\"2 dakika\" \/>\n<script type=\"application\/ld+json\" class=\"yoast-schema-graph\">{\"@context\":\"https:\/\/schema.org\",\"@graph\":[{\"@type\":\"WebPage\",\"@id\":\"https:\/\/merkim.com.tr\/merkim-maket\/urun\/nasco-healthcare-aed-practi-trainer-bilingual-english-spanish-cpr-egitim-seti-4lu-paket-sku-sb52283\/\",\"url\":\"https:\/\/merkim.com.tr\/merkim-maket\/urun\/nasco-healthcare-aed-practi-trainer-bilingual-english-spanish-cpr-egitim-seti-4lu-paket-sku-sb52283\/\",\"name\":\"Nasco Healthcare AED Practi-Trainer - Bilingual (English\/Spanish) CPR E\u011fitim Seti - 4'l\u00fc Paket [SKU: SB52283] - Merkim Maket\",\"isPartOf\":{\"@id\":\"https:\/\/merkim.com.tr\/merkim-maket\/#website\"},\"primaryImageOfPage\":{\"@id\":\"https:\/\/merkim.com.tr\/merkim-maket\/urun\/nasco-healthcare-aed-practi-trainer-bilingual-english-spanish-cpr-egitim-seti-4lu-paket-sku-sb52283\/#primaryimage\"},\"image\":{\"@id\":\"https:\/\/merkim.com.tr\/merkim-maket\/urun\/nasco-healthcare-aed-practi-trainer-bilingual-english-spanish-cpr-egitim-seti-4lu-paket-sku-sb52283\/#primaryimage\"},\"thumbnailUrl\":\"https:\/\/merkim.com.tr\/merkim-maket\/wp-content\/uploads\/2025\/07\/aed-practi-trainer-bilingual-nasco-healthcare-sb52283.png\",\"datePublished\":\"2025-07-09T13:43:36+00:00\",\"dateModified\":\"2025-07-09T13:50:44+00:00\",\"description\":\"Nasco Healthcare AED Practi-Trainer - \u00c7ift Dilli (\u0130ngilizce\/\u0130spanyolca) CPR ve Defibrilasyon E\u011fitim Seti [SKU: SB52283]. 8 farkl\u0131 senaryo, uzaktan kumanda ve sesli metronom \u00f6zellikleriyle profesyonel AED e\u011fitimi sunan bu 4'l\u00fc set, ilk yard\u0131m e\u011fitim merkezleri i\u00e7in ideal \u00e7\u00f6z\u00fcmd\u00fcr. 1 y\u0131l garantili.\",\"breadcrumb\":{\"@id\":\"https:\/\/merkim.com.tr\/merkim-maket\/urun\/nasco-healthcare-aed-practi-trainer-bilingual-english-spanish-cpr-egitim-seti-4lu-paket-sku-sb52283\/#breadcrumb\"},\"inLanguage\":\"tr\",\"potentialAction\":[{\"@type\":\"ReadAction\",\"target\":[\"https:\/\/merkim.com.tr\/merkim-maket\/urun\/nasco-healthcare-aed-practi-trainer-bilingual-english-spanish-cpr-egitim-seti-4lu-paket-sku-sb52283\/\"]}]},{\"@type\":\"ImageObject\",\"inLanguage\":\"tr\",\"@id\":\"https:\/\/merkim.com.tr\/merkim-maket\/urun\/nasco-healthcare-aed-practi-trainer-bilingual-english-spanish-cpr-egitim-seti-4lu-paket-sku-sb52283\/#primaryimage\",\"url\":\"https:\/\/merkim.com.tr\/merkim-maket\/wp-content\/uploads\/2025\/07\/aed-practi-trainer-bilingual-nasco-healthcare-sb52283.png\",\"contentUrl\":\"https:\/\/merkim.com.tr\/merkim-maket\/wp-content\/uploads\/2025\/07\/aed-practi-trainer-bilingual-nasco-healthcare-sb52283.png\",\"width\":800,\"height\":800,\"caption\":\"8 farkl\u0131 senaryo ile ger\u00e7ek\u00e7i kardiyak arrest sim\u00fclasyonu\"},{\"@type\":\"BreadcrumbList\",\"@id\":\"https:\/\/merkim.com.tr\/merkim-maket\/urun\/nasco-healthcare-aed-practi-trainer-bilingual-english-spanish-cpr-egitim-seti-4lu-paket-sku-sb52283\/#breadcrumb\",\"itemListElement\":[{\"@type\":\"ListItem\",\"position\":1,\"name\":\"Anasayfa\",\"item\":\"https:\/\/merkim.com.tr\/merkim-maket\/\"},{\"@type\":\"ListItem\",\"position\":2,\"name\":\"Ma\u011faza\",\"item\":\"https:\/\/merkim.com.tr\/merkim-maket\/magaza\/\"},{\"@type\":\"ListItem\",\"position\":3,\"name\":\"Nasco Healthcare AED Practi-Trainer &#8211; Bilingual (English\/Spanish) CPR E\u011fitim Seti &#8211; 4&#8217;l\u00fc Paket [SKU: SB52283]\"}]},{\"@type\":\"WebSite\",\"@id\":\"https:\/\/merkim.com.tr\/merkim-maket\/#website\",\"url\":\"https:\/\/merkim.com.tr\/merkim-maket\/\",\"name\":\"Merkim Maket\",\"description\":\"\",\"potentialAction\":[{\"@type\":\"SearchAction\",\"target\":{\"@type\":\"EntryPoint\",\"urlTemplate\":\"https:\/\/merkim.com.tr\/merkim-maket\/?s={search_term_string}\"},\"query-input\":{\"@type\":\"PropertyValueSpecification\",\"valueRequired\":true,\"valueName\":\"search_term_string\"}}],\"inLanguage\":\"tr\"}]}<\/script>\n<!-- \/ Yoast SEO plugin. -->","yoast_head_json":{"title":"Nasco Healthcare AED Practi-Trainer - Bilingual (English\/Spanish) CPR E\u011fitim Seti - 4'l\u00fc Paket [SKU: SB52283] - Merkim Maket","description":"Nasco Healthcare AED Practi-Trainer - \u00c7ift Dilli (\u0130ngilizce\/\u0130spanyolca) CPR ve Defibrilasyon E\u011fitim Seti [SKU: SB52283]. 8 farkl\u0131 senaryo, uzaktan kumanda ve sesli metronom \u00f6zellikleriyle profesyonel AED e\u011fitimi sunan bu 4'l\u00fc set, ilk yard\u0131m e\u011fitim merkezleri i\u00e7in ideal \u00e7\u00f6z\u00fcmd\u00fcr. 1 y\u0131l garantili.","robots":{"index":"index","follow":"follow","max-snippet":"max-snippet:-1","max-image-preview":"max-image-preview:large","max-video-preview":"max-video-preview:-1"},"canonical":"https:\/\/merkim.com.tr\/merkim-maket\/urun\/nasco-healthcare-aed-practi-trainer-bilingual-english-spanish-cpr-egitim-seti-4lu-paket-sku-sb52283\/","og_locale":"tr_TR","og_type":"article","og_title":"Nasco Healthcare AED Practi-Trainer - Bilingual (English\/Spanish) CPR E\u011fitim Seti - 4'l\u00fc Paket [SKU: SB52283] - Merkim Maket","og_description":"Nasco Healthcare AED Practi-Trainer - \u00c7ift Dilli (\u0130ngilizce\/\u0130spanyolca) CPR ve Defibrilasyon E\u011fitim Seti [SKU: SB52283]. 8 farkl\u0131 senaryo, uzaktan kumanda ve sesli metronom \u00f6zellikleriyle profesyonel AED e\u011fitimi sunan bu 4'l\u00fc set, ilk yard\u0131m e\u011fitim merkezleri i\u00e7in ideal \u00e7\u00f6z\u00fcmd\u00fcr. 1 y\u0131l garantili.","og_url":"https:\/\/merkim.com.tr\/merkim-maket\/urun\/nasco-healthcare-aed-practi-trainer-bilingual-english-spanish-cpr-egitim-seti-4lu-paket-sku-sb52283\/","og_site_name":"Merkim Maket","article_modified_time":"2025-07-09T13:50:44+00:00","og_image":[{"width":800,"height":800,"url":"https:\/\/merkim.com.tr\/merkim-maket\/wp-content\/uploads\/2025\/07\/aed-practi-trainer-bilingual-nasco-healthcare-sb52283.png","type":"image\/png"}],"twitter_card":"summary_large_image","twitter_misc":{"Tahmini okuma s\u00fcresi":"2 dakika"},"schema":{"@context":"https:\/\/schema.org","@graph":[{"@type":"WebPage","@id":"https:\/\/merkim.com.tr\/merkim-maket\/urun\/nasco-healthcare-aed-practi-trainer-bilingual-english-spanish-cpr-egitim-seti-4lu-paket-sku-sb52283\/","url":"https:\/\/merkim.com.tr\/merkim-maket\/urun\/nasco-healthcare-aed-practi-trainer-bilingual-english-spanish-cpr-egitim-seti-4lu-paket-sku-sb52283\/","name":"Nasco Healthcare AED Practi-Trainer - Bilingual (English\/Spanish) CPR E\u011fitim Seti - 4'l\u00fc Paket [SKU: SB52283] - Merkim Maket","isPartOf":{"@id":"https:\/\/merkim.com.tr\/merkim-maket\/#website"},"primaryImageOfPage":{"@id":"https:\/\/merkim.com.tr\/merkim-maket\/urun\/nasco-healthcare-aed-practi-trainer-bilingual-english-spanish-cpr-egitim-seti-4lu-paket-sku-sb52283\/#primaryimage"},"image":{"@id":"https:\/\/merkim.com.tr\/merkim-maket\/urun\/nasco-healthcare-aed-practi-trainer-bilingual-english-spanish-cpr-egitim-seti-4lu-paket-sku-sb52283\/#primaryimage"},"thumbnailUrl":"https:\/\/merkim.com.tr\/merkim-maket\/wp-content\/uploads\/2025\/07\/aed-practi-trainer-bilingual-nasco-healthcare-sb52283.png","datePublished":"2025-07-09T13:43:36+00:00","dateModified":"2025-07-09T13:50:44+00:00","description":"Nasco Healthcare AED Practi-Trainer - \u00c7ift Dilli (\u0130ngilizce\/\u0130spanyolca) CPR ve Defibrilasyon E\u011fitim Seti [SKU: SB52283]. 8 farkl\u0131 senaryo, uzaktan kumanda ve sesli metronom \u00f6zellikleriyle profesyonel AED e\u011fitimi sunan bu 4'l\u00fc set, ilk yard\u0131m e\u011fitim merkezleri i\u00e7in ideal \u00e7\u00f6z\u00fcmd\u00fcr. 1 y\u0131l garantili.","breadcrumb":{"@id":"https:\/\/merkim.com.tr\/merkim-maket\/urun\/nasco-healthcare-aed-practi-trainer-bilingual-english-spanish-cpr-egitim-seti-4lu-paket-sku-sb52283\/#breadcrumb"},"inLanguage":"tr","potentialAction":[{"@type":"ReadAction","target":["https:\/\/merkim.com.tr\/merkim-maket\/urun\/nasco-healthcare-aed-practi-trainer-bilingual-english-spanish-cpr-egitim-seti-4lu-paket-sku-sb52283\/"]}]},{"@type":"ImageObject","inLanguage":"tr","@id":"https:\/\/merkim.com.tr\/merkim-maket\/urun\/nasco-healthcare-aed-practi-trainer-bilingual-english-spanish-cpr-egitim-seti-4lu-paket-sku-sb52283\/#primaryimage","url":"https:\/\/merkim.com.tr\/merkim-maket\/wp-content\/uploads\/2025\/07\/aed-practi-trainer-bilingual-nasco-healthcare-sb52283.png","contentUrl":"https:\/\/merkim.com.tr\/merkim-maket\/wp-content\/uploads\/2025\/07\/aed-practi-trainer-bilingual-nasco-healthcare-sb52283.png","width":800,"height":800,"caption":"8 farkl\u0131 senaryo ile ger\u00e7ek\u00e7i kardiyak arrest sim\u00fclasyonu"},{"@type":"BreadcrumbList","@id":"https:\/\/merkim.com.tr\/merkim-maket\/urun\/nasco-healthcare-aed-practi-trainer-bilingual-english-spanish-cpr-egitim-seti-4lu-paket-sku-sb52283\/#breadcrumb","itemListElement":[{"@type":"ListItem","position":1,"name":"Anasayfa","item":"https:\/\/merkim.com.tr\/merkim-maket\/"},{"@type":"ListItem","position":2,"name":"Ma\u011faza","item":"https:\/\/merkim.com.tr\/merkim-maket\/magaza\/"},{"@type":"ListItem","position":3,"name":"Nasco Healthcare AED Practi-Trainer &#8211; Bilingual (English\/Spanish) CPR E\u011fitim Seti &#8211; 4&#8217;l\u00fc Paket [SKU: SB52283]"}]},{"@type":"WebSite","@id":"https:\/\/merkim.com.tr\/merkim-maket\/#website","url":"https:\/\/merkim.com.tr\/merkim-maket\/","name":"Merkim Maket","description":"","potentialAction":[{"@type":"SearchAction","target":{"@type":"EntryPoint","urlTemplate":"https:\/\/merkim.com.tr\/merkim-maket\/?s={search_term_string}"},"query-input":{"@type":"PropertyValueSpecification","valueRequired":true,"valueName":"search_term_string"}}],"inLanguage":"tr"}]}},"_links":{"self":[{"href":"https:\/\/merkim.com.tr\/merkim-maket\/wp-json\/wp\/v2\/product\/536","targetHints":{"allow":["GET"]}}],"collection":[{"href":"https:\/\/merkim.com.tr\/merkim-maket\/wp-json\/wp\/v2\/product"}],"about":[{"href":"https:\/\/merkim.com.tr\/merkim-maket\/wp-json\/wp\/v2\/types\/product"}],"replies":[{"embeddable":true,"href":"https:\/\/merkim.com.tr\/merkim-maket\/wp-json\/wp\/v2\/comments?post=536"}],"wp:featuredmedia":[{"embeddable":true,"href":"https:\/\/merkim.com.tr\/merkim-maket\/wp-json\/wp\/v2\/media\/537"}],"wp:attachment":[{"href":"https:\/\/merkim.com.tr\/merkim-maket\/wp-json\/wp\/v2\/media?parent=536"}],"wp:term":[{"taxonomy":"product_brand","embeddable":true,"href":"https:\/\/merkim.com.tr\/merkim-maket\/wp-json\/wp\/v2\/product_brand?post=536"},{"taxonomy":"product_cat","embeddable":true,"href":"https:\/\/merkim.com.tr\/merkim-maket\/wp-json\/wp\/v2\/product_cat?post=536"},{"taxonomy":"product_tag","embeddable":true,"href":"https:\/\/merkim.com.tr\/merkim-maket\/wp-json\/wp\/v2\/product_tag?post=536"}],"curies":[{"name":"wp","href":"https:\/\/api.w.org\/{rel}","templated":true}]}}