{"id":534,"date":"2025-07-09T13:34:27","date_gmt":"2025-07-09T13:34:27","guid":{"rendered":"https:\/\/merkim.com.tr\/merkim-maket\/?post_type=product&#038;p=534"},"modified":"2025-07-09T13:52:37","modified_gmt":"2025-07-09T13:52:37","slug":"adult-cpr-water-rescue-manikin-gercekci-suda-canlandirma-ve-cpr-egitim-simulatoru-sku-149-1328","status":"publish","type":"product","link":"https:\/\/merkim.com.tr\/merkim-maket\/urun\/adult-cpr-water-rescue-manikin-gercekci-suda-canlandirma-ve-cpr-egitim-simulatoru-sku-149-1328\/","title":{"rendered":"Adult CPR Water Rescue Manikin \u2013 Ger\u00e7ek\u00e7i Suda Canland\u0131rma ve CPR E\u011fitim Sim\u00fclat\u00f6r\u00fc [SKU: 149-1328]"},"content":{"rendered":"<p class=\"ds-markdown-paragraph\"><strong>Profesyonel Suda Canland\u0131rma ve CPR E\u011fitimi \u0130\u00e7in M\u00fckemmel Bir Sim\u00fclat\u00f6r!<\/strong><\/p>\n<p class=\"ds-markdown-paragraph\"><strong>Adult CPR Water Rescue Manikin<\/strong>, acil t\u0131p e\u011fitmenleri, cankurtaranlar, sahil g\u00fcvenlik ekipleri ve ilk yard\u0131m e\u011fitmenleri i\u00e7in tasarlanm\u0131\u015f\u00a0<strong>ger\u00e7ek\u00e7i ve dayan\u0131kl\u0131<\/strong>\u00a0bir suda canland\u0131rma ve CPR e\u011fitim mankenidir. Bu sim\u00fclat\u00f6r, suda bo\u011fulma vakalar\u0131nda\u00a0<strong>kardiyopulmoner res\u00fcsitasyon (CPR)<\/strong>\u00a0ve\u00a0<strong>kurtarma tekniklerinin<\/strong>\u00a0do\u011fru \u015fekilde uygulanmas\u0131n\u0131 \u00f6\u011fretir.<\/p>\n<h4><strong>\u00d6ne \u00c7\u0131kan \u00d6zellikler:<\/strong><\/h4>\n<p class=\"ds-markdown-paragraph\">\u2714\u00a0<strong>Ger\u00e7ek\u00e7i Suda Batma \u00d6zelli\u011fi:<\/strong>\u00a0\u0130\u00e7i su ile dolduruldu\u011funda boyun seviyesine kadar batar, ek a\u011f\u0131rl\u0131k ile tamamen bat\u0131r\u0131labilir (tu\u011fla gibi a\u011f\u0131rl\u0131klar kullan\u0131labilir).<br \/>\n\u2714\u00a0<strong>Dayan\u0131kl\u0131 Yap\u0131:<\/strong>\u00a0Paslanmaz \u00e7elik iskelet ve eklemli yap\u0131s\u0131 ile uzun \u00f6m\u00fcrl\u00fcd\u00fcr.<br \/>\n\u2714\u00a0<strong>Hareketli Eklemler:<\/strong>\u00a0Ger\u00e7ek\u00e7i kurtarma pozisyonlar\u0131 i\u00e7in kol ve bacaklar hareketlidir.<br \/>\n\u2714\u00a0<strong>De\u011fi\u015ftirilebilir Par\u00e7alar:<\/strong>\u00a0Ba\u015f, kol, bacak ve hava yolu sistemleri de\u011fi\u015ftirilebilir, uzun s\u00fcreli kullan\u0131m sa\u011flar.<br \/>\n\u2714\u00a0<strong>3 Y\u0131l Garanti:<\/strong>\u00a0\u00dcretici firma taraf\u0131ndan sunulan uzun vadeli g\u00fcvence.<\/p>\n<p class=\"ds-markdown-paragraph\"><strong>Teknik Detaylar:<\/strong><\/p>\n<ul>\n<li>\n<p class=\"ds-markdown-paragraph\"><strong>A\u011f\u0131rl\u0131k:<\/strong>\u00a040 lbs (18,1 kg)<\/p>\n<\/li>\n<li>\n<p class=\"ds-markdown-paragraph\"><strong>Boyutlar:<\/strong>\u00a067 x 22 x 10 in\u00e7 (170 x 56 x 25 cm)<\/p>\n<\/li>\n<li>\n<p class=\"ds-markdown-paragraph\"><strong>Kullan\u0131m Alanlar\u0131:<\/strong>\u00a0Cankurtaran e\u011fitimleri, sahil g\u00fcvenlik, ilk yard\u0131m kurslar\u0131, acil t\u0131p e\u011fitimleri, y\u00fczme havuzu g\u00fcvenli\u011fi e\u011fitimleri.<\/p>\n<\/li>\n<\/ul>\n<p class=\"ds-markdown-paragraph\"><strong>Neden Bu \u00dcr\u00fcn\u00fc Tercih Etmelisiniz?<\/strong><\/p>\n<ul>\n<li>\n<p class=\"ds-markdown-paragraph\"><strong>Ger\u00e7ek Suda CPR Prati\u011fi:<\/strong>\u00a0Suda bo\u011fulma vakalar\u0131nda do\u011fru m\u00fcdahaleyi \u00f6\u011fretir.<\/p>\n<\/li>\n<li>\n<p class=\"ds-markdown-paragraph\"><strong>E\u011fitimde Verimlilik:<\/strong>\u00a0\u00d6\u011frencilerin suda canland\u0131rma ve CPR tekniklerini ger\u00e7ek\u00e7i bir ortamda \u00f6\u011frenmesini sa\u011flar.<\/p>\n<\/li>\n<li>\n<p class=\"ds-markdown-paragraph\"><strong>Dayan\u0131kl\u0131 ve Uzun \u00d6m\u00fcrl\u00fc:<\/strong>\u00a0Paslanmaz \u00e7elik iskelet ve de\u011fi\u015ftirilebilir par\u00e7alar sayesinde uzun s\u00fcre kullan\u0131labilir.<\/p>\n<\/li>\n<\/ul>\n","protected":false},"excerpt":{"rendered":"<p><strong>Adult CPR Water Rescue Manikin<\/strong>, suda bo\u011fulma vakalar\u0131nda\u00a0<strong>CPR ve kurtarma tekniklerini<\/strong>\u00a0\u00f6\u011freten\u00a0<strong>ger\u00e7ek\u00e7i bir e\u011fitim sim\u00fclat\u00f6r\u00fcd\u00fcr<\/strong>. \u0130\u00e7i su ile doldurulabilen ve tamamen bat\u0131r\u0131labilen bu manken, cankurtaran e\u011fitimleri i\u00e7in idealdir. 3 y\u0131l garanti ve dayan\u0131kl\u0131 yap\u0131s\u0131yla uzun s\u00fcreli kullan\u0131m sunar.<\/p>\n","protected":false},"featured_media":535,"comment_status":"open","ping_status":"closed","template":"","meta":[],"product_brand":[16],"product_cat":[15,1489,78],"product_tag":[102,1470,1477,1479,1480,1481,1478,1476,1482],"class_list":{"0":"post-534","1":"product","2":"type-product","3":"status-publish","4":"has-post-thumbnail","6":"product_brand-nasco-healthcare","7":"product_cat-genel","8":"product_cat-cpr-mankenleri","9":"product_cat-nasco-healthcare","10":"product_tag-acil-tip-simulatoru","11":"product_tag-bogulma-simulatoru","12":"product_tag-cankurtaran-egitim-ekipmanlari","13":"product_tag-cpr-egitim-mankeni","14":"product_tag-ilk-yardim-egitim-urunleri","15":"product_tag-su-guvenligi-egitimi","16":"product_tag-suda-canlandirma-egitimi","17":"product_tag-suda-cpr-mankeni","18":"product_tag-yuzme-havuzu-guvenlik-ekipmanlari","20":"first","21":"instock","22":"shipping-taxable","23":"product-type-simple"},"yoast_head":"<!-- This site is optimized with the Yoast SEO plugin v25.2 - https:\/\/yoast.com\/wordpress\/plugins\/seo\/ -->\n<title>Adult CPR Water Rescue Manikin \u2013 Ger\u00e7ek\u00e7i Suda Canland\u0131rma ve CPR E\u011fitim Sim\u00fclat\u00f6r\u00fc [SKU: 149-1328] - Merkim Maket<\/title>\n<meta name=\"description\" content=\"Adult CPR Water Rescue Manikin \u2013 Profesyonel Suda CPR ve Kurtarma E\u011fitim Sim\u00fclat\u00f6r\u00fc [SKU: 149-1328]. Suda bo\u011fulma vakalar\u0131nda CPR ve kurtarma tekniklerini \u00f6\u011freten bu ger\u00e7ek\u00e7i manken, cankurtaran e\u011fitimleri i\u00e7in tasarlanm\u0131\u015ft\u0131r. 3 y\u0131l garantili ve dayan\u0131kl\u0131 yap\u0131s\u0131yla uzun s\u00fcreli kullan\u0131m sunar.\" \/>\n<meta name=\"robots\" content=\"index, follow, max-snippet:-1, max-image-preview:large, max-video-preview:-1\" \/>\n<link rel=\"canonical\" href=\"https:\/\/merkim.com.tr\/merkim-maket\/urun\/adult-cpr-water-rescue-manikin-gercekci-suda-canlandirma-ve-cpr-egitim-simulatoru-sku-149-1328\/\" \/>\n<meta property=\"og:locale\" content=\"tr_TR\" \/>\n<meta property=\"og:type\" content=\"article\" \/>\n<meta property=\"og:title\" content=\"Adult CPR Water Rescue Manikin \u2013 Ger\u00e7ek\u00e7i Suda Canland\u0131rma ve CPR E\u011fitim Sim\u00fclat\u00f6r\u00fc [SKU: 149-1328] - Merkim Maket\" \/>\n<meta property=\"og:description\" content=\"Adult CPR Water Rescue Manikin \u2013 Profesyonel Suda CPR ve Kurtarma E\u011fitim Sim\u00fclat\u00f6r\u00fc [SKU: 149-1328]. Suda bo\u011fulma vakalar\u0131nda CPR ve kurtarma tekniklerini \u00f6\u011freten bu ger\u00e7ek\u00e7i manken, cankurtaran e\u011fitimleri i\u00e7in tasarlanm\u0131\u015ft\u0131r. 3 y\u0131l garantili ve dayan\u0131kl\u0131 yap\u0131s\u0131yla uzun s\u00fcreli kullan\u0131m sunar.\" \/>\n<meta property=\"og:url\" content=\"https:\/\/merkim.com.tr\/merkim-maket\/urun\/adult-cpr-water-rescue-manikin-gercekci-suda-canlandirma-ve-cpr-egitim-simulatoru-sku-149-1328\/\" \/>\n<meta property=\"og:site_name\" content=\"Merkim Maket\" \/>\n<meta property=\"article:modified_time\" content=\"2025-07-09T13:52:37+00:00\" \/>\n<meta property=\"og:image\" content=\"https:\/\/merkim.com.tr\/merkim-maket\/wp-content\/uploads\/2025\/07\/adult-cpr-water-rescue-manikin-suda-canlandirma-149-1328.png\" \/>\n\t<meta property=\"og:image:width\" content=\"800\" \/>\n\t<meta property=\"og:image:height\" content=\"800\" \/>\n\t<meta property=\"og:image:type\" content=\"image\/png\" \/>\n<meta name=\"twitter:card\" content=\"summary_large_image\" \/>\n<meta name=\"twitter:label1\" content=\"Tahmini okuma s\u00fcresi\" \/>\n\t<meta name=\"twitter:data1\" content=\"2 dakika\" \/>\n<script type=\"application\/ld+json\" class=\"yoast-schema-graph\">{\"@context\":\"https:\/\/schema.org\",\"@graph\":[{\"@type\":\"WebPage\",\"@id\":\"https:\/\/merkim.com.tr\/merkim-maket\/urun\/adult-cpr-water-rescue-manikin-gercekci-suda-canlandirma-ve-cpr-egitim-simulatoru-sku-149-1328\/\",\"url\":\"https:\/\/merkim.com.tr\/merkim-maket\/urun\/adult-cpr-water-rescue-manikin-gercekci-suda-canlandirma-ve-cpr-egitim-simulatoru-sku-149-1328\/\",\"name\":\"Adult CPR Water Rescue Manikin \u2013 Ger\u00e7ek\u00e7i Suda Canland\u0131rma ve CPR E\u011fitim Sim\u00fclat\u00f6r\u00fc [SKU: 149-1328] - Merkim Maket\",\"isPartOf\":{\"@id\":\"https:\/\/merkim.com.tr\/merkim-maket\/#website\"},\"primaryImageOfPage\":{\"@id\":\"https:\/\/merkim.com.tr\/merkim-maket\/urun\/adult-cpr-water-rescue-manikin-gercekci-suda-canlandirma-ve-cpr-egitim-simulatoru-sku-149-1328\/#primaryimage\"},\"image\":{\"@id\":\"https:\/\/merkim.com.tr\/merkim-maket\/urun\/adult-cpr-water-rescue-manikin-gercekci-suda-canlandirma-ve-cpr-egitim-simulatoru-sku-149-1328\/#primaryimage\"},\"thumbnailUrl\":\"https:\/\/merkim.com.tr\/merkim-maket\/wp-content\/uploads\/2025\/07\/adult-cpr-water-rescue-manikin-suda-canlandirma-149-1328.png\",\"datePublished\":\"2025-07-09T13:34:27+00:00\",\"dateModified\":\"2025-07-09T13:52:37+00:00\",\"description\":\"Adult CPR Water Rescue Manikin \u2013 Profesyonel Suda CPR ve Kurtarma E\u011fitim Sim\u00fclat\u00f6r\u00fc [SKU: 149-1328]. Suda bo\u011fulma vakalar\u0131nda CPR ve kurtarma tekniklerini \u00f6\u011freten bu ger\u00e7ek\u00e7i manken, cankurtaran e\u011fitimleri i\u00e7in tasarlanm\u0131\u015ft\u0131r. 3 y\u0131l garantili ve dayan\u0131kl\u0131 yap\u0131s\u0131yla uzun s\u00fcreli kullan\u0131m sunar.\",\"breadcrumb\":{\"@id\":\"https:\/\/merkim.com.tr\/merkim-maket\/urun\/adult-cpr-water-rescue-manikin-gercekci-suda-canlandirma-ve-cpr-egitim-simulatoru-sku-149-1328\/#breadcrumb\"},\"inLanguage\":\"tr\",\"potentialAction\":[{\"@type\":\"ReadAction\",\"target\":[\"https:\/\/merkim.com.tr\/merkim-maket\/urun\/adult-cpr-water-rescue-manikin-gercekci-suda-canlandirma-ve-cpr-egitim-simulatoru-sku-149-1328\/\"]}]},{\"@type\":\"ImageObject\",\"inLanguage\":\"tr\",\"@id\":\"https:\/\/merkim.com.tr\/merkim-maket\/urun\/adult-cpr-water-rescue-manikin-gercekci-suda-canlandirma-ve-cpr-egitim-simulatoru-sku-149-1328\/#primaryimage\",\"url\":\"https:\/\/merkim.com.tr\/merkim-maket\/wp-content\/uploads\/2025\/07\/adult-cpr-water-rescue-manikin-suda-canlandirma-149-1328.png\",\"contentUrl\":\"https:\/\/merkim.com.tr\/merkim-maket\/wp-content\/uploads\/2025\/07\/adult-cpr-water-rescue-manikin-suda-canlandirma-149-1328.png\",\"width\":800,\"height\":800,\"caption\":\"Ger\u00e7ek\u00e7i suda canland\u0131rma ve CPR prati\u011fi i\u00e7in ideal e\u011fitim sim\u00fclat\u00f6r\u00fc\"},{\"@type\":\"BreadcrumbList\",\"@id\":\"https:\/\/merkim.com.tr\/merkim-maket\/urun\/adult-cpr-water-rescue-manikin-gercekci-suda-canlandirma-ve-cpr-egitim-simulatoru-sku-149-1328\/#breadcrumb\",\"itemListElement\":[{\"@type\":\"ListItem\",\"position\":1,\"name\":\"Anasayfa\",\"item\":\"https:\/\/merkim.com.tr\/merkim-maket\/\"},{\"@type\":\"ListItem\",\"position\":2,\"name\":\"Ma\u011faza\",\"item\":\"https:\/\/merkim.com.tr\/merkim-maket\/magaza\/\"},{\"@type\":\"ListItem\",\"position\":3,\"name\":\"Adult CPR Water Rescue Manikin \u2013 Ger\u00e7ek\u00e7i Suda Canland\u0131rma ve CPR E\u011fitim Sim\u00fclat\u00f6r\u00fc [SKU: 149-1328]\"}]},{\"@type\":\"WebSite\",\"@id\":\"https:\/\/merkim.com.tr\/merkim-maket\/#website\",\"url\":\"https:\/\/merkim.com.tr\/merkim-maket\/\",\"name\":\"Merkim Maket\",\"description\":\"\",\"potentialAction\":[{\"@type\":\"SearchAction\",\"target\":{\"@type\":\"EntryPoint\",\"urlTemplate\":\"https:\/\/merkim.com.tr\/merkim-maket\/?s={search_term_string}\"},\"query-input\":{\"@type\":\"PropertyValueSpecification\",\"valueRequired\":true,\"valueName\":\"search_term_string\"}}],\"inLanguage\":\"tr\"}]}<\/script>\n<!-- \/ Yoast SEO plugin. -->","yoast_head_json":{"title":"Adult CPR Water Rescue Manikin \u2013 Ger\u00e7ek\u00e7i Suda Canland\u0131rma ve CPR E\u011fitim Sim\u00fclat\u00f6r\u00fc [SKU: 149-1328] - Merkim Maket","description":"Adult CPR Water Rescue Manikin \u2013 Profesyonel Suda CPR ve Kurtarma E\u011fitim Sim\u00fclat\u00f6r\u00fc [SKU: 149-1328]. Suda bo\u011fulma vakalar\u0131nda CPR ve kurtarma tekniklerini \u00f6\u011freten bu ger\u00e7ek\u00e7i manken, cankurtaran e\u011fitimleri i\u00e7in tasarlanm\u0131\u015ft\u0131r. 3 y\u0131l garantili ve dayan\u0131kl\u0131 yap\u0131s\u0131yla uzun s\u00fcreli kullan\u0131m sunar.","robots":{"index":"index","follow":"follow","max-snippet":"max-snippet:-1","max-image-preview":"max-image-preview:large","max-video-preview":"max-video-preview:-1"},"canonical":"https:\/\/merkim.com.tr\/merkim-maket\/urun\/adult-cpr-water-rescue-manikin-gercekci-suda-canlandirma-ve-cpr-egitim-simulatoru-sku-149-1328\/","og_locale":"tr_TR","og_type":"article","og_title":"Adult CPR Water Rescue Manikin \u2013 Ger\u00e7ek\u00e7i Suda Canland\u0131rma ve CPR E\u011fitim Sim\u00fclat\u00f6r\u00fc [SKU: 149-1328] - Merkim Maket","og_description":"Adult CPR Water Rescue Manikin \u2013 Profesyonel Suda CPR ve Kurtarma E\u011fitim Sim\u00fclat\u00f6r\u00fc [SKU: 149-1328]. Suda bo\u011fulma vakalar\u0131nda CPR ve kurtarma tekniklerini \u00f6\u011freten bu ger\u00e7ek\u00e7i manken, cankurtaran e\u011fitimleri i\u00e7in tasarlanm\u0131\u015ft\u0131r. 3 y\u0131l garantili ve dayan\u0131kl\u0131 yap\u0131s\u0131yla uzun s\u00fcreli kullan\u0131m sunar.","og_url":"https:\/\/merkim.com.tr\/merkim-maket\/urun\/adult-cpr-water-rescue-manikin-gercekci-suda-canlandirma-ve-cpr-egitim-simulatoru-sku-149-1328\/","og_site_name":"Merkim Maket","article_modified_time":"2025-07-09T13:52:37+00:00","og_image":[{"width":800,"height":800,"url":"https:\/\/merkim.com.tr\/merkim-maket\/wp-content\/uploads\/2025\/07\/adult-cpr-water-rescue-manikin-suda-canlandirma-149-1328.png","type":"image\/png"}],"twitter_card":"summary_large_image","twitter_misc":{"Tahmini okuma s\u00fcresi":"2 dakika"},"schema":{"@context":"https:\/\/schema.org","@graph":[{"@type":"WebPage","@id":"https:\/\/merkim.com.tr\/merkim-maket\/urun\/adult-cpr-water-rescue-manikin-gercekci-suda-canlandirma-ve-cpr-egitim-simulatoru-sku-149-1328\/","url":"https:\/\/merkim.com.tr\/merkim-maket\/urun\/adult-cpr-water-rescue-manikin-gercekci-suda-canlandirma-ve-cpr-egitim-simulatoru-sku-149-1328\/","name":"Adult CPR Water Rescue Manikin \u2013 Ger\u00e7ek\u00e7i Suda Canland\u0131rma ve CPR E\u011fitim Sim\u00fclat\u00f6r\u00fc [SKU: 149-1328] - Merkim Maket","isPartOf":{"@id":"https:\/\/merkim.com.tr\/merkim-maket\/#website"},"primaryImageOfPage":{"@id":"https:\/\/merkim.com.tr\/merkim-maket\/urun\/adult-cpr-water-rescue-manikin-gercekci-suda-canlandirma-ve-cpr-egitim-simulatoru-sku-149-1328\/#primaryimage"},"image":{"@id":"https:\/\/merkim.com.tr\/merkim-maket\/urun\/adult-cpr-water-rescue-manikin-gercekci-suda-canlandirma-ve-cpr-egitim-simulatoru-sku-149-1328\/#primaryimage"},"thumbnailUrl":"https:\/\/merkim.com.tr\/merkim-maket\/wp-content\/uploads\/2025\/07\/adult-cpr-water-rescue-manikin-suda-canlandirma-149-1328.png","datePublished":"2025-07-09T13:34:27+00:00","dateModified":"2025-07-09T13:52:37+00:00","description":"Adult CPR Water Rescue Manikin \u2013 Profesyonel Suda CPR ve Kurtarma E\u011fitim Sim\u00fclat\u00f6r\u00fc [SKU: 149-1328]. Suda bo\u011fulma vakalar\u0131nda CPR ve kurtarma tekniklerini \u00f6\u011freten bu ger\u00e7ek\u00e7i manken, cankurtaran e\u011fitimleri i\u00e7in tasarlanm\u0131\u015ft\u0131r. 3 y\u0131l garantili ve dayan\u0131kl\u0131 yap\u0131s\u0131yla uzun s\u00fcreli kullan\u0131m sunar.","breadcrumb":{"@id":"https:\/\/merkim.com.tr\/merkim-maket\/urun\/adult-cpr-water-rescue-manikin-gercekci-suda-canlandirma-ve-cpr-egitim-simulatoru-sku-149-1328\/#breadcrumb"},"inLanguage":"tr","potentialAction":[{"@type":"ReadAction","target":["https:\/\/merkim.com.tr\/merkim-maket\/urun\/adult-cpr-water-rescue-manikin-gercekci-suda-canlandirma-ve-cpr-egitim-simulatoru-sku-149-1328\/"]}]},{"@type":"ImageObject","inLanguage":"tr","@id":"https:\/\/merkim.com.tr\/merkim-maket\/urun\/adult-cpr-water-rescue-manikin-gercekci-suda-canlandirma-ve-cpr-egitim-simulatoru-sku-149-1328\/#primaryimage","url":"https:\/\/merkim.com.tr\/merkim-maket\/wp-content\/uploads\/2025\/07\/adult-cpr-water-rescue-manikin-suda-canlandirma-149-1328.png","contentUrl":"https:\/\/merkim.com.tr\/merkim-maket\/wp-content\/uploads\/2025\/07\/adult-cpr-water-rescue-manikin-suda-canlandirma-149-1328.png","width":800,"height":800,"caption":"Ger\u00e7ek\u00e7i suda canland\u0131rma ve CPR prati\u011fi i\u00e7in ideal e\u011fitim sim\u00fclat\u00f6r\u00fc"},{"@type":"BreadcrumbList","@id":"https:\/\/merkim.com.tr\/merkim-maket\/urun\/adult-cpr-water-rescue-manikin-gercekci-suda-canlandirma-ve-cpr-egitim-simulatoru-sku-149-1328\/#breadcrumb","itemListElement":[{"@type":"ListItem","position":1,"name":"Anasayfa","item":"https:\/\/merkim.com.tr\/merkim-maket\/"},{"@type":"ListItem","position":2,"name":"Ma\u011faza","item":"https:\/\/merkim.com.tr\/merkim-maket\/magaza\/"},{"@type":"ListItem","position":3,"name":"Adult CPR Water Rescue Manikin \u2013 Ger\u00e7ek\u00e7i Suda Canland\u0131rma ve CPR E\u011fitim Sim\u00fclat\u00f6r\u00fc [SKU: 149-1328]"}]},{"@type":"WebSite","@id":"https:\/\/merkim.com.tr\/merkim-maket\/#website","url":"https:\/\/merkim.com.tr\/merkim-maket\/","name":"Merkim Maket","description":"","potentialAction":[{"@type":"SearchAction","target":{"@type":"EntryPoint","urlTemplate":"https:\/\/merkim.com.tr\/merkim-maket\/?s={search_term_string}"},"query-input":{"@type":"PropertyValueSpecification","valueRequired":true,"valueName":"search_term_string"}}],"inLanguage":"tr"}]}},"_links":{"self":[{"href":"https:\/\/merkim.com.tr\/merkim-maket\/wp-json\/wp\/v2\/product\/534","targetHints":{"allow":["GET"]}}],"collection":[{"href":"https:\/\/merkim.com.tr\/merkim-maket\/wp-json\/wp\/v2\/product"}],"about":[{"href":"https:\/\/merkim.com.tr\/merkim-maket\/wp-json\/wp\/v2\/types\/product"}],"replies":[{"embeddable":true,"href":"https:\/\/merkim.com.tr\/merkim-maket\/wp-json\/wp\/v2\/comments?post=534"}],"wp:featuredmedia":[{"embeddable":true,"href":"https:\/\/merkim.com.tr\/merkim-maket\/wp-json\/wp\/v2\/media\/535"}],"wp:attachment":[{"href":"https:\/\/merkim.com.tr\/merkim-maket\/wp-json\/wp\/v2\/media?parent=534"}],"wp:term":[{"taxonomy":"product_brand","embeddable":true,"href":"https:\/\/merkim.com.tr\/merkim-maket\/wp-json\/wp\/v2\/product_brand?post=534"},{"taxonomy":"product_cat","embeddable":true,"href":"https:\/\/merkim.com.tr\/merkim-maket\/wp-json\/wp\/v2\/product_cat?post=534"},{"taxonomy":"product_tag","embeddable":true,"href":"https:\/\/merkim.com.tr\/merkim-maket\/wp-json\/wp\/v2\/product_tag?post=534"}],"curies":[{"name":"wp","href":"https:\/\/api.w.org\/{rel}","templated":true}]}}