{"id":53,"date":"2025-06-05T20:30:39","date_gmt":"2025-06-05T20:30:39","guid":{"rendered":"https:\/\/merkim.com.tr\/merkim-maket\/?post_type=product&#038;p=53"},"modified":"2025-06-05T20:30:40","modified_gmt":"2025-06-05T20:30:40","slug":"teri-elderly-patient-skills-trainer-medium-sku-lf04301m-geriatrik-hasta-beceri-egitim-simulatoru-nasco-healthcare","status":"publish","type":"product","link":"https:\/\/merkim.com.tr\/merkim-maket\/urun\/teri-elderly-patient-skills-trainer-medium-sku-lf04301m-geriatrik-hasta-beceri-egitim-simulatoru-nasco-healthcare\/","title":{"rendered":"TERi\u2122 Elderly Patient Skills Trainer &#8211; Medium [SKU: LF04301M] &#8211; Geriatrik Hasta Beceri E\u011fitim Sim\u00fclat\u00f6r\u00fc &#8211; Nasco Healthcare"},"content":{"rendered":"<p class=\"ds-markdown-paragraph\"><strong>TERi\u2122 Elderly Patient Skills Trainer<\/strong>, geriatrik hasta bak\u0131m\u0131 e\u011fitimleri i\u00e7in \u00f6zel olarak tasarlanm\u0131\u015f\u00a0<strong>tam v\u00fccut hasta sim\u00fclat\u00f6r\u00fcd\u00fcr<\/strong>. Bu yenilik\u00e7i e\u011fitim mankeni, hem\u015fireler, doktorlar ve sa\u011fl\u0131k \u00e7al\u0131\u015fanlar\u0131na\u00a0<strong>ya\u015fl\u0131 hasta bak\u0131m\u0131n\u0131n t\u00fcm y\u00f6nlerini<\/strong>\u00a0ger\u00e7ek\u00e7i bir \u015fekilde \u00f6\u011fretmek i\u00e7in geli\u015ftirilmi\u015ftir.<\/p>\n<h3><strong>Temel \u00d6zellikler ve Avantajlar:<\/strong><\/h3>\n<p class=\"ds-markdown-paragraph\">\u2714\u00a0<strong>Ger\u00e7ek\u00e7i Anatomik Tasar\u0131m:<\/strong><\/p>\n<ul>\n<li>\n<p class=\"ds-markdown-paragraph\">GERi\/KERi serisinin geli\u015fmi\u015f versiyonu<\/p>\n<\/li>\n<li>\n<p class=\"ds-markdown-paragraph\">Ger\u00e7ek hasta a\u011f\u0131rl\u0131k da\u011f\u0131l\u0131m\u0131 (ta\u015f\u0131ma ve pozisyon verme e\u011fitimi i\u00e7in)<\/p>\n<\/li>\n<li>\n<p class=\"ds-markdown-paragraph\">Yumu\u015fak silikon deri ile ger\u00e7ek\u00e7i dokunu\u015f<\/p>\n<\/li>\n<li>\n<p class=\"ds-markdown-paragraph\">Erkek ve kad\u0131n anatomisine uygun \u00e7ift cinsiyetli tasar\u0131m<\/p>\n<\/li>\n<\/ul>\n<p class=\"ds-markdown-paragraph\">\u2714\u00a0<strong>Kapsaml\u0131 Klinik Beceri Uygulamalar\u0131:<\/strong><\/p>\n<ul>\n<li>\n<p class=\"ds-markdown-paragraph\">Pasif eklem hareket a\u00e7\u0131kl\u0131\u011f\u0131 egzersizleri<\/p>\n<\/li>\n<li>\n<p class=\"ds-markdown-paragraph\">Hasta transferi ve pozisyonlama teknikleri<\/p>\n<\/li>\n<li>\n<p class=\"ds-markdown-paragraph\">G\u00fcnl\u00fck ya\u015fam aktiviteleri e\u011fitimi (banyo, giydirme)<\/p>\n<\/li>\n<li>\n<p class=\"ds-markdown-paragraph\">\u00dcriner kateterizasyon ve ostomi bak\u0131m\u0131<\/p>\n<\/li>\n<li>\n<p class=\"ds-markdown-paragraph\">Nazogastrik t\u00fcp yerle\u015ftirme ve bak\u0131m\u0131<\/p>\n<\/li>\n<li>\n<p class=\"ds-markdown-paragraph\">Trakeostomi bak\u0131m\u0131 ve aspirasyon<\/p>\n<\/li>\n<\/ul>\n<p class=\"ds-markdown-paragraph\">\u2714\u00a0<strong>Geriatrik \u00d6zel Durum Sim\u00fclasyonlar\u0131:<\/strong><\/p>\n<ul>\n<li>\n<p class=\"ds-markdown-paragraph\">Ya\u015fl\u0131 hastalarda s\u0131k g\u00f6r\u00fclen deri lezyonlar\u0131<\/p>\n<\/li>\n<li>\n<p class=\"ds-markdown-paragraph\">Sakral \u00fclser sim\u00fclasyonu<\/p>\n<\/li>\n<li>\n<p class=\"ds-markdown-paragraph\">K\u0131vr\u0131m b\u00f6lgelerinde eritem taklidi<\/p>\n<\/li>\n<li>\n<p class=\"ds-markdown-paragraph\">Normal ve patolojik deri benleri<\/p>\n<\/li>\n<\/ul>\n<h3><strong>Teknik \u00d6zellikler:<\/strong><\/h3>\n<ul>\n<li>\n<p class=\"ds-markdown-paragraph\"><strong>A\u011f\u0131rl\u0131k:<\/strong>\u00a080 lbs (36 kg)<\/p>\n<\/li>\n<li>\n<p class=\"ds-markdown-paragraph\"><strong>Boyutlar:<\/strong>\u00a022.5&#8243; x 44.5&#8243; x 22.5&#8243; (57cm x 113cm x 57cm)<\/p>\n<\/li>\n<li>\n<p class=\"ds-markdown-paragraph\"><strong>Garanti:<\/strong>\u00a05 y\u0131l<\/p>\n<\/li>\n<li>\n<p class=\"ds-markdown-paragraph\"><strong>Ten Rengi:<\/strong>\u00a0Orta ton<\/p>\n<\/li>\n<\/ul>\n<h3><strong>E\u011fitim Avantajlar\u0131:<\/strong><\/h3>\n<ul>\n<li>\n<p class=\"ds-markdown-paragraph\">Geriatrik hasta bak\u0131m\u0131n\u0131n t\u00fcm y\u00f6nlerini kapsayan uygulamalar<\/p>\n<\/li>\n<li>\n<p class=\"ds-markdown-paragraph\">Ger\u00e7ek hasta deneyimine en yak\u0131n sim\u00fclasyon<\/p>\n<\/li>\n<li>\n<p class=\"ds-markdown-paragraph\">Uzun s\u00fcreli kullan\u0131m i\u00e7in dayan\u0131kl\u0131 tasar\u0131m<\/p>\n<\/li>\n<li>\n<p class=\"ds-markdown-paragraph\">\u00d6l\u00e7\u00fclebilir \u00f6\u011frenme \u00e7\u0131kt\u0131lar\u0131<\/p>\n<\/li>\n<li>\n<p class=\"ds-markdown-paragraph\">\u00c7oklu klinik uygulama noktalar\u0131<\/p>\n<\/li>\n<\/ul>\n","protected":false},"excerpt":{"rendered":"<p><strong>TERi\u2122 Elderly Patient Skills Trainer<\/strong>, geriatri ve yeti\u015fkin hasta bak\u0131m\u0131 e\u011fitimleri i\u00e7in tasarlanm\u0131\u015f\u00a0<strong>tam v\u00fccut hasta sim\u00fclat\u00f6r\u00fcd\u00fcr<\/strong>. Ger\u00e7ek\u00e7i anatomik yap\u0131s\u0131 ve \u00e7oklu klinik uygulama noktalar\u0131 ile kapsaml\u0131 bir e\u011fitim deneyimi sunar.<\/p>\n","protected":false},"featured_media":54,"comment_status":"open","ping_status":"closed","template":"","meta":[],"product_brand":[16],"product_cat":[15,17,78],"product_tag":[105,122,96,109,27,106,41,107],"class_list":{"0":"post-53","1":"product","2":"type-product","3":"status-publish","4":"has-post-thumbnail","6":"product_brand-nasco-healthcare","7":"product_cat-genel","8":"product_cat-nursing-patient-care","9":"product_cat-nasco-healthcare","10":"product_tag-geriatri-simulatoru","11":"product_tag-hasta-transfer-simulatoru","12":"product_tag-hemsirelik-egitim-ekipmanlari","13":"product_tag-klinik-beceri-egitimi","14":"product_tag-nasco-healthcare","15":"product_tag-teri","16":"product_tag-tibbi-simulasyon","17":"product_tag-yasli-hasta-bakim-mankeni","19":"first","20":"instock","21":"shipping-taxable","22":"product-type-simple"},"yoast_head":"<!-- This site is optimized with the Yoast SEO plugin v25.2 - https:\/\/yoast.com\/wordpress\/plugins\/seo\/ -->\n<title>TERi\u2122 Elderly Patient Skills Trainer - Medium [SKU: LF04301M] - Geriatrik Hasta Beceri E\u011fitim Sim\u00fclat\u00f6r\u00fc - Nasco Healthcare - Merkim Maket<\/title>\n<meta name=\"robots\" content=\"index, follow, max-snippet:-1, max-image-preview:large, max-video-preview:-1\" \/>\n<link rel=\"canonical\" href=\"https:\/\/merkim.com.tr\/merkim-maket\/urun\/teri-elderly-patient-skills-trainer-medium-sku-lf04301m-geriatrik-hasta-beceri-egitim-simulatoru-nasco-healthcare\/\" \/>\n<meta property=\"og:locale\" content=\"tr_TR\" \/>\n<meta property=\"og:type\" content=\"article\" \/>\n<meta property=\"og:title\" content=\"TERi\u2122 Elderly Patient Skills Trainer - Medium [SKU: LF04301M] - Geriatrik Hasta Beceri E\u011fitim Sim\u00fclat\u00f6r\u00fc - Nasco Healthcare - Merkim Maket\" \/>\n<meta property=\"og:description\" content=\"TERi\u2122 Elderly Patient Skills Trainer, geriatri ve yeti\u015fkin hasta bak\u0131m\u0131 e\u011fitimleri i\u00e7in tasarlanm\u0131\u015f\u00a0tam v\u00fccut hasta sim\u00fclat\u00f6r\u00fcd\u00fcr. Ger\u00e7ek\u00e7i anatomik yap\u0131s\u0131 ve \u00e7oklu klinik uygulama noktalar\u0131 ile kapsaml\u0131 bir e\u011fitim deneyimi sunar.\" \/>\n<meta property=\"og:url\" content=\"https:\/\/merkim.com.tr\/merkim-maket\/urun\/teri-elderly-patient-skills-trainer-medium-sku-lf04301m-geriatrik-hasta-beceri-egitim-simulatoru-nasco-healthcare\/\" \/>\n<meta property=\"og:site_name\" content=\"Merkim Maket\" \/>\n<meta property=\"article:modified_time\" content=\"2025-06-05T20:30:40+00:00\" \/>\n<meta property=\"og:image\" content=\"https:\/\/merkim.com.tr\/merkim-maket\/wp-content\/uploads\/2025\/06\/teri-elderly-patient-skills-trainer-medium-nasco-healthcare.png\" \/>\n\t<meta property=\"og:image:width\" content=\"800\" \/>\n\t<meta property=\"og:image:height\" content=\"800\" \/>\n\t<meta property=\"og:image:type\" content=\"image\/png\" \/>\n<meta name=\"twitter:card\" content=\"summary_large_image\" \/>\n<meta name=\"twitter:label1\" content=\"Tahmini okuma s\u00fcresi\" \/>\n\t<meta name=\"twitter:data1\" content=\"2 dakika\" \/>\n<script type=\"application\/ld+json\" class=\"yoast-schema-graph\">{\"@context\":\"https:\/\/schema.org\",\"@graph\":[{\"@type\":\"WebPage\",\"@id\":\"https:\/\/merkim.com.tr\/merkim-maket\/urun\/teri-elderly-patient-skills-trainer-medium-sku-lf04301m-geriatrik-hasta-beceri-egitim-simulatoru-nasco-healthcare\/\",\"url\":\"https:\/\/merkim.com.tr\/merkim-maket\/urun\/teri-elderly-patient-skills-trainer-medium-sku-lf04301m-geriatrik-hasta-beceri-egitim-simulatoru-nasco-healthcare\/\",\"name\":\"TERi\u2122 Elderly Patient Skills Trainer - Medium [SKU: LF04301M] - Geriatrik Hasta Beceri E\u011fitim Sim\u00fclat\u00f6r\u00fc - Nasco Healthcare - Merkim Maket\",\"isPartOf\":{\"@id\":\"https:\/\/merkim.com.tr\/merkim-maket\/#website\"},\"primaryImageOfPage\":{\"@id\":\"https:\/\/merkim.com.tr\/merkim-maket\/urun\/teri-elderly-patient-skills-trainer-medium-sku-lf04301m-geriatrik-hasta-beceri-egitim-simulatoru-nasco-healthcare\/#primaryimage\"},\"image\":{\"@id\":\"https:\/\/merkim.com.tr\/merkim-maket\/urun\/teri-elderly-patient-skills-trainer-medium-sku-lf04301m-geriatrik-hasta-beceri-egitim-simulatoru-nasco-healthcare\/#primaryimage\"},\"thumbnailUrl\":\"https:\/\/merkim.com.tr\/merkim-maket\/wp-content\/uploads\/2025\/06\/teri-elderly-patient-skills-trainer-medium-nasco-healthcare.png\",\"datePublished\":\"2025-06-05T20:30:39+00:00\",\"dateModified\":\"2025-06-05T20:30:40+00:00\",\"breadcrumb\":{\"@id\":\"https:\/\/merkim.com.tr\/merkim-maket\/urun\/teri-elderly-patient-skills-trainer-medium-sku-lf04301m-geriatrik-hasta-beceri-egitim-simulatoru-nasco-healthcare\/#breadcrumb\"},\"inLanguage\":\"tr\",\"potentialAction\":[{\"@type\":\"ReadAction\",\"target\":[\"https:\/\/merkim.com.tr\/merkim-maket\/urun\/teri-elderly-patient-skills-trainer-medium-sku-lf04301m-geriatrik-hasta-beceri-egitim-simulatoru-nasco-healthcare\/\"]}]},{\"@type\":\"ImageObject\",\"inLanguage\":\"tr\",\"@id\":\"https:\/\/merkim.com.tr\/merkim-maket\/urun\/teri-elderly-patient-skills-trainer-medium-sku-lf04301m-geriatrik-hasta-beceri-egitim-simulatoru-nasco-healthcare\/#primaryimage\",\"url\":\"https:\/\/merkim.com.tr\/merkim-maket\/wp-content\/uploads\/2025\/06\/teri-elderly-patient-skills-trainer-medium-nasco-healthcare.png\",\"contentUrl\":\"https:\/\/merkim.com.tr\/merkim-maket\/wp-content\/uploads\/2025\/06\/teri-elderly-patient-skills-trainer-medium-nasco-healthcare.png\",\"width\":800,\"height\":800,\"caption\":\"Ya\u015fl\u0131 Hasta Klinik Beceri Sim\u00fclat\u00f6r\u00fc\"},{\"@type\":\"BreadcrumbList\",\"@id\":\"https:\/\/merkim.com.tr\/merkim-maket\/urun\/teri-elderly-patient-skills-trainer-medium-sku-lf04301m-geriatrik-hasta-beceri-egitim-simulatoru-nasco-healthcare\/#breadcrumb\",\"itemListElement\":[{\"@type\":\"ListItem\",\"position\":1,\"name\":\"Anasayfa\",\"item\":\"https:\/\/merkim.com.tr\/merkim-maket\/\"},{\"@type\":\"ListItem\",\"position\":2,\"name\":\"Ma\u011faza\",\"item\":\"https:\/\/merkim.com.tr\/merkim-maket\/magaza\/\"},{\"@type\":\"ListItem\",\"position\":3,\"name\":\"TERi\u2122 Elderly Patient Skills Trainer &#8211; Medium [SKU: LF04301M] &#8211; Geriatrik Hasta Beceri E\u011fitim Sim\u00fclat\u00f6r\u00fc &#8211; Nasco Healthcare\"}]},{\"@type\":\"WebSite\",\"@id\":\"https:\/\/merkim.com.tr\/merkim-maket\/#website\",\"url\":\"https:\/\/merkim.com.tr\/merkim-maket\/\",\"name\":\"Merkim Maket\",\"description\":\"\",\"potentialAction\":[{\"@type\":\"SearchAction\",\"target\":{\"@type\":\"EntryPoint\",\"urlTemplate\":\"https:\/\/merkim.com.tr\/merkim-maket\/?s={search_term_string}\"},\"query-input\":{\"@type\":\"PropertyValueSpecification\",\"valueRequired\":true,\"valueName\":\"search_term_string\"}}],\"inLanguage\":\"tr\"}]}<\/script>\n<!-- \/ Yoast SEO plugin. -->","yoast_head_json":{"title":"TERi\u2122 Elderly Patient Skills Trainer - Medium [SKU: LF04301M] - Geriatrik Hasta Beceri E\u011fitim Sim\u00fclat\u00f6r\u00fc - Nasco Healthcare - Merkim Maket","robots":{"index":"index","follow":"follow","max-snippet":"max-snippet:-1","max-image-preview":"max-image-preview:large","max-video-preview":"max-video-preview:-1"},"canonical":"https:\/\/merkim.com.tr\/merkim-maket\/urun\/teri-elderly-patient-skills-trainer-medium-sku-lf04301m-geriatrik-hasta-beceri-egitim-simulatoru-nasco-healthcare\/","og_locale":"tr_TR","og_type":"article","og_title":"TERi\u2122 Elderly Patient Skills Trainer - Medium [SKU: LF04301M] - Geriatrik Hasta Beceri E\u011fitim Sim\u00fclat\u00f6r\u00fc - Nasco Healthcare - Merkim Maket","og_description":"TERi\u2122 Elderly Patient Skills Trainer, geriatri ve yeti\u015fkin hasta bak\u0131m\u0131 e\u011fitimleri i\u00e7in tasarlanm\u0131\u015f\u00a0tam v\u00fccut hasta sim\u00fclat\u00f6r\u00fcd\u00fcr. Ger\u00e7ek\u00e7i anatomik yap\u0131s\u0131 ve \u00e7oklu klinik uygulama noktalar\u0131 ile kapsaml\u0131 bir e\u011fitim deneyimi sunar.","og_url":"https:\/\/merkim.com.tr\/merkim-maket\/urun\/teri-elderly-patient-skills-trainer-medium-sku-lf04301m-geriatrik-hasta-beceri-egitim-simulatoru-nasco-healthcare\/","og_site_name":"Merkim Maket","article_modified_time":"2025-06-05T20:30:40+00:00","og_image":[{"width":800,"height":800,"url":"https:\/\/merkim.com.tr\/merkim-maket\/wp-content\/uploads\/2025\/06\/teri-elderly-patient-skills-trainer-medium-nasco-healthcare.png","type":"image\/png"}],"twitter_card":"summary_large_image","twitter_misc":{"Tahmini okuma s\u00fcresi":"2 dakika"},"schema":{"@context":"https:\/\/schema.org","@graph":[{"@type":"WebPage","@id":"https:\/\/merkim.com.tr\/merkim-maket\/urun\/teri-elderly-patient-skills-trainer-medium-sku-lf04301m-geriatrik-hasta-beceri-egitim-simulatoru-nasco-healthcare\/","url":"https:\/\/merkim.com.tr\/merkim-maket\/urun\/teri-elderly-patient-skills-trainer-medium-sku-lf04301m-geriatrik-hasta-beceri-egitim-simulatoru-nasco-healthcare\/","name":"TERi\u2122 Elderly Patient Skills Trainer - Medium [SKU: LF04301M] - Geriatrik Hasta Beceri E\u011fitim Sim\u00fclat\u00f6r\u00fc - Nasco Healthcare - Merkim Maket","isPartOf":{"@id":"https:\/\/merkim.com.tr\/merkim-maket\/#website"},"primaryImageOfPage":{"@id":"https:\/\/merkim.com.tr\/merkim-maket\/urun\/teri-elderly-patient-skills-trainer-medium-sku-lf04301m-geriatrik-hasta-beceri-egitim-simulatoru-nasco-healthcare\/#primaryimage"},"image":{"@id":"https:\/\/merkim.com.tr\/merkim-maket\/urun\/teri-elderly-patient-skills-trainer-medium-sku-lf04301m-geriatrik-hasta-beceri-egitim-simulatoru-nasco-healthcare\/#primaryimage"},"thumbnailUrl":"https:\/\/merkim.com.tr\/merkim-maket\/wp-content\/uploads\/2025\/06\/teri-elderly-patient-skills-trainer-medium-nasco-healthcare.png","datePublished":"2025-06-05T20:30:39+00:00","dateModified":"2025-06-05T20:30:40+00:00","breadcrumb":{"@id":"https:\/\/merkim.com.tr\/merkim-maket\/urun\/teri-elderly-patient-skills-trainer-medium-sku-lf04301m-geriatrik-hasta-beceri-egitim-simulatoru-nasco-healthcare\/#breadcrumb"},"inLanguage":"tr","potentialAction":[{"@type":"ReadAction","target":["https:\/\/merkim.com.tr\/merkim-maket\/urun\/teri-elderly-patient-skills-trainer-medium-sku-lf04301m-geriatrik-hasta-beceri-egitim-simulatoru-nasco-healthcare\/"]}]},{"@type":"ImageObject","inLanguage":"tr","@id":"https:\/\/merkim.com.tr\/merkim-maket\/urun\/teri-elderly-patient-skills-trainer-medium-sku-lf04301m-geriatrik-hasta-beceri-egitim-simulatoru-nasco-healthcare\/#primaryimage","url":"https:\/\/merkim.com.tr\/merkim-maket\/wp-content\/uploads\/2025\/06\/teri-elderly-patient-skills-trainer-medium-nasco-healthcare.png","contentUrl":"https:\/\/merkim.com.tr\/merkim-maket\/wp-content\/uploads\/2025\/06\/teri-elderly-patient-skills-trainer-medium-nasco-healthcare.png","width":800,"height":800,"caption":"Ya\u015fl\u0131 Hasta Klinik Beceri Sim\u00fclat\u00f6r\u00fc"},{"@type":"BreadcrumbList","@id":"https:\/\/merkim.com.tr\/merkim-maket\/urun\/teri-elderly-patient-skills-trainer-medium-sku-lf04301m-geriatrik-hasta-beceri-egitim-simulatoru-nasco-healthcare\/#breadcrumb","itemListElement":[{"@type":"ListItem","position":1,"name":"Anasayfa","item":"https:\/\/merkim.com.tr\/merkim-maket\/"},{"@type":"ListItem","position":2,"name":"Ma\u011faza","item":"https:\/\/merkim.com.tr\/merkim-maket\/magaza\/"},{"@type":"ListItem","position":3,"name":"TERi\u2122 Elderly Patient Skills Trainer &#8211; Medium [SKU: LF04301M] &#8211; Geriatrik Hasta Beceri E\u011fitim Sim\u00fclat\u00f6r\u00fc &#8211; Nasco Healthcare"}]},{"@type":"WebSite","@id":"https:\/\/merkim.com.tr\/merkim-maket\/#website","url":"https:\/\/merkim.com.tr\/merkim-maket\/","name":"Merkim Maket","description":"","potentialAction":[{"@type":"SearchAction","target":{"@type":"EntryPoint","urlTemplate":"https:\/\/merkim.com.tr\/merkim-maket\/?s={search_term_string}"},"query-input":{"@type":"PropertyValueSpecification","valueRequired":true,"valueName":"search_term_string"}}],"inLanguage":"tr"}]}},"_links":{"self":[{"href":"https:\/\/merkim.com.tr\/merkim-maket\/wp-json\/wp\/v2\/product\/53","targetHints":{"allow":["GET"]}}],"collection":[{"href":"https:\/\/merkim.com.tr\/merkim-maket\/wp-json\/wp\/v2\/product"}],"about":[{"href":"https:\/\/merkim.com.tr\/merkim-maket\/wp-json\/wp\/v2\/types\/product"}],"replies":[{"embeddable":true,"href":"https:\/\/merkim.com.tr\/merkim-maket\/wp-json\/wp\/v2\/comments?post=53"}],"wp:featuredmedia":[{"embeddable":true,"href":"https:\/\/merkim.com.tr\/merkim-maket\/wp-json\/wp\/v2\/media\/54"}],"wp:attachment":[{"href":"https:\/\/merkim.com.tr\/merkim-maket\/wp-json\/wp\/v2\/media?parent=53"}],"wp:term":[{"taxonomy":"product_brand","embeddable":true,"href":"https:\/\/merkim.com.tr\/merkim-maket\/wp-json\/wp\/v2\/product_brand?post=53"},{"taxonomy":"product_cat","embeddable":true,"href":"https:\/\/merkim.com.tr\/merkim-maket\/wp-json\/wp\/v2\/product_cat?post=53"},{"taxonomy":"product_tag","embeddable":true,"href":"https:\/\/merkim.com.tr\/merkim-maket\/wp-json\/wp\/v2\/product_tag?post=53"}],"curies":[{"name":"wp","href":"https:\/\/api.w.org\/{rel}","templated":true}]}}