{"id":528,"date":"2025-07-06T14:17:26","date_gmt":"2025-07-06T14:17:26","guid":{"rendered":"https:\/\/merkim.com.tr\/merkim-maket\/?post_type=product&#038;p=528"},"modified":"2025-07-06T14:17:27","modified_gmt":"2025-07-06T14:17:27","slug":"s509-kadin-kondomu-egitim-modeli-gaumard","status":"publish","type":"product","link":"https:\/\/merkim.com.tr\/merkim-maket\/urun\/s509-kadin-kondomu-egitim-modeli-gaumard\/","title":{"rendered":"S509 \u2013 Kad\u0131n Kondomu E\u011fitim Modeli | Gaumard"},"content":{"rendered":"<p data-start=\"292\" data-end=\"650\"><strong data-start=\"292\" data-end=\"329\">Gaumard S509 Kad\u0131n Kondomu Modeli<\/strong>, kad\u0131nlara y\u00f6nelik do\u011fum kontrol y\u00f6ntemlerinin uygulanmas\u0131n\u0131 \u00f6\u011fretmek amac\u0131yla tasarlanm\u0131\u015f geli\u015fmi\u015f bir jinekolojik sim\u00fclat\u00f6rd\u00fcr. Ger\u00e7ek boyutlu antevert uterusun yer ald\u0131\u011f\u0131 bu model, pelvik bo\u015fluk i\u00e7inde kad\u0131n kondomu, diyafram, servikal kapak ve kontraseptif s\u00fcnger yerle\u015ftirme uygulamalar\u0131n\u0131 pratik etme imk\u00e2n\u0131 sunar.<\/p>\n<p data-start=\"652\" data-end=\"959\">E\u011fitim modelinin patentli \u201cvidal\u0131\u201d serviks tasar\u0131m\u0131 sayesinde farkl\u0131 serviks yap\u0131lar\u0131 kolayca de\u011fi\u015ftirilebilir. Ger\u00e7ek\u00e7i yumu\u015fak vulva ve vajina dokusu, kullan\u0131c\u0131ya do\u011fal bir uygulama hissi sa\u011flar. E\u011fitim kurumlar\u0131, hem\u015firelik ve t\u0131p fak\u00fclteleri ile sa\u011fl\u0131k \u00e7al\u0131\u015fanlar\u0131n\u0131n e\u011fitimi i\u00e7in ideal bir \u00e7\u00f6z\u00fcm sunar.<\/p>\n<h4 data-start=\"961\" data-end=\"991\"><strong data-start=\"966\" data-end=\"991\">\u00d6ne \u00c7\u0131kan \u00d6zellikler:<\/strong><\/h4>\n<ul data-start=\"992\" data-end=\"1326\">\n<li data-start=\"992\" data-end=\"1032\">\n<p data-start=\"994\" data-end=\"1032\">Ger\u00e7ek boyutlu, antevert uterus yap\u0131s\u0131<\/p>\n<\/li>\n<li data-start=\"1033\" data-end=\"1096\">\n<p data-start=\"1035\" data-end=\"1096\">Kad\u0131n kondomu, diyafram, kontraseptif s\u00fcnger uygulama e\u011fitimi<\/p>\n<\/li>\n<li data-start=\"1097\" data-end=\"1158\">\n<p data-start=\"1099\" data-end=\"1158\">Patentli serviks ba\u011flant\u0131 sistemi ile de\u011fi\u015ftirilebilir yap\u0131<\/p>\n<\/li>\n<li data-start=\"1159\" data-end=\"1200\">\n<p data-start=\"1161\" data-end=\"1200\">Ger\u00e7ek\u00e7i yumu\u015fak vulva ve vajina yap\u0131s\u0131<\/p>\n<\/li>\n<li data-start=\"1201\" data-end=\"1253\">\n<p data-start=\"1203\" data-end=\"1253\">Yumu\u015fak plastik kar\u0131n kapa\u011f\u0131 ile anatomik b\u00fct\u00fcnl\u00fck<\/p>\n<\/li>\n<li data-start=\"1254\" data-end=\"1326\">\n<p data-start=\"1256\" data-end=\"1326\">Obstetrik ve jinekolojik beceri kazand\u0131rmaya y\u00f6nelik m\u00fckemmel bir ara\u00e7<\/p>\n<\/li>\n<\/ul>\n<p data-start=\"1328\" data-end=\"1442\">Bu model, kad\u0131n \u00fcreme sa\u011fl\u0131\u011f\u0131na y\u00f6nelik temel uygulamalar\u0131n etkili ve g\u00fcvenli \u015fekilde \u00f6\u011frenilmesine olanak sa\u011flar.<\/p>\n","protected":false},"excerpt":{"rendered":"<p>Kad\u0131n kondomu ve di\u011fer kontraseptif uygulamalar\u0131n e\u011fitimi i\u00e7in geli\u015ftirilen S509 modeli, pelvik bo\u015fluk yap\u0131s\u0131 ile ger\u00e7ek\u00e7i ve \u00f6\u011fretici bir deneyim sunar.<\/p>\n","protected":false},"featured_media":529,"comment_status":"open","ping_status":"closed","template":"","meta":[],"product_brand":[948],"product_cat":[15,947,1205],"product_tag":[1462,1456,1460,1458,1457,1463,220,1455,1461,1446,1459],"class_list":{"0":"post-528","1":"product","2":"type-product","3":"status-publish","4":"has-post-thumbnail","6":"product_brand-gaumard-scientific","7":"product_cat-genel","8":"product_cat-gaumard-scientific","9":"product_cat-gaumard-skill-trainer","10":"product_tag-antevert-uterus-modeli","11":"product_tag-contraceptive-training","12":"product_tag-diyafram-yerlestirme-modeli","13":"product_tag-dogum-kontrol-egitimi","14":"product_tag-gaumard-egitim-simulatoru","15":"product_tag-jinekoloji-egitim-urunu","16":"product_tag-jinekolojik-simulator","17":"product_tag-kadin-kondomu-modeli","18":"product_tag-pelvik-simulasyon","19":"product_tag-rahim-modeli","20":"product_tag-servikal-kapak-uygulamasi","22":"first","23":"instock","24":"shipping-taxable","25":"product-type-simple"},"yoast_head":"<!-- This site is optimized with the Yoast SEO plugin v25.2 - https:\/\/yoast.com\/wordpress\/plugins\/seo\/ -->\n<title>S509 \u2013 Kad\u0131n Kondomu E\u011fitim Modeli | Gaumard - Merkim Maket<\/title>\n<meta name=\"description\" content=\"Kad\u0131n kondomu, diyafram ve servikal kapak uygulamalar\u0131nda kullan\u0131lan Gaumard S509 e\u011fitim modeli ile obstetrik ve jinekolojik becerileri geli\u015ftirin.\" \/>\n<meta name=\"robots\" content=\"index, follow, max-snippet:-1, max-image-preview:large, max-video-preview:-1\" \/>\n<link rel=\"canonical\" href=\"https:\/\/merkim.com.tr\/merkim-maket\/urun\/s509-kadin-kondomu-egitim-modeli-gaumard\/\" \/>\n<meta property=\"og:locale\" content=\"tr_TR\" \/>\n<meta property=\"og:type\" content=\"article\" \/>\n<meta property=\"og:title\" content=\"S509 \u2013 Kad\u0131n Kondomu E\u011fitim Modeli | Gaumard - Merkim Maket\" \/>\n<meta property=\"og:description\" content=\"Kad\u0131n kondomu, diyafram ve servikal kapak uygulamalar\u0131nda kullan\u0131lan Gaumard S509 e\u011fitim modeli ile obstetrik ve jinekolojik becerileri geli\u015ftirin.\" \/>\n<meta property=\"og:url\" content=\"https:\/\/merkim.com.tr\/merkim-maket\/urun\/s509-kadin-kondomu-egitim-modeli-gaumard\/\" \/>\n<meta property=\"og:site_name\" content=\"Merkim Maket\" \/>\n<meta property=\"article:modified_time\" content=\"2025-07-06T14:17:27+00:00\" \/>\n<meta property=\"og:image\" content=\"https:\/\/merkim.com.tr\/merkim-maket\/wp-content\/uploads\/2025\/07\/female-condom-model-jinekolojik-egitim-gaumard-s509.png\" \/>\n\t<meta property=\"og:image:width\" content=\"1000\" \/>\n\t<meta property=\"og:image:height\" content=\"664\" \/>\n\t<meta property=\"og:image:type\" content=\"image\/png\" \/>\n<meta name=\"twitter:card\" content=\"summary_large_image\" \/>\n<meta name=\"twitter:label1\" content=\"Tahmini okuma s\u00fcresi\" \/>\n\t<meta name=\"twitter:data1\" content=\"2 dakika\" \/>\n<script type=\"application\/ld+json\" class=\"yoast-schema-graph\">{\"@context\":\"https:\/\/schema.org\",\"@graph\":[{\"@type\":\"WebPage\",\"@id\":\"https:\/\/merkim.com.tr\/merkim-maket\/urun\/s509-kadin-kondomu-egitim-modeli-gaumard\/\",\"url\":\"https:\/\/merkim.com.tr\/merkim-maket\/urun\/s509-kadin-kondomu-egitim-modeli-gaumard\/\",\"name\":\"S509 \u2013 Kad\u0131n Kondomu E\u011fitim Modeli | Gaumard - Merkim Maket\",\"isPartOf\":{\"@id\":\"https:\/\/merkim.com.tr\/merkim-maket\/#website\"},\"primaryImageOfPage\":{\"@id\":\"https:\/\/merkim.com.tr\/merkim-maket\/urun\/s509-kadin-kondomu-egitim-modeli-gaumard\/#primaryimage\"},\"image\":{\"@id\":\"https:\/\/merkim.com.tr\/merkim-maket\/urun\/s509-kadin-kondomu-egitim-modeli-gaumard\/#primaryimage\"},\"thumbnailUrl\":\"https:\/\/merkim.com.tr\/merkim-maket\/wp-content\/uploads\/2025\/07\/female-condom-model-jinekolojik-egitim-gaumard-s509.png\",\"datePublished\":\"2025-07-06T14:17:26+00:00\",\"dateModified\":\"2025-07-06T14:17:27+00:00\",\"description\":\"Kad\u0131n kondomu, diyafram ve servikal kapak uygulamalar\u0131nda kullan\u0131lan Gaumard S509 e\u011fitim modeli ile obstetrik ve jinekolojik becerileri geli\u015ftirin.\",\"breadcrumb\":{\"@id\":\"https:\/\/merkim.com.tr\/merkim-maket\/urun\/s509-kadin-kondomu-egitim-modeli-gaumard\/#breadcrumb\"},\"inLanguage\":\"tr\",\"potentialAction\":[{\"@type\":\"ReadAction\",\"target\":[\"https:\/\/merkim.com.tr\/merkim-maket\/urun\/s509-kadin-kondomu-egitim-modeli-gaumard\/\"]}]},{\"@type\":\"ImageObject\",\"inLanguage\":\"tr\",\"@id\":\"https:\/\/merkim.com.tr\/merkim-maket\/urun\/s509-kadin-kondomu-egitim-modeli-gaumard\/#primaryimage\",\"url\":\"https:\/\/merkim.com.tr\/merkim-maket\/wp-content\/uploads\/2025\/07\/female-condom-model-jinekolojik-egitim-gaumard-s509.png\",\"contentUrl\":\"https:\/\/merkim.com.tr\/merkim-maket\/wp-content\/uploads\/2025\/07\/female-condom-model-jinekolojik-egitim-gaumard-s509.png\",\"width\":1000,\"height\":664,\"caption\":\"Pelvik bo\u015fluk yap\u0131s\u0131yla kad\u0131n kondomu uygulama e\u011fitim modeli\"},{\"@type\":\"BreadcrumbList\",\"@id\":\"https:\/\/merkim.com.tr\/merkim-maket\/urun\/s509-kadin-kondomu-egitim-modeli-gaumard\/#breadcrumb\",\"itemListElement\":[{\"@type\":\"ListItem\",\"position\":1,\"name\":\"Anasayfa\",\"item\":\"https:\/\/merkim.com.tr\/merkim-maket\/\"},{\"@type\":\"ListItem\",\"position\":2,\"name\":\"Ma\u011faza\",\"item\":\"https:\/\/merkim.com.tr\/merkim-maket\/magaza\/\"},{\"@type\":\"ListItem\",\"position\":3,\"name\":\"S509 \u2013 Kad\u0131n Kondomu E\u011fitim Modeli | Gaumard\"}]},{\"@type\":\"WebSite\",\"@id\":\"https:\/\/merkim.com.tr\/merkim-maket\/#website\",\"url\":\"https:\/\/merkim.com.tr\/merkim-maket\/\",\"name\":\"Merkim Maket\",\"description\":\"\",\"potentialAction\":[{\"@type\":\"SearchAction\",\"target\":{\"@type\":\"EntryPoint\",\"urlTemplate\":\"https:\/\/merkim.com.tr\/merkim-maket\/?s={search_term_string}\"},\"query-input\":{\"@type\":\"PropertyValueSpecification\",\"valueRequired\":true,\"valueName\":\"search_term_string\"}}],\"inLanguage\":\"tr\"}]}<\/script>\n<!-- \/ Yoast SEO plugin. -->","yoast_head_json":{"title":"S509 \u2013 Kad\u0131n Kondomu E\u011fitim Modeli | Gaumard - Merkim Maket","description":"Kad\u0131n kondomu, diyafram ve servikal kapak uygulamalar\u0131nda kullan\u0131lan Gaumard S509 e\u011fitim modeli ile obstetrik ve jinekolojik becerileri geli\u015ftirin.","robots":{"index":"index","follow":"follow","max-snippet":"max-snippet:-1","max-image-preview":"max-image-preview:large","max-video-preview":"max-video-preview:-1"},"canonical":"https:\/\/merkim.com.tr\/merkim-maket\/urun\/s509-kadin-kondomu-egitim-modeli-gaumard\/","og_locale":"tr_TR","og_type":"article","og_title":"S509 \u2013 Kad\u0131n Kondomu E\u011fitim Modeli | Gaumard - Merkim Maket","og_description":"Kad\u0131n kondomu, diyafram ve servikal kapak uygulamalar\u0131nda kullan\u0131lan Gaumard S509 e\u011fitim modeli ile obstetrik ve jinekolojik becerileri geli\u015ftirin.","og_url":"https:\/\/merkim.com.tr\/merkim-maket\/urun\/s509-kadin-kondomu-egitim-modeli-gaumard\/","og_site_name":"Merkim Maket","article_modified_time":"2025-07-06T14:17:27+00:00","og_image":[{"width":1000,"height":664,"url":"https:\/\/merkim.com.tr\/merkim-maket\/wp-content\/uploads\/2025\/07\/female-condom-model-jinekolojik-egitim-gaumard-s509.png","type":"image\/png"}],"twitter_card":"summary_large_image","twitter_misc":{"Tahmini okuma s\u00fcresi":"2 dakika"},"schema":{"@context":"https:\/\/schema.org","@graph":[{"@type":"WebPage","@id":"https:\/\/merkim.com.tr\/merkim-maket\/urun\/s509-kadin-kondomu-egitim-modeli-gaumard\/","url":"https:\/\/merkim.com.tr\/merkim-maket\/urun\/s509-kadin-kondomu-egitim-modeli-gaumard\/","name":"S509 \u2013 Kad\u0131n Kondomu E\u011fitim Modeli | Gaumard - Merkim Maket","isPartOf":{"@id":"https:\/\/merkim.com.tr\/merkim-maket\/#website"},"primaryImageOfPage":{"@id":"https:\/\/merkim.com.tr\/merkim-maket\/urun\/s509-kadin-kondomu-egitim-modeli-gaumard\/#primaryimage"},"image":{"@id":"https:\/\/merkim.com.tr\/merkim-maket\/urun\/s509-kadin-kondomu-egitim-modeli-gaumard\/#primaryimage"},"thumbnailUrl":"https:\/\/merkim.com.tr\/merkim-maket\/wp-content\/uploads\/2025\/07\/female-condom-model-jinekolojik-egitim-gaumard-s509.png","datePublished":"2025-07-06T14:17:26+00:00","dateModified":"2025-07-06T14:17:27+00:00","description":"Kad\u0131n kondomu, diyafram ve servikal kapak uygulamalar\u0131nda kullan\u0131lan Gaumard S509 e\u011fitim modeli ile obstetrik ve jinekolojik becerileri geli\u015ftirin.","breadcrumb":{"@id":"https:\/\/merkim.com.tr\/merkim-maket\/urun\/s509-kadin-kondomu-egitim-modeli-gaumard\/#breadcrumb"},"inLanguage":"tr","potentialAction":[{"@type":"ReadAction","target":["https:\/\/merkim.com.tr\/merkim-maket\/urun\/s509-kadin-kondomu-egitim-modeli-gaumard\/"]}]},{"@type":"ImageObject","inLanguage":"tr","@id":"https:\/\/merkim.com.tr\/merkim-maket\/urun\/s509-kadin-kondomu-egitim-modeli-gaumard\/#primaryimage","url":"https:\/\/merkim.com.tr\/merkim-maket\/wp-content\/uploads\/2025\/07\/female-condom-model-jinekolojik-egitim-gaumard-s509.png","contentUrl":"https:\/\/merkim.com.tr\/merkim-maket\/wp-content\/uploads\/2025\/07\/female-condom-model-jinekolojik-egitim-gaumard-s509.png","width":1000,"height":664,"caption":"Pelvik bo\u015fluk yap\u0131s\u0131yla kad\u0131n kondomu uygulama e\u011fitim modeli"},{"@type":"BreadcrumbList","@id":"https:\/\/merkim.com.tr\/merkim-maket\/urun\/s509-kadin-kondomu-egitim-modeli-gaumard\/#breadcrumb","itemListElement":[{"@type":"ListItem","position":1,"name":"Anasayfa","item":"https:\/\/merkim.com.tr\/merkim-maket\/"},{"@type":"ListItem","position":2,"name":"Ma\u011faza","item":"https:\/\/merkim.com.tr\/merkim-maket\/magaza\/"},{"@type":"ListItem","position":3,"name":"S509 \u2013 Kad\u0131n Kondomu E\u011fitim Modeli | Gaumard"}]},{"@type":"WebSite","@id":"https:\/\/merkim.com.tr\/merkim-maket\/#website","url":"https:\/\/merkim.com.tr\/merkim-maket\/","name":"Merkim Maket","description":"","potentialAction":[{"@type":"SearchAction","target":{"@type":"EntryPoint","urlTemplate":"https:\/\/merkim.com.tr\/merkim-maket\/?s={search_term_string}"},"query-input":{"@type":"PropertyValueSpecification","valueRequired":true,"valueName":"search_term_string"}}],"inLanguage":"tr"}]}},"_links":{"self":[{"href":"https:\/\/merkim.com.tr\/merkim-maket\/wp-json\/wp\/v2\/product\/528","targetHints":{"allow":["GET"]}}],"collection":[{"href":"https:\/\/merkim.com.tr\/merkim-maket\/wp-json\/wp\/v2\/product"}],"about":[{"href":"https:\/\/merkim.com.tr\/merkim-maket\/wp-json\/wp\/v2\/types\/product"}],"replies":[{"embeddable":true,"href":"https:\/\/merkim.com.tr\/merkim-maket\/wp-json\/wp\/v2\/comments?post=528"}],"wp:featuredmedia":[{"embeddable":true,"href":"https:\/\/merkim.com.tr\/merkim-maket\/wp-json\/wp\/v2\/media\/529"}],"wp:attachment":[{"href":"https:\/\/merkim.com.tr\/merkim-maket\/wp-json\/wp\/v2\/media?parent=528"}],"wp:term":[{"taxonomy":"product_brand","embeddable":true,"href":"https:\/\/merkim.com.tr\/merkim-maket\/wp-json\/wp\/v2\/product_brand?post=528"},{"taxonomy":"product_cat","embeddable":true,"href":"https:\/\/merkim.com.tr\/merkim-maket\/wp-json\/wp\/v2\/product_cat?post=528"},{"taxonomy":"product_tag","embeddable":true,"href":"https:\/\/merkim.com.tr\/merkim-maket\/wp-json\/wp\/v2\/product_tag?post=528"}],"curies":[{"name":"wp","href":"https:\/\/api.w.org\/{rel}","templated":true}]}}