{"id":518,"date":"2025-07-06T13:18:05","date_gmt":"2025-07-06T13:18:05","guid":{"rendered":"https:\/\/merkim.com.tr\/merkim-maket\/?post_type=product&#038;p=518"},"modified":"2025-07-06T13:18:06","modified_gmt":"2025-07-06T13:18:06","slug":"zoe-s504-200-gelismis-jinekolojik-beceri-egitim-simulatoru","status":"publish","type":"product","link":"https:\/\/merkim.com.tr\/merkim-maket\/urun\/zoe-s504-200-gelismis-jinekolojik-beceri-egitim-simulatoru\/","title":{"rendered":"ZOE\u00ae S504.200 \u2013 Geli\u015fmi\u015f Jinekolojik Beceri E\u011fitim Sim\u00fclat\u00f6r\u00fc"},"content":{"rendered":"<p data-start=\"329\" data-end=\"634\"><strong data-start=\"329\" data-end=\"346\">ZOE\u00ae S504.200<\/strong>, jinekolojik e\u011fitimde \u00fcst d\u00fczey bir deneyim sunmak i\u00e7in tasarlanm\u0131\u015f, yeti\u015fkin boyutlar\u0131nda bir kad\u0131n alt v\u00fccut sim\u00fclat\u00f6r\u00fcd\u00fcr. Ger\u00e7ek\u00e7i anatomik yap\u0131s\u0131 ve de\u011fi\u015ftirilebilir patolojik mod\u00fclleri sayesinde, temel muayeneden ileri prosed\u00fcr e\u011fitimlerine kadar kapsaml\u0131 bir \u00f6\u011frenme s\u00fcreci sunar.<\/p>\n<p data-start=\"636\" data-end=\"1095\">Sim\u00fclat\u00f6r, vajinal muayene, spekulum uygulamalar\u0131, R\u0130A (spiral) yerle\u015ftirme, servikal patoloji tan\u0131lamas\u0131, iki elle pelvik muayene ve laparoskopik giri\u015fim uygulamalar\u0131 gibi pek \u00e7ok jinekolojik beceriyi \u00f6\u011fretmek i\u00e7in ideal bir yap\u0131ya sahiptir. Ayr\u0131ca farkl\u0131 gebelik evrelerine uygun uterus modelleri, de\u011fi\u015ftirilebilir serviksler, d\u0131\u015far\u0131dan palpe edilebilen kitleler ve fist\u00fcl onar\u0131mlar\u0131n\u0131 i\u00e7eren opsiyonel mod\u00fcllerle ger\u00e7ek klinik senaryolar sim\u00fcle edilebilir.<\/p>\n<h4 data-start=\"1097\" data-end=\"1124\"><strong data-start=\"1102\" data-end=\"1124\">Ba\u015fl\u0131ca \u00d6zellikler<\/strong><\/h4>\n<ul data-start=\"1125\" data-end=\"1806\">\n<li data-start=\"1125\" data-end=\"1184\">\n<p data-start=\"1127\" data-end=\"1184\">Yeti\u015fkin kad\u0131n alt v\u00fccut (diyaframdan \u00fcst uylu\u011fa kadar)<\/p>\n<\/li>\n<li data-start=\"1185\" data-end=\"1220\">\n<p data-start=\"1187\" data-end=\"1220\">Ger\u00e7ek\u00e7i ve yumu\u015fak doku yap\u0131s\u0131<\/p>\n<\/li>\n<li data-start=\"1221\" data-end=\"1271\">\n<p data-start=\"1223\" data-end=\"1271\">Vajinal giri\u015f, kondom ve diyafram uygulamalar\u0131<\/p>\n<\/li>\n<li data-start=\"1272\" data-end=\"1350\">\n<p data-start=\"1274\" data-end=\"1350\">De\u011fi\u015ftirilebilir serviksler (normal, polipli, erozyonlu, kistli, kanserli)<\/p>\n<\/li>\n<li data-start=\"1351\" data-end=\"1399\">\n<p data-start=\"1353\" data-end=\"1399\">6-8, 10-12 ve 20 haftal\u0131k gebelik uteruslar\u0131<\/p>\n<\/li>\n<li data-start=\"1400\" data-end=\"1478\">\n<p data-start=\"1402\" data-end=\"1478\">De\u011fi\u015ftirilebilir uterus modelleri (myomat\u00f6z, retroversiyon, salpenjit vb.)<\/p>\n<\/li>\n<li data-start=\"1479\" data-end=\"1539\">\n<p data-start=\"1481\" data-end=\"1539\">Histeroskopik ve bimanuel muayeneye uygun i\u00e7 patolojiler<\/p>\n<\/li>\n<li data-start=\"1540\" data-end=\"1580\">\n<p data-start=\"1542\" data-end=\"1580\">Kateterizasyon i\u00e7in \u00fcretra ve mesane<\/p>\n<\/li>\n<li data-start=\"1581\" data-end=\"1624\">\n<p data-start=\"1583\" data-end=\"1624\">Minilaparotomi i\u00e7in kesili kar\u0131n modeli<\/p>\n<\/li>\n<li data-start=\"1625\" data-end=\"1700\">\n<p data-start=\"1627\" data-end=\"1700\">\u0130ste\u011fe ba\u011fl\u0131 fist\u00fcl modeli (vezikovajinal, rektovajinal, \u00fcretrorajinal)<\/p>\n<\/li>\n<li data-start=\"1701\" data-end=\"1747\">\n<p data-start=\"1703\" data-end=\"1747\">E\u011fitmenler i\u00e7in mod\u00fcler kullan\u0131m kolayl\u0131\u011f\u0131<\/p>\n<\/li>\n<li data-start=\"1748\" data-end=\"1806\">\n<p data-start=\"1750\" data-end=\"1806\">Ta\u015f\u0131ma \u00e7antas\u0131 ve detayl\u0131 kullan\u0131m k\u0131lavuzu ile birlikte<\/p>\n<\/li>\n<\/ul>\n","protected":false},"excerpt":{"rendered":"<p>ZOE\u00ae S504.200, ger\u00e7ek\u00e7i yap\u0131s\u0131 ve kapsaml\u0131 mod\u00fclleriyle jinekolojik e\u011fitimde ileri d\u00fczey uygulamalara olanak sa\u011flayan profesyonel bir sim\u00fclasyon modelidir.<\/p>\n","protected":false},"featured_media":519,"comment_status":"open","ping_status":"closed","template":"","meta":[],"product_brand":[948],"product_cat":[15,947,1205],"product_tag":[1418,1421,1408,1422,1420,1414,1415,1417,1419,217,1423,1413,1416,1412],"class_list":{"0":"post-518","1":"product","2":"type-product","3":"status-publish","4":"has-post-thumbnail","6":"product_brand-gaumard-scientific","7":"product_cat-genel","8":"product_cat-gaumard-scientific","9":"product_cat-gaumard-skill-trainer","10":"product_tag-fistul-simulatoru","11":"product_tag-gaumard-trainer","12":"product_tag-gebelik-uterus-modeli","13":"product_tag-gynecology-simulator","14":"product_tag-histeroskopi-egitim","15":"product_tag-jinekolojik-egitim-simulatoru","16":"product_tag-kadin-sagligi-modeli","17":"product_tag-laparoskopi-simulatoru","18":"product_tag-myomatoz-uterus","19":"product_tag-pelvik-muayene-simulatoru","20":"product_tag-ria-yerlestirme-modeli","21":"product_tag-s504-200","22":"product_tag-spiral-egitimi","23":"product_tag-zoe-simulator","25":"first","26":"instock","27":"shipping-taxable","28":"product-type-simple"},"yoast_head":"<!-- This site is optimized with the Yoast SEO plugin v25.2 - https:\/\/yoast.com\/wordpress\/plugins\/seo\/ -->\n<title>ZOE\u00ae S504.200 \u2013 Geli\u015fmi\u015f Jinekolojik Beceri E\u011fitim Sim\u00fclat\u00f6r\u00fc - Merkim Maket<\/title>\n<meta name=\"description\" content=\"ZOE\u00ae S504.200, jinekolojik muayene, spiral uygulama, laparoskopi ve fist\u00fcl onar\u0131mlar\u0131 gibi geni\u015f bir e\u011fitim yelpazesi sunan geli\u015fmi\u015f jinekolojik sim\u00fclat\u00f6rd\u00fcr.\" \/>\n<meta name=\"robots\" content=\"index, follow, max-snippet:-1, max-image-preview:large, max-video-preview:-1\" \/>\n<link rel=\"canonical\" href=\"https:\/\/merkim.com.tr\/merkim-maket\/urun\/zoe-s504-200-gelismis-jinekolojik-beceri-egitim-simulatoru\/\" \/>\n<meta property=\"og:locale\" content=\"tr_TR\" \/>\n<meta property=\"og:type\" content=\"article\" \/>\n<meta property=\"og:title\" content=\"ZOE\u00ae S504.200 \u2013 Geli\u015fmi\u015f Jinekolojik Beceri E\u011fitim Sim\u00fclat\u00f6r\u00fc - Merkim Maket\" \/>\n<meta property=\"og:description\" content=\"ZOE\u00ae S504.200, jinekolojik muayene, spiral uygulama, laparoskopi ve fist\u00fcl onar\u0131mlar\u0131 gibi geni\u015f bir e\u011fitim yelpazesi sunan geli\u015fmi\u015f jinekolojik sim\u00fclat\u00f6rd\u00fcr.\" \/>\n<meta property=\"og:url\" content=\"https:\/\/merkim.com.tr\/merkim-maket\/urun\/zoe-s504-200-gelismis-jinekolojik-beceri-egitim-simulatoru\/\" \/>\n<meta property=\"og:site_name\" content=\"Merkim Maket\" \/>\n<meta property=\"article:modified_time\" content=\"2025-07-06T13:18:06+00:00\" \/>\n<meta property=\"og:image\" content=\"https:\/\/merkim.com.tr\/merkim-maket\/wp-content\/uploads\/2025\/07\/zoe-jinekolojik-egitim-simulatoru-s504200-gaumard.png\" \/>\n\t<meta property=\"og:image:width\" content=\"800\" \/>\n\t<meta property=\"og:image:height\" content=\"531\" \/>\n\t<meta property=\"og:image:type\" content=\"image\/png\" \/>\n<meta name=\"twitter:card\" content=\"summary_large_image\" \/>\n<meta name=\"twitter:label1\" content=\"Tahmini okuma s\u00fcresi\" \/>\n\t<meta name=\"twitter:data1\" content=\"2 dakika\" \/>\n<script type=\"application\/ld+json\" class=\"yoast-schema-graph\">{\"@context\":\"https:\/\/schema.org\",\"@graph\":[{\"@type\":\"WebPage\",\"@id\":\"https:\/\/merkim.com.tr\/merkim-maket\/urun\/zoe-s504-200-gelismis-jinekolojik-beceri-egitim-simulatoru\/\",\"url\":\"https:\/\/merkim.com.tr\/merkim-maket\/urun\/zoe-s504-200-gelismis-jinekolojik-beceri-egitim-simulatoru\/\",\"name\":\"ZOE\u00ae S504.200 \u2013 Geli\u015fmi\u015f Jinekolojik Beceri E\u011fitim Sim\u00fclat\u00f6r\u00fc - Merkim Maket\",\"isPartOf\":{\"@id\":\"https:\/\/merkim.com.tr\/merkim-maket\/#website\"},\"primaryImageOfPage\":{\"@id\":\"https:\/\/merkim.com.tr\/merkim-maket\/urun\/zoe-s504-200-gelismis-jinekolojik-beceri-egitim-simulatoru\/#primaryimage\"},\"image\":{\"@id\":\"https:\/\/merkim.com.tr\/merkim-maket\/urun\/zoe-s504-200-gelismis-jinekolojik-beceri-egitim-simulatoru\/#primaryimage\"},\"thumbnailUrl\":\"https:\/\/merkim.com.tr\/merkim-maket\/wp-content\/uploads\/2025\/07\/zoe-jinekolojik-egitim-simulatoru-s504200-gaumard.png\",\"datePublished\":\"2025-07-06T13:18:05+00:00\",\"dateModified\":\"2025-07-06T13:18:06+00:00\",\"description\":\"ZOE\u00ae S504.200, jinekolojik muayene, spiral uygulama, laparoskopi ve fist\u00fcl onar\u0131mlar\u0131 gibi geni\u015f bir e\u011fitim yelpazesi sunan geli\u015fmi\u015f jinekolojik sim\u00fclat\u00f6rd\u00fcr.\",\"breadcrumb\":{\"@id\":\"https:\/\/merkim.com.tr\/merkim-maket\/urun\/zoe-s504-200-gelismis-jinekolojik-beceri-egitim-simulatoru\/#breadcrumb\"},\"inLanguage\":\"tr\",\"potentialAction\":[{\"@type\":\"ReadAction\",\"target\":[\"https:\/\/merkim.com.tr\/merkim-maket\/urun\/zoe-s504-200-gelismis-jinekolojik-beceri-egitim-simulatoru\/\"]}]},{\"@type\":\"ImageObject\",\"inLanguage\":\"tr\",\"@id\":\"https:\/\/merkim.com.tr\/merkim-maket\/urun\/zoe-s504-200-gelismis-jinekolojik-beceri-egitim-simulatoru\/#primaryimage\",\"url\":\"https:\/\/merkim.com.tr\/merkim-maket\/wp-content\/uploads\/2025\/07\/zoe-jinekolojik-egitim-simulatoru-s504200-gaumard.png\",\"contentUrl\":\"https:\/\/merkim.com.tr\/merkim-maket\/wp-content\/uploads\/2025\/07\/zoe-jinekolojik-egitim-simulatoru-s504200-gaumard.png\",\"width\":800,\"height\":531,\"caption\":\"R\u0130A yerle\u015ftirme, pelvik muayene, laparoskopi ve fist\u00fcl e\u011fitimine uygun Gaumard jinekolojik sim\u00fclat\u00f6r\"},{\"@type\":\"BreadcrumbList\",\"@id\":\"https:\/\/merkim.com.tr\/merkim-maket\/urun\/zoe-s504-200-gelismis-jinekolojik-beceri-egitim-simulatoru\/#breadcrumb\",\"itemListElement\":[{\"@type\":\"ListItem\",\"position\":1,\"name\":\"Anasayfa\",\"item\":\"https:\/\/merkim.com.tr\/merkim-maket\/\"},{\"@type\":\"ListItem\",\"position\":2,\"name\":\"Ma\u011faza\",\"item\":\"https:\/\/merkim.com.tr\/merkim-maket\/magaza\/\"},{\"@type\":\"ListItem\",\"position\":3,\"name\":\"ZOE\u00ae S504.200 \u2013 Geli\u015fmi\u015f Jinekolojik Beceri E\u011fitim Sim\u00fclat\u00f6r\u00fc\"}]},{\"@type\":\"WebSite\",\"@id\":\"https:\/\/merkim.com.tr\/merkim-maket\/#website\",\"url\":\"https:\/\/merkim.com.tr\/merkim-maket\/\",\"name\":\"Merkim Maket\",\"description\":\"\",\"potentialAction\":[{\"@type\":\"SearchAction\",\"target\":{\"@type\":\"EntryPoint\",\"urlTemplate\":\"https:\/\/merkim.com.tr\/merkim-maket\/?s={search_term_string}\"},\"query-input\":{\"@type\":\"PropertyValueSpecification\",\"valueRequired\":true,\"valueName\":\"search_term_string\"}}],\"inLanguage\":\"tr\"}]}<\/script>\n<!-- \/ Yoast SEO plugin. -->","yoast_head_json":{"title":"ZOE\u00ae S504.200 \u2013 Geli\u015fmi\u015f Jinekolojik Beceri E\u011fitim Sim\u00fclat\u00f6r\u00fc - Merkim Maket","description":"ZOE\u00ae S504.200, jinekolojik muayene, spiral uygulama, laparoskopi ve fist\u00fcl onar\u0131mlar\u0131 gibi geni\u015f bir e\u011fitim yelpazesi sunan geli\u015fmi\u015f jinekolojik sim\u00fclat\u00f6rd\u00fcr.","robots":{"index":"index","follow":"follow","max-snippet":"max-snippet:-1","max-image-preview":"max-image-preview:large","max-video-preview":"max-video-preview:-1"},"canonical":"https:\/\/merkim.com.tr\/merkim-maket\/urun\/zoe-s504-200-gelismis-jinekolojik-beceri-egitim-simulatoru\/","og_locale":"tr_TR","og_type":"article","og_title":"ZOE\u00ae S504.200 \u2013 Geli\u015fmi\u015f Jinekolojik Beceri E\u011fitim Sim\u00fclat\u00f6r\u00fc - Merkim Maket","og_description":"ZOE\u00ae S504.200, jinekolojik muayene, spiral uygulama, laparoskopi ve fist\u00fcl onar\u0131mlar\u0131 gibi geni\u015f bir e\u011fitim yelpazesi sunan geli\u015fmi\u015f jinekolojik sim\u00fclat\u00f6rd\u00fcr.","og_url":"https:\/\/merkim.com.tr\/merkim-maket\/urun\/zoe-s504-200-gelismis-jinekolojik-beceri-egitim-simulatoru\/","og_site_name":"Merkim Maket","article_modified_time":"2025-07-06T13:18:06+00:00","og_image":[{"width":800,"height":531,"url":"https:\/\/merkim.com.tr\/merkim-maket\/wp-content\/uploads\/2025\/07\/zoe-jinekolojik-egitim-simulatoru-s504200-gaumard.png","type":"image\/png"}],"twitter_card":"summary_large_image","twitter_misc":{"Tahmini okuma s\u00fcresi":"2 dakika"},"schema":{"@context":"https:\/\/schema.org","@graph":[{"@type":"WebPage","@id":"https:\/\/merkim.com.tr\/merkim-maket\/urun\/zoe-s504-200-gelismis-jinekolojik-beceri-egitim-simulatoru\/","url":"https:\/\/merkim.com.tr\/merkim-maket\/urun\/zoe-s504-200-gelismis-jinekolojik-beceri-egitim-simulatoru\/","name":"ZOE\u00ae S504.200 \u2013 Geli\u015fmi\u015f Jinekolojik Beceri E\u011fitim Sim\u00fclat\u00f6r\u00fc - Merkim Maket","isPartOf":{"@id":"https:\/\/merkim.com.tr\/merkim-maket\/#website"},"primaryImageOfPage":{"@id":"https:\/\/merkim.com.tr\/merkim-maket\/urun\/zoe-s504-200-gelismis-jinekolojik-beceri-egitim-simulatoru\/#primaryimage"},"image":{"@id":"https:\/\/merkim.com.tr\/merkim-maket\/urun\/zoe-s504-200-gelismis-jinekolojik-beceri-egitim-simulatoru\/#primaryimage"},"thumbnailUrl":"https:\/\/merkim.com.tr\/merkim-maket\/wp-content\/uploads\/2025\/07\/zoe-jinekolojik-egitim-simulatoru-s504200-gaumard.png","datePublished":"2025-07-06T13:18:05+00:00","dateModified":"2025-07-06T13:18:06+00:00","description":"ZOE\u00ae S504.200, jinekolojik muayene, spiral uygulama, laparoskopi ve fist\u00fcl onar\u0131mlar\u0131 gibi geni\u015f bir e\u011fitim yelpazesi sunan geli\u015fmi\u015f jinekolojik sim\u00fclat\u00f6rd\u00fcr.","breadcrumb":{"@id":"https:\/\/merkim.com.tr\/merkim-maket\/urun\/zoe-s504-200-gelismis-jinekolojik-beceri-egitim-simulatoru\/#breadcrumb"},"inLanguage":"tr","potentialAction":[{"@type":"ReadAction","target":["https:\/\/merkim.com.tr\/merkim-maket\/urun\/zoe-s504-200-gelismis-jinekolojik-beceri-egitim-simulatoru\/"]}]},{"@type":"ImageObject","inLanguage":"tr","@id":"https:\/\/merkim.com.tr\/merkim-maket\/urun\/zoe-s504-200-gelismis-jinekolojik-beceri-egitim-simulatoru\/#primaryimage","url":"https:\/\/merkim.com.tr\/merkim-maket\/wp-content\/uploads\/2025\/07\/zoe-jinekolojik-egitim-simulatoru-s504200-gaumard.png","contentUrl":"https:\/\/merkim.com.tr\/merkim-maket\/wp-content\/uploads\/2025\/07\/zoe-jinekolojik-egitim-simulatoru-s504200-gaumard.png","width":800,"height":531,"caption":"R\u0130A yerle\u015ftirme, pelvik muayene, laparoskopi ve fist\u00fcl e\u011fitimine uygun Gaumard jinekolojik sim\u00fclat\u00f6r"},{"@type":"BreadcrumbList","@id":"https:\/\/merkim.com.tr\/merkim-maket\/urun\/zoe-s504-200-gelismis-jinekolojik-beceri-egitim-simulatoru\/#breadcrumb","itemListElement":[{"@type":"ListItem","position":1,"name":"Anasayfa","item":"https:\/\/merkim.com.tr\/merkim-maket\/"},{"@type":"ListItem","position":2,"name":"Ma\u011faza","item":"https:\/\/merkim.com.tr\/merkim-maket\/magaza\/"},{"@type":"ListItem","position":3,"name":"ZOE\u00ae S504.200 \u2013 Geli\u015fmi\u015f Jinekolojik Beceri E\u011fitim Sim\u00fclat\u00f6r\u00fc"}]},{"@type":"WebSite","@id":"https:\/\/merkim.com.tr\/merkim-maket\/#website","url":"https:\/\/merkim.com.tr\/merkim-maket\/","name":"Merkim Maket","description":"","potentialAction":[{"@type":"SearchAction","target":{"@type":"EntryPoint","urlTemplate":"https:\/\/merkim.com.tr\/merkim-maket\/?s={search_term_string}"},"query-input":{"@type":"PropertyValueSpecification","valueRequired":true,"valueName":"search_term_string"}}],"inLanguage":"tr"}]}},"_links":{"self":[{"href":"https:\/\/merkim.com.tr\/merkim-maket\/wp-json\/wp\/v2\/product\/518","targetHints":{"allow":["GET"]}}],"collection":[{"href":"https:\/\/merkim.com.tr\/merkim-maket\/wp-json\/wp\/v2\/product"}],"about":[{"href":"https:\/\/merkim.com.tr\/merkim-maket\/wp-json\/wp\/v2\/types\/product"}],"replies":[{"embeddable":true,"href":"https:\/\/merkim.com.tr\/merkim-maket\/wp-json\/wp\/v2\/comments?post=518"}],"wp:featuredmedia":[{"embeddable":true,"href":"https:\/\/merkim.com.tr\/merkim-maket\/wp-json\/wp\/v2\/media\/519"}],"wp:attachment":[{"href":"https:\/\/merkim.com.tr\/merkim-maket\/wp-json\/wp\/v2\/media?parent=518"}],"wp:term":[{"taxonomy":"product_brand","embeddable":true,"href":"https:\/\/merkim.com.tr\/merkim-maket\/wp-json\/wp\/v2\/product_brand?post=518"},{"taxonomy":"product_cat","embeddable":true,"href":"https:\/\/merkim.com.tr\/merkim-maket\/wp-json\/wp\/v2\/product_cat?post=518"},{"taxonomy":"product_tag","embeddable":true,"href":"https:\/\/merkim.com.tr\/merkim-maket\/wp-json\/wp\/v2\/product_tag?post=518"}],"curies":[{"name":"wp","href":"https:\/\/api.w.org\/{rel}","templated":true}]}}