{"id":515,"date":"2025-07-06T13:00:06","date_gmt":"2025-07-06T13:00:06","guid":{"rendered":"https:\/\/merkim.com.tr\/merkim-maket\/?post_type=product&#038;p=515"},"modified":"2025-07-06T13:00:06","modified_gmt":"2025-07-06T13:00:06","slug":"zoe-s504-100-jinekolojik-beceri-gelistirme-simulatoru","status":"publish","type":"product","link":"https:\/\/merkim.com.tr\/merkim-maket\/urun\/zoe-s504-100-jinekolojik-beceri-gelistirme-simulatoru\/","title":{"rendered":"ZOE\u00ae S504.100 \u2013 Jinekolojik Beceri Geli\u015ftirme Sim\u00fclat\u00f6r\u00fc"},"content":{"rendered":"<p data-start=\"312\" data-end=\"697\"><strong data-start=\"312\" data-end=\"329\">ZOE\u00ae S504.100<\/strong>, jinekolojik muayene ve prosed\u00fcr e\u011fitimlerinde en kapsaml\u0131 ve ger\u00e7ek\u00e7i e\u011fitim \u00e7\u00f6z\u00fcm\u00fcn\u00fc sunan, tam boy kad\u0131n alt v\u00fccut sim\u00fclat\u00f6r\u00fcd\u00fcr. Kad\u0131n hastal\u0131klar\u0131 ve do\u011fum alan\u0131ndaki klinisyenler taraf\u0131ndan, sa\u011fl\u0131k profesyonelleri i\u00e7in \u00f6zel olarak geli\u015ftirilmi\u015f bu model, temel jinekolojik becerilerden ileri cerrahi sim\u00fclasyonlara kadar geni\u015f bir uygulama yelpazesine sahiptir.<\/p>\n<p data-start=\"699\" data-end=\"1074\">ZOE\u00ae, iki elle pelvik muayene, vajinal muayene, spekulum uygulamas\u0131, normal ve anormal serviks tan\u0131mlama, R\u0130A (spiral) yerle\u015ftirme ve \u00e7\u0131karma, diyafram yerle\u015ftirme ve vajinal kondom uygulamalar\u0131 gibi temel becerilerin kazan\u0131m\u0131n\u0131 sa\u011flar. Ayn\u0131 zamanda laparoskopik t\u00fcp ligasyonu, fallop t\u00fcplerinin g\u00f6rselle\u015ftirilmesi ve minilaparotomi gibi cerrahi uygulamalara da olanak tan\u0131r.<\/p>\n<p data-start=\"1076\" data-end=\"1099\"><strong data-start=\"1076\" data-end=\"1099\">Ba\u015fl\u0131ca \u00d6zellikler:<\/strong><\/p>\n<ul data-start=\"1100\" data-end=\"1676\">\n<li data-start=\"1100\" data-end=\"1141\">\n<p data-start=\"1102\" data-end=\"1141\">Ger\u00e7ek boyutlu kad\u0131n alt v\u00fccut modeli<\/p>\n<\/li>\n<li data-start=\"1142\" data-end=\"1209\">\n<p data-start=\"1144\" data-end=\"1209\">Anatomik olarak do\u011fru uterus, serviks, over ve fimbria yap\u0131lar\u0131<\/p>\n<\/li>\n<li data-start=\"1210\" data-end=\"1263\">\n<p data-start=\"1212\" data-end=\"1263\">\u0130ki elle pelvik muayene ve palpasyon egzersizleri<\/p>\n<\/li>\n<li data-start=\"1264\" data-end=\"1308\">\n<p data-start=\"1266\" data-end=\"1308\">Normal ve anormal serviks g\u00f6rselle\u015ftirme<\/p>\n<\/li>\n<li data-start=\"1309\" data-end=\"1348\">\n<p data-start=\"1311\" data-end=\"1348\">R\u0130A (spiral) yerle\u015ftirme ve \u00e7\u0131karma<\/p>\n<\/li>\n<li data-start=\"1349\" data-end=\"1398\">\n<p data-start=\"1351\" data-end=\"1398\">Vajinal kondom ve 75 mm diyafram uygulamalar\u0131<\/p>\n<\/li>\n<li data-start=\"1399\" data-end=\"1457\">\n<p data-start=\"1401\" data-end=\"1457\">6-8, 10-12 ve 20 haftal\u0131k gebelik uteruslar\u0131yla e\u011fitim<\/p>\n<\/li>\n<li data-start=\"1458\" data-end=\"1509\">\n<p data-start=\"1460\" data-end=\"1509\">Laparoskopik uygulama ve t\u00fcp ligasyonu becerisi<\/p>\n<\/li>\n<li data-start=\"1510\" data-end=\"1536\">\n<p data-start=\"1512\" data-end=\"1536\">Minilaparotomi prati\u011fi<\/p>\n<\/li>\n<li data-start=\"1537\" data-end=\"1612\">\n<p data-start=\"1539\" data-end=\"1612\">De\u011fi\u015ftirilebilir uterus ve serviks mod\u00fclleri (h\u0131zl\u0131 &#8220;vida&#8221; mekanizmas\u0131)<\/p>\n<\/li>\n<li data-start=\"1613\" data-end=\"1676\">\n<p data-start=\"1615\" data-end=\"1676\">E\u011fitim \u00e7antas\u0131 ve t\u00fcm yedek mod\u00fcllerle birlikte teslim edilir<\/p>\n<\/li>\n<\/ul>\n","protected":false},"excerpt":{"rendered":"<p>ZOE\u00ae S504.100, jinekolojik beceri geli\u015fimi i\u00e7in tasarlanm\u0131\u015f, laparoskopik ve minilaparotomi uygulamalar\u0131n\u0131 da destekleyen geli\u015fmi\u015f bir e\u011fitim sim\u00fclat\u00f6r\u00fcd\u00fcr.<\/p>\n","protected":false},"featured_media":517,"comment_status":"open","ping_status":"closed","template":"","meta":[],"product_brand":[948],"product_cat":[15,947,1205],"product_tag":[1410,1408,1409,220,1394,1407,1411,217,1406,1404,1405,1403],"class_list":{"0":"post-515","1":"product","2":"type-product","3":"status-publish","4":"has-post-thumbnail","6":"product_brand-gaumard-scientific","7":"product_cat-genel","8":"product_cat-gaumard-scientific","9":"product_cat-gaumard-skill-trainer","10":"product_tag-gaumard-egitim-modeli","11":"product_tag-gebelik-uterus-modeli","12":"product_tag-gynecology-trainer","13":"product_tag-jinekolojik-simulator","14":"product_tag-kadin-sagligi-egitimi","15":"product_tag-laparoskopik-egitim-modeli","16":"product_tag-minilaparotomi-egitimi","17":"product_tag-pelvik-muayene-simulatoru","18":"product_tag-spekulum-egitimi","19":"product_tag-spiral-yerlestirme-simulatoru","20":"product_tag-vajinal-muayene","21":"product_tag-zoe-s504-100","23":"first","24":"instock","25":"shipping-taxable","26":"product-type-simple"},"yoast_head":"<!-- This site is optimized with the Yoast SEO plugin v25.2 - https:\/\/yoast.com\/wordpress\/plugins\/seo\/ -->\n<title>ZOE\u00ae S504.100 \u2013 Jinekolojik Beceri Geli\u015ftirme Sim\u00fclat\u00f6r\u00fc - Merkim Maket<\/title>\n<meta name=\"description\" content=\"ZOE\u00ae S504.100 jinekolojik sim\u00fclat\u00f6r; pelvik muayene, spiral uygulamas\u0131, laparoskopik e\u011fitim ve gebelik uteruslar\u0131yla kad\u0131n sa\u011fl\u0131\u011f\u0131 e\u011fitiminde kapsaml\u0131 bir \u00e7\u00f6z\u00fcm sunar.\" \/>\n<meta name=\"robots\" content=\"index, follow, max-snippet:-1, max-image-preview:large, max-video-preview:-1\" \/>\n<link rel=\"canonical\" href=\"https:\/\/merkim.com.tr\/merkim-maket\/urun\/zoe-s504-100-jinekolojik-beceri-gelistirme-simulatoru\/\" \/>\n<meta property=\"og:locale\" content=\"tr_TR\" \/>\n<meta property=\"og:type\" content=\"article\" \/>\n<meta property=\"og:title\" content=\"ZOE\u00ae S504.100 \u2013 Jinekolojik Beceri Geli\u015ftirme Sim\u00fclat\u00f6r\u00fc - Merkim Maket\" \/>\n<meta property=\"og:description\" content=\"ZOE\u00ae S504.100 jinekolojik sim\u00fclat\u00f6r; pelvik muayene, spiral uygulamas\u0131, laparoskopik e\u011fitim ve gebelik uteruslar\u0131yla kad\u0131n sa\u011fl\u0131\u011f\u0131 e\u011fitiminde kapsaml\u0131 bir \u00e7\u00f6z\u00fcm sunar.\" \/>\n<meta property=\"og:url\" content=\"https:\/\/merkim.com.tr\/merkim-maket\/urun\/zoe-s504-100-jinekolojik-beceri-gelistirme-simulatoru\/\" \/>\n<meta property=\"og:site_name\" content=\"Merkim Maket\" \/>\n<meta property=\"og:image\" content=\"https:\/\/merkim.com.tr\/merkim-maket\/wp-content\/uploads\/2025\/07\/zoe-jinekolojik-simulator-s504100-gaumard.png\" \/>\n\t<meta property=\"og:image:width\" content=\"800\" \/>\n\t<meta property=\"og:image:height\" content=\"531\" \/>\n\t<meta property=\"og:image:type\" content=\"image\/png\" \/>\n<meta name=\"twitter:card\" content=\"summary_large_image\" \/>\n<meta name=\"twitter:label1\" content=\"Tahmini okuma s\u00fcresi\" \/>\n\t<meta name=\"twitter:data1\" content=\"2 dakika\" \/>\n<script type=\"application\/ld+json\" class=\"yoast-schema-graph\">{\"@context\":\"https:\/\/schema.org\",\"@graph\":[{\"@type\":\"WebPage\",\"@id\":\"https:\/\/merkim.com.tr\/merkim-maket\/urun\/zoe-s504-100-jinekolojik-beceri-gelistirme-simulatoru\/\",\"url\":\"https:\/\/merkim.com.tr\/merkim-maket\/urun\/zoe-s504-100-jinekolojik-beceri-gelistirme-simulatoru\/\",\"name\":\"ZOE\u00ae S504.100 \u2013 Jinekolojik Beceri Geli\u015ftirme Sim\u00fclat\u00f6r\u00fc - Merkim Maket\",\"isPartOf\":{\"@id\":\"https:\/\/merkim.com.tr\/merkim-maket\/#website\"},\"primaryImageOfPage\":{\"@id\":\"https:\/\/merkim.com.tr\/merkim-maket\/urun\/zoe-s504-100-jinekolojik-beceri-gelistirme-simulatoru\/#primaryimage\"},\"image\":{\"@id\":\"https:\/\/merkim.com.tr\/merkim-maket\/urun\/zoe-s504-100-jinekolojik-beceri-gelistirme-simulatoru\/#primaryimage\"},\"thumbnailUrl\":\"https:\/\/merkim.com.tr\/merkim-maket\/wp-content\/uploads\/2025\/07\/zoe-jinekolojik-simulator-s504100-gaumard.png\",\"datePublished\":\"2025-07-06T13:00:06+00:00\",\"description\":\"ZOE\u00ae S504.100 jinekolojik sim\u00fclat\u00f6r; pelvik muayene, spiral uygulamas\u0131, laparoskopik e\u011fitim ve gebelik uteruslar\u0131yla kad\u0131n sa\u011fl\u0131\u011f\u0131 e\u011fitiminde kapsaml\u0131 bir \u00e7\u00f6z\u00fcm sunar.\",\"breadcrumb\":{\"@id\":\"https:\/\/merkim.com.tr\/merkim-maket\/urun\/zoe-s504-100-jinekolojik-beceri-gelistirme-simulatoru\/#breadcrumb\"},\"inLanguage\":\"tr\",\"potentialAction\":[{\"@type\":\"ReadAction\",\"target\":[\"https:\/\/merkim.com.tr\/merkim-maket\/urun\/zoe-s504-100-jinekolojik-beceri-gelistirme-simulatoru\/\"]}]},{\"@type\":\"ImageObject\",\"inLanguage\":\"tr\",\"@id\":\"https:\/\/merkim.com.tr\/merkim-maket\/urun\/zoe-s504-100-jinekolojik-beceri-gelistirme-simulatoru\/#primaryimage\",\"url\":\"https:\/\/merkim.com.tr\/merkim-maket\/wp-content\/uploads\/2025\/07\/zoe-jinekolojik-simulator-s504100-gaumard.png\",\"contentUrl\":\"https:\/\/merkim.com.tr\/merkim-maket\/wp-content\/uploads\/2025\/07\/zoe-jinekolojik-simulator-s504100-gaumard.png\",\"width\":800,\"height\":531,\"caption\":\"Ger\u00e7ek boyutlu, laparoskopi ve jinekolojik muayene e\u011fitimi i\u00e7in kapsaml\u0131 sim\u00fclat\u00f6r\"},{\"@type\":\"BreadcrumbList\",\"@id\":\"https:\/\/merkim.com.tr\/merkim-maket\/urun\/zoe-s504-100-jinekolojik-beceri-gelistirme-simulatoru\/#breadcrumb\",\"itemListElement\":[{\"@type\":\"ListItem\",\"position\":1,\"name\":\"Anasayfa\",\"item\":\"https:\/\/merkim.com.tr\/merkim-maket\/\"},{\"@type\":\"ListItem\",\"position\":2,\"name\":\"Ma\u011faza\",\"item\":\"https:\/\/merkim.com.tr\/merkim-maket\/magaza\/\"},{\"@type\":\"ListItem\",\"position\":3,\"name\":\"ZOE\u00ae S504.100 \u2013 Jinekolojik Beceri Geli\u015ftirme Sim\u00fclat\u00f6r\u00fc\"}]},{\"@type\":\"WebSite\",\"@id\":\"https:\/\/merkim.com.tr\/merkim-maket\/#website\",\"url\":\"https:\/\/merkim.com.tr\/merkim-maket\/\",\"name\":\"Merkim Maket\",\"description\":\"\",\"potentialAction\":[{\"@type\":\"SearchAction\",\"target\":{\"@type\":\"EntryPoint\",\"urlTemplate\":\"https:\/\/merkim.com.tr\/merkim-maket\/?s={search_term_string}\"},\"query-input\":{\"@type\":\"PropertyValueSpecification\",\"valueRequired\":true,\"valueName\":\"search_term_string\"}}],\"inLanguage\":\"tr\"}]}<\/script>\n<!-- \/ Yoast SEO plugin. -->","yoast_head_json":{"title":"ZOE\u00ae S504.100 \u2013 Jinekolojik Beceri Geli\u015ftirme Sim\u00fclat\u00f6r\u00fc - Merkim Maket","description":"ZOE\u00ae S504.100 jinekolojik sim\u00fclat\u00f6r; pelvik muayene, spiral uygulamas\u0131, laparoskopik e\u011fitim ve gebelik uteruslar\u0131yla kad\u0131n sa\u011fl\u0131\u011f\u0131 e\u011fitiminde kapsaml\u0131 bir \u00e7\u00f6z\u00fcm sunar.","robots":{"index":"index","follow":"follow","max-snippet":"max-snippet:-1","max-image-preview":"max-image-preview:large","max-video-preview":"max-video-preview:-1"},"canonical":"https:\/\/merkim.com.tr\/merkim-maket\/urun\/zoe-s504-100-jinekolojik-beceri-gelistirme-simulatoru\/","og_locale":"tr_TR","og_type":"article","og_title":"ZOE\u00ae S504.100 \u2013 Jinekolojik Beceri Geli\u015ftirme Sim\u00fclat\u00f6r\u00fc - Merkim Maket","og_description":"ZOE\u00ae S504.100 jinekolojik sim\u00fclat\u00f6r; pelvik muayene, spiral uygulamas\u0131, laparoskopik e\u011fitim ve gebelik uteruslar\u0131yla kad\u0131n sa\u011fl\u0131\u011f\u0131 e\u011fitiminde kapsaml\u0131 bir \u00e7\u00f6z\u00fcm sunar.","og_url":"https:\/\/merkim.com.tr\/merkim-maket\/urun\/zoe-s504-100-jinekolojik-beceri-gelistirme-simulatoru\/","og_site_name":"Merkim Maket","og_image":[{"width":800,"height":531,"url":"https:\/\/merkim.com.tr\/merkim-maket\/wp-content\/uploads\/2025\/07\/zoe-jinekolojik-simulator-s504100-gaumard.png","type":"image\/png"}],"twitter_card":"summary_large_image","twitter_misc":{"Tahmini okuma s\u00fcresi":"2 dakika"},"schema":{"@context":"https:\/\/schema.org","@graph":[{"@type":"WebPage","@id":"https:\/\/merkim.com.tr\/merkim-maket\/urun\/zoe-s504-100-jinekolojik-beceri-gelistirme-simulatoru\/","url":"https:\/\/merkim.com.tr\/merkim-maket\/urun\/zoe-s504-100-jinekolojik-beceri-gelistirme-simulatoru\/","name":"ZOE\u00ae S504.100 \u2013 Jinekolojik Beceri Geli\u015ftirme Sim\u00fclat\u00f6r\u00fc - Merkim Maket","isPartOf":{"@id":"https:\/\/merkim.com.tr\/merkim-maket\/#website"},"primaryImageOfPage":{"@id":"https:\/\/merkim.com.tr\/merkim-maket\/urun\/zoe-s504-100-jinekolojik-beceri-gelistirme-simulatoru\/#primaryimage"},"image":{"@id":"https:\/\/merkim.com.tr\/merkim-maket\/urun\/zoe-s504-100-jinekolojik-beceri-gelistirme-simulatoru\/#primaryimage"},"thumbnailUrl":"https:\/\/merkim.com.tr\/merkim-maket\/wp-content\/uploads\/2025\/07\/zoe-jinekolojik-simulator-s504100-gaumard.png","datePublished":"2025-07-06T13:00:06+00:00","description":"ZOE\u00ae S504.100 jinekolojik sim\u00fclat\u00f6r; pelvik muayene, spiral uygulamas\u0131, laparoskopik e\u011fitim ve gebelik uteruslar\u0131yla kad\u0131n sa\u011fl\u0131\u011f\u0131 e\u011fitiminde kapsaml\u0131 bir \u00e7\u00f6z\u00fcm sunar.","breadcrumb":{"@id":"https:\/\/merkim.com.tr\/merkim-maket\/urun\/zoe-s504-100-jinekolojik-beceri-gelistirme-simulatoru\/#breadcrumb"},"inLanguage":"tr","potentialAction":[{"@type":"ReadAction","target":["https:\/\/merkim.com.tr\/merkim-maket\/urun\/zoe-s504-100-jinekolojik-beceri-gelistirme-simulatoru\/"]}]},{"@type":"ImageObject","inLanguage":"tr","@id":"https:\/\/merkim.com.tr\/merkim-maket\/urun\/zoe-s504-100-jinekolojik-beceri-gelistirme-simulatoru\/#primaryimage","url":"https:\/\/merkim.com.tr\/merkim-maket\/wp-content\/uploads\/2025\/07\/zoe-jinekolojik-simulator-s504100-gaumard.png","contentUrl":"https:\/\/merkim.com.tr\/merkim-maket\/wp-content\/uploads\/2025\/07\/zoe-jinekolojik-simulator-s504100-gaumard.png","width":800,"height":531,"caption":"Ger\u00e7ek boyutlu, laparoskopi ve jinekolojik muayene e\u011fitimi i\u00e7in kapsaml\u0131 sim\u00fclat\u00f6r"},{"@type":"BreadcrumbList","@id":"https:\/\/merkim.com.tr\/merkim-maket\/urun\/zoe-s504-100-jinekolojik-beceri-gelistirme-simulatoru\/#breadcrumb","itemListElement":[{"@type":"ListItem","position":1,"name":"Anasayfa","item":"https:\/\/merkim.com.tr\/merkim-maket\/"},{"@type":"ListItem","position":2,"name":"Ma\u011faza","item":"https:\/\/merkim.com.tr\/merkim-maket\/magaza\/"},{"@type":"ListItem","position":3,"name":"ZOE\u00ae S504.100 \u2013 Jinekolojik Beceri Geli\u015ftirme Sim\u00fclat\u00f6r\u00fc"}]},{"@type":"WebSite","@id":"https:\/\/merkim.com.tr\/merkim-maket\/#website","url":"https:\/\/merkim.com.tr\/merkim-maket\/","name":"Merkim Maket","description":"","potentialAction":[{"@type":"SearchAction","target":{"@type":"EntryPoint","urlTemplate":"https:\/\/merkim.com.tr\/merkim-maket\/?s={search_term_string}"},"query-input":{"@type":"PropertyValueSpecification","valueRequired":true,"valueName":"search_term_string"}}],"inLanguage":"tr"}]}},"_links":{"self":[{"href":"https:\/\/merkim.com.tr\/merkim-maket\/wp-json\/wp\/v2\/product\/515","targetHints":{"allow":["GET"]}}],"collection":[{"href":"https:\/\/merkim.com.tr\/merkim-maket\/wp-json\/wp\/v2\/product"}],"about":[{"href":"https:\/\/merkim.com.tr\/merkim-maket\/wp-json\/wp\/v2\/types\/product"}],"replies":[{"embeddable":true,"href":"https:\/\/merkim.com.tr\/merkim-maket\/wp-json\/wp\/v2\/comments?post=515"}],"wp:featuredmedia":[{"embeddable":true,"href":"https:\/\/merkim.com.tr\/merkim-maket\/wp-json\/wp\/v2\/media\/517"}],"wp:attachment":[{"href":"https:\/\/merkim.com.tr\/merkim-maket\/wp-json\/wp\/v2\/media?parent=515"}],"wp:term":[{"taxonomy":"product_brand","embeddable":true,"href":"https:\/\/merkim.com.tr\/merkim-maket\/wp-json\/wp\/v2\/product_brand?post=515"},{"taxonomy":"product_cat","embeddable":true,"href":"https:\/\/merkim.com.tr\/merkim-maket\/wp-json\/wp\/v2\/product_cat?post=515"},{"taxonomy":"product_tag","embeddable":true,"href":"https:\/\/merkim.com.tr\/merkim-maket\/wp-json\/wp\/v2\/product_tag?post=515"}],"curies":[{"name":"wp","href":"https:\/\/api.w.org\/{rel}","templated":true}]}}