{"id":513,"date":"2025-07-06T12:19:16","date_gmt":"2025-07-06T12:19:16","guid":{"rendered":"https:\/\/merkim.com.tr\/merkim-maket\/?post_type=product&#038;p=513"},"modified":"2025-07-06T12:19:16","modified_gmt":"2025-07-06T12:19:16","slug":"sima-gyn-aid-s503-jinekolojik-egitim-simulatoru","status":"publish","type":"product","link":"https:\/\/merkim.com.tr\/merkim-maket\/urun\/sima-gyn-aid-s503-jinekolojik-egitim-simulatoru\/","title":{"rendered":"SIMA GYN\/AID\u00ae S503 &#8211; Jinekolojik E\u011fitim Sim\u00fclat\u00f6r\u00fc"},"content":{"rendered":"<p data-start=\"286\" data-end=\"750\"><strong data-start=\"286\" data-end=\"308\">SIMA GYN\/AID\u00ae S503<\/strong>, kad\u0131n sa\u011fl\u0131\u011f\u0131 e\u011fitimi alan\u0131nda en \u00e7ok tercih edilen jinekolojik sim\u00fclat\u00f6rlerden biridir. Bu tam boy yeti\u015fkin kad\u0131n alt v\u00fccut maketi, hem e\u011fitimciler hem de \u00f6\u011frenciler i\u00e7in son derece ger\u00e7ek\u00e7i bir uygulama deneyimi sunar. Jinekolojik muayene, spekulum uygulamas\u0131, iki elle pelvik muayene, rahim i\u00e7i ara\u00e7 (R\u0130A) yerle\u015ftirme ve \u00e7\u0131karma, diyafram \u00f6l\u00e7me ve yerle\u015ftirme gibi temel uygulamalar bu sim\u00fclat\u00f6r \u00fczerinde rahatl\u0131kla ger\u00e7ekle\u015ftirilebilir.<\/p>\n<p data-start=\"752\" data-end=\"1039\">Sim\u00fclat\u00f6r; de\u011fi\u015ftirilebilir uterus ve serviks yap\u0131lar\u0131, normal ve anormal durumlar\u0131 temsil eden \u00f6rneklerle donat\u0131lm\u0131\u015ft\u0131r. Fimbrial yap\u0131lar anatomik olarak do\u011fru \u015fekilde modellenmi\u015ftir. R\u0130A uygulamalar\u0131, vajinal kondom ve kontraseptif s\u00fcnger kullan\u0131m\u0131 gibi e\u011fitim mod\u00fclleri i\u00e7in uygundur.<\/p>\n<p data-start=\"1041\" data-end=\"1066\"><strong data-start=\"1041\" data-end=\"1066\">\u00d6ne \u00c7\u0131kan \u00d6zellikler:<\/strong><\/p>\n<ul data-start=\"1067\" data-end=\"1548\">\n<li data-start=\"1067\" data-end=\"1114\">\n<p data-start=\"1069\" data-end=\"1114\">Tam boy yeti\u015fkin kad\u0131n alt v\u00fccut sim\u00fclat\u00f6r\u00fc<\/p>\n<\/li>\n<li data-start=\"1115\" data-end=\"1149\">\n<p data-start=\"1117\" data-end=\"1149\">\u00c7\u0131kar\u0131labilir yumu\u015fak d\u0131\u015f deri<\/p>\n<\/li>\n<li data-start=\"1150\" data-end=\"1192\">\n<p data-start=\"1152\" data-end=\"1192\">Anatomik olarak do\u011fru fimbrial yap\u0131lar<\/p>\n<\/li>\n<li data-start=\"1193\" data-end=\"1240\">\n<p data-start=\"1195\" data-end=\"1240\">De\u011fi\u015ftirilebilir serviks ve uterus yap\u0131lar\u0131<\/p>\n<\/li>\n<li data-start=\"1241\" data-end=\"1282\">\n<p data-start=\"1243\" data-end=\"1282\">\u015eeffaf \u00fcst y\u00fczeye sahip normal uterus<\/p>\n<\/li>\n<li data-start=\"1283\" data-end=\"1329\">\n<p data-start=\"1285\" data-end=\"1329\">6 farkl\u0131 rahim anormalli\u011fi i\u00e7eren modeller<\/p>\n<\/li>\n<li data-start=\"1330\" data-end=\"1365\">\n<p data-start=\"1332\" data-end=\"1365\">6 adet servikal patoloji \u00f6rne\u011fi<\/p>\n<\/li>\n<li data-start=\"1366\" data-end=\"1408\">\n<p data-start=\"1368\" data-end=\"1408\">R\u0130A uygulamalar\u0131 i\u00e7in ge\u00e7irgen serviks<\/p>\n<\/li>\n<li data-start=\"1409\" data-end=\"1481\">\n<p data-start=\"1411\" data-end=\"1481\">Vajinal spekulum, diyafram, s\u00fcnger ve kondom uygulamalar\u0131 i\u00e7in uygun<\/p>\n<\/li>\n<li data-start=\"1482\" data-end=\"1548\">\n<p data-start=\"1484\" data-end=\"1548\">Kolay ta\u015f\u0131nabilir, dayan\u0131kl\u0131 ta\u015f\u0131ma \u00e7antas\u0131 ile birlikte gelir<\/p>\n<\/li>\n<\/ul>\n","protected":false},"excerpt":{"rendered":"<p>Jinekolojik muayene ve uygulama becerilerini geli\u015ftirmek i\u00e7in tasarlanm\u0131\u015f SIMA GYN\/AID\u00ae S503 sim\u00fclat\u00f6r\u00fc, ger\u00e7ek\u00e7i anatomi ve de\u011fi\u015ftirilebilir yap\u0131 \u00f6zellikleriyle \u00f6ne \u00e7\u0131kar.<\/p>\n","protected":false},"featured_media":514,"comment_status":"open","ping_status":"closed","template":"","meta":[],"product_brand":[948],"product_cat":[15,947,1205],"product_tag":[1399,1400,1144,220,1394,1402,1396,1395,1398,1401,1397,890,77],"class_list":{"0":"post-513","1":"product","2":"type-product","3":"status-publish","4":"has-post-thumbnail","6":"product_brand-gaumard-scientific","7":"product_cat-genel","8":"product_cat-gaumard-scientific","9":"product_cat-gaumard-skill-trainer","10":"product_tag-gaumard-simulator","11":"product_tag-jinekoloji-modeli","12":"product_tag-jinekolojik-egitim","13":"product_tag-jinekolojik-simulator","14":"product_tag-kadin-sagligi-egitimi","15":"product_tag-pelvik-anatomi","16":"product_tag-pelvik-muayene-egitimi","17":"product_tag-rahim-ici-arac-uygulamasi","18":"product_tag-s503","19":"product_tag-serviks-simulasyonu","20":"product_tag-sima-gynaid","21":"product_tag-spekulum-muayenesi","22":"product_tag-tibbi-egitim-ekipmanlari","24":"first","25":"instock","26":"shipping-taxable","27":"product-type-simple"},"yoast_head":"<!-- This site is optimized with the Yoast SEO plugin v25.2 - https:\/\/yoast.com\/wordpress\/plugins\/seo\/ -->\n<title>SIMA GYN\/AID\u00ae S503 - Jinekolojik E\u011fitim Sim\u00fclat\u00f6r\u00fc - Merkim Maket<\/title>\n<meta name=\"description\" content=\"SIMA GYN\/AID\u00ae S503 jinekolojik sim\u00fclat\u00f6r\u00fc, pelvik muayene, R\u0130A uygulamas\u0131, spekulum ve diyafram yerle\u015ftirme gibi kad\u0131n sa\u011fl\u0131\u011f\u0131 e\u011fitimlerinde en etkili e\u011fitim \u00e7\u00f6z\u00fcm\u00fcn\u00fc sunar.\" \/>\n<meta name=\"robots\" content=\"index, follow, max-snippet:-1, max-image-preview:large, max-video-preview:-1\" \/>\n<link rel=\"canonical\" href=\"https:\/\/merkim.com.tr\/merkim-maket\/urun\/sima-gyn-aid-s503-jinekolojik-egitim-simulatoru\/\" \/>\n<meta property=\"og:locale\" content=\"tr_TR\" \/>\n<meta property=\"og:type\" content=\"article\" \/>\n<meta property=\"og:title\" content=\"SIMA GYN\/AID\u00ae S503 - Jinekolojik E\u011fitim Sim\u00fclat\u00f6r\u00fc - Merkim Maket\" \/>\n<meta property=\"og:description\" content=\"SIMA GYN\/AID\u00ae S503 jinekolojik sim\u00fclat\u00f6r\u00fc, pelvik muayene, R\u0130A uygulamas\u0131, spekulum ve diyafram yerle\u015ftirme gibi kad\u0131n sa\u011fl\u0131\u011f\u0131 e\u011fitimlerinde en etkili e\u011fitim \u00e7\u00f6z\u00fcm\u00fcn\u00fc sunar.\" \/>\n<meta property=\"og:url\" content=\"https:\/\/merkim.com.tr\/merkim-maket\/urun\/sima-gyn-aid-s503-jinekolojik-egitim-simulatoru\/\" \/>\n<meta property=\"og:site_name\" content=\"Merkim Maket\" \/>\n<meta property=\"og:image\" content=\"https:\/\/merkim.com.tr\/merkim-maket\/wp-content\/uploads\/2025\/07\/sima-gynaid-s503-jinekolojik-simulator-gaumard.png\" \/>\n\t<meta property=\"og:image:width\" content=\"800\" \/>\n\t<meta property=\"og:image:height\" content=\"531\" \/>\n\t<meta property=\"og:image:type\" content=\"image\/png\" \/>\n<meta name=\"twitter:card\" content=\"summary_large_image\" \/>\n<meta name=\"twitter:label1\" content=\"Tahmini okuma s\u00fcresi\" \/>\n\t<meta name=\"twitter:data1\" content=\"2 dakika\" \/>\n<script type=\"application\/ld+json\" class=\"yoast-schema-graph\">{\"@context\":\"https:\/\/schema.org\",\"@graph\":[{\"@type\":\"WebPage\",\"@id\":\"https:\/\/merkim.com.tr\/merkim-maket\/urun\/sima-gyn-aid-s503-jinekolojik-egitim-simulatoru\/\",\"url\":\"https:\/\/merkim.com.tr\/merkim-maket\/urun\/sima-gyn-aid-s503-jinekolojik-egitim-simulatoru\/\",\"name\":\"SIMA GYN\/AID\u00ae S503 - Jinekolojik E\u011fitim Sim\u00fclat\u00f6r\u00fc - Merkim Maket\",\"isPartOf\":{\"@id\":\"https:\/\/merkim.com.tr\/merkim-maket\/#website\"},\"primaryImageOfPage\":{\"@id\":\"https:\/\/merkim.com.tr\/merkim-maket\/urun\/sima-gyn-aid-s503-jinekolojik-egitim-simulatoru\/#primaryimage\"},\"image\":{\"@id\":\"https:\/\/merkim.com.tr\/merkim-maket\/urun\/sima-gyn-aid-s503-jinekolojik-egitim-simulatoru\/#primaryimage\"},\"thumbnailUrl\":\"https:\/\/merkim.com.tr\/merkim-maket\/wp-content\/uploads\/2025\/07\/sima-gynaid-s503-jinekolojik-simulator-gaumard.png\",\"datePublished\":\"2025-07-06T12:19:16+00:00\",\"description\":\"SIMA GYN\/AID\u00ae S503 jinekolojik sim\u00fclat\u00f6r\u00fc, pelvik muayene, R\u0130A uygulamas\u0131, spekulum ve diyafram yerle\u015ftirme gibi kad\u0131n sa\u011fl\u0131\u011f\u0131 e\u011fitimlerinde en etkili e\u011fitim \u00e7\u00f6z\u00fcm\u00fcn\u00fc sunar.\",\"breadcrumb\":{\"@id\":\"https:\/\/merkim.com.tr\/merkim-maket\/urun\/sima-gyn-aid-s503-jinekolojik-egitim-simulatoru\/#breadcrumb\"},\"inLanguage\":\"tr\",\"potentialAction\":[{\"@type\":\"ReadAction\",\"target\":[\"https:\/\/merkim.com.tr\/merkim-maket\/urun\/sima-gyn-aid-s503-jinekolojik-egitim-simulatoru\/\"]}]},{\"@type\":\"ImageObject\",\"inLanguage\":\"tr\",\"@id\":\"https:\/\/merkim.com.tr\/merkim-maket\/urun\/sima-gyn-aid-s503-jinekolojik-egitim-simulatoru\/#primaryimage\",\"url\":\"https:\/\/merkim.com.tr\/merkim-maket\/wp-content\/uploads\/2025\/07\/sima-gynaid-s503-jinekolojik-simulator-gaumard.png\",\"contentUrl\":\"https:\/\/merkim.com.tr\/merkim-maket\/wp-content\/uploads\/2025\/07\/sima-gynaid-s503-jinekolojik-simulator-gaumard.png\",\"width\":800,\"height\":531,\"caption\":\"Ger\u00e7ek\u00e7i anatomi ve de\u011fi\u015ftirilebilir mod\u00fcllerle jinekolojik e\u011fitim sim\u00fclat\u00f6r\u00fc\"},{\"@type\":\"BreadcrumbList\",\"@id\":\"https:\/\/merkim.com.tr\/merkim-maket\/urun\/sima-gyn-aid-s503-jinekolojik-egitim-simulatoru\/#breadcrumb\",\"itemListElement\":[{\"@type\":\"ListItem\",\"position\":1,\"name\":\"Anasayfa\",\"item\":\"https:\/\/merkim.com.tr\/merkim-maket\/\"},{\"@type\":\"ListItem\",\"position\":2,\"name\":\"Ma\u011faza\",\"item\":\"https:\/\/merkim.com.tr\/merkim-maket\/magaza\/\"},{\"@type\":\"ListItem\",\"position\":3,\"name\":\"SIMA GYN\/AID\u00ae S503 &#8211; Jinekolojik E\u011fitim Sim\u00fclat\u00f6r\u00fc\"}]},{\"@type\":\"WebSite\",\"@id\":\"https:\/\/merkim.com.tr\/merkim-maket\/#website\",\"url\":\"https:\/\/merkim.com.tr\/merkim-maket\/\",\"name\":\"Merkim Maket\",\"description\":\"\",\"potentialAction\":[{\"@type\":\"SearchAction\",\"target\":{\"@type\":\"EntryPoint\",\"urlTemplate\":\"https:\/\/merkim.com.tr\/merkim-maket\/?s={search_term_string}\"},\"query-input\":{\"@type\":\"PropertyValueSpecification\",\"valueRequired\":true,\"valueName\":\"search_term_string\"}}],\"inLanguage\":\"tr\"}]}<\/script>\n<!-- \/ Yoast SEO plugin. -->","yoast_head_json":{"title":"SIMA GYN\/AID\u00ae S503 - Jinekolojik E\u011fitim Sim\u00fclat\u00f6r\u00fc - Merkim Maket","description":"SIMA GYN\/AID\u00ae S503 jinekolojik sim\u00fclat\u00f6r\u00fc, pelvik muayene, R\u0130A uygulamas\u0131, spekulum ve diyafram yerle\u015ftirme gibi kad\u0131n sa\u011fl\u0131\u011f\u0131 e\u011fitimlerinde en etkili e\u011fitim \u00e7\u00f6z\u00fcm\u00fcn\u00fc sunar.","robots":{"index":"index","follow":"follow","max-snippet":"max-snippet:-1","max-image-preview":"max-image-preview:large","max-video-preview":"max-video-preview:-1"},"canonical":"https:\/\/merkim.com.tr\/merkim-maket\/urun\/sima-gyn-aid-s503-jinekolojik-egitim-simulatoru\/","og_locale":"tr_TR","og_type":"article","og_title":"SIMA GYN\/AID\u00ae S503 - Jinekolojik E\u011fitim Sim\u00fclat\u00f6r\u00fc - Merkim Maket","og_description":"SIMA GYN\/AID\u00ae S503 jinekolojik sim\u00fclat\u00f6r\u00fc, pelvik muayene, R\u0130A uygulamas\u0131, spekulum ve diyafram yerle\u015ftirme gibi kad\u0131n sa\u011fl\u0131\u011f\u0131 e\u011fitimlerinde en etkili e\u011fitim \u00e7\u00f6z\u00fcm\u00fcn\u00fc sunar.","og_url":"https:\/\/merkim.com.tr\/merkim-maket\/urun\/sima-gyn-aid-s503-jinekolojik-egitim-simulatoru\/","og_site_name":"Merkim Maket","og_image":[{"width":800,"height":531,"url":"https:\/\/merkim.com.tr\/merkim-maket\/wp-content\/uploads\/2025\/07\/sima-gynaid-s503-jinekolojik-simulator-gaumard.png","type":"image\/png"}],"twitter_card":"summary_large_image","twitter_misc":{"Tahmini okuma s\u00fcresi":"2 dakika"},"schema":{"@context":"https:\/\/schema.org","@graph":[{"@type":"WebPage","@id":"https:\/\/merkim.com.tr\/merkim-maket\/urun\/sima-gyn-aid-s503-jinekolojik-egitim-simulatoru\/","url":"https:\/\/merkim.com.tr\/merkim-maket\/urun\/sima-gyn-aid-s503-jinekolojik-egitim-simulatoru\/","name":"SIMA GYN\/AID\u00ae S503 - Jinekolojik E\u011fitim Sim\u00fclat\u00f6r\u00fc - Merkim Maket","isPartOf":{"@id":"https:\/\/merkim.com.tr\/merkim-maket\/#website"},"primaryImageOfPage":{"@id":"https:\/\/merkim.com.tr\/merkim-maket\/urun\/sima-gyn-aid-s503-jinekolojik-egitim-simulatoru\/#primaryimage"},"image":{"@id":"https:\/\/merkim.com.tr\/merkim-maket\/urun\/sima-gyn-aid-s503-jinekolojik-egitim-simulatoru\/#primaryimage"},"thumbnailUrl":"https:\/\/merkim.com.tr\/merkim-maket\/wp-content\/uploads\/2025\/07\/sima-gynaid-s503-jinekolojik-simulator-gaumard.png","datePublished":"2025-07-06T12:19:16+00:00","description":"SIMA GYN\/AID\u00ae S503 jinekolojik sim\u00fclat\u00f6r\u00fc, pelvik muayene, R\u0130A uygulamas\u0131, spekulum ve diyafram yerle\u015ftirme gibi kad\u0131n sa\u011fl\u0131\u011f\u0131 e\u011fitimlerinde en etkili e\u011fitim \u00e7\u00f6z\u00fcm\u00fcn\u00fc sunar.","breadcrumb":{"@id":"https:\/\/merkim.com.tr\/merkim-maket\/urun\/sima-gyn-aid-s503-jinekolojik-egitim-simulatoru\/#breadcrumb"},"inLanguage":"tr","potentialAction":[{"@type":"ReadAction","target":["https:\/\/merkim.com.tr\/merkim-maket\/urun\/sima-gyn-aid-s503-jinekolojik-egitim-simulatoru\/"]}]},{"@type":"ImageObject","inLanguage":"tr","@id":"https:\/\/merkim.com.tr\/merkim-maket\/urun\/sima-gyn-aid-s503-jinekolojik-egitim-simulatoru\/#primaryimage","url":"https:\/\/merkim.com.tr\/merkim-maket\/wp-content\/uploads\/2025\/07\/sima-gynaid-s503-jinekolojik-simulator-gaumard.png","contentUrl":"https:\/\/merkim.com.tr\/merkim-maket\/wp-content\/uploads\/2025\/07\/sima-gynaid-s503-jinekolojik-simulator-gaumard.png","width":800,"height":531,"caption":"Ger\u00e7ek\u00e7i anatomi ve de\u011fi\u015ftirilebilir mod\u00fcllerle jinekolojik e\u011fitim sim\u00fclat\u00f6r\u00fc"},{"@type":"BreadcrumbList","@id":"https:\/\/merkim.com.tr\/merkim-maket\/urun\/sima-gyn-aid-s503-jinekolojik-egitim-simulatoru\/#breadcrumb","itemListElement":[{"@type":"ListItem","position":1,"name":"Anasayfa","item":"https:\/\/merkim.com.tr\/merkim-maket\/"},{"@type":"ListItem","position":2,"name":"Ma\u011faza","item":"https:\/\/merkim.com.tr\/merkim-maket\/magaza\/"},{"@type":"ListItem","position":3,"name":"SIMA GYN\/AID\u00ae S503 &#8211; Jinekolojik E\u011fitim Sim\u00fclat\u00f6r\u00fc"}]},{"@type":"WebSite","@id":"https:\/\/merkim.com.tr\/merkim-maket\/#website","url":"https:\/\/merkim.com.tr\/merkim-maket\/","name":"Merkim Maket","description":"","potentialAction":[{"@type":"SearchAction","target":{"@type":"EntryPoint","urlTemplate":"https:\/\/merkim.com.tr\/merkim-maket\/?s={search_term_string}"},"query-input":{"@type":"PropertyValueSpecification","valueRequired":true,"valueName":"search_term_string"}}],"inLanguage":"tr"}]}},"_links":{"self":[{"href":"https:\/\/merkim.com.tr\/merkim-maket\/wp-json\/wp\/v2\/product\/513","targetHints":{"allow":["GET"]}}],"collection":[{"href":"https:\/\/merkim.com.tr\/merkim-maket\/wp-json\/wp\/v2\/product"}],"about":[{"href":"https:\/\/merkim.com.tr\/merkim-maket\/wp-json\/wp\/v2\/types\/product"}],"replies":[{"embeddable":true,"href":"https:\/\/merkim.com.tr\/merkim-maket\/wp-json\/wp\/v2\/comments?post=513"}],"wp:featuredmedia":[{"embeddable":true,"href":"https:\/\/merkim.com.tr\/merkim-maket\/wp-json\/wp\/v2\/media\/514"}],"wp:attachment":[{"href":"https:\/\/merkim.com.tr\/merkim-maket\/wp-json\/wp\/v2\/media?parent=513"}],"wp:term":[{"taxonomy":"product_brand","embeddable":true,"href":"https:\/\/merkim.com.tr\/merkim-maket\/wp-json\/wp\/v2\/product_brand?post=513"},{"taxonomy":"product_cat","embeddable":true,"href":"https:\/\/merkim.com.tr\/merkim-maket\/wp-json\/wp\/v2\/product_cat?post=513"},{"taxonomy":"product_tag","embeddable":true,"href":"https:\/\/merkim.com.tr\/merkim-maket\/wp-json\/wp\/v2\/product_tag?post=513"}],"curies":[{"name":"wp","href":"https:\/\/api.w.org\/{rel}","templated":true}]}}