{"id":511,"date":"2025-07-06T12:07:37","date_gmt":"2025-07-06T12:07:37","guid":{"rendered":"https:\/\/merkim.com.tr\/merkim-maket\/?post_type=product&#038;p=511"},"modified":"2025-07-06T12:09:57","modified_gmt":"2025-07-06T12:09:57","slug":"birthing-mechanism-for-obstetric-susie-s500-otomatik-dogum-mekanizmasi","status":"publish","type":"product","link":"https:\/\/merkim.com.tr\/merkim-maket\/urun\/birthing-mechanism-for-obstetric-susie-s500-otomatik-dogum-mekanizmasi\/","title":{"rendered":"Birthing Mechanism for Obstetric SUSIE\u00ae S500 \u2013 Otomatik Do\u011fum Mekanizmas\u0131"},"content":{"rendered":"<p data-start=\"335\" data-end=\"696\"><strong data-start=\"335\" data-end=\"383\">Birthing Mechanism for Obstetric SUSIE\u00ae S500<\/strong>, Obstetric SUSIE\u00ae do\u011fum sim\u00fclat\u00f6r\u00fcyle tam uyumlu olarak \u00e7al\u0131\u015fan, otomatik bir do\u011fum mekanizmas\u0131d\u0131r. Kat\u0131l\u0131mc\u0131lar\u0131n, normal ve zor do\u011fum senaryolar\u0131nda do\u011fum y\u00f6netimi becerilerini geli\u015ftirmelerini sa\u011flamak \u00fczere tasarlanm\u0131\u015ft\u0131r. E\u011fitim s\u00fcrecinde do\u011fumun t\u00fcm a\u015famalar\u0131 ger\u00e7ek\u00e7i \u015fekilde izlenebilir ve uygulanabilir.<\/p>\n<p data-start=\"698\" data-end=\"1155\">Bu sistem, do\u011fum s\u00fcrecinin ilerlemesini g\u00f6steren \u00e7\u0131kar\u0131labilir serviks mod\u00fclleriyle servikal dilatasyonun sim\u00fclasyonunu sunar. Fet\u00fcs\u00fcn do\u011fum kanal\u0131ndan ilerlemesi, ba\u015f\u0131n ta\u00e7lanmas\u0131 ve omuz sunumu gibi do\u011fumun karma\u015f\u0131k anlar\u0131 i\u00e7in hareket kabiliyeti sa\u011flar. Vulva manip\u00fclasyonu ile bebe\u011fin ba\u015f\u0131n\u0131n (al\u0131n, burun, kulaklar) ge\u00e7i\u015fi ger\u00e7ek\u00e7i olarak \u00e7al\u0131\u015f\u0131labilir. Sim\u00fclasyon s\u0131ras\u0131nda a\u011f\u0131z ve burun \u00fczerinden enjekt\u00f6r ile s\u0131v\u0131 aspirasyonu e\u011fitimi de yap\u0131labilir.<\/p>\n<p data-start=\"1157\" data-end=\"1182\"><strong data-start=\"1157\" data-end=\"1182\">\u00d6ne \u00c7\u0131kan \u00d6zellikler:<\/strong><\/p>\n<ul data-start=\"1183\" data-end=\"1609\">\n<li data-start=\"1183\" data-end=\"1234\">\n<p data-start=\"1185\" data-end=\"1234\">Obstetric SUSIE\u00ae S500 sim\u00fclat\u00f6r\u00fc ile tam uyumlu<\/p>\n<\/li>\n<li data-start=\"1235\" data-end=\"1265\">\n<p data-start=\"1237\" data-end=\"1265\">Otomatik do\u011fum mekanizmas\u0131<\/p>\n<\/li>\n<li data-start=\"1266\" data-end=\"1341\">\n<p data-start=\"1268\" data-end=\"1341\"><strong data-start=\"1268\" data-end=\"1303\">\u00c7\u0131kar\u0131labilir serviks mod\u00fclleri<\/strong> ile servikal dilatasyon sim\u00fclasyonu<\/p>\n<\/li>\n<li data-start=\"1342\" data-end=\"1385\">\n<p data-start=\"1344\" data-end=\"1385\"><strong data-start=\"1344\" data-end=\"1383\">Fet\u00fcs ilerleme ve rotasyon \u00f6zelli\u011fi<\/strong><\/p>\n<\/li>\n<li data-start=\"1386\" data-end=\"1446\">\n<p data-start=\"1388\" data-end=\"1446\"><strong data-start=\"1388\" data-end=\"1444\">Ba\u015f ta\u00e7lanmas\u0131 ve do\u011fum kanal\u0131ndan ge\u00e7i\u015f sim\u00fclasyonu<\/strong><\/p>\n<\/li>\n<li data-start=\"1447\" data-end=\"1501\">\n<p data-start=\"1449\" data-end=\"1501\">Vulva manip\u00fclasyonu ile ger\u00e7ek\u00e7i do\u011fum senaryolar\u0131<\/p>\n<\/li>\n<li data-start=\"1502\" data-end=\"1540\">\n<p data-start=\"1504\" data-end=\"1540\">A\u011f\u0131z ve burun aspirasyon giri\u015fleri<\/p>\n<\/li>\n<li data-start=\"1541\" data-end=\"1609\">\n<p data-start=\"1543\" data-end=\"1609\"><strong data-start=\"1543\" data-end=\"1609\">Yumu\u015fak ta\u015f\u0131ma \u00e7antas\u0131 ve kullan\u0131m k\u0131lavuzu ile birlikte gelir<\/strong><\/p>\n<\/li>\n<\/ul>\n","protected":false},"excerpt":{"rendered":"<p>Obstetric SUSIE\u00ae S500 sim\u00fclat\u00f6r\u00fc i\u00e7in geli\u015ftirilen otomatik do\u011fum mekanizmas\u0131, normal ve zor do\u011fum senaryolar\u0131n\u0131n uygulamal\u0131 olarak e\u011fitilmesine imk\u00e2n sa\u011flar.<\/p>\n","protected":false},"featured_media":512,"comment_status":"open","ping_status":"closed","template":"","meta":[],"product_brand":[948],"product_cat":[15,947,1205],"product_tag":[574,1368,345,1393,1383,141,1390,337,1389,1391,1371,1392],"class_list":{"0":"post-511","1":"product","2":"type-product","3":"status-publish","4":"has-post-thumbnail","6":"product_brand-gaumard-scientific","7":"product_cat-genel","8":"product_cat-gaumard-scientific","9":"product_cat-gaumard-skill-trainer","10":"product_tag-dogum-egitimi","11":"product_tag-dogum-mekanizmasi","12":"product_tag-dogum-simulasyonu","13":"product_tag-fetal-rotasyon","14":"product_tag-gaumard","15":"product_tag-medikal-simulasyon","16":"product_tag-obstetric-susie-s500","17":"product_tag-obstetrik-egitim","18":"product_tag-obstetrik-simulator","19":"product_tag-s500-10","20":"product_tag-serviks-dilatasyonu","21":"product_tag-tip-egitimi-simulatoru","23":"first","24":"instock","25":"shipping-taxable","26":"product-type-simple"},"yoast_head":"<!-- This site is optimized with the Yoast SEO plugin v25.2 - https:\/\/yoast.com\/wordpress\/plugins\/seo\/ -->\n<title>Birthing Mechanism for Obstetric SUSIE\u00ae S500 \u2013 Otomatik Do\u011fum Mekanizmas\u0131 - Merkim Maket<\/title>\n<meta name=\"description\" content=\"Obstetric SUSIE\u00ae S500 i\u00e7in tasarlanan otomatik do\u011fum mekanizmas\u0131, kat\u0131l\u0131mc\u0131lara do\u011fumun her a\u015famas\u0131n\u0131 uygulamal\u0131 olarak \u00f6\u011fretir. Ger\u00e7ek\u00e7i fetal hareket ve servikal dilatasyon sim\u00fclasyonuyla e\u011fitim deneyimini zenginle\u015ftirir.\" \/>\n<meta name=\"robots\" content=\"index, follow, max-snippet:-1, max-image-preview:large, max-video-preview:-1\" \/>\n<link rel=\"canonical\" href=\"https:\/\/merkim.com.tr\/merkim-maket\/urun\/birthing-mechanism-for-obstetric-susie-s500-otomatik-dogum-mekanizmasi\/\" \/>\n<meta property=\"og:locale\" content=\"tr_TR\" \/>\n<meta property=\"og:type\" content=\"article\" \/>\n<meta property=\"og:title\" content=\"Birthing Mechanism for Obstetric SUSIE\u00ae S500 \u2013 Otomatik Do\u011fum Mekanizmas\u0131 - Merkim Maket\" \/>\n<meta property=\"og:description\" content=\"Obstetric SUSIE\u00ae S500 i\u00e7in tasarlanan otomatik do\u011fum mekanizmas\u0131, kat\u0131l\u0131mc\u0131lara do\u011fumun her a\u015famas\u0131n\u0131 uygulamal\u0131 olarak \u00f6\u011fretir. Ger\u00e7ek\u00e7i fetal hareket ve servikal dilatasyon sim\u00fclasyonuyla e\u011fitim deneyimini zenginle\u015ftirir.\" \/>\n<meta property=\"og:url\" content=\"https:\/\/merkim.com.tr\/merkim-maket\/urun\/birthing-mechanism-for-obstetric-susie-s500-otomatik-dogum-mekanizmasi\/\" \/>\n<meta property=\"og:site_name\" content=\"Merkim Maket\" \/>\n<meta property=\"article:modified_time\" content=\"2025-07-06T12:09:57+00:00\" \/>\n<meta property=\"og:image\" content=\"https:\/\/merkim.com.tr\/merkim-maket\/wp-content\/uploads\/2025\/07\/birthing-mechanism-obstetric-susie-s500-egitim-gaumard.png\" \/>\n\t<meta property=\"og:image:width\" content=\"800\" \/>\n\t<meta property=\"og:image:height\" content=\"531\" \/>\n\t<meta property=\"og:image:type\" content=\"image\/png\" \/>\n<meta name=\"twitter:card\" content=\"summary_large_image\" \/>\n<meta name=\"twitter:label1\" content=\"Tahmini okuma s\u00fcresi\" \/>\n\t<meta name=\"twitter:data1\" content=\"2 dakika\" \/>\n<script type=\"application\/ld+json\" class=\"yoast-schema-graph\">{\"@context\":\"https:\/\/schema.org\",\"@graph\":[{\"@type\":\"WebPage\",\"@id\":\"https:\/\/merkim.com.tr\/merkim-maket\/urun\/birthing-mechanism-for-obstetric-susie-s500-otomatik-dogum-mekanizmasi\/\",\"url\":\"https:\/\/merkim.com.tr\/merkim-maket\/urun\/birthing-mechanism-for-obstetric-susie-s500-otomatik-dogum-mekanizmasi\/\",\"name\":\"Birthing Mechanism for Obstetric SUSIE\u00ae S500 \u2013 Otomatik Do\u011fum Mekanizmas\u0131 - Merkim Maket\",\"isPartOf\":{\"@id\":\"https:\/\/merkim.com.tr\/merkim-maket\/#website\"},\"primaryImageOfPage\":{\"@id\":\"https:\/\/merkim.com.tr\/merkim-maket\/urun\/birthing-mechanism-for-obstetric-susie-s500-otomatik-dogum-mekanizmasi\/#primaryimage\"},\"image\":{\"@id\":\"https:\/\/merkim.com.tr\/merkim-maket\/urun\/birthing-mechanism-for-obstetric-susie-s500-otomatik-dogum-mekanizmasi\/#primaryimage\"},\"thumbnailUrl\":\"https:\/\/merkim.com.tr\/merkim-maket\/wp-content\/uploads\/2025\/07\/birthing-mechanism-obstetric-susie-s500-egitim-gaumard.png\",\"datePublished\":\"2025-07-06T12:07:37+00:00\",\"dateModified\":\"2025-07-06T12:09:57+00:00\",\"description\":\"Obstetric SUSIE\u00ae S500 i\u00e7in tasarlanan otomatik do\u011fum mekanizmas\u0131, kat\u0131l\u0131mc\u0131lara do\u011fumun her a\u015famas\u0131n\u0131 uygulamal\u0131 olarak \u00f6\u011fretir. Ger\u00e7ek\u00e7i fetal hareket ve servikal dilatasyon sim\u00fclasyonuyla e\u011fitim deneyimini zenginle\u015ftirir.\",\"breadcrumb\":{\"@id\":\"https:\/\/merkim.com.tr\/merkim-maket\/urun\/birthing-mechanism-for-obstetric-susie-s500-otomatik-dogum-mekanizmasi\/#breadcrumb\"},\"inLanguage\":\"tr\",\"potentialAction\":[{\"@type\":\"ReadAction\",\"target\":[\"https:\/\/merkim.com.tr\/merkim-maket\/urun\/birthing-mechanism-for-obstetric-susie-s500-otomatik-dogum-mekanizmasi\/\"]}]},{\"@type\":\"ImageObject\",\"inLanguage\":\"tr\",\"@id\":\"https:\/\/merkim.com.tr\/merkim-maket\/urun\/birthing-mechanism-for-obstetric-susie-s500-otomatik-dogum-mekanizmasi\/#primaryimage\",\"url\":\"https:\/\/merkim.com.tr\/merkim-maket\/wp-content\/uploads\/2025\/07\/birthing-mechanism-obstetric-susie-s500-egitim-gaumard.png\",\"contentUrl\":\"https:\/\/merkim.com.tr\/merkim-maket\/wp-content\/uploads\/2025\/07\/birthing-mechanism-obstetric-susie-s500-egitim-gaumard.png\",\"width\":800,\"height\":531,\"caption\":\"S500 sim\u00fclat\u00f6r\u00fc i\u00e7in geli\u015fmi\u015f otomatik do\u011fum e\u011fitim sistemi\"},{\"@type\":\"BreadcrumbList\",\"@id\":\"https:\/\/merkim.com.tr\/merkim-maket\/urun\/birthing-mechanism-for-obstetric-susie-s500-otomatik-dogum-mekanizmasi\/#breadcrumb\",\"itemListElement\":[{\"@type\":\"ListItem\",\"position\":1,\"name\":\"Anasayfa\",\"item\":\"https:\/\/merkim.com.tr\/merkim-maket\/\"},{\"@type\":\"ListItem\",\"position\":2,\"name\":\"Ma\u011faza\",\"item\":\"https:\/\/merkim.com.tr\/merkim-maket\/magaza\/\"},{\"@type\":\"ListItem\",\"position\":3,\"name\":\"Birthing Mechanism for Obstetric SUSIE\u00ae S500 \u2013 Otomatik Do\u011fum Mekanizmas\u0131\"}]},{\"@type\":\"WebSite\",\"@id\":\"https:\/\/merkim.com.tr\/merkim-maket\/#website\",\"url\":\"https:\/\/merkim.com.tr\/merkim-maket\/\",\"name\":\"Merkim Maket\",\"description\":\"\",\"potentialAction\":[{\"@type\":\"SearchAction\",\"target\":{\"@type\":\"EntryPoint\",\"urlTemplate\":\"https:\/\/merkim.com.tr\/merkim-maket\/?s={search_term_string}\"},\"query-input\":{\"@type\":\"PropertyValueSpecification\",\"valueRequired\":true,\"valueName\":\"search_term_string\"}}],\"inLanguage\":\"tr\"}]}<\/script>\n<!-- \/ Yoast SEO plugin. -->","yoast_head_json":{"title":"Birthing Mechanism for Obstetric SUSIE\u00ae S500 \u2013 Otomatik Do\u011fum Mekanizmas\u0131 - Merkim Maket","description":"Obstetric SUSIE\u00ae S500 i\u00e7in tasarlanan otomatik do\u011fum mekanizmas\u0131, kat\u0131l\u0131mc\u0131lara do\u011fumun her a\u015famas\u0131n\u0131 uygulamal\u0131 olarak \u00f6\u011fretir. Ger\u00e7ek\u00e7i fetal hareket ve servikal dilatasyon sim\u00fclasyonuyla e\u011fitim deneyimini zenginle\u015ftirir.","robots":{"index":"index","follow":"follow","max-snippet":"max-snippet:-1","max-image-preview":"max-image-preview:large","max-video-preview":"max-video-preview:-1"},"canonical":"https:\/\/merkim.com.tr\/merkim-maket\/urun\/birthing-mechanism-for-obstetric-susie-s500-otomatik-dogum-mekanizmasi\/","og_locale":"tr_TR","og_type":"article","og_title":"Birthing Mechanism for Obstetric SUSIE\u00ae S500 \u2013 Otomatik Do\u011fum Mekanizmas\u0131 - Merkim Maket","og_description":"Obstetric SUSIE\u00ae S500 i\u00e7in tasarlanan otomatik do\u011fum mekanizmas\u0131, kat\u0131l\u0131mc\u0131lara do\u011fumun her a\u015famas\u0131n\u0131 uygulamal\u0131 olarak \u00f6\u011fretir. Ger\u00e7ek\u00e7i fetal hareket ve servikal dilatasyon sim\u00fclasyonuyla e\u011fitim deneyimini zenginle\u015ftirir.","og_url":"https:\/\/merkim.com.tr\/merkim-maket\/urun\/birthing-mechanism-for-obstetric-susie-s500-otomatik-dogum-mekanizmasi\/","og_site_name":"Merkim Maket","article_modified_time":"2025-07-06T12:09:57+00:00","og_image":[{"width":800,"height":531,"url":"https:\/\/merkim.com.tr\/merkim-maket\/wp-content\/uploads\/2025\/07\/birthing-mechanism-obstetric-susie-s500-egitim-gaumard.png","type":"image\/png"}],"twitter_card":"summary_large_image","twitter_misc":{"Tahmini okuma s\u00fcresi":"2 dakika"},"schema":{"@context":"https:\/\/schema.org","@graph":[{"@type":"WebPage","@id":"https:\/\/merkim.com.tr\/merkim-maket\/urun\/birthing-mechanism-for-obstetric-susie-s500-otomatik-dogum-mekanizmasi\/","url":"https:\/\/merkim.com.tr\/merkim-maket\/urun\/birthing-mechanism-for-obstetric-susie-s500-otomatik-dogum-mekanizmasi\/","name":"Birthing Mechanism for Obstetric SUSIE\u00ae S500 \u2013 Otomatik Do\u011fum Mekanizmas\u0131 - Merkim Maket","isPartOf":{"@id":"https:\/\/merkim.com.tr\/merkim-maket\/#website"},"primaryImageOfPage":{"@id":"https:\/\/merkim.com.tr\/merkim-maket\/urun\/birthing-mechanism-for-obstetric-susie-s500-otomatik-dogum-mekanizmasi\/#primaryimage"},"image":{"@id":"https:\/\/merkim.com.tr\/merkim-maket\/urun\/birthing-mechanism-for-obstetric-susie-s500-otomatik-dogum-mekanizmasi\/#primaryimage"},"thumbnailUrl":"https:\/\/merkim.com.tr\/merkim-maket\/wp-content\/uploads\/2025\/07\/birthing-mechanism-obstetric-susie-s500-egitim-gaumard.png","datePublished":"2025-07-06T12:07:37+00:00","dateModified":"2025-07-06T12:09:57+00:00","description":"Obstetric SUSIE\u00ae S500 i\u00e7in tasarlanan otomatik do\u011fum mekanizmas\u0131, kat\u0131l\u0131mc\u0131lara do\u011fumun her a\u015famas\u0131n\u0131 uygulamal\u0131 olarak \u00f6\u011fretir. Ger\u00e7ek\u00e7i fetal hareket ve servikal dilatasyon sim\u00fclasyonuyla e\u011fitim deneyimini zenginle\u015ftirir.","breadcrumb":{"@id":"https:\/\/merkim.com.tr\/merkim-maket\/urun\/birthing-mechanism-for-obstetric-susie-s500-otomatik-dogum-mekanizmasi\/#breadcrumb"},"inLanguage":"tr","potentialAction":[{"@type":"ReadAction","target":["https:\/\/merkim.com.tr\/merkim-maket\/urun\/birthing-mechanism-for-obstetric-susie-s500-otomatik-dogum-mekanizmasi\/"]}]},{"@type":"ImageObject","inLanguage":"tr","@id":"https:\/\/merkim.com.tr\/merkim-maket\/urun\/birthing-mechanism-for-obstetric-susie-s500-otomatik-dogum-mekanizmasi\/#primaryimage","url":"https:\/\/merkim.com.tr\/merkim-maket\/wp-content\/uploads\/2025\/07\/birthing-mechanism-obstetric-susie-s500-egitim-gaumard.png","contentUrl":"https:\/\/merkim.com.tr\/merkim-maket\/wp-content\/uploads\/2025\/07\/birthing-mechanism-obstetric-susie-s500-egitim-gaumard.png","width":800,"height":531,"caption":"S500 sim\u00fclat\u00f6r\u00fc i\u00e7in geli\u015fmi\u015f otomatik do\u011fum e\u011fitim sistemi"},{"@type":"BreadcrumbList","@id":"https:\/\/merkim.com.tr\/merkim-maket\/urun\/birthing-mechanism-for-obstetric-susie-s500-otomatik-dogum-mekanizmasi\/#breadcrumb","itemListElement":[{"@type":"ListItem","position":1,"name":"Anasayfa","item":"https:\/\/merkim.com.tr\/merkim-maket\/"},{"@type":"ListItem","position":2,"name":"Ma\u011faza","item":"https:\/\/merkim.com.tr\/merkim-maket\/magaza\/"},{"@type":"ListItem","position":3,"name":"Birthing Mechanism for Obstetric SUSIE\u00ae S500 \u2013 Otomatik Do\u011fum Mekanizmas\u0131"}]},{"@type":"WebSite","@id":"https:\/\/merkim.com.tr\/merkim-maket\/#website","url":"https:\/\/merkim.com.tr\/merkim-maket\/","name":"Merkim Maket","description":"","potentialAction":[{"@type":"SearchAction","target":{"@type":"EntryPoint","urlTemplate":"https:\/\/merkim.com.tr\/merkim-maket\/?s={search_term_string}"},"query-input":{"@type":"PropertyValueSpecification","valueRequired":true,"valueName":"search_term_string"}}],"inLanguage":"tr"}]}},"_links":{"self":[{"href":"https:\/\/merkim.com.tr\/merkim-maket\/wp-json\/wp\/v2\/product\/511","targetHints":{"allow":["GET"]}}],"collection":[{"href":"https:\/\/merkim.com.tr\/merkim-maket\/wp-json\/wp\/v2\/product"}],"about":[{"href":"https:\/\/merkim.com.tr\/merkim-maket\/wp-json\/wp\/v2\/types\/product"}],"replies":[{"embeddable":true,"href":"https:\/\/merkim.com.tr\/merkim-maket\/wp-json\/wp\/v2\/comments?post=511"}],"wp:featuredmedia":[{"embeddable":true,"href":"https:\/\/merkim.com.tr\/merkim-maket\/wp-json\/wp\/v2\/media\/512"}],"wp:attachment":[{"href":"https:\/\/merkim.com.tr\/merkim-maket\/wp-json\/wp\/v2\/media?parent=511"}],"wp:term":[{"taxonomy":"product_brand","embeddable":true,"href":"https:\/\/merkim.com.tr\/merkim-maket\/wp-json\/wp\/v2\/product_brand?post=511"},{"taxonomy":"product_cat","embeddable":true,"href":"https:\/\/merkim.com.tr\/merkim-maket\/wp-json\/wp\/v2\/product_cat?post=511"},{"taxonomy":"product_tag","embeddable":true,"href":"https:\/\/merkim.com.tr\/merkim-maket\/wp-json\/wp\/v2\/product_tag?post=511"}],"curies":[{"name":"wp","href":"https:\/\/api.w.org\/{rel}","templated":true}]}}