{"id":509,"date":"2025-07-06T11:57:20","date_gmt":"2025-07-06T11:57:20","guid":{"rendered":"https:\/\/merkim.com.tr\/merkim-maket\/?post_type=product&#038;p=509"},"modified":"2025-07-06T11:57:22","modified_gmt":"2025-07-06T11:57:22","slug":"super-ob-susie-s500-300-dogum-becerileri-egitim-torsosu","status":"publish","type":"product","link":"https:\/\/merkim.com.tr\/merkim-maket\/urun\/super-ob-susie-s500-300-dogum-becerileri-egitim-torsosu\/","title":{"rendered":"Super OB SUSIE\u00ae S500.300 &#8211; Do\u011fum Becerileri E\u011fitim Torsosu"},"content":{"rendered":"<p data-start=\"318\" data-end=\"601\"><strong data-start=\"318\" data-end=\"346\">Super OB SUSIE\u00ae S500.300<\/strong>, do\u011fum e\u011fitimi alan\u0131nda kapsaml\u0131, ger\u00e7ek\u00e7i ve mod\u00fcler bir sim\u00fclat\u00f6r \u00e7\u00f6z\u00fcm\u00fcd\u00fcr. Obstetrik e\u011fitmenler i\u00e7in \u00f6zel olarak geli\u015ftirilen bu torsolu do\u011fum e\u011fitim sistemi, t\u00fcm do\u011fum s\u00fcrecini hem g\u00f6rsel hem fiziksel olarak uygulamal\u0131 bir \u015fekilde \u00f6\u011fretmeyi ama\u00e7lar.<\/p>\n<p data-start=\"603\" data-end=\"974\">Anatomik olarak do\u011fru tasarlanm\u0131\u015f pelvis, tam d\u00f6nem yenido\u011fan bebek modeli ve geli\u015fmi\u015f \u00f6zellikler sayesinde kullan\u0131c\u0131lar ger\u00e7ek senaryolara yak\u0131n uygulamalarda bulunabilir. Kardinal hareketler, fetal ini\u015f ve rotasyon, do\u011fum kanal\u0131 ge\u00e7i\u015fi, vakum\/forseps kullan\u0131m\u0131, plasenta komplikasyonlar\u0131, epizyotomi onar\u0131m\u0131 ve postpartum hemoraji gibi \u00e7ok say\u0131da senaryo \u00e7al\u0131\u015f\u0131labilir.<\/p>\n<p data-start=\"976\" data-end=\"999\"><strong data-start=\"976\" data-end=\"999\">Ba\u015fl\u0131ca \u00d6zellikler:<\/strong><\/p>\n<ul data-start=\"1000\" data-end=\"1607\">\n<li data-start=\"1000\" data-end=\"1085\">\n<p data-start=\"1002\" data-end=\"1085\">Anatomik olarak do\u011fru yeti\u015fkin kad\u0131n alt g\u00f6vdesi (diyaframdan kuadrisepslere kadar)<\/p>\n<\/li>\n<li data-start=\"1086\" data-end=\"1158\">\n<p data-start=\"1088\" data-end=\"1158\"><strong data-start=\"1088\" data-end=\"1114\">Ger\u00e7ek\u00e7i do\u011fum s\u00fcreci:<\/strong> \u0130ni\u015f, rotasyon, do\u011fum ve postpartum y\u00f6netim<\/p>\n<\/li>\n<li data-start=\"1159\" data-end=\"1200\">\n<p data-start=\"1161\" data-end=\"1200\"><strong data-start=\"1161\" data-end=\"1200\">Vertex ve breech do\u011fum uygulamalar\u0131<\/strong><\/p>\n<\/li>\n<li data-start=\"1201\" data-end=\"1246\">\n<p data-start=\"1203\" data-end=\"1246\"><strong data-start=\"1203\" data-end=\"1246\">Vakum ve forseps destekli do\u011fum e\u011fitimi<\/strong><\/p>\n<\/li>\n<li data-start=\"1247\" data-end=\"1325\">\n<p data-start=\"1249\" data-end=\"1325\"><strong data-start=\"1249\" data-end=\"1325\">\u00c7\u0131kar\u0131labilir kar\u0131n ve rahim kapaklar\u0131 ile i\u00e7 hareketlerin g\u00f6zlemlenmesi<\/strong><\/p>\n<\/li>\n<li data-start=\"1326\" data-end=\"1405\">\n<p data-start=\"1328\" data-end=\"1405\"><strong data-start=\"1328\" data-end=\"1405\">Plasenta, kordon ve do\u011fum kanal\u0131na ili\u015fkin t\u00fcm senaryolar\u0131 \u00e7al\u0131\u015ft\u0131rabilme<\/strong><\/p>\n<\/li>\n<li data-start=\"1406\" data-end=\"1502\">\n<p data-start=\"1408\" data-end=\"1502\"><strong data-start=\"1408\" data-end=\"1452\">Epizyotomi onar\u0131m sim\u00fclat\u00f6r\u00fc (opsiyonel)<\/strong> \u2013 Ger\u00e7ek doku benzeri deri ile diki\u015f uygulamalar\u0131<\/p>\n<\/li>\n<li data-start=\"1503\" data-end=\"1607\">\n<p data-start=\"1505\" data-end=\"1607\"><strong data-start=\"1505\" data-end=\"1547\">Postpartum hemoraji paketi (opsiyonel)<\/strong> \u2013 Uterin ton ayar\u0131, kanama sim\u00fclasyonu, tamponad uygulamas\u0131<\/p>\n<\/li>\n<\/ul>\n<p data-start=\"1609\" data-end=\"1633\"><strong data-start=\"1609\" data-end=\"1633\">Neonate \u00d6zellikleri:<\/strong><\/p>\n<ul data-start=\"1634\" data-end=\"1795\">\n<li data-start=\"1634\" data-end=\"1690\">\n<p data-start=\"1636\" data-end=\"1690\">Tam d\u00f6nem boyut ve a\u011f\u0131rl\u0131kta yenido\u011fan (47 cm, 2.7 kg)<\/p>\n<\/li>\n<li data-start=\"1691\" data-end=\"1735\">\n<p data-start=\"1693\" data-end=\"1735\">Nazal ve oral a\u00e7\u0131kl\u0131k, yumu\u015fak deri yap\u0131s\u0131<\/p>\n<\/li>\n<li data-start=\"1736\" data-end=\"1795\">\n<p data-start=\"1738\" data-end=\"1795\">Fontaneller, eklemli uzuvlar, kopar\u0131labilir g\u00f6bek kordonu<\/p>\n<\/li>\n<\/ul>\n<p data-start=\"1797\" data-end=\"1815\"><strong data-start=\"1797\" data-end=\"1815\">Paket \u0130\u00e7eri\u011fi:<\/strong><\/p>\n<ul data-start=\"1816\" data-end=\"2145\">\n<li data-start=\"1816\" data-end=\"1856\">\n<p data-start=\"1818\" data-end=\"1856\">Super OB SUSIE\u00ae do\u011fum e\u011fitim torsosu<\/p>\n<\/li>\n<li data-start=\"1857\" data-end=\"1880\">\n<p data-start=\"1859\" data-end=\"1880\">Hamile kar\u0131n mod\u00fcl\u00fc<\/p>\n<\/li>\n<li data-start=\"1881\" data-end=\"1911\">\n<p data-start=\"1883\" data-end=\"1911\">Tam d\u00f6nem yenido\u011fan modeli<\/p>\n<\/li>\n<li data-start=\"1912\" data-end=\"1949\">\n<p data-start=\"1914\" data-end=\"1949\">2 adet g\u00f6bek kordonu ve g\u00f6bek ucu<\/p>\n<\/li>\n<li data-start=\"1950\" data-end=\"1984\">\n<p data-start=\"1952\" data-end=\"1984\">2 adet serviks ve do\u011fum kanal\u0131<\/p>\n<\/li>\n<li data-start=\"1985\" data-end=\"2037\">\n<p data-start=\"1987\" data-end=\"2037\">Lifelike plasenta (\u00e7\u0131kar\u0131labilir kotiledonlarla)<\/p>\n<\/li>\n<li data-start=\"2038\" data-end=\"2093\">\n<p data-start=\"2040\" data-end=\"2093\">Sim\u00fclasyon yaz\u0131l\u0131mlar\u0131 ile uyumlu (Gaumard Vitals\u00ae)<\/p>\n<\/li>\n<li data-start=\"2094\" data-end=\"2123\">\n<p data-start=\"2096\" data-end=\"2123\">Ta\u015f\u0131ma ve saklama \u00e7antas\u0131<\/p>\n<\/li>\n<li data-start=\"2124\" data-end=\"2145\">\n<p data-start=\"2126\" data-end=\"2145\">Kullan\u0131m k\u0131lavuzu<\/p>\n<\/li>\n<\/ul>\n","protected":false},"excerpt":{"rendered":"<p>Do\u011fum e\u011fitimi i\u00e7in eksiksiz \u00e7\u00f6z\u00fcm: Vertex ve breech do\u011fum, plasenta komplikasyonlar\u0131, epizyotomi onar\u0131m\u0131 ve postpartum senaryolar\u0131n sim\u00fclasyonuna olanak tan\u0131yan profesyonel obstetrik e\u011fitim torsosu.<\/p>\n","protected":false},"featured_media":510,"comment_status":"open","ping_status":"closed","template":"","meta":[],"product_brand":[948],"product_cat":[15,947,1205],"product_tag":[1378,1387,336,1388,1190,1383,261,337,1386,1382,1381,1385,1377,1384],"class_list":{"0":"post-509","1":"product","2":"type-product","3":"status-publish","4":"has-post-thumbnail","6":"product_brand-gaumard-scientific","7":"product_cat-genel","8":"product_cat-gaumard-scientific","9":"product_cat-gaumard-skill-trainer","10":"product_tag-breech-dogum","11":"product_tag-dogum-becerileri-egitimi","12":"product_tag-dogum-simulatoru","13":"product_tag-egitim-torsosu","14":"product_tag-epizyotomi-egitimi","15":"product_tag-gaumard","16":"product_tag-medikal-simulator","17":"product_tag-obstetrik-egitim","18":"product_tag-postpartum-hemoraji-egitimi","19":"product_tag-s500-300","20":"product_tag-super-ob-susie","21":"product_tag-tip-egitimi-simulasyonu","22":"product_tag-vakum-dogum","23":"product_tag-yenidogan-simulasyonu","25":"first","26":"instock","27":"shipping-taxable","28":"product-type-simple"},"yoast_head":"<!-- This site is optimized with the Yoast SEO plugin v25.2 - https:\/\/yoast.com\/wordpress\/plugins\/seo\/ -->\n<title>Super OB SUSIE\u00ae S500.300 - Do\u011fum Becerileri E\u011fitim Torsosu - Merkim Maket<\/title>\n<meta name=\"description\" content=\"Super OB SUSIE\u00ae S500.300 do\u011fum e\u011fitimi sim\u00fclat\u00f6r\u00fc, ger\u00e7ek\u00e7i fetal hareketler, breech ve vakum do\u011fum, epizyotomi ve postpartum senaryolar\u0131 \u00e7al\u0131\u015fmaya imk\u00e2n tan\u0131yan kapsaml\u0131 bir obstetrik e\u011fitim \u00e7\u00f6z\u00fcm\u00fcd\u00fcr.\" \/>\n<meta name=\"robots\" content=\"index, follow, max-snippet:-1, max-image-preview:large, max-video-preview:-1\" \/>\n<link rel=\"canonical\" href=\"https:\/\/merkim.com.tr\/merkim-maket\/urun\/super-ob-susie-s500-300-dogum-becerileri-egitim-torsosu\/\" \/>\n<meta property=\"og:locale\" content=\"tr_TR\" \/>\n<meta property=\"og:type\" content=\"article\" \/>\n<meta property=\"og:title\" content=\"Super OB SUSIE\u00ae S500.300 - Do\u011fum Becerileri E\u011fitim Torsosu - Merkim Maket\" \/>\n<meta property=\"og:description\" content=\"Super OB SUSIE\u00ae S500.300 do\u011fum e\u011fitimi sim\u00fclat\u00f6r\u00fc, ger\u00e7ek\u00e7i fetal hareketler, breech ve vakum do\u011fum, epizyotomi ve postpartum senaryolar\u0131 \u00e7al\u0131\u015fmaya imk\u00e2n tan\u0131yan kapsaml\u0131 bir obstetrik e\u011fitim \u00e7\u00f6z\u00fcm\u00fcd\u00fcr.\" \/>\n<meta property=\"og:url\" content=\"https:\/\/merkim.com.tr\/merkim-maket\/urun\/super-ob-susie-s500-300-dogum-becerileri-egitim-torsosu\/\" \/>\n<meta property=\"og:site_name\" content=\"Merkim Maket\" \/>\n<meta property=\"article:modified_time\" content=\"2025-07-06T11:57:22+00:00\" \/>\n<meta property=\"og:image\" content=\"https:\/\/merkim.com.tr\/merkim-maket\/wp-content\/uploads\/2025\/07\/super-ob-susie-dogum-egitim-torsosu-gaumard.png\" \/>\n\t<meta property=\"og:image:width\" content=\"800\" \/>\n\t<meta property=\"og:image:height\" content=\"531\" \/>\n\t<meta property=\"og:image:type\" content=\"image\/png\" \/>\n<meta name=\"twitter:card\" content=\"summary_large_image\" \/>\n<meta name=\"twitter:label1\" content=\"Tahmini okuma s\u00fcresi\" \/>\n\t<meta name=\"twitter:data1\" content=\"2 dakika\" \/>\n<script type=\"application\/ld+json\" class=\"yoast-schema-graph\">{\"@context\":\"https:\/\/schema.org\",\"@graph\":[{\"@type\":\"WebPage\",\"@id\":\"https:\/\/merkim.com.tr\/merkim-maket\/urun\/super-ob-susie-s500-300-dogum-becerileri-egitim-torsosu\/\",\"url\":\"https:\/\/merkim.com.tr\/merkim-maket\/urun\/super-ob-susie-s500-300-dogum-becerileri-egitim-torsosu\/\",\"name\":\"Super OB SUSIE\u00ae S500.300 - Do\u011fum Becerileri E\u011fitim Torsosu - Merkim Maket\",\"isPartOf\":{\"@id\":\"https:\/\/merkim.com.tr\/merkim-maket\/#website\"},\"primaryImageOfPage\":{\"@id\":\"https:\/\/merkim.com.tr\/merkim-maket\/urun\/super-ob-susie-s500-300-dogum-becerileri-egitim-torsosu\/#primaryimage\"},\"image\":{\"@id\":\"https:\/\/merkim.com.tr\/merkim-maket\/urun\/super-ob-susie-s500-300-dogum-becerileri-egitim-torsosu\/#primaryimage\"},\"thumbnailUrl\":\"https:\/\/merkim.com.tr\/merkim-maket\/wp-content\/uploads\/2025\/07\/super-ob-susie-dogum-egitim-torsosu-gaumard.png\",\"datePublished\":\"2025-07-06T11:57:20+00:00\",\"dateModified\":\"2025-07-06T11:57:22+00:00\",\"description\":\"Super OB SUSIE\u00ae S500.300 do\u011fum e\u011fitimi sim\u00fclat\u00f6r\u00fc, ger\u00e7ek\u00e7i fetal hareketler, breech ve vakum do\u011fum, epizyotomi ve postpartum senaryolar\u0131 \u00e7al\u0131\u015fmaya imk\u00e2n tan\u0131yan kapsaml\u0131 bir obstetrik e\u011fitim \u00e7\u00f6z\u00fcm\u00fcd\u00fcr.\",\"breadcrumb\":{\"@id\":\"https:\/\/merkim.com.tr\/merkim-maket\/urun\/super-ob-susie-s500-300-dogum-becerileri-egitim-torsosu\/#breadcrumb\"},\"inLanguage\":\"tr\",\"potentialAction\":[{\"@type\":\"ReadAction\",\"target\":[\"https:\/\/merkim.com.tr\/merkim-maket\/urun\/super-ob-susie-s500-300-dogum-becerileri-egitim-torsosu\/\"]}]},{\"@type\":\"ImageObject\",\"inLanguage\":\"tr\",\"@id\":\"https:\/\/merkim.com.tr\/merkim-maket\/urun\/super-ob-susie-s500-300-dogum-becerileri-egitim-torsosu\/#primaryimage\",\"url\":\"https:\/\/merkim.com.tr\/merkim-maket\/wp-content\/uploads\/2025\/07\/super-ob-susie-dogum-egitim-torsosu-gaumard.png\",\"contentUrl\":\"https:\/\/merkim.com.tr\/merkim-maket\/wp-content\/uploads\/2025\/07\/super-ob-susie-dogum-egitim-torsosu-gaumard.png\",\"width\":800,\"height\":531,\"caption\":\"Ger\u00e7ek\u00e7i do\u011fum e\u011fitimi sa\u011flayan obstetrik sim\u00fclat\u00f6r\"},{\"@type\":\"BreadcrumbList\",\"@id\":\"https:\/\/merkim.com.tr\/merkim-maket\/urun\/super-ob-susie-s500-300-dogum-becerileri-egitim-torsosu\/#breadcrumb\",\"itemListElement\":[{\"@type\":\"ListItem\",\"position\":1,\"name\":\"Anasayfa\",\"item\":\"https:\/\/merkim.com.tr\/merkim-maket\/\"},{\"@type\":\"ListItem\",\"position\":2,\"name\":\"Ma\u011faza\",\"item\":\"https:\/\/merkim.com.tr\/merkim-maket\/magaza\/\"},{\"@type\":\"ListItem\",\"position\":3,\"name\":\"Super OB SUSIE\u00ae S500.300 &#8211; Do\u011fum Becerileri E\u011fitim Torsosu\"}]},{\"@type\":\"WebSite\",\"@id\":\"https:\/\/merkim.com.tr\/merkim-maket\/#website\",\"url\":\"https:\/\/merkim.com.tr\/merkim-maket\/\",\"name\":\"Merkim Maket\",\"description\":\"\",\"potentialAction\":[{\"@type\":\"SearchAction\",\"target\":{\"@type\":\"EntryPoint\",\"urlTemplate\":\"https:\/\/merkim.com.tr\/merkim-maket\/?s={search_term_string}\"},\"query-input\":{\"@type\":\"PropertyValueSpecification\",\"valueRequired\":true,\"valueName\":\"search_term_string\"}}],\"inLanguage\":\"tr\"}]}<\/script>\n<!-- \/ Yoast SEO plugin. -->","yoast_head_json":{"title":"Super OB SUSIE\u00ae S500.300 - Do\u011fum Becerileri E\u011fitim Torsosu - Merkim Maket","description":"Super OB SUSIE\u00ae S500.300 do\u011fum e\u011fitimi sim\u00fclat\u00f6r\u00fc, ger\u00e7ek\u00e7i fetal hareketler, breech ve vakum do\u011fum, epizyotomi ve postpartum senaryolar\u0131 \u00e7al\u0131\u015fmaya imk\u00e2n tan\u0131yan kapsaml\u0131 bir obstetrik e\u011fitim \u00e7\u00f6z\u00fcm\u00fcd\u00fcr.","robots":{"index":"index","follow":"follow","max-snippet":"max-snippet:-1","max-image-preview":"max-image-preview:large","max-video-preview":"max-video-preview:-1"},"canonical":"https:\/\/merkim.com.tr\/merkim-maket\/urun\/super-ob-susie-s500-300-dogum-becerileri-egitim-torsosu\/","og_locale":"tr_TR","og_type":"article","og_title":"Super OB SUSIE\u00ae S500.300 - Do\u011fum Becerileri E\u011fitim Torsosu - Merkim Maket","og_description":"Super OB SUSIE\u00ae S500.300 do\u011fum e\u011fitimi sim\u00fclat\u00f6r\u00fc, ger\u00e7ek\u00e7i fetal hareketler, breech ve vakum do\u011fum, epizyotomi ve postpartum senaryolar\u0131 \u00e7al\u0131\u015fmaya imk\u00e2n tan\u0131yan kapsaml\u0131 bir obstetrik e\u011fitim \u00e7\u00f6z\u00fcm\u00fcd\u00fcr.","og_url":"https:\/\/merkim.com.tr\/merkim-maket\/urun\/super-ob-susie-s500-300-dogum-becerileri-egitim-torsosu\/","og_site_name":"Merkim Maket","article_modified_time":"2025-07-06T11:57:22+00:00","og_image":[{"width":800,"height":531,"url":"https:\/\/merkim.com.tr\/merkim-maket\/wp-content\/uploads\/2025\/07\/super-ob-susie-dogum-egitim-torsosu-gaumard.png","type":"image\/png"}],"twitter_card":"summary_large_image","twitter_misc":{"Tahmini okuma s\u00fcresi":"2 dakika"},"schema":{"@context":"https:\/\/schema.org","@graph":[{"@type":"WebPage","@id":"https:\/\/merkim.com.tr\/merkim-maket\/urun\/super-ob-susie-s500-300-dogum-becerileri-egitim-torsosu\/","url":"https:\/\/merkim.com.tr\/merkim-maket\/urun\/super-ob-susie-s500-300-dogum-becerileri-egitim-torsosu\/","name":"Super OB SUSIE\u00ae S500.300 - Do\u011fum Becerileri E\u011fitim Torsosu - Merkim Maket","isPartOf":{"@id":"https:\/\/merkim.com.tr\/merkim-maket\/#website"},"primaryImageOfPage":{"@id":"https:\/\/merkim.com.tr\/merkim-maket\/urun\/super-ob-susie-s500-300-dogum-becerileri-egitim-torsosu\/#primaryimage"},"image":{"@id":"https:\/\/merkim.com.tr\/merkim-maket\/urun\/super-ob-susie-s500-300-dogum-becerileri-egitim-torsosu\/#primaryimage"},"thumbnailUrl":"https:\/\/merkim.com.tr\/merkim-maket\/wp-content\/uploads\/2025\/07\/super-ob-susie-dogum-egitim-torsosu-gaumard.png","datePublished":"2025-07-06T11:57:20+00:00","dateModified":"2025-07-06T11:57:22+00:00","description":"Super OB SUSIE\u00ae S500.300 do\u011fum e\u011fitimi sim\u00fclat\u00f6r\u00fc, ger\u00e7ek\u00e7i fetal hareketler, breech ve vakum do\u011fum, epizyotomi ve postpartum senaryolar\u0131 \u00e7al\u0131\u015fmaya imk\u00e2n tan\u0131yan kapsaml\u0131 bir obstetrik e\u011fitim \u00e7\u00f6z\u00fcm\u00fcd\u00fcr.","breadcrumb":{"@id":"https:\/\/merkim.com.tr\/merkim-maket\/urun\/super-ob-susie-s500-300-dogum-becerileri-egitim-torsosu\/#breadcrumb"},"inLanguage":"tr","potentialAction":[{"@type":"ReadAction","target":["https:\/\/merkim.com.tr\/merkim-maket\/urun\/super-ob-susie-s500-300-dogum-becerileri-egitim-torsosu\/"]}]},{"@type":"ImageObject","inLanguage":"tr","@id":"https:\/\/merkim.com.tr\/merkim-maket\/urun\/super-ob-susie-s500-300-dogum-becerileri-egitim-torsosu\/#primaryimage","url":"https:\/\/merkim.com.tr\/merkim-maket\/wp-content\/uploads\/2025\/07\/super-ob-susie-dogum-egitim-torsosu-gaumard.png","contentUrl":"https:\/\/merkim.com.tr\/merkim-maket\/wp-content\/uploads\/2025\/07\/super-ob-susie-dogum-egitim-torsosu-gaumard.png","width":800,"height":531,"caption":"Ger\u00e7ek\u00e7i do\u011fum e\u011fitimi sa\u011flayan obstetrik sim\u00fclat\u00f6r"},{"@type":"BreadcrumbList","@id":"https:\/\/merkim.com.tr\/merkim-maket\/urun\/super-ob-susie-s500-300-dogum-becerileri-egitim-torsosu\/#breadcrumb","itemListElement":[{"@type":"ListItem","position":1,"name":"Anasayfa","item":"https:\/\/merkim.com.tr\/merkim-maket\/"},{"@type":"ListItem","position":2,"name":"Ma\u011faza","item":"https:\/\/merkim.com.tr\/merkim-maket\/magaza\/"},{"@type":"ListItem","position":3,"name":"Super OB SUSIE\u00ae S500.300 &#8211; Do\u011fum Becerileri E\u011fitim Torsosu"}]},{"@type":"WebSite","@id":"https:\/\/merkim.com.tr\/merkim-maket\/#website","url":"https:\/\/merkim.com.tr\/merkim-maket\/","name":"Merkim Maket","description":"","potentialAction":[{"@type":"SearchAction","target":{"@type":"EntryPoint","urlTemplate":"https:\/\/merkim.com.tr\/merkim-maket\/?s={search_term_string}"},"query-input":{"@type":"PropertyValueSpecification","valueRequired":true,"valueName":"search_term_string"}}],"inLanguage":"tr"}]}},"_links":{"self":[{"href":"https:\/\/merkim.com.tr\/merkim-maket\/wp-json\/wp\/v2\/product\/509","targetHints":{"allow":["GET"]}}],"collection":[{"href":"https:\/\/merkim.com.tr\/merkim-maket\/wp-json\/wp\/v2\/product"}],"about":[{"href":"https:\/\/merkim.com.tr\/merkim-maket\/wp-json\/wp\/v2\/types\/product"}],"replies":[{"embeddable":true,"href":"https:\/\/merkim.com.tr\/merkim-maket\/wp-json\/wp\/v2\/comments?post=509"}],"wp:featuredmedia":[{"embeddable":true,"href":"https:\/\/merkim.com.tr\/merkim-maket\/wp-json\/wp\/v2\/media\/510"}],"wp:attachment":[{"href":"https:\/\/merkim.com.tr\/merkim-maket\/wp-json\/wp\/v2\/media?parent=509"}],"wp:term":[{"taxonomy":"product_brand","embeddable":true,"href":"https:\/\/merkim.com.tr\/merkim-maket\/wp-json\/wp\/v2\/product_brand?post=509"},{"taxonomy":"product_cat","embeddable":true,"href":"https:\/\/merkim.com.tr\/merkim-maket\/wp-json\/wp\/v2\/product_cat?post=509"},{"taxonomy":"product_tag","embeddable":true,"href":"https:\/\/merkim.com.tr\/merkim-maket\/wp-json\/wp\/v2\/product_tag?post=509"}],"curies":[{"name":"wp","href":"https:\/\/api.w.org\/{rel}","templated":true}]}}