{"id":507,"date":"2025-07-06T11:46:47","date_gmt":"2025-07-06T11:46:47","guid":{"rendered":"https:\/\/merkim.com.tr\/merkim-maket\/?post_type=product&#038;p=507"},"modified":"2025-07-06T11:46:48","modified_gmt":"2025-07-06T11:46:48","slug":"advanced-ob-susie-s500-200-dogum-becerileri-egitim-simulatoru","status":"publish","type":"product","link":"https:\/\/merkim.com.tr\/merkim-maket\/urun\/advanced-ob-susie-s500-200-dogum-becerileri-egitim-simulatoru\/","title":{"rendered":"Advanced OB Susie\u00ae S500.200 &#8211; Do\u011fum Becerileri E\u011fitim Sim\u00fclat\u00f6r\u00fc"},"content":{"rendered":"<p data-start=\"318\" data-end=\"628\"><strong data-start=\"318\" data-end=\"349\">Advanced OB Susie\u00ae S500.200<\/strong>, do\u011fum \u00f6ncesi, do\u011fum ve do\u011fum sonras\u0131 s\u00fcre\u00e7leri kapsayan tam kapsaml\u0131 obstetrik e\u011fitim deneyimi sunan geli\u015fmi\u015f bir do\u011fum sim\u00fclat\u00f6r\u00fcd\u00fcr. Sa\u011fl\u0131k profesyonelleri i\u00e7in tasarlanan bu sistem, hem rutin hem de nadir g\u00f6r\u00fclen y\u00fcksek riskli do\u011fum senaryolar\u0131nda pratik yapma imk\u00e2n\u0131 tan\u0131r.<\/p>\n<p data-start=\"630\" data-end=\"898\">Sim\u00fclat\u00f6r; vertex (ba\u015f geli\u015fi) ve breech (makat geli\u015fi) gibi do\u011fum pozisyonlar\u0131n\u0131, vakum veya forseps destekli do\u011fumlar\u0131, postpartum hemoraji kontrol\u00fcn\u00fc, Leopold manevralar\u0131n\u0131 ve yenido\u011fan bak\u0131m\u0131n\u0131 ger\u00e7e\u011fe yak\u0131n bir \u015fekilde uygulamal\u0131 olarak deneyimleme f\u0131rsat\u0131 sunar.<\/p>\n<p data-start=\"900\" data-end=\"921\"><strong data-start=\"900\" data-end=\"921\">Temel \u00d6zellikler:<\/strong><\/p>\n<ul data-start=\"922\" data-end=\"1609\">\n<li data-start=\"922\" data-end=\"996\">\n<p data-start=\"924\" data-end=\"996\">Ger\u00e7ek\u00e7i v\u00fccut formuna sahip do\u011fum torsosu (a\u00e7\u0131k\/orta\/koyu ten se\u00e7ene\u011fi)<\/p>\n<\/li>\n<li data-start=\"997\" data-end=\"1037\">\n<p data-start=\"999\" data-end=\"1037\"><strong data-start=\"999\" data-end=\"1025\">Vertex ve breech do\u011fum<\/strong> senaryolar\u0131<\/p>\n<\/li>\n<li data-start=\"1038\" data-end=\"1076\">\n<p data-start=\"1040\" data-end=\"1076\"><strong data-start=\"1040\" data-end=\"1076\">Vakum ve forsepsle do\u011fum prati\u011fi<\/strong><\/p>\n<\/li>\n<li data-start=\"1077\" data-end=\"1129\">\n<p data-start=\"1079\" data-end=\"1129\"><strong data-start=\"1079\" data-end=\"1129\">De\u011fi\u015ftirilebilir vulva ve esnek serviks yap\u0131s\u0131<\/strong><\/p>\n<\/li>\n<li data-start=\"1130\" data-end=\"1190\">\n<p data-start=\"1132\" data-end=\"1190\"><strong data-start=\"1132\" data-end=\"1190\">Annede ve bebekte duyulabilir kalp sesleri (0\u2013220 bpm)<\/strong><\/p>\n<\/li>\n<li data-start=\"1191\" data-end=\"1260\">\n<p data-start=\"1193\" data-end=\"1260\"><strong data-start=\"1193\" data-end=\"1224\">Postpartum kanama senaryosu<\/strong> (1.25 litre s\u0131v\u0131 kayb\u0131 sim\u00fclasyonu)<\/p>\n<\/li>\n<li data-start=\"1261\" data-end=\"1323\">\n<p data-start=\"1263\" data-end=\"1323\"><strong data-start=\"1263\" data-end=\"1323\">Yenido\u011fan kalp at\u0131\u015f\u0131, a\u011flama, stridor ve solunum sesleri<\/strong><\/p>\n<\/li>\n<li data-start=\"1324\" data-end=\"1400\">\n<p data-start=\"1326\" data-end=\"1400\"><strong data-start=\"1326\" data-end=\"1400\">Fet\u00fcs\u00fcn y\u00fckseltilebildi\u011fi kar\u0131n yast\u0131\u011f\u0131yla Leopold manevralar\u0131 e\u011fitimi<\/strong><\/p>\n<\/li>\n<li data-start=\"1401\" data-end=\"1481\">\n<p data-start=\"1403\" data-end=\"1481\"><strong data-start=\"1403\" data-end=\"1481\">Fetal kafa yap\u0131s\u0131nda fontaneller ve vakum\/forseps i\u00e7in esnek y\u00fcz kaplamas\u0131<\/strong><\/p>\n<\/li>\n<li data-start=\"1482\" data-end=\"1557\">\n<p data-start=\"1484\" data-end=\"1557\"><strong data-start=\"1484\" data-end=\"1557\">Mesane kateterizasyonu, umbilikal kateterizasyon, idrar ak\u0131\u015f kontrol\u00fc<\/strong><\/p>\n<\/li>\n<li data-start=\"1558\" data-end=\"1609\">\n<p data-start=\"1560\" data-end=\"1609\"><strong data-start=\"1560\" data-end=\"1609\">Ger\u00e7ek ekipmanlarla uygulamal\u0131 e\u011fitim deste\u011fi<\/strong><\/p>\n<\/li>\n<\/ul>\n<p data-start=\"1611\" data-end=\"1628\"><strong data-start=\"1611\" data-end=\"1628\">Kutu \u0130\u00e7eri\u011fi:<\/strong><\/p>\n<ul data-start=\"1629\" data-end=\"2074\">\n<li data-start=\"1629\" data-end=\"1657\">\n<p data-start=\"1631\" data-end=\"1657\">Do\u011fum sim\u00fclat\u00f6r\u00fc g\u00f6vdesi<\/p>\n<\/li>\n<li data-start=\"1658\" data-end=\"1701\">\n<p data-start=\"1660\" data-end=\"1701\">2 adet plesenta (\u00e7\u0131kar\u0131labilir par\u00e7al\u0131)<\/p>\n<\/li>\n<li data-start=\"1702\" data-end=\"1760\">\n<p data-start=\"1704\" data-end=\"1760\">4 adet umbilikal kord, ba\u011flant\u0131 elemanlar\u0131 ve klipsler<\/p>\n<\/li>\n<li data-start=\"1761\" data-end=\"1814\">\n<p data-start=\"1763\" data-end=\"1814\">Yenido\u011fan bebek modeli ve kafa \u0131s\u0131 koruma ba\u015fl\u0131\u011f\u0131<\/p>\n<\/li>\n<li data-start=\"1815\" data-end=\"1839\">\n<p data-start=\"1817\" data-end=\"1839\">3 adet esnek serviks<\/p>\n<\/li>\n<li data-start=\"1840\" data-end=\"1899\">\n<p data-start=\"1842\" data-end=\"1899\">1 adet non-steril idrar kateteri (sadece e\u011fitim ama\u00e7l\u0131)<\/p>\n<\/li>\n<li data-start=\"1900\" data-end=\"1970\">\n<p data-start=\"1902\" data-end=\"1970\">Kan toplama stand\u0131, s\u0131kma pompas\u0131, sim\u00fcle kan ve idrar konsantresi<\/p>\n<\/li>\n<li data-start=\"1971\" data-end=\"2044\">\n<p data-start=\"1973\" data-end=\"2044\">Pinard ve klasik stetoskop, do\u011fum elbisesi, ta\u015f\u0131ma ve saklama \u00e7antas\u0131<\/p>\n<\/li>\n<li data-start=\"2045\" data-end=\"2074\">\n<p data-start=\"2047\" data-end=\"2074\">Detayl\u0131 kullan\u0131m k\u0131lavuzu<\/p>\n<\/li>\n<\/ul>\n","protected":false},"excerpt":{"rendered":"<p>Do\u011fum s\u00fcrecinin her a\u015famas\u0131n\u0131 kapsayan, ger\u00e7ek\u00e7i vakum\/forseps do\u011fum, postpartum hemoraji ve yenido\u011fan bak\u0131m\u0131 senaryolar\u0131 sunan geli\u015fmi\u015f do\u011fum e\u011fitim sim\u00fclat\u00f6r\u00fc.<\/p>\n","protected":false},"featured_media":508,"comment_status":"open","ping_status":"closed","template":"","meta":[],"product_brand":[948],"product_cat":[15,947,1205],"product_tag":[1375,1378,1380,574,336,1379,1376,370,349,20,45,1377,73],"class_list":{"0":"post-507","1":"product","2":"type-product","3":"status-publish","4":"has-post-thumbnail","6":"product_brand-gaumard-scientific","7":"product_cat-genel","8":"product_cat-gaumard-scientific","9":"product_cat-gaumard-skill-trainer","10":"product_tag-advanced-ob-susie","11":"product_tag-breech-dogum","12":"product_tag-dogum-beceri-egitimi","13":"product_tag-dogum-egitimi","14":"product_tag-dogum-simulatoru","15":"product_tag-ebeler-icin-simulasyon","16":"product_tag-gaumard-s500-200","17":"product_tag-obstetrik-simulasyon","18":"product_tag-postpartum-hemoraji","19":"product_tag-saglik-simulasyonu","20":"product_tag-tip-egitimi","21":"product_tag-vakum-dogum","22":"product_tag-yenidogan-simulatoru","24":"first","25":"instock","26":"shipping-taxable","27":"product-type-simple"},"yoast_head":"<!-- This site is optimized with the Yoast SEO plugin v25.2 - https:\/\/yoast.com\/wordpress\/plugins\/seo\/ -->\n<title>Advanced OB Susie\u00ae S500.200 - Do\u011fum Becerileri E\u011fitim Sim\u00fclat\u00f6r\u00fc - Merkim Maket<\/title>\n<meta name=\"description\" content=\"Advanced OB Susie\u00ae S500.200 do\u011fum sim\u00fclat\u00f6r\u00fc, do\u011fum \u00f6ncesi, do\u011fum ve postpartum s\u00fcre\u00e7leri kapsayan kapsaml\u0131 e\u011fitim sunar. Vakum ve forseps do\u011fum, hemoraji kontrol\u00fc gibi senaryolarla ideal bir medikal e\u011fitim \u00e7\u00f6z\u00fcm\u00fcd\u00fcr.\" \/>\n<meta name=\"robots\" content=\"index, follow, max-snippet:-1, max-image-preview:large, max-video-preview:-1\" \/>\n<link rel=\"canonical\" href=\"https:\/\/merkim.com.tr\/merkim-maket\/urun\/advanced-ob-susie-s500-200-dogum-becerileri-egitim-simulatoru\/\" \/>\n<meta property=\"og:locale\" content=\"tr_TR\" \/>\n<meta property=\"og:type\" content=\"article\" \/>\n<meta property=\"og:title\" content=\"Advanced OB Susie\u00ae S500.200 - Do\u011fum Becerileri E\u011fitim Sim\u00fclat\u00f6r\u00fc - Merkim Maket\" \/>\n<meta property=\"og:description\" content=\"Advanced OB Susie\u00ae S500.200 do\u011fum sim\u00fclat\u00f6r\u00fc, do\u011fum \u00f6ncesi, do\u011fum ve postpartum s\u00fcre\u00e7leri kapsayan kapsaml\u0131 e\u011fitim sunar. Vakum ve forseps do\u011fum, hemoraji kontrol\u00fc gibi senaryolarla ideal bir medikal e\u011fitim \u00e7\u00f6z\u00fcm\u00fcd\u00fcr.\" \/>\n<meta property=\"og:url\" content=\"https:\/\/merkim.com.tr\/merkim-maket\/urun\/advanced-ob-susie-s500-200-dogum-becerileri-egitim-simulatoru\/\" \/>\n<meta property=\"og:site_name\" content=\"Merkim Maket\" \/>\n<meta property=\"article:modified_time\" content=\"2025-07-06T11:46:48+00:00\" \/>\n<meta property=\"og:image\" content=\"https:\/\/merkim.com.tr\/merkim-maket\/wp-content\/uploads\/2025\/07\/advanced-ob-susie-dogum-egitim-simulatoru-gaumard.png\" \/>\n\t<meta property=\"og:image:width\" content=\"800\" \/>\n\t<meta property=\"og:image:height\" content=\"443\" \/>\n\t<meta property=\"og:image:type\" content=\"image\/png\" \/>\n<meta name=\"twitter:card\" content=\"summary_large_image\" \/>\n<meta name=\"twitter:label1\" content=\"Tahmini okuma s\u00fcresi\" \/>\n\t<meta name=\"twitter:data1\" content=\"2 dakika\" \/>\n<script type=\"application\/ld+json\" class=\"yoast-schema-graph\">{\"@context\":\"https:\/\/schema.org\",\"@graph\":[{\"@type\":\"WebPage\",\"@id\":\"https:\/\/merkim.com.tr\/merkim-maket\/urun\/advanced-ob-susie-s500-200-dogum-becerileri-egitim-simulatoru\/\",\"url\":\"https:\/\/merkim.com.tr\/merkim-maket\/urun\/advanced-ob-susie-s500-200-dogum-becerileri-egitim-simulatoru\/\",\"name\":\"Advanced OB Susie\u00ae S500.200 - Do\u011fum Becerileri E\u011fitim Sim\u00fclat\u00f6r\u00fc - Merkim Maket\",\"isPartOf\":{\"@id\":\"https:\/\/merkim.com.tr\/merkim-maket\/#website\"},\"primaryImageOfPage\":{\"@id\":\"https:\/\/merkim.com.tr\/merkim-maket\/urun\/advanced-ob-susie-s500-200-dogum-becerileri-egitim-simulatoru\/#primaryimage\"},\"image\":{\"@id\":\"https:\/\/merkim.com.tr\/merkim-maket\/urun\/advanced-ob-susie-s500-200-dogum-becerileri-egitim-simulatoru\/#primaryimage\"},\"thumbnailUrl\":\"https:\/\/merkim.com.tr\/merkim-maket\/wp-content\/uploads\/2025\/07\/advanced-ob-susie-dogum-egitim-simulatoru-gaumard.png\",\"datePublished\":\"2025-07-06T11:46:47+00:00\",\"dateModified\":\"2025-07-06T11:46:48+00:00\",\"description\":\"Advanced OB Susie\u00ae S500.200 do\u011fum sim\u00fclat\u00f6r\u00fc, do\u011fum \u00f6ncesi, do\u011fum ve postpartum s\u00fcre\u00e7leri kapsayan kapsaml\u0131 e\u011fitim sunar. Vakum ve forseps do\u011fum, hemoraji kontrol\u00fc gibi senaryolarla ideal bir medikal e\u011fitim \u00e7\u00f6z\u00fcm\u00fcd\u00fcr.\",\"breadcrumb\":{\"@id\":\"https:\/\/merkim.com.tr\/merkim-maket\/urun\/advanced-ob-susie-s500-200-dogum-becerileri-egitim-simulatoru\/#breadcrumb\"},\"inLanguage\":\"tr\",\"potentialAction\":[{\"@type\":\"ReadAction\",\"target\":[\"https:\/\/merkim.com.tr\/merkim-maket\/urun\/advanced-ob-susie-s500-200-dogum-becerileri-egitim-simulatoru\/\"]}]},{\"@type\":\"ImageObject\",\"inLanguage\":\"tr\",\"@id\":\"https:\/\/merkim.com.tr\/merkim-maket\/urun\/advanced-ob-susie-s500-200-dogum-becerileri-egitim-simulatoru\/#primaryimage\",\"url\":\"https:\/\/merkim.com.tr\/merkim-maket\/wp-content\/uploads\/2025\/07\/advanced-ob-susie-dogum-egitim-simulatoru-gaumard.png\",\"contentUrl\":\"https:\/\/merkim.com.tr\/merkim-maket\/wp-content\/uploads\/2025\/07\/advanced-ob-susie-dogum-egitim-simulatoru-gaumard.png\",\"width\":800,\"height\":443,\"caption\":\"Rutin ve riskli do\u011fumlar i\u00e7in geli\u015fmi\u015f e\u011fitim platformu\"},{\"@type\":\"BreadcrumbList\",\"@id\":\"https:\/\/merkim.com.tr\/merkim-maket\/urun\/advanced-ob-susie-s500-200-dogum-becerileri-egitim-simulatoru\/#breadcrumb\",\"itemListElement\":[{\"@type\":\"ListItem\",\"position\":1,\"name\":\"Anasayfa\",\"item\":\"https:\/\/merkim.com.tr\/merkim-maket\/\"},{\"@type\":\"ListItem\",\"position\":2,\"name\":\"Ma\u011faza\",\"item\":\"https:\/\/merkim.com.tr\/merkim-maket\/magaza\/\"},{\"@type\":\"ListItem\",\"position\":3,\"name\":\"Advanced OB Susie\u00ae S500.200 &#8211; Do\u011fum Becerileri E\u011fitim Sim\u00fclat\u00f6r\u00fc\"}]},{\"@type\":\"WebSite\",\"@id\":\"https:\/\/merkim.com.tr\/merkim-maket\/#website\",\"url\":\"https:\/\/merkim.com.tr\/merkim-maket\/\",\"name\":\"Merkim Maket\",\"description\":\"\",\"potentialAction\":[{\"@type\":\"SearchAction\",\"target\":{\"@type\":\"EntryPoint\",\"urlTemplate\":\"https:\/\/merkim.com.tr\/merkim-maket\/?s={search_term_string}\"},\"query-input\":{\"@type\":\"PropertyValueSpecification\",\"valueRequired\":true,\"valueName\":\"search_term_string\"}}],\"inLanguage\":\"tr\"}]}<\/script>\n<!-- \/ Yoast SEO plugin. -->","yoast_head_json":{"title":"Advanced OB Susie\u00ae S500.200 - Do\u011fum Becerileri E\u011fitim Sim\u00fclat\u00f6r\u00fc - Merkim Maket","description":"Advanced OB Susie\u00ae S500.200 do\u011fum sim\u00fclat\u00f6r\u00fc, do\u011fum \u00f6ncesi, do\u011fum ve postpartum s\u00fcre\u00e7leri kapsayan kapsaml\u0131 e\u011fitim sunar. Vakum ve forseps do\u011fum, hemoraji kontrol\u00fc gibi senaryolarla ideal bir medikal e\u011fitim \u00e7\u00f6z\u00fcm\u00fcd\u00fcr.","robots":{"index":"index","follow":"follow","max-snippet":"max-snippet:-1","max-image-preview":"max-image-preview:large","max-video-preview":"max-video-preview:-1"},"canonical":"https:\/\/merkim.com.tr\/merkim-maket\/urun\/advanced-ob-susie-s500-200-dogum-becerileri-egitim-simulatoru\/","og_locale":"tr_TR","og_type":"article","og_title":"Advanced OB Susie\u00ae S500.200 - Do\u011fum Becerileri E\u011fitim Sim\u00fclat\u00f6r\u00fc - Merkim Maket","og_description":"Advanced OB Susie\u00ae S500.200 do\u011fum sim\u00fclat\u00f6r\u00fc, do\u011fum \u00f6ncesi, do\u011fum ve postpartum s\u00fcre\u00e7leri kapsayan kapsaml\u0131 e\u011fitim sunar. Vakum ve forseps do\u011fum, hemoraji kontrol\u00fc gibi senaryolarla ideal bir medikal e\u011fitim \u00e7\u00f6z\u00fcm\u00fcd\u00fcr.","og_url":"https:\/\/merkim.com.tr\/merkim-maket\/urun\/advanced-ob-susie-s500-200-dogum-becerileri-egitim-simulatoru\/","og_site_name":"Merkim Maket","article_modified_time":"2025-07-06T11:46:48+00:00","og_image":[{"width":800,"height":443,"url":"https:\/\/merkim.com.tr\/merkim-maket\/wp-content\/uploads\/2025\/07\/advanced-ob-susie-dogum-egitim-simulatoru-gaumard.png","type":"image\/png"}],"twitter_card":"summary_large_image","twitter_misc":{"Tahmini okuma s\u00fcresi":"2 dakika"},"schema":{"@context":"https:\/\/schema.org","@graph":[{"@type":"WebPage","@id":"https:\/\/merkim.com.tr\/merkim-maket\/urun\/advanced-ob-susie-s500-200-dogum-becerileri-egitim-simulatoru\/","url":"https:\/\/merkim.com.tr\/merkim-maket\/urun\/advanced-ob-susie-s500-200-dogum-becerileri-egitim-simulatoru\/","name":"Advanced OB Susie\u00ae S500.200 - Do\u011fum Becerileri E\u011fitim Sim\u00fclat\u00f6r\u00fc - Merkim Maket","isPartOf":{"@id":"https:\/\/merkim.com.tr\/merkim-maket\/#website"},"primaryImageOfPage":{"@id":"https:\/\/merkim.com.tr\/merkim-maket\/urun\/advanced-ob-susie-s500-200-dogum-becerileri-egitim-simulatoru\/#primaryimage"},"image":{"@id":"https:\/\/merkim.com.tr\/merkim-maket\/urun\/advanced-ob-susie-s500-200-dogum-becerileri-egitim-simulatoru\/#primaryimage"},"thumbnailUrl":"https:\/\/merkim.com.tr\/merkim-maket\/wp-content\/uploads\/2025\/07\/advanced-ob-susie-dogum-egitim-simulatoru-gaumard.png","datePublished":"2025-07-06T11:46:47+00:00","dateModified":"2025-07-06T11:46:48+00:00","description":"Advanced OB Susie\u00ae S500.200 do\u011fum sim\u00fclat\u00f6r\u00fc, do\u011fum \u00f6ncesi, do\u011fum ve postpartum s\u00fcre\u00e7leri kapsayan kapsaml\u0131 e\u011fitim sunar. Vakum ve forseps do\u011fum, hemoraji kontrol\u00fc gibi senaryolarla ideal bir medikal e\u011fitim \u00e7\u00f6z\u00fcm\u00fcd\u00fcr.","breadcrumb":{"@id":"https:\/\/merkim.com.tr\/merkim-maket\/urun\/advanced-ob-susie-s500-200-dogum-becerileri-egitim-simulatoru\/#breadcrumb"},"inLanguage":"tr","potentialAction":[{"@type":"ReadAction","target":["https:\/\/merkim.com.tr\/merkim-maket\/urun\/advanced-ob-susie-s500-200-dogum-becerileri-egitim-simulatoru\/"]}]},{"@type":"ImageObject","inLanguage":"tr","@id":"https:\/\/merkim.com.tr\/merkim-maket\/urun\/advanced-ob-susie-s500-200-dogum-becerileri-egitim-simulatoru\/#primaryimage","url":"https:\/\/merkim.com.tr\/merkim-maket\/wp-content\/uploads\/2025\/07\/advanced-ob-susie-dogum-egitim-simulatoru-gaumard.png","contentUrl":"https:\/\/merkim.com.tr\/merkim-maket\/wp-content\/uploads\/2025\/07\/advanced-ob-susie-dogum-egitim-simulatoru-gaumard.png","width":800,"height":443,"caption":"Rutin ve riskli do\u011fumlar i\u00e7in geli\u015fmi\u015f e\u011fitim platformu"},{"@type":"BreadcrumbList","@id":"https:\/\/merkim.com.tr\/merkim-maket\/urun\/advanced-ob-susie-s500-200-dogum-becerileri-egitim-simulatoru\/#breadcrumb","itemListElement":[{"@type":"ListItem","position":1,"name":"Anasayfa","item":"https:\/\/merkim.com.tr\/merkim-maket\/"},{"@type":"ListItem","position":2,"name":"Ma\u011faza","item":"https:\/\/merkim.com.tr\/merkim-maket\/magaza\/"},{"@type":"ListItem","position":3,"name":"Advanced OB Susie\u00ae S500.200 &#8211; Do\u011fum Becerileri E\u011fitim Sim\u00fclat\u00f6r\u00fc"}]},{"@type":"WebSite","@id":"https:\/\/merkim.com.tr\/merkim-maket\/#website","url":"https:\/\/merkim.com.tr\/merkim-maket\/","name":"Merkim Maket","description":"","potentialAction":[{"@type":"SearchAction","target":{"@type":"EntryPoint","urlTemplate":"https:\/\/merkim.com.tr\/merkim-maket\/?s={search_term_string}"},"query-input":{"@type":"PropertyValueSpecification","valueRequired":true,"valueName":"search_term_string"}}],"inLanguage":"tr"}]}},"_links":{"self":[{"href":"https:\/\/merkim.com.tr\/merkim-maket\/wp-json\/wp\/v2\/product\/507","targetHints":{"allow":["GET"]}}],"collection":[{"href":"https:\/\/merkim.com.tr\/merkim-maket\/wp-json\/wp\/v2\/product"}],"about":[{"href":"https:\/\/merkim.com.tr\/merkim-maket\/wp-json\/wp\/v2\/types\/product"}],"replies":[{"embeddable":true,"href":"https:\/\/merkim.com.tr\/merkim-maket\/wp-json\/wp\/v2\/comments?post=507"}],"wp:featuredmedia":[{"embeddable":true,"href":"https:\/\/merkim.com.tr\/merkim-maket\/wp-json\/wp\/v2\/media\/508"}],"wp:attachment":[{"href":"https:\/\/merkim.com.tr\/merkim-maket\/wp-json\/wp\/v2\/media?parent=507"}],"wp:term":[{"taxonomy":"product_brand","embeddable":true,"href":"https:\/\/merkim.com.tr\/merkim-maket\/wp-json\/wp\/v2\/product_brand?post=507"},{"taxonomy":"product_cat","embeddable":true,"href":"https:\/\/merkim.com.tr\/merkim-maket\/wp-json\/wp\/v2\/product_cat?post=507"},{"taxonomy":"product_tag","embeddable":true,"href":"https:\/\/merkim.com.tr\/merkim-maket\/wp-json\/wp\/v2\/product_tag?post=507"}],"curies":[{"name":"wp","href":"https:\/\/api.w.org\/{rel}","templated":true}]}}