{"id":502,"date":"2025-07-06T10:58:36","date_gmt":"2025-07-06T10:58:36","guid":{"rendered":"https:\/\/merkim.com.tr\/merkim-maket\/?post_type=product&#038;p=502"},"modified":"2025-07-06T10:58:37","modified_gmt":"2025-07-06T10:58:37","slug":"kan-basinci-olcum-egitim-sistemi-omni-2-kontrollu-s415-250-pk","status":"publish","type":"product","link":"https:\/\/merkim.com.tr\/merkim-maket\/urun\/kan-basinci-olcum-egitim-sistemi-omni-2-kontrollu-s415-250-pk\/","title":{"rendered":"Kan Bas\u0131nc\u0131 \u00d6l\u00e7\u00fcm E\u011fitim Sistemi \u2013 OMNI\u00ae 2 Kontroll\u00fc | S415.250.PK"},"content":{"rendered":"<p data-start=\"307\" data-end=\"802\"><strong data-start=\"307\" data-end=\"364\">Kan Bas\u0131nc\u0131 \u00d6l\u00e7\u00fcm E\u011fitim Sistemi (OMNI\u00ae 2 Kontroll\u00fc),<\/strong> sa\u011fl\u0131k profesyonellerine manuel tansiyon \u00f6l\u00e7\u00fcm\u00fcnde gerekli teknik ve becerileri \u00f6\u011fretmek amac\u0131yla geli\u015ftirilmi\u015f geli\u015fmi\u015f bir sim\u00fclasyon arac\u0131d\u0131r. Tam boy yeti\u015fkin sol kol, hem ba\u011f\u0131ms\u0131z kullan\u0131mda hem de Gaumard\u00ae yeti\u015fkin sim\u00fclat\u00f6rlerine entegre \u015fekilde kullan\u0131labilir. OMNI\u00ae 2 kablosuz kontrol cihaz\u0131 sayesinde, sadece bir dokunu\u015fla sistolik ve diyastolik bas\u0131n\u00e7, nab\u0131z h\u0131z\u0131 ve osk\u00fcltasyon bo\u015flu\u011fu gibi parametreler an\u0131nda ayarlanabilir.<\/p>\n<blockquote data-start=\"804\" data-end=\"1016\">\n<p data-start=\"806\" data-end=\"1016\">Ger\u00e7ek stetoskop kullan\u0131larak Phase I \u2013 Phase V aras\u0131nda <strong data-start=\"863\" data-end=\"884\">Korotkoff sesleri<\/strong> duyulabilir. Programlanabilir osk\u00fcltasyon bo\u015flu\u011fu, <strong data-start=\"936\" data-end=\"987\">\u00f6\u011frencilerin do\u011fru \u00f6l\u00e7\u00fcm yapabilme becerilerini<\/strong> geli\u015ftirmesine olanak tan\u0131r.<\/p>\n<\/blockquote>\n<p data-start=\"1018\" data-end=\"1043\"><strong data-start=\"1018\" data-end=\"1043\">\u00d6ne \u00c7\u0131kan \u00d6zellikler:<\/strong><\/p>\n<ul data-start=\"1044\" data-end=\"1470\">\n<li data-start=\"1044\" data-end=\"1112\">\n<p data-start=\"1046\" data-end=\"1112\">Ger\u00e7ek stetoskopla <strong data-start=\"1065\" data-end=\"1091\">sistolik ve diyastolik<\/strong> sesleri duyulabilir.<\/p>\n<\/li>\n<li data-start=\"1113\" data-end=\"1197\">\n<p data-start=\"1115\" data-end=\"1197\"><strong data-start=\"1115\" data-end=\"1151\">Kablosuz OMNI\u00ae 2 kontrol \u00fcnitesi<\/strong> ile kolay kullan\u0131m (12 metreye kadar menzil).<\/p>\n<\/li>\n<li data-start=\"1198\" data-end=\"1264\">\n<p data-start=\"1200\" data-end=\"1264\"><strong data-start=\"1200\" data-end=\"1247\">Programlanabilir nab\u0131z, osk\u00fcltasyon bo\u015flu\u011fu<\/strong> ve ses seviyesi.<\/p>\n<\/li>\n<li data-start=\"1265\" data-end=\"1339\">\n<p data-start=\"1267\" data-end=\"1339\"><strong data-start=\"1267\" data-end=\"1283\">Radial nab\u0131z<\/strong> hissedilebilir ve kalp at\u0131\u015f h\u0131z\u0131yla senkronize \u00e7al\u0131\u015f\u0131r.<\/p>\n<\/li>\n<li data-start=\"1340\" data-end=\"1413\">\n<p data-start=\"1342\" data-end=\"1413\">Otomatik olarak ayarlanabilir <strong data-start=\"1372\" data-end=\"1402\">Korotkoff sesleri ve nab\u0131z<\/strong> tepkileri.<\/p>\n<\/li>\n<li data-start=\"1414\" data-end=\"1470\">\n<p data-start=\"1416\" data-end=\"1470\"><strong data-start=\"1416\" data-end=\"1437\">Hoparl\u00f6r se\u00e7ene\u011fi<\/strong> ile grup e\u011fitimine olanak tan\u0131r.<\/p>\n<\/li>\n<\/ul>\n<p data-start=\"1472\" data-end=\"1489\"><strong data-start=\"1472\" data-end=\"1489\">Kutu \u0130\u00e7eri\u011fi:<\/strong><\/p>\n<ul data-start=\"1490\" data-end=\"1691\">\n<li data-start=\"1490\" data-end=\"1515\">\n<p data-start=\"1492\" data-end=\"1515\">Kan Bas\u0131nc\u0131 E\u011fitim Kolu<\/p>\n<\/li>\n<li data-start=\"1516\" data-end=\"1548\">\n<p data-start=\"1518\" data-end=\"1548\">De\u011fi\u015ftirilmi\u015f Tansiyon Man\u015feti<\/p>\n<\/li>\n<li data-start=\"1549\" data-end=\"1574\">\n<p data-start=\"1551\" data-end=\"1574\">G\u00fc\u00e7 adapt\u00f6r\u00fc (110\u2013220V)<\/p>\n<\/li>\n<li data-start=\"1575\" data-end=\"1619\">\n<p data-start=\"1577\" data-end=\"1619\"><strong data-start=\"1577\" data-end=\"1619\">OMNI\u00ae 2 Kablosuz Tablet Kontrol Cihaz\u0131<\/strong><\/p>\n<\/li>\n<li data-start=\"1620\" data-end=\"1636\">\n<p data-start=\"1622\" data-end=\"1636\">Ta\u015f\u0131ma \u00e7antas\u0131<\/p>\n<\/li>\n<li data-start=\"1637\" data-end=\"1656\">\n<p data-start=\"1639\" data-end=\"1656\">Kullan\u0131m k\u0131lavuzu<\/p>\n<\/li>\n<li data-start=\"1657\" data-end=\"1691\">\n<p data-start=\"1659\" data-end=\"1691\">Harici hoparl\u00f6r seti (opsiyonel)<\/p>\n<\/li>\n<\/ul>\n","protected":false},"excerpt":{"rendered":"<p>OMNI\u00ae 2 ile kontrol edilen bu geli\u015fmi\u015f tansiyon e\u011fitimi sistemi, ger\u00e7ek\u00e7i Korotkoff sesleri, programlanabilir osk\u00fcltasyon bo\u015flu\u011fu ve palpabl radial nab\u0131z gibi \u00f6zelliklerle donat\u0131lm\u0131\u015ft\u0131r. Sa\u011fl\u0131k profesyonelleri i\u00e7in ideal bir ausk\u00fcltasyon e\u011fitim \u00e7\u00f6z\u00fcm\u00fcd\u00fcr.<\/p>\n","protected":false},"featured_media":503,"comment_status":"open","ping_status":"closed","template":"","meta":[],"product_brand":[948],"product_cat":[15,947,1205],"product_tag":[1361,1363,21,1352,864,1366,1362,34,139,1360,1364,1365,1353],"class_list":{"0":"post-502","1":"product","2":"type-product","3":"status-publish","4":"has-post-thumbnail","6":"product_brand-gaumard-scientific","7":"product_cat-genel","8":"product_cat-gaumard-scientific","9":"product_cat-gaumard-skill-trainer","10":"product_tag-auskultasyon","11":"product_tag-gaumard-tansiyon-kolu","12":"product_tag-hemsirelik-egitimi","13":"product_tag-kan-basinci-egitimi","14":"product_tag-korotkoff-sesleri","15":"product_tag-manuel-tansiyon-egitimi","16":"product_tag-omni-2","17":"product_tag-saglik-egitimi","18":"product_tag-stetoskop-egitimi","19":"product_tag-tansiyon-egitimi","20":"product_tag-tansiyon-egitimi-simulatoru","21":"product_tag-tansiyon-olcum-becerisi","22":"product_tag-tansiyon-simulatoru","24":"first","25":"instock","26":"shipping-taxable","27":"product-type-simple"},"yoast_head":"<!-- This site is optimized with the Yoast SEO plugin v25.2 - https:\/\/yoast.com\/wordpress\/plugins\/seo\/ -->\n<title>Kan Bas\u0131nc\u0131 \u00d6l\u00e7\u00fcm E\u011fitim Sistemi \u2013 OMNI\u00ae 2 Kontroll\u00fc | S415.250.PK - Merkim Maket<\/title>\n<meta name=\"description\" content=\"OMNI\u00ae 2 kontroll\u00fc Kan Bas\u0131nc\u0131 \u00d6l\u00e7\u00fcm E\u011fitim Sistemi ile \u00f6\u011frenciler, ger\u00e7ek stetoskopla Korotkoff seslerini duyarak manuel tansiyon \u00f6l\u00e7\u00fcm\u00fcn\u00fc profesyonel seviyede \u00f6\u011frenebilir. Sa\u011fl\u0131k e\u011fitiminde kaliteyi art\u0131r\u0131r.\" \/>\n<meta name=\"robots\" content=\"index, follow, max-snippet:-1, max-image-preview:large, max-video-preview:-1\" \/>\n<link rel=\"canonical\" href=\"https:\/\/merkim.com.tr\/merkim-maket\/urun\/kan-basinci-olcum-egitim-sistemi-omni-2-kontrollu-s415-250-pk\/\" \/>\n<meta property=\"og:locale\" content=\"tr_TR\" \/>\n<meta property=\"og:type\" content=\"article\" \/>\n<meta property=\"og:title\" content=\"Kan Bas\u0131nc\u0131 \u00d6l\u00e7\u00fcm E\u011fitim Sistemi \u2013 OMNI\u00ae 2 Kontroll\u00fc | S415.250.PK - Merkim Maket\" \/>\n<meta property=\"og:description\" content=\"OMNI\u00ae 2 kontroll\u00fc Kan Bas\u0131nc\u0131 \u00d6l\u00e7\u00fcm E\u011fitim Sistemi ile \u00f6\u011frenciler, ger\u00e7ek stetoskopla Korotkoff seslerini duyarak manuel tansiyon \u00f6l\u00e7\u00fcm\u00fcn\u00fc profesyonel seviyede \u00f6\u011frenebilir. Sa\u011fl\u0131k e\u011fitiminde kaliteyi art\u0131r\u0131r.\" \/>\n<meta property=\"og:url\" content=\"https:\/\/merkim.com.tr\/merkim-maket\/urun\/kan-basinci-olcum-egitim-sistemi-omni-2-kontrollu-s415-250-pk\/\" \/>\n<meta property=\"og:site_name\" content=\"Merkim Maket\" \/>\n<meta property=\"article:modified_time\" content=\"2025-07-06T10:58:37+00:00\" \/>\n<meta property=\"og:image\" content=\"https:\/\/merkim.com.tr\/merkim-maket\/wp-content\/uploads\/2025\/07\/kan-basinci-egitim-kolu-egitim-omni2-gaumard.png\" \/>\n\t<meta property=\"og:image:width\" content=\"800\" \/>\n\t<meta property=\"og:image:height\" content=\"531\" \/>\n\t<meta property=\"og:image:type\" content=\"image\/png\" \/>\n<meta name=\"twitter:card\" content=\"summary_large_image\" \/>\n<meta name=\"twitter:label1\" content=\"Tahmini okuma s\u00fcresi\" \/>\n\t<meta name=\"twitter:data1\" content=\"2 dakika\" \/>\n<script type=\"application\/ld+json\" class=\"yoast-schema-graph\">{\"@context\":\"https:\/\/schema.org\",\"@graph\":[{\"@type\":\"WebPage\",\"@id\":\"https:\/\/merkim.com.tr\/merkim-maket\/urun\/kan-basinci-olcum-egitim-sistemi-omni-2-kontrollu-s415-250-pk\/\",\"url\":\"https:\/\/merkim.com.tr\/merkim-maket\/urun\/kan-basinci-olcum-egitim-sistemi-omni-2-kontrollu-s415-250-pk\/\",\"name\":\"Kan Bas\u0131nc\u0131 \u00d6l\u00e7\u00fcm E\u011fitim Sistemi \u2013 OMNI\u00ae 2 Kontroll\u00fc | S415.250.PK - Merkim Maket\",\"isPartOf\":{\"@id\":\"https:\/\/merkim.com.tr\/merkim-maket\/#website\"},\"primaryImageOfPage\":{\"@id\":\"https:\/\/merkim.com.tr\/merkim-maket\/urun\/kan-basinci-olcum-egitim-sistemi-omni-2-kontrollu-s415-250-pk\/#primaryimage\"},\"image\":{\"@id\":\"https:\/\/merkim.com.tr\/merkim-maket\/urun\/kan-basinci-olcum-egitim-sistemi-omni-2-kontrollu-s415-250-pk\/#primaryimage\"},\"thumbnailUrl\":\"https:\/\/merkim.com.tr\/merkim-maket\/wp-content\/uploads\/2025\/07\/kan-basinci-egitim-kolu-egitim-omni2-gaumard.png\",\"datePublished\":\"2025-07-06T10:58:36+00:00\",\"dateModified\":\"2025-07-06T10:58:37+00:00\",\"description\":\"OMNI\u00ae 2 kontroll\u00fc Kan Bas\u0131nc\u0131 \u00d6l\u00e7\u00fcm E\u011fitim Sistemi ile \u00f6\u011frenciler, ger\u00e7ek stetoskopla Korotkoff seslerini duyarak manuel tansiyon \u00f6l\u00e7\u00fcm\u00fcn\u00fc profesyonel seviyede \u00f6\u011frenebilir. Sa\u011fl\u0131k e\u011fitiminde kaliteyi art\u0131r\u0131r.\",\"breadcrumb\":{\"@id\":\"https:\/\/merkim.com.tr\/merkim-maket\/urun\/kan-basinci-olcum-egitim-sistemi-omni-2-kontrollu-s415-250-pk\/#breadcrumb\"},\"inLanguage\":\"tr\",\"potentialAction\":[{\"@type\":\"ReadAction\",\"target\":[\"https:\/\/merkim.com.tr\/merkim-maket\/urun\/kan-basinci-olcum-egitim-sistemi-omni-2-kontrollu-s415-250-pk\/\"]}]},{\"@type\":\"ImageObject\",\"inLanguage\":\"tr\",\"@id\":\"https:\/\/merkim.com.tr\/merkim-maket\/urun\/kan-basinci-olcum-egitim-sistemi-omni-2-kontrollu-s415-250-pk\/#primaryimage\",\"url\":\"https:\/\/merkim.com.tr\/merkim-maket\/wp-content\/uploads\/2025\/07\/kan-basinci-egitim-kolu-egitim-omni2-gaumard.png\",\"contentUrl\":\"https:\/\/merkim.com.tr\/merkim-maket\/wp-content\/uploads\/2025\/07\/kan-basinci-egitim-kolu-egitim-omni2-gaumard.png\",\"width\":800,\"height\":531,\"caption\":\"Tansiyon \u00f6l\u00e7\u00fcm e\u011fitim kolu ve OMNI\u00ae 2 tablet kontrol cihaz\u0131\"},{\"@type\":\"BreadcrumbList\",\"@id\":\"https:\/\/merkim.com.tr\/merkim-maket\/urun\/kan-basinci-olcum-egitim-sistemi-omni-2-kontrollu-s415-250-pk\/#breadcrumb\",\"itemListElement\":[{\"@type\":\"ListItem\",\"position\":1,\"name\":\"Anasayfa\",\"item\":\"https:\/\/merkim.com.tr\/merkim-maket\/\"},{\"@type\":\"ListItem\",\"position\":2,\"name\":\"Ma\u011faza\",\"item\":\"https:\/\/merkim.com.tr\/merkim-maket\/magaza\/\"},{\"@type\":\"ListItem\",\"position\":3,\"name\":\"Kan Bas\u0131nc\u0131 \u00d6l\u00e7\u00fcm E\u011fitim Sistemi \u2013 OMNI\u00ae 2 Kontroll\u00fc | S415.250.PK\"}]},{\"@type\":\"WebSite\",\"@id\":\"https:\/\/merkim.com.tr\/merkim-maket\/#website\",\"url\":\"https:\/\/merkim.com.tr\/merkim-maket\/\",\"name\":\"Merkim Maket\",\"description\":\"\",\"potentialAction\":[{\"@type\":\"SearchAction\",\"target\":{\"@type\":\"EntryPoint\",\"urlTemplate\":\"https:\/\/merkim.com.tr\/merkim-maket\/?s={search_term_string}\"},\"query-input\":{\"@type\":\"PropertyValueSpecification\",\"valueRequired\":true,\"valueName\":\"search_term_string\"}}],\"inLanguage\":\"tr\"}]}<\/script>\n<!-- \/ Yoast SEO plugin. -->","yoast_head_json":{"title":"Kan Bas\u0131nc\u0131 \u00d6l\u00e7\u00fcm E\u011fitim Sistemi \u2013 OMNI\u00ae 2 Kontroll\u00fc | S415.250.PK - Merkim Maket","description":"OMNI\u00ae 2 kontroll\u00fc Kan Bas\u0131nc\u0131 \u00d6l\u00e7\u00fcm E\u011fitim Sistemi ile \u00f6\u011frenciler, ger\u00e7ek stetoskopla Korotkoff seslerini duyarak manuel tansiyon \u00f6l\u00e7\u00fcm\u00fcn\u00fc profesyonel seviyede \u00f6\u011frenebilir. Sa\u011fl\u0131k e\u011fitiminde kaliteyi art\u0131r\u0131r.","robots":{"index":"index","follow":"follow","max-snippet":"max-snippet:-1","max-image-preview":"max-image-preview:large","max-video-preview":"max-video-preview:-1"},"canonical":"https:\/\/merkim.com.tr\/merkim-maket\/urun\/kan-basinci-olcum-egitim-sistemi-omni-2-kontrollu-s415-250-pk\/","og_locale":"tr_TR","og_type":"article","og_title":"Kan Bas\u0131nc\u0131 \u00d6l\u00e7\u00fcm E\u011fitim Sistemi \u2013 OMNI\u00ae 2 Kontroll\u00fc | S415.250.PK - Merkim Maket","og_description":"OMNI\u00ae 2 kontroll\u00fc Kan Bas\u0131nc\u0131 \u00d6l\u00e7\u00fcm E\u011fitim Sistemi ile \u00f6\u011frenciler, ger\u00e7ek stetoskopla Korotkoff seslerini duyarak manuel tansiyon \u00f6l\u00e7\u00fcm\u00fcn\u00fc profesyonel seviyede \u00f6\u011frenebilir. Sa\u011fl\u0131k e\u011fitiminde kaliteyi art\u0131r\u0131r.","og_url":"https:\/\/merkim.com.tr\/merkim-maket\/urun\/kan-basinci-olcum-egitim-sistemi-omni-2-kontrollu-s415-250-pk\/","og_site_name":"Merkim Maket","article_modified_time":"2025-07-06T10:58:37+00:00","og_image":[{"width":800,"height":531,"url":"https:\/\/merkim.com.tr\/merkim-maket\/wp-content\/uploads\/2025\/07\/kan-basinci-egitim-kolu-egitim-omni2-gaumard.png","type":"image\/png"}],"twitter_card":"summary_large_image","twitter_misc":{"Tahmini okuma s\u00fcresi":"2 dakika"},"schema":{"@context":"https:\/\/schema.org","@graph":[{"@type":"WebPage","@id":"https:\/\/merkim.com.tr\/merkim-maket\/urun\/kan-basinci-olcum-egitim-sistemi-omni-2-kontrollu-s415-250-pk\/","url":"https:\/\/merkim.com.tr\/merkim-maket\/urun\/kan-basinci-olcum-egitim-sistemi-omni-2-kontrollu-s415-250-pk\/","name":"Kan Bas\u0131nc\u0131 \u00d6l\u00e7\u00fcm E\u011fitim Sistemi \u2013 OMNI\u00ae 2 Kontroll\u00fc | S415.250.PK - Merkim Maket","isPartOf":{"@id":"https:\/\/merkim.com.tr\/merkim-maket\/#website"},"primaryImageOfPage":{"@id":"https:\/\/merkim.com.tr\/merkim-maket\/urun\/kan-basinci-olcum-egitim-sistemi-omni-2-kontrollu-s415-250-pk\/#primaryimage"},"image":{"@id":"https:\/\/merkim.com.tr\/merkim-maket\/urun\/kan-basinci-olcum-egitim-sistemi-omni-2-kontrollu-s415-250-pk\/#primaryimage"},"thumbnailUrl":"https:\/\/merkim.com.tr\/merkim-maket\/wp-content\/uploads\/2025\/07\/kan-basinci-egitim-kolu-egitim-omni2-gaumard.png","datePublished":"2025-07-06T10:58:36+00:00","dateModified":"2025-07-06T10:58:37+00:00","description":"OMNI\u00ae 2 kontroll\u00fc Kan Bas\u0131nc\u0131 \u00d6l\u00e7\u00fcm E\u011fitim Sistemi ile \u00f6\u011frenciler, ger\u00e7ek stetoskopla Korotkoff seslerini duyarak manuel tansiyon \u00f6l\u00e7\u00fcm\u00fcn\u00fc profesyonel seviyede \u00f6\u011frenebilir. Sa\u011fl\u0131k e\u011fitiminde kaliteyi art\u0131r\u0131r.","breadcrumb":{"@id":"https:\/\/merkim.com.tr\/merkim-maket\/urun\/kan-basinci-olcum-egitim-sistemi-omni-2-kontrollu-s415-250-pk\/#breadcrumb"},"inLanguage":"tr","potentialAction":[{"@type":"ReadAction","target":["https:\/\/merkim.com.tr\/merkim-maket\/urun\/kan-basinci-olcum-egitim-sistemi-omni-2-kontrollu-s415-250-pk\/"]}]},{"@type":"ImageObject","inLanguage":"tr","@id":"https:\/\/merkim.com.tr\/merkim-maket\/urun\/kan-basinci-olcum-egitim-sistemi-omni-2-kontrollu-s415-250-pk\/#primaryimage","url":"https:\/\/merkim.com.tr\/merkim-maket\/wp-content\/uploads\/2025\/07\/kan-basinci-egitim-kolu-egitim-omni2-gaumard.png","contentUrl":"https:\/\/merkim.com.tr\/merkim-maket\/wp-content\/uploads\/2025\/07\/kan-basinci-egitim-kolu-egitim-omni2-gaumard.png","width":800,"height":531,"caption":"Tansiyon \u00f6l\u00e7\u00fcm e\u011fitim kolu ve OMNI\u00ae 2 tablet kontrol cihaz\u0131"},{"@type":"BreadcrumbList","@id":"https:\/\/merkim.com.tr\/merkim-maket\/urun\/kan-basinci-olcum-egitim-sistemi-omni-2-kontrollu-s415-250-pk\/#breadcrumb","itemListElement":[{"@type":"ListItem","position":1,"name":"Anasayfa","item":"https:\/\/merkim.com.tr\/merkim-maket\/"},{"@type":"ListItem","position":2,"name":"Ma\u011faza","item":"https:\/\/merkim.com.tr\/merkim-maket\/magaza\/"},{"@type":"ListItem","position":3,"name":"Kan Bas\u0131nc\u0131 \u00d6l\u00e7\u00fcm E\u011fitim Sistemi \u2013 OMNI\u00ae 2 Kontroll\u00fc | S415.250.PK"}]},{"@type":"WebSite","@id":"https:\/\/merkim.com.tr\/merkim-maket\/#website","url":"https:\/\/merkim.com.tr\/merkim-maket\/","name":"Merkim Maket","description":"","potentialAction":[{"@type":"SearchAction","target":{"@type":"EntryPoint","urlTemplate":"https:\/\/merkim.com.tr\/merkim-maket\/?s={search_term_string}"},"query-input":{"@type":"PropertyValueSpecification","valueRequired":true,"valueName":"search_term_string"}}],"inLanguage":"tr"}]}},"_links":{"self":[{"href":"https:\/\/merkim.com.tr\/merkim-maket\/wp-json\/wp\/v2\/product\/502","targetHints":{"allow":["GET"]}}],"collection":[{"href":"https:\/\/merkim.com.tr\/merkim-maket\/wp-json\/wp\/v2\/product"}],"about":[{"href":"https:\/\/merkim.com.tr\/merkim-maket\/wp-json\/wp\/v2\/types\/product"}],"replies":[{"embeddable":true,"href":"https:\/\/merkim.com.tr\/merkim-maket\/wp-json\/wp\/v2\/comments?post=502"}],"wp:featuredmedia":[{"embeddable":true,"href":"https:\/\/merkim.com.tr\/merkim-maket\/wp-json\/wp\/v2\/media\/503"}],"wp:attachment":[{"href":"https:\/\/merkim.com.tr\/merkim-maket\/wp-json\/wp\/v2\/media?parent=502"}],"wp:term":[{"taxonomy":"product_brand","embeddable":true,"href":"https:\/\/merkim.com.tr\/merkim-maket\/wp-json\/wp\/v2\/product_brand?post=502"},{"taxonomy":"product_cat","embeddable":true,"href":"https:\/\/merkim.com.tr\/merkim-maket\/wp-json\/wp\/v2\/product_cat?post=502"},{"taxonomy":"product_tag","embeddable":true,"href":"https:\/\/merkim.com.tr\/merkim-maket\/wp-json\/wp\/v2\/product_tag?post=502"}],"curies":[{"name":"wp","href":"https:\/\/api.w.org\/{rel}","templated":true}]}}