{"id":500,"date":"2025-07-06T10:32:01","date_gmt":"2025-07-06T10:32:01","guid":{"rendered":"https:\/\/merkim.com.tr\/merkim-maket\/?post_type=product&#038;p=500"},"modified":"2025-07-06T10:32:02","modified_gmt":"2025-07-06T10:32:02","slug":"kan-basinci-okuma-egitim-sistemi-hoparlorlu-s415-100-gaumard","status":"publish","type":"product","link":"https:\/\/merkim.com.tr\/merkim-maket\/urun\/kan-basinci-okuma-egitim-sistemi-hoparlorlu-s415-100-gaumard\/","title":{"rendered":"Kan Bas\u0131nc\u0131 Okuma E\u011fitim Sistemi \u2013 Hoparl\u00f6rl\u00fc (S415.100) | Gaumard"},"content":{"rendered":"<p data-start=\"364\" data-end=\"695\"><strong data-start=\"364\" data-end=\"417\">Gaumard S415.100 Kan Bas\u0131nc\u0131 Okuma E\u011fitim Sistemi<\/strong>, hem bireysel hem de grup e\u011fitimlerine uygun olacak \u015fekilde tasarlanm\u0131\u015f, ileri d\u00fczey bir tansiyon \u00f6l\u00e7\u00fcm e\u011fitim sim\u00fclat\u00f6r\u00fcd\u00fcr. Sistemde tam boyutlu bir yeti\u015fkin sol kol yer almakta olup, bu kol ba\u011f\u0131ms\u0131z olarak ya da Gaumard yeti\u015fkin mankenlerine entegre edilerek kullan\u0131labilir.<\/p>\n<p data-start=\"697\" data-end=\"1119\">Sim\u00fclat\u00f6r; <strong data-start=\"708\" data-end=\"765\">ayarlanabilir sistolik ve diyastolik bas\u0131n\u00e7 de\u011ferleri<\/strong>, <strong data-start=\"767\" data-end=\"797\">ausk\u00fcltasyon bo\u015flu\u011fu (gap)<\/strong>, <strong data-start=\"799\" data-end=\"830\">programlanabilir nab\u0131z h\u0131z\u0131<\/strong> gibi kapsaml\u0131 \u00f6zelliklere sahiptir. Ayr\u0131ca sistem, <strong data-start=\"882\" data-end=\"914\">ger\u00e7ek\u00e7i Korotkoff seslerini<\/strong> stetoskop arac\u0131l\u0131\u011f\u0131yla ya da opsiyonel hoparl\u00f6rler \u00fczerinden duyulabilir k\u0131lar. Bu sayede \u00f6\u011frenciler yaln\u0131zca bireysel pratik yapmaz, ayn\u0131 zamanda e\u011fitmenler grup olarak da e\u011fitimi e\u015f zamanl\u0131 izleyebilir.<\/p>\n<h4 data-start=\"1121\" data-end=\"1149\"><strong data-start=\"1126\" data-end=\"1149\">Ba\u015fl\u0131ca \u00d6zellikler:<\/strong><\/h4>\n<ul data-start=\"1150\" data-end=\"1769\">\n<li data-start=\"1150\" data-end=\"1225\">\n<p data-start=\"1152\" data-end=\"1225\">\ud83e\uddbe Tam boyutlu sol kol, ba\u011f\u0131ms\u0131z kullan\u0131m veya manken ba\u011flant\u0131s\u0131 imk\u00e2n\u0131<\/p>\n<\/li>\n<li data-start=\"1226\" data-end=\"1312\">\n<p data-start=\"1228\" data-end=\"1312\">\ud83d\udc93 Ayarlanabilir sistolik ve diyastolik bas\u0131n\u00e7, ausk\u00fcltasyon bo\u015flu\u011fu ve nab\u0131z h\u0131z\u0131<\/p>\n<\/li>\n<li data-start=\"1313\" data-end=\"1385\">\n<p data-start=\"1315\" data-end=\"1385\">\ud83c\udfa7 Korotkoff sesleri (K1\u2013K4) stetoskopla veya hoparl\u00f6rle duyulabilir<\/p>\n<\/li>\n<li data-start=\"1386\" data-end=\"1472\">\n<p data-start=\"1388\" data-end=\"1472\">\ud83e\ude7a Geleneksel stetoskop ile \u00f6l\u00e7\u00fcm yap\u0131labilir \u2013 antekubital b\u00f6lgede net ses alg\u0131s\u0131<\/p>\n<\/li>\n<li data-start=\"1473\" data-end=\"1555\">\n<p data-start=\"1475\" data-end=\"1555\">\ud83d\udcc9 Nab\u0131z yaln\u0131zca man\u015fet bas\u0131nc\u0131 sistolik de\u011ferin alt\u0131na d\u00fc\u015ft\u00fc\u011f\u00fcnde hissedilir<\/p>\n<\/li>\n<li data-start=\"1556\" data-end=\"1642\">\n<p data-start=\"1558\" data-end=\"1642\">\ud83d\udd0a Opsiyonel hoparl\u00f6r sistemi ile grup e\u011fitimi imk\u00e2n\u0131 (ses seviyesi ayarlanabilir)<\/p>\n<\/li>\n<li data-start=\"1643\" data-end=\"1703\">\n<p data-start=\"1645\" data-end=\"1703\">\ud83d\udd0c 100-240 VAC geni\u015f voltaj aral\u0131\u011f\u0131yla uluslararas\u0131 uyum<\/p>\n<\/li>\n<li data-start=\"1704\" data-end=\"1769\">\n<p data-start=\"1706\" data-end=\"1769\">\ud83e\uddf3 Ta\u015f\u0131ma \u00e7antas\u0131 ve Omni\u00ae kontrol \u00fcnitesiyle birlikte teslim<\/p>\n<\/li>\n<\/ul>\n<p data-start=\"1771\" data-end=\"1954\">E\u011fitim kurumlar\u0131, hem\u015firelik fak\u00fclteleri, sa\u011fl\u0131k meslek y\u00fcksekokullar\u0131 ve klinik sim\u00fclasyon laboratuvarlar\u0131 i\u00e7in <strong data-start=\"1884\" data-end=\"1922\">etkile\u015fimli, dayan\u0131kl\u0131 ve ger\u00e7ek\u00e7i<\/strong> bir tansiyon e\u011fitimi \u00e7\u00f6z\u00fcm\u00fcd\u00fcr.<\/p>\n<p data-start=\"0\" data-end=\"298\"><strong data-start=\"0\" data-end=\"21\">Korotkoff sesleri<\/strong>, tansiyon (kan bas\u0131nc\u0131) \u00f6l\u00e7\u00fcm\u00fc s\u0131ras\u0131nda <strong data-start=\"63\" data-end=\"120\">stetoskopla duyulan \u00f6zel kalp at\u0131m\u0131 benzeri seslerdir<\/strong>. Bu sesler, kan\u0131n damar duvar\u0131na \u00e7arpmas\u0131yla olu\u015fur ve tansiyon de\u011ferlerinin belirlenmesinde kullan\u0131l\u0131r. 1905 y\u0131l\u0131nda Rus doktor <strong data-start=\"250\" data-end=\"271\">Nikolai Korotkoff<\/strong> taraf\u0131ndan tan\u0131mlanm\u0131\u015ft\u0131r.<\/p>\n<hr data-start=\"300\" data-end=\"303\" \/>\n<h2 data-start=\"305\" data-end=\"350\">\ud83e\ude7a <strong data-start=\"311\" data-end=\"350\">Korotkoff Sesleri Ne Zaman Duyulur?<\/strong><\/h2>\n<p data-start=\"352\" data-end=\"526\">Bu sesler, <strong data-start=\"363\" data-end=\"382\">kolluk (man\u015fet)<\/strong> ile kol damar\u0131na (brakiyal arter) bask\u0131 yap\u0131larak kan ak\u0131\u015f\u0131 ge\u00e7ici olarak durdurulduktan sonra, hava yava\u015f\u00e7a bo\u015falt\u0131l\u0131rken stetoskopla duyulur.<\/p>\n<hr data-start=\"528\" data-end=\"531\" \/>\n<h2 data-start=\"533\" data-end=\"572\">\ud83d\udd0a <strong data-start=\"539\" data-end=\"572\">Korotkoff Seslerinin 5 Evresi<\/strong><\/h2>\n<div class=\"_tableContainer_80l1q_1\">\n<div class=\"_tableWrapper_80l1q_14 group flex w-fit flex-col-reverse\" tabindex=\"-1\">\n<table class=\"w-fit min-w-(--thread-content-width)\" data-start=\"574\" data-end=\"1150\">\n<thead data-start=\"574\" data-end=\"613\">\n<tr data-start=\"574\" data-end=\"613\">\n<th data-start=\"574\" data-end=\"586\" data-col-size=\"sm\"><strong data-start=\"576\" data-end=\"585\">A\u015fama<\/strong><\/th>\n<th data-start=\"586\" data-end=\"601\" data-col-size=\"sm\"><strong data-start=\"588\" data-end=\"600\">A\u00e7\u0131klama<\/strong><\/th>\n<th data-start=\"601\" data-end=\"613\" data-col-size=\"md\"><strong data-start=\"603\" data-end=\"611\">\u00d6nem<\/strong><\/th>\n<\/tr>\n<\/thead>\n<tbody data-start=\"655\" data-end=\"1150\">\n<tr data-start=\"655\" data-end=\"757\">\n<td data-start=\"655\" data-end=\"664\" data-col-size=\"sm\"><strong data-start=\"657\" data-end=\"663\">K1<\/strong><\/td>\n<td data-col-size=\"sm\" data-start=\"664\" data-end=\"698\">\u0130lk net &#8220;vuruntu&#8221; sesi duyulur.<\/td>\n<td data-col-size=\"md\" data-start=\"698\" data-end=\"757\"><strong data-start=\"700\" data-end=\"719\">Sistolik Bas\u0131n\u00e7<\/strong> (b\u00fcy\u00fck tansiyon) bu noktada okunur.<\/td>\n<\/tr>\n<tr data-start=\"758\" data-end=\"856\">\n<td data-start=\"758\" data-end=\"767\" data-col-size=\"sm\"><strong data-start=\"760\" data-end=\"766\">K2<\/strong><\/td>\n<td data-col-size=\"sm\" data-start=\"767\" data-end=\"810\">Sesler daha yumu\u015fak ve &#8220;\u00fcf\u00fcr\u00fcm&#8221; gibidir.<\/td>\n<td data-col-size=\"md\" data-start=\"810\" data-end=\"856\">Damar daha k\u0131smi a\u00e7\u0131kt\u0131r, kan ak\u0131\u015f\u0131 artar.<\/td>\n<\/tr>\n<tr data-start=\"857\" data-end=\"930\">\n<td data-start=\"857\" data-end=\"866\" data-col-size=\"sm\"><strong data-start=\"859\" data-end=\"865\">K3<\/strong><\/td>\n<td data-col-size=\"sm\" data-start=\"866\" data-end=\"905\">Sesler daha belirgin ve keskinle\u015fir.<\/td>\n<td data-col-size=\"md\" data-start=\"905\" data-end=\"930\">Orta ak\u0131m devam eder.<\/td>\n<\/tr>\n<tr data-start=\"931\" data-end=\"1039\">\n<td data-start=\"931\" data-end=\"940\" data-col-size=\"sm\"><strong data-start=\"933\" data-end=\"939\">K4<\/strong><\/td>\n<td data-col-size=\"sm\" data-start=\"940\" data-end=\"983\">Sesler aniden bo\u011fukla\u015f\u0131r ya da zay\u0131flar.<\/td>\n<td data-col-size=\"md\" data-start=\"983\" data-end=\"1039\">Baz\u0131 kaynaklar bu evreyi <strong data-start=\"1010\" data-end=\"1024\">diyastolik<\/strong> olarak al\u0131r.<\/td>\n<\/tr>\n<tr data-start=\"1040\" data-end=\"1150\">\n<td data-start=\"1040\" data-end=\"1049\" data-col-size=\"sm\"><strong data-start=\"1042\" data-end=\"1048\">K5<\/strong><\/td>\n<td data-col-size=\"sm\" data-start=\"1049\" data-end=\"1073\">Ses tamamen kaybolur.<\/td>\n<td data-col-size=\"md\" data-start=\"1073\" data-end=\"1150\"><strong data-start=\"1075\" data-end=\"1096\">Diyastolik Bas\u0131n\u00e7<\/strong> (k\u00fc\u00e7\u00fck tansiyon) genellikle bu sessizlikte \u00f6l\u00e7\u00fcl\u00fcr.<\/td>\n<\/tr>\n<\/tbody>\n<\/table>\n<div class=\"sticky end-(--thread-content-margin) h-0 self-end select-none\">\n<div class=\"absolute end-0 flex items-end\"><\/div>\n<\/div>\n<\/div>\n<\/div>\n<blockquote data-start=\"1152\" data-end=\"1253\">\n<p data-start=\"1154\" data-end=\"1253\">\ud83d\udd0e Not: \u00c7ocuklarda ve baz\u0131 klinik durumlarda <strong data-start=\"1199\" data-end=\"1205\">K4<\/strong> sesi diyastolik bas\u0131n\u00e7 olarak kabul edilebilir.<\/p>\n<\/blockquote>\n<hr data-start=\"1255\" data-end=\"1258\" \/>\n<h2 data-start=\"1260\" data-end=\"1286\">\ud83e\uddea <strong data-start=\"1266\" data-end=\"1286\">Neden \u00d6nemlidir?<\/strong><\/h2>\n<ul data-start=\"1288\" data-end=\"1540\">\n<li data-start=\"1288\" data-end=\"1357\">\n<p data-start=\"1290\" data-end=\"1357\"><strong data-start=\"1290\" data-end=\"1345\">Tansiyonun manuel olarak \u00f6l\u00e7\u00fclmesinde temel dayanak<\/strong> noktas\u0131d\u0131r.<\/p>\n<\/li>\n<li data-start=\"1358\" data-end=\"1431\">\n<p data-start=\"1360\" data-end=\"1431\">Hem\u015firelik ve t\u0131p e\u011fitiminde <strong data-start=\"1389\" data-end=\"1416\">ausk\u00fcltasyon e\u011fitiminin<\/strong> merkezindedir.<\/p>\n<\/li>\n<li data-start=\"1432\" data-end=\"1540\">\n<p data-start=\"1434\" data-end=\"1540\">Otomatik cihazlar\u0131n aksine, Korotkoff seslerini <strong data-start=\"1482\" data-end=\"1492\">duymak<\/strong>, uygulay\u0131c\u0131dan dikkat, pratik ve deneyim ister.<\/p>\n<\/li>\n<\/ul>\n<hr data-start=\"1542\" data-end=\"1545\" \/>\n<h2 data-start=\"1547\" data-end=\"1596\">\ud83c\udf93 E\u011fitimde Korotkoff Sesleri Nas\u0131l \u00d6\u011fretilir?<\/h2>\n<p data-start=\"1598\" data-end=\"1663\">\u2705 <strong data-start=\"1600\" data-end=\"1633\">Tansiyon e\u011fitim sim\u00fclat\u00f6rleri<\/strong> (\u00f6rne\u011fin S415.100) sayesinde:<\/p>\n<ul data-start=\"1664\" data-end=\"1849\">\n<li data-start=\"1664\" data-end=\"1711\">\n<p data-start=\"1666\" data-end=\"1711\">Korotkoff sesleri ger\u00e7ek\u00e7i \u015fekilde duyulur.<\/p>\n<\/li>\n<li data-start=\"1712\" data-end=\"1772\">\n<p data-start=\"1714\" data-end=\"1772\">Nab\u0131z h\u0131z\u0131 ve seslerin duyulma aral\u0131\u011f\u0131 programlanabilir.<\/p>\n<\/li>\n<li data-start=\"1773\" data-end=\"1849\">\n<p data-start=\"1775\" data-end=\"1849\">\u00d6\u011frenciler stetoskopla dinleyerek <strong data-start=\"1809\" data-end=\"1832\">sistolik\/diyastolik<\/strong> fark\u0131n\u0131 \u00f6\u011frenir.<\/p>\n<\/li>\n<\/ul>\n","protected":false},"excerpt":{"rendered":"<p>Tansiyon \u00f6l\u00e7\u00fcm\u00fc ve Korotkoff seslerinin ausk\u00fcltasyonu \u00fczerine geli\u015ftirilmi\u015f tam boy sol kol sim\u00fclat\u00f6r\u00fc; ayarlanabilir tansiyon de\u011ferleri, sesli bildirimler ve stetoskopla dinlenebilen ger\u00e7ek\u00e7i geri bildirim sunar.<\/p>\n","protected":false},"featured_media":501,"comment_status":"open","ping_status":"closed","template":"","meta":[],"product_brand":[948],"product_cat":[15,947,1205],"product_tag":[1355,1357,1352,1354,1356,20,139,1359,1358,863,1353],"class_list":{"0":"post-500","1":"product","2":"type-product","3":"status-publish","4":"has-post-thumbnail","6":"product_brand-gaumard-scientific","7":"product_cat-genel","8":"product_cat-gaumard-scientific","9":"product_cat-gaumard-skill-trainer","10":"product_tag-auskultasyon-egitimi","11":"product_tag-gaumard-tansiyon-egitmeni","12":"product_tag-kan-basinci-egitimi","13":"product_tag-korotkoff-sesi-egitimi","14":"product_tag-s415-100","15":"product_tag-saglik-simulasyonu","16":"product_tag-stetoskop-egitimi","17":"product_tag-tansiyon-ogretim-cihazi","18":"product_tag-tansiyon-olcme-egitmeni","19":"product_tag-tansiyon-olcum-egitimi","20":"product_tag-tansiyon-simulatoru","22":"first","23":"instock","24":"shipping-taxable","25":"product-type-simple"},"yoast_head":"<!-- This site is optimized with the Yoast SEO plugin v25.2 - https:\/\/yoast.com\/wordpress\/plugins\/seo\/ -->\n<title>Kan Bas\u0131nc\u0131 Okuma E\u011fitim Sistemi \u2013 Hoparl\u00f6rl\u00fc (S415.100) | Gaumard - Merkim Maket<\/title>\n<meta name=\"description\" content=\"S415.100 Kan Bas\u0131nc\u0131 E\u011fitim Sistemi, ayarlanabilir tansiyon de\u011ferleri ve sesli geri bildirim \u00f6zellikleriyle tansiyon \u00f6l\u00e7\u00fcm\u00fc ve stetoskopla ausk\u00fcltasyon e\u011fitiminde profesyonel \u00e7\u00f6z\u00fcm sunar.\" \/>\n<meta name=\"robots\" content=\"index, follow, max-snippet:-1, max-image-preview:large, max-video-preview:-1\" \/>\n<link rel=\"canonical\" href=\"https:\/\/merkim.com.tr\/merkim-maket\/urun\/kan-basinci-okuma-egitim-sistemi-hoparlorlu-s415-100-gaumard\/\" \/>\n<meta property=\"og:locale\" content=\"tr_TR\" \/>\n<meta property=\"og:type\" content=\"article\" \/>\n<meta property=\"og:title\" content=\"Kan Bas\u0131nc\u0131 Okuma E\u011fitim Sistemi \u2013 Hoparl\u00f6rl\u00fc (S415.100) | Gaumard - Merkim Maket\" \/>\n<meta property=\"og:description\" content=\"S415.100 Kan Bas\u0131nc\u0131 E\u011fitim Sistemi, ayarlanabilir tansiyon de\u011ferleri ve sesli geri bildirim \u00f6zellikleriyle tansiyon \u00f6l\u00e7\u00fcm\u00fc ve stetoskopla ausk\u00fcltasyon e\u011fitiminde profesyonel \u00e7\u00f6z\u00fcm sunar.\" \/>\n<meta property=\"og:url\" content=\"https:\/\/merkim.com.tr\/merkim-maket\/urun\/kan-basinci-okuma-egitim-sistemi-hoparlorlu-s415-100-gaumard\/\" \/>\n<meta property=\"og:site_name\" content=\"Merkim Maket\" \/>\n<meta property=\"article:modified_time\" content=\"2025-07-06T10:32:02+00:00\" \/>\n<meta property=\"og:image\" content=\"https:\/\/merkim.com.tr\/merkim-maket\/wp-content\/uploads\/2025\/07\/kan-basinci-egitim-sistemi-hoparlorlu-s415-gaumard.png\" \/>\n\t<meta property=\"og:image:width\" content=\"800\" \/>\n\t<meta property=\"og:image:height\" content=\"531\" \/>\n\t<meta property=\"og:image:type\" content=\"image\/png\" \/>\n<meta name=\"twitter:card\" content=\"summary_large_image\" \/>\n<meta name=\"twitter:label1\" content=\"Tahmini okuma s\u00fcresi\" \/>\n\t<meta name=\"twitter:data1\" content=\"3 dakika\" \/>\n<script type=\"application\/ld+json\" class=\"yoast-schema-graph\">{\"@context\":\"https:\/\/schema.org\",\"@graph\":[{\"@type\":\"WebPage\",\"@id\":\"https:\/\/merkim.com.tr\/merkim-maket\/urun\/kan-basinci-okuma-egitim-sistemi-hoparlorlu-s415-100-gaumard\/\",\"url\":\"https:\/\/merkim.com.tr\/merkim-maket\/urun\/kan-basinci-okuma-egitim-sistemi-hoparlorlu-s415-100-gaumard\/\",\"name\":\"Kan Bas\u0131nc\u0131 Okuma E\u011fitim Sistemi \u2013 Hoparl\u00f6rl\u00fc (S415.100) | Gaumard - Merkim Maket\",\"isPartOf\":{\"@id\":\"https:\/\/merkim.com.tr\/merkim-maket\/#website\"},\"primaryImageOfPage\":{\"@id\":\"https:\/\/merkim.com.tr\/merkim-maket\/urun\/kan-basinci-okuma-egitim-sistemi-hoparlorlu-s415-100-gaumard\/#primaryimage\"},\"image\":{\"@id\":\"https:\/\/merkim.com.tr\/merkim-maket\/urun\/kan-basinci-okuma-egitim-sistemi-hoparlorlu-s415-100-gaumard\/#primaryimage\"},\"thumbnailUrl\":\"https:\/\/merkim.com.tr\/merkim-maket\/wp-content\/uploads\/2025\/07\/kan-basinci-egitim-sistemi-hoparlorlu-s415-gaumard.png\",\"datePublished\":\"2025-07-06T10:32:01+00:00\",\"dateModified\":\"2025-07-06T10:32:02+00:00\",\"description\":\"S415.100 Kan Bas\u0131nc\u0131 E\u011fitim Sistemi, ayarlanabilir tansiyon de\u011ferleri ve sesli geri bildirim \u00f6zellikleriyle tansiyon \u00f6l\u00e7\u00fcm\u00fc ve stetoskopla ausk\u00fcltasyon e\u011fitiminde profesyonel \u00e7\u00f6z\u00fcm sunar.\",\"breadcrumb\":{\"@id\":\"https:\/\/merkim.com.tr\/merkim-maket\/urun\/kan-basinci-okuma-egitim-sistemi-hoparlorlu-s415-100-gaumard\/#breadcrumb\"},\"inLanguage\":\"tr\",\"potentialAction\":[{\"@type\":\"ReadAction\",\"target\":[\"https:\/\/merkim.com.tr\/merkim-maket\/urun\/kan-basinci-okuma-egitim-sistemi-hoparlorlu-s415-100-gaumard\/\"]}]},{\"@type\":\"ImageObject\",\"inLanguage\":\"tr\",\"@id\":\"https:\/\/merkim.com.tr\/merkim-maket\/urun\/kan-basinci-okuma-egitim-sistemi-hoparlorlu-s415-100-gaumard\/#primaryimage\",\"url\":\"https:\/\/merkim.com.tr\/merkim-maket\/wp-content\/uploads\/2025\/07\/kan-basinci-egitim-sistemi-hoparlorlu-s415-gaumard.png\",\"contentUrl\":\"https:\/\/merkim.com.tr\/merkim-maket\/wp-content\/uploads\/2025\/07\/kan-basinci-egitim-sistemi-hoparlorlu-s415-gaumard.png\",\"width\":800,\"height\":531,\"caption\":\"Hoparl\u00f6r destekli tansiyon \u00f6l\u00e7\u00fcm e\u011fitmeni \u2013 tam boy sol kol sim\u00fclat\u00f6r\u00fc\"},{\"@type\":\"BreadcrumbList\",\"@id\":\"https:\/\/merkim.com.tr\/merkim-maket\/urun\/kan-basinci-okuma-egitim-sistemi-hoparlorlu-s415-100-gaumard\/#breadcrumb\",\"itemListElement\":[{\"@type\":\"ListItem\",\"position\":1,\"name\":\"Anasayfa\",\"item\":\"https:\/\/merkim.com.tr\/merkim-maket\/\"},{\"@type\":\"ListItem\",\"position\":2,\"name\":\"Ma\u011faza\",\"item\":\"https:\/\/merkim.com.tr\/merkim-maket\/magaza\/\"},{\"@type\":\"ListItem\",\"position\":3,\"name\":\"Kan Bas\u0131nc\u0131 Okuma E\u011fitim Sistemi \u2013 Hoparl\u00f6rl\u00fc (S415.100) | Gaumard\"}]},{\"@type\":\"WebSite\",\"@id\":\"https:\/\/merkim.com.tr\/merkim-maket\/#website\",\"url\":\"https:\/\/merkim.com.tr\/merkim-maket\/\",\"name\":\"Merkim Maket\",\"description\":\"\",\"potentialAction\":[{\"@type\":\"SearchAction\",\"target\":{\"@type\":\"EntryPoint\",\"urlTemplate\":\"https:\/\/merkim.com.tr\/merkim-maket\/?s={search_term_string}\"},\"query-input\":{\"@type\":\"PropertyValueSpecification\",\"valueRequired\":true,\"valueName\":\"search_term_string\"}}],\"inLanguage\":\"tr\"}]}<\/script>\n<!-- \/ Yoast SEO plugin. -->","yoast_head_json":{"title":"Kan Bas\u0131nc\u0131 Okuma E\u011fitim Sistemi \u2013 Hoparl\u00f6rl\u00fc (S415.100) | Gaumard - Merkim Maket","description":"S415.100 Kan Bas\u0131nc\u0131 E\u011fitim Sistemi, ayarlanabilir tansiyon de\u011ferleri ve sesli geri bildirim \u00f6zellikleriyle tansiyon \u00f6l\u00e7\u00fcm\u00fc ve stetoskopla ausk\u00fcltasyon e\u011fitiminde profesyonel \u00e7\u00f6z\u00fcm sunar.","robots":{"index":"index","follow":"follow","max-snippet":"max-snippet:-1","max-image-preview":"max-image-preview:large","max-video-preview":"max-video-preview:-1"},"canonical":"https:\/\/merkim.com.tr\/merkim-maket\/urun\/kan-basinci-okuma-egitim-sistemi-hoparlorlu-s415-100-gaumard\/","og_locale":"tr_TR","og_type":"article","og_title":"Kan Bas\u0131nc\u0131 Okuma E\u011fitim Sistemi \u2013 Hoparl\u00f6rl\u00fc (S415.100) | Gaumard - Merkim Maket","og_description":"S415.100 Kan Bas\u0131nc\u0131 E\u011fitim Sistemi, ayarlanabilir tansiyon de\u011ferleri ve sesli geri bildirim \u00f6zellikleriyle tansiyon \u00f6l\u00e7\u00fcm\u00fc ve stetoskopla ausk\u00fcltasyon e\u011fitiminde profesyonel \u00e7\u00f6z\u00fcm sunar.","og_url":"https:\/\/merkim.com.tr\/merkim-maket\/urun\/kan-basinci-okuma-egitim-sistemi-hoparlorlu-s415-100-gaumard\/","og_site_name":"Merkim Maket","article_modified_time":"2025-07-06T10:32:02+00:00","og_image":[{"width":800,"height":531,"url":"https:\/\/merkim.com.tr\/merkim-maket\/wp-content\/uploads\/2025\/07\/kan-basinci-egitim-sistemi-hoparlorlu-s415-gaumard.png","type":"image\/png"}],"twitter_card":"summary_large_image","twitter_misc":{"Tahmini okuma s\u00fcresi":"3 dakika"},"schema":{"@context":"https:\/\/schema.org","@graph":[{"@type":"WebPage","@id":"https:\/\/merkim.com.tr\/merkim-maket\/urun\/kan-basinci-okuma-egitim-sistemi-hoparlorlu-s415-100-gaumard\/","url":"https:\/\/merkim.com.tr\/merkim-maket\/urun\/kan-basinci-okuma-egitim-sistemi-hoparlorlu-s415-100-gaumard\/","name":"Kan Bas\u0131nc\u0131 Okuma E\u011fitim Sistemi \u2013 Hoparl\u00f6rl\u00fc (S415.100) | Gaumard - Merkim Maket","isPartOf":{"@id":"https:\/\/merkim.com.tr\/merkim-maket\/#website"},"primaryImageOfPage":{"@id":"https:\/\/merkim.com.tr\/merkim-maket\/urun\/kan-basinci-okuma-egitim-sistemi-hoparlorlu-s415-100-gaumard\/#primaryimage"},"image":{"@id":"https:\/\/merkim.com.tr\/merkim-maket\/urun\/kan-basinci-okuma-egitim-sistemi-hoparlorlu-s415-100-gaumard\/#primaryimage"},"thumbnailUrl":"https:\/\/merkim.com.tr\/merkim-maket\/wp-content\/uploads\/2025\/07\/kan-basinci-egitim-sistemi-hoparlorlu-s415-gaumard.png","datePublished":"2025-07-06T10:32:01+00:00","dateModified":"2025-07-06T10:32:02+00:00","description":"S415.100 Kan Bas\u0131nc\u0131 E\u011fitim Sistemi, ayarlanabilir tansiyon de\u011ferleri ve sesli geri bildirim \u00f6zellikleriyle tansiyon \u00f6l\u00e7\u00fcm\u00fc ve stetoskopla ausk\u00fcltasyon e\u011fitiminde profesyonel \u00e7\u00f6z\u00fcm sunar.","breadcrumb":{"@id":"https:\/\/merkim.com.tr\/merkim-maket\/urun\/kan-basinci-okuma-egitim-sistemi-hoparlorlu-s415-100-gaumard\/#breadcrumb"},"inLanguage":"tr","potentialAction":[{"@type":"ReadAction","target":["https:\/\/merkim.com.tr\/merkim-maket\/urun\/kan-basinci-okuma-egitim-sistemi-hoparlorlu-s415-100-gaumard\/"]}]},{"@type":"ImageObject","inLanguage":"tr","@id":"https:\/\/merkim.com.tr\/merkim-maket\/urun\/kan-basinci-okuma-egitim-sistemi-hoparlorlu-s415-100-gaumard\/#primaryimage","url":"https:\/\/merkim.com.tr\/merkim-maket\/wp-content\/uploads\/2025\/07\/kan-basinci-egitim-sistemi-hoparlorlu-s415-gaumard.png","contentUrl":"https:\/\/merkim.com.tr\/merkim-maket\/wp-content\/uploads\/2025\/07\/kan-basinci-egitim-sistemi-hoparlorlu-s415-gaumard.png","width":800,"height":531,"caption":"Hoparl\u00f6r destekli tansiyon \u00f6l\u00e7\u00fcm e\u011fitmeni \u2013 tam boy sol kol sim\u00fclat\u00f6r\u00fc"},{"@type":"BreadcrumbList","@id":"https:\/\/merkim.com.tr\/merkim-maket\/urun\/kan-basinci-okuma-egitim-sistemi-hoparlorlu-s415-100-gaumard\/#breadcrumb","itemListElement":[{"@type":"ListItem","position":1,"name":"Anasayfa","item":"https:\/\/merkim.com.tr\/merkim-maket\/"},{"@type":"ListItem","position":2,"name":"Ma\u011faza","item":"https:\/\/merkim.com.tr\/merkim-maket\/magaza\/"},{"@type":"ListItem","position":3,"name":"Kan Bas\u0131nc\u0131 Okuma E\u011fitim Sistemi \u2013 Hoparl\u00f6rl\u00fc (S415.100) | Gaumard"}]},{"@type":"WebSite","@id":"https:\/\/merkim.com.tr\/merkim-maket\/#website","url":"https:\/\/merkim.com.tr\/merkim-maket\/","name":"Merkim Maket","description":"","potentialAction":[{"@type":"SearchAction","target":{"@type":"EntryPoint","urlTemplate":"https:\/\/merkim.com.tr\/merkim-maket\/?s={search_term_string}"},"query-input":{"@type":"PropertyValueSpecification","valueRequired":true,"valueName":"search_term_string"}}],"inLanguage":"tr"}]}},"_links":{"self":[{"href":"https:\/\/merkim.com.tr\/merkim-maket\/wp-json\/wp\/v2\/product\/500","targetHints":{"allow":["GET"]}}],"collection":[{"href":"https:\/\/merkim.com.tr\/merkim-maket\/wp-json\/wp\/v2\/product"}],"about":[{"href":"https:\/\/merkim.com.tr\/merkim-maket\/wp-json\/wp\/v2\/types\/product"}],"replies":[{"embeddable":true,"href":"https:\/\/merkim.com.tr\/merkim-maket\/wp-json\/wp\/v2\/comments?post=500"}],"wp:featuredmedia":[{"embeddable":true,"href":"https:\/\/merkim.com.tr\/merkim-maket\/wp-json\/wp\/v2\/media\/501"}],"wp:attachment":[{"href":"https:\/\/merkim.com.tr\/merkim-maket\/wp-json\/wp\/v2\/media?parent=500"}],"wp:term":[{"taxonomy":"product_brand","embeddable":true,"href":"https:\/\/merkim.com.tr\/merkim-maket\/wp-json\/wp\/v2\/product_brand?post=500"},{"taxonomy":"product_cat","embeddable":true,"href":"https:\/\/merkim.com.tr\/merkim-maket\/wp-json\/wp\/v2\/product_cat?post=500"},{"taxonomy":"product_tag","embeddable":true,"href":"https:\/\/merkim.com.tr\/merkim-maket\/wp-json\/wp\/v2\/product_tag?post=500"}],"curies":[{"name":"wp","href":"https:\/\/api.w.org\/{rel}","templated":true}]}}