{"id":498,"date":"2025-07-06T10:20:19","date_gmt":"2025-07-06T10:20:19","guid":{"rendered":"https:\/\/merkim.com.tr\/merkim-maket\/?post_type=product&#038;p=498"},"modified":"2025-07-06T10:20:19","modified_gmt":"2025-07-06T10:20:19","slug":"lomber-ponksiyon-beceri-egitmeni-s411-spinal-girisim-ve-serebrospinal-sivi-csf-egitimi-simulatoru","status":"publish","type":"product","link":"https:\/\/merkim.com.tr\/merkim-maket\/urun\/lomber-ponksiyon-beceri-egitmeni-s411-spinal-girisim-ve-serebrospinal-sivi-csf-egitimi-simulatoru\/","title":{"rendered":"Lomber Ponksiyon Beceri E\u011fitmeni \u2013 S411 | Spinal Giri\u015fim ve Serebrospinal S\u0131v\u0131 (CSF) E\u011fitimi Sim\u00fclat\u00f6r\u00fc"},"content":{"rendered":"<p data-start=\"364\" data-end=\"735\"><strong data-start=\"364\" data-end=\"406\">S411.PK Lumbar Puncture Skills Trainer<\/strong>, sa\u011fl\u0131k profesyonellerine ve \u00f6\u011frencilere ger\u00e7ek\u00e7i bir klinik deneyim sunmak \u00fczere tasarlanm\u0131\u015f ileri d\u00fczey bir spinal giri\u015fim e\u011fitim sim\u00fclat\u00f6r\u00fcd\u00fcr. Lokal anestezi uygulamas\u0131, aseptik tekniklerin kullan\u0131m\u0131, omurlar aras\u0131 i\u011fne yerle\u015ftirme, lomber ponksiyon ve epidural uygulamalar\u0131n eksiksiz olarak pratik edilmesine olanak sa\u011flar.<\/p>\n<p data-start=\"737\" data-end=\"1037\">Anatomik detaylar\u0131 ve ger\u00e7ek\u00e7i diren\u00e7 hissiyat\u0131 sayesinde e\u011fitim s\u00fcrecini hem etkili hem de g\u00fcvenli hale getirir. Sim\u00fcle serebrospinal s\u0131v\u0131 (CSF) ile \u00e7al\u0131\u015fabilir, a\u00e7\u0131l\u0131\u015f bas\u0131nc\u0131n\u0131n \u00f6l\u00e7\u00fcm\u00fcn\u00fc destekler ve LED g\u00f6stergeli entegre bas\u0131n\u00e7 kontrol sistemi sayesinde farkl\u0131 klinik senaryolar olu\u015fturulabilir.<\/p>\n<h4 data-start=\"1039\" data-end=\"1067\"><strong data-start=\"1044\" data-end=\"1067\">Ba\u015fl\u0131ca \u00d6zellikler:<\/strong><\/h4>\n<ul data-start=\"1069\" data-end=\"2041\">\n<li data-start=\"1069\" data-end=\"1187\">\n<p data-start=\"1071\" data-end=\"1187\">\ud83e\uddb4 <strong data-start=\"1074\" data-end=\"1091\">Anatomik yap\u0131<\/strong>: L2\u2013L5 lomber vertebralar\u0131, iliak kristalar, ligamentum flavum, epidural bo\u015fluk ve dura mater<\/p>\n<\/li>\n<li data-start=\"1188\" data-end=\"1280\">\n<p data-start=\"1190\" data-end=\"1280\">\ud83d\udc89 <strong data-start=\"1193\" data-end=\"1220\">Ger\u00e7ek\u00e7i i\u011fne hissiyat\u0131<\/strong>: Ligamentum flavum ve dura ge\u00e7i\u015finde belirgin \u201cpop\u201d hissi<\/p>\n<\/li>\n<li data-start=\"1281\" data-end=\"1378\">\n<p data-start=\"1283\" data-end=\"1378\">\ud83d\udd01 <strong data-start=\"1286\" data-end=\"1320\">De\u011fi\u015ftirilebilir omurga mod\u00fcl\u00fc<\/strong>: Cilt, subkutan doku, ba\u011f dokusu ve omurga yap\u0131s\u0131 dahil<\/p>\n<\/li>\n<li data-start=\"1379\" data-end=\"1529\">\n<p data-start=\"1381\" data-end=\"1529\">\ud83d\udca7 <strong data-start=\"1384\" data-end=\"1422\">CSF sim\u00fclasyonu ve bas\u0131n\u00e7 kontrol\u00fc<\/strong>: S\u0131v\u0131 bas\u0131nc\u0131n\u0131 art\u0131rma\/azaltma sistemi, LED ekranla izlenebilir bas\u0131n\u00e7 seviyeleri (d\u00fc\u015f\u00fck, orta, y\u00fcksek)<\/p>\n<\/li>\n<li data-start=\"1530\" data-end=\"1628\">\n<p data-start=\"1532\" data-end=\"1628\">\ud83d\udca1 <strong data-start=\"1535\" data-end=\"1568\">Aseptik teknik uygulama alan\u0131<\/strong>: Lokal anestezi ve steril giri\u015fim uygulamalar\u0131 i\u00e7in uygun<\/p>\n<\/li>\n<li data-start=\"1629\" data-end=\"1733\">\n<p data-start=\"1631\" data-end=\"1733\">\ud83e\ude91 <strong data-start=\"1634\" data-end=\"1656\">Farkl\u0131 pozisyonlar<\/strong>: Yatar (sol lateral dek\u00fcbitus) veya oturur pozisyonda uygulama yap\u0131labilir<\/p>\n<\/li>\n<li data-start=\"1734\" data-end=\"1838\">\n<p data-start=\"1736\" data-end=\"1838\">\u2705 <strong data-start=\"1738\" data-end=\"1779\">Dayan\u0131kl\u0131 ve kendini iyile\u015ftiren cilt<\/strong>: 18G i\u011fne ile 15 kez, 22G i\u011fne ile 25 kez kullan\u0131labilir<\/p>\n<\/li>\n<li data-start=\"1839\" data-end=\"1919\">\n<p data-start=\"1841\" data-end=\"1919\">\u2699\ufe0f <strong data-start=\"1844\" data-end=\"1861\">Kolay kurulum<\/strong>: CSF s\u0131v\u0131s\u0131 doldurma ve bas\u0131n\u00e7 ayar\u0131 h\u0131zl\u0131 ve pratiktir<\/p>\n<\/li>\n<li data-start=\"1920\" data-end=\"2041\">\n<p data-start=\"1922\" data-end=\"2041\">\ud83e\udde0 <strong data-start=\"1925\" data-end=\"1951\">Birebir klinik deneyim<\/strong>: Omurilik giri\u015fimi yapan sa\u011fl\u0131k profesyonelleri i\u00e7in uygun bir sim\u00fclasyon ortam\u0131 sa\u011flar<\/p>\n<\/li>\n<\/ul>\n<h2 data-start=\"157\" data-end=\"195\">\ud83e\udde0 <strong data-start=\"163\" data-end=\"195\">Lumbar Ponksiyon (LP) Nedir?<\/strong><\/h2>\n<p data-start=\"197\" data-end=\"478\"><strong data-start=\"197\" data-end=\"217\">Lumbar ponksiyon<\/strong>, bel b\u00f6lgesinden (omurgan\u0131n alt k\u0131sm\u0131) i\u011fneyle girilerek <strong data-start=\"275\" data-end=\"324\">omurilik s\u0131v\u0131s\u0131n\u0131n (serebrospinal s\u0131v\u0131 \u2013 CSF)<\/strong> al\u0131nd\u0131\u011f\u0131 ya da bu b\u00f6lgeye ila\u00e7 verildi\u011fi t\u0131bbi bir giri\u015fimdir. Ayn\u0131 zamanda <strong data-start=\"401\" data-end=\"421\">spinal ponksiyon<\/strong> veya halk aras\u0131nda <strong data-start=\"441\" data-end=\"459\">belden su alma<\/strong> olarak da bilinir.<\/p>\n<hr data-start=\"480\" data-end=\"483\" \/>\n<h2 data-start=\"485\" data-end=\"510\">\ud83c\udfaf <strong data-start=\"491\" data-end=\"510\">Ama\u00e7lar\u0131 Nedir?<\/strong><\/h2>\n<p data-start=\"512\" data-end=\"595\">Lumbar ponksiyon, hem <strong data-start=\"534\" data-end=\"549\">tan\u0131 koymak<\/strong> hem de <strong data-start=\"557\" data-end=\"573\">tedavi etmek<\/strong> amac\u0131yla yap\u0131labilir:<\/p>\n<h3 data-start=\"597\" data-end=\"633\">\ud83d\udd2c <strong data-start=\"604\" data-end=\"633\">Tan\u0131sal Ama\u00e7l\u0131 Kullan\u0131m\u0131:<\/strong><\/h3>\n<ol data-start=\"634\" data-end=\"972\">\n<li data-start=\"634\" data-end=\"719\">\n<p data-start=\"637\" data-end=\"719\"><strong data-start=\"637\" data-end=\"649\">Menenjit<\/strong> (beyin zarlar\u0131nda iltihap): Enfeksiyon var m\u0131 diye CSF \u00f6rne\u011fi al\u0131n\u0131r.<\/p>\n<\/li>\n<li data-start=\"720\" data-end=\"790\">\n<p data-start=\"723\" data-end=\"790\"><strong data-start=\"723\" data-end=\"745\">Subaraknoid kanama<\/strong>: Beyin kanamas\u0131 \u015f\u00fcphesinde tan\u0131 koymak i\u00e7in.<\/p>\n<\/li>\n<li data-start=\"791\" data-end=\"865\">\n<p data-start=\"794\" data-end=\"865\"><strong data-start=\"794\" data-end=\"818\">Multipl Skleroz (MS)<\/strong> gibi n\u00f6rolojik hastal\u0131klar\u0131n ara\u015ft\u0131r\u0131lmas\u0131nda.<\/p>\n<\/li>\n<li data-start=\"866\" data-end=\"925\">\n<p data-start=\"869\" data-end=\"925\"><strong data-start=\"869\" data-end=\"896\">Guillain-Barr\u00e9 Sendromu<\/strong> gibi otoimm\u00fcn bozukluklarda.<\/p>\n<\/li>\n<li data-start=\"926\" data-end=\"972\">\n<p data-start=\"929\" data-end=\"972\"><strong data-start=\"929\" data-end=\"960\">T\u00fcm\u00f6r h\u00fccrelerinin yay\u0131l\u0131m\u0131<\/strong> \u015f\u00fcphesinde.<\/p>\n<\/li>\n<\/ol>\n<h3 data-start=\"974\" data-end=\"1009\">\ud83d\udc89 <strong data-start=\"981\" data-end=\"1009\">Tedavi Ama\u00e7l\u0131 Kullan\u0131m\u0131:<\/strong><\/h3>\n<ol data-start=\"1010\" data-end=\"1273\">\n<li data-start=\"1010\" data-end=\"1078\">\n<p data-start=\"1013\" data-end=\"1078\"><strong data-start=\"1013\" data-end=\"1045\">Spinal anestezi uygulamalar\u0131<\/strong>: Ameliyat \u00f6ncesi uyu\u015fturma i\u00e7in.<\/p>\n<\/li>\n<li data-start=\"1079\" data-end=\"1203\">\n<p data-start=\"1082\" data-end=\"1203\"><strong data-start=\"1082\" data-end=\"1100\">\u0130la\u00e7 verilmesi<\/strong>: Kemoterapi ila\u00e7lar\u0131, antibiyotikler ya da a\u011fr\u0131 kesiciler direkt olarak omurilik s\u0131v\u0131s\u0131na verilebilir.<\/p>\n<\/li>\n<li data-start=\"1204\" data-end=\"1273\">\n<p data-start=\"1207\" data-end=\"1273\"><strong data-start=\"1207\" data-end=\"1233\">CSF bas\u0131nc\u0131n\u0131 d\u00fc\u015f\u00fcrmek<\/strong>: Hidrosefali gibi baz\u0131 \u00f6zel durumlarda.<\/p>\n<\/li>\n<\/ol>\n<hr data-start=\"1275\" data-end=\"1278\" \/>\n<h2 data-start=\"1280\" data-end=\"1304\">\ud83c\udfe5 <strong data-start=\"1286\" data-end=\"1304\">Nas\u0131l Yap\u0131l\u0131r?<\/strong><\/h2>\n<ul data-start=\"1306\" data-end=\"1749\">\n<li data-start=\"1306\" data-end=\"1403\">\n<p data-start=\"1308\" data-end=\"1403\">Hasta genellikle <strong data-start=\"1325\" data-end=\"1349\">yan yatar pozisyonda<\/strong> (fetal pozisyon) ya da <strong data-start=\"1373\" data-end=\"1391\">oturur \u015fekilde<\/strong> haz\u0131rlan\u0131r.<\/p>\n<\/li>\n<li data-start=\"1404\" data-end=\"1467\">\n<p data-start=\"1406\" data-end=\"1467\">Bel b\u00f6lgesi antiseptik ile temizlenir ve steril \u00f6rt\u00fc serilir.<\/p>\n<\/li>\n<li data-start=\"1468\" data-end=\"1532\">\n<p data-start=\"1470\" data-end=\"1532\">L3\u2013L4 veya L4\u2013L5 omurlar\u0131 aras\u0131ndan \u00f6zel bir i\u011fne ile girilir.<\/p>\n<\/li>\n<li data-start=\"1533\" data-end=\"1612\">\n<p data-start=\"1535\" data-end=\"1612\">\u0130\u011fneyle <strong data-start=\"1543\" data-end=\"1557\">dura mater<\/strong> ad\u0131 verilen zar ge\u00e7ilir, CSF al\u0131n\u0131r veya ila\u00e7 verilir.<\/p>\n<\/li>\n<li data-start=\"1613\" data-end=\"1686\">\n<p data-start=\"1615\" data-end=\"1686\">\u0130\u015flem s\u0131ras\u0131nda bazen <strong data-start=\"1637\" data-end=\"1646\">\u201cpop\u201d<\/strong> hissi duyulur; bu, zar\u0131n ge\u00e7ti\u011fi and\u0131r.<\/p>\n<\/li>\n<li data-start=\"1687\" data-end=\"1749\">\n<p data-start=\"1689\" data-end=\"1749\">S\u0131v\u0131 \u00f6rne\u011fi steril t\u00fcplere konur ve laboratuvara g\u00f6nderilir.<\/p>\n<\/li>\n<\/ul>\n<hr data-start=\"1751\" data-end=\"1754\" \/>\n<h2 data-start=\"1756\" data-end=\"1789\">\u26a0\ufe0f <strong data-start=\"1762\" data-end=\"1789\">Riskler ve Yan Etkiler:<\/strong><\/h2>\n<p data-start=\"1791\" data-end=\"1865\">Genel olarak g\u00fcvenli bir i\u015flemdir. Ancak baz\u0131 olas\u0131 yan etkiler \u015funlard\u0131r:<\/p>\n<ul data-start=\"1867\" data-end=\"2004\">\n<li data-start=\"1867\" data-end=\"1909\">\n<p data-start=\"1869\" data-end=\"1909\"><strong data-start=\"1869\" data-end=\"1883\">Ba\u015f a\u011fr\u0131s\u0131<\/strong> (en s\u0131k g\u00f6r\u00fclen yan etki)<\/p>\n<\/li>\n<li data-start=\"1910\" data-end=\"1927\">\n<p data-start=\"1912\" data-end=\"1927\"><strong data-start=\"1912\" data-end=\"1927\">S\u0131rt a\u011fr\u0131s\u0131<\/strong><\/p>\n<\/li>\n<li data-start=\"1928\" data-end=\"1956\">\n<p data-start=\"1930\" data-end=\"1956\"><strong data-start=\"1930\" data-end=\"1956\">Enfeksiyon (\u00e7ok nadir)<\/strong><\/p>\n<\/li>\n<li data-start=\"1957\" data-end=\"1969\">\n<p data-start=\"1959\" data-end=\"1969\"><strong data-start=\"1959\" data-end=\"1969\">Kanama<\/strong><\/p>\n<\/li>\n<li data-start=\"1970\" data-end=\"2004\">\n<p data-start=\"1972\" data-end=\"2004\"><strong data-start=\"1972\" data-end=\"1988\">Sinir hasar\u0131<\/strong> (\u00e7ok \u00e7ok nadir)<\/p>\n<\/li>\n<\/ul>\n<hr data-start=\"2006\" data-end=\"2009\" \/>\n<h2 data-start=\"2011\" data-end=\"2036\">\ud83d\udc68\u200d\u2695\ufe0f <strong data-start=\"2020\" data-end=\"2036\">Kim Uygular?<\/strong><\/h2>\n<ul data-start=\"2038\" data-end=\"2196\">\n<li data-start=\"2038\" data-end=\"2052\">\n<p data-start=\"2040\" data-end=\"2052\">N\u00f6rologlar<\/p>\n<\/li>\n<li data-start=\"2053\" data-end=\"2073\">\n<p data-start=\"2055\" data-end=\"2073\">Anesteziyologlar<\/p>\n<\/li>\n<li data-start=\"2074\" data-end=\"2096\">\n<p data-start=\"2076\" data-end=\"2096\">Acil t\u0131p uzmanlar\u0131<\/p>\n<\/li>\n<li data-start=\"2097\" data-end=\"2127\">\n<p data-start=\"2099\" data-end=\"2127\">Pediatristler (\u00e7ocuklarda)<\/p>\n<\/li>\n<li data-start=\"2128\" data-end=\"2196\">\n<p data-start=\"2130\" data-end=\"2196\">Deneyimli hem\u015fire ve sa\u011fl\u0131k personeli (sim\u00fclasyon e\u011fitimi alanlar)<\/p>\n<\/li>\n<\/ul>\n<hr data-start=\"2198\" data-end=\"2201\" \/>\n<h2 data-start=\"2203\" data-end=\"2238\">\ud83c\udf93 <strong data-start=\"2209\" data-end=\"2238\">E\u011fitimde Neden \u00d6nemlidir?<\/strong><\/h2>\n<p data-start=\"2240\" data-end=\"2560\">Lumbar ponksiyon, anatomi bilgisi, el becerisi ve aseptik teknik gerektiren bir i\u015flemdir. Ger\u00e7ek hastada hata yapma riski oldu\u011fundan, <strong data-start=\"2374\" data-end=\"2406\">sim\u00fclasyon e\u011fitimi modelleri<\/strong> (\u00f6rne\u011fin S411 gibi) kullan\u0131larak \u00f6\u011frenciler \u00f6nce maket \u00fczerinde pratik yapar. Bu, hasta g\u00fcvenli\u011fini art\u0131r\u0131r ve sa\u011fl\u0131k \u00e7al\u0131\u015fan\u0131n\u0131n \u00f6z g\u00fcvenini geli\u015ftirir.<\/p>\n","protected":false},"excerpt":{"rendered":"<p>S411 modeli Lomber Ponksiyon Beceri E\u011fitmeni, lokal anestezi, i\u011fne yerle\u015ftirme, CSF toplama ve epidural uygulamalar\u0131n\u0131 ger\u00e7ek\u00e7i \u015fekilde \u00f6\u011fretmek i\u00e7in tasarlanm\u0131\u015f ileri seviye bir spinal giri\u015fim sim\u00fclat\u00f6r\u00fcd\u00fcr.<\/p>\n","protected":false},"featured_media":499,"comment_status":"open","ping_status":"closed","template":"","meta":[],"product_brand":[948],"product_cat":[15,947,1205],"product_tag":[1348,1345,486,1351,1343,1347,1350,1344,1346,1349],"class_list":{"0":"post-498","1":"product","2":"type-product","3":"status-publish","4":"has-post-thumbnail","6":"product_brand-gaumard-scientific","7":"product_cat-genel","8":"product_cat-gaumard-scientific","9":"product_cat-gaumard-skill-trainer","10":"product_tag-anestezi-egitimi-modeli","11":"product_tag-csf-toplama-simulatoru","12":"product_tag-epidural-egitim-modeli","13":"product_tag-gaumard-spinal-simulator","14":"product_tag-lomber-ponksiyon-simulatoru","15":"product_tag-lumbar-puncture-trainer","16":"product_tag-s411-pk","17":"product_tag-spinal-girisim-egitimi","18":"product_tag-spinal-igne-egitmeni","19":"product_tag-tibbi-beceri-egitimi","21":"first","22":"instock","23":"shipping-taxable","24":"product-type-simple"},"yoast_head":"<!-- This site is optimized with the Yoast SEO plugin v25.2 - https:\/\/yoast.com\/wordpress\/plugins\/seo\/ -->\n<title>Lomber Ponksiyon Beceri E\u011fitmeni \u2013 S411 | Spinal Giri\u015fim ve Serebrospinal S\u0131v\u0131 (CSF) E\u011fitimi Sim\u00fclat\u00f6r\u00fc - Merkim Maket<\/title>\n<meta name=\"description\" content=\"S411 Lomber Ponksiyon E\u011fitim Sim\u00fclat\u00f6r\u00fc, spinal giri\u015fim, CSF toplama ve epidural uygulama becerilerini kazand\u0131rmak \u00fczere tasarlanm\u0131\u015f, anatomik yap\u0131ya uygun ve bas\u0131n\u00e7 kontroll\u00fc profesyonel bir e\u011fitim modelidir.\" \/>\n<meta name=\"robots\" content=\"index, follow, max-snippet:-1, max-image-preview:large, max-video-preview:-1\" \/>\n<link rel=\"canonical\" href=\"https:\/\/merkim.com.tr\/merkim-maket\/urun\/lomber-ponksiyon-beceri-egitmeni-s411-spinal-girisim-ve-serebrospinal-sivi-csf-egitimi-simulatoru\/\" \/>\n<meta property=\"og:locale\" content=\"tr_TR\" \/>\n<meta property=\"og:type\" content=\"article\" \/>\n<meta property=\"og:title\" content=\"Lomber Ponksiyon Beceri E\u011fitmeni \u2013 S411 | Spinal Giri\u015fim ve Serebrospinal S\u0131v\u0131 (CSF) E\u011fitimi Sim\u00fclat\u00f6r\u00fc - Merkim Maket\" \/>\n<meta property=\"og:description\" content=\"S411 Lomber Ponksiyon E\u011fitim Sim\u00fclat\u00f6r\u00fc, spinal giri\u015fim, CSF toplama ve epidural uygulama becerilerini kazand\u0131rmak \u00fczere tasarlanm\u0131\u015f, anatomik yap\u0131ya uygun ve bas\u0131n\u00e7 kontroll\u00fc profesyonel bir e\u011fitim modelidir.\" \/>\n<meta property=\"og:url\" content=\"https:\/\/merkim.com.tr\/merkim-maket\/urun\/lomber-ponksiyon-beceri-egitmeni-s411-spinal-girisim-ve-serebrospinal-sivi-csf-egitimi-simulatoru\/\" \/>\n<meta property=\"og:site_name\" content=\"Merkim Maket\" \/>\n<meta property=\"og:image\" content=\"https:\/\/merkim.com.tr\/merkim-maket\/wp-content\/uploads\/2025\/07\/lomber-ponksiyon-beceri-egitmeni-s411-gaumard.png\" \/>\n\t<meta property=\"og:image:width\" content=\"800\" \/>\n\t<meta property=\"og:image:height\" content=\"531\" \/>\n\t<meta property=\"og:image:type\" content=\"image\/png\" \/>\n<meta name=\"twitter:card\" content=\"summary_large_image\" \/>\n<meta name=\"twitter:label1\" content=\"Tahmini okuma s\u00fcresi\" \/>\n\t<meta name=\"twitter:data1\" content=\"4 dakika\" \/>\n<script type=\"application\/ld+json\" class=\"yoast-schema-graph\">{\"@context\":\"https:\/\/schema.org\",\"@graph\":[{\"@type\":\"WebPage\",\"@id\":\"https:\/\/merkim.com.tr\/merkim-maket\/urun\/lomber-ponksiyon-beceri-egitmeni-s411-spinal-girisim-ve-serebrospinal-sivi-csf-egitimi-simulatoru\/\",\"url\":\"https:\/\/merkim.com.tr\/merkim-maket\/urun\/lomber-ponksiyon-beceri-egitmeni-s411-spinal-girisim-ve-serebrospinal-sivi-csf-egitimi-simulatoru\/\",\"name\":\"Lomber Ponksiyon Beceri E\u011fitmeni \u2013 S411 | Spinal Giri\u015fim ve Serebrospinal S\u0131v\u0131 (CSF) E\u011fitimi Sim\u00fclat\u00f6r\u00fc - Merkim Maket\",\"isPartOf\":{\"@id\":\"https:\/\/merkim.com.tr\/merkim-maket\/#website\"},\"primaryImageOfPage\":{\"@id\":\"https:\/\/merkim.com.tr\/merkim-maket\/urun\/lomber-ponksiyon-beceri-egitmeni-s411-spinal-girisim-ve-serebrospinal-sivi-csf-egitimi-simulatoru\/#primaryimage\"},\"image\":{\"@id\":\"https:\/\/merkim.com.tr\/merkim-maket\/urun\/lomber-ponksiyon-beceri-egitmeni-s411-spinal-girisim-ve-serebrospinal-sivi-csf-egitimi-simulatoru\/#primaryimage\"},\"thumbnailUrl\":\"https:\/\/merkim.com.tr\/merkim-maket\/wp-content\/uploads\/2025\/07\/lomber-ponksiyon-beceri-egitmeni-s411-gaumard.png\",\"datePublished\":\"2025-07-06T10:20:19+00:00\",\"description\":\"S411 Lomber Ponksiyon E\u011fitim Sim\u00fclat\u00f6r\u00fc, spinal giri\u015fim, CSF toplama ve epidural uygulama becerilerini kazand\u0131rmak \u00fczere tasarlanm\u0131\u015f, anatomik yap\u0131ya uygun ve bas\u0131n\u00e7 kontroll\u00fc profesyonel bir e\u011fitim modelidir.\",\"breadcrumb\":{\"@id\":\"https:\/\/merkim.com.tr\/merkim-maket\/urun\/lomber-ponksiyon-beceri-egitmeni-s411-spinal-girisim-ve-serebrospinal-sivi-csf-egitimi-simulatoru\/#breadcrumb\"},\"inLanguage\":\"tr\",\"potentialAction\":[{\"@type\":\"ReadAction\",\"target\":[\"https:\/\/merkim.com.tr\/merkim-maket\/urun\/lomber-ponksiyon-beceri-egitmeni-s411-spinal-girisim-ve-serebrospinal-sivi-csf-egitimi-simulatoru\/\"]}]},{\"@type\":\"ImageObject\",\"inLanguage\":\"tr\",\"@id\":\"https:\/\/merkim.com.tr\/merkim-maket\/urun\/lomber-ponksiyon-beceri-egitmeni-s411-spinal-girisim-ve-serebrospinal-sivi-csf-egitimi-simulatoru\/#primaryimage\",\"url\":\"https:\/\/merkim.com.tr\/merkim-maket\/wp-content\/uploads\/2025\/07\/lomber-ponksiyon-beceri-egitmeni-s411-gaumard.png\",\"contentUrl\":\"https:\/\/merkim.com.tr\/merkim-maket\/wp-content\/uploads\/2025\/07\/lomber-ponksiyon-beceri-egitmeni-s411-gaumard.png\",\"width\":800,\"height\":531,\"caption\":\"CSF toplama ve spinal giri\u015fim e\u011fitimi i\u00e7in profesyonel spinal sim\u00fclat\u00f6r\"},{\"@type\":\"BreadcrumbList\",\"@id\":\"https:\/\/merkim.com.tr\/merkim-maket\/urun\/lomber-ponksiyon-beceri-egitmeni-s411-spinal-girisim-ve-serebrospinal-sivi-csf-egitimi-simulatoru\/#breadcrumb\",\"itemListElement\":[{\"@type\":\"ListItem\",\"position\":1,\"name\":\"Anasayfa\",\"item\":\"https:\/\/merkim.com.tr\/merkim-maket\/\"},{\"@type\":\"ListItem\",\"position\":2,\"name\":\"Ma\u011faza\",\"item\":\"https:\/\/merkim.com.tr\/merkim-maket\/magaza\/\"},{\"@type\":\"ListItem\",\"position\":3,\"name\":\"Lomber Ponksiyon Beceri E\u011fitmeni \u2013 S411 | Spinal Giri\u015fim ve Serebrospinal S\u0131v\u0131 (CSF) E\u011fitimi Sim\u00fclat\u00f6r\u00fc\"}]},{\"@type\":\"WebSite\",\"@id\":\"https:\/\/merkim.com.tr\/merkim-maket\/#website\",\"url\":\"https:\/\/merkim.com.tr\/merkim-maket\/\",\"name\":\"Merkim Maket\",\"description\":\"\",\"potentialAction\":[{\"@type\":\"SearchAction\",\"target\":{\"@type\":\"EntryPoint\",\"urlTemplate\":\"https:\/\/merkim.com.tr\/merkim-maket\/?s={search_term_string}\"},\"query-input\":{\"@type\":\"PropertyValueSpecification\",\"valueRequired\":true,\"valueName\":\"search_term_string\"}}],\"inLanguage\":\"tr\"}]}<\/script>\n<!-- \/ Yoast SEO plugin. -->","yoast_head_json":{"title":"Lomber Ponksiyon Beceri E\u011fitmeni \u2013 S411 | Spinal Giri\u015fim ve Serebrospinal S\u0131v\u0131 (CSF) E\u011fitimi Sim\u00fclat\u00f6r\u00fc - Merkim Maket","description":"S411 Lomber Ponksiyon E\u011fitim Sim\u00fclat\u00f6r\u00fc, spinal giri\u015fim, CSF toplama ve epidural uygulama becerilerini kazand\u0131rmak \u00fczere tasarlanm\u0131\u015f, anatomik yap\u0131ya uygun ve bas\u0131n\u00e7 kontroll\u00fc profesyonel bir e\u011fitim modelidir.","robots":{"index":"index","follow":"follow","max-snippet":"max-snippet:-1","max-image-preview":"max-image-preview:large","max-video-preview":"max-video-preview:-1"},"canonical":"https:\/\/merkim.com.tr\/merkim-maket\/urun\/lomber-ponksiyon-beceri-egitmeni-s411-spinal-girisim-ve-serebrospinal-sivi-csf-egitimi-simulatoru\/","og_locale":"tr_TR","og_type":"article","og_title":"Lomber Ponksiyon Beceri E\u011fitmeni \u2013 S411 | Spinal Giri\u015fim ve Serebrospinal S\u0131v\u0131 (CSF) E\u011fitimi Sim\u00fclat\u00f6r\u00fc - Merkim Maket","og_description":"S411 Lomber Ponksiyon E\u011fitim Sim\u00fclat\u00f6r\u00fc, spinal giri\u015fim, CSF toplama ve epidural uygulama becerilerini kazand\u0131rmak \u00fczere tasarlanm\u0131\u015f, anatomik yap\u0131ya uygun ve bas\u0131n\u00e7 kontroll\u00fc profesyonel bir e\u011fitim modelidir.","og_url":"https:\/\/merkim.com.tr\/merkim-maket\/urun\/lomber-ponksiyon-beceri-egitmeni-s411-spinal-girisim-ve-serebrospinal-sivi-csf-egitimi-simulatoru\/","og_site_name":"Merkim Maket","og_image":[{"width":800,"height":531,"url":"https:\/\/merkim.com.tr\/merkim-maket\/wp-content\/uploads\/2025\/07\/lomber-ponksiyon-beceri-egitmeni-s411-gaumard.png","type":"image\/png"}],"twitter_card":"summary_large_image","twitter_misc":{"Tahmini okuma s\u00fcresi":"4 dakika"},"schema":{"@context":"https:\/\/schema.org","@graph":[{"@type":"WebPage","@id":"https:\/\/merkim.com.tr\/merkim-maket\/urun\/lomber-ponksiyon-beceri-egitmeni-s411-spinal-girisim-ve-serebrospinal-sivi-csf-egitimi-simulatoru\/","url":"https:\/\/merkim.com.tr\/merkim-maket\/urun\/lomber-ponksiyon-beceri-egitmeni-s411-spinal-girisim-ve-serebrospinal-sivi-csf-egitimi-simulatoru\/","name":"Lomber Ponksiyon Beceri E\u011fitmeni \u2013 S411 | Spinal Giri\u015fim ve Serebrospinal S\u0131v\u0131 (CSF) E\u011fitimi Sim\u00fclat\u00f6r\u00fc - Merkim Maket","isPartOf":{"@id":"https:\/\/merkim.com.tr\/merkim-maket\/#website"},"primaryImageOfPage":{"@id":"https:\/\/merkim.com.tr\/merkim-maket\/urun\/lomber-ponksiyon-beceri-egitmeni-s411-spinal-girisim-ve-serebrospinal-sivi-csf-egitimi-simulatoru\/#primaryimage"},"image":{"@id":"https:\/\/merkim.com.tr\/merkim-maket\/urun\/lomber-ponksiyon-beceri-egitmeni-s411-spinal-girisim-ve-serebrospinal-sivi-csf-egitimi-simulatoru\/#primaryimage"},"thumbnailUrl":"https:\/\/merkim.com.tr\/merkim-maket\/wp-content\/uploads\/2025\/07\/lomber-ponksiyon-beceri-egitmeni-s411-gaumard.png","datePublished":"2025-07-06T10:20:19+00:00","description":"S411 Lomber Ponksiyon E\u011fitim Sim\u00fclat\u00f6r\u00fc, spinal giri\u015fim, CSF toplama ve epidural uygulama becerilerini kazand\u0131rmak \u00fczere tasarlanm\u0131\u015f, anatomik yap\u0131ya uygun ve bas\u0131n\u00e7 kontroll\u00fc profesyonel bir e\u011fitim modelidir.","breadcrumb":{"@id":"https:\/\/merkim.com.tr\/merkim-maket\/urun\/lomber-ponksiyon-beceri-egitmeni-s411-spinal-girisim-ve-serebrospinal-sivi-csf-egitimi-simulatoru\/#breadcrumb"},"inLanguage":"tr","potentialAction":[{"@type":"ReadAction","target":["https:\/\/merkim.com.tr\/merkim-maket\/urun\/lomber-ponksiyon-beceri-egitmeni-s411-spinal-girisim-ve-serebrospinal-sivi-csf-egitimi-simulatoru\/"]}]},{"@type":"ImageObject","inLanguage":"tr","@id":"https:\/\/merkim.com.tr\/merkim-maket\/urun\/lomber-ponksiyon-beceri-egitmeni-s411-spinal-girisim-ve-serebrospinal-sivi-csf-egitimi-simulatoru\/#primaryimage","url":"https:\/\/merkim.com.tr\/merkim-maket\/wp-content\/uploads\/2025\/07\/lomber-ponksiyon-beceri-egitmeni-s411-gaumard.png","contentUrl":"https:\/\/merkim.com.tr\/merkim-maket\/wp-content\/uploads\/2025\/07\/lomber-ponksiyon-beceri-egitmeni-s411-gaumard.png","width":800,"height":531,"caption":"CSF toplama ve spinal giri\u015fim e\u011fitimi i\u00e7in profesyonel spinal sim\u00fclat\u00f6r"},{"@type":"BreadcrumbList","@id":"https:\/\/merkim.com.tr\/merkim-maket\/urun\/lomber-ponksiyon-beceri-egitmeni-s411-spinal-girisim-ve-serebrospinal-sivi-csf-egitimi-simulatoru\/#breadcrumb","itemListElement":[{"@type":"ListItem","position":1,"name":"Anasayfa","item":"https:\/\/merkim.com.tr\/merkim-maket\/"},{"@type":"ListItem","position":2,"name":"Ma\u011faza","item":"https:\/\/merkim.com.tr\/merkim-maket\/magaza\/"},{"@type":"ListItem","position":3,"name":"Lomber Ponksiyon Beceri E\u011fitmeni \u2013 S411 | Spinal Giri\u015fim ve Serebrospinal S\u0131v\u0131 (CSF) E\u011fitimi Sim\u00fclat\u00f6r\u00fc"}]},{"@type":"WebSite","@id":"https:\/\/merkim.com.tr\/merkim-maket\/#website","url":"https:\/\/merkim.com.tr\/merkim-maket\/","name":"Merkim Maket","description":"","potentialAction":[{"@type":"SearchAction","target":{"@type":"EntryPoint","urlTemplate":"https:\/\/merkim.com.tr\/merkim-maket\/?s={search_term_string}"},"query-input":{"@type":"PropertyValueSpecification","valueRequired":true,"valueName":"search_term_string"}}],"inLanguage":"tr"}]}},"_links":{"self":[{"href":"https:\/\/merkim.com.tr\/merkim-maket\/wp-json\/wp\/v2\/product\/498","targetHints":{"allow":["GET"]}}],"collection":[{"href":"https:\/\/merkim.com.tr\/merkim-maket\/wp-json\/wp\/v2\/product"}],"about":[{"href":"https:\/\/merkim.com.tr\/merkim-maket\/wp-json\/wp\/v2\/types\/product"}],"replies":[{"embeddable":true,"href":"https:\/\/merkim.com.tr\/merkim-maket\/wp-json\/wp\/v2\/comments?post=498"}],"wp:featuredmedia":[{"embeddable":true,"href":"https:\/\/merkim.com.tr\/merkim-maket\/wp-json\/wp\/v2\/media\/499"}],"wp:attachment":[{"href":"https:\/\/merkim.com.tr\/merkim-maket\/wp-json\/wp\/v2\/media?parent=498"}],"wp:term":[{"taxonomy":"product_brand","embeddable":true,"href":"https:\/\/merkim.com.tr\/merkim-maket\/wp-json\/wp\/v2\/product_brand?post=498"},{"taxonomy":"product_cat","embeddable":true,"href":"https:\/\/merkim.com.tr\/merkim-maket\/wp-json\/wp\/v2\/product_cat?post=498"},{"taxonomy":"product_tag","embeddable":true,"href":"https:\/\/merkim.com.tr\/merkim-maket\/wp-json\/wp\/v2\/product_tag?post=498"}],"curies":[{"name":"wp","href":"https:\/\/api.w.org\/{rel}","templated":true}]}}