{"id":495,"date":"2025-07-06T10:10:52","date_gmt":"2025-07-06T10:10:52","guid":{"rendered":"https:\/\/merkim.com.tr\/merkim-maket\/?post_type=product&#038;p=495"},"modified":"2025-07-06T10:10:53","modified_gmt":"2025-07-06T10:10:53","slug":"yenidogan-intraosseoz-enfuzyon-ve-enjeksiyon-bacak-becerisi-egitmeni-s409-susie-simon-io-egitim-simulatoru","status":"publish","type":"product","link":"https:\/\/merkim.com.tr\/merkim-maket\/urun\/yenidogan-intraosseoz-enfuzyon-ve-enjeksiyon-bacak-becerisi-egitmeni-s409-susie-simon-io-egitim-simulatoru\/","title":{"rendered":"Yenido\u011fan \u0130ntraosse\u00f6z Enf\u00fczyon ve Enjeksiyon Bacak Becerisi E\u011fitmeni \u2013 S409 | Susie Simon\u00ae IO E\u011fitim Sim\u00fclat\u00f6r\u00fc"},"content":{"rendered":"<p data-start=\"422\" data-end=\"774\"><strong data-start=\"422\" data-end=\"500\">S409.PK modeli Yenido\u011fan \u0130ntraosse\u00f6z Enf\u00fczyon ve Enjeksiyon Bacak E\u011fitmeni<\/strong>, Susie Simon\u00ae markas\u0131yla geli\u015ftirilen, yeni do\u011fan anatomisine uygun profesyonel bir e\u011fitim sim\u00fclat\u00f6r\u00fcd\u00fcr. \u00d6zellikle <strong data-start=\"617\" data-end=\"695\">intraosse\u00f6z (IO) giri\u015fim teknikleri, damar yolu a\u00e7ma ve kas i\u00e7i enjeksiyon<\/strong> gibi pediatrik acil m\u00fcdahale becerilerinin kazand\u0131r\u0131lmas\u0131 i\u00e7in tasarlanm\u0131\u015ft\u0131r.<\/p>\n<p data-start=\"776\" data-end=\"1119\">Yenido\u011fan boyutlar\u0131nda sa\u011f bacak, yumu\u015fak d\u0131\u015f deri ve alt\u0131nda de\u011fi\u015ftirilebilir tibia kemi\u011fi yap\u0131s\u0131yla birlikte anatomik i\u015faretlemelere sahiptir. Kullan\u0131c\u0131ya kemik ili\u011fine giri\u015f an\u0131nda ger\u00e7ek\u00e7i bir &#8220;pop&#8221; hissi sunar. Ayr\u0131ca femoral arter ve ven \u00e7iftine sahiptir. Model, hem sabit e\u011fitim ortamlar\u0131nda hem de ta\u015f\u0131nabilir sahalarda kullan\u0131labilir.<\/p>\n<h4 data-start=\"1121\" data-end=\"1148\"><strong data-start=\"1126\" data-end=\"1148\">Teknik \u00d6zellikler:<\/strong><\/h4>\n<ul data-start=\"1150\" data-end=\"1989\">\n<li data-start=\"1150\" data-end=\"1193\">\n<p data-start=\"1152\" data-end=\"1193\">\ud83d\udc76 <strong data-start=\"1155\" data-end=\"1191\">Yenido\u011fan boyutlar\u0131nda sa\u011f bacak<\/strong><\/p>\n<\/li>\n<li data-start=\"1194\" data-end=\"1279\">\n<p data-start=\"1196\" data-end=\"1279\">\ud83d\udc89 <strong data-start=\"1199\" data-end=\"1277\">\u0130ntraosse\u00f6z (IO) giri\u015fim uygulamalar\u0131 i\u00e7in tasarlanm\u0131\u015f tibia kemi\u011fi yap\u0131s\u0131<\/strong><\/p>\n<\/li>\n<li data-start=\"1280\" data-end=\"1369\">\n<p data-start=\"1282\" data-end=\"1369\">\ud83e\uddb4 <strong data-start=\"1285\" data-end=\"1367\">8 adet de\u011fi\u015ftirilebilir IO tibial kemik par\u00e7as\u0131 (1 tanesi monte edilmi\u015f halde)<\/strong><\/p>\n<\/li>\n<li data-start=\"1370\" data-end=\"1476\">\n<p data-start=\"1372\" data-end=\"1476\">\u2705 <strong data-start=\"1374\" data-end=\"1398\">Ger\u00e7ek\u00e7i &#8220;pop&#8221; hissi<\/strong>: \u0130\u011fne korteksi ge\u00e7ti\u011finde do\u011fal diren\u00e7 hissiyat\u0131 ve kemik ili\u011fi sim\u00fclasyonu<\/p>\n<\/li>\n<li data-start=\"1477\" data-end=\"1553\">\n<p data-start=\"1479\" data-end=\"1553\">\ud83e\ude78 <strong data-start=\"1482\" data-end=\"1512\">Kan geri ak\u0131\u015f\u0131 (flashback)<\/strong>: Ba\u015far\u0131l\u0131 giri\u015f sonras\u0131 ger\u00e7ek\u00e7i tepki<\/p>\n<\/li>\n<li data-start=\"1554\" data-end=\"1623\">\n<p data-start=\"1556\" data-end=\"1623\">\ud83d\udca7 <strong data-start=\"1559\" data-end=\"1621\">S\u00fcrekli kan dola\u015f\u0131m\u0131 sim\u00fclasyonu i\u00e7in kan torbas\u0131 ve stand<\/strong><\/p>\n<\/li>\n<li data-start=\"1624\" data-end=\"1697\">\n<p data-start=\"1626\" data-end=\"1697\">\ud83e\udec0 <strong data-start=\"1629\" data-end=\"1659\">Femoral arter\/ven \u00e7iftleri<\/strong>: Enjeksiyon ve giri\u015fim e\u011fitimi i\u00e7in<\/p>\n<\/li>\n<li data-start=\"1698\" data-end=\"1735\">\n<p data-start=\"1700\" data-end=\"1735\">\ud83d\udcaa <strong data-start=\"1703\" data-end=\"1733\">Kas i\u00e7i enjeksiyon b\u00f6lgesi<\/strong><\/p>\n<\/li>\n<li data-start=\"1736\" data-end=\"1829\">\n<p data-start=\"1738\" data-end=\"1829\">\ud83d\udd01 <strong data-start=\"1741\" data-end=\"1778\">De\u011fi\u015ftirilebilir damarlar ve cilt<\/strong>: \u00c7oklu i\u011fne giri\u015fine dayan\u0131kl\u0131, uzun \u00f6m\u00fcrl\u00fc yap\u0131<\/p>\n<\/li>\n<li data-start=\"1830\" data-end=\"1905\">\n<p data-start=\"1832\" data-end=\"1905\">\ud83e\uddcd\u200d\u2642\ufe0f <strong data-start=\"1838\" data-end=\"1876\">Lucite\u00ae tabana sabitlenmi\u015f tasar\u0131m<\/strong>: Stabilite ve dayan\u0131kl\u0131l\u0131k<\/p>\n<\/li>\n<li data-start=\"1906\" data-end=\"1963\">\n<p data-start=\"1908\" data-end=\"1963\">\ud83c\udf92 <strong data-start=\"1911\" data-end=\"1961\">Yumu\u015fak ta\u015f\u0131ma \u00e7antas\u0131 ile mobil e\u011fitim imk\u00e2n\u0131<\/strong><\/p>\n<\/li>\n<li data-start=\"1964\" data-end=\"1989\">\n<p data-start=\"1966\" data-end=\"1989\">\ud83c\udf3f <strong data-start=\"1969\" data-end=\"1987\">Lateks i\u00e7ermez<\/strong><\/p>\n<\/li>\n<\/ul>\n<h4 data-start=\"1991\" data-end=\"2014\"><strong data-start=\"1996\" data-end=\"2014\">Paket \u0130\u00e7eri\u011fi:<\/strong><\/h4>\n<ul data-start=\"2016\" data-end=\"2299\">\n<li data-start=\"2016\" data-end=\"2098\">\n<p data-start=\"2018\" data-end=\"2098\">Yenido\u011fan \u0130ntraosse\u00f6z Enf\u00fczyon ve Enjeksiyon Bacak Becerisi E\u011fitmeni (S409.PK)<\/p>\n<\/li>\n<li data-start=\"2099\" data-end=\"2123\">\n<p data-start=\"2101\" data-end=\"2123\">\u015eeffaf Lucite\u00ae taban<\/p>\n<\/li>\n<li data-start=\"2124\" data-end=\"2148\">\n<p data-start=\"2126\" data-end=\"2148\">Kan torbas\u0131 ve stand<\/p>\n<\/li>\n<li data-start=\"2149\" data-end=\"2177\">\n<p data-start=\"2151\" data-end=\"2177\">Sentetik kan konsantresi<\/p>\n<\/li>\n<li data-start=\"2178\" data-end=\"2194\">\n<p data-start=\"2180\" data-end=\"2194\">S\u0131kma balonu<\/p>\n<\/li>\n<li data-start=\"2195\" data-end=\"2215\">\n<p data-start=\"2197\" data-end=\"2215\">Yedek kol derisi<\/p>\n<\/li>\n<li data-start=\"2216\" data-end=\"2250\">\n<p data-start=\"2218\" data-end=\"2250\">8 adet tibial IO kemik par\u00e7as\u0131<\/p>\n<\/li>\n<li data-start=\"2251\" data-end=\"2277\">\n<p data-start=\"2253\" data-end=\"2277\">Yumu\u015fak ta\u015f\u0131ma \u00e7antas\u0131<\/p>\n<\/li>\n<li data-start=\"2278\" data-end=\"2299\">\n<p data-start=\"2280\" data-end=\"2299\">Kullan\u0131m k\u0131lavuzu<\/p>\n<\/li>\n<\/ul>\n<p data-start=\"2301\" data-end=\"2516\">Yeni do\u011fanlarda acil m\u00fcdahale becerilerinin g\u00fcvenli ve etkin \u015fekilde kazand\u0131r\u0131lmas\u0131 i\u00e7in geli\u015ftirilen bu sim\u00fclat\u00f6r, <strong data-start=\"2417\" data-end=\"2480\">pediatri, acil t\u0131p, hem\u015firelik ve klinik e\u011fitim alanlar\u0131nda<\/strong> y\u00fcksek kalite ve ger\u00e7ek\u00e7ilik sunar.<\/p>\n","protected":false},"excerpt":{"rendered":"<p>S409 modeli yenido\u011fan IO e\u011fitim baca\u011f\u0131, tibial intraosse\u00f6z giri\u015fim, femoral enjeksiyon ve kas i\u00e7i uygulamalar\u0131n ger\u00e7ek\u00e7i sim\u00fclasyonunu sunan profesyonel bir e\u011fitim sim\u00fclat\u00f6r\u00fcd\u00fcr.<\/p>\n","protected":false},"featured_media":497,"comment_status":"open","ping_status":"closed","template":"","meta":[],"product_brand":[948],"product_cat":[15,947,1205],"product_tag":[1340,1337,1334,1341,1339,1338,1336,1335,1333,1342],"class_list":{"0":"post-495","1":"product","2":"type-product","3":"status-publish","4":"has-post-thumbnail","6":"product_brand-gaumard-scientific","7":"product_cat-genel","8":"product_cat-gaumard-scientific","9":"product_cat-gaumard-skill-trainer","10":"product_tag-femoral-enjeksiyon-egitimi","11":"product_tag-gaumard-s409","12":"product_tag-intraosseoz-enjeksiyon-simulatoru","13":"product_tag-kas-ici-enjeksiyon-bebek-modeli","14":"product_tag-pediatrik-acil-girisim-egitimi","15":"product_tag-susie-simon-yenidogan","16":"product_tag-tibial-girisim-egitim-modeli","17":"product_tag-yeni-dogan-bacak-modeli","18":"product_tag-yenidogan-io-egitimi","19":"product_tag-yenidogan-saglik-egitimi","21":"first","22":"instock","23":"shipping-taxable","24":"product-type-simple"},"yoast_head":"<!-- This site is optimized with the Yoast SEO plugin v25.2 - https:\/\/yoast.com\/wordpress\/plugins\/seo\/ -->\n<title>Yenido\u011fan \u0130ntraosse\u00f6z Enf\u00fczyon ve Enjeksiyon Bacak Becerisi E\u011fitmeni \u2013 S409 | Susie Simon\u00ae IO E\u011fitim Sim\u00fclat\u00f6r\u00fc - Merkim Maket<\/title>\n<meta name=\"description\" content=\"S409 modeli Yenido\u011fan \u0130ntraosse\u00f6z Enf\u00fczyon ve Enjeksiyon Bacak E\u011fitmeni, tibial kemik giri\u015fi, femoral enjeksiyon ve kas i\u00e7i uygulamalar i\u00e7in geli\u015ftirilmi\u015f profesyonel bir pediatrik sim\u00fclasyon cihaz\u0131d\u0131r.\" \/>\n<meta name=\"robots\" content=\"index, follow, max-snippet:-1, max-image-preview:large, max-video-preview:-1\" \/>\n<link rel=\"canonical\" href=\"https:\/\/merkim.com.tr\/merkim-maket\/urun\/yenidogan-intraosseoz-enfuzyon-ve-enjeksiyon-bacak-becerisi-egitmeni-s409-susie-simon-io-egitim-simulatoru\/\" \/>\n<meta property=\"og:locale\" content=\"tr_TR\" \/>\n<meta property=\"og:type\" content=\"article\" \/>\n<meta property=\"og:title\" content=\"Yenido\u011fan \u0130ntraosse\u00f6z Enf\u00fczyon ve Enjeksiyon Bacak Becerisi E\u011fitmeni \u2013 S409 | Susie Simon\u00ae IO E\u011fitim Sim\u00fclat\u00f6r\u00fc - Merkim Maket\" \/>\n<meta property=\"og:description\" content=\"S409 modeli Yenido\u011fan \u0130ntraosse\u00f6z Enf\u00fczyon ve Enjeksiyon Bacak E\u011fitmeni, tibial kemik giri\u015fi, femoral enjeksiyon ve kas i\u00e7i uygulamalar i\u00e7in geli\u015ftirilmi\u015f profesyonel bir pediatrik sim\u00fclasyon cihaz\u0131d\u0131r.\" \/>\n<meta property=\"og:url\" content=\"https:\/\/merkim.com.tr\/merkim-maket\/urun\/yenidogan-intraosseoz-enfuzyon-ve-enjeksiyon-bacak-becerisi-egitmeni-s409-susie-simon-io-egitim-simulatoru\/\" \/>\n<meta property=\"og:site_name\" content=\"Merkim Maket\" \/>\n<meta property=\"article:modified_time\" content=\"2025-07-06T10:10:53+00:00\" \/>\n<meta property=\"og:image\" content=\"https:\/\/merkim.com.tr\/merkim-maket\/wp-content\/uploads\/2025\/07\/yenidogan-intraosseoz-enjeksiyon-bacak-egitmeni-gaumard-s409.png\" \/>\n\t<meta property=\"og:image:width\" content=\"800\" \/>\n\t<meta property=\"og:image:height\" content=\"531\" \/>\n\t<meta property=\"og:image:type\" content=\"image\/png\" \/>\n<meta name=\"twitter:card\" content=\"summary_large_image\" \/>\n<meta name=\"twitter:label1\" content=\"Tahmini okuma s\u00fcresi\" \/>\n\t<meta name=\"twitter:data1\" content=\"2 dakika\" \/>\n<script type=\"application\/ld+json\" class=\"yoast-schema-graph\">{\"@context\":\"https:\/\/schema.org\",\"@graph\":[{\"@type\":\"WebPage\",\"@id\":\"https:\/\/merkim.com.tr\/merkim-maket\/urun\/yenidogan-intraosseoz-enfuzyon-ve-enjeksiyon-bacak-becerisi-egitmeni-s409-susie-simon-io-egitim-simulatoru\/\",\"url\":\"https:\/\/merkim.com.tr\/merkim-maket\/urun\/yenidogan-intraosseoz-enfuzyon-ve-enjeksiyon-bacak-becerisi-egitmeni-s409-susie-simon-io-egitim-simulatoru\/\",\"name\":\"Yenido\u011fan \u0130ntraosse\u00f6z Enf\u00fczyon ve Enjeksiyon Bacak Becerisi E\u011fitmeni \u2013 S409 | Susie Simon\u00ae IO E\u011fitim Sim\u00fclat\u00f6r\u00fc - Merkim Maket\",\"isPartOf\":{\"@id\":\"https:\/\/merkim.com.tr\/merkim-maket\/#website\"},\"primaryImageOfPage\":{\"@id\":\"https:\/\/merkim.com.tr\/merkim-maket\/urun\/yenidogan-intraosseoz-enfuzyon-ve-enjeksiyon-bacak-becerisi-egitmeni-s409-susie-simon-io-egitim-simulatoru\/#primaryimage\"},\"image\":{\"@id\":\"https:\/\/merkim.com.tr\/merkim-maket\/urun\/yenidogan-intraosseoz-enfuzyon-ve-enjeksiyon-bacak-becerisi-egitmeni-s409-susie-simon-io-egitim-simulatoru\/#primaryimage\"},\"thumbnailUrl\":\"https:\/\/merkim.com.tr\/merkim-maket\/wp-content\/uploads\/2025\/07\/yenidogan-intraosseoz-enjeksiyon-bacak-egitmeni-gaumard-s409.png\",\"datePublished\":\"2025-07-06T10:10:52+00:00\",\"dateModified\":\"2025-07-06T10:10:53+00:00\",\"description\":\"S409 modeli Yenido\u011fan \u0130ntraosse\u00f6z Enf\u00fczyon ve Enjeksiyon Bacak E\u011fitmeni, tibial kemik giri\u015fi, femoral enjeksiyon ve kas i\u00e7i uygulamalar i\u00e7in geli\u015ftirilmi\u015f profesyonel bir pediatrik sim\u00fclasyon cihaz\u0131d\u0131r.\",\"breadcrumb\":{\"@id\":\"https:\/\/merkim.com.tr\/merkim-maket\/urun\/yenidogan-intraosseoz-enfuzyon-ve-enjeksiyon-bacak-becerisi-egitmeni-s409-susie-simon-io-egitim-simulatoru\/#breadcrumb\"},\"inLanguage\":\"tr\",\"potentialAction\":[{\"@type\":\"ReadAction\",\"target\":[\"https:\/\/merkim.com.tr\/merkim-maket\/urun\/yenidogan-intraosseoz-enfuzyon-ve-enjeksiyon-bacak-becerisi-egitmeni-s409-susie-simon-io-egitim-simulatoru\/\"]}]},{\"@type\":\"ImageObject\",\"inLanguage\":\"tr\",\"@id\":\"https:\/\/merkim.com.tr\/merkim-maket\/urun\/yenidogan-intraosseoz-enfuzyon-ve-enjeksiyon-bacak-becerisi-egitmeni-s409-susie-simon-io-egitim-simulatoru\/#primaryimage\",\"url\":\"https:\/\/merkim.com.tr\/merkim-maket\/wp-content\/uploads\/2025\/07\/yenidogan-intraosseoz-enjeksiyon-bacak-egitmeni-gaumard-s409.png\",\"contentUrl\":\"https:\/\/merkim.com.tr\/merkim-maket\/wp-content\/uploads\/2025\/07\/yenidogan-intraosseoz-enjeksiyon-bacak-egitmeni-gaumard-s409.png\",\"width\":800,\"height\":531,\"caption\":\"Yeni do\u011fanlarda intraosse\u00f6z giri\u015fim ve enjeksiyon e\u011fitimine \u00f6zel ger\u00e7ek\u00e7i bacak modeli\"},{\"@type\":\"BreadcrumbList\",\"@id\":\"https:\/\/merkim.com.tr\/merkim-maket\/urun\/yenidogan-intraosseoz-enfuzyon-ve-enjeksiyon-bacak-becerisi-egitmeni-s409-susie-simon-io-egitim-simulatoru\/#breadcrumb\",\"itemListElement\":[{\"@type\":\"ListItem\",\"position\":1,\"name\":\"Anasayfa\",\"item\":\"https:\/\/merkim.com.tr\/merkim-maket\/\"},{\"@type\":\"ListItem\",\"position\":2,\"name\":\"Ma\u011faza\",\"item\":\"https:\/\/merkim.com.tr\/merkim-maket\/magaza\/\"},{\"@type\":\"ListItem\",\"position\":3,\"name\":\"Yenido\u011fan \u0130ntraosse\u00f6z Enf\u00fczyon ve Enjeksiyon Bacak Becerisi E\u011fitmeni \u2013 S409 | Susie Simon\u00ae IO E\u011fitim Sim\u00fclat\u00f6r\u00fc\"}]},{\"@type\":\"WebSite\",\"@id\":\"https:\/\/merkim.com.tr\/merkim-maket\/#website\",\"url\":\"https:\/\/merkim.com.tr\/merkim-maket\/\",\"name\":\"Merkim Maket\",\"description\":\"\",\"potentialAction\":[{\"@type\":\"SearchAction\",\"target\":{\"@type\":\"EntryPoint\",\"urlTemplate\":\"https:\/\/merkim.com.tr\/merkim-maket\/?s={search_term_string}\"},\"query-input\":{\"@type\":\"PropertyValueSpecification\",\"valueRequired\":true,\"valueName\":\"search_term_string\"}}],\"inLanguage\":\"tr\"}]}<\/script>\n<!-- \/ Yoast SEO plugin. -->","yoast_head_json":{"title":"Yenido\u011fan \u0130ntraosse\u00f6z Enf\u00fczyon ve Enjeksiyon Bacak Becerisi E\u011fitmeni \u2013 S409 | Susie Simon\u00ae IO E\u011fitim Sim\u00fclat\u00f6r\u00fc - Merkim Maket","description":"S409 modeli Yenido\u011fan \u0130ntraosse\u00f6z Enf\u00fczyon ve Enjeksiyon Bacak E\u011fitmeni, tibial kemik giri\u015fi, femoral enjeksiyon ve kas i\u00e7i uygulamalar i\u00e7in geli\u015ftirilmi\u015f profesyonel bir pediatrik sim\u00fclasyon cihaz\u0131d\u0131r.","robots":{"index":"index","follow":"follow","max-snippet":"max-snippet:-1","max-image-preview":"max-image-preview:large","max-video-preview":"max-video-preview:-1"},"canonical":"https:\/\/merkim.com.tr\/merkim-maket\/urun\/yenidogan-intraosseoz-enfuzyon-ve-enjeksiyon-bacak-becerisi-egitmeni-s409-susie-simon-io-egitim-simulatoru\/","og_locale":"tr_TR","og_type":"article","og_title":"Yenido\u011fan \u0130ntraosse\u00f6z Enf\u00fczyon ve Enjeksiyon Bacak Becerisi E\u011fitmeni \u2013 S409 | Susie Simon\u00ae IO E\u011fitim Sim\u00fclat\u00f6r\u00fc - Merkim Maket","og_description":"S409 modeli Yenido\u011fan \u0130ntraosse\u00f6z Enf\u00fczyon ve Enjeksiyon Bacak E\u011fitmeni, tibial kemik giri\u015fi, femoral enjeksiyon ve kas i\u00e7i uygulamalar i\u00e7in geli\u015ftirilmi\u015f profesyonel bir pediatrik sim\u00fclasyon cihaz\u0131d\u0131r.","og_url":"https:\/\/merkim.com.tr\/merkim-maket\/urun\/yenidogan-intraosseoz-enfuzyon-ve-enjeksiyon-bacak-becerisi-egitmeni-s409-susie-simon-io-egitim-simulatoru\/","og_site_name":"Merkim Maket","article_modified_time":"2025-07-06T10:10:53+00:00","og_image":[{"width":800,"height":531,"url":"https:\/\/merkim.com.tr\/merkim-maket\/wp-content\/uploads\/2025\/07\/yenidogan-intraosseoz-enjeksiyon-bacak-egitmeni-gaumard-s409.png","type":"image\/png"}],"twitter_card":"summary_large_image","twitter_misc":{"Tahmini okuma s\u00fcresi":"2 dakika"},"schema":{"@context":"https:\/\/schema.org","@graph":[{"@type":"WebPage","@id":"https:\/\/merkim.com.tr\/merkim-maket\/urun\/yenidogan-intraosseoz-enfuzyon-ve-enjeksiyon-bacak-becerisi-egitmeni-s409-susie-simon-io-egitim-simulatoru\/","url":"https:\/\/merkim.com.tr\/merkim-maket\/urun\/yenidogan-intraosseoz-enfuzyon-ve-enjeksiyon-bacak-becerisi-egitmeni-s409-susie-simon-io-egitim-simulatoru\/","name":"Yenido\u011fan \u0130ntraosse\u00f6z Enf\u00fczyon ve Enjeksiyon Bacak Becerisi E\u011fitmeni \u2013 S409 | Susie Simon\u00ae IO E\u011fitim Sim\u00fclat\u00f6r\u00fc - Merkim Maket","isPartOf":{"@id":"https:\/\/merkim.com.tr\/merkim-maket\/#website"},"primaryImageOfPage":{"@id":"https:\/\/merkim.com.tr\/merkim-maket\/urun\/yenidogan-intraosseoz-enfuzyon-ve-enjeksiyon-bacak-becerisi-egitmeni-s409-susie-simon-io-egitim-simulatoru\/#primaryimage"},"image":{"@id":"https:\/\/merkim.com.tr\/merkim-maket\/urun\/yenidogan-intraosseoz-enfuzyon-ve-enjeksiyon-bacak-becerisi-egitmeni-s409-susie-simon-io-egitim-simulatoru\/#primaryimage"},"thumbnailUrl":"https:\/\/merkim.com.tr\/merkim-maket\/wp-content\/uploads\/2025\/07\/yenidogan-intraosseoz-enjeksiyon-bacak-egitmeni-gaumard-s409.png","datePublished":"2025-07-06T10:10:52+00:00","dateModified":"2025-07-06T10:10:53+00:00","description":"S409 modeli Yenido\u011fan \u0130ntraosse\u00f6z Enf\u00fczyon ve Enjeksiyon Bacak E\u011fitmeni, tibial kemik giri\u015fi, femoral enjeksiyon ve kas i\u00e7i uygulamalar i\u00e7in geli\u015ftirilmi\u015f profesyonel bir pediatrik sim\u00fclasyon cihaz\u0131d\u0131r.","breadcrumb":{"@id":"https:\/\/merkim.com.tr\/merkim-maket\/urun\/yenidogan-intraosseoz-enfuzyon-ve-enjeksiyon-bacak-becerisi-egitmeni-s409-susie-simon-io-egitim-simulatoru\/#breadcrumb"},"inLanguage":"tr","potentialAction":[{"@type":"ReadAction","target":["https:\/\/merkim.com.tr\/merkim-maket\/urun\/yenidogan-intraosseoz-enfuzyon-ve-enjeksiyon-bacak-becerisi-egitmeni-s409-susie-simon-io-egitim-simulatoru\/"]}]},{"@type":"ImageObject","inLanguage":"tr","@id":"https:\/\/merkim.com.tr\/merkim-maket\/urun\/yenidogan-intraosseoz-enfuzyon-ve-enjeksiyon-bacak-becerisi-egitmeni-s409-susie-simon-io-egitim-simulatoru\/#primaryimage","url":"https:\/\/merkim.com.tr\/merkim-maket\/wp-content\/uploads\/2025\/07\/yenidogan-intraosseoz-enjeksiyon-bacak-egitmeni-gaumard-s409.png","contentUrl":"https:\/\/merkim.com.tr\/merkim-maket\/wp-content\/uploads\/2025\/07\/yenidogan-intraosseoz-enjeksiyon-bacak-egitmeni-gaumard-s409.png","width":800,"height":531,"caption":"Yeni do\u011fanlarda intraosse\u00f6z giri\u015fim ve enjeksiyon e\u011fitimine \u00f6zel ger\u00e7ek\u00e7i bacak modeli"},{"@type":"BreadcrumbList","@id":"https:\/\/merkim.com.tr\/merkim-maket\/urun\/yenidogan-intraosseoz-enfuzyon-ve-enjeksiyon-bacak-becerisi-egitmeni-s409-susie-simon-io-egitim-simulatoru\/#breadcrumb","itemListElement":[{"@type":"ListItem","position":1,"name":"Anasayfa","item":"https:\/\/merkim.com.tr\/merkim-maket\/"},{"@type":"ListItem","position":2,"name":"Ma\u011faza","item":"https:\/\/merkim.com.tr\/merkim-maket\/magaza\/"},{"@type":"ListItem","position":3,"name":"Yenido\u011fan \u0130ntraosse\u00f6z Enf\u00fczyon ve Enjeksiyon Bacak Becerisi E\u011fitmeni \u2013 S409 | Susie Simon\u00ae IO E\u011fitim Sim\u00fclat\u00f6r\u00fc"}]},{"@type":"WebSite","@id":"https:\/\/merkim.com.tr\/merkim-maket\/#website","url":"https:\/\/merkim.com.tr\/merkim-maket\/","name":"Merkim Maket","description":"","potentialAction":[{"@type":"SearchAction","target":{"@type":"EntryPoint","urlTemplate":"https:\/\/merkim.com.tr\/merkim-maket\/?s={search_term_string}"},"query-input":{"@type":"PropertyValueSpecification","valueRequired":true,"valueName":"search_term_string"}}],"inLanguage":"tr"}]}},"_links":{"self":[{"href":"https:\/\/merkim.com.tr\/merkim-maket\/wp-json\/wp\/v2\/product\/495","targetHints":{"allow":["GET"]}}],"collection":[{"href":"https:\/\/merkim.com.tr\/merkim-maket\/wp-json\/wp\/v2\/product"}],"about":[{"href":"https:\/\/merkim.com.tr\/merkim-maket\/wp-json\/wp\/v2\/types\/product"}],"replies":[{"embeddable":true,"href":"https:\/\/merkim.com.tr\/merkim-maket\/wp-json\/wp\/v2\/comments?post=495"}],"wp:featuredmedia":[{"embeddable":true,"href":"https:\/\/merkim.com.tr\/merkim-maket\/wp-json\/wp\/v2\/media\/497"}],"wp:attachment":[{"href":"https:\/\/merkim.com.tr\/merkim-maket\/wp-json\/wp\/v2\/media?parent=495"}],"wp:term":[{"taxonomy":"product_brand","embeddable":true,"href":"https:\/\/merkim.com.tr\/merkim-maket\/wp-json\/wp\/v2\/product_brand?post=495"},{"taxonomy":"product_cat","embeddable":true,"href":"https:\/\/merkim.com.tr\/merkim-maket\/wp-json\/wp\/v2\/product_cat?post=495"},{"taxonomy":"product_tag","embeddable":true,"href":"https:\/\/merkim.com.tr\/merkim-maket\/wp-json\/wp\/v2\/product_tag?post=495"}],"curies":[{"name":"wp","href":"https:\/\/api.w.org\/{rel}","templated":true}]}}