{"id":489,"date":"2025-07-06T09:41:37","date_gmt":"2025-07-06T09:41:37","guid":{"rendered":"https:\/\/merkim.com.tr\/merkim-maket\/?post_type=product&#038;p=489"},"modified":"2025-07-06T09:41:38","modified_gmt":"2025-07-06T09:41:38","slug":"1-yas-bebek-io-infizyon-ve-enjeksiyon-egitim-bacagi-s407-intraosseoz-girisim-ve-kas-ici-uygulama-simulatoru","status":"publish","type":"product","link":"https:\/\/merkim.com.tr\/merkim-maket\/urun\/1-yas-bebek-io-infizyon-ve-enjeksiyon-egitim-bacagi-s407-intraosseoz-girisim-ve-kas-ici-uygulama-simulatoru\/","title":{"rendered":"1 Ya\u015f Bebek IO \u0130nfizyon ve Enjeksiyon E\u011fitim Baca\u011f\u0131 \u2013 S407 | \u0130ntraosse\u00f6z Giri\u015fim ve Kas \u0130\u00e7i Uygulama Sim\u00fclat\u00f6r\u00fc"},"content":{"rendered":"<p data-start=\"378\" data-end=\"612\"><strong data-start=\"378\" data-end=\"396\">S407.PK Modeli<\/strong> 1 Ya\u015f Bebek IO \u0130nfizyon ve Enjeksiyon E\u011fitim Baca\u011f\u0131, pediatrik hasta sim\u00fclasyonlar\u0131nda intraosse\u00f6z (IO) giri\u015fim becerilerini geli\u015ftirmek i\u00e7in \u00f6zel olarak geli\u015ftirilmi\u015f, ger\u00e7ek\u00e7i ve profesyonel bir e\u011fitim arac\u0131d\u0131r.<\/p>\n<p data-start=\"614\" data-end=\"971\">MIKE\u00ae ve MICHELLE\u00ae pediatrik modelleriyle uyumlu olan bu \u00fcr\u00fcn, <strong data-start=\"677\" data-end=\"705\">tibia kemi\u011fi i\u00e7ine giri\u015f<\/strong>, <strong data-start=\"707\" data-end=\"733\">kan d\u00f6n\u00fc\u015f\u00fc sim\u00fclasyonu<\/strong>, <strong data-start=\"735\" data-end=\"757\">kas i\u00e7i enjeksiyon<\/strong> ve <strong data-start=\"761\" data-end=\"788\">femoral damar anatomisi<\/strong> gibi ileri d\u00fczey e\u011fitim \u00f6zelliklerine sahiptir. E\u011fitim s\u00fcrecinde tekrar tekrar kullan\u0131labilir, de\u011fi\u015ftirilebilir par\u00e7alar\u0131 sayesinde hijyenik, s\u00fcrd\u00fcr\u00fclebilir ve ekonomik bir \u00e7\u00f6z\u00fcmd\u00fcr.<\/p>\n<h4 data-start=\"973\" data-end=\"1000\"><strong data-start=\"978\" data-end=\"1000\">Teknik \u00d6zellikler:<\/strong><\/h4>\n<ul data-start=\"1002\" data-end=\"1931\">\n<li data-start=\"1002\" data-end=\"1119\">\n<p data-start=\"1004\" data-end=\"1119\">\ud83d\udc76 <strong data-start=\"1007\" data-end=\"1052\">1 ya\u015f pediatrik anatomisine uygun tasar\u0131m<\/strong>: Alt g\u00f6vdeye ba\u011fl\u0131 bir bebek baca\u011f\u0131 \u00fczerinde do\u011fal anatomik yap\u0131<\/p>\n<\/li>\n<li data-start=\"1120\" data-end=\"1247\">\n<p data-start=\"1122\" data-end=\"1247\">\ud83e\uddb4 <strong data-start=\"1125\" data-end=\"1153\">\u0130ntraosse\u00f6z (IO) giri\u015fim<\/strong>: Tibia kemi\u011fine ger\u00e7ek\u00e7i &#8220;pop&#8221; hissi ile i\u011fne girerken kemik korteksine giri\u015f duyusu sa\u011flar<\/p>\n<\/li>\n<li data-start=\"1248\" data-end=\"1352\">\n<p data-start=\"1250\" data-end=\"1352\">\ud83d\udc89 <strong data-start=\"1253\" data-end=\"1286\">Kas i\u00e7i (IM) enjeksiyon alan\u0131<\/strong>: Uygun anatomik b\u00f6lgede kas enjeksiyon uygulamalar\u0131 yap\u0131labilir<\/p>\n<\/li>\n<li data-start=\"1353\" data-end=\"1436\">\n<p data-start=\"1355\" data-end=\"1436\">\ud83e\ude78 <strong data-start=\"1358\" data-end=\"1385\">Femoral arter\/ven \u00e7ifti<\/strong>: Ger\u00e7ek\u00e7i vask\u00fcler yap\u0131 ile giri\u015fimsel e\u011fitimler<\/p>\n<\/li>\n<li data-start=\"1437\" data-end=\"1545\">\n<p data-start=\"1439\" data-end=\"1545\">\ud83d\udca7 <strong data-start=\"1442\" data-end=\"1479\">Kan geri d\u00f6n\u00fc\u015f\u00fc ve s\u0131v\u0131 inf\u00fczyonu<\/strong>: Ba\u015far\u0131l\u0131 IO giri\u015fimlerde kan sim\u00fclasyonu ve s\u0131v\u0131 ge\u00e7i\u015fi sa\u011flar<\/p>\n<\/li>\n<li data-start=\"1546\" data-end=\"1664\">\n<p data-start=\"1548\" data-end=\"1664\">\ud83d\udd01 <strong data-start=\"1551\" data-end=\"1592\">16 adet de\u011fi\u015ftirilebilir tibia kemi\u011fi<\/strong>: Farkl\u0131 kullan\u0131c\u0131lar i\u00e7in tekrarl\u0131 uygulamalarda uzun \u00f6m\u00fcrl\u00fc kullan\u0131m<\/p>\n<\/li>\n<li data-start=\"1665\" data-end=\"1786\">\n<p data-start=\"1667\" data-end=\"1786\">\u267b\ufe0f <strong data-start=\"1670\" data-end=\"1713\">De\u011fi\u015ftirilebilir cilt ve damar yap\u0131lar\u0131<\/strong>: \u00c7oklu i\u011fne giri\u015fi i\u00e7in uygun, pratik ve kolay de\u011fi\u015ftirilebilir sistem<\/p>\n<\/li>\n<li data-start=\"1787\" data-end=\"1860\">\n<p data-start=\"1789\" data-end=\"1860\">\u2705 <strong data-start=\"1791\" data-end=\"1809\">Lateks i\u00e7ermez<\/strong>: Alerjen riski ta\u015f\u0131madan g\u00fcvenli kullan\u0131m sa\u011flar<\/p>\n<\/li>\n<li data-start=\"1861\" data-end=\"1931\">\n<p data-start=\"1863\" data-end=\"1931\">\u2699\ufe0f <strong data-start=\"1866\" data-end=\"1908\">\u015eeffaf Lucite\u00ae tabana monte edilmi\u015ftir<\/strong>: Stabil ve \u015f\u0131k sunum<\/p>\n<\/li>\n<\/ul>\n<h4 data-start=\"1933\" data-end=\"1956\"><strong data-start=\"1938\" data-end=\"1956\">Paket \u0130\u00e7eri\u011fi:<\/strong><\/h4>\n<ul data-start=\"1958\" data-end=\"2199\">\n<li data-start=\"1958\" data-end=\"1991\">\n<p data-start=\"1960\" data-end=\"1991\">1 Ya\u015f IO E\u011fitim Baca\u011f\u0131 (S407)<\/p>\n<\/li>\n<li data-start=\"1992\" data-end=\"2009\">\n<p data-start=\"1994\" data-end=\"2009\">Lucite\u00ae taban<\/p>\n<\/li>\n<li data-start=\"2010\" data-end=\"2041\">\n<p data-start=\"2012\" data-end=\"2041\">Kan torbas\u0131 ve ayakl\u0131 stand<\/p>\n<\/li>\n<li data-start=\"2042\" data-end=\"2070\">\n<p data-start=\"2044\" data-end=\"2070\">Sentetik kan konsantresi<\/p>\n<\/li>\n<li data-start=\"2071\" data-end=\"2087\">\n<p data-start=\"2073\" data-end=\"2087\">S\u0131kma balonu<\/p>\n<\/li>\n<li data-start=\"2088\" data-end=\"2116\">\n<p data-start=\"2090\" data-end=\"2116\">Yedek cilt ve damar seti<\/p>\n<\/li>\n<li data-start=\"2117\" data-end=\"2158\">\n<p data-start=\"2119\" data-end=\"2158\">16 adet de\u011fi\u015ftirilebilir tibia kemi\u011fi<\/p>\n<\/li>\n<li data-start=\"2159\" data-end=\"2177\">\n<p data-start=\"2161\" data-end=\"2177\">Ta\u015f\u0131ma \u00e7antas\u0131<\/p>\n<\/li>\n<li data-start=\"2178\" data-end=\"2199\">\n<p data-start=\"2180\" data-end=\"2199\">Kullan\u0131m k\u0131lavuzu<\/p>\n<\/li>\n<\/ul>\n<p data-start=\"2201\" data-end=\"2433\"><strong data-start=\"2201\" data-end=\"2224\">IO uygulama e\u011fitimi<\/strong>, \u00f6zellikle acil t\u0131p, pediatri ve hem\u015firelik \u00f6\u011frencileri i\u00e7in kritik becerilerden biridir. S407 modeli, pediatrik IO tekniklerini etik ve risksiz bir ortamda \u00f6\u011frenmek isteyen her kurum i\u00e7in ideal bir se\u00e7imdir.<\/p>\n","protected":false},"excerpt":{"rendered":"<p>1 ya\u015f pediatrik anatomiye uygun geli\u015ftirilen bu e\u011fitim baca\u011f\u0131, IO inf\u00fczyon, IM enjeksiyon ve femoral damar giri\u015fimi e\u011fitimleri i\u00e7in profesyonel ve ger\u00e7ek\u00e7i bir sim\u00fclasyon \u00e7\u00f6z\u00fcm\u00fcd\u00fcr.<\/p>\n","protected":false},"featured_media":490,"comment_status":"open","ping_status":"closed","template":"","meta":[],"product_brand":[948],"product_cat":[15,947,1205],"product_tag":[1310,1308,1315,1313,1312,1307,616,1309,1314,1311],"class_list":{"0":"post-489","1":"product","2":"type-product","3":"status-publish","4":"has-post-thumbnail","6":"product_brand-gaumard-scientific","7":"product_cat-genel","8":"product_cat-gaumard-scientific","9":"product_cat-gaumard-skill-trainer","10":"product_tag-1-yas-cocuk-bacak-simulasyonu","11":"product_tag-bebek-io-simulatoru","12":"product_tag-bebek-klinik-beceri-egitimi","13":"product_tag-femoral-damar-egitimi","14":"product_tag-gaumard-s407","15":"product_tag-intraosseoz-egitim-bacagi","16":"product_tag-io-infuzyon-egitimi","17":"product_tag-pediatrik-girisim-egitimi","18":"product_tag-pediatrik-im-enjeksiyon-egitimi","19":"product_tag-tibia-ici-sivi-uygulama","21":"first","22":"instock","23":"shipping-taxable","24":"product-type-simple"},"yoast_head":"<!-- This site is optimized with the Yoast SEO plugin v25.2 - https:\/\/yoast.com\/wordpress\/plugins\/seo\/ -->\n<title>1 Ya\u015f Bebek IO \u0130nfizyon ve Enjeksiyon E\u011fitim Baca\u011f\u0131 \u2013 S407 | \u0130ntraosse\u00f6z Giri\u015fim ve Kas \u0130\u00e7i Uygulama Sim\u00fclat\u00f6r\u00fc - Merkim Maket<\/title>\n<meta name=\"description\" content=\"S407 modeli 1 ya\u015f pediatrik IO e\u011fitim baca\u011f\u0131, tibial intraosse\u00f6z giri\u015fim, IM enjeksiyon ve femoral damar e\u011fitimleri i\u00e7in ger\u00e7ek\u00e7i yap\u0131, kan d\u00f6n\u00fc\u015f\u00fc ve de\u011fi\u015ftirilebilir kemik sistemiyle donat\u0131lm\u0131\u015f profesyonel bir sim\u00fclat\u00f6rd\u00fcr.\" \/>\n<meta name=\"robots\" content=\"index, follow, max-snippet:-1, max-image-preview:large, max-video-preview:-1\" \/>\n<link rel=\"canonical\" href=\"https:\/\/merkim.com.tr\/merkim-maket\/urun\/1-yas-bebek-io-infizyon-ve-enjeksiyon-egitim-bacagi-s407-intraosseoz-girisim-ve-kas-ici-uygulama-simulatoru\/\" \/>\n<meta property=\"og:locale\" content=\"tr_TR\" \/>\n<meta property=\"og:type\" content=\"article\" \/>\n<meta property=\"og:title\" content=\"1 Ya\u015f Bebek IO \u0130nfizyon ve Enjeksiyon E\u011fitim Baca\u011f\u0131 \u2013 S407 | \u0130ntraosse\u00f6z Giri\u015fim ve Kas \u0130\u00e7i Uygulama Sim\u00fclat\u00f6r\u00fc - Merkim Maket\" \/>\n<meta property=\"og:description\" content=\"S407 modeli 1 ya\u015f pediatrik IO e\u011fitim baca\u011f\u0131, tibial intraosse\u00f6z giri\u015fim, IM enjeksiyon ve femoral damar e\u011fitimleri i\u00e7in ger\u00e7ek\u00e7i yap\u0131, kan d\u00f6n\u00fc\u015f\u00fc ve de\u011fi\u015ftirilebilir kemik sistemiyle donat\u0131lm\u0131\u015f profesyonel bir sim\u00fclat\u00f6rd\u00fcr.\" \/>\n<meta property=\"og:url\" content=\"https:\/\/merkim.com.tr\/merkim-maket\/urun\/1-yas-bebek-io-infizyon-ve-enjeksiyon-egitim-bacagi-s407-intraosseoz-girisim-ve-kas-ici-uygulama-simulatoru\/\" \/>\n<meta property=\"og:site_name\" content=\"Merkim Maket\" \/>\n<meta property=\"article:modified_time\" content=\"2025-07-06T09:41:38+00:00\" \/>\n<meta property=\"og:image\" content=\"https:\/\/merkim.com.tr\/merkim-maket\/wp-content\/uploads\/2025\/07\/1-yas-bebek-io-enjeksiyon-egitim-bacagi-gaumard.png\" \/>\n\t<meta property=\"og:image:width\" content=\"800\" \/>\n\t<meta property=\"og:image:height\" content=\"531\" \/>\n\t<meta property=\"og:image:type\" content=\"image\/png\" \/>\n<meta name=\"twitter:card\" content=\"summary_large_image\" \/>\n<meta name=\"twitter:label1\" content=\"Tahmini okuma s\u00fcresi\" \/>\n\t<meta name=\"twitter:data1\" content=\"2 dakika\" \/>\n<script type=\"application\/ld+json\" class=\"yoast-schema-graph\">{\"@context\":\"https:\/\/schema.org\",\"@graph\":[{\"@type\":\"WebPage\",\"@id\":\"https:\/\/merkim.com.tr\/merkim-maket\/urun\/1-yas-bebek-io-infizyon-ve-enjeksiyon-egitim-bacagi-s407-intraosseoz-girisim-ve-kas-ici-uygulama-simulatoru\/\",\"url\":\"https:\/\/merkim.com.tr\/merkim-maket\/urun\/1-yas-bebek-io-infizyon-ve-enjeksiyon-egitim-bacagi-s407-intraosseoz-girisim-ve-kas-ici-uygulama-simulatoru\/\",\"name\":\"1 Ya\u015f Bebek IO \u0130nfizyon ve Enjeksiyon E\u011fitim Baca\u011f\u0131 \u2013 S407 | \u0130ntraosse\u00f6z Giri\u015fim ve Kas \u0130\u00e7i Uygulama Sim\u00fclat\u00f6r\u00fc - Merkim Maket\",\"isPartOf\":{\"@id\":\"https:\/\/merkim.com.tr\/merkim-maket\/#website\"},\"primaryImageOfPage\":{\"@id\":\"https:\/\/merkim.com.tr\/merkim-maket\/urun\/1-yas-bebek-io-infizyon-ve-enjeksiyon-egitim-bacagi-s407-intraosseoz-girisim-ve-kas-ici-uygulama-simulatoru\/#primaryimage\"},\"image\":{\"@id\":\"https:\/\/merkim.com.tr\/merkim-maket\/urun\/1-yas-bebek-io-infizyon-ve-enjeksiyon-egitim-bacagi-s407-intraosseoz-girisim-ve-kas-ici-uygulama-simulatoru\/#primaryimage\"},\"thumbnailUrl\":\"https:\/\/merkim.com.tr\/merkim-maket\/wp-content\/uploads\/2025\/07\/1-yas-bebek-io-enjeksiyon-egitim-bacagi-gaumard.png\",\"datePublished\":\"2025-07-06T09:41:37+00:00\",\"dateModified\":\"2025-07-06T09:41:38+00:00\",\"description\":\"S407 modeli 1 ya\u015f pediatrik IO e\u011fitim baca\u011f\u0131, tibial intraosse\u00f6z giri\u015fim, IM enjeksiyon ve femoral damar e\u011fitimleri i\u00e7in ger\u00e7ek\u00e7i yap\u0131, kan d\u00f6n\u00fc\u015f\u00fc ve de\u011fi\u015ftirilebilir kemik sistemiyle donat\u0131lm\u0131\u015f profesyonel bir sim\u00fclat\u00f6rd\u00fcr.\",\"breadcrumb\":{\"@id\":\"https:\/\/merkim.com.tr\/merkim-maket\/urun\/1-yas-bebek-io-infizyon-ve-enjeksiyon-egitim-bacagi-s407-intraosseoz-girisim-ve-kas-ici-uygulama-simulatoru\/#breadcrumb\"},\"inLanguage\":\"tr\",\"potentialAction\":[{\"@type\":\"ReadAction\",\"target\":[\"https:\/\/merkim.com.tr\/merkim-maket\/urun\/1-yas-bebek-io-infizyon-ve-enjeksiyon-egitim-bacagi-s407-intraosseoz-girisim-ve-kas-ici-uygulama-simulatoru\/\"]}]},{\"@type\":\"ImageObject\",\"inLanguage\":\"tr\",\"@id\":\"https:\/\/merkim.com.tr\/merkim-maket\/urun\/1-yas-bebek-io-infizyon-ve-enjeksiyon-egitim-bacagi-s407-intraosseoz-girisim-ve-kas-ici-uygulama-simulatoru\/#primaryimage\",\"url\":\"https:\/\/merkim.com.tr\/merkim-maket\/wp-content\/uploads\/2025\/07\/1-yas-bebek-io-enjeksiyon-egitim-bacagi-gaumard.png\",\"contentUrl\":\"https:\/\/merkim.com.tr\/merkim-maket\/wp-content\/uploads\/2025\/07\/1-yas-bebek-io-enjeksiyon-egitim-bacagi-gaumard.png\",\"width\":800,\"height\":531,\"caption\":\"1 ya\u015f pediatrik hastalarda IO ve IM giri\u015fim e\u011fitimi i\u00e7in sim\u00fclat\u00f6r\"},{\"@type\":\"BreadcrumbList\",\"@id\":\"https:\/\/merkim.com.tr\/merkim-maket\/urun\/1-yas-bebek-io-infizyon-ve-enjeksiyon-egitim-bacagi-s407-intraosseoz-girisim-ve-kas-ici-uygulama-simulatoru\/#breadcrumb\",\"itemListElement\":[{\"@type\":\"ListItem\",\"position\":1,\"name\":\"Anasayfa\",\"item\":\"https:\/\/merkim.com.tr\/merkim-maket\/\"},{\"@type\":\"ListItem\",\"position\":2,\"name\":\"Ma\u011faza\",\"item\":\"https:\/\/merkim.com.tr\/merkim-maket\/magaza\/\"},{\"@type\":\"ListItem\",\"position\":3,\"name\":\"1 Ya\u015f Bebek IO \u0130nfizyon ve Enjeksiyon E\u011fitim Baca\u011f\u0131 \u2013 S407 | \u0130ntraosse\u00f6z Giri\u015fim ve Kas \u0130\u00e7i Uygulama Sim\u00fclat\u00f6r\u00fc\"}]},{\"@type\":\"WebSite\",\"@id\":\"https:\/\/merkim.com.tr\/merkim-maket\/#website\",\"url\":\"https:\/\/merkim.com.tr\/merkim-maket\/\",\"name\":\"Merkim Maket\",\"description\":\"\",\"potentialAction\":[{\"@type\":\"SearchAction\",\"target\":{\"@type\":\"EntryPoint\",\"urlTemplate\":\"https:\/\/merkim.com.tr\/merkim-maket\/?s={search_term_string}\"},\"query-input\":{\"@type\":\"PropertyValueSpecification\",\"valueRequired\":true,\"valueName\":\"search_term_string\"}}],\"inLanguage\":\"tr\"}]}<\/script>\n<!-- \/ Yoast SEO plugin. -->","yoast_head_json":{"title":"1 Ya\u015f Bebek IO \u0130nfizyon ve Enjeksiyon E\u011fitim Baca\u011f\u0131 \u2013 S407 | \u0130ntraosse\u00f6z Giri\u015fim ve Kas \u0130\u00e7i Uygulama Sim\u00fclat\u00f6r\u00fc - Merkim Maket","description":"S407 modeli 1 ya\u015f pediatrik IO e\u011fitim baca\u011f\u0131, tibial intraosse\u00f6z giri\u015fim, IM enjeksiyon ve femoral damar e\u011fitimleri i\u00e7in ger\u00e7ek\u00e7i yap\u0131, kan d\u00f6n\u00fc\u015f\u00fc ve de\u011fi\u015ftirilebilir kemik sistemiyle donat\u0131lm\u0131\u015f profesyonel bir sim\u00fclat\u00f6rd\u00fcr.","robots":{"index":"index","follow":"follow","max-snippet":"max-snippet:-1","max-image-preview":"max-image-preview:large","max-video-preview":"max-video-preview:-1"},"canonical":"https:\/\/merkim.com.tr\/merkim-maket\/urun\/1-yas-bebek-io-infizyon-ve-enjeksiyon-egitim-bacagi-s407-intraosseoz-girisim-ve-kas-ici-uygulama-simulatoru\/","og_locale":"tr_TR","og_type":"article","og_title":"1 Ya\u015f Bebek IO \u0130nfizyon ve Enjeksiyon E\u011fitim Baca\u011f\u0131 \u2013 S407 | \u0130ntraosse\u00f6z Giri\u015fim ve Kas \u0130\u00e7i Uygulama Sim\u00fclat\u00f6r\u00fc - Merkim Maket","og_description":"S407 modeli 1 ya\u015f pediatrik IO e\u011fitim baca\u011f\u0131, tibial intraosse\u00f6z giri\u015fim, IM enjeksiyon ve femoral damar e\u011fitimleri i\u00e7in ger\u00e7ek\u00e7i yap\u0131, kan d\u00f6n\u00fc\u015f\u00fc ve de\u011fi\u015ftirilebilir kemik sistemiyle donat\u0131lm\u0131\u015f profesyonel bir sim\u00fclat\u00f6rd\u00fcr.","og_url":"https:\/\/merkim.com.tr\/merkim-maket\/urun\/1-yas-bebek-io-infizyon-ve-enjeksiyon-egitim-bacagi-s407-intraosseoz-girisim-ve-kas-ici-uygulama-simulatoru\/","og_site_name":"Merkim Maket","article_modified_time":"2025-07-06T09:41:38+00:00","og_image":[{"width":800,"height":531,"url":"https:\/\/merkim.com.tr\/merkim-maket\/wp-content\/uploads\/2025\/07\/1-yas-bebek-io-enjeksiyon-egitim-bacagi-gaumard.png","type":"image\/png"}],"twitter_card":"summary_large_image","twitter_misc":{"Tahmini okuma s\u00fcresi":"2 dakika"},"schema":{"@context":"https:\/\/schema.org","@graph":[{"@type":"WebPage","@id":"https:\/\/merkim.com.tr\/merkim-maket\/urun\/1-yas-bebek-io-infizyon-ve-enjeksiyon-egitim-bacagi-s407-intraosseoz-girisim-ve-kas-ici-uygulama-simulatoru\/","url":"https:\/\/merkim.com.tr\/merkim-maket\/urun\/1-yas-bebek-io-infizyon-ve-enjeksiyon-egitim-bacagi-s407-intraosseoz-girisim-ve-kas-ici-uygulama-simulatoru\/","name":"1 Ya\u015f Bebek IO \u0130nfizyon ve Enjeksiyon E\u011fitim Baca\u011f\u0131 \u2013 S407 | \u0130ntraosse\u00f6z Giri\u015fim ve Kas \u0130\u00e7i Uygulama Sim\u00fclat\u00f6r\u00fc - Merkim Maket","isPartOf":{"@id":"https:\/\/merkim.com.tr\/merkim-maket\/#website"},"primaryImageOfPage":{"@id":"https:\/\/merkim.com.tr\/merkim-maket\/urun\/1-yas-bebek-io-infizyon-ve-enjeksiyon-egitim-bacagi-s407-intraosseoz-girisim-ve-kas-ici-uygulama-simulatoru\/#primaryimage"},"image":{"@id":"https:\/\/merkim.com.tr\/merkim-maket\/urun\/1-yas-bebek-io-infizyon-ve-enjeksiyon-egitim-bacagi-s407-intraosseoz-girisim-ve-kas-ici-uygulama-simulatoru\/#primaryimage"},"thumbnailUrl":"https:\/\/merkim.com.tr\/merkim-maket\/wp-content\/uploads\/2025\/07\/1-yas-bebek-io-enjeksiyon-egitim-bacagi-gaumard.png","datePublished":"2025-07-06T09:41:37+00:00","dateModified":"2025-07-06T09:41:38+00:00","description":"S407 modeli 1 ya\u015f pediatrik IO e\u011fitim baca\u011f\u0131, tibial intraosse\u00f6z giri\u015fim, IM enjeksiyon ve femoral damar e\u011fitimleri i\u00e7in ger\u00e7ek\u00e7i yap\u0131, kan d\u00f6n\u00fc\u015f\u00fc ve de\u011fi\u015ftirilebilir kemik sistemiyle donat\u0131lm\u0131\u015f profesyonel bir sim\u00fclat\u00f6rd\u00fcr.","breadcrumb":{"@id":"https:\/\/merkim.com.tr\/merkim-maket\/urun\/1-yas-bebek-io-infizyon-ve-enjeksiyon-egitim-bacagi-s407-intraosseoz-girisim-ve-kas-ici-uygulama-simulatoru\/#breadcrumb"},"inLanguage":"tr","potentialAction":[{"@type":"ReadAction","target":["https:\/\/merkim.com.tr\/merkim-maket\/urun\/1-yas-bebek-io-infizyon-ve-enjeksiyon-egitim-bacagi-s407-intraosseoz-girisim-ve-kas-ici-uygulama-simulatoru\/"]}]},{"@type":"ImageObject","inLanguage":"tr","@id":"https:\/\/merkim.com.tr\/merkim-maket\/urun\/1-yas-bebek-io-infizyon-ve-enjeksiyon-egitim-bacagi-s407-intraosseoz-girisim-ve-kas-ici-uygulama-simulatoru\/#primaryimage","url":"https:\/\/merkim.com.tr\/merkim-maket\/wp-content\/uploads\/2025\/07\/1-yas-bebek-io-enjeksiyon-egitim-bacagi-gaumard.png","contentUrl":"https:\/\/merkim.com.tr\/merkim-maket\/wp-content\/uploads\/2025\/07\/1-yas-bebek-io-enjeksiyon-egitim-bacagi-gaumard.png","width":800,"height":531,"caption":"1 ya\u015f pediatrik hastalarda IO ve IM giri\u015fim e\u011fitimi i\u00e7in sim\u00fclat\u00f6r"},{"@type":"BreadcrumbList","@id":"https:\/\/merkim.com.tr\/merkim-maket\/urun\/1-yas-bebek-io-infizyon-ve-enjeksiyon-egitim-bacagi-s407-intraosseoz-girisim-ve-kas-ici-uygulama-simulatoru\/#breadcrumb","itemListElement":[{"@type":"ListItem","position":1,"name":"Anasayfa","item":"https:\/\/merkim.com.tr\/merkim-maket\/"},{"@type":"ListItem","position":2,"name":"Ma\u011faza","item":"https:\/\/merkim.com.tr\/merkim-maket\/magaza\/"},{"@type":"ListItem","position":3,"name":"1 Ya\u015f Bebek IO \u0130nfizyon ve Enjeksiyon E\u011fitim Baca\u011f\u0131 \u2013 S407 | \u0130ntraosse\u00f6z Giri\u015fim ve Kas \u0130\u00e7i Uygulama Sim\u00fclat\u00f6r\u00fc"}]},{"@type":"WebSite","@id":"https:\/\/merkim.com.tr\/merkim-maket\/#website","url":"https:\/\/merkim.com.tr\/merkim-maket\/","name":"Merkim Maket","description":"","potentialAction":[{"@type":"SearchAction","target":{"@type":"EntryPoint","urlTemplate":"https:\/\/merkim.com.tr\/merkim-maket\/?s={search_term_string}"},"query-input":{"@type":"PropertyValueSpecification","valueRequired":true,"valueName":"search_term_string"}}],"inLanguage":"tr"}]}},"_links":{"self":[{"href":"https:\/\/merkim.com.tr\/merkim-maket\/wp-json\/wp\/v2\/product\/489","targetHints":{"allow":["GET"]}}],"collection":[{"href":"https:\/\/merkim.com.tr\/merkim-maket\/wp-json\/wp\/v2\/product"}],"about":[{"href":"https:\/\/merkim.com.tr\/merkim-maket\/wp-json\/wp\/v2\/types\/product"}],"replies":[{"embeddable":true,"href":"https:\/\/merkim.com.tr\/merkim-maket\/wp-json\/wp\/v2\/comments?post=489"}],"wp:featuredmedia":[{"embeddable":true,"href":"https:\/\/merkim.com.tr\/merkim-maket\/wp-json\/wp\/v2\/media\/490"}],"wp:attachment":[{"href":"https:\/\/merkim.com.tr\/merkim-maket\/wp-json\/wp\/v2\/media?parent=489"}],"wp:term":[{"taxonomy":"product_brand","embeddable":true,"href":"https:\/\/merkim.com.tr\/merkim-maket\/wp-json\/wp\/v2\/product_brand?post=489"},{"taxonomy":"product_cat","embeddable":true,"href":"https:\/\/merkim.com.tr\/merkim-maket\/wp-json\/wp\/v2\/product_cat?post=489"},{"taxonomy":"product_tag","embeddable":true,"href":"https:\/\/merkim.com.tr\/merkim-maket\/wp-json\/wp\/v2\/product_tag?post=489"}],"curies":[{"name":"wp","href":"https:\/\/api.w.org\/{rel}","templated":true}]}}