{"id":487,"date":"2025-07-06T09:35:39","date_gmt":"2025-07-06T09:35:39","guid":{"rendered":"https:\/\/merkim.com.tr\/merkim-maket\/?post_type=product&#038;p=487"},"modified":"2025-07-06T09:35:39","modified_gmt":"2025-07-06T09:35:39","slug":"1-yas-bebek-enjeksiyon-egitim-kolu-s406-pediatrik-iv-kan-alma-ve-ilac-uygulama-simulatoru","status":"publish","type":"product","link":"https:\/\/merkim.com.tr\/merkim-maket\/urun\/1-yas-bebek-enjeksiyon-egitim-kolu-s406-pediatrik-iv-kan-alma-ve-ilac-uygulama-simulatoru\/","title":{"rendered":"1 Ya\u015f Bebek Enjeksiyon E\u011fitim Kolu \u2013 S406 | Pediatrik IV, Kan Alma ve \u0130la\u00e7 Uygulama Sim\u00fclat\u00f6r\u00fc"},"content":{"rendered":"<p data-start=\"355\" data-end=\"609\"><strong data-start=\"355\" data-end=\"417\">1-Year-Old Patient Injection Training Arm (Model: S406.PK)<\/strong>, bir ya\u015f\u0131ndaki pediatrik hastalara y\u00f6nelik intraven\u00f6z enjeksiyon, kan alma (flebotomi) ve ila\u00e7 uygulama e\u011fitimleri i\u00e7in \u00f6zel olarak geli\u015ftirilmi\u015f profesyonel bir t\u0131bbi e\u011fitim sim\u00fclat\u00f6r\u00fcd\u00fcr.<\/p>\n<p data-start=\"611\" data-end=\"829\">Ger\u00e7ek\u00e7i ven yap\u0131s\u0131, \u00e7oklu enjeksiyon tekrar\u0131 i\u00e7in dayan\u0131kl\u0131 cilt dokusu ve manuel damarsal tepkime \u00f6zellikleriyle, sa\u011fl\u0131k \u00f6\u011frencilerinin \u00e7ocuk hastalar \u00fczerinde g\u00fcvenli ve etkili giri\u015fim becerileri kazanmas\u0131n\u0131 sa\u011flar.<\/p>\n<h4 data-start=\"831\" data-end=\"858\"><strong data-start=\"836\" data-end=\"858\">Teknik \u00d6zellikler:<\/strong><\/h4>\n<ul data-start=\"860\" data-end=\"1771\">\n<li data-start=\"860\" data-end=\"970\">\n<p data-start=\"862\" data-end=\"970\">\ud83d\udc76 <strong data-start=\"865\" data-end=\"893\">Ger\u00e7ek\u00e7i bebek anatomisi<\/strong>: 1 ya\u015f pediatrik hasta kolu temel al\u0131narak modellenmi\u015f do\u011fal boyut ve yap\u0131<\/p>\n<\/li>\n<li data-start=\"971\" data-end=\"1141\">\n<p data-start=\"973\" data-end=\"1141\">\ud83d\udc89 <strong data-start=\"976\" data-end=\"1012\">IV uygulama ve flebotomi e\u011fitimi<\/strong>: El \u00fcst\u00fcnde yer alan iki damar ve kol boyunca uzanan medial ven\u00f6z yap\u0131 sayesinde etkili damar i\u00e7i uygulama ve kan alma e\u011fitimi<\/p>\n<\/li>\n<li data-start=\"1142\" data-end=\"1234\">\n<p data-start=\"1144\" data-end=\"1234\">\ud83e\ude78 <strong data-start=\"1147\" data-end=\"1168\">Arter yap\u0131 modeli<\/strong>: Radyal ve brakiyal arterler \u00fczerinden ger\u00e7ek\u00e7i damar anatomisi<\/p>\n<\/li>\n<li data-start=\"1235\" data-end=\"1357\">\n<p data-start=\"1237\" data-end=\"1357\">\ud83d\udca7 <strong data-start=\"1240\" data-end=\"1270\">S\u0131k\u0131\u015ft\u0131rmal\u0131 balon sistemi<\/strong>: Damarlar\u0131n kolabe (\u00e7\u00f6k\u00fck) veya dolgun hissedilmesini sa\u011flayan manuel balon kontrol\u00fc<\/p>\n<\/li>\n<li data-start=\"1358\" data-end=\"1484\">\n<p data-start=\"1360\" data-end=\"1484\">\u267b\ufe0f <strong data-start=\"1363\" data-end=\"1401\">Dayan\u0131kl\u0131 ve de\u011fi\u015ftirilebilir yap\u0131<\/strong>: \u00c7oklu i\u011fne giri\u015fine dayan\u0131kl\u0131, kolayca de\u011fi\u015ftirilebilen damar ve cilt par\u00e7alar\u0131<\/p>\n<\/li>\n<li data-start=\"1485\" data-end=\"1567\">\n<p data-start=\"1487\" data-end=\"1567\">\u2705 <strong data-start=\"1489\" data-end=\"1507\">Lateks i\u00e7ermez<\/strong>: Alerjen madde i\u00e7ermez, hassas kullan\u0131c\u0131lar i\u00e7in uygundur<\/p>\n<\/li>\n<li data-start=\"1568\" data-end=\"1672\">\n<p data-start=\"1570\" data-end=\"1672\">\u2699\ufe0f <strong data-start=\"1573\" data-end=\"1624\">\u015eeffaf Lucite\u00ae taban \u00fczerine monte edilmi\u015f yap\u0131<\/strong>: E\u011fitim esnas\u0131nda sabit duru\u015f ve dayan\u0131kl\u0131l\u0131k<\/p>\n<\/li>\n<li data-start=\"1673\" data-end=\"1771\">\n<p data-start=\"1675\" data-end=\"1771\">\ud83e\uddf3 <strong data-start=\"1678\" data-end=\"1698\">Ta\u015f\u0131ma kolayl\u0131\u011f\u0131<\/strong>: Yumu\u015fak ta\u015f\u0131ma \u00e7antas\u0131 sayesinde saha e\u011fitimlerinde rahat ta\u015f\u0131nabilir<\/p>\n<\/li>\n<\/ul>\n<h4 data-start=\"1773\" data-end=\"1796\"><strong data-start=\"1778\" data-end=\"1796\">Paket \u0130\u00e7eri\u011fi:<\/strong><\/h4>\n<ul data-start=\"1797\" data-end=\"1978\">\n<li data-start=\"1797\" data-end=\"1827\">\n<p data-start=\"1799\" data-end=\"1827\">S406 Pediatrik E\u011fitim Kolu<\/p>\n<\/li>\n<li data-start=\"1828\" data-end=\"1845\">\n<p data-start=\"1830\" data-end=\"1845\">Lucite\u00ae taban<\/p>\n<\/li>\n<li data-start=\"1846\" data-end=\"1870\">\n<p data-start=\"1848\" data-end=\"1870\">Kan torbas\u0131 ve stand<\/p>\n<\/li>\n<li data-start=\"1871\" data-end=\"1899\">\n<p data-start=\"1873\" data-end=\"1899\">Sentetik kan konsantresi<\/p>\n<\/li>\n<li data-start=\"1900\" data-end=\"1916\">\n<p data-start=\"1902\" data-end=\"1916\">S\u0131kma balonu<\/p>\n<\/li>\n<li data-start=\"1917\" data-end=\"1937\">\n<p data-start=\"1919\" data-end=\"1937\">Yedek kol derisi<\/p>\n<\/li>\n<li data-start=\"1938\" data-end=\"1956\">\n<p data-start=\"1940\" data-end=\"1956\">Ta\u015f\u0131ma \u00e7antas\u0131<\/p>\n<\/li>\n<li data-start=\"1957\" data-end=\"1978\">\n<p data-start=\"1959\" data-end=\"1978\">Kullan\u0131m k\u0131lavuzu<\/p>\n<\/li>\n<\/ul>\n<p data-start=\"1980\" data-end=\"2161\">Bu kompakt ve ta\u015f\u0131nabilir \u00e7\u00f6z\u00fcm, pediatrik enjeksiyon e\u011fitimi alan\u0131nda y\u00fcksek tekrar kapasitesi ve ger\u00e7eklik hissi ile klinik beceri kazand\u0131rmak i\u00e7in ideal bir sim\u00fclasyon cihaz\u0131d\u0131r.<\/p>\n","protected":false},"excerpt":{"rendered":"<p>1 ya\u015f bebek anatomisine uygun geli\u015ftirilen bu e\u011fitim kolu, pediatrik IV uygulama, kan alma ve enjeksiyon tekniklerini \u00f6\u011fretmek i\u00e7in tasarlanm\u0131\u015f profesyonel t\u0131bbi sim\u00fclasyon \u00e7\u00f6z\u00fcm\u00fcd\u00fcr.<\/p>\n","protected":false},"featured_media":488,"comment_status":"open","ping_status":"closed","template":"","meta":[],"product_brand":[948],"product_cat":[15,947,1205],"product_tag":[1301,1298,1306,1304,283,1300,1302,1305,1303,1299],"class_list":{"0":"post-487","1":"product","2":"type-product","3":"status-publish","4":"has-post-thumbnail","6":"product_brand-gaumard-scientific","7":"product_cat-genel","8":"product_cat-gaumard-scientific","9":"product_cat-gaumard-skill-trainer","10":"product_tag-1-yas-bebek-damar-yolu-egitimi","11":"product_tag-bebek-enjeksiyon-egitim-kolu","12":"product_tag-bebek-iv-egitim-maketi","13":"product_tag-cocuk-damar-uygulama-kolu","14":"product_tag-enjeksiyon-simulatoru","15":"product_tag-flebotomi-egitimi","16":"product_tag-gaumard-s406","17":"product_tag-hemsirelik-egitimi-pediatri","18":"product_tag-pediatrik-egitim-modeli","19":"product_tag-pediatrik-iv-egitimi","21":"first","22":"instock","23":"shipping-taxable","24":"product-type-simple"},"yoast_head":"<!-- This site is optimized with the Yoast SEO plugin v25.2 - https:\/\/yoast.com\/wordpress\/plugins\/seo\/ -->\n<title>1 Ya\u015f Bebek Enjeksiyon E\u011fitim Kolu \u2013 S406 | Pediatrik IV, Kan Alma ve \u0130la\u00e7 Uygulama Sim\u00fclat\u00f6r\u00fc - Merkim Maket<\/title>\n<meta name=\"description\" content=\"S406 modeli 1 ya\u015f bebek enjeksiyon e\u011fitim kolu, pediatrik damar yolu, IV uygulama ve kan alma becerilerinin kazand\u0131r\u0131lmas\u0131 i\u00e7in tasarlanm\u0131\u015f ger\u00e7ek\u00e7i ve ta\u015f\u0131nabilir t\u0131bbi sim\u00fclasyon \u00e7\u00f6z\u00fcm\u00fcd\u00fcr.\" \/>\n<meta name=\"robots\" content=\"index, follow, max-snippet:-1, max-image-preview:large, max-video-preview:-1\" \/>\n<link rel=\"canonical\" href=\"https:\/\/merkim.com.tr\/merkim-maket\/urun\/1-yas-bebek-enjeksiyon-egitim-kolu-s406-pediatrik-iv-kan-alma-ve-ilac-uygulama-simulatoru\/\" \/>\n<meta property=\"og:locale\" content=\"tr_TR\" \/>\n<meta property=\"og:type\" content=\"article\" \/>\n<meta property=\"og:title\" content=\"1 Ya\u015f Bebek Enjeksiyon E\u011fitim Kolu \u2013 S406 | Pediatrik IV, Kan Alma ve \u0130la\u00e7 Uygulama Sim\u00fclat\u00f6r\u00fc - Merkim Maket\" \/>\n<meta property=\"og:description\" content=\"S406 modeli 1 ya\u015f bebek enjeksiyon e\u011fitim kolu, pediatrik damar yolu, IV uygulama ve kan alma becerilerinin kazand\u0131r\u0131lmas\u0131 i\u00e7in tasarlanm\u0131\u015f ger\u00e7ek\u00e7i ve ta\u015f\u0131nabilir t\u0131bbi sim\u00fclasyon \u00e7\u00f6z\u00fcm\u00fcd\u00fcr.\" \/>\n<meta property=\"og:url\" content=\"https:\/\/merkim.com.tr\/merkim-maket\/urun\/1-yas-bebek-enjeksiyon-egitim-kolu-s406-pediatrik-iv-kan-alma-ve-ilac-uygulama-simulatoru\/\" \/>\n<meta property=\"og:site_name\" content=\"Merkim Maket\" \/>\n<meta property=\"og:image\" content=\"https:\/\/merkim.com.tr\/merkim-maket\/wp-content\/uploads\/2025\/07\/1-yas-bebek-enjeksiyon-egitim-kolu-pediatrik-gaumard.png\" \/>\n\t<meta property=\"og:image:width\" content=\"800\" \/>\n\t<meta property=\"og:image:height\" content=\"531\" \/>\n\t<meta property=\"og:image:type\" content=\"image\/png\" \/>\n<meta name=\"twitter:card\" content=\"summary_large_image\" \/>\n<meta name=\"twitter:label1\" content=\"Tahmini okuma s\u00fcresi\" \/>\n\t<meta name=\"twitter:data1\" content=\"2 dakika\" \/>\n<script type=\"application\/ld+json\" class=\"yoast-schema-graph\">{\"@context\":\"https:\/\/schema.org\",\"@graph\":[{\"@type\":\"WebPage\",\"@id\":\"https:\/\/merkim.com.tr\/merkim-maket\/urun\/1-yas-bebek-enjeksiyon-egitim-kolu-s406-pediatrik-iv-kan-alma-ve-ilac-uygulama-simulatoru\/\",\"url\":\"https:\/\/merkim.com.tr\/merkim-maket\/urun\/1-yas-bebek-enjeksiyon-egitim-kolu-s406-pediatrik-iv-kan-alma-ve-ilac-uygulama-simulatoru\/\",\"name\":\"1 Ya\u015f Bebek Enjeksiyon E\u011fitim Kolu \u2013 S406 | Pediatrik IV, Kan Alma ve \u0130la\u00e7 Uygulama Sim\u00fclat\u00f6r\u00fc - Merkim Maket\",\"isPartOf\":{\"@id\":\"https:\/\/merkim.com.tr\/merkim-maket\/#website\"},\"primaryImageOfPage\":{\"@id\":\"https:\/\/merkim.com.tr\/merkim-maket\/urun\/1-yas-bebek-enjeksiyon-egitim-kolu-s406-pediatrik-iv-kan-alma-ve-ilac-uygulama-simulatoru\/#primaryimage\"},\"image\":{\"@id\":\"https:\/\/merkim.com.tr\/merkim-maket\/urun\/1-yas-bebek-enjeksiyon-egitim-kolu-s406-pediatrik-iv-kan-alma-ve-ilac-uygulama-simulatoru\/#primaryimage\"},\"thumbnailUrl\":\"https:\/\/merkim.com.tr\/merkim-maket\/wp-content\/uploads\/2025\/07\/1-yas-bebek-enjeksiyon-egitim-kolu-pediatrik-gaumard.png\",\"datePublished\":\"2025-07-06T09:35:39+00:00\",\"description\":\"S406 modeli 1 ya\u015f bebek enjeksiyon e\u011fitim kolu, pediatrik damar yolu, IV uygulama ve kan alma becerilerinin kazand\u0131r\u0131lmas\u0131 i\u00e7in tasarlanm\u0131\u015f ger\u00e7ek\u00e7i ve ta\u015f\u0131nabilir t\u0131bbi sim\u00fclasyon \u00e7\u00f6z\u00fcm\u00fcd\u00fcr.\",\"breadcrumb\":{\"@id\":\"https:\/\/merkim.com.tr\/merkim-maket\/urun\/1-yas-bebek-enjeksiyon-egitim-kolu-s406-pediatrik-iv-kan-alma-ve-ilac-uygulama-simulatoru\/#breadcrumb\"},\"inLanguage\":\"tr\",\"potentialAction\":[{\"@type\":\"ReadAction\",\"target\":[\"https:\/\/merkim.com.tr\/merkim-maket\/urun\/1-yas-bebek-enjeksiyon-egitim-kolu-s406-pediatrik-iv-kan-alma-ve-ilac-uygulama-simulatoru\/\"]}]},{\"@type\":\"ImageObject\",\"inLanguage\":\"tr\",\"@id\":\"https:\/\/merkim.com.tr\/merkim-maket\/urun\/1-yas-bebek-enjeksiyon-egitim-kolu-s406-pediatrik-iv-kan-alma-ve-ilac-uygulama-simulatoru\/#primaryimage\",\"url\":\"https:\/\/merkim.com.tr\/merkim-maket\/wp-content\/uploads\/2025\/07\/1-yas-bebek-enjeksiyon-egitim-kolu-pediatrik-gaumard.png\",\"contentUrl\":\"https:\/\/merkim.com.tr\/merkim-maket\/wp-content\/uploads\/2025\/07\/1-yas-bebek-enjeksiyon-egitim-kolu-pediatrik-gaumard.png\",\"width\":800,\"height\":531,\"caption\":\"1 ya\u015f \u00e7ocuklara \u00f6zel IV ve enjeksiyon e\u011fitimi i\u00e7in t\u0131bbi e\u011fitim sim\u00fclat\u00f6r\u00fc\"},{\"@type\":\"BreadcrumbList\",\"@id\":\"https:\/\/merkim.com.tr\/merkim-maket\/urun\/1-yas-bebek-enjeksiyon-egitim-kolu-s406-pediatrik-iv-kan-alma-ve-ilac-uygulama-simulatoru\/#breadcrumb\",\"itemListElement\":[{\"@type\":\"ListItem\",\"position\":1,\"name\":\"Anasayfa\",\"item\":\"https:\/\/merkim.com.tr\/merkim-maket\/\"},{\"@type\":\"ListItem\",\"position\":2,\"name\":\"Ma\u011faza\",\"item\":\"https:\/\/merkim.com.tr\/merkim-maket\/magaza\/\"},{\"@type\":\"ListItem\",\"position\":3,\"name\":\"1 Ya\u015f Bebek Enjeksiyon E\u011fitim Kolu \u2013 S406 | Pediatrik IV, Kan Alma ve \u0130la\u00e7 Uygulama Sim\u00fclat\u00f6r\u00fc\"}]},{\"@type\":\"WebSite\",\"@id\":\"https:\/\/merkim.com.tr\/merkim-maket\/#website\",\"url\":\"https:\/\/merkim.com.tr\/merkim-maket\/\",\"name\":\"Merkim Maket\",\"description\":\"\",\"potentialAction\":[{\"@type\":\"SearchAction\",\"target\":{\"@type\":\"EntryPoint\",\"urlTemplate\":\"https:\/\/merkim.com.tr\/merkim-maket\/?s={search_term_string}\"},\"query-input\":{\"@type\":\"PropertyValueSpecification\",\"valueRequired\":true,\"valueName\":\"search_term_string\"}}],\"inLanguage\":\"tr\"}]}<\/script>\n<!-- \/ Yoast SEO plugin. -->","yoast_head_json":{"title":"1 Ya\u015f Bebek Enjeksiyon E\u011fitim Kolu \u2013 S406 | Pediatrik IV, Kan Alma ve \u0130la\u00e7 Uygulama Sim\u00fclat\u00f6r\u00fc - Merkim Maket","description":"S406 modeli 1 ya\u015f bebek enjeksiyon e\u011fitim kolu, pediatrik damar yolu, IV uygulama ve kan alma becerilerinin kazand\u0131r\u0131lmas\u0131 i\u00e7in tasarlanm\u0131\u015f ger\u00e7ek\u00e7i ve ta\u015f\u0131nabilir t\u0131bbi sim\u00fclasyon \u00e7\u00f6z\u00fcm\u00fcd\u00fcr.","robots":{"index":"index","follow":"follow","max-snippet":"max-snippet:-1","max-image-preview":"max-image-preview:large","max-video-preview":"max-video-preview:-1"},"canonical":"https:\/\/merkim.com.tr\/merkim-maket\/urun\/1-yas-bebek-enjeksiyon-egitim-kolu-s406-pediatrik-iv-kan-alma-ve-ilac-uygulama-simulatoru\/","og_locale":"tr_TR","og_type":"article","og_title":"1 Ya\u015f Bebek Enjeksiyon E\u011fitim Kolu \u2013 S406 | Pediatrik IV, Kan Alma ve \u0130la\u00e7 Uygulama Sim\u00fclat\u00f6r\u00fc - Merkim Maket","og_description":"S406 modeli 1 ya\u015f bebek enjeksiyon e\u011fitim kolu, pediatrik damar yolu, IV uygulama ve kan alma becerilerinin kazand\u0131r\u0131lmas\u0131 i\u00e7in tasarlanm\u0131\u015f ger\u00e7ek\u00e7i ve ta\u015f\u0131nabilir t\u0131bbi sim\u00fclasyon \u00e7\u00f6z\u00fcm\u00fcd\u00fcr.","og_url":"https:\/\/merkim.com.tr\/merkim-maket\/urun\/1-yas-bebek-enjeksiyon-egitim-kolu-s406-pediatrik-iv-kan-alma-ve-ilac-uygulama-simulatoru\/","og_site_name":"Merkim Maket","og_image":[{"width":800,"height":531,"url":"https:\/\/merkim.com.tr\/merkim-maket\/wp-content\/uploads\/2025\/07\/1-yas-bebek-enjeksiyon-egitim-kolu-pediatrik-gaumard.png","type":"image\/png"}],"twitter_card":"summary_large_image","twitter_misc":{"Tahmini okuma s\u00fcresi":"2 dakika"},"schema":{"@context":"https:\/\/schema.org","@graph":[{"@type":"WebPage","@id":"https:\/\/merkim.com.tr\/merkim-maket\/urun\/1-yas-bebek-enjeksiyon-egitim-kolu-s406-pediatrik-iv-kan-alma-ve-ilac-uygulama-simulatoru\/","url":"https:\/\/merkim.com.tr\/merkim-maket\/urun\/1-yas-bebek-enjeksiyon-egitim-kolu-s406-pediatrik-iv-kan-alma-ve-ilac-uygulama-simulatoru\/","name":"1 Ya\u015f Bebek Enjeksiyon E\u011fitim Kolu \u2013 S406 | Pediatrik IV, Kan Alma ve \u0130la\u00e7 Uygulama Sim\u00fclat\u00f6r\u00fc - Merkim Maket","isPartOf":{"@id":"https:\/\/merkim.com.tr\/merkim-maket\/#website"},"primaryImageOfPage":{"@id":"https:\/\/merkim.com.tr\/merkim-maket\/urun\/1-yas-bebek-enjeksiyon-egitim-kolu-s406-pediatrik-iv-kan-alma-ve-ilac-uygulama-simulatoru\/#primaryimage"},"image":{"@id":"https:\/\/merkim.com.tr\/merkim-maket\/urun\/1-yas-bebek-enjeksiyon-egitim-kolu-s406-pediatrik-iv-kan-alma-ve-ilac-uygulama-simulatoru\/#primaryimage"},"thumbnailUrl":"https:\/\/merkim.com.tr\/merkim-maket\/wp-content\/uploads\/2025\/07\/1-yas-bebek-enjeksiyon-egitim-kolu-pediatrik-gaumard.png","datePublished":"2025-07-06T09:35:39+00:00","description":"S406 modeli 1 ya\u015f bebek enjeksiyon e\u011fitim kolu, pediatrik damar yolu, IV uygulama ve kan alma becerilerinin kazand\u0131r\u0131lmas\u0131 i\u00e7in tasarlanm\u0131\u015f ger\u00e7ek\u00e7i ve ta\u015f\u0131nabilir t\u0131bbi sim\u00fclasyon \u00e7\u00f6z\u00fcm\u00fcd\u00fcr.","breadcrumb":{"@id":"https:\/\/merkim.com.tr\/merkim-maket\/urun\/1-yas-bebek-enjeksiyon-egitim-kolu-s406-pediatrik-iv-kan-alma-ve-ilac-uygulama-simulatoru\/#breadcrumb"},"inLanguage":"tr","potentialAction":[{"@type":"ReadAction","target":["https:\/\/merkim.com.tr\/merkim-maket\/urun\/1-yas-bebek-enjeksiyon-egitim-kolu-s406-pediatrik-iv-kan-alma-ve-ilac-uygulama-simulatoru\/"]}]},{"@type":"ImageObject","inLanguage":"tr","@id":"https:\/\/merkim.com.tr\/merkim-maket\/urun\/1-yas-bebek-enjeksiyon-egitim-kolu-s406-pediatrik-iv-kan-alma-ve-ilac-uygulama-simulatoru\/#primaryimage","url":"https:\/\/merkim.com.tr\/merkim-maket\/wp-content\/uploads\/2025\/07\/1-yas-bebek-enjeksiyon-egitim-kolu-pediatrik-gaumard.png","contentUrl":"https:\/\/merkim.com.tr\/merkim-maket\/wp-content\/uploads\/2025\/07\/1-yas-bebek-enjeksiyon-egitim-kolu-pediatrik-gaumard.png","width":800,"height":531,"caption":"1 ya\u015f \u00e7ocuklara \u00f6zel IV ve enjeksiyon e\u011fitimi i\u00e7in t\u0131bbi e\u011fitim sim\u00fclat\u00f6r\u00fc"},{"@type":"BreadcrumbList","@id":"https:\/\/merkim.com.tr\/merkim-maket\/urun\/1-yas-bebek-enjeksiyon-egitim-kolu-s406-pediatrik-iv-kan-alma-ve-ilac-uygulama-simulatoru\/#breadcrumb","itemListElement":[{"@type":"ListItem","position":1,"name":"Anasayfa","item":"https:\/\/merkim.com.tr\/merkim-maket\/"},{"@type":"ListItem","position":2,"name":"Ma\u011faza","item":"https:\/\/merkim.com.tr\/merkim-maket\/magaza\/"},{"@type":"ListItem","position":3,"name":"1 Ya\u015f Bebek Enjeksiyon E\u011fitim Kolu \u2013 S406 | Pediatrik IV, Kan Alma ve \u0130la\u00e7 Uygulama Sim\u00fclat\u00f6r\u00fc"}]},{"@type":"WebSite","@id":"https:\/\/merkim.com.tr\/merkim-maket\/#website","url":"https:\/\/merkim.com.tr\/merkim-maket\/","name":"Merkim Maket","description":"","potentialAction":[{"@type":"SearchAction","target":{"@type":"EntryPoint","urlTemplate":"https:\/\/merkim.com.tr\/merkim-maket\/?s={search_term_string}"},"query-input":{"@type":"PropertyValueSpecification","valueRequired":true,"valueName":"search_term_string"}}],"inLanguage":"tr"}]}},"_links":{"self":[{"href":"https:\/\/merkim.com.tr\/merkim-maket\/wp-json\/wp\/v2\/product\/487","targetHints":{"allow":["GET"]}}],"collection":[{"href":"https:\/\/merkim.com.tr\/merkim-maket\/wp-json\/wp\/v2\/product"}],"about":[{"href":"https:\/\/merkim.com.tr\/merkim-maket\/wp-json\/wp\/v2\/types\/product"}],"replies":[{"embeddable":true,"href":"https:\/\/merkim.com.tr\/merkim-maket\/wp-json\/wp\/v2\/comments?post=487"}],"wp:featuredmedia":[{"embeddable":true,"href":"https:\/\/merkim.com.tr\/merkim-maket\/wp-json\/wp\/v2\/media\/488"}],"wp:attachment":[{"href":"https:\/\/merkim.com.tr\/merkim-maket\/wp-json\/wp\/v2\/media?parent=487"}],"wp:term":[{"taxonomy":"product_brand","embeddable":true,"href":"https:\/\/merkim.com.tr\/merkim-maket\/wp-json\/wp\/v2\/product_brand?post=487"},{"taxonomy":"product_cat","embeddable":true,"href":"https:\/\/merkim.com.tr\/merkim-maket\/wp-json\/wp\/v2\/product_cat?post=487"},{"taxonomy":"product_tag","embeddable":true,"href":"https:\/\/merkim.com.tr\/merkim-maket\/wp-json\/wp\/v2\/product_tag?post=487"}],"curies":[{"name":"wp","href":"https:\/\/api.w.org\/{rel}","templated":true}]}}