{"id":485,"date":"2025-07-06T09:27:58","date_gmt":"2025-07-06T09:27:58","guid":{"rendered":"https:\/\/merkim.com.tr\/merkim-maket\/?post_type=product&#038;p=485"},"modified":"2025-07-06T09:27:59","modified_gmt":"2025-07-06T09:27:59","slug":"1-yas-pediatrik-iv-ve-arteriyel-erisim-egitim-kolu-s406-100r-nabiz-simulasyonlu-gercekci-bebek-damar-uygulama-modeli","status":"publish","type":"product","link":"https:\/\/merkim.com.tr\/merkim-maket\/urun\/1-yas-pediatrik-iv-ve-arteriyel-erisim-egitim-kolu-s406-100r-nabiz-simulasyonlu-gercekci-bebek-damar-uygulama-modeli\/","title":{"rendered":"1 Ya\u015f Pediatrik IV ve Arteriyel Eri\u015fim E\u011fitim Kolu \u2013 S406.100R | Nab\u0131z Sim\u00fclasyonlu Ger\u00e7ek\u00e7i Bebek Damar Uygulama Modeli"},"content":{"rendered":"<p data-start=\"386\" data-end=\"748\"><strong data-start=\"386\" data-end=\"464\">1-Year Pediatric IV and Arterial Access Training Arm (Model: S406.100R.PK)<\/strong>, bir ya\u015f\u0131ndaki \u00e7ocuk hastalara \u00f6zel tasarlanm\u0131\u015f, son derece ger\u00e7ek\u00e7i ve \u00e7ok i\u015flevli bir e\u011fitim koludur. Sa\u011fl\u0131k profesyoneli adaylar\u0131n\u0131n ve klinik e\u011fitmenlerin \u00e7ocuklarda damar i\u00e7i (IV) ve arteriyel giri\u015fim becerilerini g\u00fcvenli, kontroll\u00fc ve hijyenik bir ortamda kazanmalar\u0131n\u0131 sa\u011flar.<\/p>\n<p data-start=\"750\" data-end=\"977\">Bu model; <strong data-start=\"760\" data-end=\"781\">nab\u0131z sim\u00fclasyonu<\/strong>, <strong data-start=\"783\" data-end=\"825\">g\u00f6zlemlenebilir kan d\u00f6n\u00fc\u015f\u00fc (flashback)<\/strong>, <strong data-start=\"827\" data-end=\"859\">\u00e7oklu damar eri\u015fim b\u00f6lgeleri<\/strong>, <strong data-start=\"861\" data-end=\"876\">IO uygulama<\/strong> ve <strong data-start=\"880\" data-end=\"897\">IM enjeksiyon<\/strong> gibi \u00f6zellikleriyle pediatrik giri\u015fim e\u011fitiminde y\u00fcksek seviye ger\u00e7eklik sunar.<\/p>\n<h4 data-start=\"979\" data-end=\"1006\"><strong data-start=\"984\" data-end=\"1006\">Teknik \u00d6zellikler:<\/strong><\/h4>\n<ul data-start=\"1008\" data-end=\"1992\">\n<li data-start=\"1008\" data-end=\"1122\">\n<p data-start=\"1010\" data-end=\"1122\">\ud83d\udc76 <strong data-start=\"1013\" data-end=\"1040\">1 ya\u015f pediatrik anatomi<\/strong>: Lifelike (canl\u0131ya benzer) cilt yap\u0131s\u0131 sayesinde do\u011fal g\u00f6r\u00fcn\u00fcm ve dokunma hissi<\/p>\n<\/li>\n<li data-start=\"1123\" data-end=\"1193\">\n<p data-start=\"1125\" data-end=\"1193\">\ud83e\udd32 <strong data-start=\"1128\" data-end=\"1154\">Hareketli bilek yap\u0131s\u0131<\/strong>: Palmar fleksiyon i\u00e7in eklemli bilek<\/p>\n<\/li>\n<li data-start=\"1194\" data-end=\"1311\">\n<p data-start=\"1196\" data-end=\"1311\">\ud83d\udc89 <strong data-start=\"1199\" data-end=\"1225\">Ven\u00f6z eri\u015fim b\u00f6lgeleri<\/strong>: Ulnar ve kubital damarlar \u00fczerinden inf\u00fczyon, bolus enjeksiyon ve kan alma prati\u011fi<\/p>\n<\/li>\n<li data-start=\"1312\" data-end=\"1424\">\n<p data-start=\"1314\" data-end=\"1424\">\ud83e\ude78 <strong data-start=\"1317\" data-end=\"1348\">Arteriyel giri\u015fim b\u00f6lgeleri<\/strong>: Radyal ve brakiyal arterlerden arteriyel kan \u00f6rnekleme ve kateterizasyon<\/p>\n<\/li>\n<li data-start=\"1425\" data-end=\"1559\">\n<p data-start=\"1427\" data-end=\"1559\">\ud83d\udc97 <strong data-start=\"1430\" data-end=\"1472\">Ayarlanabilir elektronik nab\u0131z sistemi<\/strong>: Radyal ve brakiyal arterlerde 0-180 BPM aras\u0131 kontrol edilebilir nab\u0131z h\u0131z\u0131 ve g\u00fcc\u00fc<\/p>\n<\/li>\n<li data-start=\"1560\" data-end=\"1670\">\n<p data-start=\"1562\" data-end=\"1670\">\ud83d\udca7 <strong data-start=\"1565\" data-end=\"1587\">Harici kan torbas\u0131<\/strong>: S\u00fcrekli s\u0131v\u0131 ak\u0131\u015f\u0131, damar bas\u0131nc\u0131 sim\u00fclasyonu ve geri tepme (flashback) g\u00f6zlemi<\/p>\n<\/li>\n<li data-start=\"1671\" data-end=\"1757\">\n<p data-start=\"1673\" data-end=\"1757\">\ud83e\uddb4 <strong data-start=\"1676\" data-end=\"1710\">\u0130ntraosse\u00f6z (IO) eri\u015fim imk\u00e2n\u0131<\/strong>: Humerus \u00fczerinden kemik i\u00e7i s\u0131v\u0131 uygulamas\u0131<\/p>\n<\/li>\n<li data-start=\"1758\" data-end=\"1849\">\n<p data-start=\"1760\" data-end=\"1849\">\ud83d\udd01 <strong data-start=\"1763\" data-end=\"1802\">Kolay de\u011fi\u015ftirilebilir damar yap\u0131s\u0131<\/strong>: Uzun s\u00fcreli ve yo\u011fun kullan\u0131m i\u00e7in idealdir<\/p>\n<\/li>\n<li data-start=\"1850\" data-end=\"1943\">\n<p data-start=\"1852\" data-end=\"1943\">\u2705 <strong data-start=\"1854\" data-end=\"1872\">Lateks i\u00e7ermez<\/strong>: T\u00fcm par\u00e7alar alerjen i\u00e7ermeyen, g\u00fcvenli materyallerden \u00fcretilmi\u015ftir<\/p>\n<\/li>\n<li data-start=\"1944\" data-end=\"1992\">\n<p data-start=\"1946\" data-end=\"1992\">\u2699\ufe0f <strong data-start=\"1949\" data-end=\"1992\">Ba\u011f\u0131ms\u0131z ya da stand ile kullan\u0131labilir<\/strong><\/p>\n<\/li>\n<\/ul>\n<h4 data-start=\"1994\" data-end=\"2017\"><strong data-start=\"1999\" data-end=\"2017\">Paket \u0130\u00e7eri\u011fi:<\/strong><\/h4>\n<ul data-start=\"2018\" data-end=\"2178\">\n<li data-start=\"2018\" data-end=\"2060\">\n<p data-start=\"2020\" data-end=\"2060\">1 Ya\u015f Pediatrik E\u011fitim Kolu (S406.100)<\/p>\n<\/li>\n<li data-start=\"2061\" data-end=\"2079\">\n<p data-start=\"2063\" data-end=\"2079\">Kontrol kutusu<\/p>\n<\/li>\n<li data-start=\"2080\" data-end=\"2095\">\n<p data-start=\"2082\" data-end=\"2095\">Kan torbas\u0131<\/p>\n<\/li>\n<li data-start=\"2096\" data-end=\"2113\">\n<p data-start=\"2098\" data-end=\"2113\">Aksesuar seti<\/p>\n<\/li>\n<li data-start=\"2114\" data-end=\"2130\">\n<p data-start=\"2116\" data-end=\"2130\">G\u00fc\u00e7 adapt\u00f6r\u00fc<\/p>\n<\/li>\n<li data-start=\"2131\" data-end=\"2152\">\n<p data-start=\"2133\" data-end=\"2152\">Kullan\u0131m k\u0131lavuzu<\/p>\n<\/li>\n<li data-start=\"2153\" data-end=\"2178\">\n<p data-start=\"2155\" data-end=\"2178\">1 Y\u0131l S\u0131n\u0131rl\u0131 Garanti<\/p>\n<\/li>\n<\/ul>\n<p data-start=\"2180\" data-end=\"2434\">Bu geli\u015fmi\u015f e\u011fitim sim\u00fclat\u00f6r\u00fc; hem\u015firelik \u00f6\u011frencileri, acil sa\u011fl\u0131k teknikerleri ve pediatrik t\u0131p uzman adaylar\u0131 i\u00e7in ideal bir pratik \u00e7\u00f6z\u00fcm sunar. Klinik becerilerin \u00e7ocuk hastalara zarar vermeden \u00f6\u011frenilmesi ve uygulanabilmesi i\u00e7in m\u00fckemmel bir ara\u00e7t\u0131r.<\/p>\n","protected":false},"excerpt":{"rendered":"<p>1 ya\u015f pediatrik anatomiye uygun geli\u015ftirilen bu e\u011fitim kolu, IV, arteriyel, IM ve IO giri\u015fim becerilerini kazand\u0131rmak i\u00e7in ger\u00e7ek\u00e7i damar yap\u0131s\u0131, elektronik nab\u0131z sim\u00fclasyonu ve g\u00f6zlemlenebilir kan ak\u0131\u015f\u0131 \u00f6zelliklerine sahiptir.<\/p>\n","protected":false},"featured_media":486,"comment_status":"open","ping_status":"closed","template":"","meta":[],"product_brand":[948],"product_cat":[15,947,1205],"product_tag":[1291,1292,1290,1295,1296,1294,1293,1284,1297,733,988],"class_list":{"0":"post-485","1":"product","2":"type-product","3":"status-publish","4":"has-post-thumbnail","6":"product_brand-gaumard-scientific","7":"product_cat-genel","8":"product_cat-gaumard-scientific","9":"product_cat-gaumard-skill-trainer","10":"product_tag-1-yas-cocuk-iv-kolu","11":"product_tag-arteriyel-girisim-simulatoru","12":"product_tag-bebek-damar-uygulama-egitimi","13":"product_tag-bebek-kan-alma-egitimi","14":"product_tag-gaumard-s406-100","15":"product_tag-io-uygulama-pediatri","16":"product_tag-nabiz-simulasyonlu-egitim-kolu","17":"product_tag-pediatrik-egitim-kolu","18":"product_tag-pediatrik-saglik-egitimi","19":"product_tag-subkutan-enjeksiyon-egitimi","20":"product_tag-tibbi-egitim-bebek-modeli","22":"first","23":"instock","24":"shipping-taxable","25":"product-type-simple"},"yoast_head":"<!-- This site is optimized with the Yoast SEO plugin v25.2 - https:\/\/yoast.com\/wordpress\/plugins\/seo\/ -->\n<title>1 Ya\u015f Pediatrik IV ve Arteriyel Eri\u015fim E\u011fitim Kolu \u2013 S406.100R | Nab\u0131z Sim\u00fclasyonlu Ger\u00e7ek\u00e7i Bebek Damar Uygulama Modeli - Merkim Maket<\/title>\n<meta name=\"description\" content=\"S406.100 modeli 1 ya\u015f pediatrik IV ve arteriyel e\u011fitim kolu; damar i\u00e7i, arteriyel, IM ve IO giri\u015fim becerilerinin kazan\u0131lmas\u0131 i\u00e7in nab\u0131z sim\u00fclasyonlu, ger\u00e7ek\u00e7i ve latekssiz t\u0131bbi sim\u00fclasyon \u00e7\u00f6z\u00fcm\u00fcd\u00fcr.\" \/>\n<meta name=\"robots\" content=\"index, follow, max-snippet:-1, max-image-preview:large, max-video-preview:-1\" \/>\n<link rel=\"canonical\" href=\"https:\/\/merkim.com.tr\/merkim-maket\/urun\/1-yas-pediatrik-iv-ve-arteriyel-erisim-egitim-kolu-s406-100r-nabiz-simulasyonlu-gercekci-bebek-damar-uygulama-modeli\/\" \/>\n<meta property=\"og:locale\" content=\"tr_TR\" \/>\n<meta property=\"og:type\" content=\"article\" \/>\n<meta property=\"og:title\" content=\"1 Ya\u015f Pediatrik IV ve Arteriyel Eri\u015fim E\u011fitim Kolu \u2013 S406.100R | Nab\u0131z Sim\u00fclasyonlu Ger\u00e7ek\u00e7i Bebek Damar Uygulama Modeli - Merkim Maket\" \/>\n<meta property=\"og:description\" content=\"S406.100 modeli 1 ya\u015f pediatrik IV ve arteriyel e\u011fitim kolu; damar i\u00e7i, arteriyel, IM ve IO giri\u015fim becerilerinin kazan\u0131lmas\u0131 i\u00e7in nab\u0131z sim\u00fclasyonlu, ger\u00e7ek\u00e7i ve latekssiz t\u0131bbi sim\u00fclasyon \u00e7\u00f6z\u00fcm\u00fcd\u00fcr.\" \/>\n<meta property=\"og:url\" content=\"https:\/\/merkim.com.tr\/merkim-maket\/urun\/1-yas-pediatrik-iv-ve-arteriyel-erisim-egitim-kolu-s406-100r-nabiz-simulasyonlu-gercekci-bebek-damar-uygulama-modeli\/\" \/>\n<meta property=\"og:site_name\" content=\"Merkim Maket\" \/>\n<meta property=\"article:modified_time\" content=\"2025-07-06T09:27:59+00:00\" \/>\n<meta property=\"og:image\" content=\"https:\/\/merkim.com.tr\/merkim-maket\/wp-content\/uploads\/2025\/07\/1-yas-pediatrik-iv-arteriyel-egitim-kolu-bebek-gaumard.png\" \/>\n\t<meta property=\"og:image:width\" content=\"800\" \/>\n\t<meta property=\"og:image:height\" content=\"531\" \/>\n\t<meta property=\"og:image:type\" content=\"image\/png\" \/>\n<meta name=\"twitter:card\" content=\"summary_large_image\" \/>\n<meta name=\"twitter:label1\" content=\"Tahmini okuma s\u00fcresi\" \/>\n\t<meta name=\"twitter:data1\" content=\"2 dakika\" \/>\n<script type=\"application\/ld+json\" class=\"yoast-schema-graph\">{\"@context\":\"https:\/\/schema.org\",\"@graph\":[{\"@type\":\"WebPage\",\"@id\":\"https:\/\/merkim.com.tr\/merkim-maket\/urun\/1-yas-pediatrik-iv-ve-arteriyel-erisim-egitim-kolu-s406-100r-nabiz-simulasyonlu-gercekci-bebek-damar-uygulama-modeli\/\",\"url\":\"https:\/\/merkim.com.tr\/merkim-maket\/urun\/1-yas-pediatrik-iv-ve-arteriyel-erisim-egitim-kolu-s406-100r-nabiz-simulasyonlu-gercekci-bebek-damar-uygulama-modeli\/\",\"name\":\"1 Ya\u015f Pediatrik IV ve Arteriyel Eri\u015fim E\u011fitim Kolu \u2013 S406.100R | Nab\u0131z Sim\u00fclasyonlu Ger\u00e7ek\u00e7i Bebek Damar Uygulama Modeli - Merkim Maket\",\"isPartOf\":{\"@id\":\"https:\/\/merkim.com.tr\/merkim-maket\/#website\"},\"primaryImageOfPage\":{\"@id\":\"https:\/\/merkim.com.tr\/merkim-maket\/urun\/1-yas-pediatrik-iv-ve-arteriyel-erisim-egitim-kolu-s406-100r-nabiz-simulasyonlu-gercekci-bebek-damar-uygulama-modeli\/#primaryimage\"},\"image\":{\"@id\":\"https:\/\/merkim.com.tr\/merkim-maket\/urun\/1-yas-pediatrik-iv-ve-arteriyel-erisim-egitim-kolu-s406-100r-nabiz-simulasyonlu-gercekci-bebek-damar-uygulama-modeli\/#primaryimage\"},\"thumbnailUrl\":\"https:\/\/merkim.com.tr\/merkim-maket\/wp-content\/uploads\/2025\/07\/1-yas-pediatrik-iv-arteriyel-egitim-kolu-bebek-gaumard.png\",\"datePublished\":\"2025-07-06T09:27:58+00:00\",\"dateModified\":\"2025-07-06T09:27:59+00:00\",\"description\":\"S406.100 modeli 1 ya\u015f pediatrik IV ve arteriyel e\u011fitim kolu; damar i\u00e7i, arteriyel, IM ve IO giri\u015fim becerilerinin kazan\u0131lmas\u0131 i\u00e7in nab\u0131z sim\u00fclasyonlu, ger\u00e7ek\u00e7i ve latekssiz t\u0131bbi sim\u00fclasyon \u00e7\u00f6z\u00fcm\u00fcd\u00fcr.\",\"breadcrumb\":{\"@id\":\"https:\/\/merkim.com.tr\/merkim-maket\/urun\/1-yas-pediatrik-iv-ve-arteriyel-erisim-egitim-kolu-s406-100r-nabiz-simulasyonlu-gercekci-bebek-damar-uygulama-modeli\/#breadcrumb\"},\"inLanguage\":\"tr\",\"potentialAction\":[{\"@type\":\"ReadAction\",\"target\":[\"https:\/\/merkim.com.tr\/merkim-maket\/urun\/1-yas-pediatrik-iv-ve-arteriyel-erisim-egitim-kolu-s406-100r-nabiz-simulasyonlu-gercekci-bebek-damar-uygulama-modeli\/\"]}]},{\"@type\":\"ImageObject\",\"inLanguage\":\"tr\",\"@id\":\"https:\/\/merkim.com.tr\/merkim-maket\/urun\/1-yas-pediatrik-iv-ve-arteriyel-erisim-egitim-kolu-s406-100r-nabiz-simulasyonlu-gercekci-bebek-damar-uygulama-modeli\/#primaryimage\",\"url\":\"https:\/\/merkim.com.tr\/merkim-maket\/wp-content\/uploads\/2025\/07\/1-yas-pediatrik-iv-arteriyel-egitim-kolu-bebek-gaumard.png\",\"contentUrl\":\"https:\/\/merkim.com.tr\/merkim-maket\/wp-content\/uploads\/2025\/07\/1-yas-pediatrik-iv-arteriyel-egitim-kolu-bebek-gaumard.png\",\"width\":800,\"height\":531,\"caption\":\"1 ya\u015f pediatrik hastalar i\u00e7in IV, arteriyel, IM ve IO uygulama e\u011fitim kolu\"},{\"@type\":\"BreadcrumbList\",\"@id\":\"https:\/\/merkim.com.tr\/merkim-maket\/urun\/1-yas-pediatrik-iv-ve-arteriyel-erisim-egitim-kolu-s406-100r-nabiz-simulasyonlu-gercekci-bebek-damar-uygulama-modeli\/#breadcrumb\",\"itemListElement\":[{\"@type\":\"ListItem\",\"position\":1,\"name\":\"Anasayfa\",\"item\":\"https:\/\/merkim.com.tr\/merkim-maket\/\"},{\"@type\":\"ListItem\",\"position\":2,\"name\":\"Ma\u011faza\",\"item\":\"https:\/\/merkim.com.tr\/merkim-maket\/magaza\/\"},{\"@type\":\"ListItem\",\"position\":3,\"name\":\"1 Ya\u015f Pediatrik IV ve Arteriyel Eri\u015fim E\u011fitim Kolu \u2013 S406.100R | Nab\u0131z Sim\u00fclasyonlu Ger\u00e7ek\u00e7i Bebek Damar Uygulama Modeli\"}]},{\"@type\":\"WebSite\",\"@id\":\"https:\/\/merkim.com.tr\/merkim-maket\/#website\",\"url\":\"https:\/\/merkim.com.tr\/merkim-maket\/\",\"name\":\"Merkim Maket\",\"description\":\"\",\"potentialAction\":[{\"@type\":\"SearchAction\",\"target\":{\"@type\":\"EntryPoint\",\"urlTemplate\":\"https:\/\/merkim.com.tr\/merkim-maket\/?s={search_term_string}\"},\"query-input\":{\"@type\":\"PropertyValueSpecification\",\"valueRequired\":true,\"valueName\":\"search_term_string\"}}],\"inLanguage\":\"tr\"}]}<\/script>\n<!-- \/ Yoast SEO plugin. -->","yoast_head_json":{"title":"1 Ya\u015f Pediatrik IV ve Arteriyel Eri\u015fim E\u011fitim Kolu \u2013 S406.100R | Nab\u0131z Sim\u00fclasyonlu Ger\u00e7ek\u00e7i Bebek Damar Uygulama Modeli - Merkim Maket","description":"S406.100 modeli 1 ya\u015f pediatrik IV ve arteriyel e\u011fitim kolu; damar i\u00e7i, arteriyel, IM ve IO giri\u015fim becerilerinin kazan\u0131lmas\u0131 i\u00e7in nab\u0131z sim\u00fclasyonlu, ger\u00e7ek\u00e7i ve latekssiz t\u0131bbi sim\u00fclasyon \u00e7\u00f6z\u00fcm\u00fcd\u00fcr.","robots":{"index":"index","follow":"follow","max-snippet":"max-snippet:-1","max-image-preview":"max-image-preview:large","max-video-preview":"max-video-preview:-1"},"canonical":"https:\/\/merkim.com.tr\/merkim-maket\/urun\/1-yas-pediatrik-iv-ve-arteriyel-erisim-egitim-kolu-s406-100r-nabiz-simulasyonlu-gercekci-bebek-damar-uygulama-modeli\/","og_locale":"tr_TR","og_type":"article","og_title":"1 Ya\u015f Pediatrik IV ve Arteriyel Eri\u015fim E\u011fitim Kolu \u2013 S406.100R | Nab\u0131z Sim\u00fclasyonlu Ger\u00e7ek\u00e7i Bebek Damar Uygulama Modeli - Merkim Maket","og_description":"S406.100 modeli 1 ya\u015f pediatrik IV ve arteriyel e\u011fitim kolu; damar i\u00e7i, arteriyel, IM ve IO giri\u015fim becerilerinin kazan\u0131lmas\u0131 i\u00e7in nab\u0131z sim\u00fclasyonlu, ger\u00e7ek\u00e7i ve latekssiz t\u0131bbi sim\u00fclasyon \u00e7\u00f6z\u00fcm\u00fcd\u00fcr.","og_url":"https:\/\/merkim.com.tr\/merkim-maket\/urun\/1-yas-pediatrik-iv-ve-arteriyel-erisim-egitim-kolu-s406-100r-nabiz-simulasyonlu-gercekci-bebek-damar-uygulama-modeli\/","og_site_name":"Merkim Maket","article_modified_time":"2025-07-06T09:27:59+00:00","og_image":[{"width":800,"height":531,"url":"https:\/\/merkim.com.tr\/merkim-maket\/wp-content\/uploads\/2025\/07\/1-yas-pediatrik-iv-arteriyel-egitim-kolu-bebek-gaumard.png","type":"image\/png"}],"twitter_card":"summary_large_image","twitter_misc":{"Tahmini okuma s\u00fcresi":"2 dakika"},"schema":{"@context":"https:\/\/schema.org","@graph":[{"@type":"WebPage","@id":"https:\/\/merkim.com.tr\/merkim-maket\/urun\/1-yas-pediatrik-iv-ve-arteriyel-erisim-egitim-kolu-s406-100r-nabiz-simulasyonlu-gercekci-bebek-damar-uygulama-modeli\/","url":"https:\/\/merkim.com.tr\/merkim-maket\/urun\/1-yas-pediatrik-iv-ve-arteriyel-erisim-egitim-kolu-s406-100r-nabiz-simulasyonlu-gercekci-bebek-damar-uygulama-modeli\/","name":"1 Ya\u015f Pediatrik IV ve Arteriyel Eri\u015fim E\u011fitim Kolu \u2013 S406.100R | Nab\u0131z Sim\u00fclasyonlu Ger\u00e7ek\u00e7i Bebek Damar Uygulama Modeli - Merkim Maket","isPartOf":{"@id":"https:\/\/merkim.com.tr\/merkim-maket\/#website"},"primaryImageOfPage":{"@id":"https:\/\/merkim.com.tr\/merkim-maket\/urun\/1-yas-pediatrik-iv-ve-arteriyel-erisim-egitim-kolu-s406-100r-nabiz-simulasyonlu-gercekci-bebek-damar-uygulama-modeli\/#primaryimage"},"image":{"@id":"https:\/\/merkim.com.tr\/merkim-maket\/urun\/1-yas-pediatrik-iv-ve-arteriyel-erisim-egitim-kolu-s406-100r-nabiz-simulasyonlu-gercekci-bebek-damar-uygulama-modeli\/#primaryimage"},"thumbnailUrl":"https:\/\/merkim.com.tr\/merkim-maket\/wp-content\/uploads\/2025\/07\/1-yas-pediatrik-iv-arteriyel-egitim-kolu-bebek-gaumard.png","datePublished":"2025-07-06T09:27:58+00:00","dateModified":"2025-07-06T09:27:59+00:00","description":"S406.100 modeli 1 ya\u015f pediatrik IV ve arteriyel e\u011fitim kolu; damar i\u00e7i, arteriyel, IM ve IO giri\u015fim becerilerinin kazan\u0131lmas\u0131 i\u00e7in nab\u0131z sim\u00fclasyonlu, ger\u00e7ek\u00e7i ve latekssiz t\u0131bbi sim\u00fclasyon \u00e7\u00f6z\u00fcm\u00fcd\u00fcr.","breadcrumb":{"@id":"https:\/\/merkim.com.tr\/merkim-maket\/urun\/1-yas-pediatrik-iv-ve-arteriyel-erisim-egitim-kolu-s406-100r-nabiz-simulasyonlu-gercekci-bebek-damar-uygulama-modeli\/#breadcrumb"},"inLanguage":"tr","potentialAction":[{"@type":"ReadAction","target":["https:\/\/merkim.com.tr\/merkim-maket\/urun\/1-yas-pediatrik-iv-ve-arteriyel-erisim-egitim-kolu-s406-100r-nabiz-simulasyonlu-gercekci-bebek-damar-uygulama-modeli\/"]}]},{"@type":"ImageObject","inLanguage":"tr","@id":"https:\/\/merkim.com.tr\/merkim-maket\/urun\/1-yas-pediatrik-iv-ve-arteriyel-erisim-egitim-kolu-s406-100r-nabiz-simulasyonlu-gercekci-bebek-damar-uygulama-modeli\/#primaryimage","url":"https:\/\/merkim.com.tr\/merkim-maket\/wp-content\/uploads\/2025\/07\/1-yas-pediatrik-iv-arteriyel-egitim-kolu-bebek-gaumard.png","contentUrl":"https:\/\/merkim.com.tr\/merkim-maket\/wp-content\/uploads\/2025\/07\/1-yas-pediatrik-iv-arteriyel-egitim-kolu-bebek-gaumard.png","width":800,"height":531,"caption":"1 ya\u015f pediatrik hastalar i\u00e7in IV, arteriyel, IM ve IO uygulama e\u011fitim kolu"},{"@type":"BreadcrumbList","@id":"https:\/\/merkim.com.tr\/merkim-maket\/urun\/1-yas-pediatrik-iv-ve-arteriyel-erisim-egitim-kolu-s406-100r-nabiz-simulasyonlu-gercekci-bebek-damar-uygulama-modeli\/#breadcrumb","itemListElement":[{"@type":"ListItem","position":1,"name":"Anasayfa","item":"https:\/\/merkim.com.tr\/merkim-maket\/"},{"@type":"ListItem","position":2,"name":"Ma\u011faza","item":"https:\/\/merkim.com.tr\/merkim-maket\/magaza\/"},{"@type":"ListItem","position":3,"name":"1 Ya\u015f Pediatrik IV ve Arteriyel Eri\u015fim E\u011fitim Kolu \u2013 S406.100R | Nab\u0131z Sim\u00fclasyonlu Ger\u00e7ek\u00e7i Bebek Damar Uygulama Modeli"}]},{"@type":"WebSite","@id":"https:\/\/merkim.com.tr\/merkim-maket\/#website","url":"https:\/\/merkim.com.tr\/merkim-maket\/","name":"Merkim Maket","description":"","potentialAction":[{"@type":"SearchAction","target":{"@type":"EntryPoint","urlTemplate":"https:\/\/merkim.com.tr\/merkim-maket\/?s={search_term_string}"},"query-input":{"@type":"PropertyValueSpecification","valueRequired":true,"valueName":"search_term_string"}}],"inLanguage":"tr"}]}},"_links":{"self":[{"href":"https:\/\/merkim.com.tr\/merkim-maket\/wp-json\/wp\/v2\/product\/485","targetHints":{"allow":["GET"]}}],"collection":[{"href":"https:\/\/merkim.com.tr\/merkim-maket\/wp-json\/wp\/v2\/product"}],"about":[{"href":"https:\/\/merkim.com.tr\/merkim-maket\/wp-json\/wp\/v2\/types\/product"}],"replies":[{"embeddable":true,"href":"https:\/\/merkim.com.tr\/merkim-maket\/wp-json\/wp\/v2\/comments?post=485"}],"wp:featuredmedia":[{"embeddable":true,"href":"https:\/\/merkim.com.tr\/merkim-maket\/wp-json\/wp\/v2\/media\/486"}],"wp:attachment":[{"href":"https:\/\/merkim.com.tr\/merkim-maket\/wp-json\/wp\/v2\/media?parent=485"}],"wp:term":[{"taxonomy":"product_brand","embeddable":true,"href":"https:\/\/merkim.com.tr\/merkim-maket\/wp-json\/wp\/v2\/product_brand?post=485"},{"taxonomy":"product_cat","embeddable":true,"href":"https:\/\/merkim.com.tr\/merkim-maket\/wp-json\/wp\/v2\/product_cat?post=485"},{"taxonomy":"product_tag","embeddable":true,"href":"https:\/\/merkim.com.tr\/merkim-maket\/wp-json\/wp\/v2\/product_tag?post=485"}],"curies":[{"name":"wp","href":"https:\/\/api.w.org\/{rel}","templated":true}]}}