{"id":481,"date":"2025-07-06T09:13:27","date_gmt":"2025-07-06T09:13:27","guid":{"rendered":"https:\/\/merkim.com.tr\/merkim-maket\/?post_type=product&#038;p=481"},"modified":"2025-07-06T09:13:27","modified_gmt":"2025-07-06T09:13:27","slug":"5-yas-pediatrik-iv-ve-arteriyel-erisim-egitim-kolu-s405-100r-gercekci-cocuk-damar-girisim-simulatoru","status":"publish","type":"product","link":"https:\/\/merkim.com.tr\/merkim-maket\/urun\/5-yas-pediatrik-iv-ve-arteriyel-erisim-egitim-kolu-s405-100r-gercekci-cocuk-damar-girisim-simulatoru\/","title":{"rendered":"5 Ya\u015f Pediatrik IV ve Arteriyel Eri\u015fim E\u011fitim Kolu \u2013 S405.100R | Ger\u00e7ek\u00e7i \u00c7ocuk Damar Giri\u015fim Sim\u00fclat\u00f6r\u00fc"},"content":{"rendered":"<p data-start=\"375\" data-end=\"658\"><strong data-start=\"375\" data-end=\"451\">5 Ya\u015f Pediatrik IV ve Arteriyel Eri\u015fim E\u011fitim Kolu (Model: S405.100R.PK)<\/strong>, sa\u011fl\u0131k e\u011fitiminde \u00f6zellikle pediatrik damar i\u00e7i ve arteriyel giri\u015fim tekniklerinin do\u011fru, g\u00fcvenli ve ger\u00e7ek\u00e7i \u015fekilde \u00f6\u011fretilmesini sa\u011flamak \u00fczere geli\u015ftirilmi\u015f profesyonel bir sim\u00fclasyon e\u011fitim arac\u0131d\u0131r.<\/p>\n<p data-start=\"660\" data-end=\"898\"><strong data-start=\"660\" data-end=\"702\">T\u0131p, hem\u015firelik ve acil sa\u011fl\u0131k e\u011fitimi<\/strong> veren kurumlar i\u00e7in tasarlanan bu model, \u00e7ocuk anatomisine uygun detaylar, nab\u0131z sim\u00fclasyonu ve \u00e7oklu damar eri\u015fim noktalar\u0131 ile uygulama becerilerini geli\u015ftirmeye y\u00f6nelik \u00fcst\u00fcn \u00f6zellikler sunar.<\/p>\n<h4 data-start=\"900\" data-end=\"930\"><strong data-start=\"905\" data-end=\"928\">Ba\u015fl\u0131ca \u00d6zellikler:<\/strong><\/h4>\n<ul data-start=\"931\" data-end=\"2225\">\n<li data-start=\"931\" data-end=\"1074\">\n<p data-start=\"933\" data-end=\"1074\">\ud83d\udc76 <strong data-start=\"936\" data-end=\"964\">Ger\u00e7ek\u00e7i \u00e7ocuk anatomisi<\/strong>: 5 ya\u015f\u0131nda bir \u00e7ocu\u011fun kol anatomisine sad\u0131k kalarak tasarlanm\u0131\u015f, do\u011fal g\u00f6r\u00fcn\u00fcml\u00fc ve hissiyatl\u0131 cilt yap\u0131s\u0131<\/p>\n<\/li>\n<li data-start=\"1075\" data-end=\"1183\">\n<p data-start=\"1077\" data-end=\"1183\">\ud83e\udd32 <strong data-start=\"1080\" data-end=\"1102\">Esnek bilek yap\u0131s\u0131<\/strong>: Palmar fleksiyona olanak tan\u0131yan hareketli eklem sayesinde do\u011fal pozisyonlama<\/p>\n<\/li>\n<li data-start=\"1184\" data-end=\"1444\">\n<p data-start=\"1186\" data-end=\"1226\">\ud83d\udc89 <strong data-start=\"1189\" data-end=\"1223\">IV ve arteriyel eri\u015fim e\u011fitimi<\/strong>:<\/p>\n<ul data-start=\"1229\" data-end=\"1444\">\n<li data-start=\"1229\" data-end=\"1338\">\n<p data-start=\"1231\" data-end=\"1338\"><strong data-start=\"1231\" data-end=\"1248\">Ven\u00f6z Eri\u015fim:<\/strong> Ulnar, sefalik, bazilik ve kubital damar b\u00f6lgelerinden enjeksiyon, kan alma ve inf\u00fczyon<\/p>\n<\/li>\n<li data-start=\"1341\" data-end=\"1444\">\n<p data-start=\"1343\" data-end=\"1444\"><strong data-start=\"1343\" data-end=\"1364\">Arteriyel Eri\u015fim:<\/strong> Radyal ve brakiyal arterlerden kan \u00f6rnekleme ve arteriyel kateter yerle\u015ftirme<\/p>\n<\/li>\n<\/ul>\n<\/li>\n<li data-start=\"1445\" data-end=\"1551\">\n<p data-start=\"1447\" data-end=\"1551\">\ud83d\udc97 <strong data-start=\"1450\" data-end=\"1486\">Ayarlanabilir nab\u0131z h\u0131z\u0131 ve g\u00fcc\u00fc<\/strong>: 0-180 BPM aras\u0131nda de\u011fi\u015fen nab\u0131z h\u0131z\u0131 ile senaryo \u00e7e\u015fitlili\u011fi<\/p>\n<\/li>\n<li data-start=\"1552\" data-end=\"1609\">\n<p data-start=\"1554\" data-end=\"1609\">\ud83e\uddea <strong data-start=\"1557\" data-end=\"1607\">Subkutan ve intram\u00fcsk\u00fcler enjeksiyon b\u00f6lgeleri<\/strong><\/p>\n<\/li>\n<li data-start=\"1610\" data-end=\"1721\">\n<p data-start=\"1612\" data-end=\"1721\">\ud83e\uddb4 <strong data-start=\"1615\" data-end=\"1650\">\u0130ntraosse\u00f6z (IO) giri\u015fim imkan\u0131<\/strong>: Humerus \u00fczerinden kemik i\u00e7i eri\u015fim ve s\u00fcrekli inf\u00fczyon uygulamalar\u0131<\/p>\n<\/li>\n<li data-start=\"1722\" data-end=\"1802\">\n<p data-start=\"1724\" data-end=\"1802\">\ud83d\udca7 <strong data-start=\"1727\" data-end=\"1746\">D\u0131\u015f kan torbas\u0131<\/strong> ile s\u00fcrekli s\u0131v\u0131 besleme ve damar bas\u0131nc\u0131 sim\u00fclasyonu<\/p>\n<\/li>\n<li data-start=\"1803\" data-end=\"1901\">\n<p data-start=\"1805\" data-end=\"1901\">\ud83d\udd04 <strong data-start=\"1808\" data-end=\"1847\">Kolay de\u011fi\u015ftirilebilir damar yap\u0131s\u0131<\/strong>: Uzun s\u00fcreli kullan\u0131m i\u00e7in pratik ve hijyenik \u00e7\u00f6z\u00fcm<\/p>\n<\/li>\n<li data-start=\"1902\" data-end=\"1957\">\n<p data-start=\"1904\" data-end=\"1957\">\u2699\ufe0f <strong data-start=\"1907\" data-end=\"1955\">Ba\u011f\u0131ms\u0131z kullan\u0131m veya stand ile entegrasyon<\/strong><\/p>\n<\/li>\n<li data-start=\"1958\" data-end=\"2033\">\n<p data-start=\"1960\" data-end=\"2033\">\u2705 <strong data-start=\"1962\" data-end=\"1980\">Lateks i\u00e7ermez<\/strong>: Alerjen riski olu\u015fturmaz, g\u00fcvenli kullan\u0131m sa\u011flar<\/p>\n<\/li>\n<li data-start=\"2034\" data-end=\"2225\">\n<p data-start=\"2036\" data-end=\"2059\">\ud83d\udce6 <strong data-start=\"2039\" data-end=\"2057\">Paket \u0130\u00e7eri\u011fi:<\/strong><\/p>\n<ul data-start=\"2062\" data-end=\"2225\">\n<li data-start=\"2062\" data-end=\"2096\">\n<p data-start=\"2064\" data-end=\"2096\">S405.100 Pediatrik E\u011fitim Kolu<\/p>\n<\/li>\n<li data-start=\"2099\" data-end=\"2118\">\n<p data-start=\"2101\" data-end=\"2118\">Kontrol \u00fcnitesi<\/p>\n<\/li>\n<li data-start=\"2121\" data-end=\"2136\">\n<p data-start=\"2123\" data-end=\"2136\">Kan torbas\u0131<\/p>\n<\/li>\n<li data-start=\"2139\" data-end=\"2155\">\n<p data-start=\"2141\" data-end=\"2155\">G\u00fc\u00e7 adapt\u00f6r\u00fc<\/p>\n<\/li>\n<li data-start=\"2158\" data-end=\"2175\">\n<p data-start=\"2160\" data-end=\"2175\">Aksesuar seti<\/p>\n<\/li>\n<li data-start=\"2178\" data-end=\"2199\">\n<p data-start=\"2180\" data-end=\"2199\">Kullan\u0131m k\u0131lavuzu<\/p>\n<\/li>\n<li data-start=\"2202\" data-end=\"2225\">\n<p data-start=\"2204\" data-end=\"2225\">1 Y\u0131l S\u0131n\u0131rl\u0131 Garanti<\/p>\n<\/li>\n<\/ul>\n<\/li>\n<\/ul>\n<p data-start=\"2227\" data-end=\"2434\">Bu geli\u015fmi\u015f pediatrik kol modeli, \u00f6zellikle k\u00fc\u00e7\u00fck ya\u015ftaki hastalar \u00fczerinde giri\u015fimsel uygulamalar\u0131n do\u011fru tekniklerle ve empatiyle \u00f6\u011fretilmesine olanak tan\u0131r. Klinik beceri e\u011fitimi i\u00e7in ideal bir tercihtir.<\/p>\n","protected":false},"excerpt":{"rendered":"<p data-start=\"2475\" data-end=\"2672\">5 ya\u015f \u00e7ocuk anatomisine uygun olarak geli\u015ftirilen bu e\u011fitim kolu, IV ve arteriyel eri\u015fim, subkutan\/IM enjeksiyon, IO uygulama ve kan alma e\u011fitimleri i\u00e7in profesyonel pediatrik sim\u00fclasyon \u00e7\u00f6z\u00fcm\u00fcd\u00fcr.<\/p>\n","protected":false},"featured_media":482,"comment_status":"open","ping_status":"closed","template":"","meta":[],"product_brand":[948],"product_cat":[15,947,1205],"product_tag":[1282,700,703,1280,1281,1279,1278,1277,1276,1275,249],"class_list":{"0":"post-481","1":"product","2":"type-product","3":"status-publish","4":"has-post-thumbnail","6":"product_brand-gaumard-scientific","7":"product_cat-genel","8":"product_cat-gaumard-scientific","9":"product_cat-gaumard-skill-trainer","10":"product_tag-cocuk-damar-ici-uygulama","11":"product_tag-cocuk-damar-yolu-egitimi","12":"product_tag-cocuk-simulasyon-kolu","13":"product_tag-gaumard-s405-100","14":"product_tag-hemsirelik-egitimi-pediatrik","15":"product_tag-im-enjeksiyon-pediatrik","16":"product_tag-intraosseoz-egitim-kolu","17":"product_tag-kan-alma-egitimi-pediatri","18":"product_tag-pediatrik-arteriyel-girisim","19":"product_tag-pediatrik-iv-egitim-kolu","20":"product_tag-tibbi-egitim-simulatoru","22":"first","23":"instock","24":"shipping-taxable","25":"product-type-simple"},"yoast_head":"<!-- This site is optimized with the Yoast SEO plugin v25.2 - https:\/\/yoast.com\/wordpress\/plugins\/seo\/ -->\n<title>5 Ya\u015f Pediatrik IV ve Arteriyel Eri\u015fim E\u011fitim Kolu \u2013 S405.100R | Ger\u00e7ek\u00e7i \u00c7ocuk Damar Giri\u015fim Sim\u00fclat\u00f6r\u00fc - Merkim Maket<\/title>\n<meta name=\"description\" content=\"5 Ya\u015f Pediatrik IV ve Arteriyel Eri\u015fim E\u011fitim Kolu (S405.100); \u00e7ocuk anatomisine uygun, damar i\u00e7i, arteriyel, subkutan, IM ve intraosse\u00f6z uygulamalar\u0131 kapsayan profesyonel t\u0131bbi e\u011fitim sim\u00fclat\u00f6r\u00fcd\u00fcr.\" \/>\n<meta name=\"robots\" content=\"index, follow, max-snippet:-1, max-image-preview:large, max-video-preview:-1\" \/>\n<link rel=\"canonical\" href=\"https:\/\/merkim.com.tr\/merkim-maket\/urun\/5-yas-pediatrik-iv-ve-arteriyel-erisim-egitim-kolu-s405-100r-gercekci-cocuk-damar-girisim-simulatoru\/\" \/>\n<meta property=\"og:locale\" content=\"tr_TR\" \/>\n<meta property=\"og:type\" content=\"article\" \/>\n<meta property=\"og:title\" content=\"5 Ya\u015f Pediatrik IV ve Arteriyel Eri\u015fim E\u011fitim Kolu \u2013 S405.100R | Ger\u00e7ek\u00e7i \u00c7ocuk Damar Giri\u015fim Sim\u00fclat\u00f6r\u00fc - Merkim Maket\" \/>\n<meta property=\"og:description\" content=\"5 Ya\u015f Pediatrik IV ve Arteriyel Eri\u015fim E\u011fitim Kolu (S405.100); \u00e7ocuk anatomisine uygun, damar i\u00e7i, arteriyel, subkutan, IM ve intraosse\u00f6z uygulamalar\u0131 kapsayan profesyonel t\u0131bbi e\u011fitim sim\u00fclat\u00f6r\u00fcd\u00fcr.\" \/>\n<meta property=\"og:url\" content=\"https:\/\/merkim.com.tr\/merkim-maket\/urun\/5-yas-pediatrik-iv-ve-arteriyel-erisim-egitim-kolu-s405-100r-gercekci-cocuk-damar-girisim-simulatoru\/\" \/>\n<meta property=\"og:site_name\" content=\"Merkim Maket\" \/>\n<meta property=\"og:image\" content=\"https:\/\/merkim.com.tr\/merkim-maket\/wp-content\/uploads\/2025\/07\/5-yas-pediatrik-iv-arteriyel-erisim-egitim-kolu-gaumard.png\" \/>\n\t<meta property=\"og:image:width\" content=\"1000\" \/>\n\t<meta property=\"og:image:height\" content=\"664\" \/>\n\t<meta property=\"og:image:type\" content=\"image\/png\" \/>\n<meta name=\"twitter:card\" content=\"summary_large_image\" \/>\n<meta name=\"twitter:label1\" content=\"Tahmini okuma s\u00fcresi\" \/>\n\t<meta name=\"twitter:data1\" content=\"2 dakika\" \/>\n<script type=\"application\/ld+json\" class=\"yoast-schema-graph\">{\"@context\":\"https:\/\/schema.org\",\"@graph\":[{\"@type\":\"WebPage\",\"@id\":\"https:\/\/merkim.com.tr\/merkim-maket\/urun\/5-yas-pediatrik-iv-ve-arteriyel-erisim-egitim-kolu-s405-100r-gercekci-cocuk-damar-girisim-simulatoru\/\",\"url\":\"https:\/\/merkim.com.tr\/merkim-maket\/urun\/5-yas-pediatrik-iv-ve-arteriyel-erisim-egitim-kolu-s405-100r-gercekci-cocuk-damar-girisim-simulatoru\/\",\"name\":\"5 Ya\u015f Pediatrik IV ve Arteriyel Eri\u015fim E\u011fitim Kolu \u2013 S405.100R | Ger\u00e7ek\u00e7i \u00c7ocuk Damar Giri\u015fim Sim\u00fclat\u00f6r\u00fc - Merkim Maket\",\"isPartOf\":{\"@id\":\"https:\/\/merkim.com.tr\/merkim-maket\/#website\"},\"primaryImageOfPage\":{\"@id\":\"https:\/\/merkim.com.tr\/merkim-maket\/urun\/5-yas-pediatrik-iv-ve-arteriyel-erisim-egitim-kolu-s405-100r-gercekci-cocuk-damar-girisim-simulatoru\/#primaryimage\"},\"image\":{\"@id\":\"https:\/\/merkim.com.tr\/merkim-maket\/urun\/5-yas-pediatrik-iv-ve-arteriyel-erisim-egitim-kolu-s405-100r-gercekci-cocuk-damar-girisim-simulatoru\/#primaryimage\"},\"thumbnailUrl\":\"https:\/\/merkim.com.tr\/merkim-maket\/wp-content\/uploads\/2025\/07\/5-yas-pediatrik-iv-arteriyel-erisim-egitim-kolu-gaumard.png\",\"datePublished\":\"2025-07-06T09:13:27+00:00\",\"description\":\"5 Ya\u015f Pediatrik IV ve Arteriyel Eri\u015fim E\u011fitim Kolu (S405.100); \u00e7ocuk anatomisine uygun, damar i\u00e7i, arteriyel, subkutan, IM ve intraosse\u00f6z uygulamalar\u0131 kapsayan profesyonel t\u0131bbi e\u011fitim sim\u00fclat\u00f6r\u00fcd\u00fcr.\",\"breadcrumb\":{\"@id\":\"https:\/\/merkim.com.tr\/merkim-maket\/urun\/5-yas-pediatrik-iv-ve-arteriyel-erisim-egitim-kolu-s405-100r-gercekci-cocuk-damar-girisim-simulatoru\/#breadcrumb\"},\"inLanguage\":\"tr\",\"potentialAction\":[{\"@type\":\"ReadAction\",\"target\":[\"https:\/\/merkim.com.tr\/merkim-maket\/urun\/5-yas-pediatrik-iv-ve-arteriyel-erisim-egitim-kolu-s405-100r-gercekci-cocuk-damar-girisim-simulatoru\/\"]}]},{\"@type\":\"ImageObject\",\"inLanguage\":\"tr\",\"@id\":\"https:\/\/merkim.com.tr\/merkim-maket\/urun\/5-yas-pediatrik-iv-ve-arteriyel-erisim-egitim-kolu-s405-100r-gercekci-cocuk-damar-girisim-simulatoru\/#primaryimage\",\"url\":\"https:\/\/merkim.com.tr\/merkim-maket\/wp-content\/uploads\/2025\/07\/5-yas-pediatrik-iv-arteriyel-erisim-egitim-kolu-gaumard.png\",\"contentUrl\":\"https:\/\/merkim.com.tr\/merkim-maket\/wp-content\/uploads\/2025\/07\/5-yas-pediatrik-iv-arteriyel-erisim-egitim-kolu-gaumard.png\",\"width\":1000,\"height\":664,\"caption\":\"\u00c7ocuk IV, arteriyel, subkutan, IM ve IO uygulama i\u00e7in e\u011fitim sim\u00fclasyonu\"},{\"@type\":\"BreadcrumbList\",\"@id\":\"https:\/\/merkim.com.tr\/merkim-maket\/urun\/5-yas-pediatrik-iv-ve-arteriyel-erisim-egitim-kolu-s405-100r-gercekci-cocuk-damar-girisim-simulatoru\/#breadcrumb\",\"itemListElement\":[{\"@type\":\"ListItem\",\"position\":1,\"name\":\"Anasayfa\",\"item\":\"https:\/\/merkim.com.tr\/merkim-maket\/\"},{\"@type\":\"ListItem\",\"position\":2,\"name\":\"Ma\u011faza\",\"item\":\"https:\/\/merkim.com.tr\/merkim-maket\/magaza\/\"},{\"@type\":\"ListItem\",\"position\":3,\"name\":\"5 Ya\u015f Pediatrik IV ve Arteriyel Eri\u015fim E\u011fitim Kolu \u2013 S405.100R | Ger\u00e7ek\u00e7i \u00c7ocuk Damar Giri\u015fim Sim\u00fclat\u00f6r\u00fc\"}]},{\"@type\":\"WebSite\",\"@id\":\"https:\/\/merkim.com.tr\/merkim-maket\/#website\",\"url\":\"https:\/\/merkim.com.tr\/merkim-maket\/\",\"name\":\"Merkim Maket\",\"description\":\"\",\"potentialAction\":[{\"@type\":\"SearchAction\",\"target\":{\"@type\":\"EntryPoint\",\"urlTemplate\":\"https:\/\/merkim.com.tr\/merkim-maket\/?s={search_term_string}\"},\"query-input\":{\"@type\":\"PropertyValueSpecification\",\"valueRequired\":true,\"valueName\":\"search_term_string\"}}],\"inLanguage\":\"tr\"}]}<\/script>\n<!-- \/ Yoast SEO plugin. -->","yoast_head_json":{"title":"5 Ya\u015f Pediatrik IV ve Arteriyel Eri\u015fim E\u011fitim Kolu \u2013 S405.100R | Ger\u00e7ek\u00e7i \u00c7ocuk Damar Giri\u015fim Sim\u00fclat\u00f6r\u00fc - Merkim Maket","description":"5 Ya\u015f Pediatrik IV ve Arteriyel Eri\u015fim E\u011fitim Kolu (S405.100); \u00e7ocuk anatomisine uygun, damar i\u00e7i, arteriyel, subkutan, IM ve intraosse\u00f6z uygulamalar\u0131 kapsayan profesyonel t\u0131bbi e\u011fitim sim\u00fclat\u00f6r\u00fcd\u00fcr.","robots":{"index":"index","follow":"follow","max-snippet":"max-snippet:-1","max-image-preview":"max-image-preview:large","max-video-preview":"max-video-preview:-1"},"canonical":"https:\/\/merkim.com.tr\/merkim-maket\/urun\/5-yas-pediatrik-iv-ve-arteriyel-erisim-egitim-kolu-s405-100r-gercekci-cocuk-damar-girisim-simulatoru\/","og_locale":"tr_TR","og_type":"article","og_title":"5 Ya\u015f Pediatrik IV ve Arteriyel Eri\u015fim E\u011fitim Kolu \u2013 S405.100R | Ger\u00e7ek\u00e7i \u00c7ocuk Damar Giri\u015fim Sim\u00fclat\u00f6r\u00fc - Merkim Maket","og_description":"5 Ya\u015f Pediatrik IV ve Arteriyel Eri\u015fim E\u011fitim Kolu (S405.100); \u00e7ocuk anatomisine uygun, damar i\u00e7i, arteriyel, subkutan, IM ve intraosse\u00f6z uygulamalar\u0131 kapsayan profesyonel t\u0131bbi e\u011fitim sim\u00fclat\u00f6r\u00fcd\u00fcr.","og_url":"https:\/\/merkim.com.tr\/merkim-maket\/urun\/5-yas-pediatrik-iv-ve-arteriyel-erisim-egitim-kolu-s405-100r-gercekci-cocuk-damar-girisim-simulatoru\/","og_site_name":"Merkim Maket","og_image":[{"width":1000,"height":664,"url":"https:\/\/merkim.com.tr\/merkim-maket\/wp-content\/uploads\/2025\/07\/5-yas-pediatrik-iv-arteriyel-erisim-egitim-kolu-gaumard.png","type":"image\/png"}],"twitter_card":"summary_large_image","twitter_misc":{"Tahmini okuma s\u00fcresi":"2 dakika"},"schema":{"@context":"https:\/\/schema.org","@graph":[{"@type":"WebPage","@id":"https:\/\/merkim.com.tr\/merkim-maket\/urun\/5-yas-pediatrik-iv-ve-arteriyel-erisim-egitim-kolu-s405-100r-gercekci-cocuk-damar-girisim-simulatoru\/","url":"https:\/\/merkim.com.tr\/merkim-maket\/urun\/5-yas-pediatrik-iv-ve-arteriyel-erisim-egitim-kolu-s405-100r-gercekci-cocuk-damar-girisim-simulatoru\/","name":"5 Ya\u015f Pediatrik IV ve Arteriyel Eri\u015fim E\u011fitim Kolu \u2013 S405.100R | Ger\u00e7ek\u00e7i \u00c7ocuk Damar Giri\u015fim Sim\u00fclat\u00f6r\u00fc - Merkim Maket","isPartOf":{"@id":"https:\/\/merkim.com.tr\/merkim-maket\/#website"},"primaryImageOfPage":{"@id":"https:\/\/merkim.com.tr\/merkim-maket\/urun\/5-yas-pediatrik-iv-ve-arteriyel-erisim-egitim-kolu-s405-100r-gercekci-cocuk-damar-girisim-simulatoru\/#primaryimage"},"image":{"@id":"https:\/\/merkim.com.tr\/merkim-maket\/urun\/5-yas-pediatrik-iv-ve-arteriyel-erisim-egitim-kolu-s405-100r-gercekci-cocuk-damar-girisim-simulatoru\/#primaryimage"},"thumbnailUrl":"https:\/\/merkim.com.tr\/merkim-maket\/wp-content\/uploads\/2025\/07\/5-yas-pediatrik-iv-arteriyel-erisim-egitim-kolu-gaumard.png","datePublished":"2025-07-06T09:13:27+00:00","description":"5 Ya\u015f Pediatrik IV ve Arteriyel Eri\u015fim E\u011fitim Kolu (S405.100); \u00e7ocuk anatomisine uygun, damar i\u00e7i, arteriyel, subkutan, IM ve intraosse\u00f6z uygulamalar\u0131 kapsayan profesyonel t\u0131bbi e\u011fitim sim\u00fclat\u00f6r\u00fcd\u00fcr.","breadcrumb":{"@id":"https:\/\/merkim.com.tr\/merkim-maket\/urun\/5-yas-pediatrik-iv-ve-arteriyel-erisim-egitim-kolu-s405-100r-gercekci-cocuk-damar-girisim-simulatoru\/#breadcrumb"},"inLanguage":"tr","potentialAction":[{"@type":"ReadAction","target":["https:\/\/merkim.com.tr\/merkim-maket\/urun\/5-yas-pediatrik-iv-ve-arteriyel-erisim-egitim-kolu-s405-100r-gercekci-cocuk-damar-girisim-simulatoru\/"]}]},{"@type":"ImageObject","inLanguage":"tr","@id":"https:\/\/merkim.com.tr\/merkim-maket\/urun\/5-yas-pediatrik-iv-ve-arteriyel-erisim-egitim-kolu-s405-100r-gercekci-cocuk-damar-girisim-simulatoru\/#primaryimage","url":"https:\/\/merkim.com.tr\/merkim-maket\/wp-content\/uploads\/2025\/07\/5-yas-pediatrik-iv-arteriyel-erisim-egitim-kolu-gaumard.png","contentUrl":"https:\/\/merkim.com.tr\/merkim-maket\/wp-content\/uploads\/2025\/07\/5-yas-pediatrik-iv-arteriyel-erisim-egitim-kolu-gaumard.png","width":1000,"height":664,"caption":"\u00c7ocuk IV, arteriyel, subkutan, IM ve IO uygulama i\u00e7in e\u011fitim sim\u00fclasyonu"},{"@type":"BreadcrumbList","@id":"https:\/\/merkim.com.tr\/merkim-maket\/urun\/5-yas-pediatrik-iv-ve-arteriyel-erisim-egitim-kolu-s405-100r-gercekci-cocuk-damar-girisim-simulatoru\/#breadcrumb","itemListElement":[{"@type":"ListItem","position":1,"name":"Anasayfa","item":"https:\/\/merkim.com.tr\/merkim-maket\/"},{"@type":"ListItem","position":2,"name":"Ma\u011faza","item":"https:\/\/merkim.com.tr\/merkim-maket\/magaza\/"},{"@type":"ListItem","position":3,"name":"5 Ya\u015f Pediatrik IV ve Arteriyel Eri\u015fim E\u011fitim Kolu \u2013 S405.100R | Ger\u00e7ek\u00e7i \u00c7ocuk Damar Giri\u015fim Sim\u00fclat\u00f6r\u00fc"}]},{"@type":"WebSite","@id":"https:\/\/merkim.com.tr\/merkim-maket\/#website","url":"https:\/\/merkim.com.tr\/merkim-maket\/","name":"Merkim Maket","description":"","potentialAction":[{"@type":"SearchAction","target":{"@type":"EntryPoint","urlTemplate":"https:\/\/merkim.com.tr\/merkim-maket\/?s={search_term_string}"},"query-input":{"@type":"PropertyValueSpecification","valueRequired":true,"valueName":"search_term_string"}}],"inLanguage":"tr"}]}},"_links":{"self":[{"href":"https:\/\/merkim.com.tr\/merkim-maket\/wp-json\/wp\/v2\/product\/481","targetHints":{"allow":["GET"]}}],"collection":[{"href":"https:\/\/merkim.com.tr\/merkim-maket\/wp-json\/wp\/v2\/product"}],"about":[{"href":"https:\/\/merkim.com.tr\/merkim-maket\/wp-json\/wp\/v2\/types\/product"}],"replies":[{"embeddable":true,"href":"https:\/\/merkim.com.tr\/merkim-maket\/wp-json\/wp\/v2\/comments?post=481"}],"wp:featuredmedia":[{"embeddable":true,"href":"https:\/\/merkim.com.tr\/merkim-maket\/wp-json\/wp\/v2\/media\/482"}],"wp:attachment":[{"href":"https:\/\/merkim.com.tr\/merkim-maket\/wp-json\/wp\/v2\/media?parent=481"}],"wp:term":[{"taxonomy":"product_brand","embeddable":true,"href":"https:\/\/merkim.com.tr\/merkim-maket\/wp-json\/wp\/v2\/product_brand?post=481"},{"taxonomy":"product_cat","embeddable":true,"href":"https:\/\/merkim.com.tr\/merkim-maket\/wp-json\/wp\/v2\/product_cat?post=481"},{"taxonomy":"product_tag","embeddable":true,"href":"https:\/\/merkim.com.tr\/merkim-maket\/wp-json\/wp\/v2\/product_tag?post=481"}],"curies":[{"name":"wp","href":"https:\/\/api.w.org\/{rel}","templated":true}]}}