{"id":479,"date":"2025-07-06T08:41:12","date_gmt":"2025-07-06T08:41:12","guid":{"rendered":"https:\/\/merkim.com.tr\/merkim-maket\/?post_type=product&#038;p=479"},"modified":"2025-07-06T08:41:13","modified_gmt":"2025-07-06T08:41:13","slug":"s-m-a-s-h-gelismis-iv-egitim-kolu-s402-100-hemodiyaliz-enjeksiyon-ve-sutur-simulasyonu","status":"publish","type":"product","link":"https:\/\/merkim.com.tr\/merkim-maket\/urun\/s-m-a-s-h-gelismis-iv-egitim-kolu-s402-100-hemodiyaliz-enjeksiyon-ve-sutur-simulasyonu\/","title":{"rendered":"S.M.A.S.H Geli\u015fmi\u015f IV E\u011fitim Kolu \u2013 S402.100 | Hemodiyaliz, Enjeksiyon ve S\u00fct\u00fcr Sim\u00fclasyonu"},"content":{"rendered":"<p data-start=\"358\" data-end=\"742\"><strong data-start=\"358\" data-end=\"418\">S.M.A.S.H Advanced IV Training Arm (Model: S402.100R.PK)<\/strong>, Gaumard taraf\u0131ndan sa\u011fl\u0131k e\u011fitimi alan\u0131nda profesyonel kullan\u0131m i\u00e7in geli\u015ftirilen son derece kapsaml\u0131 ve ger\u00e7ek\u00e7i bir damar i\u00e7i e\u011fitim sim\u00fclat\u00f6r\u00fcd\u00fcr. \u0130lk olarak 1986 y\u0131l\u0131nda tan\u0131t\u0131lan bu \u201cd\u00fcnya standard\u0131\u201d \u00fcr\u00fcn, son nesil teknolojilerle g\u00fcncellenerek hem g\u00f6rsel hem de fonksiyonel olarak daha geli\u015fmi\u015f hale getirilmi\u015ftir.<\/p>\n<p data-start=\"744\" data-end=\"984\">Bu geli\u015fmi\u015f IV kolu; intraven\u00f6z uygulama, arteriyel eri\u015fim, hemodiyaliz, AV fist\u00fcl ve greft yerle\u015ftirme, enjeksiyon, kesi ve s\u00fct\u00fcr e\u011fitimlerini tek bir platformda birle\u015ftiren, \u00e7ok y\u00f6nl\u00fc ve y\u00fcksek ger\u00e7eklikte bir medikal sim\u00fclasyon arac\u0131d\u0131r.<\/p>\n<p data-start=\"986\" data-end=\"2309\"><strong data-start=\"986\" data-end=\"1009\">Ba\u015fl\u0131ca \u00d6zellikler:<\/strong><br data-start=\"1009\" data-end=\"1012\" \/>\u2705 <strong data-start=\"1014\" data-end=\"1060\">Mikropompa ile arteriyel nab\u0131z sim\u00fclasyonu<\/strong>: Omuz i\u00e7ine yerle\u015ftirilmi\u015f sessiz \u00e7al\u0131\u015fan mikropompa sayesinde de\u011fi\u015fken nab\u0131z h\u0131z\u0131 (10-150 BPM) ve at\u0131m g\u00fcc\u00fcyle arteriyel ak\u0131\u015f kontrol\u00fc sa\u011flar.<br data-start=\"1204\" data-end=\"1207\" \/>\u2705 <strong data-start=\"1209\" data-end=\"1238\">Arteriyel ve ven\u00f6z sistem<\/strong>: Radyal ve brakiyal arterler ile birlikte ba\u015fl\u0131ca y\u00fczeyel damarlar (safen, basilic, cephalic, ulnar) \u00fczerinden enjeksiyon ve kan alma e\u011fitimi yap\u0131labilir.<br data-start=\"1393\" data-end=\"1396\" \/>\u2705 <strong data-start=\"1398\" data-end=\"1428\">AV fist\u00fcl ve greft e\u011fitimi<\/strong>: Kol \u00fczerinde de\u011fi\u015ftirilebilir arteriyel\/ven\u00f6z ek par\u00e7alar ile arterioven\u00f6z fist\u00fcl olu\u015fturma ve greft yerle\u015ftirme prati\u011fi yap\u0131labilir.<br data-start=\"1563\" data-end=\"1566\" \/>\u2705 <strong data-start=\"1568\" data-end=\"1602\">Hemodiyaliz uygulama platformu<\/strong>: Ger\u00e7ek\u00e7i fist\u00fcl insertleri \u00fczerinden diyaliz e\u011fitimi yap\u0131labilir.<br data-start=\"1669\" data-end=\"1672\" \/>\u2705 <strong data-start=\"1674\" data-end=\"1723\">Subkutan ve intram\u00fcsk\u00fcler enjeksiyon alanlar\u0131<\/strong>: \u00d6n kolun volar y\u00fcz\u00fc ve \u00fcst kolun lateral b\u00f6lgesinde deri alt\u0131, \u00fcst kolda ise kas i\u00e7i enjeksiyon alanlar\u0131 yer al\u0131r.<br data-start=\"1839\" data-end=\"1842\" \/>\u2705 <strong data-start=\"1844\" data-end=\"1870\">Kesim ve diki\u015f e\u011fitimi<\/strong>: Biseps b\u00f6lgesinde \u00e7ok katmanl\u0131 (deri, doku, kas) yap\u0131 sayesinde cerrahi kesi ve s\u00fct\u00fcr e\u011fitimleri yap\u0131labilir.<br data-start=\"1981\" data-end=\"1984\" \/>\u2705 <strong data-start=\"1986\" data-end=\"2021\">Ger\u00e7ek\u00e7i dokunsal geri bildirim<\/strong>: T\u00fcm enjeksiyon, kesim, diki\u015f ve damar uygulamalar\u0131 ger\u00e7ek doku hissi verir.<br data-start=\"2098\" data-end=\"2101\" \/>\u2705 <strong data-start=\"2103\" data-end=\"2149\">Kolay kurulum ve de\u011fi\u015ftirilebilir par\u00e7alar<\/strong>: Tak-\u00e7al\u0131\u015ft\u0131r sistemli insertler kolayca de\u011fi\u015ftirilebilir.<br data-start=\"2208\" data-end=\"2211\" \/>\u2705 <strong data-start=\"2213\" data-end=\"2231\">Lateks i\u00e7ermez<\/strong>: T\u00fcm damar ve doku materyalleri yeni nesil latekssiz malzemeden \u00fcretilmi\u015ftir.<\/p>\n<p data-start=\"2311\" data-end=\"2335\"><strong data-start=\"2311\" data-end=\"2333\">Kullan\u0131m Alanlar\u0131:<\/strong><\/p>\n<ul data-start=\"2336\" data-end=\"2502\">\n<li data-start=\"2336\" data-end=\"2369\">\n<p data-start=\"2338\" data-end=\"2369\">Hem\u015firelik ve t\u0131p fak\u00fclteleri<\/p>\n<\/li>\n<li data-start=\"2370\" data-end=\"2403\">\n<p data-start=\"2372\" data-end=\"2403\">Klinik beceri laboratuvarlar\u0131<\/p>\n<\/li>\n<li data-start=\"2404\" data-end=\"2436\">\n<p data-start=\"2406\" data-end=\"2436\">Diyaliz teknikerli\u011fi e\u011fitimi<\/p>\n<\/li>\n<li data-start=\"2437\" data-end=\"2471\">\n<p data-start=\"2439\" data-end=\"2471\">Cerrahi asistanl\u0131k programlar\u0131<\/p>\n<\/li>\n<li data-start=\"2472\" data-end=\"2502\">\n<p data-start=\"2474\" data-end=\"2502\">Acil t\u0131p uygulama merkezleri<\/p>\n<\/li>\n<\/ul>\n","protected":false},"excerpt":{"rendered":"<p>S.M.A.S.H Geli\u015fmi\u015f IV E\u011fitim Kolu; IV enjeksiyon, arteriyel uygulama, hemodiyaliz, AV fist\u00fcl\/greft yerle\u015ftirme, s\u00fct\u00fcr ve kesi e\u011fitimleri i\u00e7in \u00e7ok y\u00f6nl\u00fc, ger\u00e7ek\u00e7i bir t\u0131bbi sim\u00fclasyon koludur.<\/p>\n","protected":false},"featured_media":480,"comment_status":"open","ping_status":"closed","template":"","meta":[],"product_brand":[948],"product_cat":[15,947,1205],"product_tag":[1274,1267,1270,1269,1271,1266,21,1249,1273,1272,1268,249],"class_list":{"0":"post-479","1":"product","2":"type-product","3":"status-publish","4":"has-post-thumbnail","6":"product_brand-gaumard-scientific","7":"product_cat-genel","8":"product_cat-gaumard-scientific","9":"product_cat-gaumard-skill-trainer","10":"product_tag-arteriyel-erisim-egitimi","11":"product_tag-av-fistul-simulatoru","12":"product_tag-damar-ici-uygulama-egitimi","13":"product_tag-enjeksiyon-egitim-maketi","14":"product_tag-gaumard-s402-100","15":"product_tag-hemodiyaliz-egitimi","16":"product_tag-hemsirelik-egitimi","17":"product_tag-iv-egitim-kolu","18":"product_tag-klinik-beceri-laboratuvari","19":"product_tag-smash-iv-kolu","20":"product_tag-sutur-egitimi-kolu","21":"product_tag-tibbi-egitim-simulatoru","23":"first","24":"instock","25":"shipping-taxable","26":"product-type-simple"},"yoast_head":"<!-- This site is optimized with the Yoast SEO plugin v25.2 - https:\/\/yoast.com\/wordpress\/plugins\/seo\/ -->\n<title>S.M.A.S.H Geli\u015fmi\u015f IV E\u011fitim Kolu \u2013 S402.100 | Hemodiyaliz, Enjeksiyon ve S\u00fct\u00fcr Sim\u00fclasyonu - Merkim Maket<\/title>\n<meta name=\"description\" content=\"S.M.A.S.H Geli\u015fmi\u015f IV E\u011fitim Kolu (S402.100); arteriyel-ven\u00f6z eri\u015fim, enjeksiyon, hemodiyaliz ve cerrahi e\u011fitimler i\u00e7in kapsaml\u0131, ger\u00e7ek\u00e7i ve latekssiz t\u0131bbi sim\u00fclasyon \u00e7\u00f6z\u00fcm\u00fcd\u00fcr.\" \/>\n<meta name=\"robots\" content=\"index, follow, max-snippet:-1, max-image-preview:large, max-video-preview:-1\" \/>\n<link rel=\"canonical\" href=\"https:\/\/merkim.com.tr\/merkim-maket\/urun\/s-m-a-s-h-gelismis-iv-egitim-kolu-s402-100-hemodiyaliz-enjeksiyon-ve-sutur-simulasyonu\/\" \/>\n<meta property=\"og:locale\" content=\"tr_TR\" \/>\n<meta property=\"og:type\" content=\"article\" \/>\n<meta property=\"og:title\" content=\"S.M.A.S.H Geli\u015fmi\u015f IV E\u011fitim Kolu \u2013 S402.100 | Hemodiyaliz, Enjeksiyon ve S\u00fct\u00fcr Sim\u00fclasyonu - Merkim Maket\" \/>\n<meta property=\"og:description\" content=\"S.M.A.S.H Geli\u015fmi\u015f IV E\u011fitim Kolu (S402.100); arteriyel-ven\u00f6z eri\u015fim, enjeksiyon, hemodiyaliz ve cerrahi e\u011fitimler i\u00e7in kapsaml\u0131, ger\u00e7ek\u00e7i ve latekssiz t\u0131bbi sim\u00fclasyon \u00e7\u00f6z\u00fcm\u00fcd\u00fcr.\" \/>\n<meta property=\"og:url\" content=\"https:\/\/merkim.com.tr\/merkim-maket\/urun\/s-m-a-s-h-gelismis-iv-egitim-kolu-s402-100-hemodiyaliz-enjeksiyon-ve-sutur-simulasyonu\/\" \/>\n<meta property=\"og:site_name\" content=\"Merkim Maket\" \/>\n<meta property=\"article:modified_time\" content=\"2025-07-06T08:41:13+00:00\" \/>\n<meta property=\"og:image\" content=\"https:\/\/merkim.com.tr\/merkim-maket\/wp-content\/uploads\/2025\/07\/smash-gelismis-iv-egitim-kolu-tibbi-simulator-gaumard.png\" \/>\n\t<meta property=\"og:image:width\" content=\"800\" \/>\n\t<meta property=\"og:image:height\" content=\"664\" \/>\n\t<meta property=\"og:image:type\" content=\"image\/png\" \/>\n<meta name=\"twitter:card\" content=\"summary_large_image\" \/>\n<meta name=\"twitter:label1\" content=\"Tahmini okuma s\u00fcresi\" \/>\n\t<meta name=\"twitter:data1\" content=\"2 dakika\" \/>\n<script type=\"application\/ld+json\" class=\"yoast-schema-graph\">{\"@context\":\"https:\/\/schema.org\",\"@graph\":[{\"@type\":\"WebPage\",\"@id\":\"https:\/\/merkim.com.tr\/merkim-maket\/urun\/s-m-a-s-h-gelismis-iv-egitim-kolu-s402-100-hemodiyaliz-enjeksiyon-ve-sutur-simulasyonu\/\",\"url\":\"https:\/\/merkim.com.tr\/merkim-maket\/urun\/s-m-a-s-h-gelismis-iv-egitim-kolu-s402-100-hemodiyaliz-enjeksiyon-ve-sutur-simulasyonu\/\",\"name\":\"S.M.A.S.H Geli\u015fmi\u015f IV E\u011fitim Kolu \u2013 S402.100 | Hemodiyaliz, Enjeksiyon ve S\u00fct\u00fcr Sim\u00fclasyonu - Merkim Maket\",\"isPartOf\":{\"@id\":\"https:\/\/merkim.com.tr\/merkim-maket\/#website\"},\"primaryImageOfPage\":{\"@id\":\"https:\/\/merkim.com.tr\/merkim-maket\/urun\/s-m-a-s-h-gelismis-iv-egitim-kolu-s402-100-hemodiyaliz-enjeksiyon-ve-sutur-simulasyonu\/#primaryimage\"},\"image\":{\"@id\":\"https:\/\/merkim.com.tr\/merkim-maket\/urun\/s-m-a-s-h-gelismis-iv-egitim-kolu-s402-100-hemodiyaliz-enjeksiyon-ve-sutur-simulasyonu\/#primaryimage\"},\"thumbnailUrl\":\"https:\/\/merkim.com.tr\/merkim-maket\/wp-content\/uploads\/2025\/07\/smash-gelismis-iv-egitim-kolu-tibbi-simulator-gaumard.png\",\"datePublished\":\"2025-07-06T08:41:12+00:00\",\"dateModified\":\"2025-07-06T08:41:13+00:00\",\"description\":\"S.M.A.S.H Geli\u015fmi\u015f IV E\u011fitim Kolu (S402.100); arteriyel-ven\u00f6z eri\u015fim, enjeksiyon, hemodiyaliz ve cerrahi e\u011fitimler i\u00e7in kapsaml\u0131, ger\u00e7ek\u00e7i ve latekssiz t\u0131bbi sim\u00fclasyon \u00e7\u00f6z\u00fcm\u00fcd\u00fcr.\",\"breadcrumb\":{\"@id\":\"https:\/\/merkim.com.tr\/merkim-maket\/urun\/s-m-a-s-h-gelismis-iv-egitim-kolu-s402-100-hemodiyaliz-enjeksiyon-ve-sutur-simulasyonu\/#breadcrumb\"},\"inLanguage\":\"tr\",\"potentialAction\":[{\"@type\":\"ReadAction\",\"target\":[\"https:\/\/merkim.com.tr\/merkim-maket\/urun\/s-m-a-s-h-gelismis-iv-egitim-kolu-s402-100-hemodiyaliz-enjeksiyon-ve-sutur-simulasyonu\/\"]}]},{\"@type\":\"ImageObject\",\"inLanguage\":\"tr\",\"@id\":\"https:\/\/merkim.com.tr\/merkim-maket\/urun\/s-m-a-s-h-gelismis-iv-egitim-kolu-s402-100-hemodiyaliz-enjeksiyon-ve-sutur-simulasyonu\/#primaryimage\",\"url\":\"https:\/\/merkim.com.tr\/merkim-maket\/wp-content\/uploads\/2025\/07\/smash-gelismis-iv-egitim-kolu-tibbi-simulator-gaumard.png\",\"contentUrl\":\"https:\/\/merkim.com.tr\/merkim-maket\/wp-content\/uploads\/2025\/07\/smash-gelismis-iv-egitim-kolu-tibbi-simulator-gaumard.png\",\"width\":800,\"height\":664,\"caption\":\"Arteriyel, ven\u00f6z eri\u015fim ve hemodiyaliz sim\u00fclasyonu i\u00e7in geli\u015fmi\u015f IV e\u011fitim kolu\"},{\"@type\":\"BreadcrumbList\",\"@id\":\"https:\/\/merkim.com.tr\/merkim-maket\/urun\/s-m-a-s-h-gelismis-iv-egitim-kolu-s402-100-hemodiyaliz-enjeksiyon-ve-sutur-simulasyonu\/#breadcrumb\",\"itemListElement\":[{\"@type\":\"ListItem\",\"position\":1,\"name\":\"Anasayfa\",\"item\":\"https:\/\/merkim.com.tr\/merkim-maket\/\"},{\"@type\":\"ListItem\",\"position\":2,\"name\":\"Ma\u011faza\",\"item\":\"https:\/\/merkim.com.tr\/merkim-maket\/magaza\/\"},{\"@type\":\"ListItem\",\"position\":3,\"name\":\"S.M.A.S.H Geli\u015fmi\u015f IV E\u011fitim Kolu \u2013 S402.100 | Hemodiyaliz, Enjeksiyon ve S\u00fct\u00fcr Sim\u00fclasyonu\"}]},{\"@type\":\"WebSite\",\"@id\":\"https:\/\/merkim.com.tr\/merkim-maket\/#website\",\"url\":\"https:\/\/merkim.com.tr\/merkim-maket\/\",\"name\":\"Merkim Maket\",\"description\":\"\",\"potentialAction\":[{\"@type\":\"SearchAction\",\"target\":{\"@type\":\"EntryPoint\",\"urlTemplate\":\"https:\/\/merkim.com.tr\/merkim-maket\/?s={search_term_string}\"},\"query-input\":{\"@type\":\"PropertyValueSpecification\",\"valueRequired\":true,\"valueName\":\"search_term_string\"}}],\"inLanguage\":\"tr\"}]}<\/script>\n<!-- \/ Yoast SEO plugin. -->","yoast_head_json":{"title":"S.M.A.S.H Geli\u015fmi\u015f IV E\u011fitim Kolu \u2013 S402.100 | Hemodiyaliz, Enjeksiyon ve S\u00fct\u00fcr Sim\u00fclasyonu - Merkim Maket","description":"S.M.A.S.H Geli\u015fmi\u015f IV E\u011fitim Kolu (S402.100); arteriyel-ven\u00f6z eri\u015fim, enjeksiyon, hemodiyaliz ve cerrahi e\u011fitimler i\u00e7in kapsaml\u0131, ger\u00e7ek\u00e7i ve latekssiz t\u0131bbi sim\u00fclasyon \u00e7\u00f6z\u00fcm\u00fcd\u00fcr.","robots":{"index":"index","follow":"follow","max-snippet":"max-snippet:-1","max-image-preview":"max-image-preview:large","max-video-preview":"max-video-preview:-1"},"canonical":"https:\/\/merkim.com.tr\/merkim-maket\/urun\/s-m-a-s-h-gelismis-iv-egitim-kolu-s402-100-hemodiyaliz-enjeksiyon-ve-sutur-simulasyonu\/","og_locale":"tr_TR","og_type":"article","og_title":"S.M.A.S.H Geli\u015fmi\u015f IV E\u011fitim Kolu \u2013 S402.100 | Hemodiyaliz, Enjeksiyon ve S\u00fct\u00fcr Sim\u00fclasyonu - Merkim Maket","og_description":"S.M.A.S.H Geli\u015fmi\u015f IV E\u011fitim Kolu (S402.100); arteriyel-ven\u00f6z eri\u015fim, enjeksiyon, hemodiyaliz ve cerrahi e\u011fitimler i\u00e7in kapsaml\u0131, ger\u00e7ek\u00e7i ve latekssiz t\u0131bbi sim\u00fclasyon \u00e7\u00f6z\u00fcm\u00fcd\u00fcr.","og_url":"https:\/\/merkim.com.tr\/merkim-maket\/urun\/s-m-a-s-h-gelismis-iv-egitim-kolu-s402-100-hemodiyaliz-enjeksiyon-ve-sutur-simulasyonu\/","og_site_name":"Merkim Maket","article_modified_time":"2025-07-06T08:41:13+00:00","og_image":[{"width":800,"height":664,"url":"https:\/\/merkim.com.tr\/merkim-maket\/wp-content\/uploads\/2025\/07\/smash-gelismis-iv-egitim-kolu-tibbi-simulator-gaumard.png","type":"image\/png"}],"twitter_card":"summary_large_image","twitter_misc":{"Tahmini okuma s\u00fcresi":"2 dakika"},"schema":{"@context":"https:\/\/schema.org","@graph":[{"@type":"WebPage","@id":"https:\/\/merkim.com.tr\/merkim-maket\/urun\/s-m-a-s-h-gelismis-iv-egitim-kolu-s402-100-hemodiyaliz-enjeksiyon-ve-sutur-simulasyonu\/","url":"https:\/\/merkim.com.tr\/merkim-maket\/urun\/s-m-a-s-h-gelismis-iv-egitim-kolu-s402-100-hemodiyaliz-enjeksiyon-ve-sutur-simulasyonu\/","name":"S.M.A.S.H Geli\u015fmi\u015f IV E\u011fitim Kolu \u2013 S402.100 | Hemodiyaliz, Enjeksiyon ve S\u00fct\u00fcr Sim\u00fclasyonu - Merkim Maket","isPartOf":{"@id":"https:\/\/merkim.com.tr\/merkim-maket\/#website"},"primaryImageOfPage":{"@id":"https:\/\/merkim.com.tr\/merkim-maket\/urun\/s-m-a-s-h-gelismis-iv-egitim-kolu-s402-100-hemodiyaliz-enjeksiyon-ve-sutur-simulasyonu\/#primaryimage"},"image":{"@id":"https:\/\/merkim.com.tr\/merkim-maket\/urun\/s-m-a-s-h-gelismis-iv-egitim-kolu-s402-100-hemodiyaliz-enjeksiyon-ve-sutur-simulasyonu\/#primaryimage"},"thumbnailUrl":"https:\/\/merkim.com.tr\/merkim-maket\/wp-content\/uploads\/2025\/07\/smash-gelismis-iv-egitim-kolu-tibbi-simulator-gaumard.png","datePublished":"2025-07-06T08:41:12+00:00","dateModified":"2025-07-06T08:41:13+00:00","description":"S.M.A.S.H Geli\u015fmi\u015f IV E\u011fitim Kolu (S402.100); arteriyel-ven\u00f6z eri\u015fim, enjeksiyon, hemodiyaliz ve cerrahi e\u011fitimler i\u00e7in kapsaml\u0131, ger\u00e7ek\u00e7i ve latekssiz t\u0131bbi sim\u00fclasyon \u00e7\u00f6z\u00fcm\u00fcd\u00fcr.","breadcrumb":{"@id":"https:\/\/merkim.com.tr\/merkim-maket\/urun\/s-m-a-s-h-gelismis-iv-egitim-kolu-s402-100-hemodiyaliz-enjeksiyon-ve-sutur-simulasyonu\/#breadcrumb"},"inLanguage":"tr","potentialAction":[{"@type":"ReadAction","target":["https:\/\/merkim.com.tr\/merkim-maket\/urun\/s-m-a-s-h-gelismis-iv-egitim-kolu-s402-100-hemodiyaliz-enjeksiyon-ve-sutur-simulasyonu\/"]}]},{"@type":"ImageObject","inLanguage":"tr","@id":"https:\/\/merkim.com.tr\/merkim-maket\/urun\/s-m-a-s-h-gelismis-iv-egitim-kolu-s402-100-hemodiyaliz-enjeksiyon-ve-sutur-simulasyonu\/#primaryimage","url":"https:\/\/merkim.com.tr\/merkim-maket\/wp-content\/uploads\/2025\/07\/smash-gelismis-iv-egitim-kolu-tibbi-simulator-gaumard.png","contentUrl":"https:\/\/merkim.com.tr\/merkim-maket\/wp-content\/uploads\/2025\/07\/smash-gelismis-iv-egitim-kolu-tibbi-simulator-gaumard.png","width":800,"height":664,"caption":"Arteriyel, ven\u00f6z eri\u015fim ve hemodiyaliz sim\u00fclasyonu i\u00e7in geli\u015fmi\u015f IV e\u011fitim kolu"},{"@type":"BreadcrumbList","@id":"https:\/\/merkim.com.tr\/merkim-maket\/urun\/s-m-a-s-h-gelismis-iv-egitim-kolu-s402-100-hemodiyaliz-enjeksiyon-ve-sutur-simulasyonu\/#breadcrumb","itemListElement":[{"@type":"ListItem","position":1,"name":"Anasayfa","item":"https:\/\/merkim.com.tr\/merkim-maket\/"},{"@type":"ListItem","position":2,"name":"Ma\u011faza","item":"https:\/\/merkim.com.tr\/merkim-maket\/magaza\/"},{"@type":"ListItem","position":3,"name":"S.M.A.S.H Geli\u015fmi\u015f IV E\u011fitim Kolu \u2013 S402.100 | Hemodiyaliz, Enjeksiyon ve S\u00fct\u00fcr Sim\u00fclasyonu"}]},{"@type":"WebSite","@id":"https:\/\/merkim.com.tr\/merkim-maket\/#website","url":"https:\/\/merkim.com.tr\/merkim-maket\/","name":"Merkim Maket","description":"","potentialAction":[{"@type":"SearchAction","target":{"@type":"EntryPoint","urlTemplate":"https:\/\/merkim.com.tr\/merkim-maket\/?s={search_term_string}"},"query-input":{"@type":"PropertyValueSpecification","valueRequired":true,"valueName":"search_term_string"}}],"inLanguage":"tr"}]}},"_links":{"self":[{"href":"https:\/\/merkim.com.tr\/merkim-maket\/wp-json\/wp\/v2\/product\/479","targetHints":{"allow":["GET"]}}],"collection":[{"href":"https:\/\/merkim.com.tr\/merkim-maket\/wp-json\/wp\/v2\/product"}],"about":[{"href":"https:\/\/merkim.com.tr\/merkim-maket\/wp-json\/wp\/v2\/types\/product"}],"replies":[{"embeddable":true,"href":"https:\/\/merkim.com.tr\/merkim-maket\/wp-json\/wp\/v2\/comments?post=479"}],"wp:featuredmedia":[{"embeddable":true,"href":"https:\/\/merkim.com.tr\/merkim-maket\/wp-json\/wp\/v2\/media\/480"}],"wp:attachment":[{"href":"https:\/\/merkim.com.tr\/merkim-maket\/wp-json\/wp\/v2\/media?parent=479"}],"wp:term":[{"taxonomy":"product_brand","embeddable":true,"href":"https:\/\/merkim.com.tr\/merkim-maket\/wp-json\/wp\/v2\/product_brand?post=479"},{"taxonomy":"product_cat","embeddable":true,"href":"https:\/\/merkim.com.tr\/merkim-maket\/wp-json\/wp\/v2\/product_cat?post=479"},{"taxonomy":"product_tag","embeddable":true,"href":"https:\/\/merkim.com.tr\/merkim-maket\/wp-json\/wp\/v2\/product_tag?post=479"}],"curies":[{"name":"wp","href":"https:\/\/api.w.org\/{rel}","templated":true}]}}