{"id":477,"date":"2025-07-06T08:32:17","date_gmt":"2025-07-06T08:32:17","guid":{"rendered":"https:\/\/merkim.com.tr\/merkim-maket\/?post_type=product&#038;p=477"},"modified":"2025-07-06T08:32:17","modified_gmt":"2025-07-06T08:32:17","slug":"cok-amacli-venoz-egitim-kolu-s401r-modeli-igne-enjeksiyon-ve-kan-alma-egitim-simulatoru","status":"publish","type":"product","link":"https:\/\/merkim.com.tr\/merkim-maket\/urun\/cok-amacli-venoz-egitim-kolu-s401r-modeli-igne-enjeksiyon-ve-kan-alma-egitim-simulatoru\/","title":{"rendered":"\u00c7ok Ama\u00e7l\u0131 Ven\u00f6z E\u011fitim Kolu \u2013 S401R Modeli | \u0130\u011fne, Enjeksiyon ve Kan Alma E\u011fitim Sim\u00fclat\u00f6r\u00fc"},"content":{"rendered":"<p data-start=\"395\" data-end=\"821\"><strong data-start=\"395\" data-end=\"445\">\u00c7ok Ama\u00e7l\u0131 Ven\u00f6z E\u011fitim Kolu (Model: S401R.PK)<\/strong>, hem\u015firelik, t\u0131p ve ilk yard\u0131m e\u011fitimi gibi sa\u011fl\u0131k alanlar\u0131nda temel enjeksiyon ve damar i\u00e7i uygulama becerilerinin kazand\u0131r\u0131lmas\u0131na y\u00f6nelik geli\u015ftirilmi\u015f profesyonel bir sim\u00fclasyon e\u011fitim arac\u0131d\u0131r. \u00dcr\u00fcn, intram\u00fcsk\u00fcler (kas i\u00e7i) ve subkutan (deri alt\u0131) enjeksiyonlar ile damar i\u00e7i ila\u00e7 uygulamalar\u0131, kan alma ve damar yolu a\u00e7ma e\u011fitimlerinde kullan\u0131lmak \u00fczere tasarlanm\u0131\u015ft\u0131r.<\/p>\n<p data-start=\"823\" data-end=\"846\"><strong data-start=\"823\" data-end=\"846\">Ba\u015fl\u0131ca \u00d6zellikler:<\/strong><\/p>\n<ul data-start=\"848\" data-end=\"1616\">\n<li data-start=\"848\" data-end=\"970\">\n<p data-start=\"850\" data-end=\"970\"><strong data-start=\"850\" data-end=\"883\">Yeti\u015fkin boyutlar\u0131nda sa\u011f kol<\/strong>: Turnike uygulanm\u0131\u015f ve yumruk s\u0131k\u0131lm\u0131\u015f pozisyonda ger\u00e7ek\u00e7i anatomi ile \u00fcretilmi\u015ftir.<\/p>\n<\/li>\n<li data-start=\"971\" data-end=\"1056\">\n<p data-start=\"973\" data-end=\"1056\"><strong data-start=\"973\" data-end=\"994\">Belirgin ven\u00f6z a\u011f<\/strong>: Elin s\u0131rt\u0131nda ve kolda do\u011fal g\u00f6r\u00fcn\u00fcml\u00fc damar a\u011f\u0131 yer al\u0131r.<\/p>\n<\/li>\n<li data-start=\"1057\" data-end=\"1193\">\n<p data-start=\"1059\" data-end=\"1193\"><strong data-start=\"1059\" data-end=\"1091\">Subkutan enjeksiyon alanlar\u0131<\/strong>: \u00d6n kolun volar (i\u00e7) y\u00fczeyi ve \u00fcst kolun lateral taraf\u0131nda ger\u00e7ek\u00e7i enjeksiyon b\u00f6lgeleri mevcuttur.<\/p>\n<\/li>\n<li data-start=\"1194\" data-end=\"1340\">\n<p data-start=\"1196\" data-end=\"1340\"><strong data-start=\"1196\" data-end=\"1236\">Yeniden kullan\u0131labilir damar ve cilt<\/strong>: Damarlar ve cilt, i\u011fne giri\u015flerinden sonra tekrar kendini m\u00fch\u00fcrleme (resealing) \u00f6zelli\u011fine sahiptir.<\/p>\n<\/li>\n<li data-start=\"1341\" data-end=\"1516\">\n<p data-start=\"1343\" data-end=\"1516\"><strong data-start=\"1343\" data-end=\"1380\">Kan alma ve inf\u00fczyon uygulamalar\u0131<\/strong>: Ger\u00e7ek damar i\u00e7i giri\u015fim hissi (i\u011fne giri\u015finde \u201cpop\u201d hissi) verir ve g\u00fcvenli bir \u015fekilde ila\u00e7 uygulama veya \u00f6rnek alma imk\u00e2n\u0131 sunar.<\/p>\n<\/li>\n<li data-start=\"1517\" data-end=\"1616\">\n<p data-start=\"1519\" data-end=\"1616\"><strong data-start=\"1519\" data-end=\"1548\">Ayarlanabilir kan bas\u0131nc\u0131<\/strong>: Farkl\u0131 senaryolarla \u00e7al\u0131\u015fmak i\u00e7in kan bas\u0131nc\u0131 ayar\u0131 yap\u0131labilir.<\/p>\n<\/li>\n<\/ul>\n<p data-start=\"1618\" data-end=\"1853\"><strong data-start=\"1618\" data-end=\"1639\">G\u00fcvenlik Uyar\u0131s\u0131:<\/strong><br data-start=\"1639\" data-end=\"1642\" \/>\u00dcr\u00fcn lateks i\u00e7eren damar t\u00fcpleri bar\u0131nd\u0131rmaktad\u0131r. Latekse alerjisi olan kullan\u0131c\u0131lar bu \u00fcr\u00fcnle temastan ka\u00e7\u0131nmal\u0131d\u0131r. Herhangi bir alerjik reaksiyon durumunda kullan\u0131m\u0131 derhal durdurunuz ve t\u0131bbi yard\u0131m al\u0131n\u0131z.<\/p>\n<p data-start=\"1855\" data-end=\"2051\">Bu ileri d\u00fczey e\u011fitim kolu, \u00f6\u011frencilerin ve profesyonellerin g\u00fcvenli ve hijyenik bir ortamda tekrar yapmalar\u0131n\u0131, becerilerini geli\u015ftirmelerini ve klinik uygulamalara haz\u0131r hale gelmelerini sa\u011flar.<\/p>\n","protected":false},"excerpt":{"rendered":"<p>S401R modeli \u00c7ok Ama\u00e7l\u0131 Ven\u00f6z E\u011fitim Kolu; intram\u00fcsk\u00fcler, subkutan enjeksiyon, damar i\u00e7i ila\u00e7 uygulama ve kan alma i\u015flemlerinin e\u011fitiminde kullan\u0131lan, profesyonel sim\u00fclasyon e\u011fitim arac\u0131d\u0131r.<\/p>\n","protected":false},"featured_media":478,"comment_status":"open","ping_status":"closed","template":"","meta":[],"product_brand":[948],"product_cat":[15,947,1205],"product_tag":[1265,1259,701,146,1029,1260,1262,1261,1264,733,1263,1254],"class_list":{"0":"post-477","1":"product","2":"type-product","3":"status-publish","4":"has-post-thumbnail","6":"product_brand-gaumard-scientific","7":"product_cat-genel","8":"product_cat-gaumard-scientific","9":"product_cat-gaumard-skill-trainer","10":"product_tag-damar-ici-uygulama-simulasyonu","11":"product_tag-damar-yolu-acma-simulatoru","12":"product_tag-enjeksiyon-egitimi","13":"product_tag-hemsirelik-simulasyonu","14":"product_tag-intramuskuler-enjeksiyon","15":"product_tag-kan-alma-egitim-kolu","16":"product_tag-medikal-egitim-maketi","17":"product_tag-s401r","18":"product_tag-saglik-egitimi-simulatoru","19":"product_tag-subkutan-enjeksiyon-egitimi","20":"product_tag-tip-ogrencisi-egitim-araci","21":"product_tag-venoz-egitim-kolu","23":"first","24":"instock","25":"shipping-taxable","26":"product-type-simple"},"yoast_head":"<!-- This site is optimized with the Yoast SEO plugin v25.2 - https:\/\/yoast.com\/wordpress\/plugins\/seo\/ -->\n<title>\u00c7ok Ama\u00e7l\u0131 Ven\u00f6z E\u011fitim Kolu \u2013 S401R Modeli | \u0130\u011fne, Enjeksiyon ve Kan Alma E\u011fitim Sim\u00fclat\u00f6r\u00fc - Merkim Maket<\/title>\n<meta name=\"description\" content=\"S401R modeli \u00c7ok Ama\u00e7l\u0131 Ven\u00f6z E\u011fitim Kolu; enjeksiyon, damar i\u00e7i ila\u00e7 uygulama ve kan alma i\u015flemlerinin e\u011fitimi i\u00e7in profesyonel bir sim\u00fclat\u00f6rd\u00fcr. Sa\u011fl\u0131k e\u011fitimi i\u00e7in ideal \u00e7\u00f6z\u00fcmd\u00fcr.\" \/>\n<meta name=\"robots\" content=\"index, follow, max-snippet:-1, max-image-preview:large, max-video-preview:-1\" \/>\n<link rel=\"canonical\" href=\"https:\/\/merkim.com.tr\/merkim-maket\/urun\/cok-amacli-venoz-egitim-kolu-s401r-modeli-igne-enjeksiyon-ve-kan-alma-egitim-simulatoru\/\" \/>\n<meta property=\"og:locale\" content=\"tr_TR\" \/>\n<meta property=\"og:type\" content=\"article\" \/>\n<meta property=\"og:title\" content=\"\u00c7ok Ama\u00e7l\u0131 Ven\u00f6z E\u011fitim Kolu \u2013 S401R Modeli | \u0130\u011fne, Enjeksiyon ve Kan Alma E\u011fitim Sim\u00fclat\u00f6r\u00fc - Merkim Maket\" \/>\n<meta property=\"og:description\" content=\"S401R modeli \u00c7ok Ama\u00e7l\u0131 Ven\u00f6z E\u011fitim Kolu; enjeksiyon, damar i\u00e7i ila\u00e7 uygulama ve kan alma i\u015flemlerinin e\u011fitimi i\u00e7in profesyonel bir sim\u00fclat\u00f6rd\u00fcr. Sa\u011fl\u0131k e\u011fitimi i\u00e7in ideal \u00e7\u00f6z\u00fcmd\u00fcr.\" \/>\n<meta property=\"og:url\" content=\"https:\/\/merkim.com.tr\/merkim-maket\/urun\/cok-amacli-venoz-egitim-kolu-s401r-modeli-igne-enjeksiyon-ve-kan-alma-egitim-simulatoru\/\" \/>\n<meta property=\"og:site_name\" content=\"Merkim Maket\" \/>\n<meta property=\"og:image\" content=\"https:\/\/merkim.com.tr\/merkim-maket\/wp-content\/uploads\/2025\/07\/cok-amacli-venoz-egitim-kolu-egitim-simulatoru-s401r.png\" \/>\n\t<meta property=\"og:image:width\" content=\"800\" \/>\n\t<meta property=\"og:image:height\" content=\"664\" \/>\n\t<meta property=\"og:image:type\" content=\"image\/png\" \/>\n<meta name=\"twitter:card\" content=\"summary_large_image\" \/>\n<meta name=\"twitter:label1\" content=\"Tahmini okuma s\u00fcresi\" \/>\n\t<meta name=\"twitter:data1\" content=\"2 dakika\" \/>\n<script type=\"application\/ld+json\" class=\"yoast-schema-graph\">{\"@context\":\"https:\/\/schema.org\",\"@graph\":[{\"@type\":\"WebPage\",\"@id\":\"https:\/\/merkim.com.tr\/merkim-maket\/urun\/cok-amacli-venoz-egitim-kolu-s401r-modeli-igne-enjeksiyon-ve-kan-alma-egitim-simulatoru\/\",\"url\":\"https:\/\/merkim.com.tr\/merkim-maket\/urun\/cok-amacli-venoz-egitim-kolu-s401r-modeli-igne-enjeksiyon-ve-kan-alma-egitim-simulatoru\/\",\"name\":\"\u00c7ok Ama\u00e7l\u0131 Ven\u00f6z E\u011fitim Kolu \u2013 S401R Modeli | \u0130\u011fne, Enjeksiyon ve Kan Alma E\u011fitim Sim\u00fclat\u00f6r\u00fc - Merkim Maket\",\"isPartOf\":{\"@id\":\"https:\/\/merkim.com.tr\/merkim-maket\/#website\"},\"primaryImageOfPage\":{\"@id\":\"https:\/\/merkim.com.tr\/merkim-maket\/urun\/cok-amacli-venoz-egitim-kolu-s401r-modeli-igne-enjeksiyon-ve-kan-alma-egitim-simulatoru\/#primaryimage\"},\"image\":{\"@id\":\"https:\/\/merkim.com.tr\/merkim-maket\/urun\/cok-amacli-venoz-egitim-kolu-s401r-modeli-igne-enjeksiyon-ve-kan-alma-egitim-simulatoru\/#primaryimage\"},\"thumbnailUrl\":\"https:\/\/merkim.com.tr\/merkim-maket\/wp-content\/uploads\/2025\/07\/cok-amacli-venoz-egitim-kolu-egitim-simulatoru-s401r.png\",\"datePublished\":\"2025-07-06T08:32:17+00:00\",\"description\":\"S401R modeli \u00c7ok Ama\u00e7l\u0131 Ven\u00f6z E\u011fitim Kolu; enjeksiyon, damar i\u00e7i ila\u00e7 uygulama ve kan alma i\u015flemlerinin e\u011fitimi i\u00e7in profesyonel bir sim\u00fclat\u00f6rd\u00fcr. Sa\u011fl\u0131k e\u011fitimi i\u00e7in ideal \u00e7\u00f6z\u00fcmd\u00fcr.\",\"breadcrumb\":{\"@id\":\"https:\/\/merkim.com.tr\/merkim-maket\/urun\/cok-amacli-venoz-egitim-kolu-s401r-modeli-igne-enjeksiyon-ve-kan-alma-egitim-simulatoru\/#breadcrumb\"},\"inLanguage\":\"tr\",\"potentialAction\":[{\"@type\":\"ReadAction\",\"target\":[\"https:\/\/merkim.com.tr\/merkim-maket\/urun\/cok-amacli-venoz-egitim-kolu-s401r-modeli-igne-enjeksiyon-ve-kan-alma-egitim-simulatoru\/\"]}]},{\"@type\":\"ImageObject\",\"inLanguage\":\"tr\",\"@id\":\"https:\/\/merkim.com.tr\/merkim-maket\/urun\/cok-amacli-venoz-egitim-kolu-s401r-modeli-igne-enjeksiyon-ve-kan-alma-egitim-simulatoru\/#primaryimage\",\"url\":\"https:\/\/merkim.com.tr\/merkim-maket\/wp-content\/uploads\/2025\/07\/cok-amacli-venoz-egitim-kolu-egitim-simulatoru-s401r.png\",\"contentUrl\":\"https:\/\/merkim.com.tr\/merkim-maket\/wp-content\/uploads\/2025\/07\/cok-amacli-venoz-egitim-kolu-egitim-simulatoru-s401r.png\",\"width\":800,\"height\":664,\"caption\":\"Enjeksiyon, kan alma ve ila\u00e7 uygulama e\u011fitimleri i\u00e7in profesyonel ven\u00f6z kol sim\u00fclat\u00f6r\u00fc\"},{\"@type\":\"BreadcrumbList\",\"@id\":\"https:\/\/merkim.com.tr\/merkim-maket\/urun\/cok-amacli-venoz-egitim-kolu-s401r-modeli-igne-enjeksiyon-ve-kan-alma-egitim-simulatoru\/#breadcrumb\",\"itemListElement\":[{\"@type\":\"ListItem\",\"position\":1,\"name\":\"Anasayfa\",\"item\":\"https:\/\/merkim.com.tr\/merkim-maket\/\"},{\"@type\":\"ListItem\",\"position\":2,\"name\":\"Ma\u011faza\",\"item\":\"https:\/\/merkim.com.tr\/merkim-maket\/magaza\/\"},{\"@type\":\"ListItem\",\"position\":3,\"name\":\"\u00c7ok Ama\u00e7l\u0131 Ven\u00f6z E\u011fitim Kolu \u2013 S401R Modeli | \u0130\u011fne, Enjeksiyon ve Kan Alma E\u011fitim Sim\u00fclat\u00f6r\u00fc\"}]},{\"@type\":\"WebSite\",\"@id\":\"https:\/\/merkim.com.tr\/merkim-maket\/#website\",\"url\":\"https:\/\/merkim.com.tr\/merkim-maket\/\",\"name\":\"Merkim Maket\",\"description\":\"\",\"potentialAction\":[{\"@type\":\"SearchAction\",\"target\":{\"@type\":\"EntryPoint\",\"urlTemplate\":\"https:\/\/merkim.com.tr\/merkim-maket\/?s={search_term_string}\"},\"query-input\":{\"@type\":\"PropertyValueSpecification\",\"valueRequired\":true,\"valueName\":\"search_term_string\"}}],\"inLanguage\":\"tr\"}]}<\/script>\n<!-- \/ Yoast SEO plugin. -->","yoast_head_json":{"title":"\u00c7ok Ama\u00e7l\u0131 Ven\u00f6z E\u011fitim Kolu \u2013 S401R Modeli | \u0130\u011fne, Enjeksiyon ve Kan Alma E\u011fitim Sim\u00fclat\u00f6r\u00fc - Merkim Maket","description":"S401R modeli \u00c7ok Ama\u00e7l\u0131 Ven\u00f6z E\u011fitim Kolu; enjeksiyon, damar i\u00e7i ila\u00e7 uygulama ve kan alma i\u015flemlerinin e\u011fitimi i\u00e7in profesyonel bir sim\u00fclat\u00f6rd\u00fcr. Sa\u011fl\u0131k e\u011fitimi i\u00e7in ideal \u00e7\u00f6z\u00fcmd\u00fcr.","robots":{"index":"index","follow":"follow","max-snippet":"max-snippet:-1","max-image-preview":"max-image-preview:large","max-video-preview":"max-video-preview:-1"},"canonical":"https:\/\/merkim.com.tr\/merkim-maket\/urun\/cok-amacli-venoz-egitim-kolu-s401r-modeli-igne-enjeksiyon-ve-kan-alma-egitim-simulatoru\/","og_locale":"tr_TR","og_type":"article","og_title":"\u00c7ok Ama\u00e7l\u0131 Ven\u00f6z E\u011fitim Kolu \u2013 S401R Modeli | \u0130\u011fne, Enjeksiyon ve Kan Alma E\u011fitim Sim\u00fclat\u00f6r\u00fc - Merkim Maket","og_description":"S401R modeli \u00c7ok Ama\u00e7l\u0131 Ven\u00f6z E\u011fitim Kolu; enjeksiyon, damar i\u00e7i ila\u00e7 uygulama ve kan alma i\u015flemlerinin e\u011fitimi i\u00e7in profesyonel bir sim\u00fclat\u00f6rd\u00fcr. Sa\u011fl\u0131k e\u011fitimi i\u00e7in ideal \u00e7\u00f6z\u00fcmd\u00fcr.","og_url":"https:\/\/merkim.com.tr\/merkim-maket\/urun\/cok-amacli-venoz-egitim-kolu-s401r-modeli-igne-enjeksiyon-ve-kan-alma-egitim-simulatoru\/","og_site_name":"Merkim Maket","og_image":[{"width":800,"height":664,"url":"https:\/\/merkim.com.tr\/merkim-maket\/wp-content\/uploads\/2025\/07\/cok-amacli-venoz-egitim-kolu-egitim-simulatoru-s401r.png","type":"image\/png"}],"twitter_card":"summary_large_image","twitter_misc":{"Tahmini okuma s\u00fcresi":"2 dakika"},"schema":{"@context":"https:\/\/schema.org","@graph":[{"@type":"WebPage","@id":"https:\/\/merkim.com.tr\/merkim-maket\/urun\/cok-amacli-venoz-egitim-kolu-s401r-modeli-igne-enjeksiyon-ve-kan-alma-egitim-simulatoru\/","url":"https:\/\/merkim.com.tr\/merkim-maket\/urun\/cok-amacli-venoz-egitim-kolu-s401r-modeli-igne-enjeksiyon-ve-kan-alma-egitim-simulatoru\/","name":"\u00c7ok Ama\u00e7l\u0131 Ven\u00f6z E\u011fitim Kolu \u2013 S401R Modeli | \u0130\u011fne, Enjeksiyon ve Kan Alma E\u011fitim Sim\u00fclat\u00f6r\u00fc - Merkim Maket","isPartOf":{"@id":"https:\/\/merkim.com.tr\/merkim-maket\/#website"},"primaryImageOfPage":{"@id":"https:\/\/merkim.com.tr\/merkim-maket\/urun\/cok-amacli-venoz-egitim-kolu-s401r-modeli-igne-enjeksiyon-ve-kan-alma-egitim-simulatoru\/#primaryimage"},"image":{"@id":"https:\/\/merkim.com.tr\/merkim-maket\/urun\/cok-amacli-venoz-egitim-kolu-s401r-modeli-igne-enjeksiyon-ve-kan-alma-egitim-simulatoru\/#primaryimage"},"thumbnailUrl":"https:\/\/merkim.com.tr\/merkim-maket\/wp-content\/uploads\/2025\/07\/cok-amacli-venoz-egitim-kolu-egitim-simulatoru-s401r.png","datePublished":"2025-07-06T08:32:17+00:00","description":"S401R modeli \u00c7ok Ama\u00e7l\u0131 Ven\u00f6z E\u011fitim Kolu; enjeksiyon, damar i\u00e7i ila\u00e7 uygulama ve kan alma i\u015flemlerinin e\u011fitimi i\u00e7in profesyonel bir sim\u00fclat\u00f6rd\u00fcr. Sa\u011fl\u0131k e\u011fitimi i\u00e7in ideal \u00e7\u00f6z\u00fcmd\u00fcr.","breadcrumb":{"@id":"https:\/\/merkim.com.tr\/merkim-maket\/urun\/cok-amacli-venoz-egitim-kolu-s401r-modeli-igne-enjeksiyon-ve-kan-alma-egitim-simulatoru\/#breadcrumb"},"inLanguage":"tr","potentialAction":[{"@type":"ReadAction","target":["https:\/\/merkim.com.tr\/merkim-maket\/urun\/cok-amacli-venoz-egitim-kolu-s401r-modeli-igne-enjeksiyon-ve-kan-alma-egitim-simulatoru\/"]}]},{"@type":"ImageObject","inLanguage":"tr","@id":"https:\/\/merkim.com.tr\/merkim-maket\/urun\/cok-amacli-venoz-egitim-kolu-s401r-modeli-igne-enjeksiyon-ve-kan-alma-egitim-simulatoru\/#primaryimage","url":"https:\/\/merkim.com.tr\/merkim-maket\/wp-content\/uploads\/2025\/07\/cok-amacli-venoz-egitim-kolu-egitim-simulatoru-s401r.png","contentUrl":"https:\/\/merkim.com.tr\/merkim-maket\/wp-content\/uploads\/2025\/07\/cok-amacli-venoz-egitim-kolu-egitim-simulatoru-s401r.png","width":800,"height":664,"caption":"Enjeksiyon, kan alma ve ila\u00e7 uygulama e\u011fitimleri i\u00e7in profesyonel ven\u00f6z kol sim\u00fclat\u00f6r\u00fc"},{"@type":"BreadcrumbList","@id":"https:\/\/merkim.com.tr\/merkim-maket\/urun\/cok-amacli-venoz-egitim-kolu-s401r-modeli-igne-enjeksiyon-ve-kan-alma-egitim-simulatoru\/#breadcrumb","itemListElement":[{"@type":"ListItem","position":1,"name":"Anasayfa","item":"https:\/\/merkim.com.tr\/merkim-maket\/"},{"@type":"ListItem","position":2,"name":"Ma\u011faza","item":"https:\/\/merkim.com.tr\/merkim-maket\/magaza\/"},{"@type":"ListItem","position":3,"name":"\u00c7ok Ama\u00e7l\u0131 Ven\u00f6z E\u011fitim Kolu \u2013 S401R Modeli | \u0130\u011fne, Enjeksiyon ve Kan Alma E\u011fitim Sim\u00fclat\u00f6r\u00fc"}]},{"@type":"WebSite","@id":"https:\/\/merkim.com.tr\/merkim-maket\/#website","url":"https:\/\/merkim.com.tr\/merkim-maket\/","name":"Merkim Maket","description":"","potentialAction":[{"@type":"SearchAction","target":{"@type":"EntryPoint","urlTemplate":"https:\/\/merkim.com.tr\/merkim-maket\/?s={search_term_string}"},"query-input":{"@type":"PropertyValueSpecification","valueRequired":true,"valueName":"search_term_string"}}],"inLanguage":"tr"}]}},"_links":{"self":[{"href":"https:\/\/merkim.com.tr\/merkim-maket\/wp-json\/wp\/v2\/product\/477","targetHints":{"allow":["GET"]}}],"collection":[{"href":"https:\/\/merkim.com.tr\/merkim-maket\/wp-json\/wp\/v2\/product"}],"about":[{"href":"https:\/\/merkim.com.tr\/merkim-maket\/wp-json\/wp\/v2\/types\/product"}],"replies":[{"embeddable":true,"href":"https:\/\/merkim.com.tr\/merkim-maket\/wp-json\/wp\/v2\/comments?post=477"}],"wp:featuredmedia":[{"embeddable":true,"href":"https:\/\/merkim.com.tr\/merkim-maket\/wp-json\/wp\/v2\/media\/478"}],"wp:attachment":[{"href":"https:\/\/merkim.com.tr\/merkim-maket\/wp-json\/wp\/v2\/media?parent=477"}],"wp:term":[{"taxonomy":"product_brand","embeddable":true,"href":"https:\/\/merkim.com.tr\/merkim-maket\/wp-json\/wp\/v2\/product_brand?post=477"},{"taxonomy":"product_cat","embeddable":true,"href":"https:\/\/merkim.com.tr\/merkim-maket\/wp-json\/wp\/v2\/product_cat?post=477"},{"taxonomy":"product_tag","embeddable":true,"href":"https:\/\/merkim.com.tr\/merkim-maket\/wp-json\/wp\/v2\/product_tag?post=477"}],"curies":[{"name":"wp","href":"https:\/\/api.w.org\/{rel}","templated":true}]}}