{"id":466,"date":"2025-07-05T20:10:56","date_gmt":"2025-07-05T20:10:56","guid":{"rendered":"https:\/\/merkim.com.tr\/merkim-maket\/?post_type=product&#038;p=466"},"modified":"2025-07-10T12:03:07","modified_gmt":"2025-07-10T12:03:07","slug":"hal-s315-400-yetiskin-cok-amacli-hava-yolu-ve-cpr-egitmeni","status":"publish","type":"product","link":"https:\/\/merkim.com.tr\/merkim-maket\/urun\/hal-s315-400-yetiskin-cok-amacli-hava-yolu-ve-cpr-egitmeni\/","title":{"rendered":"HAL\u00ae S315.400 &#8211; Yeti\u015fkin \u00c7ok Ama\u00e7l\u0131 Hava Yolu ve CPR E\u011fitmeni"},"content":{"rendered":"<p dir=\"ltr\" data-pm-slice=\"1 1 []\"><strong>HAL\u00ae S315.400 &#8211; Yeti\u015fkin \u00c7ok Ama\u00e7l\u0131 Hava Yolu ve CPR E\u011fitmeni<\/strong>, Gaumard\u00ae Scientific taraf\u0131ndan geli\u015ftirilen, sa\u011fl\u0131k profesyonelleri, t\u0131p \u00f6\u011frencileri ve acil durum e\u011fitmenleri i\u00e7in tasarlanm\u0131\u015f yenilik\u00e7i bir sim\u00fclat\u00f6rd\u00fcr. Bu \u00e7ok y\u00f6nl\u00fc, ta\u015f\u0131nabilir ve \u00e7evre dostu manikin, zor hava yolu y\u00f6netimi, kardiyopulmoner res\u00fcsitasyon (CPR) ve tansiyon pn\u00f6motoraks tedavisi gibi kritik becerilerin \u00f6\u011fretilmesi i\u00e7in \u00f6zel olarak tasarlanm\u0131\u015ft\u0131r. T\u0131p fak\u00fclteleri, hem\u015firelik programlar\u0131, acil t\u0131p e\u011fitimi ve ilk yard\u0131m kurslar\u0131 i\u00e7in ideal olan HAL\u00ae S315.400, ger\u00e7ek\u00e7i anatomik yap\u0131s\u0131 ve harici g\u00fc\u00e7 veya bataryaya ihtiya\u00e7 duymadan \u00e7al\u0131\u015fabilen yenilik\u00e7i \u00f6zellikleri ile klinik senaryolara en yak\u0131n deneyimi sunar. Endotrakeal int\u00fcbasyon, cerrahi hava yolu prosed\u00fcrleri ve CPR becerilerini geli\u015ftirmek i\u00e7in kapsaml\u0131 bir platform sa\u011flar.<\/p>\n<h3 dir=\"ltr\">Temel \u00d6zellikler ve Avantajlar<\/h3>\n<ul class=\"tight\" dir=\"ltr\" data-tight=\"true\">\n<li>\n<p dir=\"ltr\"><strong>Ger\u00e7ek\u00e7i ve Programlanabilir Hava Yolu<\/strong>: Sim\u00fclat\u00f6r, dil \u00f6demi, laringospazm ve faringeal \u015fi\u015flik gibi durumlar\u0131 manuel olarak sim\u00fcle edebilen ger\u00e7ek\u00e7i bir hava yoluna sahiptir. Nazofaringeal\/orofaringeal t\u00fcpler, ventilasyon ve int\u00fcbasyon (ETT, LMA, King LT\u00ae) deste\u011fi sunar.<\/p>\n<\/li>\n<li>\n<p dir=\"ltr\"><strong>Cerrahi Hava Yolu Uygulamalar\u0131<\/strong>: Trakeostomi ve i\u011fne veya cerrahi krikotirotomi gibi prosed\u00fcrleri destekler. Normal ve cerrahi krikoid k\u0131k\u0131rdak ekleri, uzunlamas\u0131na ve enine insizyonlar i\u00e7in uygundur.<\/p>\n<\/li>\n<li>\n<p dir=\"ltr\"><strong>Ger\u00e7ek\u00e7i CPR E\u011fitimi<\/strong>: Ger\u00e7ek\u00e7i g\u00f6\u011f\u00fcs kompresyonu ve geri tepmesi ile bag-valf-maske (BVM) ventilasyonu s\u0131ras\u0131nda ger\u00e7ek\u00e7i g\u00f6\u011f\u00fcs y\u00fckseli\u015fi sa\u011flar. Sa\u011f ana bron\u015f int\u00fcbasyonu ile tek tarafl\u0131 g\u00f6\u011f\u00fcs y\u00fckseli\u015fi sim\u00fcle edilir.<\/p>\n<\/li>\n<li>\n<p dir=\"ltr\"><strong>Tansiyon Pn\u00f6motoraks Tedavisi<\/strong>: 2. interkostal aral\u0131kta bilateral i\u011fne dekompresyonu ve 5. interkostal aral\u0131kta b\u00fcy\u00fck \u00e7apl\u0131 g\u00f6\u011f\u00fcs t\u00fcpleri ile bilateral drenaj uygulamalar\u0131n\u0131 destekler.<\/p>\n<\/li>\n<li>\n<p dir=\"ltr\"><strong>\u00c7evre Dostu ve Ta\u015f\u0131nabilir Tasar\u0131m<\/strong>: Harici g\u00fc\u00e7 kayna\u011f\u0131 veya bataryaya ihtiya\u00e7 duymadan, dahili rezervuar standart bir BVM veya mini el pompas\u0131 ile bas\u0131n\u00e7land\u0131r\u0131l\u0131r. Kompakt ve ta\u015f\u0131nabilir yap\u0131s\u0131, yumu\u015fak ta\u015f\u0131ma \u00e7antas\u0131 ile birlikte kolay saklama ve ta\u015f\u0131ma sa\u011flar.<\/p>\n<\/li>\n<li>\n<p dir=\"ltr\"><strong>Anatomik Esneklik<\/strong>: Kolay boyun fleksiyonu ve ekstansiyonu, \u00e7ene itme ve ba\u015f e\u011fme\/\u00e7ene kald\u0131rma hareketleri ile ger\u00e7ek\u00e7i bir deneyim sunar. Silikon y\u00fcz\/ba\u015f derisi, ger\u00e7ek\u00e7i \u00e7ene itme sa\u011flar.<\/p>\n<\/li>\n<li>\n<p dir=\"ltr\"><strong>G\u00f6z ve Pupilla \u00d6zellikleri<\/strong>: G\u00f6zler manuel olarak a\u00e7\u0131l\u0131p kapanabilir ve normal, miyozis (daralm\u0131\u015f) ve midriyazis (geni\u015flemi\u015f) pupilla durumlar\u0131n\u0131 sim\u00fcle eder. Ba\u011f\u0131ms\u0131z sol\/sa\u011f pupilla durumlar\u0131, konsens\u00fcel ve non-konsens\u00fcel tepkileri taklit eder.<\/p>\n<\/li>\n<li>\n<p dir=\"ltr\"><strong>Kapsaml\u0131 Aksesuarlar<\/strong>: Be\u015f cerrahi trakea eki, on trakea deri kapa\u011f\u0131, on sim\u00fcle krikotiroit membran\u0131, de\u011fi\u015ftirilebilir pn\u00f6motoraks b\u00f6lgeleri, mineral ya\u011f, talk pudras\u0131 ve kullan\u0131m k\u0131lavuzu ile birlikte gelir.<\/p>\n<\/li>\n<\/ul>\n<p dir=\"ltr\">HAL\u00ae S315.400, zor hava yolu y\u00f6netimi, CPR ve tansiyon pn\u00f6motoraks tedavisi becerilerinde uzmanla\u015fmak isteyen sa\u011fl\u0131k profesyonelleri i\u00e7in tasarlanm\u0131\u015ft\u0131r. Ger\u00e7ek\u00e7i anatomik \u00f6zellikleri, \u00e7evre dostu tasar\u0131m\u0131 ve dayan\u0131kl\u0131 yap\u0131s\u0131 ile bu sim\u00fclat\u00f6r, klinik yetkinlik kazanmak i\u00e7in lider bir e\u011fitim arac\u0131d\u0131r. Gaumard\u2019\u0131n yenilik ve kalite miras\u0131yla desteklenen bu \u00fcr\u00fcn, sa\u011fl\u0131k e\u011fitiminde standartlar\u0131 y\u00fckseltir.<\/p>\n","protected":false},"excerpt":{"rendered":"<p dir=\"ltr\" data-pm-slice=\"1 1 []\">HAL\u00ae S315.400, hava yolu y\u00f6netimi, CPR ve tansiyon pn\u00f6motoraks tedavisi becerilerini \u00f6\u011fretmek i\u00e7in tasarlanm\u0131\u015f ger\u00e7ek\u00e7i bir sim\u00fclat\u00f6rd\u00fcr. Programlanabilir hava yolu ve bataryas\u0131z tasar\u0131m sunar.<\/p>\n","protected":false},"featured_media":467,"comment_status":"open","ping_status":"closed","template":"","meta":[],"product_brand":[948],"product_cat":[15,1489,947,1205],"product_tag":[38,920,1199,1243,21,1238,388,1244,45,395],"class_list":{"0":"post-466","1":"product","2":"type-product","3":"status-publish","4":"has-post-thumbnail","6":"product_brand-gaumard-scientific","7":"product_cat-genel","8":"product_cat-cpr-mankenleri","9":"product_cat-gaumard-scientific","10":"product_cat-gaumard-skill-trainer","11":"product_tag-acil-tip-egitimi","12":"product_tag-cpr-simulatoru","13":"product_tag-gaumard-manikin","14":"product_tag-hava-yolu-simulatoru","15":"product_tag-hemsirelik-egitimi","16":"product_tag-krikotirotomi","17":"product_tag-saglik-simulatoru","18":"product_tag-tansiyon-pnomotoraks","19":"product_tag-tip-egitimi","20":"product_tag-trakeostomi-egitimi","22":"first","23":"instock","24":"shipping-taxable","25":"product-type-simple"},"yoast_head":"<!-- This site is optimized with the Yoast SEO plugin v25.2 - https:\/\/yoast.com\/wordpress\/plugins\/seo\/ -->\n<title>HAL\u00ae S315.400 - Yeti\u015fkin \u00c7ok Ama\u00e7l\u0131 Hava Yolu ve CPR E\u011fitmeni - Merkim Maket<\/title>\n<meta name=\"description\" content=\"HAL\u00ae S315.400 ile hava yolu y\u00f6netimi, CPR ve tansiyon pn\u00f6motoraks tedavi becerilerinizi geli\u015ftirin. Ger\u00e7ek\u00e7i anatomi ve bataryas\u0131z tasar\u0131m ile sa\u011fl\u0131k e\u011fitimi i\u00e7in ideal!\" \/>\n<meta name=\"robots\" content=\"index, follow, max-snippet:-1, max-image-preview:large, max-video-preview:-1\" \/>\n<link rel=\"canonical\" href=\"https:\/\/merkim.com.tr\/merkim-maket\/urun\/hal-s315-400-yetiskin-cok-amacli-hava-yolu-ve-cpr-egitmeni\/\" \/>\n<meta property=\"og:locale\" content=\"tr_TR\" \/>\n<meta property=\"og:type\" content=\"article\" \/>\n<meta property=\"og:title\" content=\"HAL\u00ae S315.400 - Yeti\u015fkin \u00c7ok Ama\u00e7l\u0131 Hava Yolu ve CPR E\u011fitmeni - Merkim Maket\" \/>\n<meta property=\"og:description\" content=\"HAL\u00ae S315.400 ile hava yolu y\u00f6netimi, CPR ve tansiyon pn\u00f6motoraks tedavi becerilerinizi geli\u015ftirin. Ger\u00e7ek\u00e7i anatomi ve bataryas\u0131z tasar\u0131m ile sa\u011fl\u0131k e\u011fitimi i\u00e7in ideal!\" \/>\n<meta property=\"og:url\" content=\"https:\/\/merkim.com.tr\/merkim-maket\/urun\/hal-s315-400-yetiskin-cok-amacli-hava-yolu-ve-cpr-egitmeni\/\" \/>\n<meta property=\"og:site_name\" content=\"Merkim Maket\" \/>\n<meta property=\"article:modified_time\" content=\"2025-07-10T12:03:07+00:00\" \/>\n<meta property=\"og:image\" content=\"https:\/\/merkim.com.tr\/merkim-maket\/wp-content\/uploads\/2025\/07\/hal-s315-400-yetiskin-cok-amacli-hava-yolu-cpr-egitmeni-gaumard.png\" \/>\n\t<meta property=\"og:image:width\" content=\"800\" \/>\n\t<meta property=\"og:image:height\" content=\"531\" \/>\n\t<meta property=\"og:image:type\" content=\"image\/png\" \/>\n<meta name=\"twitter:card\" content=\"summary_large_image\" \/>\n<meta name=\"twitter:label1\" content=\"Tahmini okuma s\u00fcresi\" \/>\n\t<meta name=\"twitter:data1\" content=\"3 dakika\" \/>\n<script type=\"application\/ld+json\" class=\"yoast-schema-graph\">{\"@context\":\"https:\/\/schema.org\",\"@graph\":[{\"@type\":\"WebPage\",\"@id\":\"https:\/\/merkim.com.tr\/merkim-maket\/urun\/hal-s315-400-yetiskin-cok-amacli-hava-yolu-ve-cpr-egitmeni\/\",\"url\":\"https:\/\/merkim.com.tr\/merkim-maket\/urun\/hal-s315-400-yetiskin-cok-amacli-hava-yolu-ve-cpr-egitmeni\/\",\"name\":\"HAL\u00ae S315.400 - Yeti\u015fkin \u00c7ok Ama\u00e7l\u0131 Hava Yolu ve CPR E\u011fitmeni - Merkim Maket\",\"isPartOf\":{\"@id\":\"https:\/\/merkim.com.tr\/merkim-maket\/#website\"},\"primaryImageOfPage\":{\"@id\":\"https:\/\/merkim.com.tr\/merkim-maket\/urun\/hal-s315-400-yetiskin-cok-amacli-hava-yolu-ve-cpr-egitmeni\/#primaryimage\"},\"image\":{\"@id\":\"https:\/\/merkim.com.tr\/merkim-maket\/urun\/hal-s315-400-yetiskin-cok-amacli-hava-yolu-ve-cpr-egitmeni\/#primaryimage\"},\"thumbnailUrl\":\"https:\/\/merkim.com.tr\/merkim-maket\/wp-content\/uploads\/2025\/07\/hal-s315-400-yetiskin-cok-amacli-hava-yolu-cpr-egitmeni-gaumard.png\",\"datePublished\":\"2025-07-05T20:10:56+00:00\",\"dateModified\":\"2025-07-10T12:03:07+00:00\",\"description\":\"HAL\u00ae S315.400 ile hava yolu y\u00f6netimi, CPR ve tansiyon pn\u00f6motoraks tedavi becerilerinizi geli\u015ftirin. Ger\u00e7ek\u00e7i anatomi ve bataryas\u0131z tasar\u0131m ile sa\u011fl\u0131k e\u011fitimi i\u00e7in ideal!\",\"breadcrumb\":{\"@id\":\"https:\/\/merkim.com.tr\/merkim-maket\/urun\/hal-s315-400-yetiskin-cok-amacli-hava-yolu-ve-cpr-egitmeni\/#breadcrumb\"},\"inLanguage\":\"tr\",\"potentialAction\":[{\"@type\":\"ReadAction\",\"target\":[\"https:\/\/merkim.com.tr\/merkim-maket\/urun\/hal-s315-400-yetiskin-cok-amacli-hava-yolu-ve-cpr-egitmeni\/\"]}]},{\"@type\":\"ImageObject\",\"inLanguage\":\"tr\",\"@id\":\"https:\/\/merkim.com.tr\/merkim-maket\/urun\/hal-s315-400-yetiskin-cok-amacli-hava-yolu-ve-cpr-egitmeni\/#primaryimage\",\"url\":\"https:\/\/merkim.com.tr\/merkim-maket\/wp-content\/uploads\/2025\/07\/hal-s315-400-yetiskin-cok-amacli-hava-yolu-cpr-egitmeni-gaumard.png\",\"contentUrl\":\"https:\/\/merkim.com.tr\/merkim-maket\/wp-content\/uploads\/2025\/07\/hal-s315-400-yetiskin-cok-amacli-hava-yolu-cpr-egitmeni-gaumard.png\",\"width\":800,\"height\":531,\"caption\":\"Gaumard HAL\u00ae S315.400 ile hava yolu, CPR ve pn\u00f6motoraks tedavi becerilerini \u00f6\u011frenin\"},{\"@type\":\"BreadcrumbList\",\"@id\":\"https:\/\/merkim.com.tr\/merkim-maket\/urun\/hal-s315-400-yetiskin-cok-amacli-hava-yolu-ve-cpr-egitmeni\/#breadcrumb\",\"itemListElement\":[{\"@type\":\"ListItem\",\"position\":1,\"name\":\"Anasayfa\",\"item\":\"https:\/\/merkim.com.tr\/merkim-maket\/\"},{\"@type\":\"ListItem\",\"position\":2,\"name\":\"Ma\u011faza\",\"item\":\"https:\/\/merkim.com.tr\/merkim-maket\/magaza\/\"},{\"@type\":\"ListItem\",\"position\":3,\"name\":\"HAL\u00ae S315.400 &#8211; Yeti\u015fkin \u00c7ok Ama\u00e7l\u0131 Hava Yolu ve CPR E\u011fitmeni\"}]},{\"@type\":\"WebSite\",\"@id\":\"https:\/\/merkim.com.tr\/merkim-maket\/#website\",\"url\":\"https:\/\/merkim.com.tr\/merkim-maket\/\",\"name\":\"Merkim Maket\",\"description\":\"\",\"potentialAction\":[{\"@type\":\"SearchAction\",\"target\":{\"@type\":\"EntryPoint\",\"urlTemplate\":\"https:\/\/merkim.com.tr\/merkim-maket\/?s={search_term_string}\"},\"query-input\":{\"@type\":\"PropertyValueSpecification\",\"valueRequired\":true,\"valueName\":\"search_term_string\"}}],\"inLanguage\":\"tr\"}]}<\/script>\n<!-- \/ Yoast SEO plugin. -->","yoast_head_json":{"title":"HAL\u00ae S315.400 - Yeti\u015fkin \u00c7ok Ama\u00e7l\u0131 Hava Yolu ve CPR E\u011fitmeni - Merkim Maket","description":"HAL\u00ae S315.400 ile hava yolu y\u00f6netimi, CPR ve tansiyon pn\u00f6motoraks tedavi becerilerinizi geli\u015ftirin. Ger\u00e7ek\u00e7i anatomi ve bataryas\u0131z tasar\u0131m ile sa\u011fl\u0131k e\u011fitimi i\u00e7in ideal!","robots":{"index":"index","follow":"follow","max-snippet":"max-snippet:-1","max-image-preview":"max-image-preview:large","max-video-preview":"max-video-preview:-1"},"canonical":"https:\/\/merkim.com.tr\/merkim-maket\/urun\/hal-s315-400-yetiskin-cok-amacli-hava-yolu-ve-cpr-egitmeni\/","og_locale":"tr_TR","og_type":"article","og_title":"HAL\u00ae S315.400 - Yeti\u015fkin \u00c7ok Ama\u00e7l\u0131 Hava Yolu ve CPR E\u011fitmeni - Merkim Maket","og_description":"HAL\u00ae S315.400 ile hava yolu y\u00f6netimi, CPR ve tansiyon pn\u00f6motoraks tedavi becerilerinizi geli\u015ftirin. Ger\u00e7ek\u00e7i anatomi ve bataryas\u0131z tasar\u0131m ile sa\u011fl\u0131k e\u011fitimi i\u00e7in ideal!","og_url":"https:\/\/merkim.com.tr\/merkim-maket\/urun\/hal-s315-400-yetiskin-cok-amacli-hava-yolu-ve-cpr-egitmeni\/","og_site_name":"Merkim Maket","article_modified_time":"2025-07-10T12:03:07+00:00","og_image":[{"width":800,"height":531,"url":"https:\/\/merkim.com.tr\/merkim-maket\/wp-content\/uploads\/2025\/07\/hal-s315-400-yetiskin-cok-amacli-hava-yolu-cpr-egitmeni-gaumard.png","type":"image\/png"}],"twitter_card":"summary_large_image","twitter_misc":{"Tahmini okuma s\u00fcresi":"3 dakika"},"schema":{"@context":"https:\/\/schema.org","@graph":[{"@type":"WebPage","@id":"https:\/\/merkim.com.tr\/merkim-maket\/urun\/hal-s315-400-yetiskin-cok-amacli-hava-yolu-ve-cpr-egitmeni\/","url":"https:\/\/merkim.com.tr\/merkim-maket\/urun\/hal-s315-400-yetiskin-cok-amacli-hava-yolu-ve-cpr-egitmeni\/","name":"HAL\u00ae S315.400 - Yeti\u015fkin \u00c7ok Ama\u00e7l\u0131 Hava Yolu ve CPR E\u011fitmeni - Merkim Maket","isPartOf":{"@id":"https:\/\/merkim.com.tr\/merkim-maket\/#website"},"primaryImageOfPage":{"@id":"https:\/\/merkim.com.tr\/merkim-maket\/urun\/hal-s315-400-yetiskin-cok-amacli-hava-yolu-ve-cpr-egitmeni\/#primaryimage"},"image":{"@id":"https:\/\/merkim.com.tr\/merkim-maket\/urun\/hal-s315-400-yetiskin-cok-amacli-hava-yolu-ve-cpr-egitmeni\/#primaryimage"},"thumbnailUrl":"https:\/\/merkim.com.tr\/merkim-maket\/wp-content\/uploads\/2025\/07\/hal-s315-400-yetiskin-cok-amacli-hava-yolu-cpr-egitmeni-gaumard.png","datePublished":"2025-07-05T20:10:56+00:00","dateModified":"2025-07-10T12:03:07+00:00","description":"HAL\u00ae S315.400 ile hava yolu y\u00f6netimi, CPR ve tansiyon pn\u00f6motoraks tedavi becerilerinizi geli\u015ftirin. Ger\u00e7ek\u00e7i anatomi ve bataryas\u0131z tasar\u0131m ile sa\u011fl\u0131k e\u011fitimi i\u00e7in ideal!","breadcrumb":{"@id":"https:\/\/merkim.com.tr\/merkim-maket\/urun\/hal-s315-400-yetiskin-cok-amacli-hava-yolu-ve-cpr-egitmeni\/#breadcrumb"},"inLanguage":"tr","potentialAction":[{"@type":"ReadAction","target":["https:\/\/merkim.com.tr\/merkim-maket\/urun\/hal-s315-400-yetiskin-cok-amacli-hava-yolu-ve-cpr-egitmeni\/"]}]},{"@type":"ImageObject","inLanguage":"tr","@id":"https:\/\/merkim.com.tr\/merkim-maket\/urun\/hal-s315-400-yetiskin-cok-amacli-hava-yolu-ve-cpr-egitmeni\/#primaryimage","url":"https:\/\/merkim.com.tr\/merkim-maket\/wp-content\/uploads\/2025\/07\/hal-s315-400-yetiskin-cok-amacli-hava-yolu-cpr-egitmeni-gaumard.png","contentUrl":"https:\/\/merkim.com.tr\/merkim-maket\/wp-content\/uploads\/2025\/07\/hal-s315-400-yetiskin-cok-amacli-hava-yolu-cpr-egitmeni-gaumard.png","width":800,"height":531,"caption":"Gaumard HAL\u00ae S315.400 ile hava yolu, CPR ve pn\u00f6motoraks tedavi becerilerini \u00f6\u011frenin"},{"@type":"BreadcrumbList","@id":"https:\/\/merkim.com.tr\/merkim-maket\/urun\/hal-s315-400-yetiskin-cok-amacli-hava-yolu-ve-cpr-egitmeni\/#breadcrumb","itemListElement":[{"@type":"ListItem","position":1,"name":"Anasayfa","item":"https:\/\/merkim.com.tr\/merkim-maket\/"},{"@type":"ListItem","position":2,"name":"Ma\u011faza","item":"https:\/\/merkim.com.tr\/merkim-maket\/magaza\/"},{"@type":"ListItem","position":3,"name":"HAL\u00ae S315.400 &#8211; Yeti\u015fkin \u00c7ok Ama\u00e7l\u0131 Hava Yolu ve CPR E\u011fitmeni"}]},{"@type":"WebSite","@id":"https:\/\/merkim.com.tr\/merkim-maket\/#website","url":"https:\/\/merkim.com.tr\/merkim-maket\/","name":"Merkim Maket","description":"","potentialAction":[{"@type":"SearchAction","target":{"@type":"EntryPoint","urlTemplate":"https:\/\/merkim.com.tr\/merkim-maket\/?s={search_term_string}"},"query-input":{"@type":"PropertyValueSpecification","valueRequired":true,"valueName":"search_term_string"}}],"inLanguage":"tr"}]}},"_links":{"self":[{"href":"https:\/\/merkim.com.tr\/merkim-maket\/wp-json\/wp\/v2\/product\/466","targetHints":{"allow":["GET"]}}],"collection":[{"href":"https:\/\/merkim.com.tr\/merkim-maket\/wp-json\/wp\/v2\/product"}],"about":[{"href":"https:\/\/merkim.com.tr\/merkim-maket\/wp-json\/wp\/v2\/types\/product"}],"replies":[{"embeddable":true,"href":"https:\/\/merkim.com.tr\/merkim-maket\/wp-json\/wp\/v2\/comments?post=466"}],"wp:featuredmedia":[{"embeddable":true,"href":"https:\/\/merkim.com.tr\/merkim-maket\/wp-json\/wp\/v2\/media\/467"}],"wp:attachment":[{"href":"https:\/\/merkim.com.tr\/merkim-maket\/wp-json\/wp\/v2\/media?parent=466"}],"wp:term":[{"taxonomy":"product_brand","embeddable":true,"href":"https:\/\/merkim.com.tr\/merkim-maket\/wp-json\/wp\/v2\/product_brand?post=466"},{"taxonomy":"product_cat","embeddable":true,"href":"https:\/\/merkim.com.tr\/merkim-maket\/wp-json\/wp\/v2\/product_cat?post=466"},{"taxonomy":"product_tag","embeddable":true,"href":"https:\/\/merkim.com.tr\/merkim-maket\/wp-json\/wp\/v2\/product_tag?post=466"}],"curies":[{"name":"wp","href":"https:\/\/api.w.org\/{rel}","templated":true}]}}