{"id":464,"date":"2025-07-05T20:02:10","date_gmt":"2025-07-05T20:02:10","guid":{"rendered":"https:\/\/merkim.com.tr\/merkim-maket\/?post_type=product&#038;p=464"},"modified":"2025-07-10T12:03:21","modified_gmt":"2025-07-10T12:03:21","slug":"hal-s315-300-250-hava-yolu-cpr-ve-auskultasyon-becerileri-egitmeni","status":"publish","type":"product","link":"https:\/\/merkim.com.tr\/merkim-maket\/urun\/hal-s315-300-250-hava-yolu-cpr-ve-auskultasyon-becerileri-egitmeni\/","title":{"rendered":"HAL\u00ae S315.300.250 Hava Yolu, CPR ve Auskultasyon Becerileri E\u011fitmeni"},"content":{"rendered":"<p dir=\"ltr\" data-pm-slice=\"1 1 []\"><strong>HAL\u00ae S315.300.250 Hava Yolu, CPR ve Auskultasyon Becerileri E\u011fitmeni<\/strong>, Gaumard\u00ae Scientific taraf\u0131ndan geli\u015ftirilen, sa\u011fl\u0131k profesyonelleri, t\u0131p \u00f6\u011frencileri ve acil durum e\u011fitmenleri i\u00e7in tasarlanm\u0131\u015f \u00e7ok y\u00f6nl\u00fc bir e\u011fitim sim\u00fclat\u00f6r\u00fcd\u00fcr. Bu hepsi bir arada manikin, hava yolu y\u00f6netimi, kardiyopulmoner res\u00fcsitasyon (CPR) ve auskultasyon becerilerini \u00f6\u011fretmek i\u00e7in \u00f6zel olarak tasarlanm\u0131\u015ft\u0131r. T\u0131p fak\u00fclteleri, hem\u015firelik programlar\u0131, acil t\u0131p e\u011fitimi ve ilk yard\u0131m kurslar\u0131 i\u00e7in ideal olan HAL\u00ae S315.300.250, ger\u00e7ek\u00e7i anatomik yap\u0131s\u0131, 35 y\u00fcksek kaliteli kalp, akci\u011fer ve bo\u011faz sesi i\u00e7eren Virtual Stethoscope Pro\u2122 uygulamas\u0131 ve ger\u00e7ek zamanl\u0131 CPR performans takibi ile klinik senaryolara en yak\u0131n deneyimi sunar. OMNI\u00ae 2 uygulamas\u0131 ile entegre \u00e7al\u0131\u015farak, kullan\u0131c\u0131lar\u0131n temel klinik becerilerde yetkinlik kazanmas\u0131n\u0131 sa\u011flar.<\/p>\n<h3 dir=\"ltr\">Temel \u00d6zellikler ve Avantajlar<\/h3>\n<ul class=\"tight\" dir=\"ltr\" data-tight=\"true\">\n<li>\n<p dir=\"ltr\"><strong>Ger\u00e7ek\u00e7i Hava Yolu Y\u00f6netimi<\/strong>: Sim\u00fclat\u00f6r, dil, ses telleri ve trakea i\u00e7eren y\u00fcksek do\u011fruluklu bir hava yolu sunar. Laringospazm sim\u00fclasyonu ve ETT, LMA, King LT\u00ae gibi standart yard\u0131mc\u0131 cihazlarla int\u00fcbasyon deste\u011fi, ger\u00e7ek\u00e7i hava yolu y\u00f6netimi becerileri kazand\u0131r\u0131r.<\/p>\n<\/li>\n<li>\n<p dir=\"ltr\"><strong>Kapsaml\u0131 CPR E\u011fitimi<\/strong>: Ger\u00e7ek zamanl\u0131 CPR performans takibi i\u00e7in OMNI\u00ae 2 uygulamas\u0131, kompresyon derinli\u011fi, h\u0131z\u0131 ve ventilasyon oranlar\u0131 gibi metrikleri izler. En son yeti\u015fkin CPR k\u0131lavuzlar\u0131na uygun olan sim\u00fclat\u00f6r, bag-valf-maske ventilasyonu ile ger\u00e7ek\u00e7i g\u00f6\u011f\u00fcs y\u00fckseli\u015fi sunar ve kardiyoversiyon ile pacing gibi i\u015flemleri destekler.<\/p>\n<\/li>\n<li>\n<p dir=\"ltr\"><strong>\u0130leri D\u00fczey Auskultasyon E\u011fitimi<\/strong>: D\u00f6rt kalp sesi noktas\u0131 ve d\u00f6rt anterior\/posterior akci\u011fer sesi noktas\u0131 ile anatomik olarak do\u011fru auskultasyon prati\u011fi sa\u011flar. Virtual Stethoscope Pro\u2122, 35 y\u00fcksek kaliteli kalp, akci\u011fer ve bo\u011faz sesi ile \u00e7e\u015fitli solunum ve kardiyak durumlar\u0131n te\u015fhisini \u00f6\u011fretir.<\/p>\n<\/li>\n<li>\n<p dir=\"ltr\"><strong>Virtual Stethoscope Pro\u2122 Uygulamas\u0131<\/strong>: Kablosuz ba\u011flant\u0131 ile \u00e7al\u0131\u015fan uygulama, ses a\u00e7\u0131klamalar\u0131, anatomi \u00e7izimleri ve s\u0131navlar sunar. E\u011fitmenler, birden fazla sim\u00fclat\u00f6r\u00fc ayn\u0131 anda kontrol edebilir, klinik vakalar olu\u015fturabilir ve de\u011ferlendirmeleri sorunsuz bir \u015fekilde uygulayabilir. Performans analiti\u011fi, bilgi eksikliklerini belirlemeye yard\u0131mc\u0131 olur.<\/p>\n<\/li>\n<li>\n<p dir=\"ltr\"><strong>Palpe Edilebilir Nab\u0131zlar<\/strong>: Manuel s\u0131kma pompas\u0131 ile karotis nab\u0131zlar\u0131 \u00fcretilebilir, bu da spontan dola\u015f\u0131m d\u00f6n\u00fc\u015f\u00fc (ROSC) sim\u00fclasyonunu destekler.<\/p>\n<\/li>\n<li>\n<p dir=\"ltr\"><strong>Esnek Kullan\u0131m Se\u00e7enekleri<\/strong>: Sim\u00fclat\u00f6r, y\u00fcz\u00fcst\u00fc ve oturur pozisyonlar\u0131 destekler. Hareketli boyun, omuz, dirsek, kal\u00e7a, diz ve ayak bilekleri, farkl\u0131 senaryolar i\u00e7in esneklik sa\u011flar.<\/p>\n<\/li>\n<li>\n<p dir=\"ltr\"><strong>Ta\u015f\u0131nabilir ve Dayan\u0131kl\u0131 Tasar\u0131m<\/strong>: \u00c7\u0131kar\u0131labilir alt kol ve bacaklar ile belden ayr\u0131labilir yap\u0131, kolay saklama ve ta\u015f\u0131ma sa\u011flar. Yumu\u015fak ta\u015f\u0131ma \u00e7antas\u0131, stetoskop i\u00e7in koruyucu k\u0131l\u0131f, ses referans kart\u0131 ve kullan\u0131m k\u0131lavuzu ile birlikte gelir.<\/p>\n<\/li>\n<li>\n<p dir=\"ltr\"><strong>Ek \u00d6zellikler<\/strong>: Opsiyonel Gaumard Sanal Hasta Monit\u00f6r\u00fc, dinamik EKG, kalp at\u0131\u015f h\u0131z\u0131, SpO2 ve EtCO2 gibi parametreleri sim\u00fcle eder. 20\u2019den fazla \u00f6nceden programlanm\u0131\u015f kardiyak ritim i\u00e7eren geni\u015f EKG k\u00fct\u00fcphanesi sunar.<\/p>\n<\/li>\n<\/ul>\n<p dir=\"ltr\">HAL\u00ae S315.300.250, hava yolu y\u00f6netimi, CPR ve auskultasyon becerilerinde uzmanla\u015fmak isteyen sa\u011fl\u0131k profesyonelleri i\u00e7in tasarlanm\u0131\u015ft\u0131r. Ger\u00e7ek\u00e7i \u00f6zellikleri, uygulama tabanl\u0131 \u00f6\u011frenme ara\u00e7lar\u0131 ve dayan\u0131kl\u0131 yap\u0131s\u0131 ile bu sim\u00fclat\u00f6r, klinik yetkinlik kazanmak i\u00e7in lider bir e\u011fitim arac\u0131d\u0131r. Gaumard\u2019\u0131n yenilik ve kalite miras\u0131yla desteklenen bu \u00fcr\u00fcn, sa\u011fl\u0131k e\u011fitiminde standartlar\u0131 y\u00fckseltir.<\/p>\n","protected":false},"excerpt":{"rendered":"<p dir=\"ltr\" data-pm-slice=\"1 1 []\">HAL\u00ae S315.300.250, hava yolu y\u00f6netimi, CPR ve auskultasyon becerilerini \u00f6\u011fretmek i\u00e7in tasarlanm\u0131\u015f hepsi bir arada bir sim\u00fclat\u00f6rd\u00fcr. Virtual Stethoscope Pro\u2122 ve OMNI\u00ae 2 uygulamas\u0131 ile ger\u00e7ek\u00e7i e\u011fitim sunar.<\/p>\n","protected":false},"featured_media":465,"comment_status":"open","ping_status":"closed","template":"","meta":[],"product_brand":[948],"product_cat":[15,1489,947,1205],"product_tag":[38,1239,920,1199,938,21,1242,388,45,1240],"class_list":{"0":"post-464","1":"product","2":"type-product","3":"status-publish","4":"has-post-thumbnail","6":"product_brand-gaumard-scientific","7":"product_cat-genel","8":"product_cat-cpr-mankenleri","9":"product_cat-gaumard-scientific","10":"product_cat-gaumard-skill-trainer","11":"product_tag-acil-tip-egitimi","12":"product_tag-auskultasyon-simulatoru","13":"product_tag-cpr-simulatoru","14":"product_tag-gaumard-manikin","15":"product_tag-hava-yolu-yonetimi","16":"product_tag-hemsirelik-egitimi","17":"product_tag-omni-2-uygulamasi","18":"product_tag-saglik-simulatoru","19":"product_tag-tip-egitimi","20":"product_tag-virtual-stethoscope-pro","22":"first","23":"instock","24":"shipping-taxable","25":"product-type-simple"},"yoast_head":"<!-- This site is optimized with the Yoast SEO plugin v25.2 - https:\/\/yoast.com\/wordpress\/plugins\/seo\/ -->\n<title>HAL\u00ae S315.300.250 Hava Yolu, CPR ve Auskultasyon Becerileri E\u011fitmeni - Merkim Maket<\/title>\n<meta name=\"description\" content=\"HAL\u00ae S315.300.250 ile hava yolu y\u00f6netimi, CPR ve auskultasyon becerilerinizi geli\u015ftirin. Virtual Stethoscope Pro\u2122 ve OMNI\u00ae 2 ile sa\u011fl\u0131k e\u011fitimi i\u00e7in ideal bir sim\u00fclat\u00f6r!\" \/>\n<meta name=\"robots\" content=\"index, follow, max-snippet:-1, max-image-preview:large, max-video-preview:-1\" \/>\n<link rel=\"canonical\" href=\"https:\/\/merkim.com.tr\/merkim-maket\/urun\/hal-s315-300-250-hava-yolu-cpr-ve-auskultasyon-becerileri-egitmeni\/\" \/>\n<meta property=\"og:locale\" content=\"tr_TR\" \/>\n<meta property=\"og:type\" content=\"article\" \/>\n<meta property=\"og:title\" content=\"HAL\u00ae S315.300.250 Hava Yolu, CPR ve Auskultasyon Becerileri E\u011fitmeni - Merkim Maket\" \/>\n<meta property=\"og:description\" content=\"HAL\u00ae S315.300.250 ile hava yolu y\u00f6netimi, CPR ve auskultasyon becerilerinizi geli\u015ftirin. Virtual Stethoscope Pro\u2122 ve OMNI\u00ae 2 ile sa\u011fl\u0131k e\u011fitimi i\u00e7in ideal bir sim\u00fclat\u00f6r!\" \/>\n<meta property=\"og:url\" content=\"https:\/\/merkim.com.tr\/merkim-maket\/urun\/hal-s315-300-250-hava-yolu-cpr-ve-auskultasyon-becerileri-egitmeni\/\" \/>\n<meta property=\"og:site_name\" content=\"Merkim Maket\" \/>\n<meta property=\"article:modified_time\" content=\"2025-07-10T12:03:21+00:00\" \/>\n<meta property=\"og:image\" content=\"https:\/\/merkim.com.tr\/merkim-maket\/wp-content\/uploads\/2025\/07\/hal-s315-300-250-hava-yolu-cpr-auskultasyon-egitmeni-gaumard.png\" \/>\n\t<meta property=\"og:image:width\" content=\"800\" \/>\n\t<meta property=\"og:image:height\" content=\"531\" \/>\n\t<meta property=\"og:image:type\" content=\"image\/png\" \/>\n<meta name=\"twitter:card\" content=\"summary_large_image\" \/>\n<meta name=\"twitter:label1\" content=\"Tahmini okuma s\u00fcresi\" \/>\n\t<meta name=\"twitter:data1\" content=\"3 dakika\" \/>\n<script type=\"application\/ld+json\" class=\"yoast-schema-graph\">{\"@context\":\"https:\/\/schema.org\",\"@graph\":[{\"@type\":\"WebPage\",\"@id\":\"https:\/\/merkim.com.tr\/merkim-maket\/urun\/hal-s315-300-250-hava-yolu-cpr-ve-auskultasyon-becerileri-egitmeni\/\",\"url\":\"https:\/\/merkim.com.tr\/merkim-maket\/urun\/hal-s315-300-250-hava-yolu-cpr-ve-auskultasyon-becerileri-egitmeni\/\",\"name\":\"HAL\u00ae S315.300.250 Hava Yolu, CPR ve Auskultasyon Becerileri E\u011fitmeni - Merkim Maket\",\"isPartOf\":{\"@id\":\"https:\/\/merkim.com.tr\/merkim-maket\/#website\"},\"primaryImageOfPage\":{\"@id\":\"https:\/\/merkim.com.tr\/merkim-maket\/urun\/hal-s315-300-250-hava-yolu-cpr-ve-auskultasyon-becerileri-egitmeni\/#primaryimage\"},\"image\":{\"@id\":\"https:\/\/merkim.com.tr\/merkim-maket\/urun\/hal-s315-300-250-hava-yolu-cpr-ve-auskultasyon-becerileri-egitmeni\/#primaryimage\"},\"thumbnailUrl\":\"https:\/\/merkim.com.tr\/merkim-maket\/wp-content\/uploads\/2025\/07\/hal-s315-300-250-hava-yolu-cpr-auskultasyon-egitmeni-gaumard.png\",\"datePublished\":\"2025-07-05T20:02:10+00:00\",\"dateModified\":\"2025-07-10T12:03:21+00:00\",\"description\":\"HAL\u00ae S315.300.250 ile hava yolu y\u00f6netimi, CPR ve auskultasyon becerilerinizi geli\u015ftirin. Virtual Stethoscope Pro\u2122 ve OMNI\u00ae 2 ile sa\u011fl\u0131k e\u011fitimi i\u00e7in ideal bir sim\u00fclat\u00f6r!\",\"breadcrumb\":{\"@id\":\"https:\/\/merkim.com.tr\/merkim-maket\/urun\/hal-s315-300-250-hava-yolu-cpr-ve-auskultasyon-becerileri-egitmeni\/#breadcrumb\"},\"inLanguage\":\"tr\",\"potentialAction\":[{\"@type\":\"ReadAction\",\"target\":[\"https:\/\/merkim.com.tr\/merkim-maket\/urun\/hal-s315-300-250-hava-yolu-cpr-ve-auskultasyon-becerileri-egitmeni\/\"]}]},{\"@type\":\"ImageObject\",\"inLanguage\":\"tr\",\"@id\":\"https:\/\/merkim.com.tr\/merkim-maket\/urun\/hal-s315-300-250-hava-yolu-cpr-ve-auskultasyon-becerileri-egitmeni\/#primaryimage\",\"url\":\"https:\/\/merkim.com.tr\/merkim-maket\/wp-content\/uploads\/2025\/07\/hal-s315-300-250-hava-yolu-cpr-auskultasyon-egitmeni-gaumard.png\",\"contentUrl\":\"https:\/\/merkim.com.tr\/merkim-maket\/wp-content\/uploads\/2025\/07\/hal-s315-300-250-hava-yolu-cpr-auskultasyon-egitmeni-gaumard.png\",\"width\":800,\"height\":531,\"caption\":\"Gaumard HAL\u00ae S315.300.250 ile hava yolu, CPR ve auskultasyon becerilerini \u00f6\u011frenin\"},{\"@type\":\"BreadcrumbList\",\"@id\":\"https:\/\/merkim.com.tr\/merkim-maket\/urun\/hal-s315-300-250-hava-yolu-cpr-ve-auskultasyon-becerileri-egitmeni\/#breadcrumb\",\"itemListElement\":[{\"@type\":\"ListItem\",\"position\":1,\"name\":\"Anasayfa\",\"item\":\"https:\/\/merkim.com.tr\/merkim-maket\/\"},{\"@type\":\"ListItem\",\"position\":2,\"name\":\"Ma\u011faza\",\"item\":\"https:\/\/merkim.com.tr\/merkim-maket\/magaza\/\"},{\"@type\":\"ListItem\",\"position\":3,\"name\":\"HAL\u00ae S315.300.250 Hava Yolu, CPR ve Auskultasyon Becerileri E\u011fitmeni\"}]},{\"@type\":\"WebSite\",\"@id\":\"https:\/\/merkim.com.tr\/merkim-maket\/#website\",\"url\":\"https:\/\/merkim.com.tr\/merkim-maket\/\",\"name\":\"Merkim Maket\",\"description\":\"\",\"potentialAction\":[{\"@type\":\"SearchAction\",\"target\":{\"@type\":\"EntryPoint\",\"urlTemplate\":\"https:\/\/merkim.com.tr\/merkim-maket\/?s={search_term_string}\"},\"query-input\":{\"@type\":\"PropertyValueSpecification\",\"valueRequired\":true,\"valueName\":\"search_term_string\"}}],\"inLanguage\":\"tr\"}]}<\/script>\n<!-- \/ Yoast SEO plugin. -->","yoast_head_json":{"title":"HAL\u00ae S315.300.250 Hava Yolu, CPR ve Auskultasyon Becerileri E\u011fitmeni - Merkim Maket","description":"HAL\u00ae S315.300.250 ile hava yolu y\u00f6netimi, CPR ve auskultasyon becerilerinizi geli\u015ftirin. Virtual Stethoscope Pro\u2122 ve OMNI\u00ae 2 ile sa\u011fl\u0131k e\u011fitimi i\u00e7in ideal bir sim\u00fclat\u00f6r!","robots":{"index":"index","follow":"follow","max-snippet":"max-snippet:-1","max-image-preview":"max-image-preview:large","max-video-preview":"max-video-preview:-1"},"canonical":"https:\/\/merkim.com.tr\/merkim-maket\/urun\/hal-s315-300-250-hava-yolu-cpr-ve-auskultasyon-becerileri-egitmeni\/","og_locale":"tr_TR","og_type":"article","og_title":"HAL\u00ae S315.300.250 Hava Yolu, CPR ve Auskultasyon Becerileri E\u011fitmeni - Merkim Maket","og_description":"HAL\u00ae S315.300.250 ile hava yolu y\u00f6netimi, CPR ve auskultasyon becerilerinizi geli\u015ftirin. Virtual Stethoscope Pro\u2122 ve OMNI\u00ae 2 ile sa\u011fl\u0131k e\u011fitimi i\u00e7in ideal bir sim\u00fclat\u00f6r!","og_url":"https:\/\/merkim.com.tr\/merkim-maket\/urun\/hal-s315-300-250-hava-yolu-cpr-ve-auskultasyon-becerileri-egitmeni\/","og_site_name":"Merkim Maket","article_modified_time":"2025-07-10T12:03:21+00:00","og_image":[{"width":800,"height":531,"url":"https:\/\/merkim.com.tr\/merkim-maket\/wp-content\/uploads\/2025\/07\/hal-s315-300-250-hava-yolu-cpr-auskultasyon-egitmeni-gaumard.png","type":"image\/png"}],"twitter_card":"summary_large_image","twitter_misc":{"Tahmini okuma s\u00fcresi":"3 dakika"},"schema":{"@context":"https:\/\/schema.org","@graph":[{"@type":"WebPage","@id":"https:\/\/merkim.com.tr\/merkim-maket\/urun\/hal-s315-300-250-hava-yolu-cpr-ve-auskultasyon-becerileri-egitmeni\/","url":"https:\/\/merkim.com.tr\/merkim-maket\/urun\/hal-s315-300-250-hava-yolu-cpr-ve-auskultasyon-becerileri-egitmeni\/","name":"HAL\u00ae S315.300.250 Hava Yolu, CPR ve Auskultasyon Becerileri E\u011fitmeni - Merkim Maket","isPartOf":{"@id":"https:\/\/merkim.com.tr\/merkim-maket\/#website"},"primaryImageOfPage":{"@id":"https:\/\/merkim.com.tr\/merkim-maket\/urun\/hal-s315-300-250-hava-yolu-cpr-ve-auskultasyon-becerileri-egitmeni\/#primaryimage"},"image":{"@id":"https:\/\/merkim.com.tr\/merkim-maket\/urun\/hal-s315-300-250-hava-yolu-cpr-ve-auskultasyon-becerileri-egitmeni\/#primaryimage"},"thumbnailUrl":"https:\/\/merkim.com.tr\/merkim-maket\/wp-content\/uploads\/2025\/07\/hal-s315-300-250-hava-yolu-cpr-auskultasyon-egitmeni-gaumard.png","datePublished":"2025-07-05T20:02:10+00:00","dateModified":"2025-07-10T12:03:21+00:00","description":"HAL\u00ae S315.300.250 ile hava yolu y\u00f6netimi, CPR ve auskultasyon becerilerinizi geli\u015ftirin. Virtual Stethoscope Pro\u2122 ve OMNI\u00ae 2 ile sa\u011fl\u0131k e\u011fitimi i\u00e7in ideal bir sim\u00fclat\u00f6r!","breadcrumb":{"@id":"https:\/\/merkim.com.tr\/merkim-maket\/urun\/hal-s315-300-250-hava-yolu-cpr-ve-auskultasyon-becerileri-egitmeni\/#breadcrumb"},"inLanguage":"tr","potentialAction":[{"@type":"ReadAction","target":["https:\/\/merkim.com.tr\/merkim-maket\/urun\/hal-s315-300-250-hava-yolu-cpr-ve-auskultasyon-becerileri-egitmeni\/"]}]},{"@type":"ImageObject","inLanguage":"tr","@id":"https:\/\/merkim.com.tr\/merkim-maket\/urun\/hal-s315-300-250-hava-yolu-cpr-ve-auskultasyon-becerileri-egitmeni\/#primaryimage","url":"https:\/\/merkim.com.tr\/merkim-maket\/wp-content\/uploads\/2025\/07\/hal-s315-300-250-hava-yolu-cpr-auskultasyon-egitmeni-gaumard.png","contentUrl":"https:\/\/merkim.com.tr\/merkim-maket\/wp-content\/uploads\/2025\/07\/hal-s315-300-250-hava-yolu-cpr-auskultasyon-egitmeni-gaumard.png","width":800,"height":531,"caption":"Gaumard HAL\u00ae S315.300.250 ile hava yolu, CPR ve auskultasyon becerilerini \u00f6\u011frenin"},{"@type":"BreadcrumbList","@id":"https:\/\/merkim.com.tr\/merkim-maket\/urun\/hal-s315-300-250-hava-yolu-cpr-ve-auskultasyon-becerileri-egitmeni\/#breadcrumb","itemListElement":[{"@type":"ListItem","position":1,"name":"Anasayfa","item":"https:\/\/merkim.com.tr\/merkim-maket\/"},{"@type":"ListItem","position":2,"name":"Ma\u011faza","item":"https:\/\/merkim.com.tr\/merkim-maket\/magaza\/"},{"@type":"ListItem","position":3,"name":"HAL\u00ae S315.300.250 Hava Yolu, CPR ve Auskultasyon Becerileri E\u011fitmeni"}]},{"@type":"WebSite","@id":"https:\/\/merkim.com.tr\/merkim-maket\/#website","url":"https:\/\/merkim.com.tr\/merkim-maket\/","name":"Merkim Maket","description":"","potentialAction":[{"@type":"SearchAction","target":{"@type":"EntryPoint","urlTemplate":"https:\/\/merkim.com.tr\/merkim-maket\/?s={search_term_string}"},"query-input":{"@type":"PropertyValueSpecification","valueRequired":true,"valueName":"search_term_string"}}],"inLanguage":"tr"}]}},"_links":{"self":[{"href":"https:\/\/merkim.com.tr\/merkim-maket\/wp-json\/wp\/v2\/product\/464","targetHints":{"allow":["GET"]}}],"collection":[{"href":"https:\/\/merkim.com.tr\/merkim-maket\/wp-json\/wp\/v2\/product"}],"about":[{"href":"https:\/\/merkim.com.tr\/merkim-maket\/wp-json\/wp\/v2\/types\/product"}],"replies":[{"embeddable":true,"href":"https:\/\/merkim.com.tr\/merkim-maket\/wp-json\/wp\/v2\/comments?post=464"}],"wp:featuredmedia":[{"embeddable":true,"href":"https:\/\/merkim.com.tr\/merkim-maket\/wp-json\/wp\/v2\/media\/465"}],"wp:attachment":[{"href":"https:\/\/merkim.com.tr\/merkim-maket\/wp-json\/wp\/v2\/media?parent=464"}],"wp:term":[{"taxonomy":"product_brand","embeddable":true,"href":"https:\/\/merkim.com.tr\/merkim-maket\/wp-json\/wp\/v2\/product_brand?post=464"},{"taxonomy":"product_cat","embeddable":true,"href":"https:\/\/merkim.com.tr\/merkim-maket\/wp-json\/wp\/v2\/product_cat?post=464"},{"taxonomy":"product_tag","embeddable":true,"href":"https:\/\/merkim.com.tr\/merkim-maket\/wp-json\/wp\/v2\/product_tag?post=464"}],"curies":[{"name":"wp","href":"https:\/\/api.w.org\/{rel}","templated":true}]}}