{"id":448,"date":"2025-07-05T18:27:31","date_gmt":"2025-07-05T18:27:31","guid":{"rendered":"https:\/\/merkim.com.tr\/merkim-maket\/?post_type=product&#038;p=448"},"modified":"2025-07-05T18:27:31","modified_gmt":"2025-07-05T18:27:31","slug":"meme-muayene-becerileri-egitmen-torsosu-s230-42","status":"publish","type":"product","link":"https:\/\/merkim.com.tr\/merkim-maket\/urun\/meme-muayene-becerileri-egitmen-torsosu-s230-42\/","title":{"rendered":"Meme Muayene Becerileri E\u011fitmen Torsosu (S230.42)"},"content":{"rendered":"<p dir=\"ltr\" data-pm-slice=\"1 1 []\"><strong>Meme Muayene Becerileri E\u011fitmen Torsosu (S230.42)<\/strong>, Gaumard\u00ae Scientific taraf\u0131ndan geli\u015ftirilen, sa\u011fl\u0131k profesyonelleri ve t\u0131p \u00f6\u011frencileri i\u00e7in tasarlanm\u0131\u015f son teknoloji bir e\u011fitim sim\u00fclat\u00f6r\u00fcd\u00fcr. Bu tam boyutlu yeti\u015fkin \u00fcst g\u00f6vde manikeni, meme kendi kendine muayene (BSE) ve klinik meme muayene becerilerini \u00f6\u011fretmek i\u00e7in \u00f6zel olarak tasarlanm\u0131\u015ft\u0131r. Sol meme, kendi kendine muayene e\u011fitimi i\u00e7in patolojiler i\u00e7erirken, sa\u011f meme klinik muayene e\u011fitimine y\u00f6nelik patolojiler sunar. T\u0131p fak\u00fclteleri, hem\u015firelik programlar\u0131 ve sa\u011fl\u0131k e\u011fitimi merkezleri i\u00e7in ideal olan S230.42, ger\u00e7ek\u00e7i doku, g\u00f6r\u00fcn\u00fcm ve dayan\u0131kl\u0131l\u0131k sunarak klinik senaryolara en yak\u0131n deneyimi sa\u011flar. Bu sim\u00fclat\u00f6r, meme kanseri ve di\u011fer meme patolojilerinin te\u015fhisinde kritik becerilerin geli\u015ftirilmesi i\u00e7in kapsaml\u0131 bir platform sunar.<\/p>\n<h3 dir=\"ltr\">Temel \u00d6zellikler ve Avantajlar<\/h3>\n<ul class=\"tight\" dir=\"ltr\" data-tight=\"true\">\n<li>\n<p dir=\"ltr\"><strong>\u00c7ift Y\u00f6nl\u00fc Muayene E\u011fitimi<\/strong>: Sol meme, kendi kendine meme muayenesi (BSE) i\u00e7in d\u00f6rt meme dokusu kitlesi (14-19 mm boyutlar\u0131nda, 6-16 mm derinlikte) ve iki koltuk alt\u0131 b\u00f6lgesi kitlesi i\u00e7erir. Sa\u011f meme, klinik muayene i\u00e7in b\u00fcy\u00fcm\u00fc\u015f lenf nodu, fibroadenoma, fibrokistik kitle ve s\u0131v\u0131 dolu kist (12-24 mm boyutlar\u0131nda) i\u00e7erir. Bu, farkl\u0131 te\u015fhis senaryolar\u0131na y\u00f6nelik kapsaml\u0131 bir e\u011fitim sa\u011flar.<\/p>\n<\/li>\n<li>\n<p dir=\"ltr\"><strong>Ger\u00e7ek\u00e7i Anatomi ve Doku<\/strong>: Sim\u00fclat\u00f6r, ger\u00e7ek hasta anatomisini taklit eden ger\u00e7ek\u00e7i bir doku ve g\u00f6r\u00fcn\u00fcme sahiptir. Memeler, yumu\u015fakl\u0131k ve dokunsal his a\u00e7\u0131s\u0131ndan insan cildine benzer, bu da palpasyon becerilerini geli\u015ftirmek i\u00e7in idealdir.<\/p>\n<\/li>\n<li>\n<p dir=\"ltr\"><strong>Esnek Kullan\u0131m Se\u00e7enekleri<\/strong>: Sim\u00fclat\u00f6r, dik veya yatar pozisyonda kullan\u0131labilir, bu da farkl\u0131 muayene tekniklerinin uygulanmas\u0131na olanak tan\u0131r ve e\u011fitmenlerin \u00e7e\u015fitli senaryolar\u0131 g\u00f6stermesini kolayla\u015ft\u0131r\u0131r.<\/p>\n<\/li>\n<li>\n<p dir=\"ltr\"><strong>Kolay Montaj ve \u00c7\u0131karma<\/strong>: Memeler, yeti\u015fkin \u00fcst g\u00f6vdeye kolayca tak\u0131l\u0131p \u00e7\u0131kar\u0131labilir, bu da h\u0131zl\u0131 kurulum ve farkl\u0131 patoloji mod\u00fcllerine ge\u00e7i\u015f yapmay\u0131 sa\u011flar.<\/p>\n<\/li>\n<li>\n<p dir=\"ltr\"><strong>Cilt Tonu Se\u00e7enekleri<\/strong>: Standart olarak orta cilt tonu sunulurken, a\u00e7\u0131k veya koyu cilt tonlar\u0131 ek maliyet olmadan se\u00e7ilebilir, bu da farkl\u0131 hasta pop\u00fclasyonlar\u0131n\u0131 temsil etme esnekli\u011fi sa\u011flar.<\/p>\n<\/li>\n<li>\n<p dir=\"ltr\"><strong>Dayan\u0131kl\u0131 ve Ta\u015f\u0131nabilir<\/strong>: Gaumard\u2019\u0131n tescilli teknolojisiyle \u00fcretilen sim\u00fclat\u00f6r, uzun s\u00fcreli kullan\u0131m i\u00e7in dayan\u0131kl\u0131 malzemelerden yap\u0131lm\u0131\u015ft\u0131r. Yumu\u015fak ta\u015f\u0131ma \u00e7antas\u0131 ve kullan\u0131m k\u0131lavuzu ile birlikte gelir, bu da e\u011fitim kurumlar\u0131nda veya mobil e\u011fitim programlar\u0131nda kolay ta\u015f\u0131ma ve kullan\u0131m sa\u011flar.<\/p>\n<\/li>\n<li>\n<p dir=\"ltr\"><strong>Kapsaml\u0131 E\u011fitim \u00c7\u00f6z\u00fcm\u00fc<\/strong>: Meme kanseri, fibroadenoma, fibrokistik kitleler ve di\u011fer patolojilerin te\u015fhisine y\u00f6nelik becerileri geli\u015ftirmek i\u00e7in tasarlanm\u0131\u015ft\u0131r. Hem kendi kendine muayene hem de klinik muayene e\u011fitimini destekler.<\/p>\n<\/li>\n<\/ul>\n<p dir=\"ltr\">Meme Muayene Becerileri E\u011fitmen Torsosu (S230.42), meme muayene ve te\u015fhis becerilerinde uzmanla\u015fmak isteyen sa\u011fl\u0131k profesyonelleri i\u00e7in tasarlanm\u0131\u015ft\u0131r. Ger\u00e7ek\u00e7i \u00f6zellikleri, \u00e7ok y\u00f6nl\u00fc i\u015flevselli\u011fi ve dayan\u0131kl\u0131 tasar\u0131m\u0131 ile bu sim\u00fclat\u00f6r, klinik yetkinlik kazanmak i\u00e7in lider bir e\u011fitim arac\u0131d\u0131r. Gaumard\u2019\u0131n yenilik ve kalite miras\u0131yla desteklenen bu \u00fcr\u00fcn, sa\u011fl\u0131k e\u011fitiminde standartlar\u0131 y\u00fckseltir.<\/p>\n","protected":false},"excerpt":{"rendered":"<p dir=\"ltr\" data-pm-slice=\"1 1 []\">Meme Muayene Becerileri E\u011fitmen Torsosu (S230.42), kendi kendine ve klinik meme muayene becerilerini \u00f6\u011fretmek i\u00e7in tasarlanm\u0131\u015f ger\u00e7ek\u00e7i bir sim\u00fclat\u00f6rd\u00fcr. \u00c7e\u015fitli patolojiler i\u00e7eren de\u011fi\u015ftirilebilir memelerle e\u011fitim sunar.<\/p>\n","protected":false},"featured_media":449,"comment_status":"open","ping_status":"closed","template":"","meta":[],"product_brand":[948],"product_cat":[15,947,1205],"product_tag":[1199,21,875,1223,1222,1220,874,1221,388,45],"class_list":{"0":"post-448","1":"product","2":"type-product","3":"status-publish","4":"has-post-thumbnail","6":"product_brand-gaumard-scientific","7":"product_cat-genel","8":"product_cat-gaumard-scientific","9":"product_cat-gaumard-skill-trainer","10":"product_tag-gaumard-manikin","11":"product_tag-hemsirelik-egitimi","12":"product_tag-kendi-kendine-meme-muayenesi","13":"product_tag-klinik-meme-muayenesi","14":"product_tag-koltuk-alti-muayenesi","15":"product_tag-meme-kanseri-teshisi","16":"product_tag-meme-muayene-simulatoru","17":"product_tag-meme-patolojisi-egitimi","18":"product_tag-saglik-simulatoru","19":"product_tag-tip-egitimi","21":"first","22":"instock","23":"shipping-taxable","24":"product-type-simple"},"yoast_head":"<!-- This site is optimized with the Yoast SEO plugin v25.2 - https:\/\/yoast.com\/wordpress\/plugins\/seo\/ -->\n<title>Meme Muayene Becerileri E\u011fitmen Torsosu (S230.42) - Merkim Maket<\/title>\n<meta name=\"description\" content=\"Meme Muayene Becerileri E\u011fitmen Torsosu (S230.42) ile kendi kendine ve klinik meme muayene becerilerinizi geli\u015ftirin. Ger\u00e7ek\u00e7i anatomi ve patoloji mod\u00fclleriyle sa\u011fl\u0131k e\u011fitimi i\u00e7in ideal!\" \/>\n<meta name=\"robots\" content=\"index, follow, max-snippet:-1, max-image-preview:large, max-video-preview:-1\" \/>\n<link rel=\"canonical\" href=\"https:\/\/merkim.com.tr\/merkim-maket\/urun\/meme-muayene-becerileri-egitmen-torsosu-s230-42\/\" \/>\n<meta property=\"og:locale\" content=\"tr_TR\" \/>\n<meta property=\"og:type\" content=\"article\" \/>\n<meta property=\"og:title\" content=\"Meme Muayene Becerileri E\u011fitmen Torsosu (S230.42) - Merkim Maket\" \/>\n<meta property=\"og:description\" content=\"Meme Muayene Becerileri E\u011fitmen Torsosu (S230.42) ile kendi kendine ve klinik meme muayene becerilerinizi geli\u015ftirin. Ger\u00e7ek\u00e7i anatomi ve patoloji mod\u00fclleriyle sa\u011fl\u0131k e\u011fitimi i\u00e7in ideal!\" \/>\n<meta property=\"og:url\" content=\"https:\/\/merkim.com.tr\/merkim-maket\/urun\/meme-muayene-becerileri-egitmen-torsosu-s230-42\/\" \/>\n<meta property=\"og:site_name\" content=\"Merkim Maket\" \/>\n<meta property=\"og:image\" content=\"https:\/\/merkim.com.tr\/merkim-maket\/wp-content\/uploads\/2025\/07\/meme-muayene-becerileri-egitmen-torsosu-s230-42-gaumard.png\" \/>\n\t<meta property=\"og:image:width\" content=\"800\" \/>\n\t<meta property=\"og:image:height\" content=\"531\" \/>\n\t<meta property=\"og:image:type\" content=\"image\/png\" \/>\n<meta name=\"twitter:card\" content=\"summary_large_image\" \/>\n<meta name=\"twitter:label1\" content=\"Tahmini okuma s\u00fcresi\" \/>\n\t<meta name=\"twitter:data1\" content=\"3 dakika\" \/>\n<script type=\"application\/ld+json\" class=\"yoast-schema-graph\">{\"@context\":\"https:\/\/schema.org\",\"@graph\":[{\"@type\":\"WebPage\",\"@id\":\"https:\/\/merkim.com.tr\/merkim-maket\/urun\/meme-muayene-becerileri-egitmen-torsosu-s230-42\/\",\"url\":\"https:\/\/merkim.com.tr\/merkim-maket\/urun\/meme-muayene-becerileri-egitmen-torsosu-s230-42\/\",\"name\":\"Meme Muayene Becerileri E\u011fitmen Torsosu (S230.42) - Merkim Maket\",\"isPartOf\":{\"@id\":\"https:\/\/merkim.com.tr\/merkim-maket\/#website\"},\"primaryImageOfPage\":{\"@id\":\"https:\/\/merkim.com.tr\/merkim-maket\/urun\/meme-muayene-becerileri-egitmen-torsosu-s230-42\/#primaryimage\"},\"image\":{\"@id\":\"https:\/\/merkim.com.tr\/merkim-maket\/urun\/meme-muayene-becerileri-egitmen-torsosu-s230-42\/#primaryimage\"},\"thumbnailUrl\":\"https:\/\/merkim.com.tr\/merkim-maket\/wp-content\/uploads\/2025\/07\/meme-muayene-becerileri-egitmen-torsosu-s230-42-gaumard.png\",\"datePublished\":\"2025-07-05T18:27:31+00:00\",\"description\":\"Meme Muayene Becerileri E\u011fitmen Torsosu (S230.42) ile kendi kendine ve klinik meme muayene becerilerinizi geli\u015ftirin. Ger\u00e7ek\u00e7i anatomi ve patoloji mod\u00fclleriyle sa\u011fl\u0131k e\u011fitimi i\u00e7in ideal!\",\"breadcrumb\":{\"@id\":\"https:\/\/merkim.com.tr\/merkim-maket\/urun\/meme-muayene-becerileri-egitmen-torsosu-s230-42\/#breadcrumb\"},\"inLanguage\":\"tr\",\"potentialAction\":[{\"@type\":\"ReadAction\",\"target\":[\"https:\/\/merkim.com.tr\/merkim-maket\/urun\/meme-muayene-becerileri-egitmen-torsosu-s230-42\/\"]}]},{\"@type\":\"ImageObject\",\"inLanguage\":\"tr\",\"@id\":\"https:\/\/merkim.com.tr\/merkim-maket\/urun\/meme-muayene-becerileri-egitmen-torsosu-s230-42\/#primaryimage\",\"url\":\"https:\/\/merkim.com.tr\/merkim-maket\/wp-content\/uploads\/2025\/07\/meme-muayene-becerileri-egitmen-torsosu-s230-42-gaumard.png\",\"contentUrl\":\"https:\/\/merkim.com.tr\/merkim-maket\/wp-content\/uploads\/2025\/07\/meme-muayene-becerileri-egitmen-torsosu-s230-42-gaumard.png\",\"width\":800,\"height\":531,\"caption\":\"Gaumard S230.42 ile kendi kendine ve klinik meme muayene becerilerini \u00f6\u011frenin\"},{\"@type\":\"BreadcrumbList\",\"@id\":\"https:\/\/merkim.com.tr\/merkim-maket\/urun\/meme-muayene-becerileri-egitmen-torsosu-s230-42\/#breadcrumb\",\"itemListElement\":[{\"@type\":\"ListItem\",\"position\":1,\"name\":\"Anasayfa\",\"item\":\"https:\/\/merkim.com.tr\/merkim-maket\/\"},{\"@type\":\"ListItem\",\"position\":2,\"name\":\"Ma\u011faza\",\"item\":\"https:\/\/merkim.com.tr\/merkim-maket\/magaza\/\"},{\"@type\":\"ListItem\",\"position\":3,\"name\":\"Meme Muayene Becerileri E\u011fitmen Torsosu (S230.42)\"}]},{\"@type\":\"WebSite\",\"@id\":\"https:\/\/merkim.com.tr\/merkim-maket\/#website\",\"url\":\"https:\/\/merkim.com.tr\/merkim-maket\/\",\"name\":\"Merkim Maket\",\"description\":\"\",\"potentialAction\":[{\"@type\":\"SearchAction\",\"target\":{\"@type\":\"EntryPoint\",\"urlTemplate\":\"https:\/\/merkim.com.tr\/merkim-maket\/?s={search_term_string}\"},\"query-input\":{\"@type\":\"PropertyValueSpecification\",\"valueRequired\":true,\"valueName\":\"search_term_string\"}}],\"inLanguage\":\"tr\"}]}<\/script>\n<!-- \/ Yoast SEO plugin. -->","yoast_head_json":{"title":"Meme Muayene Becerileri E\u011fitmen Torsosu (S230.42) - Merkim Maket","description":"Meme Muayene Becerileri E\u011fitmen Torsosu (S230.42) ile kendi kendine ve klinik meme muayene becerilerinizi geli\u015ftirin. Ger\u00e7ek\u00e7i anatomi ve patoloji mod\u00fclleriyle sa\u011fl\u0131k e\u011fitimi i\u00e7in ideal!","robots":{"index":"index","follow":"follow","max-snippet":"max-snippet:-1","max-image-preview":"max-image-preview:large","max-video-preview":"max-video-preview:-1"},"canonical":"https:\/\/merkim.com.tr\/merkim-maket\/urun\/meme-muayene-becerileri-egitmen-torsosu-s230-42\/","og_locale":"tr_TR","og_type":"article","og_title":"Meme Muayene Becerileri E\u011fitmen Torsosu (S230.42) - Merkim Maket","og_description":"Meme Muayene Becerileri E\u011fitmen Torsosu (S230.42) ile kendi kendine ve klinik meme muayene becerilerinizi geli\u015ftirin. Ger\u00e7ek\u00e7i anatomi ve patoloji mod\u00fclleriyle sa\u011fl\u0131k e\u011fitimi i\u00e7in ideal!","og_url":"https:\/\/merkim.com.tr\/merkim-maket\/urun\/meme-muayene-becerileri-egitmen-torsosu-s230-42\/","og_site_name":"Merkim Maket","og_image":[{"width":800,"height":531,"url":"https:\/\/merkim.com.tr\/merkim-maket\/wp-content\/uploads\/2025\/07\/meme-muayene-becerileri-egitmen-torsosu-s230-42-gaumard.png","type":"image\/png"}],"twitter_card":"summary_large_image","twitter_misc":{"Tahmini okuma s\u00fcresi":"3 dakika"},"schema":{"@context":"https:\/\/schema.org","@graph":[{"@type":"WebPage","@id":"https:\/\/merkim.com.tr\/merkim-maket\/urun\/meme-muayene-becerileri-egitmen-torsosu-s230-42\/","url":"https:\/\/merkim.com.tr\/merkim-maket\/urun\/meme-muayene-becerileri-egitmen-torsosu-s230-42\/","name":"Meme Muayene Becerileri E\u011fitmen Torsosu (S230.42) - Merkim Maket","isPartOf":{"@id":"https:\/\/merkim.com.tr\/merkim-maket\/#website"},"primaryImageOfPage":{"@id":"https:\/\/merkim.com.tr\/merkim-maket\/urun\/meme-muayene-becerileri-egitmen-torsosu-s230-42\/#primaryimage"},"image":{"@id":"https:\/\/merkim.com.tr\/merkim-maket\/urun\/meme-muayene-becerileri-egitmen-torsosu-s230-42\/#primaryimage"},"thumbnailUrl":"https:\/\/merkim.com.tr\/merkim-maket\/wp-content\/uploads\/2025\/07\/meme-muayene-becerileri-egitmen-torsosu-s230-42-gaumard.png","datePublished":"2025-07-05T18:27:31+00:00","description":"Meme Muayene Becerileri E\u011fitmen Torsosu (S230.42) ile kendi kendine ve klinik meme muayene becerilerinizi geli\u015ftirin. Ger\u00e7ek\u00e7i anatomi ve patoloji mod\u00fclleriyle sa\u011fl\u0131k e\u011fitimi i\u00e7in ideal!","breadcrumb":{"@id":"https:\/\/merkim.com.tr\/merkim-maket\/urun\/meme-muayene-becerileri-egitmen-torsosu-s230-42\/#breadcrumb"},"inLanguage":"tr","potentialAction":[{"@type":"ReadAction","target":["https:\/\/merkim.com.tr\/merkim-maket\/urun\/meme-muayene-becerileri-egitmen-torsosu-s230-42\/"]}]},{"@type":"ImageObject","inLanguage":"tr","@id":"https:\/\/merkim.com.tr\/merkim-maket\/urun\/meme-muayene-becerileri-egitmen-torsosu-s230-42\/#primaryimage","url":"https:\/\/merkim.com.tr\/merkim-maket\/wp-content\/uploads\/2025\/07\/meme-muayene-becerileri-egitmen-torsosu-s230-42-gaumard.png","contentUrl":"https:\/\/merkim.com.tr\/merkim-maket\/wp-content\/uploads\/2025\/07\/meme-muayene-becerileri-egitmen-torsosu-s230-42-gaumard.png","width":800,"height":531,"caption":"Gaumard S230.42 ile kendi kendine ve klinik meme muayene becerilerini \u00f6\u011frenin"},{"@type":"BreadcrumbList","@id":"https:\/\/merkim.com.tr\/merkim-maket\/urun\/meme-muayene-becerileri-egitmen-torsosu-s230-42\/#breadcrumb","itemListElement":[{"@type":"ListItem","position":1,"name":"Anasayfa","item":"https:\/\/merkim.com.tr\/merkim-maket\/"},{"@type":"ListItem","position":2,"name":"Ma\u011faza","item":"https:\/\/merkim.com.tr\/merkim-maket\/magaza\/"},{"@type":"ListItem","position":3,"name":"Meme Muayene Becerileri E\u011fitmen Torsosu (S230.42)"}]},{"@type":"WebSite","@id":"https:\/\/merkim.com.tr\/merkim-maket\/#website","url":"https:\/\/merkim.com.tr\/merkim-maket\/","name":"Merkim Maket","description":"","potentialAction":[{"@type":"SearchAction","target":{"@type":"EntryPoint","urlTemplate":"https:\/\/merkim.com.tr\/merkim-maket\/?s={search_term_string}"},"query-input":{"@type":"PropertyValueSpecification","valueRequired":true,"valueName":"search_term_string"}}],"inLanguage":"tr"}]}},"_links":{"self":[{"href":"https:\/\/merkim.com.tr\/merkim-maket\/wp-json\/wp\/v2\/product\/448","targetHints":{"allow":["GET"]}}],"collection":[{"href":"https:\/\/merkim.com.tr\/merkim-maket\/wp-json\/wp\/v2\/product"}],"about":[{"href":"https:\/\/merkim.com.tr\/merkim-maket\/wp-json\/wp\/v2\/types\/product"}],"replies":[{"embeddable":true,"href":"https:\/\/merkim.com.tr\/merkim-maket\/wp-json\/wp\/v2\/comments?post=448"}],"wp:featuredmedia":[{"embeddable":true,"href":"https:\/\/merkim.com.tr\/merkim-maket\/wp-json\/wp\/v2\/media\/449"}],"wp:attachment":[{"href":"https:\/\/merkim.com.tr\/merkim-maket\/wp-json\/wp\/v2\/media?parent=448"}],"wp:term":[{"taxonomy":"product_brand","embeddable":true,"href":"https:\/\/merkim.com.tr\/merkim-maket\/wp-json\/wp\/v2\/product_brand?post=448"},{"taxonomy":"product_cat","embeddable":true,"href":"https:\/\/merkim.com.tr\/merkim-maket\/wp-json\/wp\/v2\/product_cat?post=448"},{"taxonomy":"product_tag","embeddable":true,"href":"https:\/\/merkim.com.tr\/merkim-maket\/wp-json\/wp\/v2\/product_tag?post=448"}],"curies":[{"name":"wp","href":"https:\/\/api.w.org\/{rel}","templated":true}]}}