{"id":436,"date":"2025-07-05T17:22:40","date_gmt":"2025-07-05T17:22:40","guid":{"rendered":"https:\/\/merkim.com.tr\/merkim-maket\/?post_type=product&#038;p=436"},"modified":"2025-07-05T17:22:40","modified_gmt":"2025-07-05T17:22:40","slug":"gelismis-hasta-bakimi-erkek-ve-kadin-kateterizasyon-simulatoru-s230-10","status":"publish","type":"product","link":"https:\/\/merkim.com.tr\/merkim-maket\/urun\/gelismis-hasta-bakimi-erkek-ve-kadin-kateterizasyon-simulatoru-s230-10\/","title":{"rendered":"Geli\u015fmi\u015f Hasta Bak\u0131m\u0131 Erkek ve Kad\u0131n Kateterizasyon Sim\u00fclat\u00f6r\u00fc (S230.10)"},"content":{"rendered":"<p dir=\"ltr\" data-pm-slice=\"1 1 []\"><strong>Geli\u015fmi\u015f Hasta Bak\u0131m\u0131 Erkek ve Kad\u0131n Kateterizasyon Sim\u00fclat\u00f6r\u00fc (S230.10)<\/strong>, Gaumard\u00ae Scientific taraf\u0131ndan geli\u015ftirilen, sa\u011fl\u0131k profesyonelleri ve \u00f6\u011frenciler i\u00e7in tasarlanm\u0131\u015f yenilik\u00e7i bir &#8220;iki bir arada&#8221; e\u011fitim sim\u00fclat\u00f6r\u00fcd\u00fcr. Bu son teknoloji manikin, de\u011fi\u015ftirilebilir erkek ve kad\u0131n genital organlar\u0131yla, hem erkek hem de kad\u0131n kateterizasyon becerilerini \u00f6\u011fretmek ve geli\u015ftirmek i\u00e7in e\u015fsiz bir platform sunar. T\u0131p fak\u00fclteleri, hem\u015firelik programlar\u0131 ve sa\u011fl\u0131k e\u011fitimi merkezleri i\u00e7in ideal olan S230.10, temel hem\u015firelik becerilerinin yan\u0131 s\u0131ra ileri d\u00fczey bak\u0131m prosed\u00fcrlerini \u00f6\u011fretmek i\u00e7in tasarlanm\u0131\u015ft\u0131r. Ger\u00e7ek\u00e7i anatomik yap\u0131s\u0131 ve \u00e7ok y\u00f6nl\u00fc i\u015flevselli\u011fi ile bu sim\u00fclat\u00f6r, klinik ortamlara en yak\u0131n deneyimi sa\u011flar.<\/p>\n<h3 dir=\"ltr\">Temel \u00d6zellikler ve Avantajlar<\/h3>\n<ul class=\"tight\" dir=\"ltr\" data-tight=\"true\">\n<li>\n<p dir=\"ltr\"><strong>\u0130ki Bir Arada Kateterizasyon E\u011fitimi<\/strong>: S230.10, de\u011fi\u015ftirilebilir erkek ve kad\u0131n genital organlar\u0131 ile hem erkek hem de kad\u0131n kateterizasyon tekniklerini \u00f6\u011fretmek i\u00e7in tasarlanm\u0131\u015ft\u0131r. Bu \u00f6zellik, kullan\u0131c\u0131lar\u0131n farkl\u0131 anatomik yap\u0131larla \u00e7al\u0131\u015farak kapsaml\u0131 bir \u00f6\u011frenme deneyimi kazanmas\u0131n\u0131 sa\u011flar.<\/p>\n<\/li>\n<li>\n<p dir=\"ltr\"><strong>Ger\u00e7ek\u00e7i Anatomi<\/strong>: Manikin, erkek ve kad\u0131n d\u0131\u015f genital organlar\u0131n\u0131n anatomik olarak do\u011fru temsillerini i\u00e7erir. Bu, \u00f6\u011frencilerin kateterizasyon prosed\u00fcrlerini ger\u00e7ek hasta senaryolar\u0131na uygun \u015fekilde uygulamalar\u0131na olanak tan\u0131r.<\/p>\n<\/li>\n<li>\n<p dir=\"ltr\"><strong>Geli\u015fmi\u015f Hem\u015firelik Becerileri<\/strong>: Kateterizasyonun yan\u0131 s\u0131ra, sim\u00fclat\u00f6r ostomi bak\u0131m\u0131, servikal ve rektal muayene ile lavman prosed\u00fcrleri gibi ileri d\u00fczey hem\u015firelik becerilerini \u00f6\u011fretmek i\u00e7in uygundur. Bu, sa\u011fl\u0131k profesyonellerinin \u00e7ok y\u00f6nl\u00fc beceriler geli\u015ftirmesine yard\u0131mc\u0131 olur.<\/p>\n<\/li>\n<li>\n<p dir=\"ltr\"><strong>Fonksiyonel Stoma Sistemi<\/strong>: Tamamen i\u015flevsel stoma b\u00f6lgeleri, \u00e7\u0131kar\u0131labilir ve de\u011fi\u015ftirilebilir dahili tanklara ba\u011fl\u0131d\u0131r. Bu sistem, ostomi bak\u0131m\u0131n\u0131n ger\u00e7ek\u00e7i bir \u015fekilde uygulanmas\u0131n\u0131 sa\u011flar.<\/p>\n<\/li>\n<li>\n<p dir=\"ltr\"><strong>S\u0131zd\u0131rmazl\u0131k Teknolojisi<\/strong>: Mod\u00fcler \u00fcretral valf, s\u0131v\u0131 s\u0131z\u0131nt\u0131s\u0131n\u0131 \u00f6nleyerek temiz ve g\u00fcvenli bir e\u011fitim ortam\u0131 sunar.<\/p>\n<\/li>\n<li>\n<p dir=\"ltr\"><strong>Kullan\u0131c\u0131 Dostu ve Ta\u015f\u0131nabilir<\/strong>: Sim\u00fclat\u00f6r, kullan\u0131m k\u0131lavuzu ve yumu\u015fak ta\u015f\u0131ma \u00e7antas\u0131 ile birlikte gelir, b\u00f6ylece e\u011fitim kurumlar\u0131 ve mobil e\u011fitim programlar\u0131 i\u00e7in kolayl\u0131kla ta\u015f\u0131nabilir ve kullan\u0131labilir.<\/p>\n<\/li>\n<\/ul>\n<p dir=\"ltr\">S230.10, sa\u011fl\u0131k e\u011fitiminde y\u00fcksek standartlar\u0131 kar\u015f\u0131lamak \u00fczere tasarlanm\u0131\u015ft\u0131r. Ger\u00e7ek\u00e7i anatomisi, dayan\u0131kl\u0131 yap\u0131s\u0131 ve \u00e7ok y\u00f6nl\u00fc i\u015flevselli\u011fi ile bu sim\u00fclat\u00f6r, hem\u015firelik ve t\u0131p \u00f6\u011frencilerinin klinik becerilerini geli\u015ftirmek i\u00e7in m\u00fckemmel bir ara\u00e7t\u0131r. Gaumard\u2019\u0131n kalite ve yenilik miras\u0131yla desteklenen bu \u00fcr\u00fcn, sa\u011fl\u0131k e\u011fitiminde lider bir \u00e7\u00f6z\u00fcmd\u00fcr.<\/p>\n","protected":false},"excerpt":{"rendered":"<p dir=\"ltr\" data-pm-slice=\"1 1 []\">Geli\u015fmi\u015f Hasta Bak\u0131m\u0131 Erkek ve Kad\u0131n Kateterizasyon Sim\u00fclat\u00f6r\u00fc (S230.10), erkek ve kad\u0131n kateterizasyon becerilerini \u00f6\u011fretmek i\u00e7in tasarlanm\u0131\u015f iki bir arada bir manikendir. Ostomi bak\u0131m\u0131, servikal\/rektal muayene ve lavman prosed\u00fcrleri i\u00e7in idealdir.<\/p>\n","protected":false},"featured_media":437,"comment_status":"open","ping_status":"closed","template":"","meta":[],"product_brand":[948],"product_cat":[15,947,1205],"product_tag":[480,1199,1206,21,481,170,109,404,388,45],"class_list":{"0":"post-436","1":"product","2":"type-product","3":"status-publish","4":"has-post-thumbnail","6":"product_brand-gaumard-scientific","7":"product_cat-genel","8":"product_cat-gaumard-scientific","9":"product_cat-gaumard-skill-trainer","10":"product_tag-erkek-kateterizasyon","11":"product_tag-gaumard-manikin","12":"product_tag-hasta-bakimi-simulatoru","13":"product_tag-hemsirelik-egitimi","14":"product_tag-kadin-kateterizasyon","15":"product_tag-kateterizasyon-simulatoru","16":"product_tag-klinik-beceri-egitimi","17":"product_tag-ostomi-bakimi","18":"product_tag-saglik-simulatoru","19":"product_tag-tip-egitimi","21":"first","22":"instock","23":"shipping-taxable","24":"product-type-simple"},"yoast_head":"<!-- This site is optimized with the Yoast SEO plugin v25.2 - https:\/\/yoast.com\/wordpress\/plugins\/seo\/ -->\n<title>Geli\u015fmi\u015f Hasta Bak\u0131m\u0131 Erkek ve Kad\u0131n Kateterizasyon Sim\u00fclat\u00f6r\u00fc (S230.10) - Merkim Maket<\/title>\n<meta name=\"description\" content=\"Geli\u015fmi\u015f Hasta Bak\u0131m\u0131 Erkek ve Kad\u0131n Kateterizasyon Sim\u00fclat\u00f6r\u00fc (S230.10) ile kateterizasyon ve ostomi bak\u0131m\u0131 becerilerinizi geli\u015ftirin. Ger\u00e7ek\u00e7i anatomi ve ileri teknoloji ile hem\u015firelik e\u011fitimi i\u00e7in ideal!\" \/>\n<meta name=\"robots\" content=\"index, follow, max-snippet:-1, max-image-preview:large, max-video-preview:-1\" \/>\n<link rel=\"canonical\" href=\"https:\/\/merkim.com.tr\/merkim-maket\/urun\/gelismis-hasta-bakimi-erkek-ve-kadin-kateterizasyon-simulatoru-s230-10\/\" \/>\n<meta property=\"og:locale\" content=\"tr_TR\" \/>\n<meta property=\"og:type\" content=\"article\" \/>\n<meta property=\"og:title\" content=\"Geli\u015fmi\u015f Hasta Bak\u0131m\u0131 Erkek ve Kad\u0131n Kateterizasyon Sim\u00fclat\u00f6r\u00fc (S230.10) - Merkim Maket\" \/>\n<meta property=\"og:description\" content=\"Geli\u015fmi\u015f Hasta Bak\u0131m\u0131 Erkek ve Kad\u0131n Kateterizasyon Sim\u00fclat\u00f6r\u00fc (S230.10) ile kateterizasyon ve ostomi bak\u0131m\u0131 becerilerinizi geli\u015ftirin. Ger\u00e7ek\u00e7i anatomi ve ileri teknoloji ile hem\u015firelik e\u011fitimi i\u00e7in ideal!\" \/>\n<meta property=\"og:url\" content=\"https:\/\/merkim.com.tr\/merkim-maket\/urun\/gelismis-hasta-bakimi-erkek-ve-kadin-kateterizasyon-simulatoru-s230-10\/\" \/>\n<meta property=\"og:site_name\" content=\"Merkim Maket\" \/>\n<meta property=\"og:image\" content=\"https:\/\/merkim.com.tr\/merkim-maket\/wp-content\/uploads\/2025\/07\/gelismis-hasta-bakimi-erkek-kadin-kateterizasyon-simulatoru-s230-10-gaumard.png\" \/>\n\t<meta property=\"og:image:width\" content=\"800\" \/>\n\t<meta property=\"og:image:height\" content=\"531\" \/>\n\t<meta property=\"og:image:type\" content=\"image\/png\" \/>\n<meta name=\"twitter:card\" content=\"summary_large_image\" \/>\n<meta name=\"twitter:label1\" content=\"Tahmini okuma s\u00fcresi\" \/>\n\t<meta name=\"twitter:data1\" content=\"2 dakika\" \/>\n<script type=\"application\/ld+json\" class=\"yoast-schema-graph\">{\"@context\":\"https:\/\/schema.org\",\"@graph\":[{\"@type\":\"WebPage\",\"@id\":\"https:\/\/merkim.com.tr\/merkim-maket\/urun\/gelismis-hasta-bakimi-erkek-ve-kadin-kateterizasyon-simulatoru-s230-10\/\",\"url\":\"https:\/\/merkim.com.tr\/merkim-maket\/urun\/gelismis-hasta-bakimi-erkek-ve-kadin-kateterizasyon-simulatoru-s230-10\/\",\"name\":\"Geli\u015fmi\u015f Hasta Bak\u0131m\u0131 Erkek ve Kad\u0131n Kateterizasyon Sim\u00fclat\u00f6r\u00fc (S230.10) - Merkim Maket\",\"isPartOf\":{\"@id\":\"https:\/\/merkim.com.tr\/merkim-maket\/#website\"},\"primaryImageOfPage\":{\"@id\":\"https:\/\/merkim.com.tr\/merkim-maket\/urun\/gelismis-hasta-bakimi-erkek-ve-kadin-kateterizasyon-simulatoru-s230-10\/#primaryimage\"},\"image\":{\"@id\":\"https:\/\/merkim.com.tr\/merkim-maket\/urun\/gelismis-hasta-bakimi-erkek-ve-kadin-kateterizasyon-simulatoru-s230-10\/#primaryimage\"},\"thumbnailUrl\":\"https:\/\/merkim.com.tr\/merkim-maket\/wp-content\/uploads\/2025\/07\/gelismis-hasta-bakimi-erkek-kadin-kateterizasyon-simulatoru-s230-10-gaumard.png\",\"datePublished\":\"2025-07-05T17:22:40+00:00\",\"description\":\"Geli\u015fmi\u015f Hasta Bak\u0131m\u0131 Erkek ve Kad\u0131n Kateterizasyon Sim\u00fclat\u00f6r\u00fc (S230.10) ile kateterizasyon ve ostomi bak\u0131m\u0131 becerilerinizi geli\u015ftirin. Ger\u00e7ek\u00e7i anatomi ve ileri teknoloji ile hem\u015firelik e\u011fitimi i\u00e7in ideal!\",\"breadcrumb\":{\"@id\":\"https:\/\/merkim.com.tr\/merkim-maket\/urun\/gelismis-hasta-bakimi-erkek-ve-kadin-kateterizasyon-simulatoru-s230-10\/#breadcrumb\"},\"inLanguage\":\"tr\",\"potentialAction\":[{\"@type\":\"ReadAction\",\"target\":[\"https:\/\/merkim.com.tr\/merkim-maket\/urun\/gelismis-hasta-bakimi-erkek-ve-kadin-kateterizasyon-simulatoru-s230-10\/\"]}]},{\"@type\":\"ImageObject\",\"inLanguage\":\"tr\",\"@id\":\"https:\/\/merkim.com.tr\/merkim-maket\/urun\/gelismis-hasta-bakimi-erkek-ve-kadin-kateterizasyon-simulatoru-s230-10\/#primaryimage\",\"url\":\"https:\/\/merkim.com.tr\/merkim-maket\/wp-content\/uploads\/2025\/07\/gelismis-hasta-bakimi-erkek-kadin-kateterizasyon-simulatoru-s230-10-gaumard.png\",\"contentUrl\":\"https:\/\/merkim.com.tr\/merkim-maket\/wp-content\/uploads\/2025\/07\/gelismis-hasta-bakimi-erkek-kadin-kateterizasyon-simulatoru-s230-10-gaumard.png\",\"width\":800,\"height\":531,\"caption\":\"Gaumard S230.10 ile erkek ve kad\u0131n kateterizasyon becerilerini \u00f6\u011frenin\"},{\"@type\":\"BreadcrumbList\",\"@id\":\"https:\/\/merkim.com.tr\/merkim-maket\/urun\/gelismis-hasta-bakimi-erkek-ve-kadin-kateterizasyon-simulatoru-s230-10\/#breadcrumb\",\"itemListElement\":[{\"@type\":\"ListItem\",\"position\":1,\"name\":\"Anasayfa\",\"item\":\"https:\/\/merkim.com.tr\/merkim-maket\/\"},{\"@type\":\"ListItem\",\"position\":2,\"name\":\"Ma\u011faza\",\"item\":\"https:\/\/merkim.com.tr\/merkim-maket\/magaza\/\"},{\"@type\":\"ListItem\",\"position\":3,\"name\":\"Geli\u015fmi\u015f Hasta Bak\u0131m\u0131 Erkek ve Kad\u0131n Kateterizasyon Sim\u00fclat\u00f6r\u00fc (S230.10)\"}]},{\"@type\":\"WebSite\",\"@id\":\"https:\/\/merkim.com.tr\/merkim-maket\/#website\",\"url\":\"https:\/\/merkim.com.tr\/merkim-maket\/\",\"name\":\"Merkim Maket\",\"description\":\"\",\"potentialAction\":[{\"@type\":\"SearchAction\",\"target\":{\"@type\":\"EntryPoint\",\"urlTemplate\":\"https:\/\/merkim.com.tr\/merkim-maket\/?s={search_term_string}\"},\"query-input\":{\"@type\":\"PropertyValueSpecification\",\"valueRequired\":true,\"valueName\":\"search_term_string\"}}],\"inLanguage\":\"tr\"}]}<\/script>\n<!-- \/ Yoast SEO plugin. -->","yoast_head_json":{"title":"Geli\u015fmi\u015f Hasta Bak\u0131m\u0131 Erkek ve Kad\u0131n Kateterizasyon Sim\u00fclat\u00f6r\u00fc (S230.10) - Merkim Maket","description":"Geli\u015fmi\u015f Hasta Bak\u0131m\u0131 Erkek ve Kad\u0131n Kateterizasyon Sim\u00fclat\u00f6r\u00fc (S230.10) ile kateterizasyon ve ostomi bak\u0131m\u0131 becerilerinizi geli\u015ftirin. Ger\u00e7ek\u00e7i anatomi ve ileri teknoloji ile hem\u015firelik e\u011fitimi i\u00e7in ideal!","robots":{"index":"index","follow":"follow","max-snippet":"max-snippet:-1","max-image-preview":"max-image-preview:large","max-video-preview":"max-video-preview:-1"},"canonical":"https:\/\/merkim.com.tr\/merkim-maket\/urun\/gelismis-hasta-bakimi-erkek-ve-kadin-kateterizasyon-simulatoru-s230-10\/","og_locale":"tr_TR","og_type":"article","og_title":"Geli\u015fmi\u015f Hasta Bak\u0131m\u0131 Erkek ve Kad\u0131n Kateterizasyon Sim\u00fclat\u00f6r\u00fc (S230.10) - Merkim Maket","og_description":"Geli\u015fmi\u015f Hasta Bak\u0131m\u0131 Erkek ve Kad\u0131n Kateterizasyon Sim\u00fclat\u00f6r\u00fc (S230.10) ile kateterizasyon ve ostomi bak\u0131m\u0131 becerilerinizi geli\u015ftirin. Ger\u00e7ek\u00e7i anatomi ve ileri teknoloji ile hem\u015firelik e\u011fitimi i\u00e7in ideal!","og_url":"https:\/\/merkim.com.tr\/merkim-maket\/urun\/gelismis-hasta-bakimi-erkek-ve-kadin-kateterizasyon-simulatoru-s230-10\/","og_site_name":"Merkim Maket","og_image":[{"width":800,"height":531,"url":"https:\/\/merkim.com.tr\/merkim-maket\/wp-content\/uploads\/2025\/07\/gelismis-hasta-bakimi-erkek-kadin-kateterizasyon-simulatoru-s230-10-gaumard.png","type":"image\/png"}],"twitter_card":"summary_large_image","twitter_misc":{"Tahmini okuma s\u00fcresi":"2 dakika"},"schema":{"@context":"https:\/\/schema.org","@graph":[{"@type":"WebPage","@id":"https:\/\/merkim.com.tr\/merkim-maket\/urun\/gelismis-hasta-bakimi-erkek-ve-kadin-kateterizasyon-simulatoru-s230-10\/","url":"https:\/\/merkim.com.tr\/merkim-maket\/urun\/gelismis-hasta-bakimi-erkek-ve-kadin-kateterizasyon-simulatoru-s230-10\/","name":"Geli\u015fmi\u015f Hasta Bak\u0131m\u0131 Erkek ve Kad\u0131n Kateterizasyon Sim\u00fclat\u00f6r\u00fc (S230.10) - Merkim Maket","isPartOf":{"@id":"https:\/\/merkim.com.tr\/merkim-maket\/#website"},"primaryImageOfPage":{"@id":"https:\/\/merkim.com.tr\/merkim-maket\/urun\/gelismis-hasta-bakimi-erkek-ve-kadin-kateterizasyon-simulatoru-s230-10\/#primaryimage"},"image":{"@id":"https:\/\/merkim.com.tr\/merkim-maket\/urun\/gelismis-hasta-bakimi-erkek-ve-kadin-kateterizasyon-simulatoru-s230-10\/#primaryimage"},"thumbnailUrl":"https:\/\/merkim.com.tr\/merkim-maket\/wp-content\/uploads\/2025\/07\/gelismis-hasta-bakimi-erkek-kadin-kateterizasyon-simulatoru-s230-10-gaumard.png","datePublished":"2025-07-05T17:22:40+00:00","description":"Geli\u015fmi\u015f Hasta Bak\u0131m\u0131 Erkek ve Kad\u0131n Kateterizasyon Sim\u00fclat\u00f6r\u00fc (S230.10) ile kateterizasyon ve ostomi bak\u0131m\u0131 becerilerinizi geli\u015ftirin. Ger\u00e7ek\u00e7i anatomi ve ileri teknoloji ile hem\u015firelik e\u011fitimi i\u00e7in ideal!","breadcrumb":{"@id":"https:\/\/merkim.com.tr\/merkim-maket\/urun\/gelismis-hasta-bakimi-erkek-ve-kadin-kateterizasyon-simulatoru-s230-10\/#breadcrumb"},"inLanguage":"tr","potentialAction":[{"@type":"ReadAction","target":["https:\/\/merkim.com.tr\/merkim-maket\/urun\/gelismis-hasta-bakimi-erkek-ve-kadin-kateterizasyon-simulatoru-s230-10\/"]}]},{"@type":"ImageObject","inLanguage":"tr","@id":"https:\/\/merkim.com.tr\/merkim-maket\/urun\/gelismis-hasta-bakimi-erkek-ve-kadin-kateterizasyon-simulatoru-s230-10\/#primaryimage","url":"https:\/\/merkim.com.tr\/merkim-maket\/wp-content\/uploads\/2025\/07\/gelismis-hasta-bakimi-erkek-kadin-kateterizasyon-simulatoru-s230-10-gaumard.png","contentUrl":"https:\/\/merkim.com.tr\/merkim-maket\/wp-content\/uploads\/2025\/07\/gelismis-hasta-bakimi-erkek-kadin-kateterizasyon-simulatoru-s230-10-gaumard.png","width":800,"height":531,"caption":"Gaumard S230.10 ile erkek ve kad\u0131n kateterizasyon becerilerini \u00f6\u011frenin"},{"@type":"BreadcrumbList","@id":"https:\/\/merkim.com.tr\/merkim-maket\/urun\/gelismis-hasta-bakimi-erkek-ve-kadin-kateterizasyon-simulatoru-s230-10\/#breadcrumb","itemListElement":[{"@type":"ListItem","position":1,"name":"Anasayfa","item":"https:\/\/merkim.com.tr\/merkim-maket\/"},{"@type":"ListItem","position":2,"name":"Ma\u011faza","item":"https:\/\/merkim.com.tr\/merkim-maket\/magaza\/"},{"@type":"ListItem","position":3,"name":"Geli\u015fmi\u015f Hasta Bak\u0131m\u0131 Erkek ve Kad\u0131n Kateterizasyon Sim\u00fclat\u00f6r\u00fc (S230.10)"}]},{"@type":"WebSite","@id":"https:\/\/merkim.com.tr\/merkim-maket\/#website","url":"https:\/\/merkim.com.tr\/merkim-maket\/","name":"Merkim Maket","description":"","potentialAction":[{"@type":"SearchAction","target":{"@type":"EntryPoint","urlTemplate":"https:\/\/merkim.com.tr\/merkim-maket\/?s={search_term_string}"},"query-input":{"@type":"PropertyValueSpecification","valueRequired":true,"valueName":"search_term_string"}}],"inLanguage":"tr"}]}},"_links":{"self":[{"href":"https:\/\/merkim.com.tr\/merkim-maket\/wp-json\/wp\/v2\/product\/436","targetHints":{"allow":["GET"]}}],"collection":[{"href":"https:\/\/merkim.com.tr\/merkim-maket\/wp-json\/wp\/v2\/product"}],"about":[{"href":"https:\/\/merkim.com.tr\/merkim-maket\/wp-json\/wp\/v2\/types\/product"}],"replies":[{"embeddable":true,"href":"https:\/\/merkim.com.tr\/merkim-maket\/wp-json\/wp\/v2\/comments?post=436"}],"wp:featuredmedia":[{"embeddable":true,"href":"https:\/\/merkim.com.tr\/merkim-maket\/wp-json\/wp\/v2\/media\/437"}],"wp:attachment":[{"href":"https:\/\/merkim.com.tr\/merkim-maket\/wp-json\/wp\/v2\/media?parent=436"}],"wp:term":[{"taxonomy":"product_brand","embeddable":true,"href":"https:\/\/merkim.com.tr\/merkim-maket\/wp-json\/wp\/v2\/product_brand?post=436"},{"taxonomy":"product_cat","embeddable":true,"href":"https:\/\/merkim.com.tr\/merkim-maket\/wp-json\/wp\/v2\/product_cat?post=436"},{"taxonomy":"product_tag","embeddable":true,"href":"https:\/\/merkim.com.tr\/merkim-maket\/wp-json\/wp\/v2\/product_tag?post=436"}],"curies":[{"name":"wp","href":"https:\/\/api.w.org\/{rel}","templated":true}]}}