{"id":432,"date":"2025-07-05T16:51:57","date_gmt":"2025-07-05T16:51:57","guid":{"rendered":"https:\/\/merkim.com.tr\/merkim-maket\/?post_type=product&#038;p=432"},"modified":"2025-07-05T16:51:57","modified_gmt":"2025-07-05T16:51:57","slug":"1-yas-hasta-kalp-ve-akciger-sesleri-egitim-simulatoru-ve-intubasyonlu-hava-yolu-s312-300","status":"publish","type":"product","link":"https:\/\/merkim.com.tr\/merkim-maket\/urun\/1-yas-hasta-kalp-ve-akciger-sesleri-egitim-simulatoru-ve-intubasyonlu-hava-yolu-s312-300\/","title":{"rendered":"1 Ya\u015f Hasta Kalp ve Akci\u011fer Sesleri E\u011fitim Sim\u00fclat\u00f6r\u00fc ve \u0130nt\u00fcbasyonlu Hava Yolu (S312.300)"},"content":{"rendered":"<p dir=\"auto\"><strong>1 Ya\u015f Hasta Kalp ve Akci\u011fer Sesleri E\u011fitim Sim\u00fclat\u00f6r\u00fc ve \u0130nt\u00fcbasyonlu Hava Yolu (S312.300)<\/strong>, Gaumard\u00ae Scientific taraf\u0131ndan \u00fcretilen, sa\u011fl\u0131k profesyonelleri, \u00f6\u011frenciler ve e\u011fitmenler i\u00e7in tasarlanm\u0131\u015f geli\u015fmi\u015f bir tam v\u00fccut pediatrik mankendir. Bu son teknoloji sim\u00fclat\u00f6r, 1 ya\u015f\u0131ndaki bir hastan\u0131n anatomik ve fizyolojik \u00f6zelliklerini taklit ederek pediatrik bak\u0131mda kritik klinik becerilerin \u00f6\u011frenilmesi i\u00e7in benzersiz bir platform sunar. T\u0131p fak\u00fclteleri, hem\u015firelik programlar\u0131 ve acil m\u00fcdahale e\u011fitimleri i\u00e7in ideal olan S312.300, yenilik\u00e7i sim\u00fclasyon teknolojisini ger\u00e7ek\u00e7i anatomik \u00f6zelliklerle birle\u015ftirerek uygulamal\u0131 bir deneyim sa\u011flar.<\/p>\n<h3 dir=\"auto\">Temel \u00d6zellikler ve Avantajlar<\/h3>\n<ul dir=\"auto\">\n<li><strong>Ger\u00e7ek\u00e7i Anatomi ile Auskultasyon E\u011fitimi<\/strong>: Manikin, ger\u00e7ek\u00e7i bir g\u00f6\u011f\u00fcs bo\u015flu\u011funa ve dokunulabilir anatomik i\u015faretlere sahiptir. Bu \u00f6zellik, stajyerlerin kalp ve akci\u011fer auskultasyonunu belirli noktalarda do\u011fru bir \u015fekilde pratik yapmas\u0131n\u0131 sa\u011flar. Stetoskopu belirlenen alanlara yerle\u015ftirerek, kullan\u0131c\u0131lar Virtual Stethoscope\u00ae veya harici hoparl\u00f6rler arac\u0131l\u0131\u011f\u0131yla do\u011fru kalp ve akci\u011fer seslerini duyabilir, klinik durumlar\u0131n hassas bir \u015fekilde te\u015fhis edilmesini sa\u011flar.<\/li>\n<li><strong>Geli\u015fmi\u015f Hava Yolu Y\u00f6netimi<\/strong>: Anatomik olarak do\u011fru a\u011f\u0131z, dil, hava yolu ve yemek borusu, bebek, \u00e7ocuk ve yeti\u015fkin int\u00fcbasyonu aras\u0131ndaki farklar\u0131 vurgulamak i\u00e7in tasarlanm\u0131\u015ft\u0131r. Tamamen hareketli ba\u015f, boyun ve \u00e7ene, ba\u015f e\u011fme\/\u00e7ene kald\u0131rma, \u00e7ene itme ve boynun koklama pozisyonuna uzat\u0131lmas\u0131 gibi temel teknikleri destekler.<\/li>\n<li><strong>Ger\u00e7ek\u00e7i Solunum Sim\u00fclasyonu<\/strong>: Ger\u00e7ek\u00e7i trakea, bron\u015flar ve akci\u011ferler, pozitif bas\u0131n\u00e7 ventilasyonu alt\u0131nda bilateral akci\u011fer geni\u015flemesini g\u00f6zlemlenebilir hale getirir. G\u00f6\u011f\u00fcs kafesi ventilasyon s\u0131ras\u0131nda do\u011fal bir \u015fekilde y\u00fckselir.<\/li>\n<li><strong>\u0130nt\u00fcbasyon ve Acil M\u00fcdahaleler<\/strong>: Manikin, kufflu ET t\u00fcp ge\u00e7i\u015fine izin veren hava yoluna ve nazal pasajdan NP t\u00fcp yerle\u015ftirilmesine olanak tan\u0131r. Ayr\u0131ca, cerrahi trakeostomi t\u00fcp\u00fc yerle\u015ftirme ve acil i\u011fne krikotirotomi uygulamalar\u0131 i\u00e7in uygundur.<\/li>\n<li><strong>Ek \u00d6zellikler<\/strong>: Alt\u0131 boyun yakas\u0131, \u00fc\u00e7 krikoid k\u0131k\u0131rdak ve membran band\u0131 ile birlikte gelir, bilateral gerilim pn\u00f6motoraks dekompresyonu gibi acil prosed\u00fcrleri destekler.<\/li>\n<\/ul>\n<p dir=\"auto\">Bu sim\u00fclat\u00f6r, pediatrik sa\u011fl\u0131k e\u011fitiminde en y\u00fcksek standartlar\u0131 kar\u015f\u0131lamak \u00fczere tasarlanm\u0131\u015ft\u0131r. Ger\u00e7ek\u00e7i \u00f6zellikleri ve \u00e7ok y\u00f6nl\u00fc i\u015flevselli\u011fi ile S312.300, hem acemi hem de deneyimli sa\u011fl\u0131k profesyonellerinin becerilerini geli\u015ftirmek i\u00e7in m\u00fckemmel bir ara\u00e7t\u0131r.<\/p>\n","protected":false},"excerpt":{"rendered":"<p dir=\"auto\">1 Ya\u015f Hasta Kalp ve Akci\u011fer Sesleri E\u011fitim Sim\u00fclat\u00f6r\u00fc (S312.300), pediatrik auskultasyon ve hava yolu y\u00f6netimi becerilerini geli\u015ftirmek i\u00e7in tasarlanm\u0131\u015f ileri d\u00fczey bir manikendir. Ger\u00e7ek\u00e7i anatomi, int\u00fcbasyon ve acil m\u00fcdahale uygulamalar\u0131 i\u00e7in ideal bir e\u011fitim \u00e7\u00f6z\u00fcm\u00fc sunar.<\/p>\n","protected":false},"featured_media":433,"comment_status":"open","ping_status":"closed","template":"","meta":[],"product_brand":[948],"product_cat":[15,947],"product_tag":[38,1200,1199,48,1197,1198,1196,20,388,932],"class_list":{"0":"post-432","1":"product","2":"type-product","3":"status-publish","4":"has-post-thumbnail","6":"product_brand-gaumard-scientific","7":"product_cat-genel","8":"product_cat-gaumard-scientific","9":"product_tag-acil-tip-egitimi","10":"product_tag-bebek-intubasyonu","11":"product_tag-gaumard-manikin","12":"product_tag-intubasyon-egitimi","13":"product_tag-kalp-ve-akciger-auskultasyonu","14":"product_tag-pediatrik-egitim","15":"product_tag-pediatrik-manikin","16":"product_tag-saglik-simulasyonu","17":"product_tag-saglik-simulatoru","18":"product_tag-tibbi-egitim-cihazi","20":"first","21":"instock","22":"shipping-taxable","23":"product-type-simple"},"yoast_head":"<!-- This site is optimized with the Yoast SEO plugin v25.2 - https:\/\/yoast.com\/wordpress\/plugins\/seo\/ -->\n<title>1 Ya\u015f Hasta Kalp ve Akci\u011fer Sesleri E\u011fitim Sim\u00fclat\u00f6r\u00fc ve \u0130nt\u00fcbasyonlu Hava Yolu (S312.300) - Merkim Maket<\/title>\n<meta name=\"description\" content=\"1 Ya\u015f Hasta Kalp ve Akci\u011fer Sesleri E\u011fitim Sim\u00fclat\u00f6r\u00fc (S312.300) ile pediatrik auskultasyon ve int\u00fcbasyon becerilerinizi geli\u015ftirin. Ger\u00e7ek\u00e7i anatomi ve sim\u00fclasyon teknolojisi ile t\u0131p e\u011fitiminde m\u00fckemmel bir \u00e7\u00f6z\u00fcm!\" \/>\n<meta name=\"robots\" content=\"index, follow, max-snippet:-1, max-image-preview:large, max-video-preview:-1\" \/>\n<link rel=\"canonical\" href=\"https:\/\/merkim.com.tr\/merkim-maket\/urun\/1-yas-hasta-kalp-ve-akciger-sesleri-egitim-simulatoru-ve-intubasyonlu-hava-yolu-s312-300\/\" \/>\n<meta property=\"og:locale\" content=\"tr_TR\" \/>\n<meta property=\"og:type\" content=\"article\" \/>\n<meta property=\"og:title\" content=\"1 Ya\u015f Hasta Kalp ve Akci\u011fer Sesleri E\u011fitim Sim\u00fclat\u00f6r\u00fc ve \u0130nt\u00fcbasyonlu Hava Yolu (S312.300) - Merkim Maket\" \/>\n<meta property=\"og:description\" content=\"1 Ya\u015f Hasta Kalp ve Akci\u011fer Sesleri E\u011fitim Sim\u00fclat\u00f6r\u00fc (S312.300) ile pediatrik auskultasyon ve int\u00fcbasyon becerilerinizi geli\u015ftirin. Ger\u00e7ek\u00e7i anatomi ve sim\u00fclasyon teknolojisi ile t\u0131p e\u011fitiminde m\u00fckemmel bir \u00e7\u00f6z\u00fcm!\" \/>\n<meta property=\"og:url\" content=\"https:\/\/merkim.com.tr\/merkim-maket\/urun\/1-yas-hasta-kalp-ve-akciger-sesleri-egitim-simulatoru-ve-intubasyonlu-hava-yolu-s312-300\/\" \/>\n<meta property=\"og:site_name\" content=\"Merkim Maket\" \/>\n<meta property=\"og:image\" content=\"https:\/\/merkim.com.tr\/merkim-maket\/wp-content\/uploads\/2025\/07\/1-yas-hasta-kalp-akciger-sesleri-simulatoru-s312-300-gaumard.p.png\" \/>\n\t<meta property=\"og:image:width\" content=\"800\" \/>\n\t<meta property=\"og:image:height\" content=\"531\" \/>\n\t<meta property=\"og:image:type\" content=\"image\/png\" \/>\n<meta name=\"twitter:card\" content=\"summary_large_image\" \/>\n<meta name=\"twitter:label1\" content=\"Tahmini okuma s\u00fcresi\" \/>\n\t<meta name=\"twitter:data1\" content=\"2 dakika\" \/>\n<script type=\"application\/ld+json\" class=\"yoast-schema-graph\">{\"@context\":\"https:\/\/schema.org\",\"@graph\":[{\"@type\":\"WebPage\",\"@id\":\"https:\/\/merkim.com.tr\/merkim-maket\/urun\/1-yas-hasta-kalp-ve-akciger-sesleri-egitim-simulatoru-ve-intubasyonlu-hava-yolu-s312-300\/\",\"url\":\"https:\/\/merkim.com.tr\/merkim-maket\/urun\/1-yas-hasta-kalp-ve-akciger-sesleri-egitim-simulatoru-ve-intubasyonlu-hava-yolu-s312-300\/\",\"name\":\"1 Ya\u015f Hasta Kalp ve Akci\u011fer Sesleri E\u011fitim Sim\u00fclat\u00f6r\u00fc ve \u0130nt\u00fcbasyonlu Hava Yolu (S312.300) - Merkim Maket\",\"isPartOf\":{\"@id\":\"https:\/\/merkim.com.tr\/merkim-maket\/#website\"},\"primaryImageOfPage\":{\"@id\":\"https:\/\/merkim.com.tr\/merkim-maket\/urun\/1-yas-hasta-kalp-ve-akciger-sesleri-egitim-simulatoru-ve-intubasyonlu-hava-yolu-s312-300\/#primaryimage\"},\"image\":{\"@id\":\"https:\/\/merkim.com.tr\/merkim-maket\/urun\/1-yas-hasta-kalp-ve-akciger-sesleri-egitim-simulatoru-ve-intubasyonlu-hava-yolu-s312-300\/#primaryimage\"},\"thumbnailUrl\":\"https:\/\/merkim.com.tr\/merkim-maket\/wp-content\/uploads\/2025\/07\/1-yas-hasta-kalp-akciger-sesleri-simulatoru-s312-300-gaumard.p.png\",\"datePublished\":\"2025-07-05T16:51:57+00:00\",\"description\":\"1 Ya\u015f Hasta Kalp ve Akci\u011fer Sesleri E\u011fitim Sim\u00fclat\u00f6r\u00fc (S312.300) ile pediatrik auskultasyon ve int\u00fcbasyon becerilerinizi geli\u015ftirin. Ger\u00e7ek\u00e7i anatomi ve sim\u00fclasyon teknolojisi ile t\u0131p e\u011fitiminde m\u00fckemmel bir \u00e7\u00f6z\u00fcm!\",\"breadcrumb\":{\"@id\":\"https:\/\/merkim.com.tr\/merkim-maket\/urun\/1-yas-hasta-kalp-ve-akciger-sesleri-egitim-simulatoru-ve-intubasyonlu-hava-yolu-s312-300\/#breadcrumb\"},\"inLanguage\":\"tr\",\"potentialAction\":[{\"@type\":\"ReadAction\",\"target\":[\"https:\/\/merkim.com.tr\/merkim-maket\/urun\/1-yas-hasta-kalp-ve-akciger-sesleri-egitim-simulatoru-ve-intubasyonlu-hava-yolu-s312-300\/\"]}]},{\"@type\":\"ImageObject\",\"inLanguage\":\"tr\",\"@id\":\"https:\/\/merkim.com.tr\/merkim-maket\/urun\/1-yas-hasta-kalp-ve-akciger-sesleri-egitim-simulatoru-ve-intubasyonlu-hava-yolu-s312-300\/#primaryimage\",\"url\":\"https:\/\/merkim.com.tr\/merkim-maket\/wp-content\/uploads\/2025\/07\/1-yas-hasta-kalp-akciger-sesleri-simulatoru-s312-300-gaumard.p.png\",\"contentUrl\":\"https:\/\/merkim.com.tr\/merkim-maket\/wp-content\/uploads\/2025\/07\/1-yas-hasta-kalp-akciger-sesleri-simulatoru-s312-300-gaumard.p.png\",\"width\":800,\"height\":531,\"caption\":\"Gaumard S312.300 pediatrik manikin ile kalp ve akci\u011fer auskultasyonu e\u011fitimi\"},{\"@type\":\"BreadcrumbList\",\"@id\":\"https:\/\/merkim.com.tr\/merkim-maket\/urun\/1-yas-hasta-kalp-ve-akciger-sesleri-egitim-simulatoru-ve-intubasyonlu-hava-yolu-s312-300\/#breadcrumb\",\"itemListElement\":[{\"@type\":\"ListItem\",\"position\":1,\"name\":\"Anasayfa\",\"item\":\"https:\/\/merkim.com.tr\/merkim-maket\/\"},{\"@type\":\"ListItem\",\"position\":2,\"name\":\"Ma\u011faza\",\"item\":\"https:\/\/merkim.com.tr\/merkim-maket\/magaza\/\"},{\"@type\":\"ListItem\",\"position\":3,\"name\":\"1 Ya\u015f Hasta Kalp ve Akci\u011fer Sesleri E\u011fitim Sim\u00fclat\u00f6r\u00fc ve \u0130nt\u00fcbasyonlu Hava Yolu (S312.300)\"}]},{\"@type\":\"WebSite\",\"@id\":\"https:\/\/merkim.com.tr\/merkim-maket\/#website\",\"url\":\"https:\/\/merkim.com.tr\/merkim-maket\/\",\"name\":\"Merkim Maket\",\"description\":\"\",\"potentialAction\":[{\"@type\":\"SearchAction\",\"target\":{\"@type\":\"EntryPoint\",\"urlTemplate\":\"https:\/\/merkim.com.tr\/merkim-maket\/?s={search_term_string}\"},\"query-input\":{\"@type\":\"PropertyValueSpecification\",\"valueRequired\":true,\"valueName\":\"search_term_string\"}}],\"inLanguage\":\"tr\"}]}<\/script>\n<!-- \/ Yoast SEO plugin. -->","yoast_head_json":{"title":"1 Ya\u015f Hasta Kalp ve Akci\u011fer Sesleri E\u011fitim Sim\u00fclat\u00f6r\u00fc ve \u0130nt\u00fcbasyonlu Hava Yolu (S312.300) - Merkim Maket","description":"1 Ya\u015f Hasta Kalp ve Akci\u011fer Sesleri E\u011fitim Sim\u00fclat\u00f6r\u00fc (S312.300) ile pediatrik auskultasyon ve int\u00fcbasyon becerilerinizi geli\u015ftirin. Ger\u00e7ek\u00e7i anatomi ve sim\u00fclasyon teknolojisi ile t\u0131p e\u011fitiminde m\u00fckemmel bir \u00e7\u00f6z\u00fcm!","robots":{"index":"index","follow":"follow","max-snippet":"max-snippet:-1","max-image-preview":"max-image-preview:large","max-video-preview":"max-video-preview:-1"},"canonical":"https:\/\/merkim.com.tr\/merkim-maket\/urun\/1-yas-hasta-kalp-ve-akciger-sesleri-egitim-simulatoru-ve-intubasyonlu-hava-yolu-s312-300\/","og_locale":"tr_TR","og_type":"article","og_title":"1 Ya\u015f Hasta Kalp ve Akci\u011fer Sesleri E\u011fitim Sim\u00fclat\u00f6r\u00fc ve \u0130nt\u00fcbasyonlu Hava Yolu (S312.300) - Merkim Maket","og_description":"1 Ya\u015f Hasta Kalp ve Akci\u011fer Sesleri E\u011fitim Sim\u00fclat\u00f6r\u00fc (S312.300) ile pediatrik auskultasyon ve int\u00fcbasyon becerilerinizi geli\u015ftirin. Ger\u00e7ek\u00e7i anatomi ve sim\u00fclasyon teknolojisi ile t\u0131p e\u011fitiminde m\u00fckemmel bir \u00e7\u00f6z\u00fcm!","og_url":"https:\/\/merkim.com.tr\/merkim-maket\/urun\/1-yas-hasta-kalp-ve-akciger-sesleri-egitim-simulatoru-ve-intubasyonlu-hava-yolu-s312-300\/","og_site_name":"Merkim Maket","og_image":[{"width":800,"height":531,"url":"https:\/\/merkim.com.tr\/merkim-maket\/wp-content\/uploads\/2025\/07\/1-yas-hasta-kalp-akciger-sesleri-simulatoru-s312-300-gaumard.p.png","type":"image\/png"}],"twitter_card":"summary_large_image","twitter_misc":{"Tahmini okuma s\u00fcresi":"2 dakika"},"schema":{"@context":"https:\/\/schema.org","@graph":[{"@type":"WebPage","@id":"https:\/\/merkim.com.tr\/merkim-maket\/urun\/1-yas-hasta-kalp-ve-akciger-sesleri-egitim-simulatoru-ve-intubasyonlu-hava-yolu-s312-300\/","url":"https:\/\/merkim.com.tr\/merkim-maket\/urun\/1-yas-hasta-kalp-ve-akciger-sesleri-egitim-simulatoru-ve-intubasyonlu-hava-yolu-s312-300\/","name":"1 Ya\u015f Hasta Kalp ve Akci\u011fer Sesleri E\u011fitim Sim\u00fclat\u00f6r\u00fc ve \u0130nt\u00fcbasyonlu Hava Yolu (S312.300) - Merkim Maket","isPartOf":{"@id":"https:\/\/merkim.com.tr\/merkim-maket\/#website"},"primaryImageOfPage":{"@id":"https:\/\/merkim.com.tr\/merkim-maket\/urun\/1-yas-hasta-kalp-ve-akciger-sesleri-egitim-simulatoru-ve-intubasyonlu-hava-yolu-s312-300\/#primaryimage"},"image":{"@id":"https:\/\/merkim.com.tr\/merkim-maket\/urun\/1-yas-hasta-kalp-ve-akciger-sesleri-egitim-simulatoru-ve-intubasyonlu-hava-yolu-s312-300\/#primaryimage"},"thumbnailUrl":"https:\/\/merkim.com.tr\/merkim-maket\/wp-content\/uploads\/2025\/07\/1-yas-hasta-kalp-akciger-sesleri-simulatoru-s312-300-gaumard.p.png","datePublished":"2025-07-05T16:51:57+00:00","description":"1 Ya\u015f Hasta Kalp ve Akci\u011fer Sesleri E\u011fitim Sim\u00fclat\u00f6r\u00fc (S312.300) ile pediatrik auskultasyon ve int\u00fcbasyon becerilerinizi geli\u015ftirin. Ger\u00e7ek\u00e7i anatomi ve sim\u00fclasyon teknolojisi ile t\u0131p e\u011fitiminde m\u00fckemmel bir \u00e7\u00f6z\u00fcm!","breadcrumb":{"@id":"https:\/\/merkim.com.tr\/merkim-maket\/urun\/1-yas-hasta-kalp-ve-akciger-sesleri-egitim-simulatoru-ve-intubasyonlu-hava-yolu-s312-300\/#breadcrumb"},"inLanguage":"tr","potentialAction":[{"@type":"ReadAction","target":["https:\/\/merkim.com.tr\/merkim-maket\/urun\/1-yas-hasta-kalp-ve-akciger-sesleri-egitim-simulatoru-ve-intubasyonlu-hava-yolu-s312-300\/"]}]},{"@type":"ImageObject","inLanguage":"tr","@id":"https:\/\/merkim.com.tr\/merkim-maket\/urun\/1-yas-hasta-kalp-ve-akciger-sesleri-egitim-simulatoru-ve-intubasyonlu-hava-yolu-s312-300\/#primaryimage","url":"https:\/\/merkim.com.tr\/merkim-maket\/wp-content\/uploads\/2025\/07\/1-yas-hasta-kalp-akciger-sesleri-simulatoru-s312-300-gaumard.p.png","contentUrl":"https:\/\/merkim.com.tr\/merkim-maket\/wp-content\/uploads\/2025\/07\/1-yas-hasta-kalp-akciger-sesleri-simulatoru-s312-300-gaumard.p.png","width":800,"height":531,"caption":"Gaumard S312.300 pediatrik manikin ile kalp ve akci\u011fer auskultasyonu e\u011fitimi"},{"@type":"BreadcrumbList","@id":"https:\/\/merkim.com.tr\/merkim-maket\/urun\/1-yas-hasta-kalp-ve-akciger-sesleri-egitim-simulatoru-ve-intubasyonlu-hava-yolu-s312-300\/#breadcrumb","itemListElement":[{"@type":"ListItem","position":1,"name":"Anasayfa","item":"https:\/\/merkim.com.tr\/merkim-maket\/"},{"@type":"ListItem","position":2,"name":"Ma\u011faza","item":"https:\/\/merkim.com.tr\/merkim-maket\/magaza\/"},{"@type":"ListItem","position":3,"name":"1 Ya\u015f Hasta Kalp ve Akci\u011fer Sesleri E\u011fitim Sim\u00fclat\u00f6r\u00fc ve \u0130nt\u00fcbasyonlu Hava Yolu (S312.300)"}]},{"@type":"WebSite","@id":"https:\/\/merkim.com.tr\/merkim-maket\/#website","url":"https:\/\/merkim.com.tr\/merkim-maket\/","name":"Merkim Maket","description":"","potentialAction":[{"@type":"SearchAction","target":{"@type":"EntryPoint","urlTemplate":"https:\/\/merkim.com.tr\/merkim-maket\/?s={search_term_string}"},"query-input":{"@type":"PropertyValueSpecification","valueRequired":true,"valueName":"search_term_string"}}],"inLanguage":"tr"}]}},"_links":{"self":[{"href":"https:\/\/merkim.com.tr\/merkim-maket\/wp-json\/wp\/v2\/product\/432","targetHints":{"allow":["GET"]}}],"collection":[{"href":"https:\/\/merkim.com.tr\/merkim-maket\/wp-json\/wp\/v2\/product"}],"about":[{"href":"https:\/\/merkim.com.tr\/merkim-maket\/wp-json\/wp\/v2\/types\/product"}],"replies":[{"embeddable":true,"href":"https:\/\/merkim.com.tr\/merkim-maket\/wp-json\/wp\/v2\/comments?post=432"}],"wp:featuredmedia":[{"embeddable":true,"href":"https:\/\/merkim.com.tr\/merkim-maket\/wp-json\/wp\/v2\/media\/433"}],"wp:attachment":[{"href":"https:\/\/merkim.com.tr\/merkim-maket\/wp-json\/wp\/v2\/media?parent=432"}],"wp:term":[{"taxonomy":"product_brand","embeddable":true,"href":"https:\/\/merkim.com.tr\/merkim-maket\/wp-json\/wp\/v2\/product_brand?post=432"},{"taxonomy":"product_cat","embeddable":true,"href":"https:\/\/merkim.com.tr\/merkim-maket\/wp-json\/wp\/v2\/product_cat?post=432"},{"taxonomy":"product_tag","embeddable":true,"href":"https:\/\/merkim.com.tr\/merkim-maket\/wp-json\/wp\/v2\/product_tag?post=432"}],"curies":[{"name":"wp","href":"https:\/\/api.w.org\/{rel}","templated":true}]}}