{"id":430,"date":"2025-07-05T16:42:25","date_gmt":"2025-07-05T16:42:25","guid":{"rendered":"https:\/\/merkim.com.tr\/merkim-maket\/?post_type=product&#038;p=430"},"modified":"2025-07-05T16:42:25","modified_gmt":"2025-07-05T16:42:25","slug":"noelle-s551-anne-ve-yenidogan-bakim-simulatoru-omni-entegre-tam-vucut-dogum-sistemi","status":"publish","type":"product","link":"https:\/\/merkim.com.tr\/merkim-maket\/urun\/noelle-s551-anne-ve-yenidogan-bakim-simulatoru-omni-entegre-tam-vucut-dogum-sistemi\/","title":{"rendered":"NOELLE\u00ae S551 &#8211; Anne ve Yenido\u011fan Bak\u0131m Sim\u00fclat\u00f6r\u00fc (OMNI\u00ae Entegre Tam V\u00fccut Do\u011fum Sistemi)"},"content":{"rendered":"<p class=\"ds-markdown-paragraph\"><strong>NOELLE\u00ae S551 Maternal and Neonatal Birthing Simulator<\/strong>, obstetrik ve neonatal e\u011fitimlerde devrim yaratan\u00a0<strong>tam entegre do\u011fum sim\u00fclasyon sistemidir<\/strong>. OMNI\u00ae teknolojisiyle donat\u0131lm\u0131\u015f bu profesyonel sim\u00fclat\u00f6r,\u00a0<strong>do\u011fum \u00f6ncesi, s\u0131ras\u0131 ve sonras\u0131na<\/strong>\u00a0y\u00f6nelik t\u00fcm klinik senaryolar\u0131n ger\u00e7ek\u00e7i \u015fekilde uygulanmas\u0131n\u0131 sa\u011flar.<\/p>\n<h4><strong>Benzersiz \u00d6zellikler ve Klinik Uygulamalar:<\/strong><\/h4>\n<p class=\"ds-markdown-paragraph\">\u2705\u00a0<strong>Ger\u00e7ek\u00e7i Do\u011fum Deneyimi:<\/strong><\/p>\n<ul>\n<li>\n<p class=\"ds-markdown-paragraph\"><strong>Tam v\u00fccut hareketli kad\u0131n sim\u00fclat\u00f6r\u00fc<\/strong>\u00a0(ger\u00e7ek boyutlarda)<\/p>\n<\/li>\n<li>\n<p class=\"ds-markdown-paragraph\"><strong>Otomatik do\u011fum sistemi<\/strong>\u00a0ile dinamik do\u011fum s\u00fcreci<\/p>\n<\/li>\n<li>\n<p class=\"ds-markdown-paragraph\"><strong>\u00d6l\u00e7\u00fclebilir ba\u015f ini\u015fi ve servikal dilatasyon<\/strong><\/p>\n<\/li>\n<li>\n<p class=\"ds-markdown-paragraph\"><strong>\u00c7oklu plasenta pozisyonlar\u0131<\/strong>\u00a0ile patolojik durum sim\u00fclasyonu<\/p>\n<\/li>\n<\/ul>\n<p class=\"ds-markdown-paragraph\">\u2705\u00a0<strong>Obstetrik Prosed\u00fcrler:<\/strong><\/p>\n<ul>\n<li>\n<p class=\"ds-markdown-paragraph\"><strong>Leopold manevralar\u0131<\/strong>\u00a0i\u00e7in optimize edilmi\u015f palpasyon mod\u00fcl\u00fc<\/p>\n<\/li>\n<li>\n<p class=\"ds-markdown-paragraph\"><strong>Postpartum kanama<\/strong>\u00a0sim\u00fclasyon mod\u00fcl\u00fc<\/p>\n<\/li>\n<li>\n<p class=\"ds-markdown-paragraph\"><strong>De\u011fi\u015ftirilebilir serviksler<\/strong>\u00a0ile farkl\u0131 dilatasyon seviyeleri<\/p>\n<\/li>\n<li>\n<p class=\"ds-markdown-paragraph\"><strong>Vulval insertler<\/strong>\u00a0ile epizyotomi ve diki\u015f atma e\u011fitimi<\/p>\n<\/li>\n<\/ul>\n<p class=\"ds-markdown-paragraph\">\u2705\u00a0<strong>Neonatal Res\u00fcsitasyon:<\/strong><\/p>\n<ul>\n<li>\n<p class=\"ds-markdown-paragraph\"><strong>Hareketli do\u011fum fet\u00fcs\u00fc<\/strong>\u00a0ile ger\u00e7ek\u00e7i do\u011fum senaryolar\u0131<\/p>\n<\/li>\n<li>\n<p class=\"ds-markdown-paragraph\"><strong>OMNI\u00ae Code Blue\u00ae<\/strong>\u00a0ile CPR geri bildirimi<\/p>\n<\/li>\n<li>\n<p class=\"ds-markdown-paragraph\"><strong>Ent\u00fcbasyon yap\u0131labilir hava yolu<\/strong>\u00a0ve g\u00f6\u011f\u00fcs kalk\u0131\u015f\u0131<\/p>\n<\/li>\n<\/ul>\n<p class=\"ds-markdown-paragraph\">\u2705\u00a0<strong>\u0130leri Ya\u015fam Deste\u011fi:<\/strong><\/p>\n<ul>\n<li>\n<p class=\"ds-markdown-paragraph\"><strong>IV kolu<\/strong>\u00a0ile s\u0131v\u0131\/ila\u00e7 uygulama<\/p>\n<\/li>\n<li>\n<p class=\"ds-markdown-paragraph\"><strong>Ba\u011f\u0131ms\u0131z pupil tepkileri<\/strong>\u00a0(miyozis\/midriyazis)<\/p>\n<\/li>\n<li>\n<p class=\"ds-markdown-paragraph\"><strong>eCPR<\/strong>\u00a0uygulamalar\u0131 i\u00e7in optimize yap\u0131<\/p>\n<\/li>\n<\/ul>\n<h4><strong>Paket \u0130\u00e7eri\u011fi:<\/strong><\/h4>\n<ul>\n<li>\n<p class=\"ds-markdown-paragraph\">NOELLE\u00ae S551 tam v\u00fccut anne sim\u00fclat\u00f6r\u00fc<\/p>\n<\/li>\n<li>\n<p class=\"ds-markdown-paragraph\">Otomatik do\u011fum sistemi<\/p>\n<\/li>\n<li>\n<p class=\"ds-markdown-paragraph\">Hareketli do\u011fum fet\u00fcs\u00fc ve plasenta<\/p>\n<\/li>\n<li>\n<p class=\"ds-markdown-paragraph\">2 adet g\u00f6bek kordonu ve klemp<\/p>\n<\/li>\n<li>\n<p class=\"ds-markdown-paragraph\">2 adet geni\u015fleyen serviks<\/p>\n<\/li>\n<li>\n<p class=\"ds-markdown-paragraph\">3 adet vulval insert (diki\u015f e\u011fitimi i\u00e7in)<\/p>\n<\/li>\n<li>\n<p class=\"ds-markdown-paragraph\">OMNI\u00ae Controller ve Code Blue\u00ae paketi<\/p>\n<\/li>\n<li>\n<p class=\"ds-markdown-paragraph\">Uluslararas\u0131 g\u00fc\u00e7 kayna\u011f\u0131 (100-240 VAC)<\/p>\n<\/li>\n<li>\n<p class=\"ds-markdown-paragraph\">Ta\u015f\u0131ma \u00e7antas\u0131 ve kullan\u0131m k\u0131lavuzu<\/p>\n<\/li>\n<\/ul>\n","protected":false},"excerpt":{"rendered":"<p><strong>NOELLE\u00ae S551<\/strong>, anne ve yenido\u011fan bak\u0131m e\u011fitimleri i\u00e7in geli\u015ftirilmi\u015f\u00a0<strong>tam v\u00fccut do\u011fum sim\u00fclat\u00f6r\u00fcd\u00fcr<\/strong>. OMNI\u00ae entegrasyonuyla ger\u00e7ek zamanl\u0131 CPR geri bildirimi ve otomatik do\u011fum sistemi sunar.<\/p>\n","protected":false},"featured_media":431,"comment_status":"open","ping_status":"closed","template":"","meta":[],"product_brand":[948],"product_cat":[15,947],"product_tag":[1192,336,881,1179,1194,1186,1107,1195,207,115],"class_list":{"0":"post-430","1":"product","2":"type-product","3":"status-publish","4":"has-post-thumbnail","6":"product_brand-gaumard-scientific","7":"product_cat-genel","8":"product_cat-gaumard-scientific","9":"product_tag-anne-bakim-simulatoru","10":"product_tag-dogum-simulatoru","11":"product_tag-leopold-manevrasi","12":"product_tag-neonatal-resusitasyon","13":"product_tag-noelle-s551","14":"product_tag-obstetrik-egitim-modeli","15":"product_tag-omni-cpr","16":"product_tag-otomatik-dogum-sistemi","17":"product_tag-postpartum-kanama-simulasyonu","18":"product_tag-tip-egitim-ekipmanlari","20":"first","21":"instock","22":"shipping-taxable","23":"product-type-simple"},"yoast_head":"<!-- This site is optimized with the Yoast SEO plugin v25.2 - https:\/\/yoast.com\/wordpress\/plugins\/seo\/ -->\n<title>NOELLE\u00ae S551 - Anne ve Yenido\u011fan Bak\u0131m Sim\u00fclat\u00f6r\u00fc (OMNI\u00ae Entegre Tam V\u00fccut Do\u011fum Sistemi) - Merkim Maket<\/title>\n<meta name=\"description\" content=\"NOELLE\u00ae S551 - Maternal Care Simulator with OMNI\u00ae | Tam v\u00fccut anne ve yenido\u011fan bak\u0131m sim\u00fclat\u00f6r\u00fc. Otomatik do\u011fum sistemi, Leopold manevralar\u0131 ve postpartum kanama sim\u00fclasyonu ile kapsaml\u0131 obstetrik e\u011fitim.\" \/>\n<meta name=\"robots\" content=\"index, follow, max-snippet:-1, max-image-preview:large, max-video-preview:-1\" \/>\n<link rel=\"canonical\" href=\"https:\/\/merkim.com.tr\/merkim-maket\/urun\/noelle-s551-anne-ve-yenidogan-bakim-simulatoru-omni-entegre-tam-vucut-dogum-sistemi\/\" \/>\n<meta property=\"og:locale\" content=\"tr_TR\" \/>\n<meta property=\"og:type\" content=\"article\" \/>\n<meta property=\"og:title\" content=\"NOELLE\u00ae S551 - Anne ve Yenido\u011fan Bak\u0131m Sim\u00fclat\u00f6r\u00fc (OMNI\u00ae Entegre Tam V\u00fccut Do\u011fum Sistemi) - Merkim Maket\" \/>\n<meta property=\"og:description\" content=\"NOELLE\u00ae S551 - Maternal Care Simulator with OMNI\u00ae | Tam v\u00fccut anne ve yenido\u011fan bak\u0131m sim\u00fclat\u00f6r\u00fc. Otomatik do\u011fum sistemi, Leopold manevralar\u0131 ve postpartum kanama sim\u00fclasyonu ile kapsaml\u0131 obstetrik e\u011fitim.\" \/>\n<meta property=\"og:url\" content=\"https:\/\/merkim.com.tr\/merkim-maket\/urun\/noelle-s551-anne-ve-yenidogan-bakim-simulatoru-omni-entegre-tam-vucut-dogum-sistemi\/\" \/>\n<meta property=\"og:site_name\" content=\"Merkim Maket\" \/>\n<meta property=\"og:image\" content=\"https:\/\/merkim.com.tr\/merkim-maket\/wp-content\/uploads\/2025\/07\/noelle-s551-maternal-simulator.png\" \/>\n\t<meta property=\"og:image:width\" content=\"1000\" \/>\n\t<meta property=\"og:image:height\" content=\"664\" \/>\n\t<meta property=\"og:image:type\" content=\"image\/png\" \/>\n<meta name=\"twitter:card\" content=\"summary_large_image\" \/>\n<meta name=\"twitter:label1\" content=\"Tahmini okuma s\u00fcresi\" \/>\n\t<meta name=\"twitter:data1\" content=\"2 dakika\" \/>\n<script type=\"application\/ld+json\" class=\"yoast-schema-graph\">{\"@context\":\"https:\/\/schema.org\",\"@graph\":[{\"@type\":\"WebPage\",\"@id\":\"https:\/\/merkim.com.tr\/merkim-maket\/urun\/noelle-s551-anne-ve-yenidogan-bakim-simulatoru-omni-entegre-tam-vucut-dogum-sistemi\/\",\"url\":\"https:\/\/merkim.com.tr\/merkim-maket\/urun\/noelle-s551-anne-ve-yenidogan-bakim-simulatoru-omni-entegre-tam-vucut-dogum-sistemi\/\",\"name\":\"NOELLE\u00ae S551 - Anne ve Yenido\u011fan Bak\u0131m Sim\u00fclat\u00f6r\u00fc (OMNI\u00ae Entegre Tam V\u00fccut Do\u011fum Sistemi) - Merkim Maket\",\"isPartOf\":{\"@id\":\"https:\/\/merkim.com.tr\/merkim-maket\/#website\"},\"primaryImageOfPage\":{\"@id\":\"https:\/\/merkim.com.tr\/merkim-maket\/urun\/noelle-s551-anne-ve-yenidogan-bakim-simulatoru-omni-entegre-tam-vucut-dogum-sistemi\/#primaryimage\"},\"image\":{\"@id\":\"https:\/\/merkim.com.tr\/merkim-maket\/urun\/noelle-s551-anne-ve-yenidogan-bakim-simulatoru-omni-entegre-tam-vucut-dogum-sistemi\/#primaryimage\"},\"thumbnailUrl\":\"https:\/\/merkim.com.tr\/merkim-maket\/wp-content\/uploads\/2025\/07\/noelle-s551-maternal-simulator.png\",\"datePublished\":\"2025-07-05T16:42:25+00:00\",\"description\":\"NOELLE\u00ae S551 - Maternal Care Simulator with OMNI\u00ae | Tam v\u00fccut anne ve yenido\u011fan bak\u0131m sim\u00fclat\u00f6r\u00fc. Otomatik do\u011fum sistemi, Leopold manevralar\u0131 ve postpartum kanama sim\u00fclasyonu ile kapsaml\u0131 obstetrik e\u011fitim.\",\"breadcrumb\":{\"@id\":\"https:\/\/merkim.com.tr\/merkim-maket\/urun\/noelle-s551-anne-ve-yenidogan-bakim-simulatoru-omni-entegre-tam-vucut-dogum-sistemi\/#breadcrumb\"},\"inLanguage\":\"tr\",\"potentialAction\":[{\"@type\":\"ReadAction\",\"target\":[\"https:\/\/merkim.com.tr\/merkim-maket\/urun\/noelle-s551-anne-ve-yenidogan-bakim-simulatoru-omni-entegre-tam-vucut-dogum-sistemi\/\"]}]},{\"@type\":\"ImageObject\",\"inLanguage\":\"tr\",\"@id\":\"https:\/\/merkim.com.tr\/merkim-maket\/urun\/noelle-s551-anne-ve-yenidogan-bakim-simulatoru-omni-entegre-tam-vucut-dogum-sistemi\/#primaryimage\",\"url\":\"https:\/\/merkim.com.tr\/merkim-maket\/wp-content\/uploads\/2025\/07\/noelle-s551-maternal-simulator.png\",\"contentUrl\":\"https:\/\/merkim.com.tr\/merkim-maket\/wp-content\/uploads\/2025\/07\/noelle-s551-maternal-simulator.png\",\"width\":1000,\"height\":664,\"caption\":\"Otomatik Do\u011fum Sistemi ve Ger\u00e7ek\u00e7i Neonatal Sim\u00fclasyon\"},{\"@type\":\"BreadcrumbList\",\"@id\":\"https:\/\/merkim.com.tr\/merkim-maket\/urun\/noelle-s551-anne-ve-yenidogan-bakim-simulatoru-omni-entegre-tam-vucut-dogum-sistemi\/#breadcrumb\",\"itemListElement\":[{\"@type\":\"ListItem\",\"position\":1,\"name\":\"Anasayfa\",\"item\":\"https:\/\/merkim.com.tr\/merkim-maket\/\"},{\"@type\":\"ListItem\",\"position\":2,\"name\":\"Ma\u011faza\",\"item\":\"https:\/\/merkim.com.tr\/merkim-maket\/magaza\/\"},{\"@type\":\"ListItem\",\"position\":3,\"name\":\"NOELLE\u00ae S551 &#8211; Anne ve Yenido\u011fan Bak\u0131m Sim\u00fclat\u00f6r\u00fc (OMNI\u00ae Entegre Tam V\u00fccut Do\u011fum Sistemi)\"}]},{\"@type\":\"WebSite\",\"@id\":\"https:\/\/merkim.com.tr\/merkim-maket\/#website\",\"url\":\"https:\/\/merkim.com.tr\/merkim-maket\/\",\"name\":\"Merkim Maket\",\"description\":\"\",\"potentialAction\":[{\"@type\":\"SearchAction\",\"target\":{\"@type\":\"EntryPoint\",\"urlTemplate\":\"https:\/\/merkim.com.tr\/merkim-maket\/?s={search_term_string}\"},\"query-input\":{\"@type\":\"PropertyValueSpecification\",\"valueRequired\":true,\"valueName\":\"search_term_string\"}}],\"inLanguage\":\"tr\"}]}<\/script>\n<!-- \/ Yoast SEO plugin. -->","yoast_head_json":{"title":"NOELLE\u00ae S551 - Anne ve Yenido\u011fan Bak\u0131m Sim\u00fclat\u00f6r\u00fc (OMNI\u00ae Entegre Tam V\u00fccut Do\u011fum Sistemi) - Merkim Maket","description":"NOELLE\u00ae S551 - Maternal Care Simulator with OMNI\u00ae | Tam v\u00fccut anne ve yenido\u011fan bak\u0131m sim\u00fclat\u00f6r\u00fc. Otomatik do\u011fum sistemi, Leopold manevralar\u0131 ve postpartum kanama sim\u00fclasyonu ile kapsaml\u0131 obstetrik e\u011fitim.","robots":{"index":"index","follow":"follow","max-snippet":"max-snippet:-1","max-image-preview":"max-image-preview:large","max-video-preview":"max-video-preview:-1"},"canonical":"https:\/\/merkim.com.tr\/merkim-maket\/urun\/noelle-s551-anne-ve-yenidogan-bakim-simulatoru-omni-entegre-tam-vucut-dogum-sistemi\/","og_locale":"tr_TR","og_type":"article","og_title":"NOELLE\u00ae S551 - Anne ve Yenido\u011fan Bak\u0131m Sim\u00fclat\u00f6r\u00fc (OMNI\u00ae Entegre Tam V\u00fccut Do\u011fum Sistemi) - Merkim Maket","og_description":"NOELLE\u00ae S551 - Maternal Care Simulator with OMNI\u00ae | Tam v\u00fccut anne ve yenido\u011fan bak\u0131m sim\u00fclat\u00f6r\u00fc. Otomatik do\u011fum sistemi, Leopold manevralar\u0131 ve postpartum kanama sim\u00fclasyonu ile kapsaml\u0131 obstetrik e\u011fitim.","og_url":"https:\/\/merkim.com.tr\/merkim-maket\/urun\/noelle-s551-anne-ve-yenidogan-bakim-simulatoru-omni-entegre-tam-vucut-dogum-sistemi\/","og_site_name":"Merkim Maket","og_image":[{"width":1000,"height":664,"url":"https:\/\/merkim.com.tr\/merkim-maket\/wp-content\/uploads\/2025\/07\/noelle-s551-maternal-simulator.png","type":"image\/png"}],"twitter_card":"summary_large_image","twitter_misc":{"Tahmini okuma s\u00fcresi":"2 dakika"},"schema":{"@context":"https:\/\/schema.org","@graph":[{"@type":"WebPage","@id":"https:\/\/merkim.com.tr\/merkim-maket\/urun\/noelle-s551-anne-ve-yenidogan-bakim-simulatoru-omni-entegre-tam-vucut-dogum-sistemi\/","url":"https:\/\/merkim.com.tr\/merkim-maket\/urun\/noelle-s551-anne-ve-yenidogan-bakim-simulatoru-omni-entegre-tam-vucut-dogum-sistemi\/","name":"NOELLE\u00ae S551 - Anne ve Yenido\u011fan Bak\u0131m Sim\u00fclat\u00f6r\u00fc (OMNI\u00ae Entegre Tam V\u00fccut Do\u011fum Sistemi) - Merkim Maket","isPartOf":{"@id":"https:\/\/merkim.com.tr\/merkim-maket\/#website"},"primaryImageOfPage":{"@id":"https:\/\/merkim.com.tr\/merkim-maket\/urun\/noelle-s551-anne-ve-yenidogan-bakim-simulatoru-omni-entegre-tam-vucut-dogum-sistemi\/#primaryimage"},"image":{"@id":"https:\/\/merkim.com.tr\/merkim-maket\/urun\/noelle-s551-anne-ve-yenidogan-bakim-simulatoru-omni-entegre-tam-vucut-dogum-sistemi\/#primaryimage"},"thumbnailUrl":"https:\/\/merkim.com.tr\/merkim-maket\/wp-content\/uploads\/2025\/07\/noelle-s551-maternal-simulator.png","datePublished":"2025-07-05T16:42:25+00:00","description":"NOELLE\u00ae S551 - Maternal Care Simulator with OMNI\u00ae | Tam v\u00fccut anne ve yenido\u011fan bak\u0131m sim\u00fclat\u00f6r\u00fc. Otomatik do\u011fum sistemi, Leopold manevralar\u0131 ve postpartum kanama sim\u00fclasyonu ile kapsaml\u0131 obstetrik e\u011fitim.","breadcrumb":{"@id":"https:\/\/merkim.com.tr\/merkim-maket\/urun\/noelle-s551-anne-ve-yenidogan-bakim-simulatoru-omni-entegre-tam-vucut-dogum-sistemi\/#breadcrumb"},"inLanguage":"tr","potentialAction":[{"@type":"ReadAction","target":["https:\/\/merkim.com.tr\/merkim-maket\/urun\/noelle-s551-anne-ve-yenidogan-bakim-simulatoru-omni-entegre-tam-vucut-dogum-sistemi\/"]}]},{"@type":"ImageObject","inLanguage":"tr","@id":"https:\/\/merkim.com.tr\/merkim-maket\/urun\/noelle-s551-anne-ve-yenidogan-bakim-simulatoru-omni-entegre-tam-vucut-dogum-sistemi\/#primaryimage","url":"https:\/\/merkim.com.tr\/merkim-maket\/wp-content\/uploads\/2025\/07\/noelle-s551-maternal-simulator.png","contentUrl":"https:\/\/merkim.com.tr\/merkim-maket\/wp-content\/uploads\/2025\/07\/noelle-s551-maternal-simulator.png","width":1000,"height":664,"caption":"Otomatik Do\u011fum Sistemi ve Ger\u00e7ek\u00e7i Neonatal Sim\u00fclasyon"},{"@type":"BreadcrumbList","@id":"https:\/\/merkim.com.tr\/merkim-maket\/urun\/noelle-s551-anne-ve-yenidogan-bakim-simulatoru-omni-entegre-tam-vucut-dogum-sistemi\/#breadcrumb","itemListElement":[{"@type":"ListItem","position":1,"name":"Anasayfa","item":"https:\/\/merkim.com.tr\/merkim-maket\/"},{"@type":"ListItem","position":2,"name":"Ma\u011faza","item":"https:\/\/merkim.com.tr\/merkim-maket\/magaza\/"},{"@type":"ListItem","position":3,"name":"NOELLE\u00ae S551 &#8211; Anne ve Yenido\u011fan Bak\u0131m Sim\u00fclat\u00f6r\u00fc (OMNI\u00ae Entegre Tam V\u00fccut Do\u011fum Sistemi)"}]},{"@type":"WebSite","@id":"https:\/\/merkim.com.tr\/merkim-maket\/#website","url":"https:\/\/merkim.com.tr\/merkim-maket\/","name":"Merkim Maket","description":"","potentialAction":[{"@type":"SearchAction","target":{"@type":"EntryPoint","urlTemplate":"https:\/\/merkim.com.tr\/merkim-maket\/?s={search_term_string}"},"query-input":{"@type":"PropertyValueSpecification","valueRequired":true,"valueName":"search_term_string"}}],"inLanguage":"tr"}]}},"_links":{"self":[{"href":"https:\/\/merkim.com.tr\/merkim-maket\/wp-json\/wp\/v2\/product\/430","targetHints":{"allow":["GET"]}}],"collection":[{"href":"https:\/\/merkim.com.tr\/merkim-maket\/wp-json\/wp\/v2\/product"}],"about":[{"href":"https:\/\/merkim.com.tr\/merkim-maket\/wp-json\/wp\/v2\/types\/product"}],"replies":[{"embeddable":true,"href":"https:\/\/merkim.com.tr\/merkim-maket\/wp-json\/wp\/v2\/comments?post=430"}],"wp:featuredmedia":[{"embeddable":true,"href":"https:\/\/merkim.com.tr\/merkim-maket\/wp-json\/wp\/v2\/media\/431"}],"wp:attachment":[{"href":"https:\/\/merkim.com.tr\/merkim-maket\/wp-json\/wp\/v2\/media?parent=430"}],"wp:term":[{"taxonomy":"product_brand","embeddable":true,"href":"https:\/\/merkim.com.tr\/merkim-maket\/wp-json\/wp\/v2\/product_brand?post=430"},{"taxonomy":"product_cat","embeddable":true,"href":"https:\/\/merkim.com.tr\/merkim-maket\/wp-json\/wp\/v2\/product_cat?post=430"},{"taxonomy":"product_tag","embeddable":true,"href":"https:\/\/merkim.com.tr\/merkim-maket\/wp-json\/wp\/v2\/product_tag?post=430"}],"curies":[{"name":"wp","href":"https:\/\/api.w.org\/{rel}","templated":true}]}}