{"id":426,"date":"2025-07-05T16:24:09","date_gmt":"2025-07-05T16:24:09","guid":{"rendered":"https:\/\/merkim.com.tr\/merkim-maket\/?post_type=product&#038;p=426"},"modified":"2025-07-05T16:24:09","modified_gmt":"2025-07-05T16:24:09","slug":"ob-susie-s500-100-ileri-duzey-dogum-egitim-simulatoru-gercekci-dogum-torso-komplikasyon-simulasyonlu","status":"publish","type":"product","link":"https:\/\/merkim.com.tr\/merkim-maket\/urun\/ob-susie-s500-100-ileri-duzey-dogum-egitim-simulatoru-gercekci-dogum-torso-komplikasyon-simulasyonlu\/","title":{"rendered":"OB Susie\u00ae S500.100 &#8211; \u0130leri D\u00fczey Do\u011fum E\u011fitim Sim\u00fclat\u00f6r\u00fc (Ger\u00e7ek\u00e7i Do\u011fum Torso + Komplikasyon Sim\u00fclasyonlu)"},"content":{"rendered":"<p class=\"ds-markdown-paragraph\"><strong>OB Susie\u00ae S500.100<\/strong>, jinekoloji ve obstetrik e\u011fitimlerinde devrim yaratan\u00a0<strong>ger\u00e7ek\u00e7i do\u011fum torso sim\u00fclat\u00f6r\u00fcd\u00fcr<\/strong>. SIMA Models\u00ae taraf\u0131ndan geli\u015ftirilen bu profesyonel e\u011fitim arac\u0131,\u00a0<strong>rutin ve komplike do\u011fum prosed\u00fcrlerinin<\/strong>\u00a0g\u00fcvenli bir ortamda uygulanmas\u0131n\u0131 sa\u011flar.<\/p>\n<h4><strong>Benzersiz \u00d6zellikler ve Klinik Uygulamalar:<\/strong><\/h4>\n<p class=\"ds-markdown-paragraph\">\u2705\u00a0<strong>Ger\u00e7ek\u00e7i Do\u011fum Sim\u00fclasyonu:<\/strong><\/p>\n<ul>\n<li>\n<p class=\"ds-markdown-paragraph\"><strong>Yeti\u015fkin kad\u0131n torsosu<\/strong>\u00a0(diyaframdan kuadrisepslere kadar)<\/p>\n<\/li>\n<li>\n<p class=\"ds-markdown-paragraph\"><strong>3 farkl\u0131 ten rengi se\u00e7ene\u011fi<\/strong>\u00a0(ek \u00fccret olmadan)<\/p>\n<\/li>\n<li>\n<p class=\"ds-markdown-paragraph\"><strong>Geni\u015fleyen serviks<\/strong>\u00a0ile do\u011fum s\u00fcrecinin a\u015famalar\u0131n\u0131 g\u00f6zlemleme<\/p>\n<\/li>\n<li>\n<p class=\"ds-markdown-paragraph\"><strong>Esnek do\u011fum kanal\u0131<\/strong>\u00a0ile distosi sim\u00fclasyonu<\/p>\n<\/li>\n<\/ul>\n<p class=\"ds-markdown-paragraph\">\u2705\u00a0<strong>Kapsaml\u0131 Do\u011fum Senaryolar\u0131:<\/strong><\/p>\n<ul>\n<li>\n<p class=\"ds-markdown-paragraph\"><strong>Normal vajinal do\u011fum<\/strong>\u00a0(internal rotasyon, ekspulsiyon, external rotasyon)<\/p>\n<\/li>\n<li>\n<p class=\"ds-markdown-paragraph\"><strong>Makat geli\u015f do\u011fumu<\/strong>\u00a0(Pinard &#8220;bacak \u00e7evirme&#8221; tekni\u011fi uygulama)<\/p>\n<\/li>\n<li>\n<p class=\"ds-markdown-paragraph\"><strong>Vakumla destekli do\u011fum<\/strong>\u00a0(p\u00fcr\u00fczs\u00fcz deri y\u00fczeyi ile vakum uygulamas\u0131)<\/p>\n<\/li>\n<li>\n<p class=\"ds-markdown-paragraph\"><strong>Do\u011fumu duraklatma<\/strong>\u00a0\u00f6zelli\u011fi ile komplike durumlar\u0131n g\u00f6sterilmesi<\/p>\n<\/li>\n<\/ul>\n<p class=\"ds-markdown-paragraph\">\u2705\u00a0<strong>Obstetrik Manevralar:<\/strong><\/p>\n<ul>\n<li>\n<p class=\"ds-markdown-paragraph\"><strong>Leopold manevralar\u0131<\/strong>\u00a0(\u015fi\u015firilebilir yast\u0131k ile fetal pozisyon de\u011fi\u015ftirme)<\/p>\n<\/li>\n<li>\n<p class=\"ds-markdown-paragraph\"><strong>Eksternal versiyon egzersizleri<\/strong>\u00a0(yumu\u015fak kar\u0131n \u00f6rt\u00fcs\u00fc ile palpasyon)<\/p>\n<\/li>\n<li>\n<p class=\"ds-markdown-paragraph\"><strong>G\u00f6bek kordonu komplikasyonlar\u0131<\/strong>\u00a0(prolapsus, boyuna dolanma, d\u00fc\u011f\u00fcmler)<\/p>\n<\/li>\n<li>\n<p class=\"ds-markdown-paragraph\"><strong>Plasenta problemleri<\/strong>\u00a0(plasenta previa, retansiyon fragmanlar\u0131)<\/p>\n<\/li>\n<\/ul>\n<p class=\"ds-markdown-paragraph\">\u2705\u00a0<strong>Do\u011fum Sonras\u0131 Uygulamalar:<\/strong><\/p>\n<ul>\n<li>\n<p class=\"ds-markdown-paragraph\"><strong>Fundus masaj\u0131<\/strong>\u00a0ile &#8220;boggy&#8221; uterusun sertle\u015ftirilmesi<\/p>\n<\/li>\n<li>\n<p class=\"ds-markdown-paragraph\"><strong>Epizyotomi e\u011fitimi<\/strong>\u00a0(labia minora y\u0131rt\u0131klar\u0131, mediolateral epizyotomi)<\/p>\n<\/li>\n<\/ul>\n<h4><strong>Paket \u0130\u00e7eri\u011fi:<\/strong><\/h4>\n<ul>\n<li>\n<p class=\"ds-markdown-paragraph\">OB Susie\u00ae S500.100 do\u011fum torso sim\u00fclat\u00f6r\u00fc<\/p>\n<\/li>\n<li>\n<p class=\"ds-markdown-paragraph\">Yenido\u011fan bebek modeli<\/p>\n<\/li>\n<li>\n<p class=\"ds-markdown-paragraph\">Vakum ekstraksiyon seti<\/p>\n<\/li>\n<li>\n<p class=\"ds-markdown-paragraph\">Epizyotomi e\u011fitim mod\u00fclleri<\/p>\n<\/li>\n<li>\n<p class=\"ds-markdown-paragraph\">Detayl\u0131 kullan\u0131m k\u0131lavuzu<\/p>\n<\/li>\n<\/ul>\n","protected":false},"excerpt":{"rendered":"<p><strong>OB Susie\u00ae S500.100<\/strong>, jinekoloji ve obstetrik e\u011fitimleri i\u00e7in geli\u015ftirilmi\u015f\u00a0<strong>ileri d\u00fczey do\u011fum sim\u00fclat\u00f6r\u00fcd\u00fcr<\/strong>. Normal ve komplike do\u011fum senaryolar\u0131, Leopold manevralar\u0131 ve do\u011fum sonras\u0131 prosed\u00fcrlerin uygulanmas\u0131na olanak tan\u0131r.<\/p>\n","protected":false},"featured_media":427,"comment_status":"open","ping_status":"closed","template":"","meta":[],"product_brand":[948],"product_cat":[15,947],"product_tag":[1191,336,1190,60,881,1188,1187,1186,115,1189],"class_list":{"0":"post-426","1":"product","2":"type-product","3":"status-publish","4":"has-post-thumbnail","6":"product_brand-gaumard-scientific","7":"product_cat-genel","8":"product_cat-gaumard-scientific","9":"product_tag-dogum-komplikasyonlari","10":"product_tag-dogum-simulatoru","11":"product_tag-epizyotomi-egitimi","12":"product_tag-jinekoloji-simulatoru","13":"product_tag-leopold-manevrasi","14":"product_tag-makat-dogum-egitimi","15":"product_tag-ob-susie","16":"product_tag-obstetrik-egitim-modeli","17":"product_tag-tip-egitim-ekipmanlari","18":"product_tag-vakumla-dogum-simulasyonu","20":"first","21":"instock","22":"shipping-taxable","23":"product-type-simple"},"yoast_head":"<!-- This site is optimized with the Yoast SEO plugin v25.2 - https:\/\/yoast.com\/wordpress\/plugins\/seo\/ -->\n<title>OB Susie\u00ae S500.100 - \u0130leri D\u00fczey Do\u011fum E\u011fitim Sim\u00fclat\u00f6r\u00fc (Ger\u00e7ek\u00e7i Do\u011fum Torso + Komplikasyon Sim\u00fclasyonlu) - Merkim Maket<\/title>\n<meta name=\"description\" content=\"OB Susie\u00ae S500.100 - Advanced Childbirth Skills Trainer | Normal ve komplike do\u011fum senaryolar\u0131, Leopold manevralar\u0131 ve do\u011fum sonras\u0131 prosed\u00fcrler i\u00e7in profesyonel do\u011fum torso sim\u00fclat\u00f6r\u00fc. Vakumla do\u011fum ve makat geli\u015f sim\u00fclasyonu yapabilme \u00f6zelli\u011fi.\" \/>\n<meta name=\"robots\" content=\"index, follow, max-snippet:-1, max-image-preview:large, max-video-preview:-1\" \/>\n<link rel=\"canonical\" href=\"https:\/\/merkim.com.tr\/merkim-maket\/urun\/ob-susie-s500-100-ileri-duzey-dogum-egitim-simulatoru-gercekci-dogum-torso-komplikasyon-simulasyonlu\/\" \/>\n<meta property=\"og:locale\" content=\"tr_TR\" \/>\n<meta property=\"og:type\" content=\"article\" \/>\n<meta property=\"og:title\" content=\"OB Susie\u00ae S500.100 - \u0130leri D\u00fczey Do\u011fum E\u011fitim Sim\u00fclat\u00f6r\u00fc (Ger\u00e7ek\u00e7i Do\u011fum Torso + Komplikasyon Sim\u00fclasyonlu) - Merkim Maket\" \/>\n<meta property=\"og:description\" content=\"OB Susie\u00ae S500.100 - Advanced Childbirth Skills Trainer | Normal ve komplike do\u011fum senaryolar\u0131, Leopold manevralar\u0131 ve do\u011fum sonras\u0131 prosed\u00fcrler i\u00e7in profesyonel do\u011fum torso sim\u00fclat\u00f6r\u00fc. Vakumla do\u011fum ve makat geli\u015f sim\u00fclasyonu yapabilme \u00f6zelli\u011fi.\" \/>\n<meta property=\"og:url\" content=\"https:\/\/merkim.com.tr\/merkim-maket\/urun\/ob-susie-s500-100-ileri-duzey-dogum-egitim-simulatoru-gercekci-dogum-torso-komplikasyon-simulasyonlu\/\" \/>\n<meta property=\"og:site_name\" content=\"Merkim Maket\" \/>\n<meta property=\"og:image\" content=\"https:\/\/merkim.com.tr\/merkim-maket\/wp-content\/uploads\/2025\/07\/ob-susie-s500100-childbirth-trainer.png\" \/>\n\t<meta property=\"og:image:width\" content=\"800\" \/>\n\t<meta property=\"og:image:height\" content=\"531\" \/>\n\t<meta property=\"og:image:type\" content=\"image\/png\" \/>\n<meta name=\"twitter:card\" content=\"summary_large_image\" \/>\n<meta name=\"twitter:label1\" content=\"Tahmini okuma s\u00fcresi\" \/>\n\t<meta name=\"twitter:data1\" content=\"2 dakika\" \/>\n<script type=\"application\/ld+json\" class=\"yoast-schema-graph\">{\"@context\":\"https:\/\/schema.org\",\"@graph\":[{\"@type\":\"WebPage\",\"@id\":\"https:\/\/merkim.com.tr\/merkim-maket\/urun\/ob-susie-s500-100-ileri-duzey-dogum-egitim-simulatoru-gercekci-dogum-torso-komplikasyon-simulasyonlu\/\",\"url\":\"https:\/\/merkim.com.tr\/merkim-maket\/urun\/ob-susie-s500-100-ileri-duzey-dogum-egitim-simulatoru-gercekci-dogum-torso-komplikasyon-simulasyonlu\/\",\"name\":\"OB Susie\u00ae S500.100 - \u0130leri D\u00fczey Do\u011fum E\u011fitim Sim\u00fclat\u00f6r\u00fc (Ger\u00e7ek\u00e7i Do\u011fum Torso + Komplikasyon Sim\u00fclasyonlu) - Merkim Maket\",\"isPartOf\":{\"@id\":\"https:\/\/merkim.com.tr\/merkim-maket\/#website\"},\"primaryImageOfPage\":{\"@id\":\"https:\/\/merkim.com.tr\/merkim-maket\/urun\/ob-susie-s500-100-ileri-duzey-dogum-egitim-simulatoru-gercekci-dogum-torso-komplikasyon-simulasyonlu\/#primaryimage\"},\"image\":{\"@id\":\"https:\/\/merkim.com.tr\/merkim-maket\/urun\/ob-susie-s500-100-ileri-duzey-dogum-egitim-simulatoru-gercekci-dogum-torso-komplikasyon-simulasyonlu\/#primaryimage\"},\"thumbnailUrl\":\"https:\/\/merkim.com.tr\/merkim-maket\/wp-content\/uploads\/2025\/07\/ob-susie-s500100-childbirth-trainer.png\",\"datePublished\":\"2025-07-05T16:24:09+00:00\",\"description\":\"OB Susie\u00ae S500.100 - Advanced Childbirth Skills Trainer | Normal ve komplike do\u011fum senaryolar\u0131, Leopold manevralar\u0131 ve do\u011fum sonras\u0131 prosed\u00fcrler i\u00e7in profesyonel do\u011fum torso sim\u00fclat\u00f6r\u00fc. Vakumla do\u011fum ve makat geli\u015f sim\u00fclasyonu yapabilme \u00f6zelli\u011fi.\",\"breadcrumb\":{\"@id\":\"https:\/\/merkim.com.tr\/merkim-maket\/urun\/ob-susie-s500-100-ileri-duzey-dogum-egitim-simulatoru-gercekci-dogum-torso-komplikasyon-simulasyonlu\/#breadcrumb\"},\"inLanguage\":\"tr\",\"potentialAction\":[{\"@type\":\"ReadAction\",\"target\":[\"https:\/\/merkim.com.tr\/merkim-maket\/urun\/ob-susie-s500-100-ileri-duzey-dogum-egitim-simulatoru-gercekci-dogum-torso-komplikasyon-simulasyonlu\/\"]}]},{\"@type\":\"ImageObject\",\"inLanguage\":\"tr\",\"@id\":\"https:\/\/merkim.com.tr\/merkim-maket\/urun\/ob-susie-s500-100-ileri-duzey-dogum-egitim-simulatoru-gercekci-dogum-torso-komplikasyon-simulasyonlu\/#primaryimage\",\"url\":\"https:\/\/merkim.com.tr\/merkim-maket\/wp-content\/uploads\/2025\/07\/ob-susie-s500100-childbirth-trainer.png\",\"contentUrl\":\"https:\/\/merkim.com.tr\/merkim-maket\/wp-content\/uploads\/2025\/07\/ob-susie-s500100-childbirth-trainer.png\",\"width\":800,\"height\":531,\"caption\":\"Normal ve Komplike Do\u011fum Senaryolar\u0131 i\u00e7in Ger\u00e7ek\u00e7i Sim\u00fclasyon\"},{\"@type\":\"BreadcrumbList\",\"@id\":\"https:\/\/merkim.com.tr\/merkim-maket\/urun\/ob-susie-s500-100-ileri-duzey-dogum-egitim-simulatoru-gercekci-dogum-torso-komplikasyon-simulasyonlu\/#breadcrumb\",\"itemListElement\":[{\"@type\":\"ListItem\",\"position\":1,\"name\":\"Anasayfa\",\"item\":\"https:\/\/merkim.com.tr\/merkim-maket\/\"},{\"@type\":\"ListItem\",\"position\":2,\"name\":\"Ma\u011faza\",\"item\":\"https:\/\/merkim.com.tr\/merkim-maket\/magaza\/\"},{\"@type\":\"ListItem\",\"position\":3,\"name\":\"OB Susie\u00ae S500.100 &#8211; \u0130leri D\u00fczey Do\u011fum E\u011fitim Sim\u00fclat\u00f6r\u00fc (Ger\u00e7ek\u00e7i Do\u011fum Torso + Komplikasyon Sim\u00fclasyonlu)\"}]},{\"@type\":\"WebSite\",\"@id\":\"https:\/\/merkim.com.tr\/merkim-maket\/#website\",\"url\":\"https:\/\/merkim.com.tr\/merkim-maket\/\",\"name\":\"Merkim Maket\",\"description\":\"\",\"potentialAction\":[{\"@type\":\"SearchAction\",\"target\":{\"@type\":\"EntryPoint\",\"urlTemplate\":\"https:\/\/merkim.com.tr\/merkim-maket\/?s={search_term_string}\"},\"query-input\":{\"@type\":\"PropertyValueSpecification\",\"valueRequired\":true,\"valueName\":\"search_term_string\"}}],\"inLanguage\":\"tr\"}]}<\/script>\n<!-- \/ Yoast SEO plugin. -->","yoast_head_json":{"title":"OB Susie\u00ae S500.100 - \u0130leri D\u00fczey Do\u011fum E\u011fitim Sim\u00fclat\u00f6r\u00fc (Ger\u00e7ek\u00e7i Do\u011fum Torso + Komplikasyon Sim\u00fclasyonlu) - Merkim Maket","description":"OB Susie\u00ae S500.100 - Advanced Childbirth Skills Trainer | Normal ve komplike do\u011fum senaryolar\u0131, Leopold manevralar\u0131 ve do\u011fum sonras\u0131 prosed\u00fcrler i\u00e7in profesyonel do\u011fum torso sim\u00fclat\u00f6r\u00fc. Vakumla do\u011fum ve makat geli\u015f sim\u00fclasyonu yapabilme \u00f6zelli\u011fi.","robots":{"index":"index","follow":"follow","max-snippet":"max-snippet:-1","max-image-preview":"max-image-preview:large","max-video-preview":"max-video-preview:-1"},"canonical":"https:\/\/merkim.com.tr\/merkim-maket\/urun\/ob-susie-s500-100-ileri-duzey-dogum-egitim-simulatoru-gercekci-dogum-torso-komplikasyon-simulasyonlu\/","og_locale":"tr_TR","og_type":"article","og_title":"OB Susie\u00ae S500.100 - \u0130leri D\u00fczey Do\u011fum E\u011fitim Sim\u00fclat\u00f6r\u00fc (Ger\u00e7ek\u00e7i Do\u011fum Torso + Komplikasyon Sim\u00fclasyonlu) - Merkim Maket","og_description":"OB Susie\u00ae S500.100 - Advanced Childbirth Skills Trainer | Normal ve komplike do\u011fum senaryolar\u0131, Leopold manevralar\u0131 ve do\u011fum sonras\u0131 prosed\u00fcrler i\u00e7in profesyonel do\u011fum torso sim\u00fclat\u00f6r\u00fc. Vakumla do\u011fum ve makat geli\u015f sim\u00fclasyonu yapabilme \u00f6zelli\u011fi.","og_url":"https:\/\/merkim.com.tr\/merkim-maket\/urun\/ob-susie-s500-100-ileri-duzey-dogum-egitim-simulatoru-gercekci-dogum-torso-komplikasyon-simulasyonlu\/","og_site_name":"Merkim Maket","og_image":[{"width":800,"height":531,"url":"https:\/\/merkim.com.tr\/merkim-maket\/wp-content\/uploads\/2025\/07\/ob-susie-s500100-childbirth-trainer.png","type":"image\/png"}],"twitter_card":"summary_large_image","twitter_misc":{"Tahmini okuma s\u00fcresi":"2 dakika"},"schema":{"@context":"https:\/\/schema.org","@graph":[{"@type":"WebPage","@id":"https:\/\/merkim.com.tr\/merkim-maket\/urun\/ob-susie-s500-100-ileri-duzey-dogum-egitim-simulatoru-gercekci-dogum-torso-komplikasyon-simulasyonlu\/","url":"https:\/\/merkim.com.tr\/merkim-maket\/urun\/ob-susie-s500-100-ileri-duzey-dogum-egitim-simulatoru-gercekci-dogum-torso-komplikasyon-simulasyonlu\/","name":"OB Susie\u00ae S500.100 - \u0130leri D\u00fczey Do\u011fum E\u011fitim Sim\u00fclat\u00f6r\u00fc (Ger\u00e7ek\u00e7i Do\u011fum Torso + Komplikasyon Sim\u00fclasyonlu) - Merkim Maket","isPartOf":{"@id":"https:\/\/merkim.com.tr\/merkim-maket\/#website"},"primaryImageOfPage":{"@id":"https:\/\/merkim.com.tr\/merkim-maket\/urun\/ob-susie-s500-100-ileri-duzey-dogum-egitim-simulatoru-gercekci-dogum-torso-komplikasyon-simulasyonlu\/#primaryimage"},"image":{"@id":"https:\/\/merkim.com.tr\/merkim-maket\/urun\/ob-susie-s500-100-ileri-duzey-dogum-egitim-simulatoru-gercekci-dogum-torso-komplikasyon-simulasyonlu\/#primaryimage"},"thumbnailUrl":"https:\/\/merkim.com.tr\/merkim-maket\/wp-content\/uploads\/2025\/07\/ob-susie-s500100-childbirth-trainer.png","datePublished":"2025-07-05T16:24:09+00:00","description":"OB Susie\u00ae S500.100 - Advanced Childbirth Skills Trainer | Normal ve komplike do\u011fum senaryolar\u0131, Leopold manevralar\u0131 ve do\u011fum sonras\u0131 prosed\u00fcrler i\u00e7in profesyonel do\u011fum torso sim\u00fclat\u00f6r\u00fc. Vakumla do\u011fum ve makat geli\u015f sim\u00fclasyonu yapabilme \u00f6zelli\u011fi.","breadcrumb":{"@id":"https:\/\/merkim.com.tr\/merkim-maket\/urun\/ob-susie-s500-100-ileri-duzey-dogum-egitim-simulatoru-gercekci-dogum-torso-komplikasyon-simulasyonlu\/#breadcrumb"},"inLanguage":"tr","potentialAction":[{"@type":"ReadAction","target":["https:\/\/merkim.com.tr\/merkim-maket\/urun\/ob-susie-s500-100-ileri-duzey-dogum-egitim-simulatoru-gercekci-dogum-torso-komplikasyon-simulasyonlu\/"]}]},{"@type":"ImageObject","inLanguage":"tr","@id":"https:\/\/merkim.com.tr\/merkim-maket\/urun\/ob-susie-s500-100-ileri-duzey-dogum-egitim-simulatoru-gercekci-dogum-torso-komplikasyon-simulasyonlu\/#primaryimage","url":"https:\/\/merkim.com.tr\/merkim-maket\/wp-content\/uploads\/2025\/07\/ob-susie-s500100-childbirth-trainer.png","contentUrl":"https:\/\/merkim.com.tr\/merkim-maket\/wp-content\/uploads\/2025\/07\/ob-susie-s500100-childbirth-trainer.png","width":800,"height":531,"caption":"Normal ve Komplike Do\u011fum Senaryolar\u0131 i\u00e7in Ger\u00e7ek\u00e7i Sim\u00fclasyon"},{"@type":"BreadcrumbList","@id":"https:\/\/merkim.com.tr\/merkim-maket\/urun\/ob-susie-s500-100-ileri-duzey-dogum-egitim-simulatoru-gercekci-dogum-torso-komplikasyon-simulasyonlu\/#breadcrumb","itemListElement":[{"@type":"ListItem","position":1,"name":"Anasayfa","item":"https:\/\/merkim.com.tr\/merkim-maket\/"},{"@type":"ListItem","position":2,"name":"Ma\u011faza","item":"https:\/\/merkim.com.tr\/merkim-maket\/magaza\/"},{"@type":"ListItem","position":3,"name":"OB Susie\u00ae S500.100 &#8211; \u0130leri D\u00fczey Do\u011fum E\u011fitim Sim\u00fclat\u00f6r\u00fc (Ger\u00e7ek\u00e7i Do\u011fum Torso + Komplikasyon Sim\u00fclasyonlu)"}]},{"@type":"WebSite","@id":"https:\/\/merkim.com.tr\/merkim-maket\/#website","url":"https:\/\/merkim.com.tr\/merkim-maket\/","name":"Merkim Maket","description":"","potentialAction":[{"@type":"SearchAction","target":{"@type":"EntryPoint","urlTemplate":"https:\/\/merkim.com.tr\/merkim-maket\/?s={search_term_string}"},"query-input":{"@type":"PropertyValueSpecification","valueRequired":true,"valueName":"search_term_string"}}],"inLanguage":"tr"}]}},"_links":{"self":[{"href":"https:\/\/merkim.com.tr\/merkim-maket\/wp-json\/wp\/v2\/product\/426","targetHints":{"allow":["GET"]}}],"collection":[{"href":"https:\/\/merkim.com.tr\/merkim-maket\/wp-json\/wp\/v2\/product"}],"about":[{"href":"https:\/\/merkim.com.tr\/merkim-maket\/wp-json\/wp\/v2\/types\/product"}],"replies":[{"embeddable":true,"href":"https:\/\/merkim.com.tr\/merkim-maket\/wp-json\/wp\/v2\/comments?post=426"}],"wp:featuredmedia":[{"embeddable":true,"href":"https:\/\/merkim.com.tr\/merkim-maket\/wp-json\/wp\/v2\/media\/427"}],"wp:attachment":[{"href":"https:\/\/merkim.com.tr\/merkim-maket\/wp-json\/wp\/v2\/media?parent=426"}],"wp:term":[{"taxonomy":"product_brand","embeddable":true,"href":"https:\/\/merkim.com.tr\/merkim-maket\/wp-json\/wp\/v2\/product_brand?post=426"},{"taxonomy":"product_cat","embeddable":true,"href":"https:\/\/merkim.com.tr\/merkim-maket\/wp-json\/wp\/v2\/product_cat?post=426"},{"taxonomy":"product_tag","embeddable":true,"href":"https:\/\/merkim.com.tr\/merkim-maket\/wp-json\/wp\/v2\/product_tag?post=426"}],"curies":[{"name":"wp","href":"https:\/\/api.w.org\/{rel}","templated":true}]}}