{"id":423,"date":"2025-07-05T16:16:17","date_gmt":"2025-07-05T16:16:17","guid":{"rendered":"https:\/\/merkim.com.tr\/merkim-maket\/?post_type=product&#038;p=423"},"modified":"2025-07-05T16:16:17","modified_gmt":"2025-07-05T16:16:17","slug":"newborn-airway-management-skills-trainer-s320-yenidogan-hava-yolu-yonetimi-egitim-simulatoru-tam-vucut-anatomik-yapi","status":"publish","type":"product","link":"https:\/\/merkim.com.tr\/merkim-maket\/urun\/newborn-airway-management-skills-trainer-s320-yenidogan-hava-yolu-yonetimi-egitim-simulatoru-tam-vucut-anatomik-yapi\/","title":{"rendered":"Newborn Airway Management Skills Trainer S320 &#8211; Yenido\u011fan Hava Yolu Y\u00f6netimi E\u011fitim Sim\u00fclat\u00f6r\u00fc (Tam V\u00fccut Anatomik Yap\u0131)"},"content":{"rendered":"<p class=\"ds-markdown-paragraph\"><strong>Newborn Airway Management Skills Trainer S320<\/strong>, yenido\u011fan hastalarda\u00a0<strong>hava yolu y\u00f6netimi ve ent\u00fcbasyon teknikleri<\/strong>\u00a0i\u00e7in \u00f6zel olarak tasarlanm\u0131\u015f\u00a0<strong>tam v\u00fccut sim\u00fclat\u00f6rd\u00fcr<\/strong>. Ger\u00e7ek\u00e7i anatomik yap\u0131s\u0131yla sa\u011fl\u0131k profesyonellerinin\u00a0<strong>yenido\u011fan ent\u00fcbasyonu<\/strong>\u00a0becerilerini geli\u015ftirmelerini sa\u011flar.<\/p>\n<h4><strong>Benzersiz \u00d6zellikler ve Klinik Uygulamalar:<\/strong><\/h4>\n<p class=\"ds-markdown-paragraph\">\u2705\u00a0<strong>Ger\u00e7ek\u00e7i Yenido\u011fan Anatomisi:<\/strong><\/p>\n<ul>\n<li>\n<p class=\"ds-markdown-paragraph\"><strong>Tam v\u00fccut yenido\u011fan anatomisine uygun<\/strong>\u00a0\u00f6zel tasar\u0131m<\/p>\n<\/li>\n<li>\n<p class=\"ds-markdown-paragraph\"><strong>Detayl\u0131 g\u00f6\u011f\u00fcs bo\u015flu\u011fu<\/strong>\u00a0(ger\u00e7ek\u00e7i akci\u011ferler, bron\u015flar ve trakea yap\u0131s\u0131)<\/p>\n<\/li>\n<li>\n<p class=\"ds-markdown-paragraph\"><strong>Anatomik olarak do\u011fru a\u011f\u0131z, dil, hava yolu ve yemek borusu<\/strong><\/p>\n<\/li>\n<\/ul>\n<p class=\"ds-markdown-paragraph\">\u2705\u00a0<strong>Profesyonel Hava Yolu E\u011fitimi:<\/strong><\/p>\n<ul>\n<li>\n<p class=\"ds-markdown-paragraph\"><strong>Tam hareketli ba\u015f, boyun ve \u00e7ene<\/strong>\u00a0(ba\u015f tilt\/\u00e7ene kald\u0131rma teknikleri i\u00e7in)<\/p>\n<\/li>\n<li>\n<p class=\"ds-markdown-paragraph\"><strong>Sellick manevras\u0131<\/strong>\u00a0uygulanabilir yumu\u015fak boyun yap\u0131s\u0131 (krikoid k\u0131k\u0131rdakl\u0131)<\/p>\n<\/li>\n<li>\n<p class=\"ds-markdown-paragraph\"><strong>3.8mm dar hava yolu \u00e7ap\u0131<\/strong>\u00a0ile ger\u00e7ek\u00e7i yenido\u011fan anatomisi<\/p>\n<\/li>\n<li>\n<p class=\"ds-markdown-paragraph\"><strong>&#8220;Bal\u0131k g\u00f6z\u00fc&#8221; g\u00f6r\u00fcn\u00fcml\u00fc vokal kordlar<\/strong><\/p>\n<\/li>\n<\/ul>\n<p class=\"ds-markdown-paragraph\">\u2705\u00a0<strong>Di\u011fer Kritik Prosed\u00fcrler:<\/strong><\/p>\n<ul>\n<li>\n<p class=\"ds-markdown-paragraph\"><strong>Pozitif bas\u0131n\u00e7l\u0131 ventilasyonda g\u00f6zlemlenebilir bilateral akci\u011fer geni\u015flemesi<\/strong><\/p>\n<\/li>\n<li>\n<p class=\"ds-markdown-paragraph\"><strong>Nazal pasaj<\/strong>\u00a0(nazofaringeal t\u00fcp yerle\u015ftirme e\u011fitimi i\u00e7in)<\/p>\n<\/li>\n<li>\n<p class=\"ds-markdown-paragraph\"><strong>Ger\u00e7ek\u00e7i g\u00f6\u011f\u00fcs kalk\u0131\u015f\u0131<\/strong>\u00a0ile ventilasyonun do\u011frulu\u011funu test etme<\/p>\n<\/li>\n<\/ul>\n<p class=\"ds-markdown-paragraph\">\u2705\u00a0<strong>Dayan\u0131kl\u0131 ve Kullan\u0131\u015fl\u0131 Tasar\u0131m:<\/strong><\/p>\n<ul>\n<li>\n<p class=\"ds-markdown-paragraph\"><strong>Yo\u011fun e\u011fitim kullan\u0131m\u0131na<\/strong>\u00a0uygun sa\u011flam yap\u0131<\/p>\n<\/li>\n<li>\n<p class=\"ds-markdown-paragraph\"><strong>Ger\u00e7ek t\u0131bbi ekipmanlarla<\/strong>\u00a0tam uyumlu \u00e7al\u0131\u015fma<\/p>\n<\/li>\n<\/ul>\n<h4><strong>Paket \u0130\u00e7eri\u011fi:<\/strong><\/h4>\n<ul>\n<li>\n<p class=\"ds-markdown-paragraph\">S320 Tam v\u00fccut yenido\u011fan hava yolu e\u011fitim sim\u00fclat\u00f6r\u00fc<\/p>\n<\/li>\n<li>\n<p class=\"ds-markdown-paragraph\">Detayl\u0131 kullan\u0131m k\u0131lavuzu<\/p>\n<\/li>\n<\/ul>\n","protected":false},"excerpt":{"rendered":"<p><strong>Newborn Airway Management Skills Trainer S320<\/strong>, yenido\u011fan hastalarda hava yolu y\u00f6netimi ve ent\u00fcbasyon tekniklerinin \u00f6\u011fretilmesi i\u00e7in tasarlanm\u0131\u015f\u00a0<strong>tam v\u00fccut sim\u00fclat\u00f6rd\u00fcr<\/strong>. Ger\u00e7ek\u00e7i 3.8mm hava yolu \u00e7ap\u0131 ve anatomik detaylar\u0131yla neonatal acil m\u00fcdahale e\u011fitimleri i\u00e7in ideal bir e\u011fitim arac\u0131d\u0131r.<\/p>\n","protected":false},"featured_media":425,"comment_status":"open","ping_status":"closed","template":"","meta":[],"product_brand":[948],"product_cat":[15,947],"product_tag":[1167,1184,1170,1171,1185,1169,115,1177,73],"class_list":{"0":"post-423","1":"product","2":"type-product","3":"status-publish","4":"has-post-thumbnail","6":"product_brand-gaumard-scientific","7":"product_cat-genel","8":"product_cat-gaumard-scientific","9":"product_tag-hava-yolu-egitim-modeli","10":"product_tag-neonatal-entubasyon","11":"product_tag-np-tup-egitimi","12":"product_tag-pediatrik-hava-yolu-yonetimi","13":"product_tag-s320-simulator","14":"product_tag-sellick-manevrasi","15":"product_tag-tip-egitim-ekipmanlari","16":"product_tag-yenidogan-resusitasyon","17":"product_tag-yenidogan-simulatoru","19":"first","20":"instock","21":"shipping-taxable","22":"product-type-simple"},"yoast_head":"<!-- This site is optimized with the Yoast SEO plugin v25.2 - https:\/\/yoast.com\/wordpress\/plugins\/seo\/ -->\n<title>Newborn Airway Management Skills Trainer S320 - Yenido\u011fan Hava Yolu Y\u00f6netimi E\u011fitim Sim\u00fclat\u00f6r\u00fc (Tam V\u00fccut Anatomik Yap\u0131) - Merkim Maket<\/title>\n<meta name=\"description\" content=\"Newborn Airway Management Skills Trainer S320 | Yenido\u011fan hastalarda hava yolu y\u00f6netimi ve ent\u00fcbasyon teknikleri i\u00e7in profesyonel tam v\u00fccut sim\u00fclat\u00f6r. Ger\u00e7ek\u00e7i 3.8mm hava yolu \u00e7ap\u0131 ve Sellick manevras\u0131 uygulama imkan\u0131.\" \/>\n<meta name=\"robots\" content=\"index, follow, max-snippet:-1, max-image-preview:large, max-video-preview:-1\" \/>\n<link rel=\"canonical\" href=\"https:\/\/merkim.com.tr\/merkim-maket\/urun\/newborn-airway-management-skills-trainer-s320-yenidogan-hava-yolu-yonetimi-egitim-simulatoru-tam-vucut-anatomik-yapi\/\" \/>\n<meta property=\"og:locale\" content=\"tr_TR\" \/>\n<meta property=\"og:type\" content=\"article\" \/>\n<meta property=\"og:title\" content=\"Newborn Airway Management Skills Trainer S320 - Yenido\u011fan Hava Yolu Y\u00f6netimi E\u011fitim Sim\u00fclat\u00f6r\u00fc (Tam V\u00fccut Anatomik Yap\u0131) - Merkim Maket\" \/>\n<meta property=\"og:description\" content=\"Newborn Airway Management Skills Trainer S320 | Yenido\u011fan hastalarda hava yolu y\u00f6netimi ve ent\u00fcbasyon teknikleri i\u00e7in profesyonel tam v\u00fccut sim\u00fclat\u00f6r. Ger\u00e7ek\u00e7i 3.8mm hava yolu \u00e7ap\u0131 ve Sellick manevras\u0131 uygulama imkan\u0131.\" \/>\n<meta property=\"og:url\" content=\"https:\/\/merkim.com.tr\/merkim-maket\/urun\/newborn-airway-management-skills-trainer-s320-yenidogan-hava-yolu-yonetimi-egitim-simulatoru-tam-vucut-anatomik-yapi\/\" \/>\n<meta property=\"og:site_name\" content=\"Merkim Maket\" \/>\n<meta property=\"og:image\" content=\"https:\/\/merkim.com.tr\/merkim-maket\/wp-content\/uploads\/2025\/07\/newborn-airway-s320-trainer.png\" \/>\n\t<meta property=\"og:image:width\" content=\"800\" \/>\n\t<meta property=\"og:image:height\" content=\"531\" \/>\n\t<meta property=\"og:image:type\" content=\"image\/png\" \/>\n<meta name=\"twitter:card\" content=\"summary_large_image\" \/>\n<meta name=\"twitter:label1\" content=\"Tahmini okuma s\u00fcresi\" \/>\n\t<meta name=\"twitter:data1\" content=\"2 dakika\" \/>\n<script type=\"application\/ld+json\" class=\"yoast-schema-graph\">{\"@context\":\"https:\/\/schema.org\",\"@graph\":[{\"@type\":\"WebPage\",\"@id\":\"https:\/\/merkim.com.tr\/merkim-maket\/urun\/newborn-airway-management-skills-trainer-s320-yenidogan-hava-yolu-yonetimi-egitim-simulatoru-tam-vucut-anatomik-yapi\/\",\"url\":\"https:\/\/merkim.com.tr\/merkim-maket\/urun\/newborn-airway-management-skills-trainer-s320-yenidogan-hava-yolu-yonetimi-egitim-simulatoru-tam-vucut-anatomik-yapi\/\",\"name\":\"Newborn Airway Management Skills Trainer S320 - Yenido\u011fan Hava Yolu Y\u00f6netimi E\u011fitim Sim\u00fclat\u00f6r\u00fc (Tam V\u00fccut Anatomik Yap\u0131) - Merkim Maket\",\"isPartOf\":{\"@id\":\"https:\/\/merkim.com.tr\/merkim-maket\/#website\"},\"primaryImageOfPage\":{\"@id\":\"https:\/\/merkim.com.tr\/merkim-maket\/urun\/newborn-airway-management-skills-trainer-s320-yenidogan-hava-yolu-yonetimi-egitim-simulatoru-tam-vucut-anatomik-yapi\/#primaryimage\"},\"image\":{\"@id\":\"https:\/\/merkim.com.tr\/merkim-maket\/urun\/newborn-airway-management-skills-trainer-s320-yenidogan-hava-yolu-yonetimi-egitim-simulatoru-tam-vucut-anatomik-yapi\/#primaryimage\"},\"thumbnailUrl\":\"https:\/\/merkim.com.tr\/merkim-maket\/wp-content\/uploads\/2025\/07\/newborn-airway-s320-trainer.png\",\"datePublished\":\"2025-07-05T16:16:17+00:00\",\"description\":\"Newborn Airway Management Skills Trainer S320 | Yenido\u011fan hastalarda hava yolu y\u00f6netimi ve ent\u00fcbasyon teknikleri i\u00e7in profesyonel tam v\u00fccut sim\u00fclat\u00f6r. Ger\u00e7ek\u00e7i 3.8mm hava yolu \u00e7ap\u0131 ve Sellick manevras\u0131 uygulama imkan\u0131.\",\"breadcrumb\":{\"@id\":\"https:\/\/merkim.com.tr\/merkim-maket\/urun\/newborn-airway-management-skills-trainer-s320-yenidogan-hava-yolu-yonetimi-egitim-simulatoru-tam-vucut-anatomik-yapi\/#breadcrumb\"},\"inLanguage\":\"tr\",\"potentialAction\":[{\"@type\":\"ReadAction\",\"target\":[\"https:\/\/merkim.com.tr\/merkim-maket\/urun\/newborn-airway-management-skills-trainer-s320-yenidogan-hava-yolu-yonetimi-egitim-simulatoru-tam-vucut-anatomik-yapi\/\"]}]},{\"@type\":\"ImageObject\",\"inLanguage\":\"tr\",\"@id\":\"https:\/\/merkim.com.tr\/merkim-maket\/urun\/newborn-airway-management-skills-trainer-s320-yenidogan-hava-yolu-yonetimi-egitim-simulatoru-tam-vucut-anatomik-yapi\/#primaryimage\",\"url\":\"https:\/\/merkim.com.tr\/merkim-maket\/wp-content\/uploads\/2025\/07\/newborn-airway-s320-trainer.png\",\"contentUrl\":\"https:\/\/merkim.com.tr\/merkim-maket\/wp-content\/uploads\/2025\/07\/newborn-airway-s320-trainer.png\",\"width\":800,\"height\":531,\"caption\":\"Ger\u00e7ek\u00e7i 3.8mm Hava Yolu \u00c7ap\u0131 ve Anatomik Detaylar\"},{\"@type\":\"BreadcrumbList\",\"@id\":\"https:\/\/merkim.com.tr\/merkim-maket\/urun\/newborn-airway-management-skills-trainer-s320-yenidogan-hava-yolu-yonetimi-egitim-simulatoru-tam-vucut-anatomik-yapi\/#breadcrumb\",\"itemListElement\":[{\"@type\":\"ListItem\",\"position\":1,\"name\":\"Anasayfa\",\"item\":\"https:\/\/merkim.com.tr\/merkim-maket\/\"},{\"@type\":\"ListItem\",\"position\":2,\"name\":\"Ma\u011faza\",\"item\":\"https:\/\/merkim.com.tr\/merkim-maket\/magaza\/\"},{\"@type\":\"ListItem\",\"position\":3,\"name\":\"Newborn Airway Management Skills Trainer S320 &#8211; Yenido\u011fan Hava Yolu Y\u00f6netimi E\u011fitim Sim\u00fclat\u00f6r\u00fc (Tam V\u00fccut Anatomik Yap\u0131)\"}]},{\"@type\":\"WebSite\",\"@id\":\"https:\/\/merkim.com.tr\/merkim-maket\/#website\",\"url\":\"https:\/\/merkim.com.tr\/merkim-maket\/\",\"name\":\"Merkim Maket\",\"description\":\"\",\"potentialAction\":[{\"@type\":\"SearchAction\",\"target\":{\"@type\":\"EntryPoint\",\"urlTemplate\":\"https:\/\/merkim.com.tr\/merkim-maket\/?s={search_term_string}\"},\"query-input\":{\"@type\":\"PropertyValueSpecification\",\"valueRequired\":true,\"valueName\":\"search_term_string\"}}],\"inLanguage\":\"tr\"}]}<\/script>\n<!-- \/ Yoast SEO plugin. -->","yoast_head_json":{"title":"Newborn Airway Management Skills Trainer S320 - Yenido\u011fan Hava Yolu Y\u00f6netimi E\u011fitim Sim\u00fclat\u00f6r\u00fc (Tam V\u00fccut Anatomik Yap\u0131) - Merkim Maket","description":"Newborn Airway Management Skills Trainer S320 | Yenido\u011fan hastalarda hava yolu y\u00f6netimi ve ent\u00fcbasyon teknikleri i\u00e7in profesyonel tam v\u00fccut sim\u00fclat\u00f6r. Ger\u00e7ek\u00e7i 3.8mm hava yolu \u00e7ap\u0131 ve Sellick manevras\u0131 uygulama imkan\u0131.","robots":{"index":"index","follow":"follow","max-snippet":"max-snippet:-1","max-image-preview":"max-image-preview:large","max-video-preview":"max-video-preview:-1"},"canonical":"https:\/\/merkim.com.tr\/merkim-maket\/urun\/newborn-airway-management-skills-trainer-s320-yenidogan-hava-yolu-yonetimi-egitim-simulatoru-tam-vucut-anatomik-yapi\/","og_locale":"tr_TR","og_type":"article","og_title":"Newborn Airway Management Skills Trainer S320 - Yenido\u011fan Hava Yolu Y\u00f6netimi E\u011fitim Sim\u00fclat\u00f6r\u00fc (Tam V\u00fccut Anatomik Yap\u0131) - Merkim Maket","og_description":"Newborn Airway Management Skills Trainer S320 | Yenido\u011fan hastalarda hava yolu y\u00f6netimi ve ent\u00fcbasyon teknikleri i\u00e7in profesyonel tam v\u00fccut sim\u00fclat\u00f6r. Ger\u00e7ek\u00e7i 3.8mm hava yolu \u00e7ap\u0131 ve Sellick manevras\u0131 uygulama imkan\u0131.","og_url":"https:\/\/merkim.com.tr\/merkim-maket\/urun\/newborn-airway-management-skills-trainer-s320-yenidogan-hava-yolu-yonetimi-egitim-simulatoru-tam-vucut-anatomik-yapi\/","og_site_name":"Merkim Maket","og_image":[{"width":800,"height":531,"url":"https:\/\/merkim.com.tr\/merkim-maket\/wp-content\/uploads\/2025\/07\/newborn-airway-s320-trainer.png","type":"image\/png"}],"twitter_card":"summary_large_image","twitter_misc":{"Tahmini okuma s\u00fcresi":"2 dakika"},"schema":{"@context":"https:\/\/schema.org","@graph":[{"@type":"WebPage","@id":"https:\/\/merkim.com.tr\/merkim-maket\/urun\/newborn-airway-management-skills-trainer-s320-yenidogan-hava-yolu-yonetimi-egitim-simulatoru-tam-vucut-anatomik-yapi\/","url":"https:\/\/merkim.com.tr\/merkim-maket\/urun\/newborn-airway-management-skills-trainer-s320-yenidogan-hava-yolu-yonetimi-egitim-simulatoru-tam-vucut-anatomik-yapi\/","name":"Newborn Airway Management Skills Trainer S320 - Yenido\u011fan Hava Yolu Y\u00f6netimi E\u011fitim Sim\u00fclat\u00f6r\u00fc (Tam V\u00fccut Anatomik Yap\u0131) - Merkim Maket","isPartOf":{"@id":"https:\/\/merkim.com.tr\/merkim-maket\/#website"},"primaryImageOfPage":{"@id":"https:\/\/merkim.com.tr\/merkim-maket\/urun\/newborn-airway-management-skills-trainer-s320-yenidogan-hava-yolu-yonetimi-egitim-simulatoru-tam-vucut-anatomik-yapi\/#primaryimage"},"image":{"@id":"https:\/\/merkim.com.tr\/merkim-maket\/urun\/newborn-airway-management-skills-trainer-s320-yenidogan-hava-yolu-yonetimi-egitim-simulatoru-tam-vucut-anatomik-yapi\/#primaryimage"},"thumbnailUrl":"https:\/\/merkim.com.tr\/merkim-maket\/wp-content\/uploads\/2025\/07\/newborn-airway-s320-trainer.png","datePublished":"2025-07-05T16:16:17+00:00","description":"Newborn Airway Management Skills Trainer S320 | Yenido\u011fan hastalarda hava yolu y\u00f6netimi ve ent\u00fcbasyon teknikleri i\u00e7in profesyonel tam v\u00fccut sim\u00fclat\u00f6r. Ger\u00e7ek\u00e7i 3.8mm hava yolu \u00e7ap\u0131 ve Sellick manevras\u0131 uygulama imkan\u0131.","breadcrumb":{"@id":"https:\/\/merkim.com.tr\/merkim-maket\/urun\/newborn-airway-management-skills-trainer-s320-yenidogan-hava-yolu-yonetimi-egitim-simulatoru-tam-vucut-anatomik-yapi\/#breadcrumb"},"inLanguage":"tr","potentialAction":[{"@type":"ReadAction","target":["https:\/\/merkim.com.tr\/merkim-maket\/urun\/newborn-airway-management-skills-trainer-s320-yenidogan-hava-yolu-yonetimi-egitim-simulatoru-tam-vucut-anatomik-yapi\/"]}]},{"@type":"ImageObject","inLanguage":"tr","@id":"https:\/\/merkim.com.tr\/merkim-maket\/urun\/newborn-airway-management-skills-trainer-s320-yenidogan-hava-yolu-yonetimi-egitim-simulatoru-tam-vucut-anatomik-yapi\/#primaryimage","url":"https:\/\/merkim.com.tr\/merkim-maket\/wp-content\/uploads\/2025\/07\/newborn-airway-s320-trainer.png","contentUrl":"https:\/\/merkim.com.tr\/merkim-maket\/wp-content\/uploads\/2025\/07\/newborn-airway-s320-trainer.png","width":800,"height":531,"caption":"Ger\u00e7ek\u00e7i 3.8mm Hava Yolu \u00c7ap\u0131 ve Anatomik Detaylar"},{"@type":"BreadcrumbList","@id":"https:\/\/merkim.com.tr\/merkim-maket\/urun\/newborn-airway-management-skills-trainer-s320-yenidogan-hava-yolu-yonetimi-egitim-simulatoru-tam-vucut-anatomik-yapi\/#breadcrumb","itemListElement":[{"@type":"ListItem","position":1,"name":"Anasayfa","item":"https:\/\/merkim.com.tr\/merkim-maket\/"},{"@type":"ListItem","position":2,"name":"Ma\u011faza","item":"https:\/\/merkim.com.tr\/merkim-maket\/magaza\/"},{"@type":"ListItem","position":3,"name":"Newborn Airway Management Skills Trainer S320 &#8211; Yenido\u011fan Hava Yolu Y\u00f6netimi E\u011fitim Sim\u00fclat\u00f6r\u00fc (Tam V\u00fccut Anatomik Yap\u0131)"}]},{"@type":"WebSite","@id":"https:\/\/merkim.com.tr\/merkim-maket\/#website","url":"https:\/\/merkim.com.tr\/merkim-maket\/","name":"Merkim Maket","description":"","potentialAction":[{"@type":"SearchAction","target":{"@type":"EntryPoint","urlTemplate":"https:\/\/merkim.com.tr\/merkim-maket\/?s={search_term_string}"},"query-input":{"@type":"PropertyValueSpecification","valueRequired":true,"valueName":"search_term_string"}}],"inLanguage":"tr"}]}},"_links":{"self":[{"href":"https:\/\/merkim.com.tr\/merkim-maket\/wp-json\/wp\/v2\/product\/423","targetHints":{"allow":["GET"]}}],"collection":[{"href":"https:\/\/merkim.com.tr\/merkim-maket\/wp-json\/wp\/v2\/product"}],"about":[{"href":"https:\/\/merkim.com.tr\/merkim-maket\/wp-json\/wp\/v2\/types\/product"}],"replies":[{"embeddable":true,"href":"https:\/\/merkim.com.tr\/merkim-maket\/wp-json\/wp\/v2\/comments?post=423"}],"wp:featuredmedia":[{"embeddable":true,"href":"https:\/\/merkim.com.tr\/merkim-maket\/wp-json\/wp\/v2\/media\/425"}],"wp:attachment":[{"href":"https:\/\/merkim.com.tr\/merkim-maket\/wp-json\/wp\/v2\/media?parent=423"}],"wp:term":[{"taxonomy":"product_brand","embeddable":true,"href":"https:\/\/merkim.com.tr\/merkim-maket\/wp-json\/wp\/v2\/product_brand?post=423"},{"taxonomy":"product_cat","embeddable":true,"href":"https:\/\/merkim.com.tr\/merkim-maket\/wp-json\/wp\/v2\/product_cat?post=423"},{"taxonomy":"product_tag","embeddable":true,"href":"https:\/\/merkim.com.tr\/merkim-maket\/wp-json\/wp\/v2\/product_tag?post=423"}],"curies":[{"name":"wp","href":"https:\/\/api.w.org\/{rel}","templated":true}]}}