{"id":42,"date":"2025-06-05T19:45:02","date_gmt":"2025-06-05T19:45:02","guid":{"rendered":"https:\/\/merkim.com.tr\/merkim-maket\/?post_type=product&#038;p=42"},"modified":"2025-06-05T19:45:02","modified_gmt":"2025-06-05T19:45:02","slug":"axel-hasta-simulatoru-orta-ten-rengi-sku-101-7210m-nasco-healthcare","status":"publish","type":"product","link":"https:\/\/merkim.com.tr\/merkim-maket\/urun\/axel-hasta-simulatoru-orta-ten-rengi-sku-101-7210m-nasco-healthcare\/","title":{"rendered":"AXEL Hasta Sim\u00fclat\u00f6r\u00fc &#8211; Orta Ten Rengi [SKU: 101-7210M] &#8211; Nasco Healthcare"},"content":{"rendered":"<p class=\"ds-markdown-paragraph\"><strong>AXEL Hasta Sim\u00fclat\u00f6r\u00fc<\/strong>, sa\u011fl\u0131k profesyonelleri i\u00e7in tasarlanm\u0131\u015f\u00a0<strong>tam v\u00fccut, kablosuz ve bulut ba\u011flant\u0131l\u0131<\/strong>\u00a0bir hasta sim\u00fclasyon sistemidir. Bu yenilik\u00e7i sim\u00fclat\u00f6r, hem\u015fireler, t\u0131p \u00f6\u011frencileri ve sa\u011fl\u0131k personeli i\u00e7in\u00a0<strong>ger\u00e7ek zamanl\u0131 hasta provalar\u0131<\/strong>\u00a0yapabilme imkan\u0131 sunar.<\/p>\n<h3><strong>\u00d6ne \u00c7\u0131kan \u00d6zellikler:<\/strong><\/h3>\n<p class=\"ds-markdown-paragraph\">\u2714\u00a0<strong>\u0130leri D\u00fczey Sim\u00fclasyon Teknolojisi:<\/strong><\/p>\n<ul>\n<li>\n<p class=\"ds-markdown-paragraph\">Kablosuz tasar\u0131m (tetherless) &#8211; kontrol merkezi gerekmez<\/p>\n<\/li>\n<li>\n<p class=\"ds-markdown-paragraph\">Dahili mikrofon ve hoparl\u00f6rlerle ger\u00e7ek zamanl\u0131 hasta-\u00f6\u011frenci ileti\u015fimi<\/p>\n<\/li>\n<li>\n<p class=\"ds-markdown-paragraph\">Model tabanl\u0131 fizyoloji ve farmakolojik tedavi sim\u00fclasyonlar\u0131<\/p>\n<\/li>\n<li>\n<p class=\"ds-markdown-paragraph\">Sanyal AED\/Pacing ve 12 derivasyon EKG \u00f6zelli\u011fi<\/p>\n<\/li>\n<li>\n<p class=\"ds-markdown-paragraph\">Bulut ba\u011flant\u0131l\u0131 yaz\u0131l\u0131m (\u00f6m\u00fcr boyu abonelik dahil)<\/p>\n<\/li>\n<\/ul>\n<p class=\"ds-markdown-paragraph\">\u2714\u00a0<strong>Kapsaml\u0131 E\u011fitim Yetenekleri:<\/strong><\/p>\n<ul>\n<li>\n<p class=\"ds-markdown-paragraph\">Kritik d\u00fc\u015f\u00fcnme ve klinik karar verme becerilerini geli\u015ftirme<\/p>\n<\/li>\n<li>\n<p class=\"ds-markdown-paragraph\">Hasta fiziksel de\u011ferlendirme uygulamalar\u0131<\/p>\n<\/li>\n<li>\n<p class=\"ds-markdown-paragraph\">Vital bulgular ve dalga formlar\u0131n\u0131 izleme<\/p>\n<\/li>\n<li>\n<p class=\"ds-markdown-paragraph\">IV uygulama, kateterizasyon ve hava yolu y\u00f6netimi prati\u011fi<\/p>\n<\/li>\n<li>\n<p class=\"ds-markdown-paragraph\">CPR metrikleri ile ileri ya\u015fam deste\u011fi de\u011ferlendirmesi<\/p>\n<\/li>\n<\/ul>\n<p class=\"ds-markdown-paragraph\">\u2714\u00a0<strong>Kay\u0131t ve De\u011ferlendirme:<\/strong><\/p>\n<ul>\n<li>\n<p class=\"ds-markdown-paragraph\">Senaryo tabanl\u0131, e\u011fitmen kontroll\u00fc sistem<\/p>\n<\/li>\n<li>\n<p class=\"ds-markdown-paragraph\">Sim\u00fcle edilen olaylar\u0131 kaydetme ve canl\u0131 yay\u0131nlama<\/p>\n<\/li>\n<li>\n<p class=\"ds-markdown-paragraph\">Otomatik performans de\u011ferlendirme sistemi<\/p>\n<\/li>\n<li>\n<p class=\"ds-markdown-paragraph\">\u00d6zelle\u015ftirilebilir laboratuvar sonu\u00e7lar\u0131 ve t\u0131bbi emirler<\/p>\n<\/li>\n<\/ul>\n<h3><strong>Teknik \u00d6zellikler:<\/strong><\/h3>\n<ul>\n<li>\n<p class=\"ds-markdown-paragraph\"><strong>A\u011f\u0131rl\u0131k:<\/strong>\u00a067 lbs (30.4 kg)<\/p>\n<\/li>\n<li>\n<p class=\"ds-markdown-paragraph\"><strong>Boyutlar:<\/strong>\u00a041&#8243; x 19.5&#8243; x 15&#8243; (104cm x 50cm x 38cm)<\/p>\n<\/li>\n<li>\n<p class=\"ds-markdown-paragraph\"><strong>Garanti:<\/strong>\u00a05 y\u0131l<\/p>\n<\/li>\n<li>\n<p class=\"ds-markdown-paragraph\"><strong>Ten Rengi:<\/strong>\u00a0Orta ton<\/p>\n<\/li>\n<\/ul>\n<h3><strong>Klinik Uygulama Alanlar\u0131:<\/strong><\/h3>\n<ul>\n<li>\n<p class=\"ds-markdown-paragraph\">Hem\u015firelik e\u011fitimleri<\/p>\n<\/li>\n<li>\n<p class=\"ds-markdown-paragraph\">T\u0131p fak\u00fcltesi klinik beceri laboratuvarlar\u0131<\/p>\n<\/li>\n<li>\n<p class=\"ds-markdown-paragraph\">Acil servis protokolleri<\/p>\n<\/li>\n<li>\n<p class=\"ds-markdown-paragraph\">Yo\u011fun bak\u0131m senaryolar\u0131<\/p>\n<\/li>\n<li>\n<p class=\"ds-markdown-paragraph\">Hasta bak\u0131m\u0131 e\u011fitimleri<\/p>\n<\/li>\n<\/ul>\n","protected":false},"excerpt":{"rendered":"<p><strong>AXEL Hasta Sim\u00fclat\u00f6r\u00fc<\/strong>, sa\u011fl\u0131k profesyonelleri i\u00e7in geli\u015ftirilmi\u015f\u00a0<strong>tam v\u00fccut, kablosuz ve bulut ba\u011flant\u0131l\u0131<\/strong>\u00a0bir sim\u00fclasyon sistemidir. Ger\u00e7ek zamanl\u0131 hasta provalar\u0131, farmakolojik tedavi sim\u00fclasyonlar\u0131 ve ileri ya\u015fam deste\u011fi e\u011fitimleri i\u00e7in ideal \u00e7\u00f6z\u00fcmd\u00fcr.<\/p>\n","protected":false},"featured_media":43,"comment_status":"open","ping_status":"closed","template":"","meta":[],"product_brand":[16],"product_cat":[15,17,78],"product_tag":[93,98,31,96,95,97,27,94],"class_list":{"0":"post-42","1":"product","2":"type-product","3":"status-publish","4":"has-post-thumbnail","6":"product_brand-nasco-healthcare","7":"product_cat-genel","8":"product_cat-nursing-patient-care","9":"product_cat-nasco-healthcare","10":"product_tag-axel-simulator","11":"product_tag-bulut-baglantili-simulator","12":"product_tag-hasta-simulatoru","13":"product_tag-hemsirelik-egitim-ekipmanlari","14":"product_tag-kablosuz-hasta-mankeni","15":"product_tag-klinik-beceri-simulatoru","16":"product_tag-nasco-healthcare","17":"product_tag-tip-egitim-simulatoru","19":"first","20":"instock","21":"shipping-taxable","22":"product-type-simple"},"yoast_head":"<!-- This site is optimized with the Yoast SEO plugin v25.2 - https:\/\/yoast.com\/wordpress\/plugins\/seo\/ -->\n<title>AXEL Hasta Sim\u00fclat\u00f6r\u00fc - Orta Ten Rengi [SKU: 101-7210M] - Nasco Healthcare - Merkim Maket<\/title>\n<meta name=\"robots\" content=\"index, follow, max-snippet:-1, max-image-preview:large, max-video-preview:-1\" \/>\n<link rel=\"canonical\" href=\"https:\/\/merkim.com.tr\/merkim-maket\/urun\/axel-hasta-simulatoru-orta-ten-rengi-sku-101-7210m-nasco-healthcare\/\" \/>\n<meta property=\"og:locale\" content=\"tr_TR\" \/>\n<meta property=\"og:type\" content=\"article\" \/>\n<meta property=\"og:title\" content=\"AXEL Hasta Sim\u00fclat\u00f6r\u00fc - Orta Ten Rengi [SKU: 101-7210M] - Nasco Healthcare - Merkim Maket\" \/>\n<meta property=\"og:description\" content=\"AXEL Hasta Sim\u00fclat\u00f6r\u00fc, sa\u011fl\u0131k profesyonelleri i\u00e7in geli\u015ftirilmi\u015f\u00a0tam v\u00fccut, kablosuz ve bulut ba\u011flant\u0131l\u0131\u00a0bir sim\u00fclasyon sistemidir. Ger\u00e7ek zamanl\u0131 hasta provalar\u0131, farmakolojik tedavi sim\u00fclasyonlar\u0131 ve ileri ya\u015fam deste\u011fi e\u011fitimleri i\u00e7in ideal \u00e7\u00f6z\u00fcmd\u00fcr.\" \/>\n<meta property=\"og:url\" content=\"https:\/\/merkim.com.tr\/merkim-maket\/urun\/axel-hasta-simulatoru-orta-ten-rengi-sku-101-7210m-nasco-healthcare\/\" \/>\n<meta property=\"og:site_name\" content=\"Merkim Maket\" \/>\n<meta property=\"og:image\" content=\"https:\/\/merkim.com.tr\/merkim-maket\/wp-content\/uploads\/2025\/06\/axel-hasta-simulatoru-orta-ten-nasco-healthcare.png\" \/>\n\t<meta property=\"og:image:width\" content=\"800\" \/>\n\t<meta property=\"og:image:height\" content=\"800\" \/>\n\t<meta property=\"og:image:type\" content=\"image\/png\" \/>\n<meta name=\"twitter:card\" content=\"summary_large_image\" \/>\n<meta name=\"twitter:label1\" content=\"Tahmini okuma s\u00fcresi\" \/>\n\t<meta name=\"twitter:data1\" content=\"2 dakika\" \/>\n<script type=\"application\/ld+json\" class=\"yoast-schema-graph\">{\"@context\":\"https:\/\/schema.org\",\"@graph\":[{\"@type\":\"WebPage\",\"@id\":\"https:\/\/merkim.com.tr\/merkim-maket\/urun\/axel-hasta-simulatoru-orta-ten-rengi-sku-101-7210m-nasco-healthcare\/\",\"url\":\"https:\/\/merkim.com.tr\/merkim-maket\/urun\/axel-hasta-simulatoru-orta-ten-rengi-sku-101-7210m-nasco-healthcare\/\",\"name\":\"AXEL Hasta Sim\u00fclat\u00f6r\u00fc - Orta Ten Rengi [SKU: 101-7210M] - Nasco Healthcare - Merkim Maket\",\"isPartOf\":{\"@id\":\"https:\/\/merkim.com.tr\/merkim-maket\/#website\"},\"primaryImageOfPage\":{\"@id\":\"https:\/\/merkim.com.tr\/merkim-maket\/urun\/axel-hasta-simulatoru-orta-ten-rengi-sku-101-7210m-nasco-healthcare\/#primaryimage\"},\"image\":{\"@id\":\"https:\/\/merkim.com.tr\/merkim-maket\/urun\/axel-hasta-simulatoru-orta-ten-rengi-sku-101-7210m-nasco-healthcare\/#primaryimage\"},\"thumbnailUrl\":\"https:\/\/merkim.com.tr\/merkim-maket\/wp-content\/uploads\/2025\/06\/axel-hasta-simulatoru-orta-ten-nasco-healthcare.png\",\"datePublished\":\"2025-06-05T19:45:02+00:00\",\"breadcrumb\":{\"@id\":\"https:\/\/merkim.com.tr\/merkim-maket\/urun\/axel-hasta-simulatoru-orta-ten-rengi-sku-101-7210m-nasco-healthcare\/#breadcrumb\"},\"inLanguage\":\"tr\",\"potentialAction\":[{\"@type\":\"ReadAction\",\"target\":[\"https:\/\/merkim.com.tr\/merkim-maket\/urun\/axel-hasta-simulatoru-orta-ten-rengi-sku-101-7210m-nasco-healthcare\/\"]}]},{\"@type\":\"ImageObject\",\"inLanguage\":\"tr\",\"@id\":\"https:\/\/merkim.com.tr\/merkim-maket\/urun\/axel-hasta-simulatoru-orta-ten-rengi-sku-101-7210m-nasco-healthcare\/#primaryimage\",\"url\":\"https:\/\/merkim.com.tr\/merkim-maket\/wp-content\/uploads\/2025\/06\/axel-hasta-simulatoru-orta-ten-nasco-healthcare.png\",\"contentUrl\":\"https:\/\/merkim.com.tr\/merkim-maket\/wp-content\/uploads\/2025\/06\/axel-hasta-simulatoru-orta-ten-nasco-healthcare.png\",\"width\":800,\"height\":800,\"caption\":\"Ger\u00e7ek Zamanl\u0131 Klinik E\u011fitim i\u00e7in \u0130deal \u00c7\u00f6z\u00fcm\"},{\"@type\":\"BreadcrumbList\",\"@id\":\"https:\/\/merkim.com.tr\/merkim-maket\/urun\/axel-hasta-simulatoru-orta-ten-rengi-sku-101-7210m-nasco-healthcare\/#breadcrumb\",\"itemListElement\":[{\"@type\":\"ListItem\",\"position\":1,\"name\":\"Anasayfa\",\"item\":\"https:\/\/merkim.com.tr\/merkim-maket\/\"},{\"@type\":\"ListItem\",\"position\":2,\"name\":\"Ma\u011faza\",\"item\":\"https:\/\/merkim.com.tr\/merkim-maket\/magaza\/\"},{\"@type\":\"ListItem\",\"position\":3,\"name\":\"AXEL Hasta Sim\u00fclat\u00f6r\u00fc &#8211; Orta Ten Rengi [SKU: 101-7210M] &#8211; Nasco Healthcare\"}]},{\"@type\":\"WebSite\",\"@id\":\"https:\/\/merkim.com.tr\/merkim-maket\/#website\",\"url\":\"https:\/\/merkim.com.tr\/merkim-maket\/\",\"name\":\"Merkim Maket\",\"description\":\"\",\"potentialAction\":[{\"@type\":\"SearchAction\",\"target\":{\"@type\":\"EntryPoint\",\"urlTemplate\":\"https:\/\/merkim.com.tr\/merkim-maket\/?s={search_term_string}\"},\"query-input\":{\"@type\":\"PropertyValueSpecification\",\"valueRequired\":true,\"valueName\":\"search_term_string\"}}],\"inLanguage\":\"tr\"}]}<\/script>\n<!-- \/ Yoast SEO plugin. -->","yoast_head_json":{"title":"AXEL Hasta Sim\u00fclat\u00f6r\u00fc - Orta Ten Rengi [SKU: 101-7210M] - Nasco Healthcare - Merkim Maket","robots":{"index":"index","follow":"follow","max-snippet":"max-snippet:-1","max-image-preview":"max-image-preview:large","max-video-preview":"max-video-preview:-1"},"canonical":"https:\/\/merkim.com.tr\/merkim-maket\/urun\/axel-hasta-simulatoru-orta-ten-rengi-sku-101-7210m-nasco-healthcare\/","og_locale":"tr_TR","og_type":"article","og_title":"AXEL Hasta Sim\u00fclat\u00f6r\u00fc - Orta Ten Rengi [SKU: 101-7210M] - Nasco Healthcare - Merkim Maket","og_description":"AXEL Hasta Sim\u00fclat\u00f6r\u00fc, sa\u011fl\u0131k profesyonelleri i\u00e7in geli\u015ftirilmi\u015f\u00a0tam v\u00fccut, kablosuz ve bulut ba\u011flant\u0131l\u0131\u00a0bir sim\u00fclasyon sistemidir. Ger\u00e7ek zamanl\u0131 hasta provalar\u0131, farmakolojik tedavi sim\u00fclasyonlar\u0131 ve ileri ya\u015fam deste\u011fi e\u011fitimleri i\u00e7in ideal \u00e7\u00f6z\u00fcmd\u00fcr.","og_url":"https:\/\/merkim.com.tr\/merkim-maket\/urun\/axel-hasta-simulatoru-orta-ten-rengi-sku-101-7210m-nasco-healthcare\/","og_site_name":"Merkim Maket","og_image":[{"width":800,"height":800,"url":"https:\/\/merkim.com.tr\/merkim-maket\/wp-content\/uploads\/2025\/06\/axel-hasta-simulatoru-orta-ten-nasco-healthcare.png","type":"image\/png"}],"twitter_card":"summary_large_image","twitter_misc":{"Tahmini okuma s\u00fcresi":"2 dakika"},"schema":{"@context":"https:\/\/schema.org","@graph":[{"@type":"WebPage","@id":"https:\/\/merkim.com.tr\/merkim-maket\/urun\/axel-hasta-simulatoru-orta-ten-rengi-sku-101-7210m-nasco-healthcare\/","url":"https:\/\/merkim.com.tr\/merkim-maket\/urun\/axel-hasta-simulatoru-orta-ten-rengi-sku-101-7210m-nasco-healthcare\/","name":"AXEL Hasta Sim\u00fclat\u00f6r\u00fc - Orta Ten Rengi [SKU: 101-7210M] - Nasco Healthcare - Merkim Maket","isPartOf":{"@id":"https:\/\/merkim.com.tr\/merkim-maket\/#website"},"primaryImageOfPage":{"@id":"https:\/\/merkim.com.tr\/merkim-maket\/urun\/axel-hasta-simulatoru-orta-ten-rengi-sku-101-7210m-nasco-healthcare\/#primaryimage"},"image":{"@id":"https:\/\/merkim.com.tr\/merkim-maket\/urun\/axel-hasta-simulatoru-orta-ten-rengi-sku-101-7210m-nasco-healthcare\/#primaryimage"},"thumbnailUrl":"https:\/\/merkim.com.tr\/merkim-maket\/wp-content\/uploads\/2025\/06\/axel-hasta-simulatoru-orta-ten-nasco-healthcare.png","datePublished":"2025-06-05T19:45:02+00:00","breadcrumb":{"@id":"https:\/\/merkim.com.tr\/merkim-maket\/urun\/axel-hasta-simulatoru-orta-ten-rengi-sku-101-7210m-nasco-healthcare\/#breadcrumb"},"inLanguage":"tr","potentialAction":[{"@type":"ReadAction","target":["https:\/\/merkim.com.tr\/merkim-maket\/urun\/axel-hasta-simulatoru-orta-ten-rengi-sku-101-7210m-nasco-healthcare\/"]}]},{"@type":"ImageObject","inLanguage":"tr","@id":"https:\/\/merkim.com.tr\/merkim-maket\/urun\/axel-hasta-simulatoru-orta-ten-rengi-sku-101-7210m-nasco-healthcare\/#primaryimage","url":"https:\/\/merkim.com.tr\/merkim-maket\/wp-content\/uploads\/2025\/06\/axel-hasta-simulatoru-orta-ten-nasco-healthcare.png","contentUrl":"https:\/\/merkim.com.tr\/merkim-maket\/wp-content\/uploads\/2025\/06\/axel-hasta-simulatoru-orta-ten-nasco-healthcare.png","width":800,"height":800,"caption":"Ger\u00e7ek Zamanl\u0131 Klinik E\u011fitim i\u00e7in \u0130deal \u00c7\u00f6z\u00fcm"},{"@type":"BreadcrumbList","@id":"https:\/\/merkim.com.tr\/merkim-maket\/urun\/axel-hasta-simulatoru-orta-ten-rengi-sku-101-7210m-nasco-healthcare\/#breadcrumb","itemListElement":[{"@type":"ListItem","position":1,"name":"Anasayfa","item":"https:\/\/merkim.com.tr\/merkim-maket\/"},{"@type":"ListItem","position":2,"name":"Ma\u011faza","item":"https:\/\/merkim.com.tr\/merkim-maket\/magaza\/"},{"@type":"ListItem","position":3,"name":"AXEL Hasta Sim\u00fclat\u00f6r\u00fc &#8211; Orta Ten Rengi [SKU: 101-7210M] &#8211; Nasco Healthcare"}]},{"@type":"WebSite","@id":"https:\/\/merkim.com.tr\/merkim-maket\/#website","url":"https:\/\/merkim.com.tr\/merkim-maket\/","name":"Merkim Maket","description":"","potentialAction":[{"@type":"SearchAction","target":{"@type":"EntryPoint","urlTemplate":"https:\/\/merkim.com.tr\/merkim-maket\/?s={search_term_string}"},"query-input":{"@type":"PropertyValueSpecification","valueRequired":true,"valueName":"search_term_string"}}],"inLanguage":"tr"}]}},"_links":{"self":[{"href":"https:\/\/merkim.com.tr\/merkim-maket\/wp-json\/wp\/v2\/product\/42","targetHints":{"allow":["GET"]}}],"collection":[{"href":"https:\/\/merkim.com.tr\/merkim-maket\/wp-json\/wp\/v2\/product"}],"about":[{"href":"https:\/\/merkim.com.tr\/merkim-maket\/wp-json\/wp\/v2\/types\/product"}],"replies":[{"embeddable":true,"href":"https:\/\/merkim.com.tr\/merkim-maket\/wp-json\/wp\/v2\/comments?post=42"}],"wp:featuredmedia":[{"embeddable":true,"href":"https:\/\/merkim.com.tr\/merkim-maket\/wp-json\/wp\/v2\/media\/43"}],"wp:attachment":[{"href":"https:\/\/merkim.com.tr\/merkim-maket\/wp-json\/wp\/v2\/media?parent=42"}],"wp:term":[{"taxonomy":"product_brand","embeddable":true,"href":"https:\/\/merkim.com.tr\/merkim-maket\/wp-json\/wp\/v2\/product_brand?post=42"},{"taxonomy":"product_cat","embeddable":true,"href":"https:\/\/merkim.com.tr\/merkim-maket\/wp-json\/wp\/v2\/product_cat?post=42"},{"taxonomy":"product_tag","embeddable":true,"href":"https:\/\/merkim.com.tr\/merkim-maket\/wp-json\/wp\/v2\/product_tag?post=42"}],"curies":[{"name":"wp","href":"https:\/\/api.w.org\/{rel}","templated":true}]}}