{"id":415,"date":"2025-07-05T15:40:01","date_gmt":"2025-07-05T15:40:01","guid":{"rendered":"https:\/\/merkim.com.tr\/merkim-maket\/?post_type=product&#038;p=415"},"modified":"2025-07-05T15:40:02","modified_gmt":"2025-07-05T15:40:02","slug":"s312-1-year-pediatric-airway-trainer-bebek-ve-cocuk-hava-yolu-egitim-simulatoru-tam-vucut-anatomik-yapi","status":"publish","type":"product","link":"https:\/\/merkim.com.tr\/merkim-maket\/urun\/s312-1-year-pediatric-airway-trainer-bebek-ve-cocuk-hava-yolu-egitim-simulatoru-tam-vucut-anatomik-yapi\/","title":{"rendered":"S312 1-Year Pediatric Airway Trainer &#8211; Bebek ve \u00c7ocuk Hava Yolu E\u011fitim Sim\u00fclat\u00f6r\u00fc (Tam V\u00fccut Anatomik Yap\u0131)"},"content":{"rendered":"<p class=\"ds-markdown-paragraph\"><strong>S312 1-Year Pediatric Airway Trainer<\/strong>, yenido\u011fan ve 1 ya\u015f alt\u0131 bebeklerde\u00a0<strong>hava yolu y\u00f6netimi ve ent\u00fcbasyon teknikleri<\/strong>\u00a0i\u00e7in \u00f6zel olarak tasarlanm\u0131\u015f\u00a0<strong>tam v\u00fccut pediatrik sim\u00fclat\u00f6rd\u00fcr<\/strong>. Ger\u00e7ek\u00e7i anatomik yap\u0131s\u0131yla sa\u011fl\u0131k profesyonellerinin\u00a0<strong>bebek ve \u00e7ocuk ent\u00fcbasyonu<\/strong>\u00a0becerilerini geli\u015ftirmelerini sa\u011flar.<\/p>\n<h4><strong>Benzersiz \u00d6zellikler ve Klinik Uygulamalar:<\/strong><\/h4>\n<p class=\"ds-markdown-paragraph\">\u2705\u00a0<strong>Ger\u00e7ek\u00e7i Pediatrik Anatomi:<\/strong><\/p>\n<ul>\n<li>\n<p class=\"ds-markdown-paragraph\">Tam v\u00fccut\u00a0<strong>1 ya\u015f alt\u0131 bebek anatomisine uygun<\/strong>\u00a0tasar\u0131m<\/p>\n<\/li>\n<li>\n<p class=\"ds-markdown-paragraph\"><strong>Ger\u00e7ek\u00e7i g\u00f6\u011f\u00fcs bo\u015flu\u011fu<\/strong>\u00a0(akci\u011ferler, bron\u015flar ve trakea detayl\u0131)<\/p>\n<\/li>\n<li>\n<p class=\"ds-markdown-paragraph\"><strong>Anatomik olarak do\u011fru a\u011f\u0131z, dil, hava yolu ve yemek borusu<\/strong><\/p>\n<\/li>\n<\/ul>\n<p class=\"ds-markdown-paragraph\">\u2705\u00a0<strong>Hava Yolu Y\u00f6netimi E\u011fitimi:<\/strong><\/p>\n<ul>\n<li>\n<p class=\"ds-markdown-paragraph\"><strong>Tam hareketli ba\u015f, boyun ve \u00e7ene<\/strong>\u00a0(ba\u015f tilt\/\u00e7ene kald\u0131rma teknikleri i\u00e7in)<\/p>\n<\/li>\n<li>\n<p class=\"ds-markdown-paragraph\"><strong>Sellick manevras\u0131<\/strong>\u00a0uygulanabilir yumu\u015fak boyun yap\u0131s\u0131<\/p>\n<\/li>\n<li>\n<p class=\"ds-markdown-paragraph\"><strong>Ger\u00e7ek\u00e7i vokal kordlar<\/strong>\u00a0(&#8220;bal\u0131k g\u00f6z\u00fc&#8221; g\u00f6r\u00fcn\u00fcm\u00fc)<\/p>\n<\/li>\n<li>\n<p class=\"ds-markdown-paragraph\"><strong>Hava yolunun vokal kordlar alt\u0131nda daralmas\u0131<\/strong>\u00a0(pediatrik fark\u0131ndal\u0131k i\u00e7in)<\/p>\n<\/li>\n<\/ul>\n<p class=\"ds-markdown-paragraph\">\u2705\u00a0<strong>Di\u011fer Kritik Prosed\u00fcrler:<\/strong><\/p>\n<ul>\n<li>\n<p class=\"ds-markdown-paragraph\"><strong>Pozitif bas\u0131n\u00e7l\u0131 ventilasyonda g\u00f6zlemlenebilir bilateral akci\u011fer geni\u015flemesi<\/strong><\/p>\n<\/li>\n<li>\n<p class=\"ds-markdown-paragraph\"><strong>Nazal pasaj<\/strong>\u00a0(NP t\u00fcp yerle\u015ftirme e\u011fitimi i\u00e7in)<\/p>\n<\/li>\n<li>\n<p class=\"ds-markdown-paragraph\"><strong>Ger\u00e7ek\u00e7i g\u00f6\u011f\u00fcs kalk\u0131\u015f\u0131<\/strong>\u00a0ile ventilasyonun do\u011frulu\u011funu test etme<\/p>\n<\/li>\n<\/ul>\n<p class=\"ds-markdown-paragraph\">\u2705\u00a0<strong>Dayan\u0131kl\u0131 ve Kullan\u0131\u015fl\u0131 Tasar\u0131m:<\/strong><\/p>\n<ul>\n<li>\n<p class=\"ds-markdown-paragraph\"><strong>Uzun \u00f6m\u00fcrl\u00fc malzeme<\/strong>\u00a0ile yo\u011fun e\u011fitim kullan\u0131m\u0131na uygun<\/p>\n<\/li>\n<li>\n<p class=\"ds-markdown-paragraph\"><strong>Ger\u00e7ek t\u0131bbi ekipmanlarla<\/strong>\u00a0uyumlu \u00e7al\u0131\u015fma<\/p>\n<\/li>\n<\/ul>\n<h4><strong>Paket \u0130\u00e7eri\u011fi:<\/strong><\/h4>\n<ul>\n<li>\n<p class=\"ds-markdown-paragraph\">S312 Tam v\u00fccut pediatrik hava yolu e\u011fitim sim\u00fclat\u00f6r\u00fc<\/p>\n<\/li>\n<li>\n<p class=\"ds-markdown-paragraph\">Detayl\u0131 kullan\u0131m k\u0131lavuzu<\/p>\n<\/li>\n<\/ul>\n","protected":false},"excerpt":{"rendered":"<p><strong>S312 1-Year Pediatric Airway Trainer<\/strong>, yenido\u011fan ve bebeklerde hava yolu y\u00f6netimi ve ent\u00fcbasyon tekniklerinin \u00f6\u011fretilmesi i\u00e7in tasarlanm\u0131\u015f\u00a0<strong>tam v\u00fccut pediatrik sim\u00fclat\u00f6rd\u00fcr<\/strong>. Ger\u00e7ek\u00e7i anatomik yap\u0131s\u0131yla t\u0131p \u00f6\u011frencileri ve sa\u011fl\u0131k profesyonelleri i\u00e7in ideal bir e\u011fitim arac\u0131d\u0131r.<\/p>\n","protected":false},"featured_media":416,"comment_status":"open","ping_status":"closed","template":"","meta":[],"product_brand":[948],"product_cat":[15,947],"product_tag":[1166,1168,1167,1170,1171,71,1169,115,73],"class_list":{"0":"post-415","1":"product","2":"type-product","3":"status-publish","4":"has-post-thumbnail","6":"product_brand-gaumard-scientific","7":"product_cat-genel","8":"product_cat-gaumard-scientific","9":"product_tag-bebek-entubasyon-simulatoru","10":"product_tag-cocuk-acil-simulasyon","11":"product_tag-hava-yolu-egitim-modeli","12":"product_tag-np-tup-egitimi","13":"product_tag-pediatrik-hava-yolu-yonetimi","14":"product_tag-pediatrik-simulator","15":"product_tag-sellick-manevrasi","16":"product_tag-tip-egitim-ekipmanlari","17":"product_tag-yenidogan-simulatoru","19":"first","20":"instock","21":"shipping-taxable","22":"product-type-simple"},"yoast_head":"<!-- This site is optimized with the Yoast SEO plugin v25.2 - https:\/\/yoast.com\/wordpress\/plugins\/seo\/ -->\n<title>S312 1-Year Pediatric Airway Trainer - Bebek ve \u00c7ocuk Hava Yolu E\u011fitim Sim\u00fclat\u00f6r\u00fc (Tam V\u00fccut Anatomik Yap\u0131) - Merkim Maket<\/title>\n<meta name=\"description\" content=\"S312 1-Year Pediatric Airway Trainer | Yenido\u011fan ve bebeklerde hava yolu y\u00f6netimi ve ent\u00fcbasyon teknikleri i\u00e7in profesyonel tam v\u00fccut pediatrik sim\u00fclat\u00f6r. Ger\u00e7ek\u00e7i anatomik yap\u0131 ve Sellick manevras\u0131 uygulama imkan\u0131.\" \/>\n<meta name=\"robots\" content=\"index, follow, max-snippet:-1, max-image-preview:large, max-video-preview:-1\" \/>\n<link rel=\"canonical\" href=\"https:\/\/merkim.com.tr\/merkim-maket\/urun\/s312-1-year-pediatric-airway-trainer-bebek-ve-cocuk-hava-yolu-egitim-simulatoru-tam-vucut-anatomik-yapi\/\" \/>\n<meta property=\"og:locale\" content=\"tr_TR\" \/>\n<meta property=\"og:type\" content=\"article\" \/>\n<meta property=\"og:title\" content=\"S312 1-Year Pediatric Airway Trainer - Bebek ve \u00c7ocuk Hava Yolu E\u011fitim Sim\u00fclat\u00f6r\u00fc (Tam V\u00fccut Anatomik Yap\u0131) - Merkim Maket\" \/>\n<meta property=\"og:description\" content=\"S312 1-Year Pediatric Airway Trainer | Yenido\u011fan ve bebeklerde hava yolu y\u00f6netimi ve ent\u00fcbasyon teknikleri i\u00e7in profesyonel tam v\u00fccut pediatrik sim\u00fclat\u00f6r. Ger\u00e7ek\u00e7i anatomik yap\u0131 ve Sellick manevras\u0131 uygulama imkan\u0131.\" \/>\n<meta property=\"og:url\" content=\"https:\/\/merkim.com.tr\/merkim-maket\/urun\/s312-1-year-pediatric-airway-trainer-bebek-ve-cocuk-hava-yolu-egitim-simulatoru-tam-vucut-anatomik-yapi\/\" \/>\n<meta property=\"og:site_name\" content=\"Merkim Maket\" \/>\n<meta property=\"article:modified_time\" content=\"2025-07-05T15:40:02+00:00\" \/>\n<meta property=\"og:image\" content=\"https:\/\/merkim.com.tr\/merkim-maket\/wp-content\/uploads\/2025\/07\/s312-1-year-pediatric-airway-trainer.png\" \/>\n\t<meta property=\"og:image:width\" content=\"800\" \/>\n\t<meta property=\"og:image:height\" content=\"531\" \/>\n\t<meta property=\"og:image:type\" content=\"image\/png\" \/>\n<meta name=\"twitter:card\" content=\"summary_large_image\" \/>\n<meta name=\"twitter:label1\" content=\"Tahmini okuma s\u00fcresi\" \/>\n\t<meta name=\"twitter:data1\" content=\"2 dakika\" \/>\n<script type=\"application\/ld+json\" class=\"yoast-schema-graph\">{\"@context\":\"https:\/\/schema.org\",\"@graph\":[{\"@type\":\"WebPage\",\"@id\":\"https:\/\/merkim.com.tr\/merkim-maket\/urun\/s312-1-year-pediatric-airway-trainer-bebek-ve-cocuk-hava-yolu-egitim-simulatoru-tam-vucut-anatomik-yapi\/\",\"url\":\"https:\/\/merkim.com.tr\/merkim-maket\/urun\/s312-1-year-pediatric-airway-trainer-bebek-ve-cocuk-hava-yolu-egitim-simulatoru-tam-vucut-anatomik-yapi\/\",\"name\":\"S312 1-Year Pediatric Airway Trainer - Bebek ve \u00c7ocuk Hava Yolu E\u011fitim Sim\u00fclat\u00f6r\u00fc (Tam V\u00fccut Anatomik Yap\u0131) - Merkim Maket\",\"isPartOf\":{\"@id\":\"https:\/\/merkim.com.tr\/merkim-maket\/#website\"},\"primaryImageOfPage\":{\"@id\":\"https:\/\/merkim.com.tr\/merkim-maket\/urun\/s312-1-year-pediatric-airway-trainer-bebek-ve-cocuk-hava-yolu-egitim-simulatoru-tam-vucut-anatomik-yapi\/#primaryimage\"},\"image\":{\"@id\":\"https:\/\/merkim.com.tr\/merkim-maket\/urun\/s312-1-year-pediatric-airway-trainer-bebek-ve-cocuk-hava-yolu-egitim-simulatoru-tam-vucut-anatomik-yapi\/#primaryimage\"},\"thumbnailUrl\":\"https:\/\/merkim.com.tr\/merkim-maket\/wp-content\/uploads\/2025\/07\/s312-1-year-pediatric-airway-trainer.png\",\"datePublished\":\"2025-07-05T15:40:01+00:00\",\"dateModified\":\"2025-07-05T15:40:02+00:00\",\"description\":\"S312 1-Year Pediatric Airway Trainer | Yenido\u011fan ve bebeklerde hava yolu y\u00f6netimi ve ent\u00fcbasyon teknikleri i\u00e7in profesyonel tam v\u00fccut pediatrik sim\u00fclat\u00f6r. Ger\u00e7ek\u00e7i anatomik yap\u0131 ve Sellick manevras\u0131 uygulama imkan\u0131.\",\"breadcrumb\":{\"@id\":\"https:\/\/merkim.com.tr\/merkim-maket\/urun\/s312-1-year-pediatric-airway-trainer-bebek-ve-cocuk-hava-yolu-egitim-simulatoru-tam-vucut-anatomik-yapi\/#breadcrumb\"},\"inLanguage\":\"tr\",\"potentialAction\":[{\"@type\":\"ReadAction\",\"target\":[\"https:\/\/merkim.com.tr\/merkim-maket\/urun\/s312-1-year-pediatric-airway-trainer-bebek-ve-cocuk-hava-yolu-egitim-simulatoru-tam-vucut-anatomik-yapi\/\"]}]},{\"@type\":\"ImageObject\",\"inLanguage\":\"tr\",\"@id\":\"https:\/\/merkim.com.tr\/merkim-maket\/urun\/s312-1-year-pediatric-airway-trainer-bebek-ve-cocuk-hava-yolu-egitim-simulatoru-tam-vucut-anatomik-yapi\/#primaryimage\",\"url\":\"https:\/\/merkim.com.tr\/merkim-maket\/wp-content\/uploads\/2025\/07\/s312-1-year-pediatric-airway-trainer.png\",\"contentUrl\":\"https:\/\/merkim.com.tr\/merkim-maket\/wp-content\/uploads\/2025\/07\/s312-1-year-pediatric-airway-trainer.png\",\"width\":800,\"height\":531,\"caption\":\"Bebek ve \u00c7ocuk Ent\u00fcbasyon Teknikleri i\u00e7in Ger\u00e7ek\u00e7i Sim\u00fclasyon\"},{\"@type\":\"BreadcrumbList\",\"@id\":\"https:\/\/merkim.com.tr\/merkim-maket\/urun\/s312-1-year-pediatric-airway-trainer-bebek-ve-cocuk-hava-yolu-egitim-simulatoru-tam-vucut-anatomik-yapi\/#breadcrumb\",\"itemListElement\":[{\"@type\":\"ListItem\",\"position\":1,\"name\":\"Anasayfa\",\"item\":\"https:\/\/merkim.com.tr\/merkim-maket\/\"},{\"@type\":\"ListItem\",\"position\":2,\"name\":\"Ma\u011faza\",\"item\":\"https:\/\/merkim.com.tr\/merkim-maket\/magaza\/\"},{\"@type\":\"ListItem\",\"position\":3,\"name\":\"S312 1-Year Pediatric Airway Trainer &#8211; Bebek ve \u00c7ocuk Hava Yolu E\u011fitim Sim\u00fclat\u00f6r\u00fc (Tam V\u00fccut Anatomik Yap\u0131)\"}]},{\"@type\":\"WebSite\",\"@id\":\"https:\/\/merkim.com.tr\/merkim-maket\/#website\",\"url\":\"https:\/\/merkim.com.tr\/merkim-maket\/\",\"name\":\"Merkim Maket\",\"description\":\"\",\"potentialAction\":[{\"@type\":\"SearchAction\",\"target\":{\"@type\":\"EntryPoint\",\"urlTemplate\":\"https:\/\/merkim.com.tr\/merkim-maket\/?s={search_term_string}\"},\"query-input\":{\"@type\":\"PropertyValueSpecification\",\"valueRequired\":true,\"valueName\":\"search_term_string\"}}],\"inLanguage\":\"tr\"}]}<\/script>\n<!-- \/ Yoast SEO plugin. -->","yoast_head_json":{"title":"S312 1-Year Pediatric Airway Trainer - Bebek ve \u00c7ocuk Hava Yolu E\u011fitim Sim\u00fclat\u00f6r\u00fc (Tam V\u00fccut Anatomik Yap\u0131) - Merkim Maket","description":"S312 1-Year Pediatric Airway Trainer | Yenido\u011fan ve bebeklerde hava yolu y\u00f6netimi ve ent\u00fcbasyon teknikleri i\u00e7in profesyonel tam v\u00fccut pediatrik sim\u00fclat\u00f6r. Ger\u00e7ek\u00e7i anatomik yap\u0131 ve Sellick manevras\u0131 uygulama imkan\u0131.","robots":{"index":"index","follow":"follow","max-snippet":"max-snippet:-1","max-image-preview":"max-image-preview:large","max-video-preview":"max-video-preview:-1"},"canonical":"https:\/\/merkim.com.tr\/merkim-maket\/urun\/s312-1-year-pediatric-airway-trainer-bebek-ve-cocuk-hava-yolu-egitim-simulatoru-tam-vucut-anatomik-yapi\/","og_locale":"tr_TR","og_type":"article","og_title":"S312 1-Year Pediatric Airway Trainer - Bebek ve \u00c7ocuk Hava Yolu E\u011fitim Sim\u00fclat\u00f6r\u00fc (Tam V\u00fccut Anatomik Yap\u0131) - Merkim Maket","og_description":"S312 1-Year Pediatric Airway Trainer | Yenido\u011fan ve bebeklerde hava yolu y\u00f6netimi ve ent\u00fcbasyon teknikleri i\u00e7in profesyonel tam v\u00fccut pediatrik sim\u00fclat\u00f6r. Ger\u00e7ek\u00e7i anatomik yap\u0131 ve Sellick manevras\u0131 uygulama imkan\u0131.","og_url":"https:\/\/merkim.com.tr\/merkim-maket\/urun\/s312-1-year-pediatric-airway-trainer-bebek-ve-cocuk-hava-yolu-egitim-simulatoru-tam-vucut-anatomik-yapi\/","og_site_name":"Merkim Maket","article_modified_time":"2025-07-05T15:40:02+00:00","og_image":[{"width":800,"height":531,"url":"https:\/\/merkim.com.tr\/merkim-maket\/wp-content\/uploads\/2025\/07\/s312-1-year-pediatric-airway-trainer.png","type":"image\/png"}],"twitter_card":"summary_large_image","twitter_misc":{"Tahmini okuma s\u00fcresi":"2 dakika"},"schema":{"@context":"https:\/\/schema.org","@graph":[{"@type":"WebPage","@id":"https:\/\/merkim.com.tr\/merkim-maket\/urun\/s312-1-year-pediatric-airway-trainer-bebek-ve-cocuk-hava-yolu-egitim-simulatoru-tam-vucut-anatomik-yapi\/","url":"https:\/\/merkim.com.tr\/merkim-maket\/urun\/s312-1-year-pediatric-airway-trainer-bebek-ve-cocuk-hava-yolu-egitim-simulatoru-tam-vucut-anatomik-yapi\/","name":"S312 1-Year Pediatric Airway Trainer - Bebek ve \u00c7ocuk Hava Yolu E\u011fitim Sim\u00fclat\u00f6r\u00fc (Tam V\u00fccut Anatomik Yap\u0131) - Merkim Maket","isPartOf":{"@id":"https:\/\/merkim.com.tr\/merkim-maket\/#website"},"primaryImageOfPage":{"@id":"https:\/\/merkim.com.tr\/merkim-maket\/urun\/s312-1-year-pediatric-airway-trainer-bebek-ve-cocuk-hava-yolu-egitim-simulatoru-tam-vucut-anatomik-yapi\/#primaryimage"},"image":{"@id":"https:\/\/merkim.com.tr\/merkim-maket\/urun\/s312-1-year-pediatric-airway-trainer-bebek-ve-cocuk-hava-yolu-egitim-simulatoru-tam-vucut-anatomik-yapi\/#primaryimage"},"thumbnailUrl":"https:\/\/merkim.com.tr\/merkim-maket\/wp-content\/uploads\/2025\/07\/s312-1-year-pediatric-airway-trainer.png","datePublished":"2025-07-05T15:40:01+00:00","dateModified":"2025-07-05T15:40:02+00:00","description":"S312 1-Year Pediatric Airway Trainer | Yenido\u011fan ve bebeklerde hava yolu y\u00f6netimi ve ent\u00fcbasyon teknikleri i\u00e7in profesyonel tam v\u00fccut pediatrik sim\u00fclat\u00f6r. Ger\u00e7ek\u00e7i anatomik yap\u0131 ve Sellick manevras\u0131 uygulama imkan\u0131.","breadcrumb":{"@id":"https:\/\/merkim.com.tr\/merkim-maket\/urun\/s312-1-year-pediatric-airway-trainer-bebek-ve-cocuk-hava-yolu-egitim-simulatoru-tam-vucut-anatomik-yapi\/#breadcrumb"},"inLanguage":"tr","potentialAction":[{"@type":"ReadAction","target":["https:\/\/merkim.com.tr\/merkim-maket\/urun\/s312-1-year-pediatric-airway-trainer-bebek-ve-cocuk-hava-yolu-egitim-simulatoru-tam-vucut-anatomik-yapi\/"]}]},{"@type":"ImageObject","inLanguage":"tr","@id":"https:\/\/merkim.com.tr\/merkim-maket\/urun\/s312-1-year-pediatric-airway-trainer-bebek-ve-cocuk-hava-yolu-egitim-simulatoru-tam-vucut-anatomik-yapi\/#primaryimage","url":"https:\/\/merkim.com.tr\/merkim-maket\/wp-content\/uploads\/2025\/07\/s312-1-year-pediatric-airway-trainer.png","contentUrl":"https:\/\/merkim.com.tr\/merkim-maket\/wp-content\/uploads\/2025\/07\/s312-1-year-pediatric-airway-trainer.png","width":800,"height":531,"caption":"Bebek ve \u00c7ocuk Ent\u00fcbasyon Teknikleri i\u00e7in Ger\u00e7ek\u00e7i Sim\u00fclasyon"},{"@type":"BreadcrumbList","@id":"https:\/\/merkim.com.tr\/merkim-maket\/urun\/s312-1-year-pediatric-airway-trainer-bebek-ve-cocuk-hava-yolu-egitim-simulatoru-tam-vucut-anatomik-yapi\/#breadcrumb","itemListElement":[{"@type":"ListItem","position":1,"name":"Anasayfa","item":"https:\/\/merkim.com.tr\/merkim-maket\/"},{"@type":"ListItem","position":2,"name":"Ma\u011faza","item":"https:\/\/merkim.com.tr\/merkim-maket\/magaza\/"},{"@type":"ListItem","position":3,"name":"S312 1-Year Pediatric Airway Trainer &#8211; Bebek ve \u00c7ocuk Hava Yolu E\u011fitim Sim\u00fclat\u00f6r\u00fc (Tam V\u00fccut Anatomik Yap\u0131)"}]},{"@type":"WebSite","@id":"https:\/\/merkim.com.tr\/merkim-maket\/#website","url":"https:\/\/merkim.com.tr\/merkim-maket\/","name":"Merkim Maket","description":"","potentialAction":[{"@type":"SearchAction","target":{"@type":"EntryPoint","urlTemplate":"https:\/\/merkim.com.tr\/merkim-maket\/?s={search_term_string}"},"query-input":{"@type":"PropertyValueSpecification","valueRequired":true,"valueName":"search_term_string"}}],"inLanguage":"tr"}]}},"_links":{"self":[{"href":"https:\/\/merkim.com.tr\/merkim-maket\/wp-json\/wp\/v2\/product\/415","targetHints":{"allow":["GET"]}}],"collection":[{"href":"https:\/\/merkim.com.tr\/merkim-maket\/wp-json\/wp\/v2\/product"}],"about":[{"href":"https:\/\/merkim.com.tr\/merkim-maket\/wp-json\/wp\/v2\/types\/product"}],"replies":[{"embeddable":true,"href":"https:\/\/merkim.com.tr\/merkim-maket\/wp-json\/wp\/v2\/comments?post=415"}],"wp:featuredmedia":[{"embeddable":true,"href":"https:\/\/merkim.com.tr\/merkim-maket\/wp-json\/wp\/v2\/media\/416"}],"wp:attachment":[{"href":"https:\/\/merkim.com.tr\/merkim-maket\/wp-json\/wp\/v2\/media?parent=415"}],"wp:term":[{"taxonomy":"product_brand","embeddable":true,"href":"https:\/\/merkim.com.tr\/merkim-maket\/wp-json\/wp\/v2\/product_brand?post=415"},{"taxonomy":"product_cat","embeddable":true,"href":"https:\/\/merkim.com.tr\/merkim-maket\/wp-json\/wp\/v2\/product_cat?post=415"},{"taxonomy":"product_tag","embeddable":true,"href":"https:\/\/merkim.com.tr\/merkim-maket\/wp-json\/wp\/v2\/product_tag?post=415"}],"curies":[{"name":"wp","href":"https:\/\/api.w.org\/{rel}","templated":true}]}}