{"id":413,"date":"2025-07-05T15:29:10","date_gmt":"2025-07-05T15:29:10","guid":{"rendered":"https:\/\/merkim.com.tr\/merkim-maket\/?post_type=product&#038;p=413"},"modified":"2025-07-10T12:04:56","modified_gmt":"2025-07-10T12:04:56","slug":"simon-s310-profesyonel-cpr-hasta-simulatoru-tam-vucut-anatomik-yapi-tek-kullanimlik-hava-yolu","status":"publish","type":"product","link":"https:\/\/merkim.com.tr\/merkim-maket\/urun\/simon-s310-profesyonel-cpr-hasta-simulatoru-tam-vucut-anatomik-yapi-tek-kullanimlik-hava-yolu\/","title":{"rendered":"Simon\u00ae S310 &#8211; Profesyonel CPR Hasta Sim\u00fclat\u00f6r\u00fc (Tam V\u00fccut Anatomik Yap\u0131 + Tek Kullan\u0131ml\u0131k Hava Yolu)"},"content":{"rendered":"<p class=\"ds-markdown-paragraph\"><strong>Simon\u00ae S310<\/strong>, kaliteli ve dayan\u0131kl\u0131 yap\u0131s\u0131yla\u00a0<strong>CPR (Kardiyopulmoner Res\u00fcsitasyon) e\u011fitimleri<\/strong>\u00a0i\u00e7in \u00f6zel olarak tasarlanm\u0131\u015f\u00a0<strong>tam v\u00fccut hasta sim\u00fclat\u00f6r\u00fcd\u00fcr<\/strong>. Ger\u00e7ek\u00e7i anatomik detaylar\u0131 ve kullan\u0131m kolayl\u0131\u011f\u0131yla\u00a0<strong>ilk yard\u0131m, temel ya\u015fam deste\u011fi (BLS) ve acil m\u00fcdahale e\u011fitimlerinde<\/strong>\u00a0kullan\u0131ma uygundur.<\/p>\n<h4><strong>Temel \u00d6zellikler ve Klinik Uygulamalar:<\/strong><\/h4>\n<p class=\"ds-markdown-paragraph\">\u2705\u00a0<strong>Ger\u00e7ek\u00e7i Anatomik Yap\u0131:<\/strong><\/p>\n<ul>\n<li>\n<p class=\"ds-markdown-paragraph\"><strong>Tam boyutlu ger\u00e7ek\u00e7i v\u00fccut yap\u0131s\u0131<\/strong>\u00a0(kafa, boyun, \u00e7ene hareketli).<\/p>\n<\/li>\n<li>\n<p class=\"ds-markdown-paragraph\"><strong>A\u00e7\u0131l\u0131p kapanabilen g\u00f6z kapaklar\u0131<\/strong>\u00a0ve ayarlanabilir pupil yan\u0131tlar\u0131 (normal, miyozis, midriyazis).<\/p>\n<\/li>\n<\/ul>\n<p class=\"ds-markdown-paragraph\">\u2705\u00a0<strong>CPR ve Hava Yolu E\u011fitimi:<\/strong><\/p>\n<ul>\n<li>\n<p class=\"ds-markdown-paragraph\"><strong>Tek kullan\u0131ml\u0131k hava yolu<\/strong>\u00a0ile hijyenik suni solunum uygulamalar\u0131.<\/p>\n<\/li>\n<li>\n<p class=\"ds-markdown-paragraph\"><strong>Ger\u00e7ek\u00e7i g\u00f6\u011f\u00fcs kalk\u0131\u015f\u0131<\/strong>\u00a0ile ventilasyonun do\u011frulu\u011funu test etme.<\/p>\n<\/li>\n<li>\n<p class=\"ds-markdown-paragraph\"><strong>Heimlich manevras\u0131<\/strong>\u00a0i\u00e7in eri\u015filebilir g\u00f6\u011f\u00fcs bo\u015flu\u011fu (kaburga, akci\u011fer ve kalp detayl\u0131).<\/p>\n<\/li>\n<\/ul>\n<p class=\"ds-markdown-paragraph\">\u2705\u00a0<strong>Di\u011fer Kritik Beceriler:<\/strong><\/p>\n<ul>\n<li>\n<p class=\"ds-markdown-paragraph\"><strong>Karotis ve femoral nab\u0131z noktalar\u0131<\/strong>\u00a0ile dola\u015f\u0131m kontrol\u00fc.<\/p>\n<\/li>\n<li>\n<p class=\"ds-markdown-paragraph\"><strong>IM (intram\u00fcsk\u00fcler) enjeksiyon alanlar\u0131<\/strong>\u00a0(deltoid, kuadriseps, gluteus).<\/p>\n<\/li>\n<li>\n<p class=\"ds-markdown-paragraph\"><strong>Eklemli dirsek, bilek, diz ve ayak bile\u011fi<\/strong>\u00a0ile hasta pozisyonlama.<\/p>\n<\/li>\n<\/ul>\n<p class=\"ds-markdown-paragraph\">\u2705\u00a0<strong>Dayan\u0131kl\u0131 ve Pratik Tasar\u0131m:<\/strong><\/p>\n<ul>\n<li>\n<p class=\"ds-markdown-paragraph\"><strong>Belden ayr\u0131labilir g\u00f6vde<\/strong>\u00a0ile kolay depolama ve ta\u015f\u0131ma.<\/p>\n<\/li>\n<li>\n<p class=\"ds-markdown-paragraph\"><strong>Uzun \u00f6m\u00fcrl\u00fc malzeme<\/strong>\u00a0ile y\u0131llarca kullan\u0131m garantisi.<\/p>\n<\/li>\n<\/ul>\n<h4><strong>Paket \u0130\u00e7eri\u011fi:<\/strong><\/h4>\n<ul>\n<li>\n<p class=\"ds-markdown-paragraph\">Simon\u00ae S310 tam v\u00fccut CPR sim\u00fclat\u00f6r\u00fc<\/p>\n<\/li>\n<li>\n<p class=\"ds-markdown-paragraph\">Tek kullan\u0131ml\u0131k hava yolu seti<\/p>\n<\/li>\n<li>\n<p class=\"ds-markdown-paragraph\">Kullan\u0131m k\u0131lavuzu<\/p>\n<\/li>\n<\/ul>\n","protected":false},"excerpt":{"rendered":"<p><strong>Simon\u00ae S310<\/strong>, CPR ve temel ya\u015fam deste\u011fi e\u011fitimleri i\u00e7in geli\u015ftirilmi\u015f\u00a0<strong>tam v\u00fccut hasta sim\u00fclat\u00f6r\u00fcd\u00fcr<\/strong>. Ger\u00e7ek\u00e7i anatomik yap\u0131s\u0131, tek kullan\u0131ml\u0131k hava yolu ve IM enjeksiyon alanlar\u0131yla kapsaml\u0131 e\u011fitim sunar.<\/p>\n","protected":false},"featured_media":414,"comment_status":"open","ping_status":"closed","template":"","meta":[],"product_brand":[948],"product_cat":[15,1489,947],"product_tag":[1162,920,31,1163,1165,1161,1164,1160,41],"class_list":{"0":"post-413","1":"product","2":"type-product","3":"status-publish","4":"has-post-thumbnail","6":"product_brand-gaumard-scientific","7":"product_cat-genel","8":"product_cat-cpr-mankenleri","9":"product_cat-gaumard-scientific","10":"product_tag-bls-egitim-modeli","11":"product_tag-cpr-simulatoru","12":"product_tag-hasta-simulatoru","13":"product_tag-heimlich-manevrasi","14":"product_tag-ilk-yardim-egitim-ekipmani","15":"product_tag-simon-s310","16":"product_tag-suni-solunum-simulatoru","17":"product_tag-temel-yasam-destegi-egitimi","18":"product_tag-tibbi-simulasyon","20":"first","21":"instock","22":"shipping-taxable","23":"product-type-simple"},"yoast_head":"<!-- This site is optimized with the Yoast SEO plugin v25.2 - https:\/\/yoast.com\/wordpress\/plugins\/seo\/ -->\n<title>Simon\u00ae S310 - Profesyonel CPR Hasta Sim\u00fclat\u00f6r\u00fc (Tam V\u00fccut Anatomik Yap\u0131 + Tek Kullan\u0131ml\u0131k Hava Yolu) - Merkim Maket<\/title>\n<meta name=\"description\" content=\"Simon\u00ae S310 - CPR Patient Simulator | Ger\u00e7ek\u00e7i anatomik yap\u0131s\u0131 ve tek kullan\u0131ml\u0131k hava yolu ile CPR, suni solunum ve IM enjeksiyon e\u011fitimleri i\u00e7in profesyonel hasta sim\u00fclat\u00f6r\u00fc.\" \/>\n<meta name=\"robots\" content=\"index, follow, max-snippet:-1, max-image-preview:large, max-video-preview:-1\" \/>\n<link rel=\"canonical\" href=\"https:\/\/merkim.com.tr\/merkim-maket\/urun\/simon-s310-profesyonel-cpr-hasta-simulatoru-tam-vucut-anatomik-yapi-tek-kullanimlik-hava-yolu\/\" \/>\n<meta property=\"og:locale\" content=\"tr_TR\" \/>\n<meta property=\"og:type\" content=\"article\" \/>\n<meta property=\"og:title\" content=\"Simon\u00ae S310 - Profesyonel CPR Hasta Sim\u00fclat\u00f6r\u00fc (Tam V\u00fccut Anatomik Yap\u0131 + Tek Kullan\u0131ml\u0131k Hava Yolu) - Merkim Maket\" \/>\n<meta property=\"og:description\" content=\"Simon\u00ae S310 - CPR Patient Simulator | Ger\u00e7ek\u00e7i anatomik yap\u0131s\u0131 ve tek kullan\u0131ml\u0131k hava yolu ile CPR, suni solunum ve IM enjeksiyon e\u011fitimleri i\u00e7in profesyonel hasta sim\u00fclat\u00f6r\u00fc.\" \/>\n<meta property=\"og:url\" content=\"https:\/\/merkim.com.tr\/merkim-maket\/urun\/simon-s310-profesyonel-cpr-hasta-simulatoru-tam-vucut-anatomik-yapi-tek-kullanimlik-hava-yolu\/\" \/>\n<meta property=\"og:site_name\" content=\"Merkim Maket\" \/>\n<meta property=\"article:modified_time\" content=\"2025-07-10T12:04:56+00:00\" \/>\n<meta property=\"og:image\" content=\"https:\/\/merkim.com.tr\/merkim-maket\/wp-content\/uploads\/2025\/07\/simon-s310-cpr-patient-simulator.png\" \/>\n\t<meta property=\"og:image:width\" content=\"800\" \/>\n\t<meta property=\"og:image:height\" content=\"531\" \/>\n\t<meta property=\"og:image:type\" content=\"image\/png\" \/>\n<meta name=\"twitter:card\" content=\"summary_large_image\" \/>\n<meta name=\"twitter:label1\" content=\"Tahmini okuma s\u00fcresi\" \/>\n\t<meta name=\"twitter:data1\" content=\"2 dakika\" \/>\n<script type=\"application\/ld+json\" class=\"yoast-schema-graph\">{\"@context\":\"https:\/\/schema.org\",\"@graph\":[{\"@type\":\"WebPage\",\"@id\":\"https:\/\/merkim.com.tr\/merkim-maket\/urun\/simon-s310-profesyonel-cpr-hasta-simulatoru-tam-vucut-anatomik-yapi-tek-kullanimlik-hava-yolu\/\",\"url\":\"https:\/\/merkim.com.tr\/merkim-maket\/urun\/simon-s310-profesyonel-cpr-hasta-simulatoru-tam-vucut-anatomik-yapi-tek-kullanimlik-hava-yolu\/\",\"name\":\"Simon\u00ae S310 - Profesyonel CPR Hasta Sim\u00fclat\u00f6r\u00fc (Tam V\u00fccut Anatomik Yap\u0131 + Tek Kullan\u0131ml\u0131k Hava Yolu) - Merkim Maket\",\"isPartOf\":{\"@id\":\"https:\/\/merkim.com.tr\/merkim-maket\/#website\"},\"primaryImageOfPage\":{\"@id\":\"https:\/\/merkim.com.tr\/merkim-maket\/urun\/simon-s310-profesyonel-cpr-hasta-simulatoru-tam-vucut-anatomik-yapi-tek-kullanimlik-hava-yolu\/#primaryimage\"},\"image\":{\"@id\":\"https:\/\/merkim.com.tr\/merkim-maket\/urun\/simon-s310-profesyonel-cpr-hasta-simulatoru-tam-vucut-anatomik-yapi-tek-kullanimlik-hava-yolu\/#primaryimage\"},\"thumbnailUrl\":\"https:\/\/merkim.com.tr\/merkim-maket\/wp-content\/uploads\/2025\/07\/simon-s310-cpr-patient-simulator.png\",\"datePublished\":\"2025-07-05T15:29:10+00:00\",\"dateModified\":\"2025-07-10T12:04:56+00:00\",\"description\":\"Simon\u00ae S310 - CPR Patient Simulator | Ger\u00e7ek\u00e7i anatomik yap\u0131s\u0131 ve tek kullan\u0131ml\u0131k hava yolu ile CPR, suni solunum ve IM enjeksiyon e\u011fitimleri i\u00e7in profesyonel hasta sim\u00fclat\u00f6r\u00fc.\",\"breadcrumb\":{\"@id\":\"https:\/\/merkim.com.tr\/merkim-maket\/urun\/simon-s310-profesyonel-cpr-hasta-simulatoru-tam-vucut-anatomik-yapi-tek-kullanimlik-hava-yolu\/#breadcrumb\"},\"inLanguage\":\"tr\",\"potentialAction\":[{\"@type\":\"ReadAction\",\"target\":[\"https:\/\/merkim.com.tr\/merkim-maket\/urun\/simon-s310-profesyonel-cpr-hasta-simulatoru-tam-vucut-anatomik-yapi-tek-kullanimlik-hava-yolu\/\"]}]},{\"@type\":\"ImageObject\",\"inLanguage\":\"tr\",\"@id\":\"https:\/\/merkim.com.tr\/merkim-maket\/urun\/simon-s310-profesyonel-cpr-hasta-simulatoru-tam-vucut-anatomik-yapi-tek-kullanimlik-hava-yolu\/#primaryimage\",\"url\":\"https:\/\/merkim.com.tr\/merkim-maket\/wp-content\/uploads\/2025\/07\/simon-s310-cpr-patient-simulator.png\",\"contentUrl\":\"https:\/\/merkim.com.tr\/merkim-maket\/wp-content\/uploads\/2025\/07\/simon-s310-cpr-patient-simulator.png\",\"width\":800,\"height\":531,\"caption\":\"Ger\u00e7ek\u00e7i G\u00f6\u011f\u00fcs Kalk\u0131\u015f\u0131 ve Tek Kullan\u0131ml\u0131k Hava Yolu ile E\u011fitim\"},{\"@type\":\"BreadcrumbList\",\"@id\":\"https:\/\/merkim.com.tr\/merkim-maket\/urun\/simon-s310-profesyonel-cpr-hasta-simulatoru-tam-vucut-anatomik-yapi-tek-kullanimlik-hava-yolu\/#breadcrumb\",\"itemListElement\":[{\"@type\":\"ListItem\",\"position\":1,\"name\":\"Anasayfa\",\"item\":\"https:\/\/merkim.com.tr\/merkim-maket\/\"},{\"@type\":\"ListItem\",\"position\":2,\"name\":\"Ma\u011faza\",\"item\":\"https:\/\/merkim.com.tr\/merkim-maket\/magaza\/\"},{\"@type\":\"ListItem\",\"position\":3,\"name\":\"Simon\u00ae S310 &#8211; Profesyonel CPR Hasta Sim\u00fclat\u00f6r\u00fc (Tam V\u00fccut Anatomik Yap\u0131 + Tek Kullan\u0131ml\u0131k Hava Yolu)\"}]},{\"@type\":\"WebSite\",\"@id\":\"https:\/\/merkim.com.tr\/merkim-maket\/#website\",\"url\":\"https:\/\/merkim.com.tr\/merkim-maket\/\",\"name\":\"Merkim Maket\",\"description\":\"\",\"potentialAction\":[{\"@type\":\"SearchAction\",\"target\":{\"@type\":\"EntryPoint\",\"urlTemplate\":\"https:\/\/merkim.com.tr\/merkim-maket\/?s={search_term_string}\"},\"query-input\":{\"@type\":\"PropertyValueSpecification\",\"valueRequired\":true,\"valueName\":\"search_term_string\"}}],\"inLanguage\":\"tr\"}]}<\/script>\n<!-- \/ Yoast SEO plugin. -->","yoast_head_json":{"title":"Simon\u00ae S310 - Profesyonel CPR Hasta Sim\u00fclat\u00f6r\u00fc (Tam V\u00fccut Anatomik Yap\u0131 + Tek Kullan\u0131ml\u0131k Hava Yolu) - Merkim Maket","description":"Simon\u00ae S310 - CPR Patient Simulator | Ger\u00e7ek\u00e7i anatomik yap\u0131s\u0131 ve tek kullan\u0131ml\u0131k hava yolu ile CPR, suni solunum ve IM enjeksiyon e\u011fitimleri i\u00e7in profesyonel hasta sim\u00fclat\u00f6r\u00fc.","robots":{"index":"index","follow":"follow","max-snippet":"max-snippet:-1","max-image-preview":"max-image-preview:large","max-video-preview":"max-video-preview:-1"},"canonical":"https:\/\/merkim.com.tr\/merkim-maket\/urun\/simon-s310-profesyonel-cpr-hasta-simulatoru-tam-vucut-anatomik-yapi-tek-kullanimlik-hava-yolu\/","og_locale":"tr_TR","og_type":"article","og_title":"Simon\u00ae S310 - Profesyonel CPR Hasta Sim\u00fclat\u00f6r\u00fc (Tam V\u00fccut Anatomik Yap\u0131 + Tek Kullan\u0131ml\u0131k Hava Yolu) - Merkim Maket","og_description":"Simon\u00ae S310 - CPR Patient Simulator | Ger\u00e7ek\u00e7i anatomik yap\u0131s\u0131 ve tek kullan\u0131ml\u0131k hava yolu ile CPR, suni solunum ve IM enjeksiyon e\u011fitimleri i\u00e7in profesyonel hasta sim\u00fclat\u00f6r\u00fc.","og_url":"https:\/\/merkim.com.tr\/merkim-maket\/urun\/simon-s310-profesyonel-cpr-hasta-simulatoru-tam-vucut-anatomik-yapi-tek-kullanimlik-hava-yolu\/","og_site_name":"Merkim Maket","article_modified_time":"2025-07-10T12:04:56+00:00","og_image":[{"width":800,"height":531,"url":"https:\/\/merkim.com.tr\/merkim-maket\/wp-content\/uploads\/2025\/07\/simon-s310-cpr-patient-simulator.png","type":"image\/png"}],"twitter_card":"summary_large_image","twitter_misc":{"Tahmini okuma s\u00fcresi":"2 dakika"},"schema":{"@context":"https:\/\/schema.org","@graph":[{"@type":"WebPage","@id":"https:\/\/merkim.com.tr\/merkim-maket\/urun\/simon-s310-profesyonel-cpr-hasta-simulatoru-tam-vucut-anatomik-yapi-tek-kullanimlik-hava-yolu\/","url":"https:\/\/merkim.com.tr\/merkim-maket\/urun\/simon-s310-profesyonel-cpr-hasta-simulatoru-tam-vucut-anatomik-yapi-tek-kullanimlik-hava-yolu\/","name":"Simon\u00ae S310 - Profesyonel CPR Hasta Sim\u00fclat\u00f6r\u00fc (Tam V\u00fccut Anatomik Yap\u0131 + Tek Kullan\u0131ml\u0131k Hava Yolu) - Merkim Maket","isPartOf":{"@id":"https:\/\/merkim.com.tr\/merkim-maket\/#website"},"primaryImageOfPage":{"@id":"https:\/\/merkim.com.tr\/merkim-maket\/urun\/simon-s310-profesyonel-cpr-hasta-simulatoru-tam-vucut-anatomik-yapi-tek-kullanimlik-hava-yolu\/#primaryimage"},"image":{"@id":"https:\/\/merkim.com.tr\/merkim-maket\/urun\/simon-s310-profesyonel-cpr-hasta-simulatoru-tam-vucut-anatomik-yapi-tek-kullanimlik-hava-yolu\/#primaryimage"},"thumbnailUrl":"https:\/\/merkim.com.tr\/merkim-maket\/wp-content\/uploads\/2025\/07\/simon-s310-cpr-patient-simulator.png","datePublished":"2025-07-05T15:29:10+00:00","dateModified":"2025-07-10T12:04:56+00:00","description":"Simon\u00ae S310 - CPR Patient Simulator | Ger\u00e7ek\u00e7i anatomik yap\u0131s\u0131 ve tek kullan\u0131ml\u0131k hava yolu ile CPR, suni solunum ve IM enjeksiyon e\u011fitimleri i\u00e7in profesyonel hasta sim\u00fclat\u00f6r\u00fc.","breadcrumb":{"@id":"https:\/\/merkim.com.tr\/merkim-maket\/urun\/simon-s310-profesyonel-cpr-hasta-simulatoru-tam-vucut-anatomik-yapi-tek-kullanimlik-hava-yolu\/#breadcrumb"},"inLanguage":"tr","potentialAction":[{"@type":"ReadAction","target":["https:\/\/merkim.com.tr\/merkim-maket\/urun\/simon-s310-profesyonel-cpr-hasta-simulatoru-tam-vucut-anatomik-yapi-tek-kullanimlik-hava-yolu\/"]}]},{"@type":"ImageObject","inLanguage":"tr","@id":"https:\/\/merkim.com.tr\/merkim-maket\/urun\/simon-s310-profesyonel-cpr-hasta-simulatoru-tam-vucut-anatomik-yapi-tek-kullanimlik-hava-yolu\/#primaryimage","url":"https:\/\/merkim.com.tr\/merkim-maket\/wp-content\/uploads\/2025\/07\/simon-s310-cpr-patient-simulator.png","contentUrl":"https:\/\/merkim.com.tr\/merkim-maket\/wp-content\/uploads\/2025\/07\/simon-s310-cpr-patient-simulator.png","width":800,"height":531,"caption":"Ger\u00e7ek\u00e7i G\u00f6\u011f\u00fcs Kalk\u0131\u015f\u0131 ve Tek Kullan\u0131ml\u0131k Hava Yolu ile E\u011fitim"},{"@type":"BreadcrumbList","@id":"https:\/\/merkim.com.tr\/merkim-maket\/urun\/simon-s310-profesyonel-cpr-hasta-simulatoru-tam-vucut-anatomik-yapi-tek-kullanimlik-hava-yolu\/#breadcrumb","itemListElement":[{"@type":"ListItem","position":1,"name":"Anasayfa","item":"https:\/\/merkim.com.tr\/merkim-maket\/"},{"@type":"ListItem","position":2,"name":"Ma\u011faza","item":"https:\/\/merkim.com.tr\/merkim-maket\/magaza\/"},{"@type":"ListItem","position":3,"name":"Simon\u00ae S310 &#8211; Profesyonel CPR Hasta Sim\u00fclat\u00f6r\u00fc (Tam V\u00fccut Anatomik Yap\u0131 + Tek Kullan\u0131ml\u0131k Hava Yolu)"}]},{"@type":"WebSite","@id":"https:\/\/merkim.com.tr\/merkim-maket\/#website","url":"https:\/\/merkim.com.tr\/merkim-maket\/","name":"Merkim Maket","description":"","potentialAction":[{"@type":"SearchAction","target":{"@type":"EntryPoint","urlTemplate":"https:\/\/merkim.com.tr\/merkim-maket\/?s={search_term_string}"},"query-input":{"@type":"PropertyValueSpecification","valueRequired":true,"valueName":"search_term_string"}}],"inLanguage":"tr"}]}},"_links":{"self":[{"href":"https:\/\/merkim.com.tr\/merkim-maket\/wp-json\/wp\/v2\/product\/413","targetHints":{"allow":["GET"]}}],"collection":[{"href":"https:\/\/merkim.com.tr\/merkim-maket\/wp-json\/wp\/v2\/product"}],"about":[{"href":"https:\/\/merkim.com.tr\/merkim-maket\/wp-json\/wp\/v2\/types\/product"}],"replies":[{"embeddable":true,"href":"https:\/\/merkim.com.tr\/merkim-maket\/wp-json\/wp\/v2\/comments?post=413"}],"wp:featuredmedia":[{"embeddable":true,"href":"https:\/\/merkim.com.tr\/merkim-maket\/wp-json\/wp\/v2\/media\/414"}],"wp:attachment":[{"href":"https:\/\/merkim.com.tr\/merkim-maket\/wp-json\/wp\/v2\/media?parent=413"}],"wp:term":[{"taxonomy":"product_brand","embeddable":true,"href":"https:\/\/merkim.com.tr\/merkim-maket\/wp-json\/wp\/v2\/product_brand?post=413"},{"taxonomy":"product_cat","embeddable":true,"href":"https:\/\/merkim.com.tr\/merkim-maket\/wp-json\/wp\/v2\/product_cat?post=413"},{"taxonomy":"product_tag","embeddable":true,"href":"https:\/\/merkim.com.tr\/merkim-maket\/wp-json\/wp\/v2\/product_tag?post=413"}],"curies":[{"name":"wp","href":"https:\/\/api.w.org\/{rel}","templated":true}]}}