{"id":409,"date":"2025-07-05T13:40:21","date_gmt":"2025-07-05T13:40:21","guid":{"rendered":"https:\/\/merkim.com.tr\/merkim-maket\/?post_type=product&#038;p=409"},"modified":"2025-07-10T12:05:29","modified_gmt":"2025-07-10T12:05:29","slug":"code-blue-s303-omni-entegre-cok-amacli-hasta-simulatoru-cpr-hemsirelik-egitim-modeli","status":"publish","type":"product","link":"https:\/\/merkim.com.tr\/merkim-maket\/urun\/code-blue-s303-omni-entegre-cok-amacli-hasta-simulatoru-cpr-hemsirelik-egitim-modeli\/","title":{"rendered":"Code Blue\u00ae S303 &#8211; OMNI\u2122 Entegre \u00c7ok Ama\u00e7l\u0131 Hasta Sim\u00fclat\u00f6r\u00fc (CPR + Hem\u015firelik E\u011fitim Modeli)"},"content":{"rendered":"<p class=\"ds-markdown-paragraph\"><strong>Code Blue\u00ae S303<\/strong>, sa\u011fl\u0131k e\u011fitimlerinde devrim yaratan\u00a0<strong>tam entegre hasta sim\u00fclat\u00f6r\u00fcd\u00fcr<\/strong>. Hem temel hem de ileri ya\u015fam deste\u011fi (BLS\/ALS) e\u011fitimlerini tek bir platformda birle\u015ftirerek\u00a0<strong>kapsaml\u0131 sim\u00fclasyon deneyimi<\/strong>\u00a0sunar.<\/p>\n<h4><strong>Benzersiz \u00d6zellikler ve Klinik Uygulamalar:<\/strong><\/h4>\n<p class=\"ds-markdown-paragraph\">\u2705\u00a0<strong>Ak\u0131ll\u0131 CPR ve Ya\u015fam Deste\u011fi:<\/strong><\/p>\n<ul>\n<li>\n<p class=\"ds-markdown-paragraph\"><strong>OMNI\u00ae Code Blue\u00ae paketi<\/strong>\u00a0ile ger\u00e7ek zamanl\u0131 kompresyon\/ventilasyon analizi (bilgisayar ba\u011flant\u0131l\u0131).<\/p>\n<\/li>\n<li>\n<p class=\"ds-markdown-paragraph\">Ger\u00e7ek\u00e7i g\u00f6\u011f\u00fcs bo\u015flu\u011fu ve i\u00e7 organlar ile\u00a0<strong>%100 ger\u00e7ek\u00e7i CPR performans\u0131<\/strong>.<\/p>\n<\/li>\n<\/ul>\n<p class=\"ds-markdown-paragraph\">\u2705\u00a0<strong>Kritik Klinik Prosed\u00fcrler:<\/strong><\/p>\n<ul>\n<li>\n<p class=\"ds-markdown-paragraph\"><strong>7 farkl\u0131 meme inserti<\/strong>\u00a0(karsinom, mastit, lenfatik drenaj sim\u00fclasyonlu).<\/p>\n<\/li>\n<li>\n<p class=\"ds-markdown-paragraph\"><strong>Trakeostomi bak\u0131m\u0131<\/strong>\u00a0(de\u011fi\u015ftirilebilir trakea ile).<\/p>\n<\/li>\n<li>\n<p class=\"ds-markdown-paragraph\"><strong>Oral\/nazal ent\u00fcbasyon<\/strong>\u00a0(Miller blade, ETT ve LMA uyumlu).<\/p>\n<\/li>\n<\/ul>\n<p class=\"ds-markdown-paragraph\">\u2705\u00a0<strong>Enjeksiyon &amp; \u0130nf\u00fczyon E\u011fitimi:<\/strong><\/p>\n<ul>\n<li>\n<p class=\"ds-markdown-paragraph\"><strong>IV, IM ve Subkutan<\/strong>\u00a0enjeksiyon alanlar\u0131 (kol, uyluk, kal\u00e7a).<\/p>\n<\/li>\n<li>\n<p class=\"ds-markdown-paragraph\">Dek\u00fcbit \u00fclserleri ile yara bak\u0131m\u0131 e\u011fitimi.<\/p>\n<\/li>\n<\/ul>\n<p class=\"ds-markdown-paragraph\">\u2705\u00a0<strong>Ger\u00e7ek\u00e7i Anatomik Detaylar:<\/strong><\/p>\n<ul>\n<li>\n<p class=\"ds-markdown-paragraph\"><strong>De\u011fi\u015ftirilebilir geriatrik y\u00fcz aksesuar\u0131<\/strong>\u00a0(opsiyonel).<\/p>\n<\/li>\n<li>\n<p class=\"ds-markdown-paragraph\">Pupil yan\u0131tlar\u0131 (miyozis\/midriyazis) ve ba\u011f\u0131ms\u0131z g\u00f6z hareketleri.<\/p>\n<\/li>\n<li>\n<p class=\"ds-markdown-paragraph\"><strong>Eklemli v\u00fccut<\/strong>\u00a0(dirsek, bilek, diz hareketi).<\/p>\n<\/li>\n<\/ul>\n<p class=\"ds-markdown-paragraph\">\u2705\u00a0<strong>Di\u011fer Avantajlar:<\/strong><\/p>\n<ul>\n<li>\n<p class=\"ds-markdown-paragraph\">Kolostomi\/ileostomi stomalar\u0131.<\/p>\n<\/li>\n<li>\n<p class=\"ds-markdown-paragraph\">\u00c7\u0131kar\u0131labilir i\u00e7 tanklar ve ta\u015f\u0131ma \u00e7antas\u0131.<\/p>\n<\/li>\n<\/ul>\n<h4><strong>Paket \u0130\u00e7eri\u011fi:<\/strong><\/h4>\n<ul>\n<li>\n<p class=\"ds-markdown-paragraph\">S303 Code Blue\u00ae hasta sim\u00fclat\u00f6r\u00fc<\/p>\n<\/li>\n<li>\n<p class=\"ds-markdown-paragraph\">OMNI\u00ae Code Blue\u00ae CPR geri bildirim sistemi<\/p>\n<\/li>\n<li>\n<p class=\"ds-markdown-paragraph\">7 adet meme palpasyon inserti<\/p>\n<\/li>\n<li>\n<p class=\"ds-markdown-paragraph\">Erkek\/Kad\u0131n genital seti<\/p>\n<\/li>\n<li>\n<p class=\"ds-markdown-paragraph\">Ta\u015f\u0131ma \u00e7antas\u0131 ve kullan\u0131m k\u0131lavuzu<\/p>\n<\/li>\n<\/ul>\n","protected":false},"excerpt":{"rendered":"<p><strong>Code Blue\u00ae S303<\/strong>, acil t\u0131p ve hem\u015firelik e\u011fitimleri i\u00e7in tasarlanm\u0131\u015f\u00a0<strong>\u00e7ok fonksiyonlu hasta sim\u00fclat\u00f6r\u00fcd\u00fcr<\/strong>. OMNI\u00ae teknolojisi ile CPR, ent\u00fcbasyon, enjeksiyon ve kateterizasyon e\u011fitimlerini tek platformda birle\u015ftirir!<\/p>\n","protected":false},"featured_media":410,"comment_status":"open","ping_status":"closed","template":"","meta":[],"product_brand":[948],"product_cat":[15,1489,947],"product_tag":[102,1155,902,24,31,1156,1148,1154,41,1147],"class_list":{"0":"post-409","1":"product","2":"type-product","3":"status-publish","4":"has-post-thumbnail","6":"product_brand-gaumard-scientific","7":"product_cat-genel","8":"product_cat-cpr-mankenleri","9":"product_cat-gaumard-scientific","10":"product_tag-acil-tip-simulatoru","11":"product_tag-als-bls-egitimi","12":"product_tag-cpr-egitim-modeli","13":"product_tag-entubasyon-egitimi","14":"product_tag-hasta-simulatoru","15":"product_tag-hemsirelik-egitim-ekipmani","16":"product_tag-meme-palpasyonu","17":"product_tag-omni-code-blue","18":"product_tag-tibbi-simulasyon","19":"product_tag-trakeostomi-simulatoru","21":"first","22":"instock","23":"shipping-taxable","24":"product-type-simple"},"yoast_head":"<!-- This site is optimized with the Yoast SEO plugin v25.2 - https:\/\/yoast.com\/wordpress\/plugins\/seo\/ -->\n<title>Code Blue\u00ae S303 - OMNI\u2122 Entegre \u00c7ok Ama\u00e7l\u0131 Hasta Sim\u00fclat\u00f6r\u00fc (CPR + Hem\u015firelik E\u011fitim Modeli) - Merkim Maket<\/title>\n<meta name=\"description\" content=\"Code Blue\u00ae S303 - Multipurpose Patient Simulator with OMNI\u2122 | CPR, ent\u00fcbasyon, trakeostomi ve enjeksiyon e\u011fitimleri i\u00e7in profesyonel sim\u00fclat\u00f6r. OMNI\u00ae Code Blue\u00ae paketi ve 7 meme inserti dahil!\" \/>\n<meta name=\"robots\" content=\"index, follow, max-snippet:-1, max-image-preview:large, max-video-preview:-1\" \/>\n<link rel=\"canonical\" href=\"https:\/\/merkim.com.tr\/merkim-maket\/urun\/code-blue-s303-omni-entegre-cok-amacli-hasta-simulatoru-cpr-hemsirelik-egitim-modeli\/\" \/>\n<meta property=\"og:locale\" content=\"tr_TR\" \/>\n<meta property=\"og:type\" content=\"article\" \/>\n<meta property=\"og:title\" content=\"Code Blue\u00ae S303 - OMNI\u2122 Entegre \u00c7ok Ama\u00e7l\u0131 Hasta Sim\u00fclat\u00f6r\u00fc (CPR + Hem\u015firelik E\u011fitim Modeli) - Merkim Maket\" \/>\n<meta property=\"og:description\" content=\"Code Blue\u00ae S303 - Multipurpose Patient Simulator with OMNI\u2122 | CPR, ent\u00fcbasyon, trakeostomi ve enjeksiyon e\u011fitimleri i\u00e7in profesyonel sim\u00fclat\u00f6r. OMNI\u00ae Code Blue\u00ae paketi ve 7 meme inserti dahil!\" \/>\n<meta property=\"og:url\" content=\"https:\/\/merkim.com.tr\/merkim-maket\/urun\/code-blue-s303-omni-entegre-cok-amacli-hasta-simulatoru-cpr-hemsirelik-egitim-modeli\/\" \/>\n<meta property=\"og:site_name\" content=\"Merkim Maket\" \/>\n<meta property=\"article:modified_time\" content=\"2025-07-10T12:05:29+00:00\" \/>\n<meta property=\"og:image\" content=\"https:\/\/merkim.com.tr\/merkim-maket\/wp-content\/uploads\/2025\/07\/code-blue-s303-multipurpose-patient-simulator.png\" \/>\n\t<meta property=\"og:image:width\" content=\"800\" \/>\n\t<meta property=\"og:image:height\" content=\"531\" \/>\n\t<meta property=\"og:image:type\" content=\"image\/png\" \/>\n<meta name=\"twitter:card\" content=\"summary_large_image\" \/>\n<meta name=\"twitter:label1\" content=\"Tahmini okuma s\u00fcresi\" \/>\n\t<meta name=\"twitter:data1\" content=\"2 dakika\" \/>\n<script type=\"application\/ld+json\" class=\"yoast-schema-graph\">{\"@context\":\"https:\/\/schema.org\",\"@graph\":[{\"@type\":\"WebPage\",\"@id\":\"https:\/\/merkim.com.tr\/merkim-maket\/urun\/code-blue-s303-omni-entegre-cok-amacli-hasta-simulatoru-cpr-hemsirelik-egitim-modeli\/\",\"url\":\"https:\/\/merkim.com.tr\/merkim-maket\/urun\/code-blue-s303-omni-entegre-cok-amacli-hasta-simulatoru-cpr-hemsirelik-egitim-modeli\/\",\"name\":\"Code Blue\u00ae S303 - OMNI\u2122 Entegre \u00c7ok Ama\u00e7l\u0131 Hasta Sim\u00fclat\u00f6r\u00fc (CPR + Hem\u015firelik E\u011fitim Modeli) - Merkim Maket\",\"isPartOf\":{\"@id\":\"https:\/\/merkim.com.tr\/merkim-maket\/#website\"},\"primaryImageOfPage\":{\"@id\":\"https:\/\/merkim.com.tr\/merkim-maket\/urun\/code-blue-s303-omni-entegre-cok-amacli-hasta-simulatoru-cpr-hemsirelik-egitim-modeli\/#primaryimage\"},\"image\":{\"@id\":\"https:\/\/merkim.com.tr\/merkim-maket\/urun\/code-blue-s303-omni-entegre-cok-amacli-hasta-simulatoru-cpr-hemsirelik-egitim-modeli\/#primaryimage\"},\"thumbnailUrl\":\"https:\/\/merkim.com.tr\/merkim-maket\/wp-content\/uploads\/2025\/07\/code-blue-s303-multipurpose-patient-simulator.png\",\"datePublished\":\"2025-07-05T13:40:21+00:00\",\"dateModified\":\"2025-07-10T12:05:29+00:00\",\"description\":\"Code Blue\u00ae S303 - Multipurpose Patient Simulator with OMNI\u2122 | CPR, ent\u00fcbasyon, trakeostomi ve enjeksiyon e\u011fitimleri i\u00e7in profesyonel sim\u00fclat\u00f6r. OMNI\u00ae Code Blue\u00ae paketi ve 7 meme inserti dahil!\",\"breadcrumb\":{\"@id\":\"https:\/\/merkim.com.tr\/merkim-maket\/urun\/code-blue-s303-omni-entegre-cok-amacli-hasta-simulatoru-cpr-hemsirelik-egitim-modeli\/#breadcrumb\"},\"inLanguage\":\"tr\",\"potentialAction\":[{\"@type\":\"ReadAction\",\"target\":[\"https:\/\/merkim.com.tr\/merkim-maket\/urun\/code-blue-s303-omni-entegre-cok-amacli-hasta-simulatoru-cpr-hemsirelik-egitim-modeli\/\"]}]},{\"@type\":\"ImageObject\",\"inLanguage\":\"tr\",\"@id\":\"https:\/\/merkim.com.tr\/merkim-maket\/urun\/code-blue-s303-omni-entegre-cok-amacli-hasta-simulatoru-cpr-hemsirelik-egitim-modeli\/#primaryimage\",\"url\":\"https:\/\/merkim.com.tr\/merkim-maket\/wp-content\/uploads\/2025\/07\/code-blue-s303-multipurpose-patient-simulator.png\",\"contentUrl\":\"https:\/\/merkim.com.tr\/merkim-maket\/wp-content\/uploads\/2025\/07\/code-blue-s303-multipurpose-patient-simulator.png\",\"width\":800,\"height\":531,\"caption\":\"CPR, Ent\u00fcbasyon ve Klinik Prosed\u00fcrler i\u00e7in Tek Platform\"},{\"@type\":\"BreadcrumbList\",\"@id\":\"https:\/\/merkim.com.tr\/merkim-maket\/urun\/code-blue-s303-omni-entegre-cok-amacli-hasta-simulatoru-cpr-hemsirelik-egitim-modeli\/#breadcrumb\",\"itemListElement\":[{\"@type\":\"ListItem\",\"position\":1,\"name\":\"Anasayfa\",\"item\":\"https:\/\/merkim.com.tr\/merkim-maket\/\"},{\"@type\":\"ListItem\",\"position\":2,\"name\":\"Ma\u011faza\",\"item\":\"https:\/\/merkim.com.tr\/merkim-maket\/magaza\/\"},{\"@type\":\"ListItem\",\"position\":3,\"name\":\"Code Blue\u00ae S303 &#8211; OMNI\u2122 Entegre \u00c7ok Ama\u00e7l\u0131 Hasta Sim\u00fclat\u00f6r\u00fc (CPR + Hem\u015firelik E\u011fitim Modeli)\"}]},{\"@type\":\"WebSite\",\"@id\":\"https:\/\/merkim.com.tr\/merkim-maket\/#website\",\"url\":\"https:\/\/merkim.com.tr\/merkim-maket\/\",\"name\":\"Merkim Maket\",\"description\":\"\",\"potentialAction\":[{\"@type\":\"SearchAction\",\"target\":{\"@type\":\"EntryPoint\",\"urlTemplate\":\"https:\/\/merkim.com.tr\/merkim-maket\/?s={search_term_string}\"},\"query-input\":{\"@type\":\"PropertyValueSpecification\",\"valueRequired\":true,\"valueName\":\"search_term_string\"}}],\"inLanguage\":\"tr\"}]}<\/script>\n<!-- \/ Yoast SEO plugin. -->","yoast_head_json":{"title":"Code Blue\u00ae S303 - OMNI\u2122 Entegre \u00c7ok Ama\u00e7l\u0131 Hasta Sim\u00fclat\u00f6r\u00fc (CPR + Hem\u015firelik E\u011fitim Modeli) - Merkim Maket","description":"Code Blue\u00ae S303 - Multipurpose Patient Simulator with OMNI\u2122 | CPR, ent\u00fcbasyon, trakeostomi ve enjeksiyon e\u011fitimleri i\u00e7in profesyonel sim\u00fclat\u00f6r. OMNI\u00ae Code Blue\u00ae paketi ve 7 meme inserti dahil!","robots":{"index":"index","follow":"follow","max-snippet":"max-snippet:-1","max-image-preview":"max-image-preview:large","max-video-preview":"max-video-preview:-1"},"canonical":"https:\/\/merkim.com.tr\/merkim-maket\/urun\/code-blue-s303-omni-entegre-cok-amacli-hasta-simulatoru-cpr-hemsirelik-egitim-modeli\/","og_locale":"tr_TR","og_type":"article","og_title":"Code Blue\u00ae S303 - OMNI\u2122 Entegre \u00c7ok Ama\u00e7l\u0131 Hasta Sim\u00fclat\u00f6r\u00fc (CPR + Hem\u015firelik E\u011fitim Modeli) - Merkim Maket","og_description":"Code Blue\u00ae S303 - Multipurpose Patient Simulator with OMNI\u2122 | CPR, ent\u00fcbasyon, trakeostomi ve enjeksiyon e\u011fitimleri i\u00e7in profesyonel sim\u00fclat\u00f6r. OMNI\u00ae Code Blue\u00ae paketi ve 7 meme inserti dahil!","og_url":"https:\/\/merkim.com.tr\/merkim-maket\/urun\/code-blue-s303-omni-entegre-cok-amacli-hasta-simulatoru-cpr-hemsirelik-egitim-modeli\/","og_site_name":"Merkim Maket","article_modified_time":"2025-07-10T12:05:29+00:00","og_image":[{"width":800,"height":531,"url":"https:\/\/merkim.com.tr\/merkim-maket\/wp-content\/uploads\/2025\/07\/code-blue-s303-multipurpose-patient-simulator.png","type":"image\/png"}],"twitter_card":"summary_large_image","twitter_misc":{"Tahmini okuma s\u00fcresi":"2 dakika"},"schema":{"@context":"https:\/\/schema.org","@graph":[{"@type":"WebPage","@id":"https:\/\/merkim.com.tr\/merkim-maket\/urun\/code-blue-s303-omni-entegre-cok-amacli-hasta-simulatoru-cpr-hemsirelik-egitim-modeli\/","url":"https:\/\/merkim.com.tr\/merkim-maket\/urun\/code-blue-s303-omni-entegre-cok-amacli-hasta-simulatoru-cpr-hemsirelik-egitim-modeli\/","name":"Code Blue\u00ae S303 - OMNI\u2122 Entegre \u00c7ok Ama\u00e7l\u0131 Hasta Sim\u00fclat\u00f6r\u00fc (CPR + Hem\u015firelik E\u011fitim Modeli) - Merkim Maket","isPartOf":{"@id":"https:\/\/merkim.com.tr\/merkim-maket\/#website"},"primaryImageOfPage":{"@id":"https:\/\/merkim.com.tr\/merkim-maket\/urun\/code-blue-s303-omni-entegre-cok-amacli-hasta-simulatoru-cpr-hemsirelik-egitim-modeli\/#primaryimage"},"image":{"@id":"https:\/\/merkim.com.tr\/merkim-maket\/urun\/code-blue-s303-omni-entegre-cok-amacli-hasta-simulatoru-cpr-hemsirelik-egitim-modeli\/#primaryimage"},"thumbnailUrl":"https:\/\/merkim.com.tr\/merkim-maket\/wp-content\/uploads\/2025\/07\/code-blue-s303-multipurpose-patient-simulator.png","datePublished":"2025-07-05T13:40:21+00:00","dateModified":"2025-07-10T12:05:29+00:00","description":"Code Blue\u00ae S303 - Multipurpose Patient Simulator with OMNI\u2122 | CPR, ent\u00fcbasyon, trakeostomi ve enjeksiyon e\u011fitimleri i\u00e7in profesyonel sim\u00fclat\u00f6r. OMNI\u00ae Code Blue\u00ae paketi ve 7 meme inserti dahil!","breadcrumb":{"@id":"https:\/\/merkim.com.tr\/merkim-maket\/urun\/code-blue-s303-omni-entegre-cok-amacli-hasta-simulatoru-cpr-hemsirelik-egitim-modeli\/#breadcrumb"},"inLanguage":"tr","potentialAction":[{"@type":"ReadAction","target":["https:\/\/merkim.com.tr\/merkim-maket\/urun\/code-blue-s303-omni-entegre-cok-amacli-hasta-simulatoru-cpr-hemsirelik-egitim-modeli\/"]}]},{"@type":"ImageObject","inLanguage":"tr","@id":"https:\/\/merkim.com.tr\/merkim-maket\/urun\/code-blue-s303-omni-entegre-cok-amacli-hasta-simulatoru-cpr-hemsirelik-egitim-modeli\/#primaryimage","url":"https:\/\/merkim.com.tr\/merkim-maket\/wp-content\/uploads\/2025\/07\/code-blue-s303-multipurpose-patient-simulator.png","contentUrl":"https:\/\/merkim.com.tr\/merkim-maket\/wp-content\/uploads\/2025\/07\/code-blue-s303-multipurpose-patient-simulator.png","width":800,"height":531,"caption":"CPR, Ent\u00fcbasyon ve Klinik Prosed\u00fcrler i\u00e7in Tek Platform"},{"@type":"BreadcrumbList","@id":"https:\/\/merkim.com.tr\/merkim-maket\/urun\/code-blue-s303-omni-entegre-cok-amacli-hasta-simulatoru-cpr-hemsirelik-egitim-modeli\/#breadcrumb","itemListElement":[{"@type":"ListItem","position":1,"name":"Anasayfa","item":"https:\/\/merkim.com.tr\/merkim-maket\/"},{"@type":"ListItem","position":2,"name":"Ma\u011faza","item":"https:\/\/merkim.com.tr\/merkim-maket\/magaza\/"},{"@type":"ListItem","position":3,"name":"Code Blue\u00ae S303 &#8211; OMNI\u2122 Entegre \u00c7ok Ama\u00e7l\u0131 Hasta Sim\u00fclat\u00f6r\u00fc (CPR + Hem\u015firelik E\u011fitim Modeli)"}]},{"@type":"WebSite","@id":"https:\/\/merkim.com.tr\/merkim-maket\/#website","url":"https:\/\/merkim.com.tr\/merkim-maket\/","name":"Merkim Maket","description":"","potentialAction":[{"@type":"SearchAction","target":{"@type":"EntryPoint","urlTemplate":"https:\/\/merkim.com.tr\/merkim-maket\/?s={search_term_string}"},"query-input":{"@type":"PropertyValueSpecification","valueRequired":true,"valueName":"search_term_string"}}],"inLanguage":"tr"}]}},"_links":{"self":[{"href":"https:\/\/merkim.com.tr\/merkim-maket\/wp-json\/wp\/v2\/product\/409","targetHints":{"allow":["GET"]}}],"collection":[{"href":"https:\/\/merkim.com.tr\/merkim-maket\/wp-json\/wp\/v2\/product"}],"about":[{"href":"https:\/\/merkim.com.tr\/merkim-maket\/wp-json\/wp\/v2\/types\/product"}],"replies":[{"embeddable":true,"href":"https:\/\/merkim.com.tr\/merkim-maket\/wp-json\/wp\/v2\/comments?post=409"}],"wp:featuredmedia":[{"embeddable":true,"href":"https:\/\/merkim.com.tr\/merkim-maket\/wp-json\/wp\/v2\/media\/410"}],"wp:attachment":[{"href":"https:\/\/merkim.com.tr\/merkim-maket\/wp-json\/wp\/v2\/media?parent=409"}],"wp:term":[{"taxonomy":"product_brand","embeddable":true,"href":"https:\/\/merkim.com.tr\/merkim-maket\/wp-json\/wp\/v2\/product_brand?post=409"},{"taxonomy":"product_cat","embeddable":true,"href":"https:\/\/merkim.com.tr\/merkim-maket\/wp-json\/wp\/v2\/product_cat?post=409"},{"taxonomy":"product_tag","embeddable":true,"href":"https:\/\/merkim.com.tr\/merkim-maket\/wp-json\/wp\/v2\/product_tag?post=409"}],"curies":[{"name":"wp","href":"https:\/\/api.w.org\/{rel}","templated":true}]}}